{"id":1079613,"date":"2026-01-20T04:39:45","date_gmt":"2026-01-20T03:39:45","guid":{"rendered":"https:\/\/hubsch-interior.com\/product\/product\/"},"modified":"2026-04-11T05:06:18","modified_gmt":"2026-04-11T03:06:18","slug":"pilule-pendel-dobbel-mat-hvid","status":"publish","type":"product","link":"https:\/\/hubsch-interior.com\/da\/vare\/pilule-pendel-dobbel-mat-hvid\/","title":{"rendered":"Pilule Pendel Dobbel Mat Hvid"},"content":{"rendered":"<p>Et lys med personlighed \u2014 og et nik til fortiden. Pilule Pendel i mat hvid kombinerer bl\u00f8d opalglas, elegante messingdetaljer og en sort stofledning i perfekt harmoni. Inspireret af 80&#8217;ernes flair, men skabt til i dag, er den lige dele skulpturel og legesyg. H\u00e6ng den alene for et subtilt statement, eller saml den med de andre fem varianter for et belysnings\u00f8jeblik, der f\u00f8les kurateret, ikke kalkuleret. En lille lysende rebel med en poleret kant \u2014 klar til at oplyse dit rum med charme.<\/p>\n","protected":false},"excerpt":{"rendered":"<p>Et lys med personlighed \u2014 og et nik til fortiden. Pilule Pendel i mat hvid kombinerer bl\u00f8d opalglas, elegante messingdetaljer og en sort stofledning i perfekt harmoni. Inspireret af 80&#8217;ernes flair, men skabt til i dag, er den lige dele skulpturel og legesyg. H\u00e6ng den alene for et subtilt statement, eller saml den med de [&hellip;]<\/p>\n","protected":false},"featured_media":1108326,"template":"","meta":{"_acf_changed":false,"inline_featured_image":false},"product_brand":[],"product_cat":[7153,3808,4146,5025,5045],"product_tag":[],"class_list":{"0":"post-1079613","1":"product","2":"type-product","3":"status-publish","4":"has-post-thumbnail","6":"product_cat-dweller-da","7":"product_cat-belysning","8":"product_cat-loftslamper-da","9":"product_cat-bestsellers-da","10":"product_cat-nyheder-da","11":"product_shipping_class-pk","13":"pa_color-mat-hvid","14":"pa_material-glas-da","15":"pa_material-jern-da","17":"first","18":"instock","19":"featured","20":"taxable","21":"shipping-taxable","22":"purchasable","23":"product-type-simple"},"exclude_global_add_ons":[],"addons":[],"acf":[],"yoast_head":"<!-- This site is optimized with the Yoast SEO plugin v26.4 - https:\/\/yoast.com\/wordpress\/plugins\/seo\/ -->\n<title>Pilule Pendel Dobbel Mat Hvid - H\u00fcbsch<\/title>\n<meta name=\"description\" content=\"Et lys med personlighed \u2014 og et nik til fortiden. Pilule Pendel i mat hvid kombinerer bl\u00f8d opalglas, elegante messingdetaljer og en sort stofledning i\" \/>\n<meta name=\"robots\" content=\"index, follow, max-snippet:-1, max-image-preview:large, max-video-preview:-1\" \/>\n<link rel=\"canonical\" href=\"https:\/\/hubsch-interior.com\/da\/wp-json\/wp\/v2\/product\/1079613\" \/>\n<meta property=\"og:locale\" content=\"da_DK\" \/>\n<meta property=\"og:type\" content=\"article\" \/>\n<meta property=\"og:title\" content=\"Pilule Pendel Dobbel Mat Hvid - H\u00fcbsch\" \/>\n<meta property=\"og:description\" content=\"Et lys med personlighed \u2014 og et nik til fortiden. Pilule Pendel i mat hvid kombinerer bl\u00f8d opalglas, elegante messingdetaljer og en sort stofledning i\" \/>\n<meta property=\"og:url\" content=\"https:\/\/hubsch-interior.com\/da\/vare\/pilule-pendel-dobbel-mat-hvid\/\" \/>\n<meta property=\"og:site_name\" content=\"H\u00fcbsch\" \/>\n<meta property=\"article:modified_time\" content=\"2026-04-11T03:06:18+00:00\" \/>\n<meta property=\"og:image\" content=\"https:\/\/hubsch-interior.com\/wp-content\/uploads\/2026\/02\/pilule-pendant-double-matt-white-ae49bb41f5efcb142843bf0a5302bcba.jpg\" \/>\n\t<meta property=\"og:image:width\" content=\"1024\" \/>\n\t<meta property=\"og:image:height\" content=\"1024\" \/>\n\t<meta property=\"og:image:type\" content=\"image\/jpeg\" \/>\n<meta name=\"twitter:card\" content=\"summary_large_image\" \/>\n<script type=\"application\/ld+json\" class=\"yoast-schema-graph\">{\"@context\":\"https:\/\/schema.org\",\"@graph\":[{\"@type\":\"WebPage\",\"@id\":\"https:\/\/hubsch-interior.com\/da\/vare\/pilule-pendel-dobbel-mat-hvid\/\",\"url\":\"https:\/\/hubsch-interior.com\/da\/vare\/pilule-pendel-dobbel-mat-hvid\/\",\"name\":\"Pilule Pendel Dobbel Mat Hvid - H\u00fcbsch\",\"isPartOf\":{\"@id\":\"https:\/\/hubsch-interior.com\/da\/#website\"},\"primaryImageOfPage\":{\"@id\":\"https:\/\/hubsch-interior.com\/da\/vare\/pilule-pendel-dobbel-mat-hvid\/#primaryimage\"},\"image\":{\"@id\":\"https:\/\/hubsch-interior.com\/da\/vare\/pilule-pendel-dobbel-mat-hvid\/#primaryimage\"},\"thumbnailUrl\":\"https:\/\/hubsch-interior.com\/wp-content\/uploads\/2026\/02\/pilule-pendant-double-matt-white-ae49bb41f5efcb142843bf0a5302bcba.jpg\",\"datePublished\":\"2026-01-20T03:39:45+00:00\",\"dateModified\":\"2026-04-11T03:06:18+00:00\",\"description\":\"Et lys med personlighed \u2014 og et nik til fortiden. Pilule Pendel i mat hvid kombinerer bl\u00f8d opalglas, elegante messingdetaljer og en sort stofledning i\",\"breadcrumb\":{\"@id\":\"https:\/\/hubsch-interior.com\/da\/vare\/pilule-pendel-dobbel-mat-hvid\/#breadcrumb\"},\"inLanguage\":\"da-DK\",\"potentialAction\":[{\"@type\":\"ReadAction\",\"target\":[\"https:\/\/hubsch-interior.com\/da\/vare\/pilule-pendel-dobbel-mat-hvid\/\"]}]},{\"@type\":\"ImageObject\",\"inLanguage\":\"da-DK\",\"@id\":\"https:\/\/hubsch-interior.com\/da\/vare\/pilule-pendel-dobbel-mat-hvid\/#primaryimage\",\"url\":\"https:\/\/hubsch-interior.com\/wp-content\/uploads\/2026\/02\/pilule-pendant-double-matt-white-ae49bb41f5efcb142843bf0a5302bcba.jpg\",\"contentUrl\":\"https:\/\/hubsch-interior.com\/wp-content\/uploads\/2026\/02\/pilule-pendant-double-matt-white-ae49bb41f5efcb142843bf0a5302bcba.jpg\",\"width\":1024,\"height\":1024},{\"@type\":\"BreadcrumbList\",\"@id\":\"https:\/\/hubsch-interior.com\/da\/vare\/pilule-pendel-dobbel-mat-hvid\/#breadcrumb\",\"itemListElement\":[{\"@type\":\"ListItem\",\"position\":1,\"name\":\"Forside\",\"item\":\"https:\/\/hubsch-interior.com\/da\/\"},{\"@type\":\"ListItem\",\"position\":2,\"name\":\"Produkter\",\"item\":\"https:\/\/hubsch-interior.com\/da\/produkter\/\"},{\"@type\":\"ListItem\",\"position\":3,\"name\":\"Belysning\",\"item\":\"https:\/\/hubsch-interior.com\/da\/vare-kategori\/belysning\/\"},{\"@type\":\"ListItem\",\"position\":4,\"name\":\"Loftslamper\",\"item\":\"https:\/\/hubsch-interior.com\/da\/vare-kategori\/belysning\/loftslamper-da\/\"},{\"@type\":\"ListItem\",\"position\":5,\"name\":\"Pilule Pendel Dobbel Mat Hvid\"}]},{\"@type\":\"WebSite\",\"@id\":\"https:\/\/hubsch-interior.com\/da\/#website\",\"url\":\"https:\/\/hubsch-interior.com\/da\/\",\"name\":\"H\u00fcbsch\",\"description\":\"Danish Home Interior and Design\",\"publisher\":{\"@id\":\"https:\/\/hubsch-interior.com\/da\/#organization\"},\"potentialAction\":[{\"@type\":\"SearchAction\",\"target\":{\"@type\":\"EntryPoint\",\"urlTemplate\":\"https:\/\/hubsch-interior.com\/da\/?s={search_term_string}\"},\"query-input\":{\"@type\":\"PropertyValueSpecification\",\"valueRequired\":true,\"valueName\":\"search_term_string\"}}],\"inLanguage\":\"da-DK\"},{\"@type\":\"Organization\",\"@id\":\"https:\/\/hubsch-interior.com\/da\/#organization\",\"name\":\"H\u00fcbsch\",\"url\":\"https:\/\/hubsch-interior.com\/da\/\",\"logo\":{\"@type\":\"ImageObject\",\"inLanguage\":\"da-DK\",\"@id\":\"https:\/\/hubsch-interior.com\/da\/#\/schema\/logo\/image\/\",\"url\":\"https:\/\/hubsch-interior.com\/wp-content\/uploads\/2022\/12\/Hubsch_logo_black_one_line.svg\",\"contentUrl\":\"https:\/\/hubsch-interior.com\/wp-content\/uploads\/2022\/12\/Hubsch_logo_black_one_line.svg\",\"caption\":\"H\u00fcbsch\"},\"image\":{\"@id\":\"https:\/\/hubsch-interior.com\/da\/#\/schema\/logo\/image\/\"}}]}<\/script>\n<!-- \/ Yoast SEO plugin. -->","yoast_head_json":{"title":"Pilule Pendel Dobbel Mat Hvid - H\u00fcbsch","description":"Et lys med personlighed \u2014 og et nik til fortiden. Pilule Pendel i mat hvid kombinerer bl\u00f8d opalglas, elegante messingdetaljer og en sort stofledning i","robots":{"index":"index","follow":"follow","max-snippet":"max-snippet:-1","max-image-preview":"max-image-preview:large","max-video-preview":"max-video-preview:-1"},"canonical":"https:\/\/hubsch-interior.com\/da\/wp-json\/wp\/v2\/product\/1079613","og_locale":"da_DK","og_type":"article","og_title":"Pilule Pendel Dobbel Mat Hvid - H\u00fcbsch","og_description":"Et lys med personlighed \u2014 og et nik til fortiden. Pilule Pendel i mat hvid kombinerer bl\u00f8d opalglas, elegante messingdetaljer og en sort stofledning i","og_url":"https:\/\/hubsch-interior.com\/da\/vare\/pilule-pendel-dobbel-mat-hvid\/","og_site_name":"H\u00fcbsch","article_modified_time":"2026-04-11T03:06:18+00:00","og_image":[{"width":1024,"height":1024,"url":"https:\/\/hubsch-interior.com\/wp-content\/uploads\/2026\/02\/pilule-pendant-double-matt-white-ae49bb41f5efcb142843bf0a5302bcba.jpg","type":"image\/jpeg"}],"twitter_card":"summary_large_image","schema":{"@context":"https:\/\/schema.org","@graph":[{"@type":"WebPage","@id":"https:\/\/hubsch-interior.com\/da\/vare\/pilule-pendel-dobbel-mat-hvid\/","url":"https:\/\/hubsch-interior.com\/da\/vare\/pilule-pendel-dobbel-mat-hvid\/","name":"Pilule Pendel Dobbel Mat Hvid - H\u00fcbsch","isPartOf":{"@id":"https:\/\/hubsch-interior.com\/da\/#website"},"primaryImageOfPage":{"@id":"https:\/\/hubsch-interior.com\/da\/vare\/pilule-pendel-dobbel-mat-hvid\/#primaryimage"},"image":{"@id":"https:\/\/hubsch-interior.com\/da\/vare\/pilule-pendel-dobbel-mat-hvid\/#primaryimage"},"thumbnailUrl":"https:\/\/hubsch-interior.com\/wp-content\/uploads\/2026\/02\/pilule-pendant-double-matt-white-ae49bb41f5efcb142843bf0a5302bcba.jpg","datePublished":"2026-01-20T03:39:45+00:00","dateModified":"2026-04-11T03:06:18+00:00","description":"Et lys med personlighed \u2014 og et nik til fortiden. Pilule Pendel i mat hvid kombinerer bl\u00f8d opalglas, elegante messingdetaljer og en sort stofledning i","breadcrumb":{"@id":"https:\/\/hubsch-interior.com\/da\/vare\/pilule-pendel-dobbel-mat-hvid\/#breadcrumb"},"inLanguage":"da-DK","potentialAction":[{"@type":"ReadAction","target":["https:\/\/hubsch-interior.com\/da\/vare\/pilule-pendel-dobbel-mat-hvid\/"]}]},{"@type":"ImageObject","inLanguage":"da-DK","@id":"https:\/\/hubsch-interior.com\/da\/vare\/pilule-pendel-dobbel-mat-hvid\/#primaryimage","url":"https:\/\/hubsch-interior.com\/wp-content\/uploads\/2026\/02\/pilule-pendant-double-matt-white-ae49bb41f5efcb142843bf0a5302bcba.jpg","contentUrl":"https:\/\/hubsch-interior.com\/wp-content\/uploads\/2026\/02\/pilule-pendant-double-matt-white-ae49bb41f5efcb142843bf0a5302bcba.jpg","width":1024,"height":1024},{"@type":"BreadcrumbList","@id":"https:\/\/hubsch-interior.com\/da\/vare\/pilule-pendel-dobbel-mat-hvid\/#breadcrumb","itemListElement":[{"@type":"ListItem","position":1,"name":"Forside","item":"https:\/\/hubsch-interior.com\/da\/"},{"@type":"ListItem","position":2,"name":"Produkter","item":"https:\/\/hubsch-interior.com\/da\/produkter\/"},{"@type":"ListItem","position":3,"name":"Belysning","item":"https:\/\/hubsch-interior.com\/da\/vare-kategori\/belysning\/"},{"@type":"ListItem","position":4,"name":"Loftslamper","item":"https:\/\/hubsch-interior.com\/da\/vare-kategori\/belysning\/loftslamper-da\/"},{"@type":"ListItem","position":5,"name":"Pilule Pendel Dobbel Mat Hvid"}]},{"@type":"WebSite","@id":"https:\/\/hubsch-interior.com\/da\/#website","url":"https:\/\/hubsch-interior.com\/da\/","name":"H\u00fcbsch","description":"Danish Home Interior and Design","publisher":{"@id":"https:\/\/hubsch-interior.com\/da\/#organization"},"potentialAction":[{"@type":"SearchAction","target":{"@type":"EntryPoint","urlTemplate":"https:\/\/hubsch-interior.com\/da\/?s={search_term_string}"},"query-input":{"@type":"PropertyValueSpecification","valueRequired":true,"valueName":"search_term_string"}}],"inLanguage":"da-DK"},{"@type":"Organization","@id":"https:\/\/hubsch-interior.com\/da\/#organization","name":"H\u00fcbsch","url":"https:\/\/hubsch-interior.com\/da\/","logo":{"@type":"ImageObject","inLanguage":"da-DK","@id":"https:\/\/hubsch-interior.com\/da\/#\/schema\/logo\/image\/","url":"https:\/\/hubsch-interior.com\/wp-content\/uploads\/2022\/12\/Hubsch_logo_black_one_line.svg","contentUrl":"https:\/\/hubsch-interior.com\/wp-content\/uploads\/2022\/12\/Hubsch_logo_black_one_line.svg","caption":"H\u00fcbsch"},"image":{"@id":"https:\/\/hubsch-interior.com\/da\/#\/schema\/logo\/image\/"}}]}},"_links":{"self":[{"href":"https:\/\/hubsch-interior.com\/da\/wp-json\/wp\/v2\/product\/1079613","targetHints":{"allow":["GET"]}}],"collection":[{"href":"https:\/\/hubsch-interior.com\/da\/wp-json\/wp\/v2\/product"}],"about":[{"href":"https:\/\/hubsch-interior.com\/da\/wp-json\/wp\/v2\/types\/product"}],"wp:featuredmedia":[{"embeddable":true,"href":"https:\/\/hubsch-interior.com\/da\/wp-json\/wp\/v2\/media\/1108326"}],"wp:attachment":[{"href":"https:\/\/hubsch-interior.com\/da\/wp-json\/wp\/v2\/media?parent=1079613"}],"wp:term":[{"taxonomy":"product_brand","embeddable":true,"href":"https:\/\/hubsch-interior.com\/da\/wp-json\/wp\/v2\/product_brand?post=1079613"},{"taxonomy":"product_cat","embeddable":true,"href":"https:\/\/hubsch-interior.com\/da\/wp-json\/wp\/v2\/product_cat?post=1079613"},{"taxonomy":"product_tag","embeddable":true,"href":"https:\/\/hubsch-interior.com\/da\/wp-json\/wp\/v2\/product_tag?post=1079613"}],"curies":[{"name":"wp","href":"https:\/\/api.w.org\/{rel}","templated":true}]}}