{"id":1079633,"date":"2026-01-20T04:39:58","date_gmt":"2026-01-20T03:39:58","guid":{"rendered":"https:\/\/hubsch-interior.com\/product\/product\/"},"modified":"2026-04-11T05:06:21","modified_gmt":"2026-04-11T03:06:21","slug":"pilule-pendel-down-mat-hvid","status":"publish","type":"product","link":"https:\/\/hubsch-interior.com\/da\/vare\/pilule-pendel-down-mat-hvid\/","title":{"rendered":"Pilule Pendel Down Mat Hvid"},"content":{"rendered":"<p>Et bl\u00f8dt sk\u00e6r med en dristig holdning. Pilule Pendel i mat hvid er inspireret af ikonisk 80&#8217;er design og transformerer det til noget nyt \u2014 frosted opalglas, raffinerede messingdetaljer og en skarp sort stofledning, der tilf\u00f8jer lige den rette kant. Uanset om du lader den h\u00e6nge alene eller grupperer den med andre varianter, tilf\u00f8rer den legende struktur og skulpturel charme til dit rum. T\u00e6nk retro elegance, genopfundet \u2014 og klar til at skinne i din stilfort\u00e6lling.<\/p>\n","protected":false},"excerpt":{"rendered":"<p>Et bl\u00f8dt sk\u00e6r med en dristig holdning. Pilule Pendel i mat hvid er inspireret af ikonisk 80&#8217;er design og transformerer det til noget nyt \u2014 frosted opalglas, raffinerede messingdetaljer og en skarp sort stofledning, der tilf\u00f8jer lige den rette kant. Uanset om du lader den h\u00e6nge alene eller grupperer den med andre varianter, tilf\u00f8rer den [&hellip;]<\/p>\n","protected":false},"featured_media":1108334,"template":"","meta":{"_acf_changed":false,"inline_featured_image":false},"product_brand":[],"product_cat":[7153,3808,4146,5025,5045],"product_tag":[],"class_list":{"0":"post-1079633","1":"product","2":"type-product","3":"status-publish","4":"has-post-thumbnail","6":"product_cat-dweller-da","7":"product_cat-belysning","8":"product_cat-loftslamper-da","9":"product_cat-bestsellers-da","10":"product_cat-nyheder-da","11":"product_shipping_class-pk","13":"pa_color-mat-hvid","14":"pa_material-glas-da","15":"pa_material-jern-da","17":"first","18":"instock","19":"featured","20":"taxable","21":"shipping-taxable","22":"purchasable","23":"product-type-simple"},"exclude_global_add_ons":[],"addons":[],"acf":[],"yoast_head":"<!-- This site is optimized with the Yoast SEO plugin v26.4 - https:\/\/yoast.com\/wordpress\/plugins\/seo\/ -->\n<title>Pilule Pendel Down Mat Hvid - H\u00fcbsch<\/title>\n<meta name=\"description\" content=\"Et bl\u00f8dt sk\u00e6r med en dristig holdning. Pilule Pendel i mat hvid er inspireret af ikonisk 80&#039;er design og transformerer det til noget nyt \u2014 frosted\" \/>\n<meta name=\"robots\" content=\"index, follow, max-snippet:-1, max-image-preview:large, max-video-preview:-1\" \/>\n<link rel=\"canonical\" href=\"https:\/\/hubsch-interior.com\/da\/wp-json\/wp\/v2\/product\/1079633\" \/>\n<meta property=\"og:locale\" content=\"da_DK\" \/>\n<meta property=\"og:type\" content=\"article\" \/>\n<meta property=\"og:title\" content=\"Pilule Pendel Down Mat Hvid - H\u00fcbsch\" \/>\n<meta property=\"og:description\" content=\"Et bl\u00f8dt sk\u00e6r med en dristig holdning. Pilule Pendel i mat hvid er inspireret af ikonisk 80&#039;er design og transformerer det til noget nyt \u2014 frosted\" \/>\n<meta property=\"og:url\" content=\"https:\/\/hubsch-interior.com\/da\/vare\/pilule-pendel-down-mat-hvid\/\" \/>\n<meta property=\"og:site_name\" content=\"H\u00fcbsch\" \/>\n<meta property=\"article:modified_time\" content=\"2026-04-11T03:06:21+00:00\" \/>\n<meta property=\"og:image\" content=\"https:\/\/hubsch-interior.com\/wp-content\/uploads\/2026\/02\/pilule-pendant-down-matt-white-4a384f0f0e06328e94ec8bc2be274c64.jpg\" \/>\n\t<meta property=\"og:image:width\" content=\"1024\" \/>\n\t<meta property=\"og:image:height\" content=\"1024\" \/>\n\t<meta property=\"og:image:type\" content=\"image\/jpeg\" \/>\n<meta name=\"twitter:card\" content=\"summary_large_image\" \/>\n<script type=\"application\/ld+json\" class=\"yoast-schema-graph\">{\"@context\":\"https:\/\/schema.org\",\"@graph\":[{\"@type\":\"WebPage\",\"@id\":\"https:\/\/hubsch-interior.com\/da\/vare\/pilule-pendel-down-mat-hvid\/\",\"url\":\"https:\/\/hubsch-interior.com\/da\/vare\/pilule-pendel-down-mat-hvid\/\",\"name\":\"Pilule Pendel Down Mat Hvid - H\u00fcbsch\",\"isPartOf\":{\"@id\":\"https:\/\/hubsch-interior.com\/da\/#website\"},\"primaryImageOfPage\":{\"@id\":\"https:\/\/hubsch-interior.com\/da\/vare\/pilule-pendel-down-mat-hvid\/#primaryimage\"},\"image\":{\"@id\":\"https:\/\/hubsch-interior.com\/da\/vare\/pilule-pendel-down-mat-hvid\/#primaryimage\"},\"thumbnailUrl\":\"https:\/\/hubsch-interior.com\/wp-content\/uploads\/2026\/02\/pilule-pendant-down-matt-white-4a384f0f0e06328e94ec8bc2be274c64.jpg\",\"datePublished\":\"2026-01-20T03:39:58+00:00\",\"dateModified\":\"2026-04-11T03:06:21+00:00\",\"description\":\"Et bl\u00f8dt sk\u00e6r med en dristig holdning. Pilule Pendel i mat hvid er inspireret af ikonisk 80'er design og transformerer det til noget nyt \u2014 frosted\",\"breadcrumb\":{\"@id\":\"https:\/\/hubsch-interior.com\/da\/vare\/pilule-pendel-down-mat-hvid\/#breadcrumb\"},\"inLanguage\":\"da-DK\",\"potentialAction\":[{\"@type\":\"ReadAction\",\"target\":[\"https:\/\/hubsch-interior.com\/da\/vare\/pilule-pendel-down-mat-hvid\/\"]}]},{\"@type\":\"ImageObject\",\"inLanguage\":\"da-DK\",\"@id\":\"https:\/\/hubsch-interior.com\/da\/vare\/pilule-pendel-down-mat-hvid\/#primaryimage\",\"url\":\"https:\/\/hubsch-interior.com\/wp-content\/uploads\/2026\/02\/pilule-pendant-down-matt-white-4a384f0f0e06328e94ec8bc2be274c64.jpg\",\"contentUrl\":\"https:\/\/hubsch-interior.com\/wp-content\/uploads\/2026\/02\/pilule-pendant-down-matt-white-4a384f0f0e06328e94ec8bc2be274c64.jpg\",\"width\":1024,\"height\":1024},{\"@type\":\"BreadcrumbList\",\"@id\":\"https:\/\/hubsch-interior.com\/da\/vare\/pilule-pendel-down-mat-hvid\/#breadcrumb\",\"itemListElement\":[{\"@type\":\"ListItem\",\"position\":1,\"name\":\"Forside\",\"item\":\"https:\/\/hubsch-interior.com\/da\/\"},{\"@type\":\"ListItem\",\"position\":2,\"name\":\"Produkter\",\"item\":\"https:\/\/hubsch-interior.com\/da\/produkter\/\"},{\"@type\":\"ListItem\",\"position\":3,\"name\":\"Belysning\",\"item\":\"https:\/\/hubsch-interior.com\/da\/vare-kategori\/belysning\/\"},{\"@type\":\"ListItem\",\"position\":4,\"name\":\"Loftslamper\",\"item\":\"https:\/\/hubsch-interior.com\/da\/vare-kategori\/belysning\/loftslamper-da\/\"},{\"@type\":\"ListItem\",\"position\":5,\"name\":\"Pilule Pendel Down Mat Hvid\"}]},{\"@type\":\"WebSite\",\"@id\":\"https:\/\/hubsch-interior.com\/da\/#website\",\"url\":\"https:\/\/hubsch-interior.com\/da\/\",\"name\":\"H\u00fcbsch\",\"description\":\"Danish Home Interior and Design\",\"publisher\":{\"@id\":\"https:\/\/hubsch-interior.com\/da\/#organization\"},\"potentialAction\":[{\"@type\":\"SearchAction\",\"target\":{\"@type\":\"EntryPoint\",\"urlTemplate\":\"https:\/\/hubsch-interior.com\/da\/?s={search_term_string}\"},\"query-input\":{\"@type\":\"PropertyValueSpecification\",\"valueRequired\":true,\"valueName\":\"search_term_string\"}}],\"inLanguage\":\"da-DK\"},{\"@type\":\"Organization\",\"@id\":\"https:\/\/hubsch-interior.com\/da\/#organization\",\"name\":\"H\u00fcbsch\",\"url\":\"https:\/\/hubsch-interior.com\/da\/\",\"logo\":{\"@type\":\"ImageObject\",\"inLanguage\":\"da-DK\",\"@id\":\"https:\/\/hubsch-interior.com\/da\/#\/schema\/logo\/image\/\",\"url\":\"https:\/\/hubsch-interior.com\/wp-content\/uploads\/2022\/12\/Hubsch_logo_black_one_line.svg\",\"contentUrl\":\"https:\/\/hubsch-interior.com\/wp-content\/uploads\/2022\/12\/Hubsch_logo_black_one_line.svg\",\"caption\":\"H\u00fcbsch\"},\"image\":{\"@id\":\"https:\/\/hubsch-interior.com\/da\/#\/schema\/logo\/image\/\"}}]}<\/script>\n<!-- \/ Yoast SEO plugin. -->","yoast_head_json":{"title":"Pilule Pendel Down Mat Hvid - H\u00fcbsch","description":"Et bl\u00f8dt sk\u00e6r med en dristig holdning. Pilule Pendel i mat hvid er inspireret af ikonisk 80'er design og transformerer det til noget nyt \u2014 frosted","robots":{"index":"index","follow":"follow","max-snippet":"max-snippet:-1","max-image-preview":"max-image-preview:large","max-video-preview":"max-video-preview:-1"},"canonical":"https:\/\/hubsch-interior.com\/da\/wp-json\/wp\/v2\/product\/1079633","og_locale":"da_DK","og_type":"article","og_title":"Pilule Pendel Down Mat Hvid - H\u00fcbsch","og_description":"Et bl\u00f8dt sk\u00e6r med en dristig holdning. Pilule Pendel i mat hvid er inspireret af ikonisk 80'er design og transformerer det til noget nyt \u2014 frosted","og_url":"https:\/\/hubsch-interior.com\/da\/vare\/pilule-pendel-down-mat-hvid\/","og_site_name":"H\u00fcbsch","article_modified_time":"2026-04-11T03:06:21+00:00","og_image":[{"width":1024,"height":1024,"url":"https:\/\/hubsch-interior.com\/wp-content\/uploads\/2026\/02\/pilule-pendant-down-matt-white-4a384f0f0e06328e94ec8bc2be274c64.jpg","type":"image\/jpeg"}],"twitter_card":"summary_large_image","schema":{"@context":"https:\/\/schema.org","@graph":[{"@type":"WebPage","@id":"https:\/\/hubsch-interior.com\/da\/vare\/pilule-pendel-down-mat-hvid\/","url":"https:\/\/hubsch-interior.com\/da\/vare\/pilule-pendel-down-mat-hvid\/","name":"Pilule Pendel Down Mat Hvid - H\u00fcbsch","isPartOf":{"@id":"https:\/\/hubsch-interior.com\/da\/#website"},"primaryImageOfPage":{"@id":"https:\/\/hubsch-interior.com\/da\/vare\/pilule-pendel-down-mat-hvid\/#primaryimage"},"image":{"@id":"https:\/\/hubsch-interior.com\/da\/vare\/pilule-pendel-down-mat-hvid\/#primaryimage"},"thumbnailUrl":"https:\/\/hubsch-interior.com\/wp-content\/uploads\/2026\/02\/pilule-pendant-down-matt-white-4a384f0f0e06328e94ec8bc2be274c64.jpg","datePublished":"2026-01-20T03:39:58+00:00","dateModified":"2026-04-11T03:06:21+00:00","description":"Et bl\u00f8dt sk\u00e6r med en dristig holdning. Pilule Pendel i mat hvid er inspireret af ikonisk 80'er design og transformerer det til noget nyt \u2014 frosted","breadcrumb":{"@id":"https:\/\/hubsch-interior.com\/da\/vare\/pilule-pendel-down-mat-hvid\/#breadcrumb"},"inLanguage":"da-DK","potentialAction":[{"@type":"ReadAction","target":["https:\/\/hubsch-interior.com\/da\/vare\/pilule-pendel-down-mat-hvid\/"]}]},{"@type":"ImageObject","inLanguage":"da-DK","@id":"https:\/\/hubsch-interior.com\/da\/vare\/pilule-pendel-down-mat-hvid\/#primaryimage","url":"https:\/\/hubsch-interior.com\/wp-content\/uploads\/2026\/02\/pilule-pendant-down-matt-white-4a384f0f0e06328e94ec8bc2be274c64.jpg","contentUrl":"https:\/\/hubsch-interior.com\/wp-content\/uploads\/2026\/02\/pilule-pendant-down-matt-white-4a384f0f0e06328e94ec8bc2be274c64.jpg","width":1024,"height":1024},{"@type":"BreadcrumbList","@id":"https:\/\/hubsch-interior.com\/da\/vare\/pilule-pendel-down-mat-hvid\/#breadcrumb","itemListElement":[{"@type":"ListItem","position":1,"name":"Forside","item":"https:\/\/hubsch-interior.com\/da\/"},{"@type":"ListItem","position":2,"name":"Produkter","item":"https:\/\/hubsch-interior.com\/da\/produkter\/"},{"@type":"ListItem","position":3,"name":"Belysning","item":"https:\/\/hubsch-interior.com\/da\/vare-kategori\/belysning\/"},{"@type":"ListItem","position":4,"name":"Loftslamper","item":"https:\/\/hubsch-interior.com\/da\/vare-kategori\/belysning\/loftslamper-da\/"},{"@type":"ListItem","position":5,"name":"Pilule Pendel Down Mat Hvid"}]},{"@type":"WebSite","@id":"https:\/\/hubsch-interior.com\/da\/#website","url":"https:\/\/hubsch-interior.com\/da\/","name":"H\u00fcbsch","description":"Danish Home Interior and Design","publisher":{"@id":"https:\/\/hubsch-interior.com\/da\/#organization"},"potentialAction":[{"@type":"SearchAction","target":{"@type":"EntryPoint","urlTemplate":"https:\/\/hubsch-interior.com\/da\/?s={search_term_string}"},"query-input":{"@type":"PropertyValueSpecification","valueRequired":true,"valueName":"search_term_string"}}],"inLanguage":"da-DK"},{"@type":"Organization","@id":"https:\/\/hubsch-interior.com\/da\/#organization","name":"H\u00fcbsch","url":"https:\/\/hubsch-interior.com\/da\/","logo":{"@type":"ImageObject","inLanguage":"da-DK","@id":"https:\/\/hubsch-interior.com\/da\/#\/schema\/logo\/image\/","url":"https:\/\/hubsch-interior.com\/wp-content\/uploads\/2022\/12\/Hubsch_logo_black_one_line.svg","contentUrl":"https:\/\/hubsch-interior.com\/wp-content\/uploads\/2022\/12\/Hubsch_logo_black_one_line.svg","caption":"H\u00fcbsch"},"image":{"@id":"https:\/\/hubsch-interior.com\/da\/#\/schema\/logo\/image\/"}}]}},"_links":{"self":[{"href":"https:\/\/hubsch-interior.com\/da\/wp-json\/wp\/v2\/product\/1079633","targetHints":{"allow":["GET"]}}],"collection":[{"href":"https:\/\/hubsch-interior.com\/da\/wp-json\/wp\/v2\/product"}],"about":[{"href":"https:\/\/hubsch-interior.com\/da\/wp-json\/wp\/v2\/types\/product"}],"wp:featuredmedia":[{"embeddable":true,"href":"https:\/\/hubsch-interior.com\/da\/wp-json\/wp\/v2\/media\/1108334"}],"wp:attachment":[{"href":"https:\/\/hubsch-interior.com\/da\/wp-json\/wp\/v2\/media?parent=1079633"}],"wp:term":[{"taxonomy":"product_brand","embeddable":true,"href":"https:\/\/hubsch-interior.com\/da\/wp-json\/wp\/v2\/product_brand?post=1079633"},{"taxonomy":"product_cat","embeddable":true,"href":"https:\/\/hubsch-interior.com\/da\/wp-json\/wp\/v2\/product_cat?post=1079633"},{"taxonomy":"product_tag","embeddable":true,"href":"https:\/\/hubsch-interior.com\/da\/wp-json\/wp\/v2\/product_tag?post=1079633"}],"curies":[{"name":"wp","href":"https:\/\/api.w.org\/{rel}","templated":true}]}}