{"id":1080257,"date":"2026-01-22T12:02:52","date_gmt":"2026-01-22T11:02:52","guid":{"rendered":"https:\/\/hubsch-interior.com\/product\/product\/"},"modified":"2026-04-06T04:53:57","modified_gmt":"2026-04-06T02:53:57","slug":"arkive-skrivebordsordner-natur","status":"publish","type":"product","link":"https:\/\/hubsch-interior.com\/da\/vare\/arkive-skrivebordsordner-natur\/","title":{"rendered":"Arkiv\u00e9 Skrivebordsordner Natur"},"content":{"rendered":"<p>Hvor orden m\u00f8der eg. Arkiv\u00e9 Skrivebordsordneren forvandler hverdagens rod til ro, og tilbyder en smukt enkel m\u00e5de at holde styr p\u00e5 papirer, notesb\u00f8ger eller magasiner. Fremstillet af FSC-certificeret eg, tilf\u00f8rer den varme, struktur og en naturlig elegance til dit arbejdsomr\u00e5de. Designet for dem, der v\u00e6rds\u00e6tter klarhed og h\u00e5ndv\u00e6rk, omdanner den opbevaring til noget, du vil \u00f8nske at fremvise. Et lille, men kraftfuldt stykke, der skaber plads til det, der betyder mest.<\/p>\n","protected":false},"excerpt":{"rendered":"<p>Hvor orden m\u00f8der eg. Arkiv\u00e9 Skrivebordsordneren forvandler hverdagens rod til ro, og tilbyder en smukt enkel m\u00e5de at holde styr p\u00e5 papirer, notesb\u00f8ger eller magasiner. Fremstillet af FSC-certificeret eg, tilf\u00f8rer den varme, struktur og en naturlig elegance til dit arbejdsomr\u00e5de. Designet for dem, der v\u00e6rds\u00e6tter klarhed og h\u00e5ndv\u00e6rk, omdanner den opbevaring til noget, du vil [&hellip;]<\/p>\n","protected":false},"featured_media":1104999,"template":"","meta":{"_acf_changed":false,"inline_featured_image":false},"product_brand":[],"product_cat":[7153,6321,4151,4959,5025,5045],"product_tag":[],"class_list":{"0":"post-1080257","1":"product","2":"type-product","3":"status-publish","4":"has-post-thumbnail","6":"product_cat-dweller-da","7":"product_cat-fsc-da","8":"product_cat-kontor-da","9":"product_cat-opbevaringskasser-da","10":"product_cat-bestsellers-da","11":"product_cat-nyheder-da","12":"product_shipping_class-pk","14":"pa_color-natur-2","15":"pa_material-mdf-da","16":"pa_material-egetrsfiner","18":"first","19":"instock","20":"featured","21":"taxable","22":"shipping-taxable","23":"purchasable","24":"product-type-simple"},"exclude_global_add_ons":[],"addons":[],"acf":[],"yoast_head":"<!-- This site is optimized with the Yoast SEO plugin v26.4 - https:\/\/yoast.com\/wordpress\/plugins\/seo\/ -->\n<title>Arkiv\u00e9 Skrivebordsordner Natur - H\u00fcbsch<\/title>\n<meta name=\"description\" content=\"Hvor orden m\u00f8der eg. Arkiv\u00e9 Skrivebordsordneren forvandler hverdagens rod til ro, og tilbyder en smukt enkel m\u00e5de at holde styr p\u00e5 papirer, notesb\u00f8ger\" \/>\n<meta name=\"robots\" content=\"index, follow, max-snippet:-1, max-image-preview:large, max-video-preview:-1\" \/>\n<link rel=\"canonical\" href=\"https:\/\/hubsch-interior.com\/da\/wp-json\/wp\/v2\/product\/1080257\" \/>\n<meta property=\"og:locale\" content=\"da_DK\" \/>\n<meta property=\"og:type\" content=\"article\" \/>\n<meta property=\"og:title\" content=\"Arkiv\u00e9 Skrivebordsordner Natur - H\u00fcbsch\" \/>\n<meta property=\"og:description\" content=\"Hvor orden m\u00f8der eg. Arkiv\u00e9 Skrivebordsordneren forvandler hverdagens rod til ro, og tilbyder en smukt enkel m\u00e5de at holde styr p\u00e5 papirer, notesb\u00f8ger\" \/>\n<meta property=\"og:url\" content=\"https:\/\/hubsch-interior.com\/da\/vare\/arkive-skrivebordsordner-natur\/\" \/>\n<meta property=\"og:site_name\" content=\"H\u00fcbsch\" \/>\n<meta property=\"article:modified_time\" content=\"2026-04-06T02:53:57+00:00\" \/>\n<meta property=\"og:image\" content=\"https:\/\/hubsch-interior.com\/wp-content\/uploads\/2026\/01\/arkive-desk-organiser-natural-7470895cb6453a1034b0b95829f8f59c.jpg\" \/>\n\t<meta property=\"og:image:width\" content=\"1200\" \/>\n\t<meta property=\"og:image:height\" content=\"1200\" \/>\n\t<meta property=\"og:image:type\" content=\"image\/jpeg\" \/>\n<meta name=\"twitter:card\" content=\"summary_large_image\" \/>\n<script type=\"application\/ld+json\" class=\"yoast-schema-graph\">{\"@context\":\"https:\/\/schema.org\",\"@graph\":[{\"@type\":\"WebPage\",\"@id\":\"https:\/\/hubsch-interior.com\/da\/vare\/arkive-skrivebordsordner-natur\/\",\"url\":\"https:\/\/hubsch-interior.com\/da\/vare\/arkive-skrivebordsordner-natur\/\",\"name\":\"Arkiv\u00e9 Skrivebordsordner Natur - H\u00fcbsch\",\"isPartOf\":{\"@id\":\"https:\/\/hubsch-interior.com\/da\/#website\"},\"primaryImageOfPage\":{\"@id\":\"https:\/\/hubsch-interior.com\/da\/vare\/arkive-skrivebordsordner-natur\/#primaryimage\"},\"image\":{\"@id\":\"https:\/\/hubsch-interior.com\/da\/vare\/arkive-skrivebordsordner-natur\/#primaryimage\"},\"thumbnailUrl\":\"https:\/\/hubsch-interior.com\/wp-content\/uploads\/2026\/02\/arkive-desk-organiser-natural-10d52455b2ff5e9ff499404ec335e0fe.jpg\",\"datePublished\":\"2026-01-22T11:02:52+00:00\",\"dateModified\":\"2026-04-06T02:53:57+00:00\",\"description\":\"Hvor orden m\u00f8der eg. Arkiv\u00e9 Skrivebordsordneren forvandler hverdagens rod til ro, og tilbyder en smukt enkel m\u00e5de at holde styr p\u00e5 papirer, notesb\u00f8ger\",\"breadcrumb\":{\"@id\":\"https:\/\/hubsch-interior.com\/da\/vare\/arkive-skrivebordsordner-natur\/#breadcrumb\"},\"inLanguage\":\"da-DK\",\"potentialAction\":[{\"@type\":\"ReadAction\",\"target\":[\"https:\/\/hubsch-interior.com\/da\/vare\/arkive-skrivebordsordner-natur\/\"]}]},{\"@type\":\"ImageObject\",\"inLanguage\":\"da-DK\",\"@id\":\"https:\/\/hubsch-interior.com\/da\/vare\/arkive-skrivebordsordner-natur\/#primaryimage\",\"url\":\"https:\/\/hubsch-interior.com\/wp-content\/uploads\/2026\/02\/arkive-desk-organiser-natural-10d52455b2ff5e9ff499404ec335e0fe.jpg\",\"contentUrl\":\"https:\/\/hubsch-interior.com\/wp-content\/uploads\/2026\/02\/arkive-desk-organiser-natural-10d52455b2ff5e9ff499404ec335e0fe.jpg\",\"width\":1024,\"height\":1024},{\"@type\":\"BreadcrumbList\",\"@id\":\"https:\/\/hubsch-interior.com\/da\/vare\/arkive-skrivebordsordner-natur\/#breadcrumb\",\"itemListElement\":[{\"@type\":\"ListItem\",\"position\":1,\"name\":\"Forside\",\"item\":\"https:\/\/hubsch-interior.com\/da\/\"},{\"@type\":\"ListItem\",\"position\":2,\"name\":\"Produkter\",\"item\":\"https:\/\/hubsch-interior.com\/da\/produkter\/\"},{\"@type\":\"ListItem\",\"position\":3,\"name\":\"Arkiv\u00e9 Skrivebordsordner Natur\"}]},{\"@type\":\"WebSite\",\"@id\":\"https:\/\/hubsch-interior.com\/da\/#website\",\"url\":\"https:\/\/hubsch-interior.com\/da\/\",\"name\":\"H\u00fcbsch\",\"description\":\"Danish Home Interior and Design\",\"publisher\":{\"@id\":\"https:\/\/hubsch-interior.com\/da\/#organization\"},\"potentialAction\":[{\"@type\":\"SearchAction\",\"target\":{\"@type\":\"EntryPoint\",\"urlTemplate\":\"https:\/\/hubsch-interior.com\/da\/?s={search_term_string}\"},\"query-input\":{\"@type\":\"PropertyValueSpecification\",\"valueRequired\":true,\"valueName\":\"search_term_string\"}}],\"inLanguage\":\"da-DK\"},{\"@type\":\"Organization\",\"@id\":\"https:\/\/hubsch-interior.com\/da\/#organization\",\"name\":\"H\u00fcbsch\",\"url\":\"https:\/\/hubsch-interior.com\/da\/\",\"logo\":{\"@type\":\"ImageObject\",\"inLanguage\":\"da-DK\",\"@id\":\"https:\/\/hubsch-interior.com\/da\/#\/schema\/logo\/image\/\",\"url\":\"https:\/\/hubsch-interior.com\/wp-content\/uploads\/2022\/12\/Hubsch_logo_black_one_line.svg\",\"contentUrl\":\"https:\/\/hubsch-interior.com\/wp-content\/uploads\/2022\/12\/Hubsch_logo_black_one_line.svg\",\"caption\":\"H\u00fcbsch\"},\"image\":{\"@id\":\"https:\/\/hubsch-interior.com\/da\/#\/schema\/logo\/image\/\"}}]}<\/script>\n<!-- \/ Yoast SEO plugin. -->","yoast_head_json":{"title":"Arkiv\u00e9 Skrivebordsordner Natur - H\u00fcbsch","description":"Hvor orden m\u00f8der eg. Arkiv\u00e9 Skrivebordsordneren forvandler hverdagens rod til ro, og tilbyder en smukt enkel m\u00e5de at holde styr p\u00e5 papirer, notesb\u00f8ger","robots":{"index":"index","follow":"follow","max-snippet":"max-snippet:-1","max-image-preview":"max-image-preview:large","max-video-preview":"max-video-preview:-1"},"canonical":"https:\/\/hubsch-interior.com\/da\/wp-json\/wp\/v2\/product\/1080257","og_locale":"da_DK","og_type":"article","og_title":"Arkiv\u00e9 Skrivebordsordner Natur - H\u00fcbsch","og_description":"Hvor orden m\u00f8der eg. Arkiv\u00e9 Skrivebordsordneren forvandler hverdagens rod til ro, og tilbyder en smukt enkel m\u00e5de at holde styr p\u00e5 papirer, notesb\u00f8ger","og_url":"https:\/\/hubsch-interior.com\/da\/vare\/arkive-skrivebordsordner-natur\/","og_site_name":"H\u00fcbsch","article_modified_time":"2026-04-06T02:53:57+00:00","og_image":[{"width":1200,"height":1200,"url":"https:\/\/hubsch-interior.com\/wp-content\/uploads\/2026\/01\/arkive-desk-organiser-natural-7470895cb6453a1034b0b95829f8f59c.jpg","type":"image\/jpeg"}],"twitter_card":"summary_large_image","schema":{"@context":"https:\/\/schema.org","@graph":[{"@type":"WebPage","@id":"https:\/\/hubsch-interior.com\/da\/vare\/arkive-skrivebordsordner-natur\/","url":"https:\/\/hubsch-interior.com\/da\/vare\/arkive-skrivebordsordner-natur\/","name":"Arkiv\u00e9 Skrivebordsordner Natur - H\u00fcbsch","isPartOf":{"@id":"https:\/\/hubsch-interior.com\/da\/#website"},"primaryImageOfPage":{"@id":"https:\/\/hubsch-interior.com\/da\/vare\/arkive-skrivebordsordner-natur\/#primaryimage"},"image":{"@id":"https:\/\/hubsch-interior.com\/da\/vare\/arkive-skrivebordsordner-natur\/#primaryimage"},"thumbnailUrl":"https:\/\/hubsch-interior.com\/wp-content\/uploads\/2026\/02\/arkive-desk-organiser-natural-10d52455b2ff5e9ff499404ec335e0fe.jpg","datePublished":"2026-01-22T11:02:52+00:00","dateModified":"2026-04-06T02:53:57+00:00","description":"Hvor orden m\u00f8der eg. Arkiv\u00e9 Skrivebordsordneren forvandler hverdagens rod til ro, og tilbyder en smukt enkel m\u00e5de at holde styr p\u00e5 papirer, notesb\u00f8ger","breadcrumb":{"@id":"https:\/\/hubsch-interior.com\/da\/vare\/arkive-skrivebordsordner-natur\/#breadcrumb"},"inLanguage":"da-DK","potentialAction":[{"@type":"ReadAction","target":["https:\/\/hubsch-interior.com\/da\/vare\/arkive-skrivebordsordner-natur\/"]}]},{"@type":"ImageObject","inLanguage":"da-DK","@id":"https:\/\/hubsch-interior.com\/da\/vare\/arkive-skrivebordsordner-natur\/#primaryimage","url":"https:\/\/hubsch-interior.com\/wp-content\/uploads\/2026\/02\/arkive-desk-organiser-natural-10d52455b2ff5e9ff499404ec335e0fe.jpg","contentUrl":"https:\/\/hubsch-interior.com\/wp-content\/uploads\/2026\/02\/arkive-desk-organiser-natural-10d52455b2ff5e9ff499404ec335e0fe.jpg","width":1024,"height":1024},{"@type":"BreadcrumbList","@id":"https:\/\/hubsch-interior.com\/da\/vare\/arkive-skrivebordsordner-natur\/#breadcrumb","itemListElement":[{"@type":"ListItem","position":1,"name":"Forside","item":"https:\/\/hubsch-interior.com\/da\/"},{"@type":"ListItem","position":2,"name":"Produkter","item":"https:\/\/hubsch-interior.com\/da\/produkter\/"},{"@type":"ListItem","position":3,"name":"Arkiv\u00e9 Skrivebordsordner Natur"}]},{"@type":"WebSite","@id":"https:\/\/hubsch-interior.com\/da\/#website","url":"https:\/\/hubsch-interior.com\/da\/","name":"H\u00fcbsch","description":"Danish Home Interior and Design","publisher":{"@id":"https:\/\/hubsch-interior.com\/da\/#organization"},"potentialAction":[{"@type":"SearchAction","target":{"@type":"EntryPoint","urlTemplate":"https:\/\/hubsch-interior.com\/da\/?s={search_term_string}"},"query-input":{"@type":"PropertyValueSpecification","valueRequired":true,"valueName":"search_term_string"}}],"inLanguage":"da-DK"},{"@type":"Organization","@id":"https:\/\/hubsch-interior.com\/da\/#organization","name":"H\u00fcbsch","url":"https:\/\/hubsch-interior.com\/da\/","logo":{"@type":"ImageObject","inLanguage":"da-DK","@id":"https:\/\/hubsch-interior.com\/da\/#\/schema\/logo\/image\/","url":"https:\/\/hubsch-interior.com\/wp-content\/uploads\/2022\/12\/Hubsch_logo_black_one_line.svg","contentUrl":"https:\/\/hubsch-interior.com\/wp-content\/uploads\/2022\/12\/Hubsch_logo_black_one_line.svg","caption":"H\u00fcbsch"},"image":{"@id":"https:\/\/hubsch-interior.com\/da\/#\/schema\/logo\/image\/"}}]}},"_links":{"self":[{"href":"https:\/\/hubsch-interior.com\/da\/wp-json\/wp\/v2\/product\/1080257","targetHints":{"allow":["GET"]}}],"collection":[{"href":"https:\/\/hubsch-interior.com\/da\/wp-json\/wp\/v2\/product"}],"about":[{"href":"https:\/\/hubsch-interior.com\/da\/wp-json\/wp\/v2\/types\/product"}],"wp:featuredmedia":[{"embeddable":true,"href":"https:\/\/hubsch-interior.com\/da\/wp-json\/wp\/v2\/media\/1104999"}],"wp:attachment":[{"href":"https:\/\/hubsch-interior.com\/da\/wp-json\/wp\/v2\/media?parent=1080257"}],"wp:term":[{"taxonomy":"product_brand","embeddable":true,"href":"https:\/\/hubsch-interior.com\/da\/wp-json\/wp\/v2\/product_brand?post=1080257"},{"taxonomy":"product_cat","embeddable":true,"href":"https:\/\/hubsch-interior.com\/da\/wp-json\/wp\/v2\/product_cat?post=1080257"},{"taxonomy":"product_tag","embeddable":true,"href":"https:\/\/hubsch-interior.com\/da\/wp-json\/wp\/v2\/product_tag?post=1080257"}],"curies":[{"name":"wp","href":"https:\/\/api.w.org\/{rel}","templated":true}]}}