{"id":1080312,"date":"2026-01-22T12:03:16","date_gmt":"2026-01-22T11:03:16","guid":{"rendered":"https:\/\/hubsch-interior.com\/product\/product\/"},"modified":"2026-04-05T05:00:12","modified_gmt":"2026-04-05T03:00:12","slug":"kura-klaedeskab-small-natur","status":"publish","type":"product","link":"https:\/\/hubsch-interior.com\/da\/vare\/kura-klaedeskab-small-natur\/","title":{"rendered":"Kura Kl\u00e6deskab Small Natur"},"content":{"rendered":"<p>Opbevaring, der st\u00e5r med rolig styrke. Kura Kl\u00e6deskabet kombinerer grafiske linjer og varm FSC-certificeret eg for at skabe et m\u00f8bel, der f\u00f8les robust, elegant og bygget til at holde. Med plads til at h\u00e6nge, stable og opbevare dine mest elskede genstande er dets indre lige s\u00e5 gennemt\u00e6nkt som dets silhuet. Brug det alene som et skulpturelt anker \u2014 eller kombiner flere for at skabe en v\u00e6g af ro, karakter og stille selvsikkerhed. Et m\u00f8bel, der vokser med dit hjem, s\u00e6son efter s\u00e6son.<\/p>\n","protected":false},"excerpt":{"rendered":"<p>Opbevaring, der st\u00e5r med rolig styrke. Kura Kl\u00e6deskabet kombinerer grafiske linjer og varm FSC-certificeret eg for at skabe et m\u00f8bel, der f\u00f8les robust, elegant og bygget til at holde. Med plads til at h\u00e6nge, stable og opbevare dine mest elskede genstande er dets indre lige s\u00e5 gennemt\u00e6nkt som dets silhuet. Brug det alene som et [&hellip;]<\/p>\n","protected":false},"featured_media":1105095,"template":"","meta":{"_acf_changed":false,"inline_featured_image":false},"product_brand":[],"product_cat":[7153,6321,6484,4031,5045],"product_tag":[],"class_list":{"0":"post-1080312","1":"product","2":"type-product","3":"status-publish","4":"has-post-thumbnail","6":"product_cat-dweller-da","7":"product_cat-fsc-da","8":"product_cat-garderobe-da","9":"product_cat-garderobe-stativer-da","10":"product_cat-nyheder-da","11":"product_shipping_class-p05","13":"pa_color-natur-2","14":"pa_material-egetr","15":"pa_material-egetrsfiner","16":"pa_material-mdf-da","18":"first","19":"instock","20":"taxable","21":"shipping-taxable","22":"purchasable","23":"product-type-simple"},"exclude_global_add_ons":[],"addons":[],"acf":[],"yoast_head":"<!-- This site is optimized with the Yoast SEO plugin v26.4 - https:\/\/yoast.com\/wordpress\/plugins\/seo\/ -->\n<title>Kura Kl\u00e6deskab Small Natur - H\u00fcbsch<\/title>\n<meta name=\"description\" content=\"Opbevaring, der st\u00e5r med rolig styrke. Kura Kl\u00e6deskabet kombinerer grafiske linjer og varm FSC-certificeret eg for at skabe et m\u00f8bel, der f\u00f8les robust,\" \/>\n<meta name=\"robots\" content=\"index, follow, max-snippet:-1, max-image-preview:large, max-video-preview:-1\" \/>\n<link rel=\"canonical\" href=\"https:\/\/hubsch-interior.com\/da\/wp-json\/wp\/v2\/product\/1080312\" \/>\n<meta property=\"og:locale\" content=\"da_DK\" \/>\n<meta property=\"og:type\" content=\"article\" \/>\n<meta property=\"og:title\" content=\"Kura Kl\u00e6deskab Small Natur - H\u00fcbsch\" \/>\n<meta property=\"og:description\" content=\"Opbevaring, der st\u00e5r med rolig styrke. Kura Kl\u00e6deskabet kombinerer grafiske linjer og varm FSC-certificeret eg for at skabe et m\u00f8bel, der f\u00f8les robust,\" \/>\n<meta property=\"og:url\" content=\"https:\/\/hubsch-interior.com\/da\/vare\/kura-klaedeskab-small-natur\/\" \/>\n<meta property=\"og:site_name\" content=\"H\u00fcbsch\" \/>\n<meta property=\"article:modified_time\" content=\"2026-04-05T03:00:12+00:00\" \/>\n<meta property=\"og:image\" content=\"https:\/\/hubsch-interior.com\/wp-content\/uploads\/2026\/01\/kura-wardrobe-small-natural-d8ba07a015ac1f7931c1f18048907eef.jpg\" \/>\n\t<meta property=\"og:image:width\" content=\"1200\" \/>\n\t<meta property=\"og:image:height\" content=\"1200\" \/>\n\t<meta property=\"og:image:type\" content=\"image\/jpeg\" \/>\n<meta name=\"twitter:card\" content=\"summary_large_image\" \/>\n<script type=\"application\/ld+json\" class=\"yoast-schema-graph\">{\"@context\":\"https:\/\/schema.org\",\"@graph\":[{\"@type\":\"WebPage\",\"@id\":\"https:\/\/hubsch-interior.com\/da\/vare\/kura-klaedeskab-small-natur\/\",\"url\":\"https:\/\/hubsch-interior.com\/da\/vare\/kura-klaedeskab-small-natur\/\",\"name\":\"Kura Kl\u00e6deskab Small Natur - H\u00fcbsch\",\"isPartOf\":{\"@id\":\"https:\/\/hubsch-interior.com\/da\/#website\"},\"primaryImageOfPage\":{\"@id\":\"https:\/\/hubsch-interior.com\/da\/vare\/kura-klaedeskab-small-natur\/#primaryimage\"},\"image\":{\"@id\":\"https:\/\/hubsch-interior.com\/da\/vare\/kura-klaedeskab-small-natur\/#primaryimage\"},\"thumbnailUrl\":\"https:\/\/hubsch-interior.com\/wp-content\/uploads\/2026\/02\/kura-wardrobe-small-natural-09cd4fdd24658fd711460f98f8ddc45b.jpg\",\"datePublished\":\"2026-01-22T11:03:16+00:00\",\"dateModified\":\"2026-04-05T03:00:12+00:00\",\"description\":\"Opbevaring, der st\u00e5r med rolig styrke. Kura Kl\u00e6deskabet kombinerer grafiske linjer og varm FSC-certificeret eg for at skabe et m\u00f8bel, der f\u00f8les robust,\",\"breadcrumb\":{\"@id\":\"https:\/\/hubsch-interior.com\/da\/vare\/kura-klaedeskab-small-natur\/#breadcrumb\"},\"inLanguage\":\"da-DK\",\"potentialAction\":[{\"@type\":\"ReadAction\",\"target\":[\"https:\/\/hubsch-interior.com\/da\/vare\/kura-klaedeskab-small-natur\/\"]}]},{\"@type\":\"ImageObject\",\"inLanguage\":\"da-DK\",\"@id\":\"https:\/\/hubsch-interior.com\/da\/vare\/kura-klaedeskab-small-natur\/#primaryimage\",\"url\":\"https:\/\/hubsch-interior.com\/wp-content\/uploads\/2026\/02\/kura-wardrobe-small-natural-09cd4fdd24658fd711460f98f8ddc45b.jpg\",\"contentUrl\":\"https:\/\/hubsch-interior.com\/wp-content\/uploads\/2026\/02\/kura-wardrobe-small-natural-09cd4fdd24658fd711460f98f8ddc45b.jpg\",\"width\":1024,\"height\":1024},{\"@type\":\"BreadcrumbList\",\"@id\":\"https:\/\/hubsch-interior.com\/da\/vare\/kura-klaedeskab-small-natur\/#breadcrumb\",\"itemListElement\":[{\"@type\":\"ListItem\",\"position\":1,\"name\":\"Forside\",\"item\":\"https:\/\/hubsch-interior.com\/da\/\"},{\"@type\":\"ListItem\",\"position\":2,\"name\":\"Produkter\",\"item\":\"https:\/\/hubsch-interior.com\/da\/produkter\/\"},{\"@type\":\"ListItem\",\"position\":3,\"name\":\"Kura Kl\u00e6deskab Small Natur\"}]},{\"@type\":\"WebSite\",\"@id\":\"https:\/\/hubsch-interior.com\/da\/#website\",\"url\":\"https:\/\/hubsch-interior.com\/da\/\",\"name\":\"H\u00fcbsch\",\"description\":\"Danish Home Interior and Design\",\"publisher\":{\"@id\":\"https:\/\/hubsch-interior.com\/da\/#organization\"},\"potentialAction\":[{\"@type\":\"SearchAction\",\"target\":{\"@type\":\"EntryPoint\",\"urlTemplate\":\"https:\/\/hubsch-interior.com\/da\/?s={search_term_string}\"},\"query-input\":{\"@type\":\"PropertyValueSpecification\",\"valueRequired\":true,\"valueName\":\"search_term_string\"}}],\"inLanguage\":\"da-DK\"},{\"@type\":\"Organization\",\"@id\":\"https:\/\/hubsch-interior.com\/da\/#organization\",\"name\":\"H\u00fcbsch\",\"url\":\"https:\/\/hubsch-interior.com\/da\/\",\"logo\":{\"@type\":\"ImageObject\",\"inLanguage\":\"da-DK\",\"@id\":\"https:\/\/hubsch-interior.com\/da\/#\/schema\/logo\/image\/\",\"url\":\"https:\/\/hubsch-interior.com\/wp-content\/uploads\/2022\/12\/Hubsch_logo_black_one_line.svg\",\"contentUrl\":\"https:\/\/hubsch-interior.com\/wp-content\/uploads\/2022\/12\/Hubsch_logo_black_one_line.svg\",\"caption\":\"H\u00fcbsch\"},\"image\":{\"@id\":\"https:\/\/hubsch-interior.com\/da\/#\/schema\/logo\/image\/\"}}]}<\/script>\n<!-- \/ Yoast SEO plugin. -->","yoast_head_json":{"title":"Kura Kl\u00e6deskab Small Natur - H\u00fcbsch","description":"Opbevaring, der st\u00e5r med rolig styrke. Kura Kl\u00e6deskabet kombinerer grafiske linjer og varm FSC-certificeret eg for at skabe et m\u00f8bel, der f\u00f8les robust,","robots":{"index":"index","follow":"follow","max-snippet":"max-snippet:-1","max-image-preview":"max-image-preview:large","max-video-preview":"max-video-preview:-1"},"canonical":"https:\/\/hubsch-interior.com\/da\/wp-json\/wp\/v2\/product\/1080312","og_locale":"da_DK","og_type":"article","og_title":"Kura Kl\u00e6deskab Small Natur - H\u00fcbsch","og_description":"Opbevaring, der st\u00e5r med rolig styrke. Kura Kl\u00e6deskabet kombinerer grafiske linjer og varm FSC-certificeret eg for at skabe et m\u00f8bel, der f\u00f8les robust,","og_url":"https:\/\/hubsch-interior.com\/da\/vare\/kura-klaedeskab-small-natur\/","og_site_name":"H\u00fcbsch","article_modified_time":"2026-04-05T03:00:12+00:00","og_image":[{"width":1200,"height":1200,"url":"https:\/\/hubsch-interior.com\/wp-content\/uploads\/2026\/01\/kura-wardrobe-small-natural-d8ba07a015ac1f7931c1f18048907eef.jpg","type":"image\/jpeg"}],"twitter_card":"summary_large_image","schema":{"@context":"https:\/\/schema.org","@graph":[{"@type":"WebPage","@id":"https:\/\/hubsch-interior.com\/da\/vare\/kura-klaedeskab-small-natur\/","url":"https:\/\/hubsch-interior.com\/da\/vare\/kura-klaedeskab-small-natur\/","name":"Kura Kl\u00e6deskab Small Natur - H\u00fcbsch","isPartOf":{"@id":"https:\/\/hubsch-interior.com\/da\/#website"},"primaryImageOfPage":{"@id":"https:\/\/hubsch-interior.com\/da\/vare\/kura-klaedeskab-small-natur\/#primaryimage"},"image":{"@id":"https:\/\/hubsch-interior.com\/da\/vare\/kura-klaedeskab-small-natur\/#primaryimage"},"thumbnailUrl":"https:\/\/hubsch-interior.com\/wp-content\/uploads\/2026\/02\/kura-wardrobe-small-natural-09cd4fdd24658fd711460f98f8ddc45b.jpg","datePublished":"2026-01-22T11:03:16+00:00","dateModified":"2026-04-05T03:00:12+00:00","description":"Opbevaring, der st\u00e5r med rolig styrke. Kura Kl\u00e6deskabet kombinerer grafiske linjer og varm FSC-certificeret eg for at skabe et m\u00f8bel, der f\u00f8les robust,","breadcrumb":{"@id":"https:\/\/hubsch-interior.com\/da\/vare\/kura-klaedeskab-small-natur\/#breadcrumb"},"inLanguage":"da-DK","potentialAction":[{"@type":"ReadAction","target":["https:\/\/hubsch-interior.com\/da\/vare\/kura-klaedeskab-small-natur\/"]}]},{"@type":"ImageObject","inLanguage":"da-DK","@id":"https:\/\/hubsch-interior.com\/da\/vare\/kura-klaedeskab-small-natur\/#primaryimage","url":"https:\/\/hubsch-interior.com\/wp-content\/uploads\/2026\/02\/kura-wardrobe-small-natural-09cd4fdd24658fd711460f98f8ddc45b.jpg","contentUrl":"https:\/\/hubsch-interior.com\/wp-content\/uploads\/2026\/02\/kura-wardrobe-small-natural-09cd4fdd24658fd711460f98f8ddc45b.jpg","width":1024,"height":1024},{"@type":"BreadcrumbList","@id":"https:\/\/hubsch-interior.com\/da\/vare\/kura-klaedeskab-small-natur\/#breadcrumb","itemListElement":[{"@type":"ListItem","position":1,"name":"Forside","item":"https:\/\/hubsch-interior.com\/da\/"},{"@type":"ListItem","position":2,"name":"Produkter","item":"https:\/\/hubsch-interior.com\/da\/produkter\/"},{"@type":"ListItem","position":3,"name":"Kura Kl\u00e6deskab Small Natur"}]},{"@type":"WebSite","@id":"https:\/\/hubsch-interior.com\/da\/#website","url":"https:\/\/hubsch-interior.com\/da\/","name":"H\u00fcbsch","description":"Danish Home Interior and Design","publisher":{"@id":"https:\/\/hubsch-interior.com\/da\/#organization"},"potentialAction":[{"@type":"SearchAction","target":{"@type":"EntryPoint","urlTemplate":"https:\/\/hubsch-interior.com\/da\/?s={search_term_string}"},"query-input":{"@type":"PropertyValueSpecification","valueRequired":true,"valueName":"search_term_string"}}],"inLanguage":"da-DK"},{"@type":"Organization","@id":"https:\/\/hubsch-interior.com\/da\/#organization","name":"H\u00fcbsch","url":"https:\/\/hubsch-interior.com\/da\/","logo":{"@type":"ImageObject","inLanguage":"da-DK","@id":"https:\/\/hubsch-interior.com\/da\/#\/schema\/logo\/image\/","url":"https:\/\/hubsch-interior.com\/wp-content\/uploads\/2022\/12\/Hubsch_logo_black_one_line.svg","contentUrl":"https:\/\/hubsch-interior.com\/wp-content\/uploads\/2022\/12\/Hubsch_logo_black_one_line.svg","caption":"H\u00fcbsch"},"image":{"@id":"https:\/\/hubsch-interior.com\/da\/#\/schema\/logo\/image\/"}}]}},"_links":{"self":[{"href":"https:\/\/hubsch-interior.com\/da\/wp-json\/wp\/v2\/product\/1080312","targetHints":{"allow":["GET"]}}],"collection":[{"href":"https:\/\/hubsch-interior.com\/da\/wp-json\/wp\/v2\/product"}],"about":[{"href":"https:\/\/hubsch-interior.com\/da\/wp-json\/wp\/v2\/types\/product"}],"wp:featuredmedia":[{"embeddable":true,"href":"https:\/\/hubsch-interior.com\/da\/wp-json\/wp\/v2\/media\/1105095"}],"wp:attachment":[{"href":"https:\/\/hubsch-interior.com\/da\/wp-json\/wp\/v2\/media?parent=1080312"}],"wp:term":[{"taxonomy":"product_brand","embeddable":true,"href":"https:\/\/hubsch-interior.com\/da\/wp-json\/wp\/v2\/product_brand?post=1080312"},{"taxonomy":"product_cat","embeddable":true,"href":"https:\/\/hubsch-interior.com\/da\/wp-json\/wp\/v2\/product_cat?post=1080312"},{"taxonomy":"product_tag","embeddable":true,"href":"https:\/\/hubsch-interior.com\/da\/wp-json\/wp\/v2\/product_tag?post=1080312"}],"curies":[{"name":"wp","href":"https:\/\/api.w.org\/{rel}","templated":true}]}}