{"id":1080376,"date":"2026-01-22T12:03:41","date_gmt":"2026-01-22T11:03:41","guid":{"rendered":"https:\/\/hubsch-interior.com\/product\/product\/"},"modified":"2026-04-05T05:01:05","modified_gmt":"2026-04-05T03:01:05","slug":"read-skab-natur","status":"publish","type":"product","link":"https:\/\/hubsch-interior.com\/da\/vare\/read-skab-natur\/","title":{"rendered":"Read Skab Natur"},"content":{"rendered":"<p>Et fredeligt hjem for de historier, du holder af. Read Skab, udf\u00f8rt i FSC-certificeret eg i en varm naturlig nuance, forener blid nostalgi med gennemt\u00e6nkt funktionalitet. Dets kombination af \u00e5ben og lukket opbevaring skaber den perfekte rytme for dine yndlingsb\u00f8ger, samlede skatte og sm\u00e5 objekter, der f\u00e5r et rum til at f\u00f8les som dit eget. Inspireret af rolige \u00f8jeblikke og dybe l\u00e6sninger forvandler det ethvert hj\u00f8rne til et personligt bibliotek. Et skab skabt ikke kun til at opbevare, men for at \u00e6re det, du holder n\u00e6r.<\/p>\n","protected":false},"excerpt":{"rendered":"<p>Et fredeligt hjem for de historier, du holder af. Read Skab, udf\u00f8rt i FSC-certificeret eg i en varm naturlig nuance, forener blid nostalgi med gennemt\u00e6nkt funktionalitet. Dets kombination af \u00e5ben og lukket opbevaring skaber den perfekte rytme for dine yndlingsb\u00f8ger, samlede skatte og sm\u00e5 objekter, der f\u00e5r et rum til at f\u00f8les som dit eget. [&hellip;]<\/p>\n","protected":false},"featured_media":1105339,"template":"","meta":{"_acf_changed":false,"inline_featured_image":false},"product_brand":[],"product_cat":[7153,6321,3999,4000,5045],"product_tag":[],"class_list":{"0":"post-1080376","1":"product","2":"type-product","3":"status-publish","4":"has-post-thumbnail","6":"product_cat-dweller-da","7":"product_cat-fsc-da","8":"product_cat-reoler-opbevaring-da","9":"product_cat-vitrineskabe-da","10":"product_cat-nyheder-da","11":"product_shipping_class-p10","13":"pa_color-natur-2","14":"pa_material-mdf-da","15":"pa_material-egetr","16":"pa_material-egetrsfiner","18":"first","19":"instock","20":"taxable","21":"shipping-taxable","22":"purchasable","23":"product-type-simple"},"exclude_global_add_ons":[],"addons":[],"acf":[],"yoast_head":"<!-- This site is optimized with the Yoast SEO plugin v26.4 - https:\/\/yoast.com\/wordpress\/plugins\/seo\/ -->\n<title>Read Skab Natur - H\u00fcbsch<\/title>\n<meta name=\"description\" content=\"Et fredeligt hjem for de historier, du holder af. Read Skab, udf\u00f8rt i FSC-certificeret eg i en varm naturlig nuance, forener blid nostalgi med gennemt\u00e6nkt\" \/>\n<meta name=\"robots\" content=\"index, follow, max-snippet:-1, max-image-preview:large, max-video-preview:-1\" \/>\n<link rel=\"canonical\" href=\"https:\/\/hubsch-interior.com\/da\/wp-json\/wp\/v2\/product\/1080376\" \/>\n<meta property=\"og:locale\" content=\"da_DK\" \/>\n<meta property=\"og:type\" content=\"article\" \/>\n<meta property=\"og:title\" content=\"Read Skab Natur - H\u00fcbsch\" \/>\n<meta property=\"og:description\" content=\"Et fredeligt hjem for de historier, du holder af. Read Skab, udf\u00f8rt i FSC-certificeret eg i en varm naturlig nuance, forener blid nostalgi med gennemt\u00e6nkt\" \/>\n<meta property=\"og:url\" content=\"https:\/\/hubsch-interior.com\/da\/vare\/read-skab-natur\/\" \/>\n<meta property=\"og:site_name\" content=\"H\u00fcbsch\" \/>\n<meta property=\"article:modified_time\" content=\"2026-04-05T03:01:05+00:00\" \/>\n<meta property=\"og:image\" content=\"https:\/\/hubsch-interior.com\/wp-content\/uploads\/2026\/01\/read-cabinet-natural-82dab4f13935798a821c4c35c8744d3c.jpg\" \/>\n\t<meta property=\"og:image:width\" content=\"1200\" \/>\n\t<meta property=\"og:image:height\" content=\"1200\" \/>\n\t<meta property=\"og:image:type\" content=\"image\/jpeg\" \/>\n<meta name=\"twitter:card\" content=\"summary_large_image\" \/>\n<script type=\"application\/ld+json\" class=\"yoast-schema-graph\">{\"@context\":\"https:\/\/schema.org\",\"@graph\":[{\"@type\":\"WebPage\",\"@id\":\"https:\/\/hubsch-interior.com\/da\/vare\/read-skab-natur\/\",\"url\":\"https:\/\/hubsch-interior.com\/da\/vare\/read-skab-natur\/\",\"name\":\"Read Skab Natur - H\u00fcbsch\",\"isPartOf\":{\"@id\":\"https:\/\/hubsch-interior.com\/da\/#website\"},\"primaryImageOfPage\":{\"@id\":\"https:\/\/hubsch-interior.com\/da\/vare\/read-skab-natur\/#primaryimage\"},\"image\":{\"@id\":\"https:\/\/hubsch-interior.com\/da\/vare\/read-skab-natur\/#primaryimage\"},\"thumbnailUrl\":\"https:\/\/hubsch-interior.com\/wp-content\/uploads\/2026\/02\/read-cabinet-natural-5952ca52ce2840c5647c4cb4e29fae8d.jpg\",\"datePublished\":\"2026-01-22T11:03:41+00:00\",\"dateModified\":\"2026-04-05T03:01:05+00:00\",\"description\":\"Et fredeligt hjem for de historier, du holder af. Read Skab, udf\u00f8rt i FSC-certificeret eg i en varm naturlig nuance, forener blid nostalgi med gennemt\u00e6nkt\",\"breadcrumb\":{\"@id\":\"https:\/\/hubsch-interior.com\/da\/vare\/read-skab-natur\/#breadcrumb\"},\"inLanguage\":\"da-DK\",\"potentialAction\":[{\"@type\":\"ReadAction\",\"target\":[\"https:\/\/hubsch-interior.com\/da\/vare\/read-skab-natur\/\"]}]},{\"@type\":\"ImageObject\",\"inLanguage\":\"da-DK\",\"@id\":\"https:\/\/hubsch-interior.com\/da\/vare\/read-skab-natur\/#primaryimage\",\"url\":\"https:\/\/hubsch-interior.com\/wp-content\/uploads\/2026\/02\/read-cabinet-natural-5952ca52ce2840c5647c4cb4e29fae8d.jpg\",\"contentUrl\":\"https:\/\/hubsch-interior.com\/wp-content\/uploads\/2026\/02\/read-cabinet-natural-5952ca52ce2840c5647c4cb4e29fae8d.jpg\",\"width\":1024,\"height\":1024},{\"@type\":\"BreadcrumbList\",\"@id\":\"https:\/\/hubsch-interior.com\/da\/vare\/read-skab-natur\/#breadcrumb\",\"itemListElement\":[{\"@type\":\"ListItem\",\"position\":1,\"name\":\"Forside\",\"item\":\"https:\/\/hubsch-interior.com\/da\/\"},{\"@type\":\"ListItem\",\"position\":2,\"name\":\"Produkter\",\"item\":\"https:\/\/hubsch-interior.com\/da\/produkter\/\"},{\"@type\":\"ListItem\",\"position\":3,\"name\":\"Read Skab Natur\"}]},{\"@type\":\"WebSite\",\"@id\":\"https:\/\/hubsch-interior.com\/da\/#website\",\"url\":\"https:\/\/hubsch-interior.com\/da\/\",\"name\":\"H\u00fcbsch\",\"description\":\"Danish Home Interior and Design\",\"publisher\":{\"@id\":\"https:\/\/hubsch-interior.com\/da\/#organization\"},\"potentialAction\":[{\"@type\":\"SearchAction\",\"target\":{\"@type\":\"EntryPoint\",\"urlTemplate\":\"https:\/\/hubsch-interior.com\/da\/?s={search_term_string}\"},\"query-input\":{\"@type\":\"PropertyValueSpecification\",\"valueRequired\":true,\"valueName\":\"search_term_string\"}}],\"inLanguage\":\"da-DK\"},{\"@type\":\"Organization\",\"@id\":\"https:\/\/hubsch-interior.com\/da\/#organization\",\"name\":\"H\u00fcbsch\",\"url\":\"https:\/\/hubsch-interior.com\/da\/\",\"logo\":{\"@type\":\"ImageObject\",\"inLanguage\":\"da-DK\",\"@id\":\"https:\/\/hubsch-interior.com\/da\/#\/schema\/logo\/image\/\",\"url\":\"https:\/\/hubsch-interior.com\/wp-content\/uploads\/2022\/12\/Hubsch_logo_black_one_line.svg\",\"contentUrl\":\"https:\/\/hubsch-interior.com\/wp-content\/uploads\/2022\/12\/Hubsch_logo_black_one_line.svg\",\"caption\":\"H\u00fcbsch\"},\"image\":{\"@id\":\"https:\/\/hubsch-interior.com\/da\/#\/schema\/logo\/image\/\"}}]}<\/script>\n<!-- \/ Yoast SEO plugin. -->","yoast_head_json":{"title":"Read Skab Natur - H\u00fcbsch","description":"Et fredeligt hjem for de historier, du holder af. Read Skab, udf\u00f8rt i FSC-certificeret eg i en varm naturlig nuance, forener blid nostalgi med gennemt\u00e6nkt","robots":{"index":"index","follow":"follow","max-snippet":"max-snippet:-1","max-image-preview":"max-image-preview:large","max-video-preview":"max-video-preview:-1"},"canonical":"https:\/\/hubsch-interior.com\/da\/wp-json\/wp\/v2\/product\/1080376","og_locale":"da_DK","og_type":"article","og_title":"Read Skab Natur - H\u00fcbsch","og_description":"Et fredeligt hjem for de historier, du holder af. Read Skab, udf\u00f8rt i FSC-certificeret eg i en varm naturlig nuance, forener blid nostalgi med gennemt\u00e6nkt","og_url":"https:\/\/hubsch-interior.com\/da\/vare\/read-skab-natur\/","og_site_name":"H\u00fcbsch","article_modified_time":"2026-04-05T03:01:05+00:00","og_image":[{"width":1200,"height":1200,"url":"https:\/\/hubsch-interior.com\/wp-content\/uploads\/2026\/01\/read-cabinet-natural-82dab4f13935798a821c4c35c8744d3c.jpg","type":"image\/jpeg"}],"twitter_card":"summary_large_image","schema":{"@context":"https:\/\/schema.org","@graph":[{"@type":"WebPage","@id":"https:\/\/hubsch-interior.com\/da\/vare\/read-skab-natur\/","url":"https:\/\/hubsch-interior.com\/da\/vare\/read-skab-natur\/","name":"Read Skab Natur - H\u00fcbsch","isPartOf":{"@id":"https:\/\/hubsch-interior.com\/da\/#website"},"primaryImageOfPage":{"@id":"https:\/\/hubsch-interior.com\/da\/vare\/read-skab-natur\/#primaryimage"},"image":{"@id":"https:\/\/hubsch-interior.com\/da\/vare\/read-skab-natur\/#primaryimage"},"thumbnailUrl":"https:\/\/hubsch-interior.com\/wp-content\/uploads\/2026\/02\/read-cabinet-natural-5952ca52ce2840c5647c4cb4e29fae8d.jpg","datePublished":"2026-01-22T11:03:41+00:00","dateModified":"2026-04-05T03:01:05+00:00","description":"Et fredeligt hjem for de historier, du holder af. Read Skab, udf\u00f8rt i FSC-certificeret eg i en varm naturlig nuance, forener blid nostalgi med gennemt\u00e6nkt","breadcrumb":{"@id":"https:\/\/hubsch-interior.com\/da\/vare\/read-skab-natur\/#breadcrumb"},"inLanguage":"da-DK","potentialAction":[{"@type":"ReadAction","target":["https:\/\/hubsch-interior.com\/da\/vare\/read-skab-natur\/"]}]},{"@type":"ImageObject","inLanguage":"da-DK","@id":"https:\/\/hubsch-interior.com\/da\/vare\/read-skab-natur\/#primaryimage","url":"https:\/\/hubsch-interior.com\/wp-content\/uploads\/2026\/02\/read-cabinet-natural-5952ca52ce2840c5647c4cb4e29fae8d.jpg","contentUrl":"https:\/\/hubsch-interior.com\/wp-content\/uploads\/2026\/02\/read-cabinet-natural-5952ca52ce2840c5647c4cb4e29fae8d.jpg","width":1024,"height":1024},{"@type":"BreadcrumbList","@id":"https:\/\/hubsch-interior.com\/da\/vare\/read-skab-natur\/#breadcrumb","itemListElement":[{"@type":"ListItem","position":1,"name":"Forside","item":"https:\/\/hubsch-interior.com\/da\/"},{"@type":"ListItem","position":2,"name":"Produkter","item":"https:\/\/hubsch-interior.com\/da\/produkter\/"},{"@type":"ListItem","position":3,"name":"Read Skab Natur"}]},{"@type":"WebSite","@id":"https:\/\/hubsch-interior.com\/da\/#website","url":"https:\/\/hubsch-interior.com\/da\/","name":"H\u00fcbsch","description":"Danish Home Interior and Design","publisher":{"@id":"https:\/\/hubsch-interior.com\/da\/#organization"},"potentialAction":[{"@type":"SearchAction","target":{"@type":"EntryPoint","urlTemplate":"https:\/\/hubsch-interior.com\/da\/?s={search_term_string}"},"query-input":{"@type":"PropertyValueSpecification","valueRequired":true,"valueName":"search_term_string"}}],"inLanguage":"da-DK"},{"@type":"Organization","@id":"https:\/\/hubsch-interior.com\/da\/#organization","name":"H\u00fcbsch","url":"https:\/\/hubsch-interior.com\/da\/","logo":{"@type":"ImageObject","inLanguage":"da-DK","@id":"https:\/\/hubsch-interior.com\/da\/#\/schema\/logo\/image\/","url":"https:\/\/hubsch-interior.com\/wp-content\/uploads\/2022\/12\/Hubsch_logo_black_one_line.svg","contentUrl":"https:\/\/hubsch-interior.com\/wp-content\/uploads\/2022\/12\/Hubsch_logo_black_one_line.svg","caption":"H\u00fcbsch"},"image":{"@id":"https:\/\/hubsch-interior.com\/da\/#\/schema\/logo\/image\/"}}]}},"_links":{"self":[{"href":"https:\/\/hubsch-interior.com\/da\/wp-json\/wp\/v2\/product\/1080376","targetHints":{"allow":["GET"]}}],"collection":[{"href":"https:\/\/hubsch-interior.com\/da\/wp-json\/wp\/v2\/product"}],"about":[{"href":"https:\/\/hubsch-interior.com\/da\/wp-json\/wp\/v2\/types\/product"}],"wp:featuredmedia":[{"embeddable":true,"href":"https:\/\/hubsch-interior.com\/da\/wp-json\/wp\/v2\/media\/1105339"}],"wp:attachment":[{"href":"https:\/\/hubsch-interior.com\/da\/wp-json\/wp\/v2\/media?parent=1080376"}],"wp:term":[{"taxonomy":"product_brand","embeddable":true,"href":"https:\/\/hubsch-interior.com\/da\/wp-json\/wp\/v2\/product_brand?post=1080376"},{"taxonomy":"product_cat","embeddable":true,"href":"https:\/\/hubsch-interior.com\/da\/wp-json\/wp\/v2\/product_cat?post=1080376"},{"taxonomy":"product_tag","embeddable":true,"href":"https:\/\/hubsch-interior.com\/da\/wp-json\/wp\/v2\/product_tag?post=1080376"}],"curies":[{"name":"wp","href":"https:\/\/api.w.org\/{rel}","templated":true}]}}