{"id":1080412,"date":"2026-01-22T12:06:20","date_gmt":"2026-01-22T11:06:20","guid":{"rendered":"https:\/\/hubsch-interior.com\/product\/product\/"},"modified":"2026-04-05T05:27:06","modified_gmt":"2026-04-05T03:27:06","slug":"disco-reol-large-natur","status":"publish","type":"product","link":"https:\/\/hubsch-interior.com\/da\/vare\/disco-reol-large-natur\/","title":{"rendered":"Disco Reol Large Natur"},"content":{"rendered":"<p>Tr\u00e6d ind i en verden af organiseret elegance med vores Disco Reol, fremstillet i smukt naturligt egetr\u00e6sfin\u00e9r. Dette FSC-certificerede tr\u00e6m\u00f8bel er ikke bare en m\u00f8belgenstand, men et vidnesbyrd om kunsten at l\u00e6re. Med 12 perfekt st\u00f8rrelse rum er den ideel til at fremvise alle dine v\u00e6rdsatte l\u00e6sninger og elskede samlerobjekter. P\u00e5 latin betyder Disco &#8220;At L\u00e6re,&#8221; og hvad er en bedre m\u00e5de at opbevare din l\u00e6ring p\u00e5 end med Disco-serien? V\u00e6lg denne variant for at tilf\u00f8re et strejf af naturens charme til dit personlige rum.<\/p>\n","protected":false},"excerpt":{"rendered":"<p>Tr\u00e6d ind i en verden af organiseret elegance med vores Disco Reol, fremstillet i smukt naturligt egetr\u00e6sfin\u00e9r. Dette FSC-certificerede tr\u00e6m\u00f8bel er ikke bare en m\u00f8belgenstand, men et vidnesbyrd om kunsten at l\u00e6re. Med 12 perfekt st\u00f8rrelse rum er den ideel til at fremvise alle dine v\u00e6rdsatte l\u00e6sninger og elskede samlerobjekter. P\u00e5 latin betyder Disco &#8220;At [&hellip;]<\/p>\n","protected":false},"featured_media":1111971,"template":"","meta":{"_acf_changed":false,"inline_featured_image":false},"product_brand":[],"product_cat":[7153,6321,5045,4010,3999],"product_tag":[],"class_list":{"0":"post-1080412","1":"product","2":"type-product","3":"status-publish","4":"has-post-thumbnail","6":"product_cat-dweller-da","7":"product_cat-fsc-da","8":"product_cat-nyheder-da","9":"product_cat-reoler-da","10":"product_cat-reoler-opbevaring-da","11":"product_shipping_class-p05","13":"pa_color-natur-2","14":"pa_material-egetrsfiner","15":"pa_material-mdf-da","17":"first","18":"instock","19":"taxable","20":"shipping-taxable","21":"purchasable","22":"product-type-simple"},"exclude_global_add_ons":[],"addons":[],"acf":[],"yoast_head":"<!-- This site is optimized with the Yoast SEO plugin v26.4 - https:\/\/yoast.com\/wordpress\/plugins\/seo\/ -->\n<title>Disco Reol Large Natur - H\u00fcbsch<\/title>\n<meta name=\"description\" content=\"Tr\u00e6d ind i en verden af organiseret elegance med vores Disco Reol, fremstillet i smukt naturligt egetr\u00e6sfin\u00e9r. Dette FSC-certificerede tr\u00e6m\u00f8bel er ikke\" \/>\n<meta name=\"robots\" content=\"index, follow, max-snippet:-1, max-image-preview:large, max-video-preview:-1\" \/>\n<link rel=\"canonical\" href=\"https:\/\/hubsch-interior.com\/da\/wp-json\/wp\/v2\/product\/1080412\" \/>\n<meta property=\"og:locale\" content=\"da_DK\" \/>\n<meta property=\"og:type\" content=\"article\" \/>\n<meta property=\"og:title\" content=\"Disco Reol Large Natur - H\u00fcbsch\" \/>\n<meta property=\"og:description\" content=\"Tr\u00e6d ind i en verden af organiseret elegance med vores Disco Reol, fremstillet i smukt naturligt egetr\u00e6sfin\u00e9r. Dette FSC-certificerede tr\u00e6m\u00f8bel er ikke\" \/>\n<meta property=\"og:url\" content=\"https:\/\/hubsch-interior.com\/da\/vare\/disco-reol-large-natur\/\" \/>\n<meta property=\"og:site_name\" content=\"H\u00fcbsch\" \/>\n<meta property=\"article:modified_time\" content=\"2026-04-05T03:27:06+00:00\" \/>\n<meta property=\"og:image\" content=\"https:\/\/hubsch-interior.com\/wp-content\/uploads\/2026\/02\/disco-shelf-unit-large-natural-56d20db8dd556996fb8cb0431b37235d.jpg\" \/>\n\t<meta property=\"og:image:width\" content=\"1024\" \/>\n\t<meta property=\"og:image:height\" content=\"1024\" \/>\n\t<meta property=\"og:image:type\" content=\"image\/jpeg\" \/>\n<meta name=\"twitter:card\" content=\"summary_large_image\" \/>\n<script type=\"application\/ld+json\" class=\"yoast-schema-graph\">{\"@context\":\"https:\/\/schema.org\",\"@graph\":[{\"@type\":\"WebPage\",\"@id\":\"https:\/\/hubsch-interior.com\/da\/vare\/disco-reol-large-natur\/\",\"url\":\"https:\/\/hubsch-interior.com\/da\/vare\/disco-reol-large-natur\/\",\"name\":\"Disco Reol Large Natur - H\u00fcbsch\",\"isPartOf\":{\"@id\":\"https:\/\/hubsch-interior.com\/da\/#website\"},\"primaryImageOfPage\":{\"@id\":\"https:\/\/hubsch-interior.com\/da\/vare\/disco-reol-large-natur\/#primaryimage\"},\"image\":{\"@id\":\"https:\/\/hubsch-interior.com\/da\/vare\/disco-reol-large-natur\/#primaryimage\"},\"thumbnailUrl\":\"https:\/\/hubsch-interior.com\/wp-content\/uploads\/2026\/02\/disco-shelf-unit-large-natural-56d20db8dd556996fb8cb0431b37235d.jpg\",\"datePublished\":\"2026-01-22T11:06:20+00:00\",\"dateModified\":\"2026-04-05T03:27:06+00:00\",\"description\":\"Tr\u00e6d ind i en verden af organiseret elegance med vores Disco Reol, fremstillet i smukt naturligt egetr\u00e6sfin\u00e9r. Dette FSC-certificerede tr\u00e6m\u00f8bel er ikke\",\"breadcrumb\":{\"@id\":\"https:\/\/hubsch-interior.com\/da\/vare\/disco-reol-large-natur\/#breadcrumb\"},\"inLanguage\":\"da-DK\",\"potentialAction\":[{\"@type\":\"ReadAction\",\"target\":[\"https:\/\/hubsch-interior.com\/da\/vare\/disco-reol-large-natur\/\"]}]},{\"@type\":\"ImageObject\",\"inLanguage\":\"da-DK\",\"@id\":\"https:\/\/hubsch-interior.com\/da\/vare\/disco-reol-large-natur\/#primaryimage\",\"url\":\"https:\/\/hubsch-interior.com\/wp-content\/uploads\/2026\/02\/disco-shelf-unit-large-natural-56d20db8dd556996fb8cb0431b37235d.jpg\",\"contentUrl\":\"https:\/\/hubsch-interior.com\/wp-content\/uploads\/2026\/02\/disco-shelf-unit-large-natural-56d20db8dd556996fb8cb0431b37235d.jpg\",\"width\":1024,\"height\":1024},{\"@type\":\"BreadcrumbList\",\"@id\":\"https:\/\/hubsch-interior.com\/da\/vare\/disco-reol-large-natur\/#breadcrumb\",\"itemListElement\":[{\"@type\":\"ListItem\",\"position\":1,\"name\":\"Forside\",\"item\":\"https:\/\/hubsch-interior.com\/da\/\"},{\"@type\":\"ListItem\",\"position\":2,\"name\":\"Produkter\",\"item\":\"https:\/\/hubsch-interior.com\/da\/produkter\/\"},{\"@type\":\"ListItem\",\"position\":3,\"name\":\"M\u00f8bler\",\"item\":\"https:\/\/hubsch-interior.com\/da\/vare-kategori\/mobler\/\"},{\"@type\":\"ListItem\",\"position\":4,\"name\":\"Reoler &amp; opbevaring\",\"item\":\"https:\/\/hubsch-interior.com\/da\/vare-kategori\/mobler\/reoler-opbevaring-da\/\"},{\"@type\":\"ListItem\",\"position\":5,\"name\":\"Reoler\",\"item\":\"https:\/\/hubsch-interior.com\/da\/vare-kategori\/mobler\/reoler-opbevaring-da\/reoler-da\/\"},{\"@type\":\"ListItem\",\"position\":6,\"name\":\"Disco Reol Large Natur\"}]},{\"@type\":\"WebSite\",\"@id\":\"https:\/\/hubsch-interior.com\/da\/#website\",\"url\":\"https:\/\/hubsch-interior.com\/da\/\",\"name\":\"H\u00fcbsch\",\"description\":\"Danish Home Interior and Design\",\"publisher\":{\"@id\":\"https:\/\/hubsch-interior.com\/da\/#organization\"},\"potentialAction\":[{\"@type\":\"SearchAction\",\"target\":{\"@type\":\"EntryPoint\",\"urlTemplate\":\"https:\/\/hubsch-interior.com\/da\/?s={search_term_string}\"},\"query-input\":{\"@type\":\"PropertyValueSpecification\",\"valueRequired\":true,\"valueName\":\"search_term_string\"}}],\"inLanguage\":\"da-DK\"},{\"@type\":\"Organization\",\"@id\":\"https:\/\/hubsch-interior.com\/da\/#organization\",\"name\":\"H\u00fcbsch\",\"url\":\"https:\/\/hubsch-interior.com\/da\/\",\"logo\":{\"@type\":\"ImageObject\",\"inLanguage\":\"da-DK\",\"@id\":\"https:\/\/hubsch-interior.com\/da\/#\/schema\/logo\/image\/\",\"url\":\"https:\/\/hubsch-interior.com\/wp-content\/uploads\/2022\/12\/Hubsch_logo_black_one_line.svg\",\"contentUrl\":\"https:\/\/hubsch-interior.com\/wp-content\/uploads\/2022\/12\/Hubsch_logo_black_one_line.svg\",\"caption\":\"H\u00fcbsch\"},\"image\":{\"@id\":\"https:\/\/hubsch-interior.com\/da\/#\/schema\/logo\/image\/\"}}]}<\/script>\n<!-- \/ Yoast SEO plugin. -->","yoast_head_json":{"title":"Disco Reol Large Natur - H\u00fcbsch","description":"Tr\u00e6d ind i en verden af organiseret elegance med vores Disco Reol, fremstillet i smukt naturligt egetr\u00e6sfin\u00e9r. Dette FSC-certificerede tr\u00e6m\u00f8bel er ikke","robots":{"index":"index","follow":"follow","max-snippet":"max-snippet:-1","max-image-preview":"max-image-preview:large","max-video-preview":"max-video-preview:-1"},"canonical":"https:\/\/hubsch-interior.com\/da\/wp-json\/wp\/v2\/product\/1080412","og_locale":"da_DK","og_type":"article","og_title":"Disco Reol Large Natur - H\u00fcbsch","og_description":"Tr\u00e6d ind i en verden af organiseret elegance med vores Disco Reol, fremstillet i smukt naturligt egetr\u00e6sfin\u00e9r. Dette FSC-certificerede tr\u00e6m\u00f8bel er ikke","og_url":"https:\/\/hubsch-interior.com\/da\/vare\/disco-reol-large-natur\/","og_site_name":"H\u00fcbsch","article_modified_time":"2026-04-05T03:27:06+00:00","og_image":[{"width":1024,"height":1024,"url":"https:\/\/hubsch-interior.com\/wp-content\/uploads\/2026\/02\/disco-shelf-unit-large-natural-56d20db8dd556996fb8cb0431b37235d.jpg","type":"image\/jpeg"}],"twitter_card":"summary_large_image","schema":{"@context":"https:\/\/schema.org","@graph":[{"@type":"WebPage","@id":"https:\/\/hubsch-interior.com\/da\/vare\/disco-reol-large-natur\/","url":"https:\/\/hubsch-interior.com\/da\/vare\/disco-reol-large-natur\/","name":"Disco Reol Large Natur - H\u00fcbsch","isPartOf":{"@id":"https:\/\/hubsch-interior.com\/da\/#website"},"primaryImageOfPage":{"@id":"https:\/\/hubsch-interior.com\/da\/vare\/disco-reol-large-natur\/#primaryimage"},"image":{"@id":"https:\/\/hubsch-interior.com\/da\/vare\/disco-reol-large-natur\/#primaryimage"},"thumbnailUrl":"https:\/\/hubsch-interior.com\/wp-content\/uploads\/2026\/02\/disco-shelf-unit-large-natural-56d20db8dd556996fb8cb0431b37235d.jpg","datePublished":"2026-01-22T11:06:20+00:00","dateModified":"2026-04-05T03:27:06+00:00","description":"Tr\u00e6d ind i en verden af organiseret elegance med vores Disco Reol, fremstillet i smukt naturligt egetr\u00e6sfin\u00e9r. Dette FSC-certificerede tr\u00e6m\u00f8bel er ikke","breadcrumb":{"@id":"https:\/\/hubsch-interior.com\/da\/vare\/disco-reol-large-natur\/#breadcrumb"},"inLanguage":"da-DK","potentialAction":[{"@type":"ReadAction","target":["https:\/\/hubsch-interior.com\/da\/vare\/disco-reol-large-natur\/"]}]},{"@type":"ImageObject","inLanguage":"da-DK","@id":"https:\/\/hubsch-interior.com\/da\/vare\/disco-reol-large-natur\/#primaryimage","url":"https:\/\/hubsch-interior.com\/wp-content\/uploads\/2026\/02\/disco-shelf-unit-large-natural-56d20db8dd556996fb8cb0431b37235d.jpg","contentUrl":"https:\/\/hubsch-interior.com\/wp-content\/uploads\/2026\/02\/disco-shelf-unit-large-natural-56d20db8dd556996fb8cb0431b37235d.jpg","width":1024,"height":1024},{"@type":"BreadcrumbList","@id":"https:\/\/hubsch-interior.com\/da\/vare\/disco-reol-large-natur\/#breadcrumb","itemListElement":[{"@type":"ListItem","position":1,"name":"Forside","item":"https:\/\/hubsch-interior.com\/da\/"},{"@type":"ListItem","position":2,"name":"Produkter","item":"https:\/\/hubsch-interior.com\/da\/produkter\/"},{"@type":"ListItem","position":3,"name":"M\u00f8bler","item":"https:\/\/hubsch-interior.com\/da\/vare-kategori\/mobler\/"},{"@type":"ListItem","position":4,"name":"Reoler &amp; opbevaring","item":"https:\/\/hubsch-interior.com\/da\/vare-kategori\/mobler\/reoler-opbevaring-da\/"},{"@type":"ListItem","position":5,"name":"Reoler","item":"https:\/\/hubsch-interior.com\/da\/vare-kategori\/mobler\/reoler-opbevaring-da\/reoler-da\/"},{"@type":"ListItem","position":6,"name":"Disco Reol Large Natur"}]},{"@type":"WebSite","@id":"https:\/\/hubsch-interior.com\/da\/#website","url":"https:\/\/hubsch-interior.com\/da\/","name":"H\u00fcbsch","description":"Danish Home Interior and Design","publisher":{"@id":"https:\/\/hubsch-interior.com\/da\/#organization"},"potentialAction":[{"@type":"SearchAction","target":{"@type":"EntryPoint","urlTemplate":"https:\/\/hubsch-interior.com\/da\/?s={search_term_string}"},"query-input":{"@type":"PropertyValueSpecification","valueRequired":true,"valueName":"search_term_string"}}],"inLanguage":"da-DK"},{"@type":"Organization","@id":"https:\/\/hubsch-interior.com\/da\/#organization","name":"H\u00fcbsch","url":"https:\/\/hubsch-interior.com\/da\/","logo":{"@type":"ImageObject","inLanguage":"da-DK","@id":"https:\/\/hubsch-interior.com\/da\/#\/schema\/logo\/image\/","url":"https:\/\/hubsch-interior.com\/wp-content\/uploads\/2022\/12\/Hubsch_logo_black_one_line.svg","contentUrl":"https:\/\/hubsch-interior.com\/wp-content\/uploads\/2022\/12\/Hubsch_logo_black_one_line.svg","caption":"H\u00fcbsch"},"image":{"@id":"https:\/\/hubsch-interior.com\/da\/#\/schema\/logo\/image\/"}}]}},"_links":{"self":[{"href":"https:\/\/hubsch-interior.com\/da\/wp-json\/wp\/v2\/product\/1080412","targetHints":{"allow":["GET"]}}],"collection":[{"href":"https:\/\/hubsch-interior.com\/da\/wp-json\/wp\/v2\/product"}],"about":[{"href":"https:\/\/hubsch-interior.com\/da\/wp-json\/wp\/v2\/types\/product"}],"wp:featuredmedia":[{"embeddable":true,"href":"https:\/\/hubsch-interior.com\/da\/wp-json\/wp\/v2\/media\/1111971"}],"wp:attachment":[{"href":"https:\/\/hubsch-interior.com\/da\/wp-json\/wp\/v2\/media?parent=1080412"}],"wp:term":[{"taxonomy":"product_brand","embeddable":true,"href":"https:\/\/hubsch-interior.com\/da\/wp-json\/wp\/v2\/product_brand?post=1080412"},{"taxonomy":"product_cat","embeddable":true,"href":"https:\/\/hubsch-interior.com\/da\/wp-json\/wp\/v2\/product_cat?post=1080412"},{"taxonomy":"product_tag","embeddable":true,"href":"https:\/\/hubsch-interior.com\/da\/wp-json\/wp\/v2\/product_tag?post=1080412"}],"curies":[{"name":"wp","href":"https:\/\/api.w.org\/{rel}","templated":true}]}}