{"id":1087647,"date":"2026-01-31T03:59:24","date_gmt":"2026-01-31T02:59:24","guid":{"rendered":"https:\/\/hubsch-interior.com\/product\/product\/"},"modified":"2026-04-05T04:39:55","modified_gmt":"2026-04-05T02:39:55","slug":"doodle-lysestage-klar","status":"publish","type":"product","link":"https:\/\/hubsch-interior.com\/da\/vare\/doodle-lysestage-klar\/","title":{"rendered":"Doodle Lysestage Klar"},"content":{"rendered":"<p>Som en skitse bragt til live i glas. Doodle Lysestage i klart glas leger med lys og linjer, og bl\u00f8dg\u00f8r skarpe kanter med sin flydende, legesyge form. Som en af fire unikke varianter bringer den varme og finurlighed til dine aftener, og lyser blidt op ved hvert flakkende lys. Dens teksturerede overflade fanger flammen og spreder den bl\u00f8dt, hvilket animerer dit rum med bev\u00e6gelse og charme. Et livsglad stykke, der omdanner stearinlysets sk\u00e6r til en stille fejring.<\/p>\n","protected":false},"excerpt":{"rendered":"<p>Som en skitse bragt til live i glas. Doodle Lysestage i klart glas leger med lys og linjer, og bl\u00f8dg\u00f8r skarpe kanter med sin flydende, legesyge form. Som en af fire unikke varianter bringer den varme og finurlighed til dine aftener, og lyser blidt op ved hvert flakkende lys. Dens teksturerede overflade fanger flammen og [&hellip;]<\/p>\n","protected":false},"featured_media":1099615,"template":"","meta":{"_acf_changed":false,"inline_featured_image":false},"product_brand":[],"product_cat":[7153,4064,4063,5079,5045,6517,6970],"product_tag":[],"class_list":{"0":"post-1087647","1":"product","2":"type-product","3":"status-publish","4":"has-post-thumbnail","6":"product_cat-dweller-da","7":"product_cat-lysestager-da","8":"product_cat-lysestager-lanterner-da","9":"product_cat-netop-ankommet-da","10":"product_cat-nyheder-da","11":"product_cat-outlet-da","12":"product_cat-paaskeudsalg","13":"product_shipping_class-pk","15":"pa_color-klar","16":"pa_material-glas-da","18":"first","19":"instock","20":"sale","21":"taxable","22":"shipping-taxable","23":"purchasable","24":"product-type-simple"},"exclude_global_add_ons":[],"addons":[],"acf":[],"yoast_head":"<!-- This site is optimized with the Yoast SEO plugin v26.4 - https:\/\/yoast.com\/wordpress\/plugins\/seo\/ -->\n<title>Doodle Lysestage Klar - H\u00fcbsch<\/title>\n<meta name=\"description\" content=\"Som en skitse bragt til live i glas. Doodle Lysestage i klart glas leger med lys og linjer, og bl\u00f8dg\u00f8r skarpe kanter med sin flydende, legesyge form. Som\" \/>\n<meta name=\"robots\" content=\"index, follow, max-snippet:-1, max-image-preview:large, max-video-preview:-1\" \/>\n<link rel=\"canonical\" href=\"https:\/\/hubsch-interior.com\/da\/wp-json\/wp\/v2\/product\/1087647\" \/>\n<meta property=\"og:locale\" content=\"da_DK\" \/>\n<meta property=\"og:type\" content=\"article\" \/>\n<meta property=\"og:title\" content=\"Doodle Lysestage Klar - H\u00fcbsch\" \/>\n<meta property=\"og:description\" content=\"Som en skitse bragt til live i glas. Doodle Lysestage i klart glas leger med lys og linjer, og bl\u00f8dg\u00f8r skarpe kanter med sin flydende, legesyge form. Som\" \/>\n<meta property=\"og:url\" content=\"https:\/\/hubsch-interior.com\/da\/vare\/doodle-lysestage-klar\/\" \/>\n<meta property=\"og:site_name\" content=\"H\u00fcbsch\" \/>\n<meta property=\"article:modified_time\" content=\"2026-04-05T02:39:55+00:00\" \/>\n<meta property=\"og:image\" content=\"https:\/\/hubsch-interior.com\/wp-content\/uploads\/2026\/01\/doodle-candleholder-clear-477dd4dccc530de753687d723a214559.jpg\" \/>\n\t<meta property=\"og:image:width\" content=\"1200\" \/>\n\t<meta property=\"og:image:height\" content=\"1200\" \/>\n\t<meta property=\"og:image:type\" content=\"image\/jpeg\" \/>\n<meta name=\"twitter:card\" content=\"summary_large_image\" \/>\n<script type=\"application\/ld+json\" class=\"yoast-schema-graph\">{\"@context\":\"https:\/\/schema.org\",\"@graph\":[{\"@type\":\"WebPage\",\"@id\":\"https:\/\/hubsch-interior.com\/da\/vare\/doodle-lysestage-klar\/\",\"url\":\"https:\/\/hubsch-interior.com\/da\/vare\/doodle-lysestage-klar\/\",\"name\":\"Doodle Lysestage Klar - H\u00fcbsch\",\"isPartOf\":{\"@id\":\"https:\/\/hubsch-interior.com\/da\/#website\"},\"primaryImageOfPage\":{\"@id\":\"https:\/\/hubsch-interior.com\/da\/vare\/doodle-lysestage-klar\/#primaryimage\"},\"image\":{\"@id\":\"https:\/\/hubsch-interior.com\/da\/vare\/doodle-lysestage-klar\/#primaryimage\"},\"thumbnailUrl\":\"https:\/\/hubsch-interior.com\/wp-content\/uploads\/2026\/02\/doodle-candleholder-clear-fdd25f319da7be4e8362294dd32eba76.jpg\",\"datePublished\":\"2026-01-31T02:59:24+00:00\",\"dateModified\":\"2026-04-05T02:39:55+00:00\",\"description\":\"Som en skitse bragt til live i glas. Doodle Lysestage i klart glas leger med lys og linjer, og bl\u00f8dg\u00f8r skarpe kanter med sin flydende, legesyge form. Som\",\"breadcrumb\":{\"@id\":\"https:\/\/hubsch-interior.com\/da\/vare\/doodle-lysestage-klar\/#breadcrumb\"},\"inLanguage\":\"da-DK\",\"potentialAction\":[{\"@type\":\"ReadAction\",\"target\":[\"https:\/\/hubsch-interior.com\/da\/vare\/doodle-lysestage-klar\/\"]}]},{\"@type\":\"ImageObject\",\"inLanguage\":\"da-DK\",\"@id\":\"https:\/\/hubsch-interior.com\/da\/vare\/doodle-lysestage-klar\/#primaryimage\",\"url\":\"https:\/\/hubsch-interior.com\/wp-content\/uploads\/2026\/02\/doodle-candleholder-clear-fdd25f319da7be4e8362294dd32eba76.jpg\",\"contentUrl\":\"https:\/\/hubsch-interior.com\/wp-content\/uploads\/2026\/02\/doodle-candleholder-clear-fdd25f319da7be4e8362294dd32eba76.jpg\",\"width\":1024,\"height\":1024},{\"@type\":\"BreadcrumbList\",\"@id\":\"https:\/\/hubsch-interior.com\/da\/vare\/doodle-lysestage-klar\/#breadcrumb\",\"itemListElement\":[{\"@type\":\"ListItem\",\"position\":1,\"name\":\"Forside\",\"item\":\"https:\/\/hubsch-interior.com\/da\/\"},{\"@type\":\"ListItem\",\"position\":2,\"name\":\"Produkter\",\"item\":\"https:\/\/hubsch-interior.com\/da\/produkter\/\"},{\"@type\":\"ListItem\",\"position\":3,\"name\":\"Boligtilbeh\u00f8r\",\"item\":\"https:\/\/hubsch-interior.com\/da\/vare-kategori\/boligtilbehor\/\"},{\"@type\":\"ListItem\",\"position\":4,\"name\":\"Lysestager &amp; Lanterner\",\"item\":\"https:\/\/hubsch-interior.com\/da\/vare-kategori\/boligtilbehor\/lysestager-lanterner-da\/\"},{\"@type\":\"ListItem\",\"position\":5,\"name\":\"Lysestager\",\"item\":\"https:\/\/hubsch-interior.com\/da\/vare-kategori\/boligtilbehor\/lysestager-lanterner-da\/lysestager-da\/\"},{\"@type\":\"ListItem\",\"position\":6,\"name\":\"Doodle Lysestage Klar\"}]},{\"@type\":\"WebSite\",\"@id\":\"https:\/\/hubsch-interior.com\/da\/#website\",\"url\":\"https:\/\/hubsch-interior.com\/da\/\",\"name\":\"H\u00fcbsch\",\"description\":\"Danish Home Interior and Design\",\"publisher\":{\"@id\":\"https:\/\/hubsch-interior.com\/da\/#organization\"},\"potentialAction\":[{\"@type\":\"SearchAction\",\"target\":{\"@type\":\"EntryPoint\",\"urlTemplate\":\"https:\/\/hubsch-interior.com\/da\/?s={search_term_string}\"},\"query-input\":{\"@type\":\"PropertyValueSpecification\",\"valueRequired\":true,\"valueName\":\"search_term_string\"}}],\"inLanguage\":\"da-DK\"},{\"@type\":\"Organization\",\"@id\":\"https:\/\/hubsch-interior.com\/da\/#organization\",\"name\":\"H\u00fcbsch\",\"url\":\"https:\/\/hubsch-interior.com\/da\/\",\"logo\":{\"@type\":\"ImageObject\",\"inLanguage\":\"da-DK\",\"@id\":\"https:\/\/hubsch-interior.com\/da\/#\/schema\/logo\/image\/\",\"url\":\"https:\/\/hubsch-interior.com\/wp-content\/uploads\/2022\/12\/Hubsch_logo_black_one_line.svg\",\"contentUrl\":\"https:\/\/hubsch-interior.com\/wp-content\/uploads\/2022\/12\/Hubsch_logo_black_one_line.svg\",\"caption\":\"H\u00fcbsch\"},\"image\":{\"@id\":\"https:\/\/hubsch-interior.com\/da\/#\/schema\/logo\/image\/\"}}]}<\/script>\n<!-- \/ Yoast SEO plugin. -->","yoast_head_json":{"title":"Doodle Lysestage Klar - H\u00fcbsch","description":"Som en skitse bragt til live i glas. Doodle Lysestage i klart glas leger med lys og linjer, og bl\u00f8dg\u00f8r skarpe kanter med sin flydende, legesyge form. Som","robots":{"index":"index","follow":"follow","max-snippet":"max-snippet:-1","max-image-preview":"max-image-preview:large","max-video-preview":"max-video-preview:-1"},"canonical":"https:\/\/hubsch-interior.com\/da\/wp-json\/wp\/v2\/product\/1087647","og_locale":"da_DK","og_type":"article","og_title":"Doodle Lysestage Klar - H\u00fcbsch","og_description":"Som en skitse bragt til live i glas. Doodle Lysestage i klart glas leger med lys og linjer, og bl\u00f8dg\u00f8r skarpe kanter med sin flydende, legesyge form. Som","og_url":"https:\/\/hubsch-interior.com\/da\/vare\/doodle-lysestage-klar\/","og_site_name":"H\u00fcbsch","article_modified_time":"2026-04-05T02:39:55+00:00","og_image":[{"width":1200,"height":1200,"url":"https:\/\/hubsch-interior.com\/wp-content\/uploads\/2026\/01\/doodle-candleholder-clear-477dd4dccc530de753687d723a214559.jpg","type":"image\/jpeg"}],"twitter_card":"summary_large_image","schema":{"@context":"https:\/\/schema.org","@graph":[{"@type":"WebPage","@id":"https:\/\/hubsch-interior.com\/da\/vare\/doodle-lysestage-klar\/","url":"https:\/\/hubsch-interior.com\/da\/vare\/doodle-lysestage-klar\/","name":"Doodle Lysestage Klar - H\u00fcbsch","isPartOf":{"@id":"https:\/\/hubsch-interior.com\/da\/#website"},"primaryImageOfPage":{"@id":"https:\/\/hubsch-interior.com\/da\/vare\/doodle-lysestage-klar\/#primaryimage"},"image":{"@id":"https:\/\/hubsch-interior.com\/da\/vare\/doodle-lysestage-klar\/#primaryimage"},"thumbnailUrl":"https:\/\/hubsch-interior.com\/wp-content\/uploads\/2026\/02\/doodle-candleholder-clear-fdd25f319da7be4e8362294dd32eba76.jpg","datePublished":"2026-01-31T02:59:24+00:00","dateModified":"2026-04-05T02:39:55+00:00","description":"Som en skitse bragt til live i glas. Doodle Lysestage i klart glas leger med lys og linjer, og bl\u00f8dg\u00f8r skarpe kanter med sin flydende, legesyge form. Som","breadcrumb":{"@id":"https:\/\/hubsch-interior.com\/da\/vare\/doodle-lysestage-klar\/#breadcrumb"},"inLanguage":"da-DK","potentialAction":[{"@type":"ReadAction","target":["https:\/\/hubsch-interior.com\/da\/vare\/doodle-lysestage-klar\/"]}]},{"@type":"ImageObject","inLanguage":"da-DK","@id":"https:\/\/hubsch-interior.com\/da\/vare\/doodle-lysestage-klar\/#primaryimage","url":"https:\/\/hubsch-interior.com\/wp-content\/uploads\/2026\/02\/doodle-candleholder-clear-fdd25f319da7be4e8362294dd32eba76.jpg","contentUrl":"https:\/\/hubsch-interior.com\/wp-content\/uploads\/2026\/02\/doodle-candleholder-clear-fdd25f319da7be4e8362294dd32eba76.jpg","width":1024,"height":1024},{"@type":"BreadcrumbList","@id":"https:\/\/hubsch-interior.com\/da\/vare\/doodle-lysestage-klar\/#breadcrumb","itemListElement":[{"@type":"ListItem","position":1,"name":"Forside","item":"https:\/\/hubsch-interior.com\/da\/"},{"@type":"ListItem","position":2,"name":"Produkter","item":"https:\/\/hubsch-interior.com\/da\/produkter\/"},{"@type":"ListItem","position":3,"name":"Boligtilbeh\u00f8r","item":"https:\/\/hubsch-interior.com\/da\/vare-kategori\/boligtilbehor\/"},{"@type":"ListItem","position":4,"name":"Lysestager &amp; Lanterner","item":"https:\/\/hubsch-interior.com\/da\/vare-kategori\/boligtilbehor\/lysestager-lanterner-da\/"},{"@type":"ListItem","position":5,"name":"Lysestager","item":"https:\/\/hubsch-interior.com\/da\/vare-kategori\/boligtilbehor\/lysestager-lanterner-da\/lysestager-da\/"},{"@type":"ListItem","position":6,"name":"Doodle Lysestage Klar"}]},{"@type":"WebSite","@id":"https:\/\/hubsch-interior.com\/da\/#website","url":"https:\/\/hubsch-interior.com\/da\/","name":"H\u00fcbsch","description":"Danish Home Interior and Design","publisher":{"@id":"https:\/\/hubsch-interior.com\/da\/#organization"},"potentialAction":[{"@type":"SearchAction","target":{"@type":"EntryPoint","urlTemplate":"https:\/\/hubsch-interior.com\/da\/?s={search_term_string}"},"query-input":{"@type":"PropertyValueSpecification","valueRequired":true,"valueName":"search_term_string"}}],"inLanguage":"da-DK"},{"@type":"Organization","@id":"https:\/\/hubsch-interior.com\/da\/#organization","name":"H\u00fcbsch","url":"https:\/\/hubsch-interior.com\/da\/","logo":{"@type":"ImageObject","inLanguage":"da-DK","@id":"https:\/\/hubsch-interior.com\/da\/#\/schema\/logo\/image\/","url":"https:\/\/hubsch-interior.com\/wp-content\/uploads\/2022\/12\/Hubsch_logo_black_one_line.svg","contentUrl":"https:\/\/hubsch-interior.com\/wp-content\/uploads\/2022\/12\/Hubsch_logo_black_one_line.svg","caption":"H\u00fcbsch"},"image":{"@id":"https:\/\/hubsch-interior.com\/da\/#\/schema\/logo\/image\/"}}]}},"_links":{"self":[{"href":"https:\/\/hubsch-interior.com\/da\/wp-json\/wp\/v2\/product\/1087647","targetHints":{"allow":["GET"]}}],"collection":[{"href":"https:\/\/hubsch-interior.com\/da\/wp-json\/wp\/v2\/product"}],"about":[{"href":"https:\/\/hubsch-interior.com\/da\/wp-json\/wp\/v2\/types\/product"}],"wp:featuredmedia":[{"embeddable":true,"href":"https:\/\/hubsch-interior.com\/da\/wp-json\/wp\/v2\/media\/1099615"}],"wp:attachment":[{"href":"https:\/\/hubsch-interior.com\/da\/wp-json\/wp\/v2\/media?parent=1087647"}],"wp:term":[{"taxonomy":"product_brand","embeddable":true,"href":"https:\/\/hubsch-interior.com\/da\/wp-json\/wp\/v2\/product_brand?post=1087647"},{"taxonomy":"product_cat","embeddable":true,"href":"https:\/\/hubsch-interior.com\/da\/wp-json\/wp\/v2\/product_cat?post=1087647"},{"taxonomy":"product_tag","embeddable":true,"href":"https:\/\/hubsch-interior.com\/da\/wp-json\/wp\/v2\/product_tag?post=1087647"}],"curies":[{"name":"wp","href":"https:\/\/api.w.org\/{rel}","templated":true}]}}