{"id":1087691,"date":"2026-01-31T03:59:50","date_gmt":"2026-01-31T02:59:50","guid":{"rendered":"https:\/\/hubsch-interior.com\/product\/product\/"},"modified":"2026-04-05T04:40:04","modified_gmt":"2026-04-05T02:40:04","slug":"doodle-lysestage-bla","status":"publish","type":"product","link":"https:\/\/hubsch-interior.com\/da\/vare\/doodle-lysestage-bla\/","title":{"rendered":"Doodle Lysestage Bl\u00e5"},"content":{"rendered":"<p>Som en skitse, der bliver levende i glas. Doodle Lysestage i bl\u00f8d bl\u00e5 tilf\u00f8rer en k\u00f8lig, beroligende farve til dit rum, bl\u00f8dgjort af dens flydende og legende silhuet. Som en af fire unikke varianter bringer den varme og humor til dine aftener, og lyser svagt ved hvert flakkende sk\u00e6r. Dens teksturerede overflade fanger flammen og spreder den blidt, hvilket bringer bev\u00e6gelse og charme til dit rum. Et stille fyrt\u00e5rn af lys og kreativitet \u2014 klar til at oplyse selv de enkleste \u00f8jeblikke.<\/p>\n","protected":false},"excerpt":{"rendered":"<p>Som en skitse, der bliver levende i glas. Doodle Lysestage i bl\u00f8d bl\u00e5 tilf\u00f8rer en k\u00f8lig, beroligende farve til dit rum, bl\u00f8dgjort af dens flydende og legende silhuet. Som en af fire unikke varianter bringer den varme og humor til dine aftener, og lyser svagt ved hvert flakkende sk\u00e6r. Dens teksturerede overflade fanger flammen og [&hellip;]<\/p>\n","protected":false},"featured_media":1099655,"template":"","meta":{"_acf_changed":false,"inline_featured_image":false},"product_brand":[],"product_cat":[7153,6970,4063,4064,5045,6517],"product_tag":[],"class_list":{"0":"post-1087691","1":"product","2":"type-product","3":"status-publish","4":"has-post-thumbnail","6":"product_cat-dweller-da","7":"product_cat-paaskeudsalg","8":"product_cat-lysestager-lanterner-da","9":"product_cat-lysestager-da","10":"product_cat-nyheder-da","11":"product_cat-outlet-da","12":"product_shipping_class-pk","14":"pa_color-bl","15":"pa_material-glas-da","17":"first","18":"instock","19":"sale","20":"taxable","21":"shipping-taxable","22":"purchasable","23":"product-type-simple"},"exclude_global_add_ons":[],"addons":[],"acf":[],"yoast_head":"<!-- This site is optimized with the Yoast SEO plugin v26.4 - https:\/\/yoast.com\/wordpress\/plugins\/seo\/ -->\n<title>Doodle Lysestage Bl\u00e5 - H\u00fcbsch<\/title>\n<meta name=\"description\" content=\"Som en skitse, der bliver levende i glas. Doodle Lysestage i bl\u00f8d bl\u00e5 tilf\u00f8rer en k\u00f8lig, beroligende farve til dit rum, bl\u00f8dgjort af dens flydende og\" \/>\n<meta name=\"robots\" content=\"index, follow, max-snippet:-1, max-image-preview:large, max-video-preview:-1\" \/>\n<link rel=\"canonical\" href=\"https:\/\/hubsch-interior.com\/da\/wp-json\/wp\/v2\/product\/1087691\" \/>\n<meta property=\"og:locale\" content=\"da_DK\" \/>\n<meta property=\"og:type\" content=\"article\" \/>\n<meta property=\"og:title\" content=\"Doodle Lysestage Bl\u00e5 - H\u00fcbsch\" \/>\n<meta property=\"og:description\" content=\"Som en skitse, der bliver levende i glas. Doodle Lysestage i bl\u00f8d bl\u00e5 tilf\u00f8rer en k\u00f8lig, beroligende farve til dit rum, bl\u00f8dgjort af dens flydende og\" \/>\n<meta property=\"og:url\" content=\"https:\/\/hubsch-interior.com\/da\/vare\/doodle-lysestage-bla\/\" \/>\n<meta property=\"og:site_name\" content=\"H\u00fcbsch\" \/>\n<meta property=\"article:modified_time\" content=\"2026-04-05T02:40:04+00:00\" \/>\n<meta property=\"og:image\" content=\"https:\/\/hubsch-interior.com\/wp-content\/uploads\/2026\/02\/doodle-candleholder-blue-7a693226184fad741ff1c235016b450b.jpg\" \/>\n\t<meta property=\"og:image:width\" content=\"1024\" \/>\n\t<meta property=\"og:image:height\" content=\"1024\" \/>\n\t<meta property=\"og:image:type\" content=\"image\/jpeg\" \/>\n<meta name=\"twitter:card\" content=\"summary_large_image\" \/>\n<script type=\"application\/ld+json\" class=\"yoast-schema-graph\">{\"@context\":\"https:\/\/schema.org\",\"@graph\":[{\"@type\":\"WebPage\",\"@id\":\"https:\/\/hubsch-interior.com\/da\/vare\/doodle-lysestage-bla\/\",\"url\":\"https:\/\/hubsch-interior.com\/da\/vare\/doodle-lysestage-bla\/\",\"name\":\"Doodle Lysestage Bl\u00e5 - H\u00fcbsch\",\"isPartOf\":{\"@id\":\"https:\/\/hubsch-interior.com\/da\/#website\"},\"primaryImageOfPage\":{\"@id\":\"https:\/\/hubsch-interior.com\/da\/vare\/doodle-lysestage-bla\/#primaryimage\"},\"image\":{\"@id\":\"https:\/\/hubsch-interior.com\/da\/vare\/doodle-lysestage-bla\/#primaryimage\"},\"thumbnailUrl\":\"https:\/\/hubsch-interior.com\/wp-content\/uploads\/2026\/02\/doodle-candleholder-blue-7a693226184fad741ff1c235016b450b.jpg\",\"datePublished\":\"2026-01-31T02:59:50+00:00\",\"dateModified\":\"2026-04-05T02:40:04+00:00\",\"description\":\"Som en skitse, der bliver levende i glas. Doodle Lysestage i bl\u00f8d bl\u00e5 tilf\u00f8rer en k\u00f8lig, beroligende farve til dit rum, bl\u00f8dgjort af dens flydende og\",\"breadcrumb\":{\"@id\":\"https:\/\/hubsch-interior.com\/da\/vare\/doodle-lysestage-bla\/#breadcrumb\"},\"inLanguage\":\"da-DK\",\"potentialAction\":[{\"@type\":\"ReadAction\",\"target\":[\"https:\/\/hubsch-interior.com\/da\/vare\/doodle-lysestage-bla\/\"]}]},{\"@type\":\"ImageObject\",\"inLanguage\":\"da-DK\",\"@id\":\"https:\/\/hubsch-interior.com\/da\/vare\/doodle-lysestage-bla\/#primaryimage\",\"url\":\"https:\/\/hubsch-interior.com\/wp-content\/uploads\/2026\/02\/doodle-candleholder-blue-7a693226184fad741ff1c235016b450b.jpg\",\"contentUrl\":\"https:\/\/hubsch-interior.com\/wp-content\/uploads\/2026\/02\/doodle-candleholder-blue-7a693226184fad741ff1c235016b450b.jpg\",\"width\":1024,\"height\":1024},{\"@type\":\"BreadcrumbList\",\"@id\":\"https:\/\/hubsch-interior.com\/da\/vare\/doodle-lysestage-bla\/#breadcrumb\",\"itemListElement\":[{\"@type\":\"ListItem\",\"position\":1,\"name\":\"Forside\",\"item\":\"https:\/\/hubsch-interior.com\/da\/\"},{\"@type\":\"ListItem\",\"position\":2,\"name\":\"Produkter\",\"item\":\"https:\/\/hubsch-interior.com\/da\/produkter\/\"},{\"@type\":\"ListItem\",\"position\":3,\"name\":\"Boligtilbeh\u00f8r\",\"item\":\"https:\/\/hubsch-interior.com\/da\/vare-kategori\/boligtilbehor\/\"},{\"@type\":\"ListItem\",\"position\":4,\"name\":\"Lysestager &amp; Lanterner\",\"item\":\"https:\/\/hubsch-interior.com\/da\/vare-kategori\/boligtilbehor\/lysestager-lanterner-da\/\"},{\"@type\":\"ListItem\",\"position\":5,\"name\":\"Lysestager\",\"item\":\"https:\/\/hubsch-interior.com\/da\/vare-kategori\/boligtilbehor\/lysestager-lanterner-da\/lysestager-da\/\"},{\"@type\":\"ListItem\",\"position\":6,\"name\":\"Doodle Lysestage Bl\u00e5\"}]},{\"@type\":\"WebSite\",\"@id\":\"https:\/\/hubsch-interior.com\/da\/#website\",\"url\":\"https:\/\/hubsch-interior.com\/da\/\",\"name\":\"H\u00fcbsch\",\"description\":\"Danish Home Interior and Design\",\"publisher\":{\"@id\":\"https:\/\/hubsch-interior.com\/da\/#organization\"},\"potentialAction\":[{\"@type\":\"SearchAction\",\"target\":{\"@type\":\"EntryPoint\",\"urlTemplate\":\"https:\/\/hubsch-interior.com\/da\/?s={search_term_string}\"},\"query-input\":{\"@type\":\"PropertyValueSpecification\",\"valueRequired\":true,\"valueName\":\"search_term_string\"}}],\"inLanguage\":\"da-DK\"},{\"@type\":\"Organization\",\"@id\":\"https:\/\/hubsch-interior.com\/da\/#organization\",\"name\":\"H\u00fcbsch\",\"url\":\"https:\/\/hubsch-interior.com\/da\/\",\"logo\":{\"@type\":\"ImageObject\",\"inLanguage\":\"da-DK\",\"@id\":\"https:\/\/hubsch-interior.com\/da\/#\/schema\/logo\/image\/\",\"url\":\"https:\/\/hubsch-interior.com\/wp-content\/uploads\/2022\/12\/Hubsch_logo_black_one_line.svg\",\"contentUrl\":\"https:\/\/hubsch-interior.com\/wp-content\/uploads\/2022\/12\/Hubsch_logo_black_one_line.svg\",\"caption\":\"H\u00fcbsch\"},\"image\":{\"@id\":\"https:\/\/hubsch-interior.com\/da\/#\/schema\/logo\/image\/\"}}]}<\/script>\n<!-- \/ Yoast SEO plugin. -->","yoast_head_json":{"title":"Doodle Lysestage Bl\u00e5 - H\u00fcbsch","description":"Som en skitse, der bliver levende i glas. Doodle Lysestage i bl\u00f8d bl\u00e5 tilf\u00f8rer en k\u00f8lig, beroligende farve til dit rum, bl\u00f8dgjort af dens flydende og","robots":{"index":"index","follow":"follow","max-snippet":"max-snippet:-1","max-image-preview":"max-image-preview:large","max-video-preview":"max-video-preview:-1"},"canonical":"https:\/\/hubsch-interior.com\/da\/wp-json\/wp\/v2\/product\/1087691","og_locale":"da_DK","og_type":"article","og_title":"Doodle Lysestage Bl\u00e5 - H\u00fcbsch","og_description":"Som en skitse, der bliver levende i glas. Doodle Lysestage i bl\u00f8d bl\u00e5 tilf\u00f8rer en k\u00f8lig, beroligende farve til dit rum, bl\u00f8dgjort af dens flydende og","og_url":"https:\/\/hubsch-interior.com\/da\/vare\/doodle-lysestage-bla\/","og_site_name":"H\u00fcbsch","article_modified_time":"2026-04-05T02:40:04+00:00","og_image":[{"width":1024,"height":1024,"url":"https:\/\/hubsch-interior.com\/wp-content\/uploads\/2026\/02\/doodle-candleholder-blue-7a693226184fad741ff1c235016b450b.jpg","type":"image\/jpeg"}],"twitter_card":"summary_large_image","schema":{"@context":"https:\/\/schema.org","@graph":[{"@type":"WebPage","@id":"https:\/\/hubsch-interior.com\/da\/vare\/doodle-lysestage-bla\/","url":"https:\/\/hubsch-interior.com\/da\/vare\/doodle-lysestage-bla\/","name":"Doodle Lysestage Bl\u00e5 - H\u00fcbsch","isPartOf":{"@id":"https:\/\/hubsch-interior.com\/da\/#website"},"primaryImageOfPage":{"@id":"https:\/\/hubsch-interior.com\/da\/vare\/doodle-lysestage-bla\/#primaryimage"},"image":{"@id":"https:\/\/hubsch-interior.com\/da\/vare\/doodle-lysestage-bla\/#primaryimage"},"thumbnailUrl":"https:\/\/hubsch-interior.com\/wp-content\/uploads\/2026\/02\/doodle-candleholder-blue-7a693226184fad741ff1c235016b450b.jpg","datePublished":"2026-01-31T02:59:50+00:00","dateModified":"2026-04-05T02:40:04+00:00","description":"Som en skitse, der bliver levende i glas. Doodle Lysestage i bl\u00f8d bl\u00e5 tilf\u00f8rer en k\u00f8lig, beroligende farve til dit rum, bl\u00f8dgjort af dens flydende og","breadcrumb":{"@id":"https:\/\/hubsch-interior.com\/da\/vare\/doodle-lysestage-bla\/#breadcrumb"},"inLanguage":"da-DK","potentialAction":[{"@type":"ReadAction","target":["https:\/\/hubsch-interior.com\/da\/vare\/doodle-lysestage-bla\/"]}]},{"@type":"ImageObject","inLanguage":"da-DK","@id":"https:\/\/hubsch-interior.com\/da\/vare\/doodle-lysestage-bla\/#primaryimage","url":"https:\/\/hubsch-interior.com\/wp-content\/uploads\/2026\/02\/doodle-candleholder-blue-7a693226184fad741ff1c235016b450b.jpg","contentUrl":"https:\/\/hubsch-interior.com\/wp-content\/uploads\/2026\/02\/doodle-candleholder-blue-7a693226184fad741ff1c235016b450b.jpg","width":1024,"height":1024},{"@type":"BreadcrumbList","@id":"https:\/\/hubsch-interior.com\/da\/vare\/doodle-lysestage-bla\/#breadcrumb","itemListElement":[{"@type":"ListItem","position":1,"name":"Forside","item":"https:\/\/hubsch-interior.com\/da\/"},{"@type":"ListItem","position":2,"name":"Produkter","item":"https:\/\/hubsch-interior.com\/da\/produkter\/"},{"@type":"ListItem","position":3,"name":"Boligtilbeh\u00f8r","item":"https:\/\/hubsch-interior.com\/da\/vare-kategori\/boligtilbehor\/"},{"@type":"ListItem","position":4,"name":"Lysestager &amp; Lanterner","item":"https:\/\/hubsch-interior.com\/da\/vare-kategori\/boligtilbehor\/lysestager-lanterner-da\/"},{"@type":"ListItem","position":5,"name":"Lysestager","item":"https:\/\/hubsch-interior.com\/da\/vare-kategori\/boligtilbehor\/lysestager-lanterner-da\/lysestager-da\/"},{"@type":"ListItem","position":6,"name":"Doodle Lysestage Bl\u00e5"}]},{"@type":"WebSite","@id":"https:\/\/hubsch-interior.com\/da\/#website","url":"https:\/\/hubsch-interior.com\/da\/","name":"H\u00fcbsch","description":"Danish Home Interior and Design","publisher":{"@id":"https:\/\/hubsch-interior.com\/da\/#organization"},"potentialAction":[{"@type":"SearchAction","target":{"@type":"EntryPoint","urlTemplate":"https:\/\/hubsch-interior.com\/da\/?s={search_term_string}"},"query-input":{"@type":"PropertyValueSpecification","valueRequired":true,"valueName":"search_term_string"}}],"inLanguage":"da-DK"},{"@type":"Organization","@id":"https:\/\/hubsch-interior.com\/da\/#organization","name":"H\u00fcbsch","url":"https:\/\/hubsch-interior.com\/da\/","logo":{"@type":"ImageObject","inLanguage":"da-DK","@id":"https:\/\/hubsch-interior.com\/da\/#\/schema\/logo\/image\/","url":"https:\/\/hubsch-interior.com\/wp-content\/uploads\/2022\/12\/Hubsch_logo_black_one_line.svg","contentUrl":"https:\/\/hubsch-interior.com\/wp-content\/uploads\/2022\/12\/Hubsch_logo_black_one_line.svg","caption":"H\u00fcbsch"},"image":{"@id":"https:\/\/hubsch-interior.com\/da\/#\/schema\/logo\/image\/"}}]}},"_links":{"self":[{"href":"https:\/\/hubsch-interior.com\/da\/wp-json\/wp\/v2\/product\/1087691","targetHints":{"allow":["GET"]}}],"collection":[{"href":"https:\/\/hubsch-interior.com\/da\/wp-json\/wp\/v2\/product"}],"about":[{"href":"https:\/\/hubsch-interior.com\/da\/wp-json\/wp\/v2\/types\/product"}],"wp:featuredmedia":[{"embeddable":true,"href":"https:\/\/hubsch-interior.com\/da\/wp-json\/wp\/v2\/media\/1099655"}],"wp:attachment":[{"href":"https:\/\/hubsch-interior.com\/da\/wp-json\/wp\/v2\/media?parent=1087691"}],"wp:term":[{"taxonomy":"product_brand","embeddable":true,"href":"https:\/\/hubsch-interior.com\/da\/wp-json\/wp\/v2\/product_brand?post=1087691"},{"taxonomy":"product_cat","embeddable":true,"href":"https:\/\/hubsch-interior.com\/da\/wp-json\/wp\/v2\/product_cat?post=1087691"},{"taxonomy":"product_tag","embeddable":true,"href":"https:\/\/hubsch-interior.com\/da\/wp-json\/wp\/v2\/product_tag?post=1087691"}],"curies":[{"name":"wp","href":"https:\/\/api.w.org\/{rel}","templated":true}]}}