{"id":1087707,"date":"2026-01-31T04:00:00","date_gmt":"2026-01-31T03:00:00","guid":{"rendered":"https:\/\/hubsch-interior.com\/product\/product\/"},"modified":"2026-04-05T04:40:07","modified_gmt":"2026-04-05T02:40:07","slug":"fuyu-vaser-klar-saet-af-3","status":"publish","type":"product","link":"https:\/\/hubsch-interior.com\/da\/vare\/fuyu-vaser-klar-saet-af-3\/","title":{"rendered":"Fuyu Vaser Klar (s\u00e6t af 3)"},"content":{"rendered":"<p>Hvor lys m\u00f8der tekstur i legende former. Fuyu Vaser i klart glas fortryller med deres bl\u00f8dt udformede former og b\u00f8lgende overflader, der fanger \u00f8jet \u2013 selv uden en eneste stilk indeni. Hver vase omdanner sollys til dansende m\u00f8nstre og forvandler overflader til sm\u00e5 unikke farvespil. Udstil dem som en harmonisk trio eller lad hver enkelt st\u00e5 for sig; deres organiske former tilf\u00f8jer stille elegance og kunstnerisk charme, uanset hvor de placeres.<\/p>\n","protected":false},"excerpt":{"rendered":"<p>Hvor lys m\u00f8der tekstur i legende former. Fuyu Vaser i klart glas fortryller med deres bl\u00f8dt udformede former og b\u00f8lgende overflader, der fanger \u00f8jet \u2013 selv uden en eneste stilk indeni. Hver vase omdanner sollys til dansende m\u00f8nstre og forvandler overflader til sm\u00e5 unikke farvespil. Udstil dem som en harmonisk trio eller lad hver enkelt [&hellip;]<\/p>\n","protected":false},"featured_media":1099675,"template":"","meta":{"_acf_changed":false,"inline_featured_image":false},"product_brand":[],"product_cat":[7153,6970,3152,5045,6517],"product_tag":[],"class_list":{"0":"post-1087707","1":"product","2":"type-product","3":"status-publish","4":"has-post-thumbnail","6":"product_cat-dweller-da","7":"product_cat-paaskeudsalg","8":"product_cat-vaser-da","9":"product_cat-nyheder-da","10":"product_cat-outlet-da","11":"product_shipping_class-pk","13":"pa_color-klar","14":"pa_material-glas-da","16":"first","17":"instock","18":"sale","19":"taxable","20":"shipping-taxable","21":"purchasable","22":"product-type-simple"},"exclude_global_add_ons":[],"addons":[],"acf":[],"yoast_head":"<!-- This site is optimized with the Yoast SEO plugin v26.4 - https:\/\/yoast.com\/wordpress\/plugins\/seo\/ -->\n<title>Fuyu Vaser Klar (s\u00e6t af 3) - H\u00fcbsch<\/title>\n<meta name=\"description\" content=\"Hvor lys m\u00f8der tekstur i legende former. Fuyu Vaser i klart glas fortryller med deres bl\u00f8dt udformede former og b\u00f8lgende overflader, der fanger \u00f8jet \u2013\" \/>\n<meta name=\"robots\" content=\"index, follow, max-snippet:-1, max-image-preview:large, max-video-preview:-1\" \/>\n<link rel=\"canonical\" href=\"https:\/\/hubsch-interior.com\/da\/wp-json\/wp\/v2\/product\/1087707\" \/>\n<meta property=\"og:locale\" content=\"da_DK\" \/>\n<meta property=\"og:type\" content=\"article\" \/>\n<meta property=\"og:title\" content=\"Fuyu Vaser Klar (s\u00e6t af 3) - H\u00fcbsch\" \/>\n<meta property=\"og:description\" content=\"Hvor lys m\u00f8der tekstur i legende former. Fuyu Vaser i klart glas fortryller med deres bl\u00f8dt udformede former og b\u00f8lgende overflader, der fanger \u00f8jet \u2013\" \/>\n<meta property=\"og:url\" content=\"https:\/\/hubsch-interior.com\/da\/vare\/fuyu-vaser-klar-saet-af-3\/\" \/>\n<meta property=\"og:site_name\" content=\"H\u00fcbsch\" \/>\n<meta property=\"article:modified_time\" content=\"2026-04-05T02:40:07+00:00\" \/>\n<meta property=\"og:image\" content=\"https:\/\/hubsch-interior.com\/wp-content\/uploads\/2026\/01\/fuyu-vases-clear-set-of-3-4133c9d78373641ba0d002f2e9fb2d8a.jpg\" \/>\n\t<meta property=\"og:image:width\" content=\"1200\" \/>\n\t<meta property=\"og:image:height\" content=\"1200\" \/>\n\t<meta property=\"og:image:type\" content=\"image\/jpeg\" \/>\n<meta name=\"twitter:card\" content=\"summary_large_image\" \/>\n<script type=\"application\/ld+json\" class=\"yoast-schema-graph\">{\"@context\":\"https:\/\/schema.org\",\"@graph\":[{\"@type\":\"WebPage\",\"@id\":\"https:\/\/hubsch-interior.com\/da\/vare\/fuyu-vaser-klar-saet-af-3\/\",\"url\":\"https:\/\/hubsch-interior.com\/da\/vare\/fuyu-vaser-klar-saet-af-3\/\",\"name\":\"Fuyu Vaser Klar (s\u00e6t af 3) - H\u00fcbsch\",\"isPartOf\":{\"@id\":\"https:\/\/hubsch-interior.com\/da\/#website\"},\"primaryImageOfPage\":{\"@id\":\"https:\/\/hubsch-interior.com\/da\/vare\/fuyu-vaser-klar-saet-af-3\/#primaryimage\"},\"image\":{\"@id\":\"https:\/\/hubsch-interior.com\/da\/vare\/fuyu-vaser-klar-saet-af-3\/#primaryimage\"},\"thumbnailUrl\":\"https:\/\/hubsch-interior.com\/wp-content\/uploads\/2026\/02\/fuyu-vases-clear-set-of-3-e0a950ce8c328e7ec7c3549c6bae37ad.jpg\",\"datePublished\":\"2026-01-31T03:00:00+00:00\",\"dateModified\":\"2026-04-05T02:40:07+00:00\",\"description\":\"Hvor lys m\u00f8der tekstur i legende former. Fuyu Vaser i klart glas fortryller med deres bl\u00f8dt udformede former og b\u00f8lgende overflader, der fanger \u00f8jet \u2013\",\"breadcrumb\":{\"@id\":\"https:\/\/hubsch-interior.com\/da\/vare\/fuyu-vaser-klar-saet-af-3\/#breadcrumb\"},\"inLanguage\":\"da-DK\",\"potentialAction\":[{\"@type\":\"ReadAction\",\"target\":[\"https:\/\/hubsch-interior.com\/da\/vare\/fuyu-vaser-klar-saet-af-3\/\"]}]},{\"@type\":\"ImageObject\",\"inLanguage\":\"da-DK\",\"@id\":\"https:\/\/hubsch-interior.com\/da\/vare\/fuyu-vaser-klar-saet-af-3\/#primaryimage\",\"url\":\"https:\/\/hubsch-interior.com\/wp-content\/uploads\/2026\/02\/fuyu-vases-clear-set-of-3-e0a950ce8c328e7ec7c3549c6bae37ad.jpg\",\"contentUrl\":\"https:\/\/hubsch-interior.com\/wp-content\/uploads\/2026\/02\/fuyu-vases-clear-set-of-3-e0a950ce8c328e7ec7c3549c6bae37ad.jpg\",\"width\":1024,\"height\":1024},{\"@type\":\"BreadcrumbList\",\"@id\":\"https:\/\/hubsch-interior.com\/da\/vare\/fuyu-vaser-klar-saet-af-3\/#breadcrumb\",\"itemListElement\":[{\"@type\":\"ListItem\",\"position\":1,\"name\":\"Forside\",\"item\":\"https:\/\/hubsch-interior.com\/da\/\"},{\"@type\":\"ListItem\",\"position\":2,\"name\":\"Produkter\",\"item\":\"https:\/\/hubsch-interior.com\/da\/produkter\/\"},{\"@type\":\"ListItem\",\"position\":3,\"name\":\"Boligtilbeh\u00f8r\",\"item\":\"https:\/\/hubsch-interior.com\/da\/vare-kategori\/boligtilbehor\/\"},{\"@type\":\"ListItem\",\"position\":4,\"name\":\"Vaser\",\"item\":\"https:\/\/hubsch-interior.com\/da\/vare-kategori\/boligtilbehor\/vaser-da\/\"},{\"@type\":\"ListItem\",\"position\":5,\"name\":\"Fuyu Vaser Klar (s\u00e6t af 3)\"}]},{\"@type\":\"WebSite\",\"@id\":\"https:\/\/hubsch-interior.com\/da\/#website\",\"url\":\"https:\/\/hubsch-interior.com\/da\/\",\"name\":\"H\u00fcbsch\",\"description\":\"Danish Home Interior and Design\",\"publisher\":{\"@id\":\"https:\/\/hubsch-interior.com\/da\/#organization\"},\"potentialAction\":[{\"@type\":\"SearchAction\",\"target\":{\"@type\":\"EntryPoint\",\"urlTemplate\":\"https:\/\/hubsch-interior.com\/da\/?s={search_term_string}\"},\"query-input\":{\"@type\":\"PropertyValueSpecification\",\"valueRequired\":true,\"valueName\":\"search_term_string\"}}],\"inLanguage\":\"da-DK\"},{\"@type\":\"Organization\",\"@id\":\"https:\/\/hubsch-interior.com\/da\/#organization\",\"name\":\"H\u00fcbsch\",\"url\":\"https:\/\/hubsch-interior.com\/da\/\",\"logo\":{\"@type\":\"ImageObject\",\"inLanguage\":\"da-DK\",\"@id\":\"https:\/\/hubsch-interior.com\/da\/#\/schema\/logo\/image\/\",\"url\":\"https:\/\/hubsch-interior.com\/wp-content\/uploads\/2022\/12\/Hubsch_logo_black_one_line.svg\",\"contentUrl\":\"https:\/\/hubsch-interior.com\/wp-content\/uploads\/2022\/12\/Hubsch_logo_black_one_line.svg\",\"caption\":\"H\u00fcbsch\"},\"image\":{\"@id\":\"https:\/\/hubsch-interior.com\/da\/#\/schema\/logo\/image\/\"}}]}<\/script>\n<!-- \/ Yoast SEO plugin. -->","yoast_head_json":{"title":"Fuyu Vaser Klar (s\u00e6t af 3) - H\u00fcbsch","description":"Hvor lys m\u00f8der tekstur i legende former. Fuyu Vaser i klart glas fortryller med deres bl\u00f8dt udformede former og b\u00f8lgende overflader, der fanger \u00f8jet \u2013","robots":{"index":"index","follow":"follow","max-snippet":"max-snippet:-1","max-image-preview":"max-image-preview:large","max-video-preview":"max-video-preview:-1"},"canonical":"https:\/\/hubsch-interior.com\/da\/wp-json\/wp\/v2\/product\/1087707","og_locale":"da_DK","og_type":"article","og_title":"Fuyu Vaser Klar (s\u00e6t af 3) - H\u00fcbsch","og_description":"Hvor lys m\u00f8der tekstur i legende former. Fuyu Vaser i klart glas fortryller med deres bl\u00f8dt udformede former og b\u00f8lgende overflader, der fanger \u00f8jet \u2013","og_url":"https:\/\/hubsch-interior.com\/da\/vare\/fuyu-vaser-klar-saet-af-3\/","og_site_name":"H\u00fcbsch","article_modified_time":"2026-04-05T02:40:07+00:00","og_image":[{"width":1200,"height":1200,"url":"https:\/\/hubsch-interior.com\/wp-content\/uploads\/2026\/01\/fuyu-vases-clear-set-of-3-4133c9d78373641ba0d002f2e9fb2d8a.jpg","type":"image\/jpeg"}],"twitter_card":"summary_large_image","schema":{"@context":"https:\/\/schema.org","@graph":[{"@type":"WebPage","@id":"https:\/\/hubsch-interior.com\/da\/vare\/fuyu-vaser-klar-saet-af-3\/","url":"https:\/\/hubsch-interior.com\/da\/vare\/fuyu-vaser-klar-saet-af-3\/","name":"Fuyu Vaser Klar (s\u00e6t af 3) - H\u00fcbsch","isPartOf":{"@id":"https:\/\/hubsch-interior.com\/da\/#website"},"primaryImageOfPage":{"@id":"https:\/\/hubsch-interior.com\/da\/vare\/fuyu-vaser-klar-saet-af-3\/#primaryimage"},"image":{"@id":"https:\/\/hubsch-interior.com\/da\/vare\/fuyu-vaser-klar-saet-af-3\/#primaryimage"},"thumbnailUrl":"https:\/\/hubsch-interior.com\/wp-content\/uploads\/2026\/02\/fuyu-vases-clear-set-of-3-e0a950ce8c328e7ec7c3549c6bae37ad.jpg","datePublished":"2026-01-31T03:00:00+00:00","dateModified":"2026-04-05T02:40:07+00:00","description":"Hvor lys m\u00f8der tekstur i legende former. Fuyu Vaser i klart glas fortryller med deres bl\u00f8dt udformede former og b\u00f8lgende overflader, der fanger \u00f8jet \u2013","breadcrumb":{"@id":"https:\/\/hubsch-interior.com\/da\/vare\/fuyu-vaser-klar-saet-af-3\/#breadcrumb"},"inLanguage":"da-DK","potentialAction":[{"@type":"ReadAction","target":["https:\/\/hubsch-interior.com\/da\/vare\/fuyu-vaser-klar-saet-af-3\/"]}]},{"@type":"ImageObject","inLanguage":"da-DK","@id":"https:\/\/hubsch-interior.com\/da\/vare\/fuyu-vaser-klar-saet-af-3\/#primaryimage","url":"https:\/\/hubsch-interior.com\/wp-content\/uploads\/2026\/02\/fuyu-vases-clear-set-of-3-e0a950ce8c328e7ec7c3549c6bae37ad.jpg","contentUrl":"https:\/\/hubsch-interior.com\/wp-content\/uploads\/2026\/02\/fuyu-vases-clear-set-of-3-e0a950ce8c328e7ec7c3549c6bae37ad.jpg","width":1024,"height":1024},{"@type":"BreadcrumbList","@id":"https:\/\/hubsch-interior.com\/da\/vare\/fuyu-vaser-klar-saet-af-3\/#breadcrumb","itemListElement":[{"@type":"ListItem","position":1,"name":"Forside","item":"https:\/\/hubsch-interior.com\/da\/"},{"@type":"ListItem","position":2,"name":"Produkter","item":"https:\/\/hubsch-interior.com\/da\/produkter\/"},{"@type":"ListItem","position":3,"name":"Boligtilbeh\u00f8r","item":"https:\/\/hubsch-interior.com\/da\/vare-kategori\/boligtilbehor\/"},{"@type":"ListItem","position":4,"name":"Vaser","item":"https:\/\/hubsch-interior.com\/da\/vare-kategori\/boligtilbehor\/vaser-da\/"},{"@type":"ListItem","position":5,"name":"Fuyu Vaser Klar (s\u00e6t af 3)"}]},{"@type":"WebSite","@id":"https:\/\/hubsch-interior.com\/da\/#website","url":"https:\/\/hubsch-interior.com\/da\/","name":"H\u00fcbsch","description":"Danish Home Interior and Design","publisher":{"@id":"https:\/\/hubsch-interior.com\/da\/#organization"},"potentialAction":[{"@type":"SearchAction","target":{"@type":"EntryPoint","urlTemplate":"https:\/\/hubsch-interior.com\/da\/?s={search_term_string}"},"query-input":{"@type":"PropertyValueSpecification","valueRequired":true,"valueName":"search_term_string"}}],"inLanguage":"da-DK"},{"@type":"Organization","@id":"https:\/\/hubsch-interior.com\/da\/#organization","name":"H\u00fcbsch","url":"https:\/\/hubsch-interior.com\/da\/","logo":{"@type":"ImageObject","inLanguage":"da-DK","@id":"https:\/\/hubsch-interior.com\/da\/#\/schema\/logo\/image\/","url":"https:\/\/hubsch-interior.com\/wp-content\/uploads\/2022\/12\/Hubsch_logo_black_one_line.svg","contentUrl":"https:\/\/hubsch-interior.com\/wp-content\/uploads\/2022\/12\/Hubsch_logo_black_one_line.svg","caption":"H\u00fcbsch"},"image":{"@id":"https:\/\/hubsch-interior.com\/da\/#\/schema\/logo\/image\/"}}]}},"_links":{"self":[{"href":"https:\/\/hubsch-interior.com\/da\/wp-json\/wp\/v2\/product\/1087707","targetHints":{"allow":["GET"]}}],"collection":[{"href":"https:\/\/hubsch-interior.com\/da\/wp-json\/wp\/v2\/product"}],"about":[{"href":"https:\/\/hubsch-interior.com\/da\/wp-json\/wp\/v2\/types\/product"}],"wp:featuredmedia":[{"embeddable":true,"href":"https:\/\/hubsch-interior.com\/da\/wp-json\/wp\/v2\/media\/1099675"}],"wp:attachment":[{"href":"https:\/\/hubsch-interior.com\/da\/wp-json\/wp\/v2\/media?parent=1087707"}],"wp:term":[{"taxonomy":"product_brand","embeddable":true,"href":"https:\/\/hubsch-interior.com\/da\/wp-json\/wp\/v2\/product_brand?post=1087707"},{"taxonomy":"product_cat","embeddable":true,"href":"https:\/\/hubsch-interior.com\/da\/wp-json\/wp\/v2\/product_cat?post=1087707"},{"taxonomy":"product_tag","embeddable":true,"href":"https:\/\/hubsch-interior.com\/da\/wp-json\/wp\/v2\/product_tag?post=1087707"}],"curies":[{"name":"wp","href":"https:\/\/api.w.org\/{rel}","templated":true}]}}