{"id":1087735,"date":"2026-01-31T04:00:15","date_gmt":"2026-01-31T03:00:15","guid":{"rendered":"https:\/\/hubsch-interior.com\/product\/product\/"},"modified":"2026-04-06T04:39:05","modified_gmt":"2026-04-06T02:39:05","slug":"orbit-vaser-ravfarve-lysegron-bla-saet-af-3","status":"publish","type":"product","link":"https:\/\/hubsch-interior.com\/da\/vare\/orbit-vaser-ravfarve-lysegron-bla-saet-af-3\/","title":{"rendered":"Orbit Vaser Ravfarve\/Lysegr\u00f8n\/Bl\u00e5 (s\u00e6t af 3)"},"content":{"rendered":"<p>Sm\u00e5 i st\u00f8rrelse, store i karakter. Orbit Vaserne er de nyeste medlemmer af Orbit-familien \u2014 hver eneste h\u00e5ndlavet i glas med tynde farvestriber, der snor sig ind i et legende, grafisk udtryk. Ingen er helt ens, hvilket giver hver vase en unik charme. Udstil en enkelt blomst eller saml flere for ekstra effekt \u2014 disse sm\u00e5 skulpturer bringer gl\u00e6defuld energi og h\u00e5ndv\u00e6rksm\u00e6ssig personlighed til ethvert hj\u00f8rne af dit hjem.<\/p>\n","protected":false},"excerpt":{"rendered":"<p>Sm\u00e5 i st\u00f8rrelse, store i karakter. Orbit Vaserne er de nyeste medlemmer af Orbit-familien \u2014 hver eneste h\u00e5ndlavet i glas med tynde farvestriber, der snor sig ind i et legende, grafisk udtryk. Ingen er helt ens, hvilket giver hver vase en unik charme. Udstil en enkelt blomst eller saml flere for ekstra effekt \u2014 disse [&hellip;]<\/p>\n","protected":false},"featured_media":1099687,"template":"","meta":{"_acf_changed":false,"inline_featured_image":false},"product_brand":[],"product_cat":[7153,6970,3152,5079,5045,6517],"product_tag":[],"class_list":{"0":"post-1087735","1":"product","2":"type-product","3":"status-publish","4":"has-post-thumbnail","6":"product_cat-dweller-da","7":"product_cat-paaskeudsalg","8":"product_cat-vaser-da","9":"product_cat-netop-ankommet-da","10":"product_cat-nyheder-da","11":"product_cat-outlet-da","12":"product_shipping_class-pk","14":"pa_color-ravfarve","15":"pa_color-bl","16":"pa_color-lysegrn","17":"pa_material-glas-da","19":"first","20":"instock","21":"sale","22":"taxable","23":"shipping-taxable","24":"purchasable","25":"product-type-simple"},"exclude_global_add_ons":[],"addons":[],"acf":[],"yoast_head":"<!-- This site is optimized with the Yoast SEO plugin v26.4 - https:\/\/yoast.com\/wordpress\/plugins\/seo\/ -->\n<title>Orbit Vaser Ravfarve\/Lysegr\u00f8n\/Bl\u00e5 (s\u00e6t af 3) - H\u00fcbsch<\/title>\n<meta name=\"description\" content=\"Sm\u00e5 i st\u00f8rrelse, store i karakter. Orbit Vaserne er de nyeste medlemmer af Orbit-familien \u2014 hver eneste h\u00e5ndlavet i glas med tynde farvestriber, der snor\" \/>\n<meta name=\"robots\" content=\"index, follow, max-snippet:-1, max-image-preview:large, max-video-preview:-1\" \/>\n<link rel=\"canonical\" href=\"https:\/\/hubsch-interior.com\/da\/wp-json\/wp\/v2\/product\/1087735\" \/>\n<meta property=\"og:locale\" content=\"da_DK\" \/>\n<meta property=\"og:type\" content=\"article\" \/>\n<meta property=\"og:title\" content=\"Orbit Vaser Ravfarve\/Lysegr\u00f8n\/Bl\u00e5 (s\u00e6t af 3) - H\u00fcbsch\" \/>\n<meta property=\"og:description\" content=\"Sm\u00e5 i st\u00f8rrelse, store i karakter. Orbit Vaserne er de nyeste medlemmer af Orbit-familien \u2014 hver eneste h\u00e5ndlavet i glas med tynde farvestriber, der snor\" \/>\n<meta property=\"og:url\" content=\"https:\/\/hubsch-interior.com\/da\/vare\/orbit-vaser-ravfarve-lysegron-bla-saet-af-3\/\" \/>\n<meta property=\"og:site_name\" content=\"H\u00fcbsch\" \/>\n<meta property=\"article:modified_time\" content=\"2026-04-06T02:39:05+00:00\" \/>\n<meta property=\"og:image\" content=\"https:\/\/hubsch-interior.com\/wp-content\/uploads\/2026\/01\/orbit-vases-amberlight-greenblue-set-of-3-8144f273efcd0f8eea93c6d3253b13fa.jpg\" \/>\n\t<meta property=\"og:image:width\" content=\"1200\" \/>\n\t<meta property=\"og:image:height\" content=\"1200\" \/>\n\t<meta property=\"og:image:type\" content=\"image\/jpeg\" \/>\n<meta name=\"twitter:card\" content=\"summary_large_image\" \/>\n<script type=\"application\/ld+json\" class=\"yoast-schema-graph\">{\"@context\":\"https:\/\/schema.org\",\"@graph\":[{\"@type\":\"WebPage\",\"@id\":\"https:\/\/hubsch-interior.com\/da\/vare\/orbit-vaser-ravfarve-lysegron-bla-saet-af-3\/\",\"url\":\"https:\/\/hubsch-interior.com\/da\/vare\/orbit-vaser-ravfarve-lysegron-bla-saet-af-3\/\",\"name\":\"Orbit Vaser Ravfarve\/Lysegr\u00f8n\/Bl\u00e5 (s\u00e6t af 3) - H\u00fcbsch\",\"isPartOf\":{\"@id\":\"https:\/\/hubsch-interior.com\/da\/#website\"},\"primaryImageOfPage\":{\"@id\":\"https:\/\/hubsch-interior.com\/da\/vare\/orbit-vaser-ravfarve-lysegron-bla-saet-af-3\/#primaryimage\"},\"image\":{\"@id\":\"https:\/\/hubsch-interior.com\/da\/vare\/orbit-vaser-ravfarve-lysegron-bla-saet-af-3\/#primaryimage\"},\"thumbnailUrl\":\"https:\/\/hubsch-interior.com\/wp-content\/uploads\/2026\/02\/orbit-vases-amberlight-greenblue-set-of-3-447219c86589e83f70266e7cbc7c2568.jpg\",\"datePublished\":\"2026-01-31T03:00:15+00:00\",\"dateModified\":\"2026-04-06T02:39:05+00:00\",\"description\":\"Sm\u00e5 i st\u00f8rrelse, store i karakter. Orbit Vaserne er de nyeste medlemmer af Orbit-familien \u2014 hver eneste h\u00e5ndlavet i glas med tynde farvestriber, der snor\",\"breadcrumb\":{\"@id\":\"https:\/\/hubsch-interior.com\/da\/vare\/orbit-vaser-ravfarve-lysegron-bla-saet-af-3\/#breadcrumb\"},\"inLanguage\":\"da-DK\",\"potentialAction\":[{\"@type\":\"ReadAction\",\"target\":[\"https:\/\/hubsch-interior.com\/da\/vare\/orbit-vaser-ravfarve-lysegron-bla-saet-af-3\/\"]}]},{\"@type\":\"ImageObject\",\"inLanguage\":\"da-DK\",\"@id\":\"https:\/\/hubsch-interior.com\/da\/vare\/orbit-vaser-ravfarve-lysegron-bla-saet-af-3\/#primaryimage\",\"url\":\"https:\/\/hubsch-interior.com\/wp-content\/uploads\/2026\/02\/orbit-vases-amberlight-greenblue-set-of-3-447219c86589e83f70266e7cbc7c2568.jpg\",\"contentUrl\":\"https:\/\/hubsch-interior.com\/wp-content\/uploads\/2026\/02\/orbit-vases-amberlight-greenblue-set-of-3-447219c86589e83f70266e7cbc7c2568.jpg\",\"width\":1024,\"height\":1024},{\"@type\":\"BreadcrumbList\",\"@id\":\"https:\/\/hubsch-interior.com\/da\/vare\/orbit-vaser-ravfarve-lysegron-bla-saet-af-3\/#breadcrumb\",\"itemListElement\":[{\"@type\":\"ListItem\",\"position\":1,\"name\":\"Forside\",\"item\":\"https:\/\/hubsch-interior.com\/da\/\"},{\"@type\":\"ListItem\",\"position\":2,\"name\":\"Produkter\",\"item\":\"https:\/\/hubsch-interior.com\/da\/produkter\/\"},{\"@type\":\"ListItem\",\"position\":3,\"name\":\"Boligtilbeh\u00f8r\",\"item\":\"https:\/\/hubsch-interior.com\/da\/vare-kategori\/boligtilbehor\/\"},{\"@type\":\"ListItem\",\"position\":4,\"name\":\"Vaser\",\"item\":\"https:\/\/hubsch-interior.com\/da\/vare-kategori\/boligtilbehor\/vaser-da\/\"},{\"@type\":\"ListItem\",\"position\":5,\"name\":\"Orbit Vaser Ravfarve\/Lysegr\u00f8n\/Bl\u00e5 (s\u00e6t af 3)\"}]},{\"@type\":\"WebSite\",\"@id\":\"https:\/\/hubsch-interior.com\/da\/#website\",\"url\":\"https:\/\/hubsch-interior.com\/da\/\",\"name\":\"H\u00fcbsch\",\"description\":\"Danish Home Interior and Design\",\"publisher\":{\"@id\":\"https:\/\/hubsch-interior.com\/da\/#organization\"},\"potentialAction\":[{\"@type\":\"SearchAction\",\"target\":{\"@type\":\"EntryPoint\",\"urlTemplate\":\"https:\/\/hubsch-interior.com\/da\/?s={search_term_string}\"},\"query-input\":{\"@type\":\"PropertyValueSpecification\",\"valueRequired\":true,\"valueName\":\"search_term_string\"}}],\"inLanguage\":\"da-DK\"},{\"@type\":\"Organization\",\"@id\":\"https:\/\/hubsch-interior.com\/da\/#organization\",\"name\":\"H\u00fcbsch\",\"url\":\"https:\/\/hubsch-interior.com\/da\/\",\"logo\":{\"@type\":\"ImageObject\",\"inLanguage\":\"da-DK\",\"@id\":\"https:\/\/hubsch-interior.com\/da\/#\/schema\/logo\/image\/\",\"url\":\"https:\/\/hubsch-interior.com\/wp-content\/uploads\/2022\/12\/Hubsch_logo_black_one_line.svg\",\"contentUrl\":\"https:\/\/hubsch-interior.com\/wp-content\/uploads\/2022\/12\/Hubsch_logo_black_one_line.svg\",\"caption\":\"H\u00fcbsch\"},\"image\":{\"@id\":\"https:\/\/hubsch-interior.com\/da\/#\/schema\/logo\/image\/\"}}]}<\/script>\n<!-- \/ Yoast SEO plugin. -->","yoast_head_json":{"title":"Orbit Vaser Ravfarve\/Lysegr\u00f8n\/Bl\u00e5 (s\u00e6t af 3) - H\u00fcbsch","description":"Sm\u00e5 i st\u00f8rrelse, store i karakter. Orbit Vaserne er de nyeste medlemmer af Orbit-familien \u2014 hver eneste h\u00e5ndlavet i glas med tynde farvestriber, der snor","robots":{"index":"index","follow":"follow","max-snippet":"max-snippet:-1","max-image-preview":"max-image-preview:large","max-video-preview":"max-video-preview:-1"},"canonical":"https:\/\/hubsch-interior.com\/da\/wp-json\/wp\/v2\/product\/1087735","og_locale":"da_DK","og_type":"article","og_title":"Orbit Vaser Ravfarve\/Lysegr\u00f8n\/Bl\u00e5 (s\u00e6t af 3) - H\u00fcbsch","og_description":"Sm\u00e5 i st\u00f8rrelse, store i karakter. Orbit Vaserne er de nyeste medlemmer af Orbit-familien \u2014 hver eneste h\u00e5ndlavet i glas med tynde farvestriber, der snor","og_url":"https:\/\/hubsch-interior.com\/da\/vare\/orbit-vaser-ravfarve-lysegron-bla-saet-af-3\/","og_site_name":"H\u00fcbsch","article_modified_time":"2026-04-06T02:39:05+00:00","og_image":[{"width":1200,"height":1200,"url":"https:\/\/hubsch-interior.com\/wp-content\/uploads\/2026\/01\/orbit-vases-amberlight-greenblue-set-of-3-8144f273efcd0f8eea93c6d3253b13fa.jpg","type":"image\/jpeg"}],"twitter_card":"summary_large_image","schema":{"@context":"https:\/\/schema.org","@graph":[{"@type":"WebPage","@id":"https:\/\/hubsch-interior.com\/da\/vare\/orbit-vaser-ravfarve-lysegron-bla-saet-af-3\/","url":"https:\/\/hubsch-interior.com\/da\/vare\/orbit-vaser-ravfarve-lysegron-bla-saet-af-3\/","name":"Orbit Vaser Ravfarve\/Lysegr\u00f8n\/Bl\u00e5 (s\u00e6t af 3) - H\u00fcbsch","isPartOf":{"@id":"https:\/\/hubsch-interior.com\/da\/#website"},"primaryImageOfPage":{"@id":"https:\/\/hubsch-interior.com\/da\/vare\/orbit-vaser-ravfarve-lysegron-bla-saet-af-3\/#primaryimage"},"image":{"@id":"https:\/\/hubsch-interior.com\/da\/vare\/orbit-vaser-ravfarve-lysegron-bla-saet-af-3\/#primaryimage"},"thumbnailUrl":"https:\/\/hubsch-interior.com\/wp-content\/uploads\/2026\/02\/orbit-vases-amberlight-greenblue-set-of-3-447219c86589e83f70266e7cbc7c2568.jpg","datePublished":"2026-01-31T03:00:15+00:00","dateModified":"2026-04-06T02:39:05+00:00","description":"Sm\u00e5 i st\u00f8rrelse, store i karakter. Orbit Vaserne er de nyeste medlemmer af Orbit-familien \u2014 hver eneste h\u00e5ndlavet i glas med tynde farvestriber, der snor","breadcrumb":{"@id":"https:\/\/hubsch-interior.com\/da\/vare\/orbit-vaser-ravfarve-lysegron-bla-saet-af-3\/#breadcrumb"},"inLanguage":"da-DK","potentialAction":[{"@type":"ReadAction","target":["https:\/\/hubsch-interior.com\/da\/vare\/orbit-vaser-ravfarve-lysegron-bla-saet-af-3\/"]}]},{"@type":"ImageObject","inLanguage":"da-DK","@id":"https:\/\/hubsch-interior.com\/da\/vare\/orbit-vaser-ravfarve-lysegron-bla-saet-af-3\/#primaryimage","url":"https:\/\/hubsch-interior.com\/wp-content\/uploads\/2026\/02\/orbit-vases-amberlight-greenblue-set-of-3-447219c86589e83f70266e7cbc7c2568.jpg","contentUrl":"https:\/\/hubsch-interior.com\/wp-content\/uploads\/2026\/02\/orbit-vases-amberlight-greenblue-set-of-3-447219c86589e83f70266e7cbc7c2568.jpg","width":1024,"height":1024},{"@type":"BreadcrumbList","@id":"https:\/\/hubsch-interior.com\/da\/vare\/orbit-vaser-ravfarve-lysegron-bla-saet-af-3\/#breadcrumb","itemListElement":[{"@type":"ListItem","position":1,"name":"Forside","item":"https:\/\/hubsch-interior.com\/da\/"},{"@type":"ListItem","position":2,"name":"Produkter","item":"https:\/\/hubsch-interior.com\/da\/produkter\/"},{"@type":"ListItem","position":3,"name":"Boligtilbeh\u00f8r","item":"https:\/\/hubsch-interior.com\/da\/vare-kategori\/boligtilbehor\/"},{"@type":"ListItem","position":4,"name":"Vaser","item":"https:\/\/hubsch-interior.com\/da\/vare-kategori\/boligtilbehor\/vaser-da\/"},{"@type":"ListItem","position":5,"name":"Orbit Vaser Ravfarve\/Lysegr\u00f8n\/Bl\u00e5 (s\u00e6t af 3)"}]},{"@type":"WebSite","@id":"https:\/\/hubsch-interior.com\/da\/#website","url":"https:\/\/hubsch-interior.com\/da\/","name":"H\u00fcbsch","description":"Danish Home Interior and Design","publisher":{"@id":"https:\/\/hubsch-interior.com\/da\/#organization"},"potentialAction":[{"@type":"SearchAction","target":{"@type":"EntryPoint","urlTemplate":"https:\/\/hubsch-interior.com\/da\/?s={search_term_string}"},"query-input":{"@type":"PropertyValueSpecification","valueRequired":true,"valueName":"search_term_string"}}],"inLanguage":"da-DK"},{"@type":"Organization","@id":"https:\/\/hubsch-interior.com\/da\/#organization","name":"H\u00fcbsch","url":"https:\/\/hubsch-interior.com\/da\/","logo":{"@type":"ImageObject","inLanguage":"da-DK","@id":"https:\/\/hubsch-interior.com\/da\/#\/schema\/logo\/image\/","url":"https:\/\/hubsch-interior.com\/wp-content\/uploads\/2022\/12\/Hubsch_logo_black_one_line.svg","contentUrl":"https:\/\/hubsch-interior.com\/wp-content\/uploads\/2022\/12\/Hubsch_logo_black_one_line.svg","caption":"H\u00fcbsch"},"image":{"@id":"https:\/\/hubsch-interior.com\/da\/#\/schema\/logo\/image\/"}}]}},"_links":{"self":[{"href":"https:\/\/hubsch-interior.com\/da\/wp-json\/wp\/v2\/product\/1087735","targetHints":{"allow":["GET"]}}],"collection":[{"href":"https:\/\/hubsch-interior.com\/da\/wp-json\/wp\/v2\/product"}],"about":[{"href":"https:\/\/hubsch-interior.com\/da\/wp-json\/wp\/v2\/types\/product"}],"wp:featuredmedia":[{"embeddable":true,"href":"https:\/\/hubsch-interior.com\/da\/wp-json\/wp\/v2\/media\/1099687"}],"wp:attachment":[{"href":"https:\/\/hubsch-interior.com\/da\/wp-json\/wp\/v2\/media?parent=1087735"}],"wp:term":[{"taxonomy":"product_brand","embeddable":true,"href":"https:\/\/hubsch-interior.com\/da\/wp-json\/wp\/v2\/product_brand?post=1087735"},{"taxonomy":"product_cat","embeddable":true,"href":"https:\/\/hubsch-interior.com\/da\/wp-json\/wp\/v2\/product_cat?post=1087735"},{"taxonomy":"product_tag","embeddable":true,"href":"https:\/\/hubsch-interior.com\/da\/wp-json\/wp\/v2\/product_tag?post=1087735"}],"curies":[{"name":"wp","href":"https:\/\/api.w.org\/{rel}","templated":true}]}}