{"id":1087795,"date":"2026-01-31T04:00:47","date_gmt":"2026-01-31T03:00:47","guid":{"rendered":"https:\/\/hubsch-interior.com\/product\/product\/"},"modified":"2026-04-06T04:39:21","modified_gmt":"2026-04-06T02:39:21","slug":"clea-skal-large","status":"publish","type":"product","link":"https:\/\/hubsch-interior.com\/da\/vare\/clea-skal-large\/","title":{"rendered":"Clea Sk\u00e5l Large"},"content":{"rendered":"<p>Glasvarer med et twist &#8211; bogstaveligt talt. Clea Sk\u00e5l i klart glas indrammer din mad med ubesv\u00e6ret elegance, mens en fin gr\u00f8n linje tilf\u00f8jer et diskret farvespil og et karakteristisk H\u00fcbsch pr\u00e6g. H\u00e5ndlavet med omhu har hver sk\u00e5l sin egen unikke form og sj\u00e6l, hvilket g\u00f8r hver opd\u00e6kning personlig. Tilg\u00e6ngelig i tre smukke varianter, er den perfekt til at fremvise dine kulinariske kreationer med kunstnerisk flair og tidl\u00f8s charme &#8211; hvad enten det er til servering eller blot til at nyde synet.<\/p>\n","protected":false},"excerpt":{"rendered":"<p>Glasvarer med et twist &#8211; bogstaveligt talt. Clea Sk\u00e5l i klart glas indrammer din mad med ubesv\u00e6ret elegance, mens en fin gr\u00f8n linje tilf\u00f8jer et diskret farvespil og et karakteristisk H\u00fcbsch pr\u00e6g. H\u00e5ndlavet med omhu har hver sk\u00e5l sin egen unikke form og sj\u00e6l, hvilket g\u00f8r hver opd\u00e6kning personlig. Tilg\u00e6ngelig i tre smukke varianter, er [&hellip;]<\/p>\n","protected":false},"featured_media":1099743,"template":"","meta":{"_acf_changed":false,"inline_featured_image":false},"product_brand":[],"product_cat":[7153,7025,6970,7042,4051,4094,5079,5025,5045,6517],"product_tag":[],"class_list":{"0":"post-1087795","1":"product","2":"type-product","3":"status-publish","4":"has-post-thumbnail","6":"product_cat-dweller-da","7":"product_cat-bordservice-da-2","8":"product_cat-paaskeudsalg","9":"product_cat-serveringsskaale-da","10":"product_cat-koekkentilbehoer-da","11":"product_cat-bordservice-da","12":"product_cat-netop-ankommet-da","13":"product_cat-bestsellers-da","14":"product_cat-nyheder-da","15":"product_cat-outlet-da","16":"product_shipping_class-pk","18":"pa_material-glas-da","20":"first","21":"instock","22":"sale","23":"featured","24":"taxable","25":"shipping-taxable","26":"purchasable","27":"product-type-simple"},"exclude_global_add_ons":[],"addons":[],"acf":[],"yoast_head":"<!-- This site is optimized with the Yoast SEO plugin v26.4 - https:\/\/yoast.com\/wordpress\/plugins\/seo\/ -->\n<title>Clea Sk\u00e5l Large - H\u00fcbsch<\/title>\n<meta name=\"description\" content=\"Glasvarer med et twist - bogstaveligt talt. Clea Sk\u00e5l i klart glas indrammer din mad med ubesv\u00e6ret elegance, mens en fin gr\u00f8n linje tilf\u00f8jer et diskret\" \/>\n<meta name=\"robots\" content=\"index, follow, max-snippet:-1, max-image-preview:large, max-video-preview:-1\" \/>\n<link rel=\"canonical\" href=\"https:\/\/hubsch-interior.com\/da\/wp-json\/wp\/v2\/product\/1087795\" \/>\n<meta property=\"og:locale\" content=\"da_DK\" \/>\n<meta property=\"og:type\" content=\"article\" \/>\n<meta property=\"og:title\" content=\"Clea Sk\u00e5l Large - H\u00fcbsch\" \/>\n<meta property=\"og:description\" content=\"Glasvarer med et twist - bogstaveligt talt. Clea Sk\u00e5l i klart glas indrammer din mad med ubesv\u00e6ret elegance, mens en fin gr\u00f8n linje tilf\u00f8jer et diskret\" \/>\n<meta property=\"og:url\" content=\"https:\/\/hubsch-interior.com\/da\/vare\/clea-skal-large\/\" \/>\n<meta property=\"og:site_name\" content=\"H\u00fcbsch\" \/>\n<meta property=\"article:modified_time\" content=\"2026-04-06T02:39:21+00:00\" \/>\n<meta property=\"og:image\" content=\"https:\/\/hubsch-interior.com\/wp-content\/uploads\/2026\/01\/clea-bowl-large-d7f7950e07dc8a7061e68bb14c728fec.jpg\" \/>\n\t<meta property=\"og:image:width\" content=\"1200\" \/>\n\t<meta property=\"og:image:height\" content=\"1200\" \/>\n\t<meta property=\"og:image:type\" content=\"image\/jpeg\" \/>\n<meta name=\"twitter:card\" content=\"summary_large_image\" \/>\n<script type=\"application\/ld+json\" class=\"yoast-schema-graph\">{\"@context\":\"https:\/\/schema.org\",\"@graph\":[{\"@type\":\"WebPage\",\"@id\":\"https:\/\/hubsch-interior.com\/da\/vare\/clea-skal-large\/\",\"url\":\"https:\/\/hubsch-interior.com\/da\/vare\/clea-skal-large\/\",\"name\":\"Clea Sk\u00e5l Large - H\u00fcbsch\",\"isPartOf\":{\"@id\":\"https:\/\/hubsch-interior.com\/da\/#website\"},\"primaryImageOfPage\":{\"@id\":\"https:\/\/hubsch-interior.com\/da\/vare\/clea-skal-large\/#primaryimage\"},\"image\":{\"@id\":\"https:\/\/hubsch-interior.com\/da\/vare\/clea-skal-large\/#primaryimage\"},\"thumbnailUrl\":\"https:\/\/hubsch-interior.com\/wp-content\/uploads\/2026\/02\/clea-bowl-large-47bbc2ddae4f40a1724f73c14eacc1fb.jpg\",\"datePublished\":\"2026-01-31T03:00:47+00:00\",\"dateModified\":\"2026-04-06T02:39:21+00:00\",\"description\":\"Glasvarer med et twist - bogstaveligt talt. Clea Sk\u00e5l i klart glas indrammer din mad med ubesv\u00e6ret elegance, mens en fin gr\u00f8n linje tilf\u00f8jer et diskret\",\"breadcrumb\":{\"@id\":\"https:\/\/hubsch-interior.com\/da\/vare\/clea-skal-large\/#breadcrumb\"},\"inLanguage\":\"da-DK\",\"potentialAction\":[{\"@type\":\"ReadAction\",\"target\":[\"https:\/\/hubsch-interior.com\/da\/vare\/clea-skal-large\/\"]}]},{\"@type\":\"ImageObject\",\"inLanguage\":\"da-DK\",\"@id\":\"https:\/\/hubsch-interior.com\/da\/vare\/clea-skal-large\/#primaryimage\",\"url\":\"https:\/\/hubsch-interior.com\/wp-content\/uploads\/2026\/02\/clea-bowl-large-47bbc2ddae4f40a1724f73c14eacc1fb.jpg\",\"contentUrl\":\"https:\/\/hubsch-interior.com\/wp-content\/uploads\/2026\/02\/clea-bowl-large-47bbc2ddae4f40a1724f73c14eacc1fb.jpg\",\"width\":1024,\"height\":1024},{\"@type\":\"BreadcrumbList\",\"@id\":\"https:\/\/hubsch-interior.com\/da\/vare\/clea-skal-large\/#breadcrumb\",\"itemListElement\":[{\"@type\":\"ListItem\",\"position\":1,\"name\":\"Forside\",\"item\":\"https:\/\/hubsch-interior.com\/da\/\"},{\"@type\":\"ListItem\",\"position\":2,\"name\":\"Produkter\",\"item\":\"https:\/\/hubsch-interior.com\/da\/produkter\/\"},{\"@type\":\"ListItem\",\"position\":3,\"name\":\"K\u00f8kken\",\"item\":\"https:\/\/hubsch-interior.com\/da\/vare-kategori\/koekken\/\"},{\"@type\":\"ListItem\",\"position\":4,\"name\":\"Bordservice\",\"item\":\"https:\/\/hubsch-interior.com\/da\/vare-kategori\/koekken\/bordservice-da-2\/\"},{\"@type\":\"ListItem\",\"position\":5,\"name\":\"Serveringssk&aring;le\",\"item\":\"https:\/\/hubsch-interior.com\/da\/vare-kategori\/koekken\/bordservice-da-2\/serveringsskaale-da\/\"},{\"@type\":\"ListItem\",\"position\":6,\"name\":\"Clea Sk\u00e5l Large\"}]},{\"@type\":\"WebSite\",\"@id\":\"https:\/\/hubsch-interior.com\/da\/#website\",\"url\":\"https:\/\/hubsch-interior.com\/da\/\",\"name\":\"H\u00fcbsch\",\"description\":\"Danish Home Interior and Design\",\"publisher\":{\"@id\":\"https:\/\/hubsch-interior.com\/da\/#organization\"},\"potentialAction\":[{\"@type\":\"SearchAction\",\"target\":{\"@type\":\"EntryPoint\",\"urlTemplate\":\"https:\/\/hubsch-interior.com\/da\/?s={search_term_string}\"},\"query-input\":{\"@type\":\"PropertyValueSpecification\",\"valueRequired\":true,\"valueName\":\"search_term_string\"}}],\"inLanguage\":\"da-DK\"},{\"@type\":\"Organization\",\"@id\":\"https:\/\/hubsch-interior.com\/da\/#organization\",\"name\":\"H\u00fcbsch\",\"url\":\"https:\/\/hubsch-interior.com\/da\/\",\"logo\":{\"@type\":\"ImageObject\",\"inLanguage\":\"da-DK\",\"@id\":\"https:\/\/hubsch-interior.com\/da\/#\/schema\/logo\/image\/\",\"url\":\"https:\/\/hubsch-interior.com\/wp-content\/uploads\/2022\/12\/Hubsch_logo_black_one_line.svg\",\"contentUrl\":\"https:\/\/hubsch-interior.com\/wp-content\/uploads\/2022\/12\/Hubsch_logo_black_one_line.svg\",\"caption\":\"H\u00fcbsch\"},\"image\":{\"@id\":\"https:\/\/hubsch-interior.com\/da\/#\/schema\/logo\/image\/\"}}]}<\/script>\n<!-- \/ Yoast SEO plugin. -->","yoast_head_json":{"title":"Clea Sk\u00e5l Large - H\u00fcbsch","description":"Glasvarer med et twist - bogstaveligt talt. Clea Sk\u00e5l i klart glas indrammer din mad med ubesv\u00e6ret elegance, mens en fin gr\u00f8n linje tilf\u00f8jer et diskret","robots":{"index":"index","follow":"follow","max-snippet":"max-snippet:-1","max-image-preview":"max-image-preview:large","max-video-preview":"max-video-preview:-1"},"canonical":"https:\/\/hubsch-interior.com\/da\/wp-json\/wp\/v2\/product\/1087795","og_locale":"da_DK","og_type":"article","og_title":"Clea Sk\u00e5l Large - H\u00fcbsch","og_description":"Glasvarer med et twist - bogstaveligt talt. Clea Sk\u00e5l i klart glas indrammer din mad med ubesv\u00e6ret elegance, mens en fin gr\u00f8n linje tilf\u00f8jer et diskret","og_url":"https:\/\/hubsch-interior.com\/da\/vare\/clea-skal-large\/","og_site_name":"H\u00fcbsch","article_modified_time":"2026-04-06T02:39:21+00:00","og_image":[{"width":1200,"height":1200,"url":"https:\/\/hubsch-interior.com\/wp-content\/uploads\/2026\/01\/clea-bowl-large-d7f7950e07dc8a7061e68bb14c728fec.jpg","type":"image\/jpeg"}],"twitter_card":"summary_large_image","schema":{"@context":"https:\/\/schema.org","@graph":[{"@type":"WebPage","@id":"https:\/\/hubsch-interior.com\/da\/vare\/clea-skal-large\/","url":"https:\/\/hubsch-interior.com\/da\/vare\/clea-skal-large\/","name":"Clea Sk\u00e5l Large - H\u00fcbsch","isPartOf":{"@id":"https:\/\/hubsch-interior.com\/da\/#website"},"primaryImageOfPage":{"@id":"https:\/\/hubsch-interior.com\/da\/vare\/clea-skal-large\/#primaryimage"},"image":{"@id":"https:\/\/hubsch-interior.com\/da\/vare\/clea-skal-large\/#primaryimage"},"thumbnailUrl":"https:\/\/hubsch-interior.com\/wp-content\/uploads\/2026\/02\/clea-bowl-large-47bbc2ddae4f40a1724f73c14eacc1fb.jpg","datePublished":"2026-01-31T03:00:47+00:00","dateModified":"2026-04-06T02:39:21+00:00","description":"Glasvarer med et twist - bogstaveligt talt. Clea Sk\u00e5l i klart glas indrammer din mad med ubesv\u00e6ret elegance, mens en fin gr\u00f8n linje tilf\u00f8jer et diskret","breadcrumb":{"@id":"https:\/\/hubsch-interior.com\/da\/vare\/clea-skal-large\/#breadcrumb"},"inLanguage":"da-DK","potentialAction":[{"@type":"ReadAction","target":["https:\/\/hubsch-interior.com\/da\/vare\/clea-skal-large\/"]}]},{"@type":"ImageObject","inLanguage":"da-DK","@id":"https:\/\/hubsch-interior.com\/da\/vare\/clea-skal-large\/#primaryimage","url":"https:\/\/hubsch-interior.com\/wp-content\/uploads\/2026\/02\/clea-bowl-large-47bbc2ddae4f40a1724f73c14eacc1fb.jpg","contentUrl":"https:\/\/hubsch-interior.com\/wp-content\/uploads\/2026\/02\/clea-bowl-large-47bbc2ddae4f40a1724f73c14eacc1fb.jpg","width":1024,"height":1024},{"@type":"BreadcrumbList","@id":"https:\/\/hubsch-interior.com\/da\/vare\/clea-skal-large\/#breadcrumb","itemListElement":[{"@type":"ListItem","position":1,"name":"Forside","item":"https:\/\/hubsch-interior.com\/da\/"},{"@type":"ListItem","position":2,"name":"Produkter","item":"https:\/\/hubsch-interior.com\/da\/produkter\/"},{"@type":"ListItem","position":3,"name":"K\u00f8kken","item":"https:\/\/hubsch-interior.com\/da\/vare-kategori\/koekken\/"},{"@type":"ListItem","position":4,"name":"Bordservice","item":"https:\/\/hubsch-interior.com\/da\/vare-kategori\/koekken\/bordservice-da-2\/"},{"@type":"ListItem","position":5,"name":"Serveringssk&aring;le","item":"https:\/\/hubsch-interior.com\/da\/vare-kategori\/koekken\/bordservice-da-2\/serveringsskaale-da\/"},{"@type":"ListItem","position":6,"name":"Clea Sk\u00e5l Large"}]},{"@type":"WebSite","@id":"https:\/\/hubsch-interior.com\/da\/#website","url":"https:\/\/hubsch-interior.com\/da\/","name":"H\u00fcbsch","description":"Danish Home Interior and Design","publisher":{"@id":"https:\/\/hubsch-interior.com\/da\/#organization"},"potentialAction":[{"@type":"SearchAction","target":{"@type":"EntryPoint","urlTemplate":"https:\/\/hubsch-interior.com\/da\/?s={search_term_string}"},"query-input":{"@type":"PropertyValueSpecification","valueRequired":true,"valueName":"search_term_string"}}],"inLanguage":"da-DK"},{"@type":"Organization","@id":"https:\/\/hubsch-interior.com\/da\/#organization","name":"H\u00fcbsch","url":"https:\/\/hubsch-interior.com\/da\/","logo":{"@type":"ImageObject","inLanguage":"da-DK","@id":"https:\/\/hubsch-interior.com\/da\/#\/schema\/logo\/image\/","url":"https:\/\/hubsch-interior.com\/wp-content\/uploads\/2022\/12\/Hubsch_logo_black_one_line.svg","contentUrl":"https:\/\/hubsch-interior.com\/wp-content\/uploads\/2022\/12\/Hubsch_logo_black_one_line.svg","caption":"H\u00fcbsch"},"image":{"@id":"https:\/\/hubsch-interior.com\/da\/#\/schema\/logo\/image\/"}}]}},"_links":{"self":[{"href":"https:\/\/hubsch-interior.com\/da\/wp-json\/wp\/v2\/product\/1087795","targetHints":{"allow":["GET"]}}],"collection":[{"href":"https:\/\/hubsch-interior.com\/da\/wp-json\/wp\/v2\/product"}],"about":[{"href":"https:\/\/hubsch-interior.com\/da\/wp-json\/wp\/v2\/types\/product"}],"wp:featuredmedia":[{"embeddable":true,"href":"https:\/\/hubsch-interior.com\/da\/wp-json\/wp\/v2\/media\/1099743"}],"wp:attachment":[{"href":"https:\/\/hubsch-interior.com\/da\/wp-json\/wp\/v2\/media?parent=1087795"}],"wp:term":[{"taxonomy":"product_brand","embeddable":true,"href":"https:\/\/hubsch-interior.com\/da\/wp-json\/wp\/v2\/product_brand?post=1087795"},{"taxonomy":"product_cat","embeddable":true,"href":"https:\/\/hubsch-interior.com\/da\/wp-json\/wp\/v2\/product_cat?post=1087795"},{"taxonomy":"product_tag","embeddable":true,"href":"https:\/\/hubsch-interior.com\/da\/wp-json\/wp\/v2\/product_tag?post=1087795"}],"curies":[{"name":"wp","href":"https:\/\/api.w.org\/{rel}","templated":true}]}}