{"id":1087815,"date":"2026-01-31T04:35:40","date_gmt":"2026-01-31T03:35:40","guid":{"rendered":"https:\/\/hubsch-interior.com\/product\/product\/"},"modified":"2026-04-05T05:00:00","modified_gmt":"2026-04-05T03:00:00","slug":"socle-bogstotte-natur","status":"publish","type":"product","link":"https:\/\/hubsch-interior.com\/da\/vare\/socle-bogstotte-natur\/","title":{"rendered":"Socle Bogst\u00f8tte Natur"},"content":{"rendered":"<p>En stabil h\u00e5nd til dine k\u00f8kkenfort\u00e6llinger. Socle Bogst\u00f8tte i naturligt FSC-certificeret eg tilf\u00f8rer b\u00e5de charme og funktionalitet til dit k\u00f8kken. Designet til at holde dine yndlingskogeb\u00f8ger oprejst og \u00e5bne, s\u00e5 du kan fokusere p\u00e5 smagen frem for at bladre sider. Dens flade, minimalistiske form integrerer ubesv\u00e6ret i ethvert k\u00f8kken og tilf\u00f8jer varme uden at virke p\u00e5tr\u00e6ngende. Et enkelt, smukt redskab, der f\u00e5r enhver opskrift til at f\u00f8les som en naturlig del af din madlavning.<\/p>\n","protected":false},"excerpt":{"rendered":"<p>En stabil h\u00e5nd til dine k\u00f8kkenfort\u00e6llinger. Socle Bogst\u00f8tte i naturligt FSC-certificeret eg tilf\u00f8rer b\u00e5de charme og funktionalitet til dit k\u00f8kken. Designet til at holde dine yndlingskogeb\u00f8ger oprejst og \u00e5bne, s\u00e5 du kan fokusere p\u00e5 smagen frem for at bladre sider. Dens flade, minimalistiske form integrerer ubesv\u00e6ret i ethvert k\u00f8kken og tilf\u00f8jer varme uden at virke [&hellip;]<\/p>\n","protected":false},"featured_media":1105031,"template":"","meta":{"_acf_changed":false,"inline_featured_image":false},"product_brand":[],"product_cat":[5025,4158,7153,6321,4151,5045],"product_tag":[],"class_list":{"0":"post-1087815","1":"product","2":"type-product","3":"status-publish","4":"has-post-thumbnail","6":"product_cat-bestsellers-da","7":"product_cat-brevpresser-da","8":"product_cat-dweller-da","9":"product_cat-fsc-da","10":"product_cat-kontor-da","11":"product_cat-nyheder-da","12":"product_shipping_class-pk","14":"pa_color-natur-2","15":"pa_material-egetrsfiner","16":"pa_material-mdf-da","18":"first","19":"instock","20":"featured","21":"taxable","22":"shipping-taxable","23":"purchasable","24":"product-type-simple"},"exclude_global_add_ons":[],"addons":[],"acf":[],"yoast_head":"<!-- This site is optimized with the Yoast SEO plugin v26.4 - https:\/\/yoast.com\/wordpress\/plugins\/seo\/ -->\n<title>Socle Bogst\u00f8tte Natur - H\u00fcbsch<\/title>\n<meta name=\"description\" content=\"En stabil h\u00e5nd til dine k\u00f8kkenfort\u00e6llinger. Socle Bogst\u00f8tte i naturligt FSC-certificeret eg tilf\u00f8rer b\u00e5de charme og funktionalitet til dit k\u00f8kken.\" \/>\n<meta name=\"robots\" content=\"index, follow, max-snippet:-1, max-image-preview:large, max-video-preview:-1\" \/>\n<link rel=\"canonical\" href=\"https:\/\/hubsch-interior.com\/da\/wp-json\/wp\/v2\/product\/1087815\" \/>\n<meta property=\"og:locale\" content=\"da_DK\" \/>\n<meta property=\"og:type\" content=\"article\" \/>\n<meta property=\"og:title\" content=\"Socle Bogst\u00f8tte Natur - H\u00fcbsch\" \/>\n<meta property=\"og:description\" content=\"En stabil h\u00e5nd til dine k\u00f8kkenfort\u00e6llinger. Socle Bogst\u00f8tte i naturligt FSC-certificeret eg tilf\u00f8rer b\u00e5de charme og funktionalitet til dit k\u00f8kken.\" \/>\n<meta property=\"og:url\" content=\"https:\/\/hubsch-interior.com\/da\/vare\/socle-bogstotte-natur\/\" \/>\n<meta property=\"og:site_name\" content=\"H\u00fcbsch\" \/>\n<meta property=\"article:modified_time\" content=\"2026-04-05T03:00:00+00:00\" \/>\n<meta property=\"og:image\" content=\"https:\/\/hubsch-interior.com\/wp-content\/uploads\/2026\/01\/socle-bookend-natural-2f1194567ce72d769aca1f7daf91dd47.jpg\" \/>\n\t<meta property=\"og:image:width\" content=\"1200\" \/>\n\t<meta property=\"og:image:height\" content=\"1200\" \/>\n\t<meta property=\"og:image:type\" content=\"image\/jpeg\" \/>\n<meta name=\"twitter:card\" content=\"summary_large_image\" \/>\n<script type=\"application\/ld+json\" class=\"yoast-schema-graph\">{\"@context\":\"https:\/\/schema.org\",\"@graph\":[{\"@type\":\"WebPage\",\"@id\":\"https:\/\/hubsch-interior.com\/da\/vare\/socle-bogstotte-natur\/\",\"url\":\"https:\/\/hubsch-interior.com\/da\/vare\/socle-bogstotte-natur\/\",\"name\":\"Socle Bogst\u00f8tte Natur - H\u00fcbsch\",\"isPartOf\":{\"@id\":\"https:\/\/hubsch-interior.com\/da\/#website\"},\"primaryImageOfPage\":{\"@id\":\"https:\/\/hubsch-interior.com\/da\/vare\/socle-bogstotte-natur\/#primaryimage\"},\"image\":{\"@id\":\"https:\/\/hubsch-interior.com\/da\/vare\/socle-bogstotte-natur\/#primaryimage\"},\"thumbnailUrl\":\"https:\/\/hubsch-interior.com\/wp-content\/uploads\/2026\/02\/socle-bookend-natural-1d6191620464820d50089aafc88ae912.jpg\",\"datePublished\":\"2026-01-31T03:35:40+00:00\",\"dateModified\":\"2026-04-05T03:00:00+00:00\",\"description\":\"En stabil h\u00e5nd til dine k\u00f8kkenfort\u00e6llinger. Socle Bogst\u00f8tte i naturligt FSC-certificeret eg tilf\u00f8rer b\u00e5de charme og funktionalitet til dit k\u00f8kken.\",\"breadcrumb\":{\"@id\":\"https:\/\/hubsch-interior.com\/da\/vare\/socle-bogstotte-natur\/#breadcrumb\"},\"inLanguage\":\"da-DK\",\"potentialAction\":[{\"@type\":\"ReadAction\",\"target\":[\"https:\/\/hubsch-interior.com\/da\/vare\/socle-bogstotte-natur\/\"]}]},{\"@type\":\"ImageObject\",\"inLanguage\":\"da-DK\",\"@id\":\"https:\/\/hubsch-interior.com\/da\/vare\/socle-bogstotte-natur\/#primaryimage\",\"url\":\"https:\/\/hubsch-interior.com\/wp-content\/uploads\/2026\/02\/socle-bookend-natural-1d6191620464820d50089aafc88ae912.jpg\",\"contentUrl\":\"https:\/\/hubsch-interior.com\/wp-content\/uploads\/2026\/02\/socle-bookend-natural-1d6191620464820d50089aafc88ae912.jpg\",\"width\":1024,\"height\":1024},{\"@type\":\"BreadcrumbList\",\"@id\":\"https:\/\/hubsch-interior.com\/da\/vare\/socle-bogstotte-natur\/#breadcrumb\",\"itemListElement\":[{\"@type\":\"ListItem\",\"position\":1,\"name\":\"Forside\",\"item\":\"https:\/\/hubsch-interior.com\/da\/\"},{\"@type\":\"ListItem\",\"position\":2,\"name\":\"Produkter\",\"item\":\"https:\/\/hubsch-interior.com\/da\/produkter\/\"},{\"@type\":\"ListItem\",\"position\":3,\"name\":\"Socle Bogst\u00f8tte Natur\"}]},{\"@type\":\"WebSite\",\"@id\":\"https:\/\/hubsch-interior.com\/da\/#website\",\"url\":\"https:\/\/hubsch-interior.com\/da\/\",\"name\":\"H\u00fcbsch\",\"description\":\"Danish Home Interior and Design\",\"publisher\":{\"@id\":\"https:\/\/hubsch-interior.com\/da\/#organization\"},\"potentialAction\":[{\"@type\":\"SearchAction\",\"target\":{\"@type\":\"EntryPoint\",\"urlTemplate\":\"https:\/\/hubsch-interior.com\/da\/?s={search_term_string}\"},\"query-input\":{\"@type\":\"PropertyValueSpecification\",\"valueRequired\":true,\"valueName\":\"search_term_string\"}}],\"inLanguage\":\"da-DK\"},{\"@type\":\"Organization\",\"@id\":\"https:\/\/hubsch-interior.com\/da\/#organization\",\"name\":\"H\u00fcbsch\",\"url\":\"https:\/\/hubsch-interior.com\/da\/\",\"logo\":{\"@type\":\"ImageObject\",\"inLanguage\":\"da-DK\",\"@id\":\"https:\/\/hubsch-interior.com\/da\/#\/schema\/logo\/image\/\",\"url\":\"https:\/\/hubsch-interior.com\/wp-content\/uploads\/2022\/12\/Hubsch_logo_black_one_line.svg\",\"contentUrl\":\"https:\/\/hubsch-interior.com\/wp-content\/uploads\/2022\/12\/Hubsch_logo_black_one_line.svg\",\"caption\":\"H\u00fcbsch\"},\"image\":{\"@id\":\"https:\/\/hubsch-interior.com\/da\/#\/schema\/logo\/image\/\"}}]}<\/script>\n<!-- \/ Yoast SEO plugin. -->","yoast_head_json":{"title":"Socle Bogst\u00f8tte Natur - H\u00fcbsch","description":"En stabil h\u00e5nd til dine k\u00f8kkenfort\u00e6llinger. Socle Bogst\u00f8tte i naturligt FSC-certificeret eg tilf\u00f8rer b\u00e5de charme og funktionalitet til dit k\u00f8kken.","robots":{"index":"index","follow":"follow","max-snippet":"max-snippet:-1","max-image-preview":"max-image-preview:large","max-video-preview":"max-video-preview:-1"},"canonical":"https:\/\/hubsch-interior.com\/da\/wp-json\/wp\/v2\/product\/1087815","og_locale":"da_DK","og_type":"article","og_title":"Socle Bogst\u00f8tte Natur - H\u00fcbsch","og_description":"En stabil h\u00e5nd til dine k\u00f8kkenfort\u00e6llinger. Socle Bogst\u00f8tte i naturligt FSC-certificeret eg tilf\u00f8rer b\u00e5de charme og funktionalitet til dit k\u00f8kken.","og_url":"https:\/\/hubsch-interior.com\/da\/vare\/socle-bogstotte-natur\/","og_site_name":"H\u00fcbsch","article_modified_time":"2026-04-05T03:00:00+00:00","og_image":[{"width":1200,"height":1200,"url":"https:\/\/hubsch-interior.com\/wp-content\/uploads\/2026\/01\/socle-bookend-natural-2f1194567ce72d769aca1f7daf91dd47.jpg","type":"image\/jpeg"}],"twitter_card":"summary_large_image","schema":{"@context":"https:\/\/schema.org","@graph":[{"@type":"WebPage","@id":"https:\/\/hubsch-interior.com\/da\/vare\/socle-bogstotte-natur\/","url":"https:\/\/hubsch-interior.com\/da\/vare\/socle-bogstotte-natur\/","name":"Socle Bogst\u00f8tte Natur - H\u00fcbsch","isPartOf":{"@id":"https:\/\/hubsch-interior.com\/da\/#website"},"primaryImageOfPage":{"@id":"https:\/\/hubsch-interior.com\/da\/vare\/socle-bogstotte-natur\/#primaryimage"},"image":{"@id":"https:\/\/hubsch-interior.com\/da\/vare\/socle-bogstotte-natur\/#primaryimage"},"thumbnailUrl":"https:\/\/hubsch-interior.com\/wp-content\/uploads\/2026\/02\/socle-bookend-natural-1d6191620464820d50089aafc88ae912.jpg","datePublished":"2026-01-31T03:35:40+00:00","dateModified":"2026-04-05T03:00:00+00:00","description":"En stabil h\u00e5nd til dine k\u00f8kkenfort\u00e6llinger. Socle Bogst\u00f8tte i naturligt FSC-certificeret eg tilf\u00f8rer b\u00e5de charme og funktionalitet til dit k\u00f8kken.","breadcrumb":{"@id":"https:\/\/hubsch-interior.com\/da\/vare\/socle-bogstotte-natur\/#breadcrumb"},"inLanguage":"da-DK","potentialAction":[{"@type":"ReadAction","target":["https:\/\/hubsch-interior.com\/da\/vare\/socle-bogstotte-natur\/"]}]},{"@type":"ImageObject","inLanguage":"da-DK","@id":"https:\/\/hubsch-interior.com\/da\/vare\/socle-bogstotte-natur\/#primaryimage","url":"https:\/\/hubsch-interior.com\/wp-content\/uploads\/2026\/02\/socle-bookend-natural-1d6191620464820d50089aafc88ae912.jpg","contentUrl":"https:\/\/hubsch-interior.com\/wp-content\/uploads\/2026\/02\/socle-bookend-natural-1d6191620464820d50089aafc88ae912.jpg","width":1024,"height":1024},{"@type":"BreadcrumbList","@id":"https:\/\/hubsch-interior.com\/da\/vare\/socle-bogstotte-natur\/#breadcrumb","itemListElement":[{"@type":"ListItem","position":1,"name":"Forside","item":"https:\/\/hubsch-interior.com\/da\/"},{"@type":"ListItem","position":2,"name":"Produkter","item":"https:\/\/hubsch-interior.com\/da\/produkter\/"},{"@type":"ListItem","position":3,"name":"Socle Bogst\u00f8tte Natur"}]},{"@type":"WebSite","@id":"https:\/\/hubsch-interior.com\/da\/#website","url":"https:\/\/hubsch-interior.com\/da\/","name":"H\u00fcbsch","description":"Danish Home Interior and Design","publisher":{"@id":"https:\/\/hubsch-interior.com\/da\/#organization"},"potentialAction":[{"@type":"SearchAction","target":{"@type":"EntryPoint","urlTemplate":"https:\/\/hubsch-interior.com\/da\/?s={search_term_string}"},"query-input":{"@type":"PropertyValueSpecification","valueRequired":true,"valueName":"search_term_string"}}],"inLanguage":"da-DK"},{"@type":"Organization","@id":"https:\/\/hubsch-interior.com\/da\/#organization","name":"H\u00fcbsch","url":"https:\/\/hubsch-interior.com\/da\/","logo":{"@type":"ImageObject","inLanguage":"da-DK","@id":"https:\/\/hubsch-interior.com\/da\/#\/schema\/logo\/image\/","url":"https:\/\/hubsch-interior.com\/wp-content\/uploads\/2022\/12\/Hubsch_logo_black_one_line.svg","contentUrl":"https:\/\/hubsch-interior.com\/wp-content\/uploads\/2022\/12\/Hubsch_logo_black_one_line.svg","caption":"H\u00fcbsch"},"image":{"@id":"https:\/\/hubsch-interior.com\/da\/#\/schema\/logo\/image\/"}}]}},"_links":{"self":[{"href":"https:\/\/hubsch-interior.com\/da\/wp-json\/wp\/v2\/product\/1087815","targetHints":{"allow":["GET"]}}],"collection":[{"href":"https:\/\/hubsch-interior.com\/da\/wp-json\/wp\/v2\/product"}],"about":[{"href":"https:\/\/hubsch-interior.com\/da\/wp-json\/wp\/v2\/types\/product"}],"wp:featuredmedia":[{"embeddable":true,"href":"https:\/\/hubsch-interior.com\/da\/wp-json\/wp\/v2\/media\/1105031"}],"wp:attachment":[{"href":"https:\/\/hubsch-interior.com\/da\/wp-json\/wp\/v2\/media?parent=1087815"}],"wp:term":[{"taxonomy":"product_brand","embeddable":true,"href":"https:\/\/hubsch-interior.com\/da\/wp-json\/wp\/v2\/product_brand?post=1087815"},{"taxonomy":"product_cat","embeddable":true,"href":"https:\/\/hubsch-interior.com\/da\/wp-json\/wp\/v2\/product_cat?post=1087815"},{"taxonomy":"product_tag","embeddable":true,"href":"https:\/\/hubsch-interior.com\/da\/wp-json\/wp\/v2\/product_tag?post=1087815"}],"curies":[{"name":"wp","href":"https:\/\/api.w.org\/{rel}","templated":true}]}}