{"id":1087843,"date":"2026-01-31T04:35:53","date_gmt":"2026-01-31T03:35:53","guid":{"rendered":"https:\/\/hubsch-interior.com\/product\/product\/"},"modified":"2026-04-06T04:54:11","modified_gmt":"2026-04-06T02:54:11","slug":"kant-reol-natur","status":"publish","type":"product","link":"https:\/\/hubsch-interior.com\/da\/vare\/kant-reol-natur\/","title":{"rendered":"Kant Reol Natur"},"content":{"rendered":"<p>En diskret ramme for dine yndlingsting. Kant Reol er fremstillet af FSC-certificeret eg i en tidl\u00f8s naturlig finish, der tilbyder en alsidig og elegant m\u00e5de at skabe orden i dit k\u00f8kken, kontor eller opholdsrum. V\u00e6gmonteret og smukt enkel er den designet til at holde alt fra klenodier til daglige n\u00f8dvendigheder med lethed. Dens gennemt\u00e6nkte form tilf\u00f8jer en subtil fornemmelse af struktur og varme til ethvert rum. En raffineret hverdagsreol, der lader dine objekter \u2014 og din stil \u2014 tale stille, men klart.<\/p>\n","protected":false},"excerpt":{"rendered":"<p>En diskret ramme for dine yndlingsting. Kant Reol er fremstillet af FSC-certificeret eg i en tidl\u00f8s naturlig finish, der tilbyder en alsidig og elegant m\u00e5de at skabe orden i dit k\u00f8kken, kontor eller opholdsrum. V\u00e6gmonteret og smukt enkel er den designet til at holde alt fra klenodier til daglige n\u00f8dvendigheder med lethed. Dens gennemt\u00e6nkte form [&hellip;]<\/p>\n","protected":false},"featured_media":1105047,"template":"","meta":{"_acf_changed":false,"inline_featured_image":false},"product_brand":[],"product_cat":[7153,7069,7070,6321,3999,4010,5045],"product_tag":[],"class_list":{"0":"post-1087843","1":"product","2":"type-product","3":"status-publish","4":"has-post-thumbnail","6":"product_cat-dweller-da","7":"product_cat-knager-reoler-da","8":"product_cat-reoler-da-knager-reoler-da","9":"product_cat-fsc-da","10":"product_cat-reoler-opbevaring-da","11":"product_cat-reoler-da","12":"product_cat-nyheder-da","13":"product_shipping_class-pk","15":"pa_color-natur-2","16":"pa_material-mdf-da","17":"pa_material-egetrsfiner","19":"first","20":"instock","21":"taxable","22":"shipping-taxable","23":"purchasable","24":"product-type-simple"},"exclude_global_add_ons":[],"addons":[],"acf":[],"yoast_head":"<!-- This site is optimized with the Yoast SEO plugin v26.4 - https:\/\/yoast.com\/wordpress\/plugins\/seo\/ -->\n<title>Kant Reol Natur - H\u00fcbsch<\/title>\n<meta name=\"description\" content=\"En diskret ramme for dine yndlingsting. Kant Reol er fremstillet af FSC-certificeret eg i en tidl\u00f8s naturlig finish, der tilbyder en alsidig og elegant\" \/>\n<meta name=\"robots\" content=\"index, follow, max-snippet:-1, max-image-preview:large, max-video-preview:-1\" \/>\n<link rel=\"canonical\" href=\"https:\/\/hubsch-interior.com\/da\/wp-json\/wp\/v2\/product\/1087843\" \/>\n<meta property=\"og:locale\" content=\"da_DK\" \/>\n<meta property=\"og:type\" content=\"article\" \/>\n<meta property=\"og:title\" content=\"Kant Reol Natur - H\u00fcbsch\" \/>\n<meta property=\"og:description\" content=\"En diskret ramme for dine yndlingsting. Kant Reol er fremstillet af FSC-certificeret eg i en tidl\u00f8s naturlig finish, der tilbyder en alsidig og elegant\" \/>\n<meta property=\"og:url\" content=\"https:\/\/hubsch-interior.com\/da\/vare\/kant-reol-natur\/\" \/>\n<meta property=\"og:site_name\" content=\"H\u00fcbsch\" \/>\n<meta property=\"article:modified_time\" content=\"2026-04-06T02:54:11+00:00\" \/>\n<meta property=\"og:image\" content=\"https:\/\/hubsch-interior.com\/wp-content\/uploads\/2026\/02\/kant-shelf-unit-natural-4217efe3744f9b492cc6e009eaae7f7a.jpg\" \/>\n\t<meta property=\"og:image:width\" content=\"1024\" \/>\n\t<meta property=\"og:image:height\" content=\"1024\" \/>\n\t<meta property=\"og:image:type\" content=\"image\/jpeg\" \/>\n<meta name=\"twitter:card\" content=\"summary_large_image\" \/>\n<script type=\"application\/ld+json\" class=\"yoast-schema-graph\">{\"@context\":\"https:\/\/schema.org\",\"@graph\":[{\"@type\":\"WebPage\",\"@id\":\"https:\/\/hubsch-interior.com\/da\/vare\/kant-reol-natur\/\",\"url\":\"https:\/\/hubsch-interior.com\/da\/vare\/kant-reol-natur\/\",\"name\":\"Kant Reol Natur - H\u00fcbsch\",\"isPartOf\":{\"@id\":\"https:\/\/hubsch-interior.com\/da\/#website\"},\"primaryImageOfPage\":{\"@id\":\"https:\/\/hubsch-interior.com\/da\/vare\/kant-reol-natur\/#primaryimage\"},\"image\":{\"@id\":\"https:\/\/hubsch-interior.com\/da\/vare\/kant-reol-natur\/#primaryimage\"},\"thumbnailUrl\":\"https:\/\/hubsch-interior.com\/wp-content\/uploads\/2026\/02\/kant-shelf-unit-natural-4217efe3744f9b492cc6e009eaae7f7a.jpg\",\"datePublished\":\"2026-01-31T03:35:53+00:00\",\"dateModified\":\"2026-04-06T02:54:11+00:00\",\"description\":\"En diskret ramme for dine yndlingsting. Kant Reol er fremstillet af FSC-certificeret eg i en tidl\u00f8s naturlig finish, der tilbyder en alsidig og elegant\",\"breadcrumb\":{\"@id\":\"https:\/\/hubsch-interior.com\/da\/vare\/kant-reol-natur\/#breadcrumb\"},\"inLanguage\":\"da-DK\",\"potentialAction\":[{\"@type\":\"ReadAction\",\"target\":[\"https:\/\/hubsch-interior.com\/da\/vare\/kant-reol-natur\/\"]}]},{\"@type\":\"ImageObject\",\"inLanguage\":\"da-DK\",\"@id\":\"https:\/\/hubsch-interior.com\/da\/vare\/kant-reol-natur\/#primaryimage\",\"url\":\"https:\/\/hubsch-interior.com\/wp-content\/uploads\/2026\/02\/kant-shelf-unit-natural-4217efe3744f9b492cc6e009eaae7f7a.jpg\",\"contentUrl\":\"https:\/\/hubsch-interior.com\/wp-content\/uploads\/2026\/02\/kant-shelf-unit-natural-4217efe3744f9b492cc6e009eaae7f7a.jpg\",\"width\":1024,\"height\":1024},{\"@type\":\"BreadcrumbList\",\"@id\":\"https:\/\/hubsch-interior.com\/da\/vare\/kant-reol-natur\/#breadcrumb\",\"itemListElement\":[{\"@type\":\"ListItem\",\"position\":1,\"name\":\"Forside\",\"item\":\"https:\/\/hubsch-interior.com\/da\/\"},{\"@type\":\"ListItem\",\"position\":2,\"name\":\"Produkter\",\"item\":\"https:\/\/hubsch-interior.com\/da\/produkter\/\"},{\"@type\":\"ListItem\",\"position\":3,\"name\":\"M\u00f8bler\",\"item\":\"https:\/\/hubsch-interior.com\/da\/vare-kategori\/mobler\/\"},{\"@type\":\"ListItem\",\"position\":4,\"name\":\"Reoler &amp; opbevaring\",\"item\":\"https:\/\/hubsch-interior.com\/da\/vare-kategori\/mobler\/reoler-opbevaring-da\/\"},{\"@type\":\"ListItem\",\"position\":5,\"name\":\"Reoler\",\"item\":\"https:\/\/hubsch-interior.com\/da\/vare-kategori\/mobler\/reoler-opbevaring-da\/reoler-da\/\"},{\"@type\":\"ListItem\",\"position\":6,\"name\":\"Kant Reol Natur\"}]},{\"@type\":\"WebSite\",\"@id\":\"https:\/\/hubsch-interior.com\/da\/#website\",\"url\":\"https:\/\/hubsch-interior.com\/da\/\",\"name\":\"H\u00fcbsch\",\"description\":\"Danish Home Interior and Design\",\"publisher\":{\"@id\":\"https:\/\/hubsch-interior.com\/da\/#organization\"},\"potentialAction\":[{\"@type\":\"SearchAction\",\"target\":{\"@type\":\"EntryPoint\",\"urlTemplate\":\"https:\/\/hubsch-interior.com\/da\/?s={search_term_string}\"},\"query-input\":{\"@type\":\"PropertyValueSpecification\",\"valueRequired\":true,\"valueName\":\"search_term_string\"}}],\"inLanguage\":\"da-DK\"},{\"@type\":\"Organization\",\"@id\":\"https:\/\/hubsch-interior.com\/da\/#organization\",\"name\":\"H\u00fcbsch\",\"url\":\"https:\/\/hubsch-interior.com\/da\/\",\"logo\":{\"@type\":\"ImageObject\",\"inLanguage\":\"da-DK\",\"@id\":\"https:\/\/hubsch-interior.com\/da\/#\/schema\/logo\/image\/\",\"url\":\"https:\/\/hubsch-interior.com\/wp-content\/uploads\/2022\/12\/Hubsch_logo_black_one_line.svg\",\"contentUrl\":\"https:\/\/hubsch-interior.com\/wp-content\/uploads\/2022\/12\/Hubsch_logo_black_one_line.svg\",\"caption\":\"H\u00fcbsch\"},\"image\":{\"@id\":\"https:\/\/hubsch-interior.com\/da\/#\/schema\/logo\/image\/\"}}]}<\/script>\n<!-- \/ Yoast SEO plugin. -->","yoast_head_json":{"title":"Kant Reol Natur - H\u00fcbsch","description":"En diskret ramme for dine yndlingsting. Kant Reol er fremstillet af FSC-certificeret eg i en tidl\u00f8s naturlig finish, der tilbyder en alsidig og elegant","robots":{"index":"index","follow":"follow","max-snippet":"max-snippet:-1","max-image-preview":"max-image-preview:large","max-video-preview":"max-video-preview:-1"},"canonical":"https:\/\/hubsch-interior.com\/da\/wp-json\/wp\/v2\/product\/1087843","og_locale":"da_DK","og_type":"article","og_title":"Kant Reol Natur - H\u00fcbsch","og_description":"En diskret ramme for dine yndlingsting. Kant Reol er fremstillet af FSC-certificeret eg i en tidl\u00f8s naturlig finish, der tilbyder en alsidig og elegant","og_url":"https:\/\/hubsch-interior.com\/da\/vare\/kant-reol-natur\/","og_site_name":"H\u00fcbsch","article_modified_time":"2026-04-06T02:54:11+00:00","og_image":[{"width":1024,"height":1024,"url":"https:\/\/hubsch-interior.com\/wp-content\/uploads\/2026\/02\/kant-shelf-unit-natural-4217efe3744f9b492cc6e009eaae7f7a.jpg","type":"image\/jpeg"}],"twitter_card":"summary_large_image","schema":{"@context":"https:\/\/schema.org","@graph":[{"@type":"WebPage","@id":"https:\/\/hubsch-interior.com\/da\/vare\/kant-reol-natur\/","url":"https:\/\/hubsch-interior.com\/da\/vare\/kant-reol-natur\/","name":"Kant Reol Natur - H\u00fcbsch","isPartOf":{"@id":"https:\/\/hubsch-interior.com\/da\/#website"},"primaryImageOfPage":{"@id":"https:\/\/hubsch-interior.com\/da\/vare\/kant-reol-natur\/#primaryimage"},"image":{"@id":"https:\/\/hubsch-interior.com\/da\/vare\/kant-reol-natur\/#primaryimage"},"thumbnailUrl":"https:\/\/hubsch-interior.com\/wp-content\/uploads\/2026\/02\/kant-shelf-unit-natural-4217efe3744f9b492cc6e009eaae7f7a.jpg","datePublished":"2026-01-31T03:35:53+00:00","dateModified":"2026-04-06T02:54:11+00:00","description":"En diskret ramme for dine yndlingsting. Kant Reol er fremstillet af FSC-certificeret eg i en tidl\u00f8s naturlig finish, der tilbyder en alsidig og elegant","breadcrumb":{"@id":"https:\/\/hubsch-interior.com\/da\/vare\/kant-reol-natur\/#breadcrumb"},"inLanguage":"da-DK","potentialAction":[{"@type":"ReadAction","target":["https:\/\/hubsch-interior.com\/da\/vare\/kant-reol-natur\/"]}]},{"@type":"ImageObject","inLanguage":"da-DK","@id":"https:\/\/hubsch-interior.com\/da\/vare\/kant-reol-natur\/#primaryimage","url":"https:\/\/hubsch-interior.com\/wp-content\/uploads\/2026\/02\/kant-shelf-unit-natural-4217efe3744f9b492cc6e009eaae7f7a.jpg","contentUrl":"https:\/\/hubsch-interior.com\/wp-content\/uploads\/2026\/02\/kant-shelf-unit-natural-4217efe3744f9b492cc6e009eaae7f7a.jpg","width":1024,"height":1024},{"@type":"BreadcrumbList","@id":"https:\/\/hubsch-interior.com\/da\/vare\/kant-reol-natur\/#breadcrumb","itemListElement":[{"@type":"ListItem","position":1,"name":"Forside","item":"https:\/\/hubsch-interior.com\/da\/"},{"@type":"ListItem","position":2,"name":"Produkter","item":"https:\/\/hubsch-interior.com\/da\/produkter\/"},{"@type":"ListItem","position":3,"name":"M\u00f8bler","item":"https:\/\/hubsch-interior.com\/da\/vare-kategori\/mobler\/"},{"@type":"ListItem","position":4,"name":"Reoler &amp; opbevaring","item":"https:\/\/hubsch-interior.com\/da\/vare-kategori\/mobler\/reoler-opbevaring-da\/"},{"@type":"ListItem","position":5,"name":"Reoler","item":"https:\/\/hubsch-interior.com\/da\/vare-kategori\/mobler\/reoler-opbevaring-da\/reoler-da\/"},{"@type":"ListItem","position":6,"name":"Kant Reol Natur"}]},{"@type":"WebSite","@id":"https:\/\/hubsch-interior.com\/da\/#website","url":"https:\/\/hubsch-interior.com\/da\/","name":"H\u00fcbsch","description":"Danish Home Interior and Design","publisher":{"@id":"https:\/\/hubsch-interior.com\/da\/#organization"},"potentialAction":[{"@type":"SearchAction","target":{"@type":"EntryPoint","urlTemplate":"https:\/\/hubsch-interior.com\/da\/?s={search_term_string}"},"query-input":{"@type":"PropertyValueSpecification","valueRequired":true,"valueName":"search_term_string"}}],"inLanguage":"da-DK"},{"@type":"Organization","@id":"https:\/\/hubsch-interior.com\/da\/#organization","name":"H\u00fcbsch","url":"https:\/\/hubsch-interior.com\/da\/","logo":{"@type":"ImageObject","inLanguage":"da-DK","@id":"https:\/\/hubsch-interior.com\/da\/#\/schema\/logo\/image\/","url":"https:\/\/hubsch-interior.com\/wp-content\/uploads\/2022\/12\/Hubsch_logo_black_one_line.svg","contentUrl":"https:\/\/hubsch-interior.com\/wp-content\/uploads\/2022\/12\/Hubsch_logo_black_one_line.svg","caption":"H\u00fcbsch"},"image":{"@id":"https:\/\/hubsch-interior.com\/da\/#\/schema\/logo\/image\/"}}]}},"_links":{"self":[{"href":"https:\/\/hubsch-interior.com\/da\/wp-json\/wp\/v2\/product\/1087843","targetHints":{"allow":["GET"]}}],"collection":[{"href":"https:\/\/hubsch-interior.com\/da\/wp-json\/wp\/v2\/product"}],"about":[{"href":"https:\/\/hubsch-interior.com\/da\/wp-json\/wp\/v2\/types\/product"}],"wp:featuredmedia":[{"embeddable":true,"href":"https:\/\/hubsch-interior.com\/da\/wp-json\/wp\/v2\/media\/1105047"}],"wp:attachment":[{"href":"https:\/\/hubsch-interior.com\/da\/wp-json\/wp\/v2\/media?parent=1087843"}],"wp:term":[{"taxonomy":"product_brand","embeddable":true,"href":"https:\/\/hubsch-interior.com\/da\/wp-json\/wp\/v2\/product_brand?post=1087843"},{"taxonomy":"product_cat","embeddable":true,"href":"https:\/\/hubsch-interior.com\/da\/wp-json\/wp\/v2\/product_cat?post=1087843"},{"taxonomy":"product_tag","embeddable":true,"href":"https:\/\/hubsch-interior.com\/da\/wp-json\/wp\/v2\/product_tag?post=1087843"}],"curies":[{"name":"wp","href":"https:\/\/api.w.org\/{rel}","templated":true}]}}