{"id":1087879,"date":"2026-01-31T04:36:08","date_gmt":"2026-01-31T03:36:08","guid":{"rendered":"https:\/\/hubsch-interior.com\/product\/product\/"},"modified":"2026-04-05T05:00:08","modified_gmt":"2026-04-05T03:00:08","slug":"four-sofabord-natur-saet-af-2","status":"publish","type":"product","link":"https:\/\/hubsch-interior.com\/da\/vare\/four-sofabord-natur-saet-af-2\/","title":{"rendered":"Four Sofabord Natur (s\u00e6t af 2)"},"content":{"rendered":"<p>Four Sofabord bringer legende fleksibilitet ind i dit hjem, fremstillet af varmt FSC-certificeret eg og underst\u00f8ttet af fire robuste ben. Brug det som et enkelt centrum eller arranger flere sammen \u2014 spred, stable, separer \u2014 og lad opstillingen f\u00f8lge dit hum\u00f8r. Med sin indbydende tone og h\u00e5ndgribelige h\u00e5ndv\u00e6rk er det mere end bare en overflade. Det er et modul\u00e6rt \u00f8jeblik af ro, forbindelse og kreativt liv.<\/p>\n","protected":false},"excerpt":{"rendered":"<p>Four Sofabord bringer legende fleksibilitet ind i dit hjem, fremstillet af varmt FSC-certificeret eg og underst\u00f8ttet af fire robuste ben. Brug det som et enkelt centrum eller arranger flere sammen \u2014 spred, stable, separer \u2014 og lad opstillingen f\u00f8lge dit hum\u00f8r. Med sin indbydende tone og h\u00e5ndgribelige h\u00e5ndv\u00e6rk er det mere end bare en overflade. [&hellip;]<\/p>\n","protected":false},"featured_media":1105067,"template":"","meta":{"_acf_changed":false,"inline_featured_image":false},"product_brand":[],"product_cat":[7153,6321,2857,2872,5045],"product_tag":[],"class_list":{"0":"post-1087879","1":"product","2":"type-product","3":"status-publish","4":"has-post-thumbnail","6":"product_cat-dweller-da","7":"product_cat-fsc-da","8":"product_cat-borde-da","9":"product_cat-sofaborde-da","10":"product_cat-nyheder-da","11":"product_shipping_class-pk","13":"pa_color-natur-2","14":"pa_material-mdf-da","15":"pa_material-egetr","16":"pa_material-egetrsfiner","18":"first","19":"instock","20":"taxable","21":"shipping-taxable","22":"purchasable","23":"product-type-simple"},"exclude_global_add_ons":[],"addons":[],"acf":[],"yoast_head":"<!-- This site is optimized with the Yoast SEO plugin v26.4 - https:\/\/yoast.com\/wordpress\/plugins\/seo\/ -->\n<title>Four Sofabord Natur (s\u00e6t af 2) - H\u00fcbsch<\/title>\n<meta name=\"description\" content=\"Four Sofabord bringer legende fleksibilitet ind i dit hjem, fremstillet af varmt FSC-certificeret eg og underst\u00f8ttet af fire robuste ben. Brug det som et\" \/>\n<meta name=\"robots\" content=\"index, follow, max-snippet:-1, max-image-preview:large, max-video-preview:-1\" \/>\n<link rel=\"canonical\" href=\"https:\/\/hubsch-interior.com\/da\/wp-json\/wp\/v2\/product\/1087879\" \/>\n<meta property=\"og:locale\" content=\"da_DK\" \/>\n<meta property=\"og:type\" content=\"article\" \/>\n<meta property=\"og:title\" content=\"Four Sofabord Natur (s\u00e6t af 2) - H\u00fcbsch\" \/>\n<meta property=\"og:description\" content=\"Four Sofabord bringer legende fleksibilitet ind i dit hjem, fremstillet af varmt FSC-certificeret eg og underst\u00f8ttet af fire robuste ben. Brug det som et\" \/>\n<meta property=\"og:url\" content=\"https:\/\/hubsch-interior.com\/da\/vare\/four-sofabord-natur-saet-af-2\/\" \/>\n<meta property=\"og:site_name\" content=\"H\u00fcbsch\" \/>\n<meta property=\"article:modified_time\" content=\"2026-04-05T03:00:08+00:00\" \/>\n<meta property=\"og:image\" content=\"https:\/\/hubsch-interior.com\/wp-content\/uploads\/2026\/01\/four-coffee-table-natural-set-of-2-b3ac3b4b87031874b8ab03d942af3a33.jpg\" \/>\n\t<meta property=\"og:image:width\" content=\"1200\" \/>\n\t<meta property=\"og:image:height\" content=\"1200\" \/>\n\t<meta property=\"og:image:type\" content=\"image\/jpeg\" \/>\n<meta name=\"twitter:card\" content=\"summary_large_image\" \/>\n<script type=\"application\/ld+json\" class=\"yoast-schema-graph\">{\"@context\":\"https:\/\/schema.org\",\"@graph\":[{\"@type\":\"WebPage\",\"@id\":\"https:\/\/hubsch-interior.com\/da\/vare\/four-sofabord-natur-saet-af-2\/\",\"url\":\"https:\/\/hubsch-interior.com\/da\/vare\/four-sofabord-natur-saet-af-2\/\",\"name\":\"Four Sofabord Natur (s\u00e6t af 2) - H\u00fcbsch\",\"isPartOf\":{\"@id\":\"https:\/\/hubsch-interior.com\/da\/#website\"},\"primaryImageOfPage\":{\"@id\":\"https:\/\/hubsch-interior.com\/da\/vare\/four-sofabord-natur-saet-af-2\/#primaryimage\"},\"image\":{\"@id\":\"https:\/\/hubsch-interior.com\/da\/vare\/four-sofabord-natur-saet-af-2\/#primaryimage\"},\"thumbnailUrl\":\"https:\/\/hubsch-interior.com\/wp-content\/uploads\/2026\/02\/four-coffee-table-natural-set-of-2-644f6f37c8fdff4937033b8f7d009660.jpg\",\"datePublished\":\"2026-01-31T03:36:08+00:00\",\"dateModified\":\"2026-04-05T03:00:08+00:00\",\"description\":\"Four Sofabord bringer legende fleksibilitet ind i dit hjem, fremstillet af varmt FSC-certificeret eg og underst\u00f8ttet af fire robuste ben. Brug det som et\",\"breadcrumb\":{\"@id\":\"https:\/\/hubsch-interior.com\/da\/vare\/four-sofabord-natur-saet-af-2\/#breadcrumb\"},\"inLanguage\":\"da-DK\",\"potentialAction\":[{\"@type\":\"ReadAction\",\"target\":[\"https:\/\/hubsch-interior.com\/da\/vare\/four-sofabord-natur-saet-af-2\/\"]}]},{\"@type\":\"ImageObject\",\"inLanguage\":\"da-DK\",\"@id\":\"https:\/\/hubsch-interior.com\/da\/vare\/four-sofabord-natur-saet-af-2\/#primaryimage\",\"url\":\"https:\/\/hubsch-interior.com\/wp-content\/uploads\/2026\/02\/four-coffee-table-natural-set-of-2-644f6f37c8fdff4937033b8f7d009660.jpg\",\"contentUrl\":\"https:\/\/hubsch-interior.com\/wp-content\/uploads\/2026\/02\/four-coffee-table-natural-set-of-2-644f6f37c8fdff4937033b8f7d009660.jpg\",\"width\":1024,\"height\":1024},{\"@type\":\"BreadcrumbList\",\"@id\":\"https:\/\/hubsch-interior.com\/da\/vare\/four-sofabord-natur-saet-af-2\/#breadcrumb\",\"itemListElement\":[{\"@type\":\"ListItem\",\"position\":1,\"name\":\"Forside\",\"item\":\"https:\/\/hubsch-interior.com\/da\/\"},{\"@type\":\"ListItem\",\"position\":2,\"name\":\"Produkter\",\"item\":\"https:\/\/hubsch-interior.com\/da\/produkter\/\"},{\"@type\":\"ListItem\",\"position\":3,\"name\":\"Four Sofabord Natur (s\u00e6t af 2)\"}]},{\"@type\":\"WebSite\",\"@id\":\"https:\/\/hubsch-interior.com\/da\/#website\",\"url\":\"https:\/\/hubsch-interior.com\/da\/\",\"name\":\"H\u00fcbsch\",\"description\":\"Danish Home Interior and Design\",\"publisher\":{\"@id\":\"https:\/\/hubsch-interior.com\/da\/#organization\"},\"potentialAction\":[{\"@type\":\"SearchAction\",\"target\":{\"@type\":\"EntryPoint\",\"urlTemplate\":\"https:\/\/hubsch-interior.com\/da\/?s={search_term_string}\"},\"query-input\":{\"@type\":\"PropertyValueSpecification\",\"valueRequired\":true,\"valueName\":\"search_term_string\"}}],\"inLanguage\":\"da-DK\"},{\"@type\":\"Organization\",\"@id\":\"https:\/\/hubsch-interior.com\/da\/#organization\",\"name\":\"H\u00fcbsch\",\"url\":\"https:\/\/hubsch-interior.com\/da\/\",\"logo\":{\"@type\":\"ImageObject\",\"inLanguage\":\"da-DK\",\"@id\":\"https:\/\/hubsch-interior.com\/da\/#\/schema\/logo\/image\/\",\"url\":\"https:\/\/hubsch-interior.com\/wp-content\/uploads\/2022\/12\/Hubsch_logo_black_one_line.svg\",\"contentUrl\":\"https:\/\/hubsch-interior.com\/wp-content\/uploads\/2022\/12\/Hubsch_logo_black_one_line.svg\",\"caption\":\"H\u00fcbsch\"},\"image\":{\"@id\":\"https:\/\/hubsch-interior.com\/da\/#\/schema\/logo\/image\/\"}}]}<\/script>\n<!-- \/ Yoast SEO plugin. -->","yoast_head_json":{"title":"Four Sofabord Natur (s\u00e6t af 2) - H\u00fcbsch","description":"Four Sofabord bringer legende fleksibilitet ind i dit hjem, fremstillet af varmt FSC-certificeret eg og underst\u00f8ttet af fire robuste ben. Brug det som et","robots":{"index":"index","follow":"follow","max-snippet":"max-snippet:-1","max-image-preview":"max-image-preview:large","max-video-preview":"max-video-preview:-1"},"canonical":"https:\/\/hubsch-interior.com\/da\/wp-json\/wp\/v2\/product\/1087879","og_locale":"da_DK","og_type":"article","og_title":"Four Sofabord Natur (s\u00e6t af 2) - H\u00fcbsch","og_description":"Four Sofabord bringer legende fleksibilitet ind i dit hjem, fremstillet af varmt FSC-certificeret eg og underst\u00f8ttet af fire robuste ben. Brug det som et","og_url":"https:\/\/hubsch-interior.com\/da\/vare\/four-sofabord-natur-saet-af-2\/","og_site_name":"H\u00fcbsch","article_modified_time":"2026-04-05T03:00:08+00:00","og_image":[{"width":1200,"height":1200,"url":"https:\/\/hubsch-interior.com\/wp-content\/uploads\/2026\/01\/four-coffee-table-natural-set-of-2-b3ac3b4b87031874b8ab03d942af3a33.jpg","type":"image\/jpeg"}],"twitter_card":"summary_large_image","schema":{"@context":"https:\/\/schema.org","@graph":[{"@type":"WebPage","@id":"https:\/\/hubsch-interior.com\/da\/vare\/four-sofabord-natur-saet-af-2\/","url":"https:\/\/hubsch-interior.com\/da\/vare\/four-sofabord-natur-saet-af-2\/","name":"Four Sofabord Natur (s\u00e6t af 2) - H\u00fcbsch","isPartOf":{"@id":"https:\/\/hubsch-interior.com\/da\/#website"},"primaryImageOfPage":{"@id":"https:\/\/hubsch-interior.com\/da\/vare\/four-sofabord-natur-saet-af-2\/#primaryimage"},"image":{"@id":"https:\/\/hubsch-interior.com\/da\/vare\/four-sofabord-natur-saet-af-2\/#primaryimage"},"thumbnailUrl":"https:\/\/hubsch-interior.com\/wp-content\/uploads\/2026\/02\/four-coffee-table-natural-set-of-2-644f6f37c8fdff4937033b8f7d009660.jpg","datePublished":"2026-01-31T03:36:08+00:00","dateModified":"2026-04-05T03:00:08+00:00","description":"Four Sofabord bringer legende fleksibilitet ind i dit hjem, fremstillet af varmt FSC-certificeret eg og underst\u00f8ttet af fire robuste ben. Brug det som et","breadcrumb":{"@id":"https:\/\/hubsch-interior.com\/da\/vare\/four-sofabord-natur-saet-af-2\/#breadcrumb"},"inLanguage":"da-DK","potentialAction":[{"@type":"ReadAction","target":["https:\/\/hubsch-interior.com\/da\/vare\/four-sofabord-natur-saet-af-2\/"]}]},{"@type":"ImageObject","inLanguage":"da-DK","@id":"https:\/\/hubsch-interior.com\/da\/vare\/four-sofabord-natur-saet-af-2\/#primaryimage","url":"https:\/\/hubsch-interior.com\/wp-content\/uploads\/2026\/02\/four-coffee-table-natural-set-of-2-644f6f37c8fdff4937033b8f7d009660.jpg","contentUrl":"https:\/\/hubsch-interior.com\/wp-content\/uploads\/2026\/02\/four-coffee-table-natural-set-of-2-644f6f37c8fdff4937033b8f7d009660.jpg","width":1024,"height":1024},{"@type":"BreadcrumbList","@id":"https:\/\/hubsch-interior.com\/da\/vare\/four-sofabord-natur-saet-af-2\/#breadcrumb","itemListElement":[{"@type":"ListItem","position":1,"name":"Forside","item":"https:\/\/hubsch-interior.com\/da\/"},{"@type":"ListItem","position":2,"name":"Produkter","item":"https:\/\/hubsch-interior.com\/da\/produkter\/"},{"@type":"ListItem","position":3,"name":"Four Sofabord Natur (s\u00e6t af 2)"}]},{"@type":"WebSite","@id":"https:\/\/hubsch-interior.com\/da\/#website","url":"https:\/\/hubsch-interior.com\/da\/","name":"H\u00fcbsch","description":"Danish Home Interior and Design","publisher":{"@id":"https:\/\/hubsch-interior.com\/da\/#organization"},"potentialAction":[{"@type":"SearchAction","target":{"@type":"EntryPoint","urlTemplate":"https:\/\/hubsch-interior.com\/da\/?s={search_term_string}"},"query-input":{"@type":"PropertyValueSpecification","valueRequired":true,"valueName":"search_term_string"}}],"inLanguage":"da-DK"},{"@type":"Organization","@id":"https:\/\/hubsch-interior.com\/da\/#organization","name":"H\u00fcbsch","url":"https:\/\/hubsch-interior.com\/da\/","logo":{"@type":"ImageObject","inLanguage":"da-DK","@id":"https:\/\/hubsch-interior.com\/da\/#\/schema\/logo\/image\/","url":"https:\/\/hubsch-interior.com\/wp-content\/uploads\/2022\/12\/Hubsch_logo_black_one_line.svg","contentUrl":"https:\/\/hubsch-interior.com\/wp-content\/uploads\/2022\/12\/Hubsch_logo_black_one_line.svg","caption":"H\u00fcbsch"},"image":{"@id":"https:\/\/hubsch-interior.com\/da\/#\/schema\/logo\/image\/"}}]}},"_links":{"self":[{"href":"https:\/\/hubsch-interior.com\/da\/wp-json\/wp\/v2\/product\/1087879","targetHints":{"allow":["GET"]}}],"collection":[{"href":"https:\/\/hubsch-interior.com\/da\/wp-json\/wp\/v2\/product"}],"about":[{"href":"https:\/\/hubsch-interior.com\/da\/wp-json\/wp\/v2\/types\/product"}],"wp:featuredmedia":[{"embeddable":true,"href":"https:\/\/hubsch-interior.com\/da\/wp-json\/wp\/v2\/media\/1105067"}],"wp:attachment":[{"href":"https:\/\/hubsch-interior.com\/da\/wp-json\/wp\/v2\/media?parent=1087879"}],"wp:term":[{"taxonomy":"product_brand","embeddable":true,"href":"https:\/\/hubsch-interior.com\/da\/wp-json\/wp\/v2\/product_brand?post=1087879"},{"taxonomy":"product_cat","embeddable":true,"href":"https:\/\/hubsch-interior.com\/da\/wp-json\/wp\/v2\/product_cat?post=1087879"},{"taxonomy":"product_tag","embeddable":true,"href":"https:\/\/hubsch-interior.com\/da\/wp-json\/wp\/v2\/product_tag?post=1087879"}],"curies":[{"name":"wp","href":"https:\/\/api.w.org\/{rel}","templated":true}]}}