{"id":1087927,"date":"2026-01-31T04:36:41","date_gmt":"2026-01-31T03:36:41","guid":{"rendered":"https:\/\/hubsch-interior.com\/product\/product\/"},"modified":"2026-04-06T04:54:28","modified_gmt":"2026-04-06T02:54:28","slug":"base-spejl-natur","status":"publish","type":"product","link":"https:\/\/hubsch-interior.com\/da\/vare\/base-spejl-natur\/","title":{"rendered":"Base Spejl Natur"},"content":{"rendered":"<p>Lille i st\u00f8rrelse, stor p\u00e5 detaljer. Base Spejlet tilf\u00f8rer en blid varme til dit rum med en ramme af naturligt eg, som f\u00f8les b\u00e5de solid og raffineret. Dets lille hylde holder daglige n\u00f8dvendigheder \u2014 som n\u00f8gler, smykker eller duft \u2014 inden for r\u00e6kkevidde, hvilket g\u00f8r det perfekt egnet til kompakte entr\u00e9er eller rolige sovev\u00e6relseskroge. Omhyggeligt h\u00e5ndv\u00e6rket fra FSC-certificeret tr\u00e6, er det et stykke, der reflekterer mere end dit billede. Det bringer klarhed, ro og stille nytte til din daglige rytme.<\/p>\n","protected":false},"excerpt":{"rendered":"<p>Lille i st\u00f8rrelse, stor p\u00e5 detaljer. Base Spejlet tilf\u00f8rer en blid varme til dit rum med en ramme af naturligt eg, som f\u00f8les b\u00e5de solid og raffineret. Dets lille hylde holder daglige n\u00f8dvendigheder \u2014 som n\u00f8gler, smykker eller duft \u2014 inden for r\u00e6kkevidde, hvilket g\u00f8r det perfekt egnet til kompakte entr\u00e9er eller rolige sovev\u00e6relseskroge. Omhyggeligt [&hellip;]<\/p>\n","protected":false},"featured_media":1105135,"template":"","meta":{"_acf_changed":false,"inline_featured_image":false},"product_brand":[],"product_cat":[7153,6321,2921,2922,5045],"product_tag":[],"class_list":{"0":"post-1087927","1":"product","2":"type-product","3":"status-publish","4":"has-post-thumbnail","6":"product_cat-dweller-da","7":"product_cat-fsc-da","8":"product_cat-spejle-da","9":"product_cat-vaegspejle-da","10":"product_cat-nyheder-da","11":"product_shipping_class-pk","13":"pa_color-natur-2","14":"pa_material-mdf-da","15":"pa_material-spejlglas","16":"pa_material-egetr","17":"pa_material-egetrsfiner","19":"first","20":"instock","21":"taxable","22":"shipping-taxable","23":"purchasable","24":"product-type-simple"},"exclude_global_add_ons":[],"addons":[],"acf":[],"yoast_head":"<!-- This site is optimized with the Yoast SEO plugin v26.4 - https:\/\/yoast.com\/wordpress\/plugins\/seo\/ -->\n<title>Base Spejl Natur - H\u00fcbsch<\/title>\n<meta name=\"description\" content=\"Lille i st\u00f8rrelse, stor p\u00e5 detaljer. Base Spejlet tilf\u00f8rer en blid varme til dit rum med en ramme af naturligt eg, som f\u00f8les b\u00e5de solid og raffineret.\" \/>\n<meta name=\"robots\" content=\"index, follow, max-snippet:-1, max-image-preview:large, max-video-preview:-1\" \/>\n<link rel=\"canonical\" href=\"https:\/\/hubsch-interior.com\/da\/wp-json\/wp\/v2\/product\/1087927\" \/>\n<meta property=\"og:locale\" content=\"da_DK\" \/>\n<meta property=\"og:type\" content=\"article\" \/>\n<meta property=\"og:title\" content=\"Base Spejl Natur - H\u00fcbsch\" \/>\n<meta property=\"og:description\" content=\"Lille i st\u00f8rrelse, stor p\u00e5 detaljer. Base Spejlet tilf\u00f8rer en blid varme til dit rum med en ramme af naturligt eg, som f\u00f8les b\u00e5de solid og raffineret.\" \/>\n<meta property=\"og:url\" content=\"https:\/\/hubsch-interior.com\/da\/vare\/base-spejl-natur\/\" \/>\n<meta property=\"og:site_name\" content=\"H\u00fcbsch\" \/>\n<meta property=\"article:modified_time\" content=\"2026-04-06T02:54:28+00:00\" \/>\n<meta property=\"og:image\" content=\"https:\/\/hubsch-interior.com\/wp-content\/uploads\/2026\/01\/base-mirror-natural-623ef2d56f495b1644edb100ac10fa08.jpg\" \/>\n\t<meta property=\"og:image:width\" content=\"1200\" \/>\n\t<meta property=\"og:image:height\" content=\"1200\" \/>\n\t<meta property=\"og:image:type\" content=\"image\/jpeg\" \/>\n<meta name=\"twitter:card\" content=\"summary_large_image\" \/>\n<script type=\"application\/ld+json\" class=\"yoast-schema-graph\">{\"@context\":\"https:\/\/schema.org\",\"@graph\":[{\"@type\":\"WebPage\",\"@id\":\"https:\/\/hubsch-interior.com\/da\/vare\/base-spejl-natur\/\",\"url\":\"https:\/\/hubsch-interior.com\/da\/vare\/base-spejl-natur\/\",\"name\":\"Base Spejl Natur - H\u00fcbsch\",\"isPartOf\":{\"@id\":\"https:\/\/hubsch-interior.com\/da\/#website\"},\"primaryImageOfPage\":{\"@id\":\"https:\/\/hubsch-interior.com\/da\/vare\/base-spejl-natur\/#primaryimage\"},\"image\":{\"@id\":\"https:\/\/hubsch-interior.com\/da\/vare\/base-spejl-natur\/#primaryimage\"},\"thumbnailUrl\":\"https:\/\/hubsch-interior.com\/wp-content\/uploads\/2026\/02\/base-mirror-natural-f65e1d72bfb6d8aa6da38c7a3c3af12b.jpg\",\"datePublished\":\"2026-01-31T03:36:41+00:00\",\"dateModified\":\"2026-04-06T02:54:28+00:00\",\"description\":\"Lille i st\u00f8rrelse, stor p\u00e5 detaljer. Base Spejlet tilf\u00f8rer en blid varme til dit rum med en ramme af naturligt eg, som f\u00f8les b\u00e5de solid og raffineret.\",\"breadcrumb\":{\"@id\":\"https:\/\/hubsch-interior.com\/da\/vare\/base-spejl-natur\/#breadcrumb\"},\"inLanguage\":\"da-DK\",\"potentialAction\":[{\"@type\":\"ReadAction\",\"target\":[\"https:\/\/hubsch-interior.com\/da\/vare\/base-spejl-natur\/\"]}]},{\"@type\":\"ImageObject\",\"inLanguage\":\"da-DK\",\"@id\":\"https:\/\/hubsch-interior.com\/da\/vare\/base-spejl-natur\/#primaryimage\",\"url\":\"https:\/\/hubsch-interior.com\/wp-content\/uploads\/2026\/02\/base-mirror-natural-f65e1d72bfb6d8aa6da38c7a3c3af12b.jpg\",\"contentUrl\":\"https:\/\/hubsch-interior.com\/wp-content\/uploads\/2026\/02\/base-mirror-natural-f65e1d72bfb6d8aa6da38c7a3c3af12b.jpg\",\"width\":1024,\"height\":1024},{\"@type\":\"BreadcrumbList\",\"@id\":\"https:\/\/hubsch-interior.com\/da\/vare\/base-spejl-natur\/#breadcrumb\",\"itemListElement\":[{\"@type\":\"ListItem\",\"position\":1,\"name\":\"Forside\",\"item\":\"https:\/\/hubsch-interior.com\/da\/\"},{\"@type\":\"ListItem\",\"position\":2,\"name\":\"Produkter\",\"item\":\"https:\/\/hubsch-interior.com\/da\/produkter\/\"},{\"@type\":\"ListItem\",\"position\":3,\"name\":\"Base Spejl Natur\"}]},{\"@type\":\"WebSite\",\"@id\":\"https:\/\/hubsch-interior.com\/da\/#website\",\"url\":\"https:\/\/hubsch-interior.com\/da\/\",\"name\":\"H\u00fcbsch\",\"description\":\"Danish Home Interior and Design\",\"publisher\":{\"@id\":\"https:\/\/hubsch-interior.com\/da\/#organization\"},\"potentialAction\":[{\"@type\":\"SearchAction\",\"target\":{\"@type\":\"EntryPoint\",\"urlTemplate\":\"https:\/\/hubsch-interior.com\/da\/?s={search_term_string}\"},\"query-input\":{\"@type\":\"PropertyValueSpecification\",\"valueRequired\":true,\"valueName\":\"search_term_string\"}}],\"inLanguage\":\"da-DK\"},{\"@type\":\"Organization\",\"@id\":\"https:\/\/hubsch-interior.com\/da\/#organization\",\"name\":\"H\u00fcbsch\",\"url\":\"https:\/\/hubsch-interior.com\/da\/\",\"logo\":{\"@type\":\"ImageObject\",\"inLanguage\":\"da-DK\",\"@id\":\"https:\/\/hubsch-interior.com\/da\/#\/schema\/logo\/image\/\",\"url\":\"https:\/\/hubsch-interior.com\/wp-content\/uploads\/2022\/12\/Hubsch_logo_black_one_line.svg\",\"contentUrl\":\"https:\/\/hubsch-interior.com\/wp-content\/uploads\/2022\/12\/Hubsch_logo_black_one_line.svg\",\"caption\":\"H\u00fcbsch\"},\"image\":{\"@id\":\"https:\/\/hubsch-interior.com\/da\/#\/schema\/logo\/image\/\"}}]}<\/script>\n<!-- \/ Yoast SEO plugin. -->","yoast_head_json":{"title":"Base Spejl Natur - H\u00fcbsch","description":"Lille i st\u00f8rrelse, stor p\u00e5 detaljer. Base Spejlet tilf\u00f8rer en blid varme til dit rum med en ramme af naturligt eg, som f\u00f8les b\u00e5de solid og raffineret.","robots":{"index":"index","follow":"follow","max-snippet":"max-snippet:-1","max-image-preview":"max-image-preview:large","max-video-preview":"max-video-preview:-1"},"canonical":"https:\/\/hubsch-interior.com\/da\/wp-json\/wp\/v2\/product\/1087927","og_locale":"da_DK","og_type":"article","og_title":"Base Spejl Natur - H\u00fcbsch","og_description":"Lille i st\u00f8rrelse, stor p\u00e5 detaljer. Base Spejlet tilf\u00f8rer en blid varme til dit rum med en ramme af naturligt eg, som f\u00f8les b\u00e5de solid og raffineret.","og_url":"https:\/\/hubsch-interior.com\/da\/vare\/base-spejl-natur\/","og_site_name":"H\u00fcbsch","article_modified_time":"2026-04-06T02:54:28+00:00","og_image":[{"width":1200,"height":1200,"url":"https:\/\/hubsch-interior.com\/wp-content\/uploads\/2026\/01\/base-mirror-natural-623ef2d56f495b1644edb100ac10fa08.jpg","type":"image\/jpeg"}],"twitter_card":"summary_large_image","schema":{"@context":"https:\/\/schema.org","@graph":[{"@type":"WebPage","@id":"https:\/\/hubsch-interior.com\/da\/vare\/base-spejl-natur\/","url":"https:\/\/hubsch-interior.com\/da\/vare\/base-spejl-natur\/","name":"Base Spejl Natur - H\u00fcbsch","isPartOf":{"@id":"https:\/\/hubsch-interior.com\/da\/#website"},"primaryImageOfPage":{"@id":"https:\/\/hubsch-interior.com\/da\/vare\/base-spejl-natur\/#primaryimage"},"image":{"@id":"https:\/\/hubsch-interior.com\/da\/vare\/base-spejl-natur\/#primaryimage"},"thumbnailUrl":"https:\/\/hubsch-interior.com\/wp-content\/uploads\/2026\/02\/base-mirror-natural-f65e1d72bfb6d8aa6da38c7a3c3af12b.jpg","datePublished":"2026-01-31T03:36:41+00:00","dateModified":"2026-04-06T02:54:28+00:00","description":"Lille i st\u00f8rrelse, stor p\u00e5 detaljer. Base Spejlet tilf\u00f8rer en blid varme til dit rum med en ramme af naturligt eg, som f\u00f8les b\u00e5de solid og raffineret.","breadcrumb":{"@id":"https:\/\/hubsch-interior.com\/da\/vare\/base-spejl-natur\/#breadcrumb"},"inLanguage":"da-DK","potentialAction":[{"@type":"ReadAction","target":["https:\/\/hubsch-interior.com\/da\/vare\/base-spejl-natur\/"]}]},{"@type":"ImageObject","inLanguage":"da-DK","@id":"https:\/\/hubsch-interior.com\/da\/vare\/base-spejl-natur\/#primaryimage","url":"https:\/\/hubsch-interior.com\/wp-content\/uploads\/2026\/02\/base-mirror-natural-f65e1d72bfb6d8aa6da38c7a3c3af12b.jpg","contentUrl":"https:\/\/hubsch-interior.com\/wp-content\/uploads\/2026\/02\/base-mirror-natural-f65e1d72bfb6d8aa6da38c7a3c3af12b.jpg","width":1024,"height":1024},{"@type":"BreadcrumbList","@id":"https:\/\/hubsch-interior.com\/da\/vare\/base-spejl-natur\/#breadcrumb","itemListElement":[{"@type":"ListItem","position":1,"name":"Forside","item":"https:\/\/hubsch-interior.com\/da\/"},{"@type":"ListItem","position":2,"name":"Produkter","item":"https:\/\/hubsch-interior.com\/da\/produkter\/"},{"@type":"ListItem","position":3,"name":"Base Spejl Natur"}]},{"@type":"WebSite","@id":"https:\/\/hubsch-interior.com\/da\/#website","url":"https:\/\/hubsch-interior.com\/da\/","name":"H\u00fcbsch","description":"Danish Home Interior and Design","publisher":{"@id":"https:\/\/hubsch-interior.com\/da\/#organization"},"potentialAction":[{"@type":"SearchAction","target":{"@type":"EntryPoint","urlTemplate":"https:\/\/hubsch-interior.com\/da\/?s={search_term_string}"},"query-input":{"@type":"PropertyValueSpecification","valueRequired":true,"valueName":"search_term_string"}}],"inLanguage":"da-DK"},{"@type":"Organization","@id":"https:\/\/hubsch-interior.com\/da\/#organization","name":"H\u00fcbsch","url":"https:\/\/hubsch-interior.com\/da\/","logo":{"@type":"ImageObject","inLanguage":"da-DK","@id":"https:\/\/hubsch-interior.com\/da\/#\/schema\/logo\/image\/","url":"https:\/\/hubsch-interior.com\/wp-content\/uploads\/2022\/12\/Hubsch_logo_black_one_line.svg","contentUrl":"https:\/\/hubsch-interior.com\/wp-content\/uploads\/2022\/12\/Hubsch_logo_black_one_line.svg","caption":"H\u00fcbsch"},"image":{"@id":"https:\/\/hubsch-interior.com\/da\/#\/schema\/logo\/image\/"}}]}},"_links":{"self":[{"href":"https:\/\/hubsch-interior.com\/da\/wp-json\/wp\/v2\/product\/1087927","targetHints":{"allow":["GET"]}}],"collection":[{"href":"https:\/\/hubsch-interior.com\/da\/wp-json\/wp\/v2\/product"}],"about":[{"href":"https:\/\/hubsch-interior.com\/da\/wp-json\/wp\/v2\/types\/product"}],"wp:featuredmedia":[{"embeddable":true,"href":"https:\/\/hubsch-interior.com\/da\/wp-json\/wp\/v2\/media\/1105135"}],"wp:attachment":[{"href":"https:\/\/hubsch-interior.com\/da\/wp-json\/wp\/v2\/media?parent=1087927"}],"wp:term":[{"taxonomy":"product_brand","embeddable":true,"href":"https:\/\/hubsch-interior.com\/da\/wp-json\/wp\/v2\/product_brand?post=1087927"},{"taxonomy":"product_cat","embeddable":true,"href":"https:\/\/hubsch-interior.com\/da\/wp-json\/wp\/v2\/product_cat?post=1087927"},{"taxonomy":"product_tag","embeddable":true,"href":"https:\/\/hubsch-interior.com\/da\/wp-json\/wp\/v2\/product_tag?post=1087927"}],"curies":[{"name":"wp","href":"https:\/\/api.w.org\/{rel}","templated":true}]}}