{"id":1087959,"date":"2026-01-31T04:36:54","date_gmt":"2026-01-31T03:36:54","guid":{"rendered":"https:\/\/hubsch-interior.com\/product\/product\/"},"modified":"2026-04-06T04:54:32","modified_gmt":"2026-04-06T02:54:32","slug":"ark-skab-natur","status":"publish","type":"product","link":"https:\/\/hubsch-interior.com\/da\/vare\/ark-skab-natur\/","title":{"rendered":"Ark Skab Natur"},"content":{"rendered":"<p>Opbevaring med en historie at fort\u00e6lle. Ark Skabet i varmt FSC-certificeret eg bringer struktur og sj\u00e6l til dit rum, med \u00e5ben adgang ovenfor til udstilling eller servering, og skjult opbevaring nedenunder for at holde tingene ubesv\u00e6ret ryddelige. Dets rene linjer og gennemt\u00e6nkte layout g\u00f8r det lige s\u00e5 hjemme i en stue, entr\u00e9 eller kontor. Fra dagligdags n\u00f8dvendigheder til weekendens g\u00e6stfrihed, bev\u00e6ger det sig let mellem funktion og f\u00f8lelse. En alsidig f\u00f8lgesvend med stille charme \u2014 klar til at forme sig omkring dine daglige ritualer.<\/p>\n","protected":false},"excerpt":{"rendered":"<p>Opbevaring med en historie at fort\u00e6lle. Ark Skabet i varmt FSC-certificeret eg bringer struktur og sj\u00e6l til dit rum, med \u00e5ben adgang ovenfor til udstilling eller servering, og skjult opbevaring nedenunder for at holde tingene ubesv\u00e6ret ryddelige. Dets rene linjer og gennemt\u00e6nkte layout g\u00f8r det lige s\u00e5 hjemme i en stue, entr\u00e9 eller kontor. Fra [&hellip;]<\/p>\n","protected":false},"featured_media":1105155,"template":"","meta":{"_acf_changed":false,"inline_featured_image":false},"product_brand":[],"product_cat":[7153,6321,3999,4919,5045],"product_tag":[],"class_list":{"0":"post-1087959","1":"product","2":"type-product","3":"status-publish","4":"has-post-thumbnail","6":"product_cat-dweller-da","7":"product_cat-fsc-da","8":"product_cat-reoler-opbevaring-da","9":"product_cat-kommoder-skaenke-da","10":"product_cat-nyheder-da","11":"product_shipping_class-p10","13":"pa_color-natur-2","14":"pa_material-mdf-da","15":"pa_material-egetr","16":"pa_material-egetrsfiner","18":"first","19":"instock","20":"taxable","21":"shipping-taxable","22":"purchasable","23":"product-type-simple"},"exclude_global_add_ons":[],"addons":[],"acf":[],"yoast_head":"<!-- This site is optimized with the Yoast SEO plugin v26.4 - https:\/\/yoast.com\/wordpress\/plugins\/seo\/ -->\n<title>Ark Skab Natur - H\u00fcbsch<\/title>\n<meta name=\"description\" content=\"Opbevaring med en historie at fort\u00e6lle. Ark Skabet i varmt FSC-certificeret eg bringer struktur og sj\u00e6l til dit rum, med \u00e5ben adgang ovenfor til\" \/>\n<meta name=\"robots\" content=\"index, follow, max-snippet:-1, max-image-preview:large, max-video-preview:-1\" \/>\n<link rel=\"canonical\" href=\"https:\/\/hubsch-interior.com\/da\/wp-json\/wp\/v2\/product\/1087959\" \/>\n<meta property=\"og:locale\" content=\"da_DK\" \/>\n<meta property=\"og:type\" content=\"article\" \/>\n<meta property=\"og:title\" content=\"Ark Skab Natur - H\u00fcbsch\" \/>\n<meta property=\"og:description\" content=\"Opbevaring med en historie at fort\u00e6lle. Ark Skabet i varmt FSC-certificeret eg bringer struktur og sj\u00e6l til dit rum, med \u00e5ben adgang ovenfor til\" \/>\n<meta property=\"og:url\" content=\"https:\/\/hubsch-interior.com\/da\/vare\/ark-skab-natur\/\" \/>\n<meta property=\"og:site_name\" content=\"H\u00fcbsch\" \/>\n<meta property=\"article:modified_time\" content=\"2026-04-06T02:54:32+00:00\" \/>\n<meta property=\"og:image\" content=\"https:\/\/hubsch-interior.com\/wp-content\/uploads\/2026\/01\/ark-cabinet-natural-f7a49fb3b9c45c089275e699a4a55f43.jpg\" \/>\n\t<meta property=\"og:image:width\" content=\"1200\" \/>\n\t<meta property=\"og:image:height\" content=\"1200\" \/>\n\t<meta property=\"og:image:type\" content=\"image\/jpeg\" \/>\n<meta name=\"twitter:card\" content=\"summary_large_image\" \/>\n<script type=\"application\/ld+json\" class=\"yoast-schema-graph\">{\"@context\":\"https:\/\/schema.org\",\"@graph\":[{\"@type\":\"WebPage\",\"@id\":\"https:\/\/hubsch-interior.com\/da\/vare\/ark-skab-natur\/\",\"url\":\"https:\/\/hubsch-interior.com\/da\/vare\/ark-skab-natur\/\",\"name\":\"Ark Skab Natur - H\u00fcbsch\",\"isPartOf\":{\"@id\":\"https:\/\/hubsch-interior.com\/da\/#website\"},\"primaryImageOfPage\":{\"@id\":\"https:\/\/hubsch-interior.com\/da\/vare\/ark-skab-natur\/#primaryimage\"},\"image\":{\"@id\":\"https:\/\/hubsch-interior.com\/da\/vare\/ark-skab-natur\/#primaryimage\"},\"thumbnailUrl\":\"https:\/\/hubsch-interior.com\/wp-content\/uploads\/2026\/02\/ark-cabinet-natural-ce1f564be10ca8c2b9989b328fce3637.jpg\",\"datePublished\":\"2026-01-31T03:36:54+00:00\",\"dateModified\":\"2026-04-06T02:54:32+00:00\",\"description\":\"Opbevaring med en historie at fort\u00e6lle. Ark Skabet i varmt FSC-certificeret eg bringer struktur og sj\u00e6l til dit rum, med \u00e5ben adgang ovenfor til\",\"breadcrumb\":{\"@id\":\"https:\/\/hubsch-interior.com\/da\/vare\/ark-skab-natur\/#breadcrumb\"},\"inLanguage\":\"da-DK\",\"potentialAction\":[{\"@type\":\"ReadAction\",\"target\":[\"https:\/\/hubsch-interior.com\/da\/vare\/ark-skab-natur\/\"]}]},{\"@type\":\"ImageObject\",\"inLanguage\":\"da-DK\",\"@id\":\"https:\/\/hubsch-interior.com\/da\/vare\/ark-skab-natur\/#primaryimage\",\"url\":\"https:\/\/hubsch-interior.com\/wp-content\/uploads\/2026\/02\/ark-cabinet-natural-ce1f564be10ca8c2b9989b328fce3637.jpg\",\"contentUrl\":\"https:\/\/hubsch-interior.com\/wp-content\/uploads\/2026\/02\/ark-cabinet-natural-ce1f564be10ca8c2b9989b328fce3637.jpg\",\"width\":1024,\"height\":1024},{\"@type\":\"BreadcrumbList\",\"@id\":\"https:\/\/hubsch-interior.com\/da\/vare\/ark-skab-natur\/#breadcrumb\",\"itemListElement\":[{\"@type\":\"ListItem\",\"position\":1,\"name\":\"Forside\",\"item\":\"https:\/\/hubsch-interior.com\/da\/\"},{\"@type\":\"ListItem\",\"position\":2,\"name\":\"Produkter\",\"item\":\"https:\/\/hubsch-interior.com\/da\/produkter\/\"},{\"@type\":\"ListItem\",\"position\":3,\"name\":\"Ark Skab Natur\"}]},{\"@type\":\"WebSite\",\"@id\":\"https:\/\/hubsch-interior.com\/da\/#website\",\"url\":\"https:\/\/hubsch-interior.com\/da\/\",\"name\":\"H\u00fcbsch\",\"description\":\"Danish Home Interior and Design\",\"publisher\":{\"@id\":\"https:\/\/hubsch-interior.com\/da\/#organization\"},\"potentialAction\":[{\"@type\":\"SearchAction\",\"target\":{\"@type\":\"EntryPoint\",\"urlTemplate\":\"https:\/\/hubsch-interior.com\/da\/?s={search_term_string}\"},\"query-input\":{\"@type\":\"PropertyValueSpecification\",\"valueRequired\":true,\"valueName\":\"search_term_string\"}}],\"inLanguage\":\"da-DK\"},{\"@type\":\"Organization\",\"@id\":\"https:\/\/hubsch-interior.com\/da\/#organization\",\"name\":\"H\u00fcbsch\",\"url\":\"https:\/\/hubsch-interior.com\/da\/\",\"logo\":{\"@type\":\"ImageObject\",\"inLanguage\":\"da-DK\",\"@id\":\"https:\/\/hubsch-interior.com\/da\/#\/schema\/logo\/image\/\",\"url\":\"https:\/\/hubsch-interior.com\/wp-content\/uploads\/2022\/12\/Hubsch_logo_black_one_line.svg\",\"contentUrl\":\"https:\/\/hubsch-interior.com\/wp-content\/uploads\/2022\/12\/Hubsch_logo_black_one_line.svg\",\"caption\":\"H\u00fcbsch\"},\"image\":{\"@id\":\"https:\/\/hubsch-interior.com\/da\/#\/schema\/logo\/image\/\"}}]}<\/script>\n<!-- \/ Yoast SEO plugin. -->","yoast_head_json":{"title":"Ark Skab Natur - H\u00fcbsch","description":"Opbevaring med en historie at fort\u00e6lle. Ark Skabet i varmt FSC-certificeret eg bringer struktur og sj\u00e6l til dit rum, med \u00e5ben adgang ovenfor til","robots":{"index":"index","follow":"follow","max-snippet":"max-snippet:-1","max-image-preview":"max-image-preview:large","max-video-preview":"max-video-preview:-1"},"canonical":"https:\/\/hubsch-interior.com\/da\/wp-json\/wp\/v2\/product\/1087959","og_locale":"da_DK","og_type":"article","og_title":"Ark Skab Natur - H\u00fcbsch","og_description":"Opbevaring med en historie at fort\u00e6lle. Ark Skabet i varmt FSC-certificeret eg bringer struktur og sj\u00e6l til dit rum, med \u00e5ben adgang ovenfor til","og_url":"https:\/\/hubsch-interior.com\/da\/vare\/ark-skab-natur\/","og_site_name":"H\u00fcbsch","article_modified_time":"2026-04-06T02:54:32+00:00","og_image":[{"width":1200,"height":1200,"url":"https:\/\/hubsch-interior.com\/wp-content\/uploads\/2026\/01\/ark-cabinet-natural-f7a49fb3b9c45c089275e699a4a55f43.jpg","type":"image\/jpeg"}],"twitter_card":"summary_large_image","schema":{"@context":"https:\/\/schema.org","@graph":[{"@type":"WebPage","@id":"https:\/\/hubsch-interior.com\/da\/vare\/ark-skab-natur\/","url":"https:\/\/hubsch-interior.com\/da\/vare\/ark-skab-natur\/","name":"Ark Skab Natur - H\u00fcbsch","isPartOf":{"@id":"https:\/\/hubsch-interior.com\/da\/#website"},"primaryImageOfPage":{"@id":"https:\/\/hubsch-interior.com\/da\/vare\/ark-skab-natur\/#primaryimage"},"image":{"@id":"https:\/\/hubsch-interior.com\/da\/vare\/ark-skab-natur\/#primaryimage"},"thumbnailUrl":"https:\/\/hubsch-interior.com\/wp-content\/uploads\/2026\/02\/ark-cabinet-natural-ce1f564be10ca8c2b9989b328fce3637.jpg","datePublished":"2026-01-31T03:36:54+00:00","dateModified":"2026-04-06T02:54:32+00:00","description":"Opbevaring med en historie at fort\u00e6lle. Ark Skabet i varmt FSC-certificeret eg bringer struktur og sj\u00e6l til dit rum, med \u00e5ben adgang ovenfor til","breadcrumb":{"@id":"https:\/\/hubsch-interior.com\/da\/vare\/ark-skab-natur\/#breadcrumb"},"inLanguage":"da-DK","potentialAction":[{"@type":"ReadAction","target":["https:\/\/hubsch-interior.com\/da\/vare\/ark-skab-natur\/"]}]},{"@type":"ImageObject","inLanguage":"da-DK","@id":"https:\/\/hubsch-interior.com\/da\/vare\/ark-skab-natur\/#primaryimage","url":"https:\/\/hubsch-interior.com\/wp-content\/uploads\/2026\/02\/ark-cabinet-natural-ce1f564be10ca8c2b9989b328fce3637.jpg","contentUrl":"https:\/\/hubsch-interior.com\/wp-content\/uploads\/2026\/02\/ark-cabinet-natural-ce1f564be10ca8c2b9989b328fce3637.jpg","width":1024,"height":1024},{"@type":"BreadcrumbList","@id":"https:\/\/hubsch-interior.com\/da\/vare\/ark-skab-natur\/#breadcrumb","itemListElement":[{"@type":"ListItem","position":1,"name":"Forside","item":"https:\/\/hubsch-interior.com\/da\/"},{"@type":"ListItem","position":2,"name":"Produkter","item":"https:\/\/hubsch-interior.com\/da\/produkter\/"},{"@type":"ListItem","position":3,"name":"Ark Skab Natur"}]},{"@type":"WebSite","@id":"https:\/\/hubsch-interior.com\/da\/#website","url":"https:\/\/hubsch-interior.com\/da\/","name":"H\u00fcbsch","description":"Danish Home Interior and Design","publisher":{"@id":"https:\/\/hubsch-interior.com\/da\/#organization"},"potentialAction":[{"@type":"SearchAction","target":{"@type":"EntryPoint","urlTemplate":"https:\/\/hubsch-interior.com\/da\/?s={search_term_string}"},"query-input":{"@type":"PropertyValueSpecification","valueRequired":true,"valueName":"search_term_string"}}],"inLanguage":"da-DK"},{"@type":"Organization","@id":"https:\/\/hubsch-interior.com\/da\/#organization","name":"H\u00fcbsch","url":"https:\/\/hubsch-interior.com\/da\/","logo":{"@type":"ImageObject","inLanguage":"da-DK","@id":"https:\/\/hubsch-interior.com\/da\/#\/schema\/logo\/image\/","url":"https:\/\/hubsch-interior.com\/wp-content\/uploads\/2022\/12\/Hubsch_logo_black_one_line.svg","contentUrl":"https:\/\/hubsch-interior.com\/wp-content\/uploads\/2022\/12\/Hubsch_logo_black_one_line.svg","caption":"H\u00fcbsch"},"image":{"@id":"https:\/\/hubsch-interior.com\/da\/#\/schema\/logo\/image\/"}}]}},"_links":{"self":[{"href":"https:\/\/hubsch-interior.com\/da\/wp-json\/wp\/v2\/product\/1087959","targetHints":{"allow":["GET"]}}],"collection":[{"href":"https:\/\/hubsch-interior.com\/da\/wp-json\/wp\/v2\/product"}],"about":[{"href":"https:\/\/hubsch-interior.com\/da\/wp-json\/wp\/v2\/types\/product"}],"wp:featuredmedia":[{"embeddable":true,"href":"https:\/\/hubsch-interior.com\/da\/wp-json\/wp\/v2\/media\/1105155"}],"wp:attachment":[{"href":"https:\/\/hubsch-interior.com\/da\/wp-json\/wp\/v2\/media?parent=1087959"}],"wp:term":[{"taxonomy":"product_brand","embeddable":true,"href":"https:\/\/hubsch-interior.com\/da\/wp-json\/wp\/v2\/product_brand?post=1087959"},{"taxonomy":"product_cat","embeddable":true,"href":"https:\/\/hubsch-interior.com\/da\/wp-json\/wp\/v2\/product_cat?post=1087959"},{"taxonomy":"product_tag","embeddable":true,"href":"https:\/\/hubsch-interior.com\/da\/wp-json\/wp\/v2\/product_tag?post=1087959"}],"curies":[{"name":"wp","href":"https:\/\/api.w.org\/{rel}","templated":true}]}}