{"id":1087987,"date":"2026-01-31T04:37:08","date_gmt":"2026-01-31T03:37:08","guid":{"rendered":"https:\/\/hubsch-interior.com\/product\/product\/"},"modified":"2026-04-05T05:00:29","modified_gmt":"2026-04-05T03:00:29","slug":"merge-sengebord-natur","status":"publish","type":"product","link":"https:\/\/hubsch-interior.com\/da\/vare\/merge-sengebord-natur\/","title":{"rendered":"Merge Sengebord Natur"},"content":{"rendered":"<p>Et sengebord med b\u00e5de form\u00e5l og finesse. Merge Sengebord tilf\u00f8rer grafisk klarhed og stille charme til dit sovev\u00e6relse, med \u00e5bne hylder til at holde b\u00f8ger, briller og aftenens n\u00f8dvendigheder inden for r\u00e6kkevidde. Dets varme egetoner indbyder til en naturlig ro, mens det rene design afspejler den elskede Merge-familie\u00e6stetik. Fremstillet af FSC-certificeret tr\u00e6, er det skabt med omsorg \u2013 for dit rum, dine rutiner og verden omkring dig. En lille, men stabil tilstedev\u00e6relse, der st\u00f8tter dine aftener, morgener og alt derimellem.<\/p>\n","protected":false},"excerpt":{"rendered":"<p>Et sengebord med b\u00e5de form\u00e5l og finesse. Merge Sengebord tilf\u00f8rer grafisk klarhed og stille charme til dit sovev\u00e6relse, med \u00e5bne hylder til at holde b\u00f8ger, briller og aftenens n\u00f8dvendigheder inden for r\u00e6kkevidde. Dets varme egetoner indbyder til en naturlig ro, mens det rene design afspejler den elskede Merge-familie\u00e6stetik. Fremstillet af FSC-certificeret tr\u00e6, er det skabt [&hellip;]<\/p>\n","protected":false},"featured_media":1105183,"template":"","meta":{"_acf_changed":false,"inline_featured_image":false},"product_brand":[],"product_cat":[7153,6321,2857,4026,4801,5045],"product_tag":[],"class_list":{"0":"post-1087987","1":"product","2":"type-product","3":"status-publish","4":"has-post-thumbnail","6":"product_cat-dweller-da","7":"product_cat-fsc-da","8":"product_cat-borde-da","9":"product_cat-sideborde-da","10":"product_cat-sengeborde-da","11":"product_cat-nyheder-da","12":"product_shipping_class-pk","14":"pa_color-natur-2","15":"pa_material-mdf-da","16":"pa_material-egetrsfiner","18":"first","19":"instock","20":"taxable","21":"shipping-taxable","22":"purchasable","23":"product-type-simple"},"exclude_global_add_ons":[],"addons":[],"acf":[],"yoast_head":"<!-- This site is optimized with the Yoast SEO plugin v26.4 - https:\/\/yoast.com\/wordpress\/plugins\/seo\/ -->\n<title>Merge Sengebord Natur - H\u00fcbsch<\/title>\n<meta name=\"description\" content=\"Et sengebord med b\u00e5de form\u00e5l og finesse. Merge Sengebord tilf\u00f8rer grafisk klarhed og stille charme til dit sovev\u00e6relse, med \u00e5bne hylder til at holde\" \/>\n<meta name=\"robots\" content=\"index, follow, max-snippet:-1, max-image-preview:large, max-video-preview:-1\" \/>\n<link rel=\"canonical\" href=\"https:\/\/hubsch-interior.com\/da\/wp-json\/wp\/v2\/product\/1087987\" \/>\n<meta property=\"og:locale\" content=\"da_DK\" \/>\n<meta property=\"og:type\" content=\"article\" \/>\n<meta property=\"og:title\" content=\"Merge Sengebord Natur - H\u00fcbsch\" \/>\n<meta property=\"og:description\" content=\"Et sengebord med b\u00e5de form\u00e5l og finesse. Merge Sengebord tilf\u00f8rer grafisk klarhed og stille charme til dit sovev\u00e6relse, med \u00e5bne hylder til at holde\" \/>\n<meta property=\"og:url\" content=\"https:\/\/hubsch-interior.com\/da\/vare\/merge-sengebord-natur\/\" \/>\n<meta property=\"og:site_name\" content=\"H\u00fcbsch\" \/>\n<meta property=\"article:modified_time\" content=\"2026-04-05T03:00:29+00:00\" \/>\n<meta property=\"og:image\" content=\"https:\/\/hubsch-interior.com\/wp-content\/uploads\/2026\/01\/merge-bedside-table-natural-28811ffcddbfe1af46544f3dc0244e1f.jpg\" \/>\n\t<meta property=\"og:image:width\" content=\"1200\" \/>\n\t<meta property=\"og:image:height\" content=\"1200\" \/>\n\t<meta property=\"og:image:type\" content=\"image\/jpeg\" \/>\n<meta name=\"twitter:card\" content=\"summary_large_image\" \/>\n<script type=\"application\/ld+json\" class=\"yoast-schema-graph\">{\"@context\":\"https:\/\/schema.org\",\"@graph\":[{\"@type\":\"WebPage\",\"@id\":\"https:\/\/hubsch-interior.com\/da\/vare\/merge-sengebord-natur\/\",\"url\":\"https:\/\/hubsch-interior.com\/da\/vare\/merge-sengebord-natur\/\",\"name\":\"Merge Sengebord Natur - H\u00fcbsch\",\"isPartOf\":{\"@id\":\"https:\/\/hubsch-interior.com\/da\/#website\"},\"primaryImageOfPage\":{\"@id\":\"https:\/\/hubsch-interior.com\/da\/vare\/merge-sengebord-natur\/#primaryimage\"},\"image\":{\"@id\":\"https:\/\/hubsch-interior.com\/da\/vare\/merge-sengebord-natur\/#primaryimage\"},\"thumbnailUrl\":\"https:\/\/hubsch-interior.com\/wp-content\/uploads\/2026\/02\/merge-bedside-table-natural-b9aef48fe0b4881f25dc08c9116bd245.jpg\",\"datePublished\":\"2026-01-31T03:37:08+00:00\",\"dateModified\":\"2026-04-05T03:00:29+00:00\",\"description\":\"Et sengebord med b\u00e5de form\u00e5l og finesse. Merge Sengebord tilf\u00f8rer grafisk klarhed og stille charme til dit sovev\u00e6relse, med \u00e5bne hylder til at holde\",\"breadcrumb\":{\"@id\":\"https:\/\/hubsch-interior.com\/da\/vare\/merge-sengebord-natur\/#breadcrumb\"},\"inLanguage\":\"da-DK\",\"potentialAction\":[{\"@type\":\"ReadAction\",\"target\":[\"https:\/\/hubsch-interior.com\/da\/vare\/merge-sengebord-natur\/\"]}]},{\"@type\":\"ImageObject\",\"inLanguage\":\"da-DK\",\"@id\":\"https:\/\/hubsch-interior.com\/da\/vare\/merge-sengebord-natur\/#primaryimage\",\"url\":\"https:\/\/hubsch-interior.com\/wp-content\/uploads\/2026\/02\/merge-bedside-table-natural-b9aef48fe0b4881f25dc08c9116bd245.jpg\",\"contentUrl\":\"https:\/\/hubsch-interior.com\/wp-content\/uploads\/2026\/02\/merge-bedside-table-natural-b9aef48fe0b4881f25dc08c9116bd245.jpg\",\"width\":1024,\"height\":1024},{\"@type\":\"BreadcrumbList\",\"@id\":\"https:\/\/hubsch-interior.com\/da\/vare\/merge-sengebord-natur\/#breadcrumb\",\"itemListElement\":[{\"@type\":\"ListItem\",\"position\":1,\"name\":\"Forside\",\"item\":\"https:\/\/hubsch-interior.com\/da\/\"},{\"@type\":\"ListItem\",\"position\":2,\"name\":\"Produkter\",\"item\":\"https:\/\/hubsch-interior.com\/da\/produkter\/\"},{\"@type\":\"ListItem\",\"position\":3,\"name\":\"Merge Sengebord Natur\"}]},{\"@type\":\"WebSite\",\"@id\":\"https:\/\/hubsch-interior.com\/da\/#website\",\"url\":\"https:\/\/hubsch-interior.com\/da\/\",\"name\":\"H\u00fcbsch\",\"description\":\"Danish Home Interior and Design\",\"publisher\":{\"@id\":\"https:\/\/hubsch-interior.com\/da\/#organization\"},\"potentialAction\":[{\"@type\":\"SearchAction\",\"target\":{\"@type\":\"EntryPoint\",\"urlTemplate\":\"https:\/\/hubsch-interior.com\/da\/?s={search_term_string}\"},\"query-input\":{\"@type\":\"PropertyValueSpecification\",\"valueRequired\":true,\"valueName\":\"search_term_string\"}}],\"inLanguage\":\"da-DK\"},{\"@type\":\"Organization\",\"@id\":\"https:\/\/hubsch-interior.com\/da\/#organization\",\"name\":\"H\u00fcbsch\",\"url\":\"https:\/\/hubsch-interior.com\/da\/\",\"logo\":{\"@type\":\"ImageObject\",\"inLanguage\":\"da-DK\",\"@id\":\"https:\/\/hubsch-interior.com\/da\/#\/schema\/logo\/image\/\",\"url\":\"https:\/\/hubsch-interior.com\/wp-content\/uploads\/2022\/12\/Hubsch_logo_black_one_line.svg\",\"contentUrl\":\"https:\/\/hubsch-interior.com\/wp-content\/uploads\/2022\/12\/Hubsch_logo_black_one_line.svg\",\"caption\":\"H\u00fcbsch\"},\"image\":{\"@id\":\"https:\/\/hubsch-interior.com\/da\/#\/schema\/logo\/image\/\"}}]}<\/script>\n<!-- \/ Yoast SEO plugin. -->","yoast_head_json":{"title":"Merge Sengebord Natur - H\u00fcbsch","description":"Et sengebord med b\u00e5de form\u00e5l og finesse. Merge Sengebord tilf\u00f8rer grafisk klarhed og stille charme til dit sovev\u00e6relse, med \u00e5bne hylder til at holde","robots":{"index":"index","follow":"follow","max-snippet":"max-snippet:-1","max-image-preview":"max-image-preview:large","max-video-preview":"max-video-preview:-1"},"canonical":"https:\/\/hubsch-interior.com\/da\/wp-json\/wp\/v2\/product\/1087987","og_locale":"da_DK","og_type":"article","og_title":"Merge Sengebord Natur - H\u00fcbsch","og_description":"Et sengebord med b\u00e5de form\u00e5l og finesse. Merge Sengebord tilf\u00f8rer grafisk klarhed og stille charme til dit sovev\u00e6relse, med \u00e5bne hylder til at holde","og_url":"https:\/\/hubsch-interior.com\/da\/vare\/merge-sengebord-natur\/","og_site_name":"H\u00fcbsch","article_modified_time":"2026-04-05T03:00:29+00:00","og_image":[{"width":1200,"height":1200,"url":"https:\/\/hubsch-interior.com\/wp-content\/uploads\/2026\/01\/merge-bedside-table-natural-28811ffcddbfe1af46544f3dc0244e1f.jpg","type":"image\/jpeg"}],"twitter_card":"summary_large_image","schema":{"@context":"https:\/\/schema.org","@graph":[{"@type":"WebPage","@id":"https:\/\/hubsch-interior.com\/da\/vare\/merge-sengebord-natur\/","url":"https:\/\/hubsch-interior.com\/da\/vare\/merge-sengebord-natur\/","name":"Merge Sengebord Natur - H\u00fcbsch","isPartOf":{"@id":"https:\/\/hubsch-interior.com\/da\/#website"},"primaryImageOfPage":{"@id":"https:\/\/hubsch-interior.com\/da\/vare\/merge-sengebord-natur\/#primaryimage"},"image":{"@id":"https:\/\/hubsch-interior.com\/da\/vare\/merge-sengebord-natur\/#primaryimage"},"thumbnailUrl":"https:\/\/hubsch-interior.com\/wp-content\/uploads\/2026\/02\/merge-bedside-table-natural-b9aef48fe0b4881f25dc08c9116bd245.jpg","datePublished":"2026-01-31T03:37:08+00:00","dateModified":"2026-04-05T03:00:29+00:00","description":"Et sengebord med b\u00e5de form\u00e5l og finesse. Merge Sengebord tilf\u00f8rer grafisk klarhed og stille charme til dit sovev\u00e6relse, med \u00e5bne hylder til at holde","breadcrumb":{"@id":"https:\/\/hubsch-interior.com\/da\/vare\/merge-sengebord-natur\/#breadcrumb"},"inLanguage":"da-DK","potentialAction":[{"@type":"ReadAction","target":["https:\/\/hubsch-interior.com\/da\/vare\/merge-sengebord-natur\/"]}]},{"@type":"ImageObject","inLanguage":"da-DK","@id":"https:\/\/hubsch-interior.com\/da\/vare\/merge-sengebord-natur\/#primaryimage","url":"https:\/\/hubsch-interior.com\/wp-content\/uploads\/2026\/02\/merge-bedside-table-natural-b9aef48fe0b4881f25dc08c9116bd245.jpg","contentUrl":"https:\/\/hubsch-interior.com\/wp-content\/uploads\/2026\/02\/merge-bedside-table-natural-b9aef48fe0b4881f25dc08c9116bd245.jpg","width":1024,"height":1024},{"@type":"BreadcrumbList","@id":"https:\/\/hubsch-interior.com\/da\/vare\/merge-sengebord-natur\/#breadcrumb","itemListElement":[{"@type":"ListItem","position":1,"name":"Forside","item":"https:\/\/hubsch-interior.com\/da\/"},{"@type":"ListItem","position":2,"name":"Produkter","item":"https:\/\/hubsch-interior.com\/da\/produkter\/"},{"@type":"ListItem","position":3,"name":"Merge Sengebord Natur"}]},{"@type":"WebSite","@id":"https:\/\/hubsch-interior.com\/da\/#website","url":"https:\/\/hubsch-interior.com\/da\/","name":"H\u00fcbsch","description":"Danish Home Interior and Design","publisher":{"@id":"https:\/\/hubsch-interior.com\/da\/#organization"},"potentialAction":[{"@type":"SearchAction","target":{"@type":"EntryPoint","urlTemplate":"https:\/\/hubsch-interior.com\/da\/?s={search_term_string}"},"query-input":{"@type":"PropertyValueSpecification","valueRequired":true,"valueName":"search_term_string"}}],"inLanguage":"da-DK"},{"@type":"Organization","@id":"https:\/\/hubsch-interior.com\/da\/#organization","name":"H\u00fcbsch","url":"https:\/\/hubsch-interior.com\/da\/","logo":{"@type":"ImageObject","inLanguage":"da-DK","@id":"https:\/\/hubsch-interior.com\/da\/#\/schema\/logo\/image\/","url":"https:\/\/hubsch-interior.com\/wp-content\/uploads\/2022\/12\/Hubsch_logo_black_one_line.svg","contentUrl":"https:\/\/hubsch-interior.com\/wp-content\/uploads\/2022\/12\/Hubsch_logo_black_one_line.svg","caption":"H\u00fcbsch"},"image":{"@id":"https:\/\/hubsch-interior.com\/da\/#\/schema\/logo\/image\/"}}]}},"_links":{"self":[{"href":"https:\/\/hubsch-interior.com\/da\/wp-json\/wp\/v2\/product\/1087987","targetHints":{"allow":["GET"]}}],"collection":[{"href":"https:\/\/hubsch-interior.com\/da\/wp-json\/wp\/v2\/product"}],"about":[{"href":"https:\/\/hubsch-interior.com\/da\/wp-json\/wp\/v2\/types\/product"}],"wp:featuredmedia":[{"embeddable":true,"href":"https:\/\/hubsch-interior.com\/da\/wp-json\/wp\/v2\/media\/1105183"}],"wp:attachment":[{"href":"https:\/\/hubsch-interior.com\/da\/wp-json\/wp\/v2\/media?parent=1087987"}],"wp:term":[{"taxonomy":"product_brand","embeddable":true,"href":"https:\/\/hubsch-interior.com\/da\/wp-json\/wp\/v2\/product_brand?post=1087987"},{"taxonomy":"product_cat","embeddable":true,"href":"https:\/\/hubsch-interior.com\/da\/wp-json\/wp\/v2\/product_cat?post=1087987"},{"taxonomy":"product_tag","embeddable":true,"href":"https:\/\/hubsch-interior.com\/da\/wp-json\/wp\/v2\/product_tag?post=1087987"}],"curies":[{"name":"wp","href":"https:\/\/api.w.org\/{rel}","templated":true}]}}