{"id":1088011,"date":"2026-01-31T04:37:23","date_gmt":"2026-01-31T03:37:23","guid":{"rendered":"https:\/\/hubsch-interior.com\/product\/product\/"},"modified":"2026-04-06T04:54:42","modified_gmt":"2026-04-06T02:54:42","slug":"nobby-skaenk-natur","status":"publish","type":"product","link":"https:\/\/hubsch-interior.com\/da\/vare\/nobby-skaenk-natur\/","title":{"rendered":"Nobby Sk\u00e6nk Natur"},"content":{"rendered":"<p>Ikke blot en sk\u00e6nk \u2013 et centralt m\u00f8bel med sj\u00e6l. Nobby Sk\u00e6nk bringer en f\u00f8lelse af rolig selvsikkerhed til dit rum, og kombinerer stramme linjer med den naturlige varme fra FSC-certificeret eg. Dens rummelige indre tilbyder gennemt\u00e6nkt opbevaring, der holder overfladerne frie og dit hjem i blid balance. Uanset om den styles som et selvst\u00e6ndigt fokuspunkt eller parres med bl\u00f8de, skulpturelle elementer, skaber den b\u00e5de orden og ro. Bygget ikke kun til at opbevare ting \u2014 men til at holde plads, smukt.<\/p>\n","protected":false},"excerpt":{"rendered":"<p>Ikke blot en sk\u00e6nk \u2013 et centralt m\u00f8bel med sj\u00e6l. Nobby Sk\u00e6nk bringer en f\u00f8lelse af rolig selvsikkerhed til dit rum, og kombinerer stramme linjer med den naturlige varme fra FSC-certificeret eg. Dens rummelige indre tilbyder gennemt\u00e6nkt opbevaring, der holder overfladerne frie og dit hjem i blid balance. Uanset om den styles som et selvst\u00e6ndigt [&hellip;]<\/p>\n","protected":false},"featured_media":1105211,"template":"","meta":{"_acf_changed":false,"inline_featured_image":false},"product_brand":[],"product_cat":[7153,6895,6321,4919,5045,3999],"product_tag":[],"class_list":{"0":"post-1088011","1":"product","2":"type-product","3":"status-publish","4":"has-post-thumbnail","6":"product_cat-dweller-da","7":"product_cat-forma-serien-da","8":"product_cat-fsc-da","9":"product_cat-kommoder-skaenke-da","10":"product_cat-nyheder-da","11":"product_cat-reoler-opbevaring-da","12":"product_shipping_class-p05","14":"pa_color-natur-2","15":"pa_material-egetr","16":"pa_material-egetrsfiner","17":"pa_material-mdf-da","19":"first","20":"instock","21":"taxable","22":"shipping-taxable","23":"purchasable","24":"product-type-simple"},"exclude_global_add_ons":[],"addons":[],"acf":[],"yoast_head":"<!-- This site is optimized with the Yoast SEO plugin v26.4 - https:\/\/yoast.com\/wordpress\/plugins\/seo\/ -->\n<title>Nobby Sk\u00e6nk Natur - H\u00fcbsch<\/title>\n<meta name=\"description\" content=\"Ikke blot en sk\u00e6nk \u2013 et centralt m\u00f8bel med sj\u00e6l. Nobby Sk\u00e6nk bringer en f\u00f8lelse af rolig selvsikkerhed til dit rum, og kombinerer stramme linjer med den\" \/>\n<meta name=\"robots\" content=\"index, follow, max-snippet:-1, max-image-preview:large, max-video-preview:-1\" \/>\n<link rel=\"canonical\" href=\"https:\/\/hubsch-interior.com\/da\/wp-json\/wp\/v2\/product\/1088011\" \/>\n<meta property=\"og:locale\" content=\"da_DK\" \/>\n<meta property=\"og:type\" content=\"article\" \/>\n<meta property=\"og:title\" content=\"Nobby Sk\u00e6nk Natur - H\u00fcbsch\" \/>\n<meta property=\"og:description\" content=\"Ikke blot en sk\u00e6nk \u2013 et centralt m\u00f8bel med sj\u00e6l. Nobby Sk\u00e6nk bringer en f\u00f8lelse af rolig selvsikkerhed til dit rum, og kombinerer stramme linjer med den\" \/>\n<meta property=\"og:url\" content=\"https:\/\/hubsch-interior.com\/da\/vare\/nobby-skaenk-natur\/\" \/>\n<meta property=\"og:site_name\" content=\"H\u00fcbsch\" \/>\n<meta property=\"article:modified_time\" content=\"2026-04-06T02:54:42+00:00\" \/>\n<meta property=\"og:image\" content=\"https:\/\/hubsch-interior.com\/wp-content\/uploads\/2026\/01\/nobby-sideboard-natural-198f7578db52b792e48708401f8abf71.jpg\" \/>\n\t<meta property=\"og:image:width\" content=\"1200\" \/>\n\t<meta property=\"og:image:height\" content=\"1200\" \/>\n\t<meta property=\"og:image:type\" content=\"image\/jpeg\" \/>\n<meta name=\"twitter:card\" content=\"summary_large_image\" \/>\n<script type=\"application\/ld+json\" class=\"yoast-schema-graph\">{\"@context\":\"https:\/\/schema.org\",\"@graph\":[{\"@type\":\"WebPage\",\"@id\":\"https:\/\/hubsch-interior.com\/da\/vare\/nobby-skaenk-natur\/\",\"url\":\"https:\/\/hubsch-interior.com\/da\/vare\/nobby-skaenk-natur\/\",\"name\":\"Nobby Sk\u00e6nk Natur - H\u00fcbsch\",\"isPartOf\":{\"@id\":\"https:\/\/hubsch-interior.com\/da\/#website\"},\"primaryImageOfPage\":{\"@id\":\"https:\/\/hubsch-interior.com\/da\/vare\/nobby-skaenk-natur\/#primaryimage\"},\"image\":{\"@id\":\"https:\/\/hubsch-interior.com\/da\/vare\/nobby-skaenk-natur\/#primaryimage\"},\"thumbnailUrl\":\"https:\/\/hubsch-interior.com\/wp-content\/uploads\/2026\/02\/nobby-sideboard-natural-d8a737bdc784e231dcc7633be1310239.jpg\",\"datePublished\":\"2026-01-31T03:37:23+00:00\",\"dateModified\":\"2026-04-06T02:54:42+00:00\",\"description\":\"Ikke blot en sk\u00e6nk \u2013 et centralt m\u00f8bel med sj\u00e6l. Nobby Sk\u00e6nk bringer en f\u00f8lelse af rolig selvsikkerhed til dit rum, og kombinerer stramme linjer med den\",\"breadcrumb\":{\"@id\":\"https:\/\/hubsch-interior.com\/da\/vare\/nobby-skaenk-natur\/#breadcrumb\"},\"inLanguage\":\"da-DK\",\"potentialAction\":[{\"@type\":\"ReadAction\",\"target\":[\"https:\/\/hubsch-interior.com\/da\/vare\/nobby-skaenk-natur\/\"]}]},{\"@type\":\"ImageObject\",\"inLanguage\":\"da-DK\",\"@id\":\"https:\/\/hubsch-interior.com\/da\/vare\/nobby-skaenk-natur\/#primaryimage\",\"url\":\"https:\/\/hubsch-interior.com\/wp-content\/uploads\/2026\/02\/nobby-sideboard-natural-d8a737bdc784e231dcc7633be1310239.jpg\",\"contentUrl\":\"https:\/\/hubsch-interior.com\/wp-content\/uploads\/2026\/02\/nobby-sideboard-natural-d8a737bdc784e231dcc7633be1310239.jpg\",\"width\":1024,\"height\":1024},{\"@type\":\"BreadcrumbList\",\"@id\":\"https:\/\/hubsch-interior.com\/da\/vare\/nobby-skaenk-natur\/#breadcrumb\",\"itemListElement\":[{\"@type\":\"ListItem\",\"position\":1,\"name\":\"Forside\",\"item\":\"https:\/\/hubsch-interior.com\/da\/\"},{\"@type\":\"ListItem\",\"position\":2,\"name\":\"Produkter\",\"item\":\"https:\/\/hubsch-interior.com\/da\/produkter\/\"},{\"@type\":\"ListItem\",\"position\":3,\"name\":\"Nobby Sk\u00e6nk Natur\"}]},{\"@type\":\"WebSite\",\"@id\":\"https:\/\/hubsch-interior.com\/da\/#website\",\"url\":\"https:\/\/hubsch-interior.com\/da\/\",\"name\":\"H\u00fcbsch\",\"description\":\"Danish Home Interior and Design\",\"publisher\":{\"@id\":\"https:\/\/hubsch-interior.com\/da\/#organization\"},\"potentialAction\":[{\"@type\":\"SearchAction\",\"target\":{\"@type\":\"EntryPoint\",\"urlTemplate\":\"https:\/\/hubsch-interior.com\/da\/?s={search_term_string}\"},\"query-input\":{\"@type\":\"PropertyValueSpecification\",\"valueRequired\":true,\"valueName\":\"search_term_string\"}}],\"inLanguage\":\"da-DK\"},{\"@type\":\"Organization\",\"@id\":\"https:\/\/hubsch-interior.com\/da\/#organization\",\"name\":\"H\u00fcbsch\",\"url\":\"https:\/\/hubsch-interior.com\/da\/\",\"logo\":{\"@type\":\"ImageObject\",\"inLanguage\":\"da-DK\",\"@id\":\"https:\/\/hubsch-interior.com\/da\/#\/schema\/logo\/image\/\",\"url\":\"https:\/\/hubsch-interior.com\/wp-content\/uploads\/2022\/12\/Hubsch_logo_black_one_line.svg\",\"contentUrl\":\"https:\/\/hubsch-interior.com\/wp-content\/uploads\/2022\/12\/Hubsch_logo_black_one_line.svg\",\"caption\":\"H\u00fcbsch\"},\"image\":{\"@id\":\"https:\/\/hubsch-interior.com\/da\/#\/schema\/logo\/image\/\"}}]}<\/script>\n<!-- \/ Yoast SEO plugin. -->","yoast_head_json":{"title":"Nobby Sk\u00e6nk Natur - H\u00fcbsch","description":"Ikke blot en sk\u00e6nk \u2013 et centralt m\u00f8bel med sj\u00e6l. Nobby Sk\u00e6nk bringer en f\u00f8lelse af rolig selvsikkerhed til dit rum, og kombinerer stramme linjer med den","robots":{"index":"index","follow":"follow","max-snippet":"max-snippet:-1","max-image-preview":"max-image-preview:large","max-video-preview":"max-video-preview:-1"},"canonical":"https:\/\/hubsch-interior.com\/da\/wp-json\/wp\/v2\/product\/1088011","og_locale":"da_DK","og_type":"article","og_title":"Nobby Sk\u00e6nk Natur - H\u00fcbsch","og_description":"Ikke blot en sk\u00e6nk \u2013 et centralt m\u00f8bel med sj\u00e6l. Nobby Sk\u00e6nk bringer en f\u00f8lelse af rolig selvsikkerhed til dit rum, og kombinerer stramme linjer med den","og_url":"https:\/\/hubsch-interior.com\/da\/vare\/nobby-skaenk-natur\/","og_site_name":"H\u00fcbsch","article_modified_time":"2026-04-06T02:54:42+00:00","og_image":[{"width":1200,"height":1200,"url":"https:\/\/hubsch-interior.com\/wp-content\/uploads\/2026\/01\/nobby-sideboard-natural-198f7578db52b792e48708401f8abf71.jpg","type":"image\/jpeg"}],"twitter_card":"summary_large_image","schema":{"@context":"https:\/\/schema.org","@graph":[{"@type":"WebPage","@id":"https:\/\/hubsch-interior.com\/da\/vare\/nobby-skaenk-natur\/","url":"https:\/\/hubsch-interior.com\/da\/vare\/nobby-skaenk-natur\/","name":"Nobby Sk\u00e6nk Natur - H\u00fcbsch","isPartOf":{"@id":"https:\/\/hubsch-interior.com\/da\/#website"},"primaryImageOfPage":{"@id":"https:\/\/hubsch-interior.com\/da\/vare\/nobby-skaenk-natur\/#primaryimage"},"image":{"@id":"https:\/\/hubsch-interior.com\/da\/vare\/nobby-skaenk-natur\/#primaryimage"},"thumbnailUrl":"https:\/\/hubsch-interior.com\/wp-content\/uploads\/2026\/02\/nobby-sideboard-natural-d8a737bdc784e231dcc7633be1310239.jpg","datePublished":"2026-01-31T03:37:23+00:00","dateModified":"2026-04-06T02:54:42+00:00","description":"Ikke blot en sk\u00e6nk \u2013 et centralt m\u00f8bel med sj\u00e6l. Nobby Sk\u00e6nk bringer en f\u00f8lelse af rolig selvsikkerhed til dit rum, og kombinerer stramme linjer med den","breadcrumb":{"@id":"https:\/\/hubsch-interior.com\/da\/vare\/nobby-skaenk-natur\/#breadcrumb"},"inLanguage":"da-DK","potentialAction":[{"@type":"ReadAction","target":["https:\/\/hubsch-interior.com\/da\/vare\/nobby-skaenk-natur\/"]}]},{"@type":"ImageObject","inLanguage":"da-DK","@id":"https:\/\/hubsch-interior.com\/da\/vare\/nobby-skaenk-natur\/#primaryimage","url":"https:\/\/hubsch-interior.com\/wp-content\/uploads\/2026\/02\/nobby-sideboard-natural-d8a737bdc784e231dcc7633be1310239.jpg","contentUrl":"https:\/\/hubsch-interior.com\/wp-content\/uploads\/2026\/02\/nobby-sideboard-natural-d8a737bdc784e231dcc7633be1310239.jpg","width":1024,"height":1024},{"@type":"BreadcrumbList","@id":"https:\/\/hubsch-interior.com\/da\/vare\/nobby-skaenk-natur\/#breadcrumb","itemListElement":[{"@type":"ListItem","position":1,"name":"Forside","item":"https:\/\/hubsch-interior.com\/da\/"},{"@type":"ListItem","position":2,"name":"Produkter","item":"https:\/\/hubsch-interior.com\/da\/produkter\/"},{"@type":"ListItem","position":3,"name":"Nobby Sk\u00e6nk Natur"}]},{"@type":"WebSite","@id":"https:\/\/hubsch-interior.com\/da\/#website","url":"https:\/\/hubsch-interior.com\/da\/","name":"H\u00fcbsch","description":"Danish Home Interior and Design","publisher":{"@id":"https:\/\/hubsch-interior.com\/da\/#organization"},"potentialAction":[{"@type":"SearchAction","target":{"@type":"EntryPoint","urlTemplate":"https:\/\/hubsch-interior.com\/da\/?s={search_term_string}"},"query-input":{"@type":"PropertyValueSpecification","valueRequired":true,"valueName":"search_term_string"}}],"inLanguage":"da-DK"},{"@type":"Organization","@id":"https:\/\/hubsch-interior.com\/da\/#organization","name":"H\u00fcbsch","url":"https:\/\/hubsch-interior.com\/da\/","logo":{"@type":"ImageObject","inLanguage":"da-DK","@id":"https:\/\/hubsch-interior.com\/da\/#\/schema\/logo\/image\/","url":"https:\/\/hubsch-interior.com\/wp-content\/uploads\/2022\/12\/Hubsch_logo_black_one_line.svg","contentUrl":"https:\/\/hubsch-interior.com\/wp-content\/uploads\/2022\/12\/Hubsch_logo_black_one_line.svg","caption":"H\u00fcbsch"},"image":{"@id":"https:\/\/hubsch-interior.com\/da\/#\/schema\/logo\/image\/"}}]}},"_links":{"self":[{"href":"https:\/\/hubsch-interior.com\/da\/wp-json\/wp\/v2\/product\/1088011","targetHints":{"allow":["GET"]}}],"collection":[{"href":"https:\/\/hubsch-interior.com\/da\/wp-json\/wp\/v2\/product"}],"about":[{"href":"https:\/\/hubsch-interior.com\/da\/wp-json\/wp\/v2\/types\/product"}],"wp:featuredmedia":[{"embeddable":true,"href":"https:\/\/hubsch-interior.com\/da\/wp-json\/wp\/v2\/media\/1105211"}],"wp:attachment":[{"href":"https:\/\/hubsch-interior.com\/da\/wp-json\/wp\/v2\/media?parent=1088011"}],"wp:term":[{"taxonomy":"product_brand","embeddable":true,"href":"https:\/\/hubsch-interior.com\/da\/wp-json\/wp\/v2\/product_brand?post=1088011"},{"taxonomy":"product_cat","embeddable":true,"href":"https:\/\/hubsch-interior.com\/da\/wp-json\/wp\/v2\/product_cat?post=1088011"},{"taxonomy":"product_tag","embeddable":true,"href":"https:\/\/hubsch-interior.com\/da\/wp-json\/wp\/v2\/product_tag?post=1088011"}],"curies":[{"name":"wp","href":"https:\/\/api.w.org\/{rel}","templated":true}]}}