{"id":1088031,"date":"2026-01-31T04:37:34","date_gmt":"2026-01-31T03:37:34","guid":{"rendered":"https:\/\/hubsch-interior.com\/product\/product\/"},"modified":"2026-04-05T05:00:39","modified_gmt":"2026-04-05T03:00:39","slug":"poke-skrivebord-natur","status":"publish","type":"product","link":"https:\/\/hubsch-interior.com\/da\/vare\/poke-skrivebord-natur\/","title":{"rendered":"Poke Skrivebord Natur"},"content":{"rendered":"<p>Et lille skrivebord med stort potentiale. Poke Skrivebordet er fremstillet af FSC-certificeret eg og pr\u00e6senterer et slankt og luftigt design, der passer smukt ind i sm\u00e5 hj\u00f8rner og gennemt\u00e6nkte rum. Dets naturlige finish giver en bl\u00f8d gl\u00f8d til dine omgivelser og skaber et roligt og uforstyrret sted at skrive, arbejde eller blot tage en pause. Let i formen, men fuld af funktion, underst\u00f8tter det fokus uden at stj\u00e6le rampelyset. En fredfyldt lille ops\u00e6tning til alt, hvad din dag m\u00e5tte bringe.<\/p>\n","protected":false},"excerpt":{"rendered":"<p>Et lille skrivebord med stort potentiale. Poke Skrivebordet er fremstillet af FSC-certificeret eg og pr\u00e6senterer et slankt og luftigt design, der passer smukt ind i sm\u00e5 hj\u00f8rner og gennemt\u00e6nkte rum. Dets naturlige finish giver en bl\u00f8d gl\u00f8d til dine omgivelser og skaber et roligt og uforstyrret sted at skrive, arbejde eller blot tage en pause. [&hellip;]<\/p>\n","protected":false},"featured_media":1112695,"template":"","meta":{"_acf_changed":false,"inline_featured_image":false},"product_brand":[],"product_cat":[7153,6321,2857,2904,5045],"product_tag":[],"class_list":{"0":"post-1088031","1":"product","2":"type-product","3":"status-publish","4":"has-post-thumbnail","6":"product_cat-dweller-da","7":"product_cat-fsc-da","8":"product_cat-borde-da","9":"product_cat-skriveborde-da","10":"product_cat-nyheder-da","11":"product_shipping_class-pk","13":"pa_color-natur-2","14":"pa_material-mdf-da","15":"pa_material-egetr","16":"pa_material-egetrsfiner","18":"first","19":"instock","20":"taxable","21":"shipping-taxable","22":"purchasable","23":"product-type-simple"},"exclude_global_add_ons":[],"addons":[],"acf":[],"yoast_head":"<!-- This site is optimized with the Yoast SEO plugin v26.4 - https:\/\/yoast.com\/wordpress\/plugins\/seo\/ -->\n<title>Poke Skrivebord Natur - H\u00fcbsch<\/title>\n<meta name=\"description\" content=\"Et lille skrivebord med stort potentiale. Poke Skrivebordet er fremstillet af FSC-certificeret eg og pr\u00e6senterer et slankt og luftigt design, der passer\" \/>\n<meta name=\"robots\" content=\"index, follow, max-snippet:-1, max-image-preview:large, max-video-preview:-1\" \/>\n<link rel=\"canonical\" href=\"https:\/\/hubsch-interior.com\/da\/wp-json\/wp\/v2\/product\/1088031\" \/>\n<meta property=\"og:locale\" content=\"da_DK\" \/>\n<meta property=\"og:type\" content=\"article\" \/>\n<meta property=\"og:title\" content=\"Poke Skrivebord Natur - H\u00fcbsch\" \/>\n<meta property=\"og:description\" content=\"Et lille skrivebord med stort potentiale. Poke Skrivebordet er fremstillet af FSC-certificeret eg og pr\u00e6senterer et slankt og luftigt design, der passer\" \/>\n<meta property=\"og:url\" content=\"https:\/\/hubsch-interior.com\/da\/vare\/poke-skrivebord-natur\/\" \/>\n<meta property=\"og:site_name\" content=\"H\u00fcbsch\" \/>\n<meta property=\"article:modified_time\" content=\"2026-04-05T03:00:39+00:00\" \/>\n<meta property=\"og:image\" content=\"https:\/\/hubsch-interior.com\/wp-content\/uploads\/2026\/01\/poke-desk-natural-4339e36ca384ff567a44c6849d3002c3.jpg\" \/>\n\t<meta property=\"og:image:width\" content=\"1200\" \/>\n\t<meta property=\"og:image:height\" content=\"1200\" \/>\n\t<meta property=\"og:image:type\" content=\"image\/jpeg\" \/>\n<meta name=\"twitter:card\" content=\"summary_large_image\" \/>\n<script type=\"application\/ld+json\" class=\"yoast-schema-graph\">{\"@context\":\"https:\/\/schema.org\",\"@graph\":[{\"@type\":\"WebPage\",\"@id\":\"https:\/\/hubsch-interior.com\/da\/vare\/poke-skrivebord-natur\/\",\"url\":\"https:\/\/hubsch-interior.com\/da\/vare\/poke-skrivebord-natur\/\",\"name\":\"Poke Skrivebord Natur - H\u00fcbsch\",\"isPartOf\":{\"@id\":\"https:\/\/hubsch-interior.com\/da\/#website\"},\"primaryImageOfPage\":{\"@id\":\"https:\/\/hubsch-interior.com\/da\/vare\/poke-skrivebord-natur\/#primaryimage\"},\"image\":{\"@id\":\"https:\/\/hubsch-interior.com\/da\/vare\/poke-skrivebord-natur\/#primaryimage\"},\"thumbnailUrl\":\"https:\/\/hubsch-interior.com\/wp-content\/uploads\/2026\/02\/poke-desk-natural-613f37c5ee39c169eb912e09de9c7c53.jpg\",\"datePublished\":\"2026-01-31T03:37:34+00:00\",\"dateModified\":\"2026-04-05T03:00:39+00:00\",\"description\":\"Et lille skrivebord med stort potentiale. Poke Skrivebordet er fremstillet af FSC-certificeret eg og pr\u00e6senterer et slankt og luftigt design, der passer\",\"breadcrumb\":{\"@id\":\"https:\/\/hubsch-interior.com\/da\/vare\/poke-skrivebord-natur\/#breadcrumb\"},\"inLanguage\":\"da-DK\",\"potentialAction\":[{\"@type\":\"ReadAction\",\"target\":[\"https:\/\/hubsch-interior.com\/da\/vare\/poke-skrivebord-natur\/\"]}]},{\"@type\":\"ImageObject\",\"inLanguage\":\"da-DK\",\"@id\":\"https:\/\/hubsch-interior.com\/da\/vare\/poke-skrivebord-natur\/#primaryimage\",\"url\":\"https:\/\/hubsch-interior.com\/wp-content\/uploads\/2026\/02\/poke-desk-natural-613f37c5ee39c169eb912e09de9c7c53.jpg\",\"contentUrl\":\"https:\/\/hubsch-interior.com\/wp-content\/uploads\/2026\/02\/poke-desk-natural-613f37c5ee39c169eb912e09de9c7c53.jpg\",\"width\":1024,\"height\":1024},{\"@type\":\"BreadcrumbList\",\"@id\":\"https:\/\/hubsch-interior.com\/da\/vare\/poke-skrivebord-natur\/#breadcrumb\",\"itemListElement\":[{\"@type\":\"ListItem\",\"position\":1,\"name\":\"Forside\",\"item\":\"https:\/\/hubsch-interior.com\/da\/\"},{\"@type\":\"ListItem\",\"position\":2,\"name\":\"Produkter\",\"item\":\"https:\/\/hubsch-interior.com\/da\/produkter\/\"},{\"@type\":\"ListItem\",\"position\":3,\"name\":\"Poke Skrivebord Natur\"}]},{\"@type\":\"WebSite\",\"@id\":\"https:\/\/hubsch-interior.com\/da\/#website\",\"url\":\"https:\/\/hubsch-interior.com\/da\/\",\"name\":\"H\u00fcbsch\",\"description\":\"Danish Home Interior and Design\",\"publisher\":{\"@id\":\"https:\/\/hubsch-interior.com\/da\/#organization\"},\"potentialAction\":[{\"@type\":\"SearchAction\",\"target\":{\"@type\":\"EntryPoint\",\"urlTemplate\":\"https:\/\/hubsch-interior.com\/da\/?s={search_term_string}\"},\"query-input\":{\"@type\":\"PropertyValueSpecification\",\"valueRequired\":true,\"valueName\":\"search_term_string\"}}],\"inLanguage\":\"da-DK\"},{\"@type\":\"Organization\",\"@id\":\"https:\/\/hubsch-interior.com\/da\/#organization\",\"name\":\"H\u00fcbsch\",\"url\":\"https:\/\/hubsch-interior.com\/da\/\",\"logo\":{\"@type\":\"ImageObject\",\"inLanguage\":\"da-DK\",\"@id\":\"https:\/\/hubsch-interior.com\/da\/#\/schema\/logo\/image\/\",\"url\":\"https:\/\/hubsch-interior.com\/wp-content\/uploads\/2022\/12\/Hubsch_logo_black_one_line.svg\",\"contentUrl\":\"https:\/\/hubsch-interior.com\/wp-content\/uploads\/2022\/12\/Hubsch_logo_black_one_line.svg\",\"caption\":\"H\u00fcbsch\"},\"image\":{\"@id\":\"https:\/\/hubsch-interior.com\/da\/#\/schema\/logo\/image\/\"}}]}<\/script>\n<!-- \/ Yoast SEO plugin. -->","yoast_head_json":{"title":"Poke Skrivebord Natur - H\u00fcbsch","description":"Et lille skrivebord med stort potentiale. Poke Skrivebordet er fremstillet af FSC-certificeret eg og pr\u00e6senterer et slankt og luftigt design, der passer","robots":{"index":"index","follow":"follow","max-snippet":"max-snippet:-1","max-image-preview":"max-image-preview:large","max-video-preview":"max-video-preview:-1"},"canonical":"https:\/\/hubsch-interior.com\/da\/wp-json\/wp\/v2\/product\/1088031","og_locale":"da_DK","og_type":"article","og_title":"Poke Skrivebord Natur - H\u00fcbsch","og_description":"Et lille skrivebord med stort potentiale. Poke Skrivebordet er fremstillet af FSC-certificeret eg og pr\u00e6senterer et slankt og luftigt design, der passer","og_url":"https:\/\/hubsch-interior.com\/da\/vare\/poke-skrivebord-natur\/","og_site_name":"H\u00fcbsch","article_modified_time":"2026-04-05T03:00:39+00:00","og_image":[{"width":1200,"height":1200,"url":"https:\/\/hubsch-interior.com\/wp-content\/uploads\/2026\/01\/poke-desk-natural-4339e36ca384ff567a44c6849d3002c3.jpg","type":"image\/jpeg"}],"twitter_card":"summary_large_image","schema":{"@context":"https:\/\/schema.org","@graph":[{"@type":"WebPage","@id":"https:\/\/hubsch-interior.com\/da\/vare\/poke-skrivebord-natur\/","url":"https:\/\/hubsch-interior.com\/da\/vare\/poke-skrivebord-natur\/","name":"Poke Skrivebord Natur - H\u00fcbsch","isPartOf":{"@id":"https:\/\/hubsch-interior.com\/da\/#website"},"primaryImageOfPage":{"@id":"https:\/\/hubsch-interior.com\/da\/vare\/poke-skrivebord-natur\/#primaryimage"},"image":{"@id":"https:\/\/hubsch-interior.com\/da\/vare\/poke-skrivebord-natur\/#primaryimage"},"thumbnailUrl":"https:\/\/hubsch-interior.com\/wp-content\/uploads\/2026\/02\/poke-desk-natural-613f37c5ee39c169eb912e09de9c7c53.jpg","datePublished":"2026-01-31T03:37:34+00:00","dateModified":"2026-04-05T03:00:39+00:00","description":"Et lille skrivebord med stort potentiale. Poke Skrivebordet er fremstillet af FSC-certificeret eg og pr\u00e6senterer et slankt og luftigt design, der passer","breadcrumb":{"@id":"https:\/\/hubsch-interior.com\/da\/vare\/poke-skrivebord-natur\/#breadcrumb"},"inLanguage":"da-DK","potentialAction":[{"@type":"ReadAction","target":["https:\/\/hubsch-interior.com\/da\/vare\/poke-skrivebord-natur\/"]}]},{"@type":"ImageObject","inLanguage":"da-DK","@id":"https:\/\/hubsch-interior.com\/da\/vare\/poke-skrivebord-natur\/#primaryimage","url":"https:\/\/hubsch-interior.com\/wp-content\/uploads\/2026\/02\/poke-desk-natural-613f37c5ee39c169eb912e09de9c7c53.jpg","contentUrl":"https:\/\/hubsch-interior.com\/wp-content\/uploads\/2026\/02\/poke-desk-natural-613f37c5ee39c169eb912e09de9c7c53.jpg","width":1024,"height":1024},{"@type":"BreadcrumbList","@id":"https:\/\/hubsch-interior.com\/da\/vare\/poke-skrivebord-natur\/#breadcrumb","itemListElement":[{"@type":"ListItem","position":1,"name":"Forside","item":"https:\/\/hubsch-interior.com\/da\/"},{"@type":"ListItem","position":2,"name":"Produkter","item":"https:\/\/hubsch-interior.com\/da\/produkter\/"},{"@type":"ListItem","position":3,"name":"Poke Skrivebord Natur"}]},{"@type":"WebSite","@id":"https:\/\/hubsch-interior.com\/da\/#website","url":"https:\/\/hubsch-interior.com\/da\/","name":"H\u00fcbsch","description":"Danish Home Interior and Design","publisher":{"@id":"https:\/\/hubsch-interior.com\/da\/#organization"},"potentialAction":[{"@type":"SearchAction","target":{"@type":"EntryPoint","urlTemplate":"https:\/\/hubsch-interior.com\/da\/?s={search_term_string}"},"query-input":{"@type":"PropertyValueSpecification","valueRequired":true,"valueName":"search_term_string"}}],"inLanguage":"da-DK"},{"@type":"Organization","@id":"https:\/\/hubsch-interior.com\/da\/#organization","name":"H\u00fcbsch","url":"https:\/\/hubsch-interior.com\/da\/","logo":{"@type":"ImageObject","inLanguage":"da-DK","@id":"https:\/\/hubsch-interior.com\/da\/#\/schema\/logo\/image\/","url":"https:\/\/hubsch-interior.com\/wp-content\/uploads\/2022\/12\/Hubsch_logo_black_one_line.svg","contentUrl":"https:\/\/hubsch-interior.com\/wp-content\/uploads\/2022\/12\/Hubsch_logo_black_one_line.svg","caption":"H\u00fcbsch"},"image":{"@id":"https:\/\/hubsch-interior.com\/da\/#\/schema\/logo\/image\/"}}]}},"_links":{"self":[{"href":"https:\/\/hubsch-interior.com\/da\/wp-json\/wp\/v2\/product\/1088031","targetHints":{"allow":["GET"]}}],"collection":[{"href":"https:\/\/hubsch-interior.com\/da\/wp-json\/wp\/v2\/product"}],"about":[{"href":"https:\/\/hubsch-interior.com\/da\/wp-json\/wp\/v2\/types\/product"}],"wp:featuredmedia":[{"embeddable":true,"href":"https:\/\/hubsch-interior.com\/da\/wp-json\/wp\/v2\/media\/1112695"}],"wp:attachment":[{"href":"https:\/\/hubsch-interior.com\/da\/wp-json\/wp\/v2\/media?parent=1088031"}],"wp:term":[{"taxonomy":"product_brand","embeddable":true,"href":"https:\/\/hubsch-interior.com\/da\/wp-json\/wp\/v2\/product_brand?post=1088031"},{"taxonomy":"product_cat","embeddable":true,"href":"https:\/\/hubsch-interior.com\/da\/wp-json\/wp\/v2\/product_cat?post=1088031"},{"taxonomy":"product_tag","embeddable":true,"href":"https:\/\/hubsch-interior.com\/da\/wp-json\/wp\/v2\/product_tag?post=1088031"}],"curies":[{"name":"wp","href":"https:\/\/api.w.org\/{rel}","templated":true}]}}