{"id":1088055,"date":"2026-01-31T04:37:54","date_gmt":"2026-01-31T03:37:54","guid":{"rendered":"https:\/\/hubsch-interior.com\/product\/product\/"},"modified":"2026-04-05T05:00:46","modified_gmt":"2026-04-05T03:00:46","slug":"always-skammel-petrol","status":"publish","type":"product","link":"https:\/\/hubsch-interior.com\/da\/vare\/always-skammel-petrol\/","title":{"rendered":"Always Skammel Petrol"},"content":{"rendered":"<p>Tilf\u00f8j et dristigt strejf til dit hjem med Always Skammel, et alsidigt mesterv\u00e6rk i en i\u00f8jnefaldende petroleum nuance, designet til dem, der elsker dristige farver. Fremstillet af FSC-certificeret tr\u00e6, kombinerer denne stablebare skammel ansvarlig indk\u00f8b med robust elegance. Nem at samle, og den er perfekt til at tilf\u00f8je et strejf af sofistikation til dit rum. Mix og match med andre varianter for at skabe et subtilt, men markant farvel\u00f8ft. Ideel til moderne interi\u00f8rer, inviterer Always Skammel dig til at udtrykke din unikke stil.<\/p>\n","protected":false},"excerpt":{"rendered":"<p>Tilf\u00f8j et dristigt strejf til dit hjem med Always Skammel, et alsidigt mesterv\u00e6rk i en i\u00f8jnefaldende petroleum nuance, designet til dem, der elsker dristige farver. Fremstillet af FSC-certificeret tr\u00e6, kombinerer denne stablebare skammel ansvarlig indk\u00f8b med robust elegance. Nem at samle, og den er perfekt til at tilf\u00f8je et strejf af sofistikation til dit rum. [&hellip;]<\/p>\n","protected":false},"featured_media":1105263,"template":"","meta":{"_acf_changed":false,"inline_featured_image":false},"product_brand":[],"product_cat":[7153,6321,2841,3040,5045],"product_tag":[],"class_list":{"0":"post-1088055","1":"product","2":"type-product","3":"status-publish","4":"has-post-thumbnail","6":"product_cat-dweller-da","7":"product_cat-fsc-da","8":"product_cat-siddemoebler-da","9":"product_cat-skamler-da","10":"product_cat-nyheder-da","11":"product_shipping_class-pk","13":"pa_color-petrol-2","14":"pa_material-mdf-da","15":"pa_material-egetr","16":"pa_material-egetrsfiner","18":"first","19":"instock","20":"taxable","21":"shipping-taxable","22":"purchasable","23":"product-type-simple"},"exclude_global_add_ons":[],"addons":[],"acf":[],"yoast_head":"<!-- This site is optimized with the Yoast SEO plugin v26.4 - https:\/\/yoast.com\/wordpress\/plugins\/seo\/ -->\n<title>Always Skammel Petrol - H\u00fcbsch<\/title>\n<meta name=\"description\" content=\"Tilf\u00f8j et dristigt strejf til dit hjem med Always Skammel, et alsidigt mesterv\u00e6rk i en i\u00f8jnefaldende petroleum nuance, designet til dem, der elsker\" \/>\n<meta name=\"robots\" content=\"index, follow, max-snippet:-1, max-image-preview:large, max-video-preview:-1\" \/>\n<link rel=\"canonical\" href=\"https:\/\/hubsch-interior.com\/da\/wp-json\/wp\/v2\/product\/1088055\" \/>\n<meta property=\"og:locale\" content=\"da_DK\" \/>\n<meta property=\"og:type\" content=\"article\" \/>\n<meta property=\"og:title\" content=\"Always Skammel Petrol - H\u00fcbsch\" \/>\n<meta property=\"og:description\" content=\"Tilf\u00f8j et dristigt strejf til dit hjem med Always Skammel, et alsidigt mesterv\u00e6rk i en i\u00f8jnefaldende petroleum nuance, designet til dem, der elsker\" \/>\n<meta property=\"og:url\" content=\"https:\/\/hubsch-interior.com\/da\/vare\/always-skammel-petrol\/\" \/>\n<meta property=\"og:site_name\" content=\"H\u00fcbsch\" \/>\n<meta property=\"article:modified_time\" content=\"2026-04-05T03:00:46+00:00\" \/>\n<meta property=\"og:image\" content=\"https:\/\/hubsch-interior.com\/wp-content\/uploads\/2026\/02\/always-stool-petrol-1ce85a291408bdfd2c4c5c32d3f2a1d1.jpg\" \/>\n\t<meta property=\"og:image:width\" content=\"1024\" \/>\n\t<meta property=\"og:image:height\" content=\"1024\" \/>\n\t<meta property=\"og:image:type\" content=\"image\/jpeg\" \/>\n<meta name=\"twitter:card\" content=\"summary_large_image\" \/>\n<script type=\"application\/ld+json\" class=\"yoast-schema-graph\">{\"@context\":\"https:\/\/schema.org\",\"@graph\":[{\"@type\":\"WebPage\",\"@id\":\"https:\/\/hubsch-interior.com\/da\/vare\/always-skammel-petrol\/\",\"url\":\"https:\/\/hubsch-interior.com\/da\/vare\/always-skammel-petrol\/\",\"name\":\"Always Skammel Petrol - H\u00fcbsch\",\"isPartOf\":{\"@id\":\"https:\/\/hubsch-interior.com\/da\/#website\"},\"primaryImageOfPage\":{\"@id\":\"https:\/\/hubsch-interior.com\/da\/vare\/always-skammel-petrol\/#primaryimage\"},\"image\":{\"@id\":\"https:\/\/hubsch-interior.com\/da\/vare\/always-skammel-petrol\/#primaryimage\"},\"thumbnailUrl\":\"https:\/\/hubsch-interior.com\/wp-content\/uploads\/2026\/02\/always-stool-petrol-1ce85a291408bdfd2c4c5c32d3f2a1d1.jpg\",\"datePublished\":\"2026-01-31T03:37:54+00:00\",\"dateModified\":\"2026-04-05T03:00:46+00:00\",\"description\":\"Tilf\u00f8j et dristigt strejf til dit hjem med Always Skammel, et alsidigt mesterv\u00e6rk i en i\u00f8jnefaldende petroleum nuance, designet til dem, der elsker\",\"breadcrumb\":{\"@id\":\"https:\/\/hubsch-interior.com\/da\/vare\/always-skammel-petrol\/#breadcrumb\"},\"inLanguage\":\"da-DK\",\"potentialAction\":[{\"@type\":\"ReadAction\",\"target\":[\"https:\/\/hubsch-interior.com\/da\/vare\/always-skammel-petrol\/\"]}]},{\"@type\":\"ImageObject\",\"inLanguage\":\"da-DK\",\"@id\":\"https:\/\/hubsch-interior.com\/da\/vare\/always-skammel-petrol\/#primaryimage\",\"url\":\"https:\/\/hubsch-interior.com\/wp-content\/uploads\/2026\/02\/always-stool-petrol-1ce85a291408bdfd2c4c5c32d3f2a1d1.jpg\",\"contentUrl\":\"https:\/\/hubsch-interior.com\/wp-content\/uploads\/2026\/02\/always-stool-petrol-1ce85a291408bdfd2c4c5c32d3f2a1d1.jpg\",\"width\":1024,\"height\":1024},{\"@type\":\"BreadcrumbList\",\"@id\":\"https:\/\/hubsch-interior.com\/da\/vare\/always-skammel-petrol\/#breadcrumb\",\"itemListElement\":[{\"@type\":\"ListItem\",\"position\":1,\"name\":\"Forside\",\"item\":\"https:\/\/hubsch-interior.com\/da\/\"},{\"@type\":\"ListItem\",\"position\":2,\"name\":\"Produkter\",\"item\":\"https:\/\/hubsch-interior.com\/da\/produkter\/\"},{\"@type\":\"ListItem\",\"position\":3,\"name\":\"M\u00f8bler\",\"item\":\"https:\/\/hubsch-interior.com\/da\/vare-kategori\/mobler\/\"},{\"@type\":\"ListItem\",\"position\":4,\"name\":\"Siddem&oslash;bler\",\"item\":\"https:\/\/hubsch-interior.com\/da\/vare-kategori\/mobler\/siddemoebler-da\/\"},{\"@type\":\"ListItem\",\"position\":5,\"name\":\"Skamler\",\"item\":\"https:\/\/hubsch-interior.com\/da\/vare-kategori\/mobler\/siddemoebler-da\/skamler-da\/\"},{\"@type\":\"ListItem\",\"position\":6,\"name\":\"Always Skammel Petrol\"}]},{\"@type\":\"WebSite\",\"@id\":\"https:\/\/hubsch-interior.com\/da\/#website\",\"url\":\"https:\/\/hubsch-interior.com\/da\/\",\"name\":\"H\u00fcbsch\",\"description\":\"Danish Home Interior and Design\",\"publisher\":{\"@id\":\"https:\/\/hubsch-interior.com\/da\/#organization\"},\"potentialAction\":[{\"@type\":\"SearchAction\",\"target\":{\"@type\":\"EntryPoint\",\"urlTemplate\":\"https:\/\/hubsch-interior.com\/da\/?s={search_term_string}\"},\"query-input\":{\"@type\":\"PropertyValueSpecification\",\"valueRequired\":true,\"valueName\":\"search_term_string\"}}],\"inLanguage\":\"da-DK\"},{\"@type\":\"Organization\",\"@id\":\"https:\/\/hubsch-interior.com\/da\/#organization\",\"name\":\"H\u00fcbsch\",\"url\":\"https:\/\/hubsch-interior.com\/da\/\",\"logo\":{\"@type\":\"ImageObject\",\"inLanguage\":\"da-DK\",\"@id\":\"https:\/\/hubsch-interior.com\/da\/#\/schema\/logo\/image\/\",\"url\":\"https:\/\/hubsch-interior.com\/wp-content\/uploads\/2022\/12\/Hubsch_logo_black_one_line.svg\",\"contentUrl\":\"https:\/\/hubsch-interior.com\/wp-content\/uploads\/2022\/12\/Hubsch_logo_black_one_line.svg\",\"caption\":\"H\u00fcbsch\"},\"image\":{\"@id\":\"https:\/\/hubsch-interior.com\/da\/#\/schema\/logo\/image\/\"}}]}<\/script>\n<!-- \/ Yoast SEO plugin. -->","yoast_head_json":{"title":"Always Skammel Petrol - H\u00fcbsch","description":"Tilf\u00f8j et dristigt strejf til dit hjem med Always Skammel, et alsidigt mesterv\u00e6rk i en i\u00f8jnefaldende petroleum nuance, designet til dem, der elsker","robots":{"index":"index","follow":"follow","max-snippet":"max-snippet:-1","max-image-preview":"max-image-preview:large","max-video-preview":"max-video-preview:-1"},"canonical":"https:\/\/hubsch-interior.com\/da\/wp-json\/wp\/v2\/product\/1088055","og_locale":"da_DK","og_type":"article","og_title":"Always Skammel Petrol - H\u00fcbsch","og_description":"Tilf\u00f8j et dristigt strejf til dit hjem med Always Skammel, et alsidigt mesterv\u00e6rk i en i\u00f8jnefaldende petroleum nuance, designet til dem, der elsker","og_url":"https:\/\/hubsch-interior.com\/da\/vare\/always-skammel-petrol\/","og_site_name":"H\u00fcbsch","article_modified_time":"2026-04-05T03:00:46+00:00","og_image":[{"width":1024,"height":1024,"url":"https:\/\/hubsch-interior.com\/wp-content\/uploads\/2026\/02\/always-stool-petrol-1ce85a291408bdfd2c4c5c32d3f2a1d1.jpg","type":"image\/jpeg"}],"twitter_card":"summary_large_image","schema":{"@context":"https:\/\/schema.org","@graph":[{"@type":"WebPage","@id":"https:\/\/hubsch-interior.com\/da\/vare\/always-skammel-petrol\/","url":"https:\/\/hubsch-interior.com\/da\/vare\/always-skammel-petrol\/","name":"Always Skammel Petrol - H\u00fcbsch","isPartOf":{"@id":"https:\/\/hubsch-interior.com\/da\/#website"},"primaryImageOfPage":{"@id":"https:\/\/hubsch-interior.com\/da\/vare\/always-skammel-petrol\/#primaryimage"},"image":{"@id":"https:\/\/hubsch-interior.com\/da\/vare\/always-skammel-petrol\/#primaryimage"},"thumbnailUrl":"https:\/\/hubsch-interior.com\/wp-content\/uploads\/2026\/02\/always-stool-petrol-1ce85a291408bdfd2c4c5c32d3f2a1d1.jpg","datePublished":"2026-01-31T03:37:54+00:00","dateModified":"2026-04-05T03:00:46+00:00","description":"Tilf\u00f8j et dristigt strejf til dit hjem med Always Skammel, et alsidigt mesterv\u00e6rk i en i\u00f8jnefaldende petroleum nuance, designet til dem, der elsker","breadcrumb":{"@id":"https:\/\/hubsch-interior.com\/da\/vare\/always-skammel-petrol\/#breadcrumb"},"inLanguage":"da-DK","potentialAction":[{"@type":"ReadAction","target":["https:\/\/hubsch-interior.com\/da\/vare\/always-skammel-petrol\/"]}]},{"@type":"ImageObject","inLanguage":"da-DK","@id":"https:\/\/hubsch-interior.com\/da\/vare\/always-skammel-petrol\/#primaryimage","url":"https:\/\/hubsch-interior.com\/wp-content\/uploads\/2026\/02\/always-stool-petrol-1ce85a291408bdfd2c4c5c32d3f2a1d1.jpg","contentUrl":"https:\/\/hubsch-interior.com\/wp-content\/uploads\/2026\/02\/always-stool-petrol-1ce85a291408bdfd2c4c5c32d3f2a1d1.jpg","width":1024,"height":1024},{"@type":"BreadcrumbList","@id":"https:\/\/hubsch-interior.com\/da\/vare\/always-skammel-petrol\/#breadcrumb","itemListElement":[{"@type":"ListItem","position":1,"name":"Forside","item":"https:\/\/hubsch-interior.com\/da\/"},{"@type":"ListItem","position":2,"name":"Produkter","item":"https:\/\/hubsch-interior.com\/da\/produkter\/"},{"@type":"ListItem","position":3,"name":"M\u00f8bler","item":"https:\/\/hubsch-interior.com\/da\/vare-kategori\/mobler\/"},{"@type":"ListItem","position":4,"name":"Siddem&oslash;bler","item":"https:\/\/hubsch-interior.com\/da\/vare-kategori\/mobler\/siddemoebler-da\/"},{"@type":"ListItem","position":5,"name":"Skamler","item":"https:\/\/hubsch-interior.com\/da\/vare-kategori\/mobler\/siddemoebler-da\/skamler-da\/"},{"@type":"ListItem","position":6,"name":"Always Skammel Petrol"}]},{"@type":"WebSite","@id":"https:\/\/hubsch-interior.com\/da\/#website","url":"https:\/\/hubsch-interior.com\/da\/","name":"H\u00fcbsch","description":"Danish Home Interior and Design","publisher":{"@id":"https:\/\/hubsch-interior.com\/da\/#organization"},"potentialAction":[{"@type":"SearchAction","target":{"@type":"EntryPoint","urlTemplate":"https:\/\/hubsch-interior.com\/da\/?s={search_term_string}"},"query-input":{"@type":"PropertyValueSpecification","valueRequired":true,"valueName":"search_term_string"}}],"inLanguage":"da-DK"},{"@type":"Organization","@id":"https:\/\/hubsch-interior.com\/da\/#organization","name":"H\u00fcbsch","url":"https:\/\/hubsch-interior.com\/da\/","logo":{"@type":"ImageObject","inLanguage":"da-DK","@id":"https:\/\/hubsch-interior.com\/da\/#\/schema\/logo\/image\/","url":"https:\/\/hubsch-interior.com\/wp-content\/uploads\/2022\/12\/Hubsch_logo_black_one_line.svg","contentUrl":"https:\/\/hubsch-interior.com\/wp-content\/uploads\/2022\/12\/Hubsch_logo_black_one_line.svg","caption":"H\u00fcbsch"},"image":{"@id":"https:\/\/hubsch-interior.com\/da\/#\/schema\/logo\/image\/"}}]}},"_links":{"self":[{"href":"https:\/\/hubsch-interior.com\/da\/wp-json\/wp\/v2\/product\/1088055","targetHints":{"allow":["GET"]}}],"collection":[{"href":"https:\/\/hubsch-interior.com\/da\/wp-json\/wp\/v2\/product"}],"about":[{"href":"https:\/\/hubsch-interior.com\/da\/wp-json\/wp\/v2\/types\/product"}],"wp:featuredmedia":[{"embeddable":true,"href":"https:\/\/hubsch-interior.com\/da\/wp-json\/wp\/v2\/media\/1105263"}],"wp:attachment":[{"href":"https:\/\/hubsch-interior.com\/da\/wp-json\/wp\/v2\/media?parent=1088055"}],"wp:term":[{"taxonomy":"product_brand","embeddable":true,"href":"https:\/\/hubsch-interior.com\/da\/wp-json\/wp\/v2\/product_brand?post=1088055"},{"taxonomy":"product_cat","embeddable":true,"href":"https:\/\/hubsch-interior.com\/da\/wp-json\/wp\/v2\/product_cat?post=1088055"},{"taxonomy":"product_tag","embeddable":true,"href":"https:\/\/hubsch-interior.com\/da\/wp-json\/wp\/v2\/product_tag?post=1088055"}],"curies":[{"name":"wp","href":"https:\/\/api.w.org\/{rel}","templated":true}]}}