{"id":1088151,"date":"2026-01-31T04:38:56","date_gmt":"2026-01-31T03:38:56","guid":{"rendered":"https:\/\/hubsch-interior.com\/product\/product\/"},"modified":"2026-04-05T05:01:09","modified_gmt":"2026-04-05T03:01:09","slug":"poetic-vaegskab-large","status":"publish","type":"product","link":"https:\/\/hubsch-interior.com\/da\/vare\/poetic-vaegskab-large\/","title":{"rendered":"Poetic V\u00e6gskab Large"},"content":{"rendered":"<p>En reol, der giver plads til de smukke ting. Poetic Reol kombinerer varm eg med luftigt glas og skaber en diskret ramme for dine mest elskede objekter. Med sin blide finish og v\u00e6gmonteret design smelter den ubesv\u00e6ret sammen med dit interi\u00f8r og tilf\u00f8jer lethed uden at optage plads. Fremstillet af FSC-certificeret tr\u00e6 er det en tankev\u00e6kkende hyldest til bevidst livsstil og varigt design. Uanset om den styles med b\u00f8ger, glasvarer eller enkle \u00f8jeblikke af betydning \u2014 forvandler den udstilling til poesi.<\/p>\n","protected":false},"excerpt":{"rendered":"<p>En reol, der giver plads til de smukke ting. Poetic Reol kombinerer varm eg med luftigt glas og skaber en diskret ramme for dine mest elskede objekter. Med sin blide finish og v\u00e6gmonteret design smelter den ubesv\u00e6ret sammen med dit interi\u00f8r og tilf\u00f8jer lethed uden at optage plads. Fremstillet af FSC-certificeret tr\u00e6 er det en [&hellip;]<\/p>\n","protected":false},"featured_media":1105363,"template":"","meta":{"_acf_changed":false,"inline_featured_image":false},"product_brand":[],"product_cat":[7153,6321,5045,4010,3999,4000],"product_tag":[],"class_list":{"0":"post-1088151","1":"product","2":"type-product","3":"status-publish","4":"has-post-thumbnail","6":"product_cat-dweller-da","7":"product_cat-fsc-da","8":"product_cat-nyheder-da","9":"product_cat-reoler-da","10":"product_cat-reoler-opbevaring-da","11":"product_cat-vitrineskabe-da","12":"product_shipping_class-p05","14":"pa_material-egetr","15":"pa_material-egetrsfiner","16":"pa_material-glas-da","17":"pa_material-mdf-da","19":"first","20":"instock","21":"taxable","22":"shipping-taxable","23":"purchasable","24":"product-type-simple"},"exclude_global_add_ons":[],"addons":[],"acf":[],"yoast_head":"<!-- This site is optimized with the Yoast SEO plugin v26.4 - https:\/\/yoast.com\/wordpress\/plugins\/seo\/ -->\n<title>Poetic V\u00e6gskab Large - H\u00fcbsch<\/title>\n<meta name=\"description\" content=\"En reol, der giver plads til de smukke ting. Poetic Reol kombinerer varm eg med luftigt glas og skaber en diskret ramme for dine mest elskede objekter.\" \/>\n<meta name=\"robots\" content=\"index, follow, max-snippet:-1, max-image-preview:large, max-video-preview:-1\" \/>\n<link rel=\"canonical\" href=\"https:\/\/hubsch-interior.com\/da\/wp-json\/wp\/v2\/product\/1088151\" \/>\n<meta property=\"og:locale\" content=\"da_DK\" \/>\n<meta property=\"og:type\" content=\"article\" \/>\n<meta property=\"og:title\" content=\"Poetic V\u00e6gskab Large - H\u00fcbsch\" \/>\n<meta property=\"og:description\" content=\"En reol, der giver plads til de smukke ting. Poetic Reol kombinerer varm eg med luftigt glas og skaber en diskret ramme for dine mest elskede objekter.\" \/>\n<meta property=\"og:url\" content=\"https:\/\/hubsch-interior.com\/da\/vare\/poetic-vaegskab-large\/\" \/>\n<meta property=\"og:site_name\" content=\"H\u00fcbsch\" \/>\n<meta property=\"article:modified_time\" content=\"2026-04-05T03:01:09+00:00\" \/>\n<meta property=\"og:image\" content=\"https:\/\/hubsch-interior.com\/wp-content\/uploads\/2026\/01\/poetic-wall-cupboard-large-b6b5ad15092dc161068db86ce4600474.jpg\" \/>\n\t<meta property=\"og:image:width\" content=\"1200\" \/>\n\t<meta property=\"og:image:height\" content=\"1200\" \/>\n\t<meta property=\"og:image:type\" content=\"image\/jpeg\" \/>\n<meta name=\"twitter:card\" content=\"summary_large_image\" \/>\n<script type=\"application\/ld+json\" class=\"yoast-schema-graph\">{\"@context\":\"https:\/\/schema.org\",\"@graph\":[{\"@type\":\"WebPage\",\"@id\":\"https:\/\/hubsch-interior.com\/da\/vare\/poetic-vaegskab-large\/\",\"url\":\"https:\/\/hubsch-interior.com\/da\/vare\/poetic-vaegskab-large\/\",\"name\":\"Poetic V\u00e6gskab Large - H\u00fcbsch\",\"isPartOf\":{\"@id\":\"https:\/\/hubsch-interior.com\/da\/#website\"},\"primaryImageOfPage\":{\"@id\":\"https:\/\/hubsch-interior.com\/da\/vare\/poetic-vaegskab-large\/#primaryimage\"},\"image\":{\"@id\":\"https:\/\/hubsch-interior.com\/da\/vare\/poetic-vaegskab-large\/#primaryimage\"},\"thumbnailUrl\":\"https:\/\/hubsch-interior.com\/wp-content\/uploads\/2026\/02\/poetic-wall-cupboard-large-d3a6774a08ccdc97c32db5893d1fb55b.jpg\",\"datePublished\":\"2026-01-31T03:38:56+00:00\",\"dateModified\":\"2026-04-05T03:01:09+00:00\",\"description\":\"En reol, der giver plads til de smukke ting. Poetic Reol kombinerer varm eg med luftigt glas og skaber en diskret ramme for dine mest elskede objekter.\",\"breadcrumb\":{\"@id\":\"https:\/\/hubsch-interior.com\/da\/vare\/poetic-vaegskab-large\/#breadcrumb\"},\"inLanguage\":\"da-DK\",\"potentialAction\":[{\"@type\":\"ReadAction\",\"target\":[\"https:\/\/hubsch-interior.com\/da\/vare\/poetic-vaegskab-large\/\"]}]},{\"@type\":\"ImageObject\",\"inLanguage\":\"da-DK\",\"@id\":\"https:\/\/hubsch-interior.com\/da\/vare\/poetic-vaegskab-large\/#primaryimage\",\"url\":\"https:\/\/hubsch-interior.com\/wp-content\/uploads\/2026\/02\/poetic-wall-cupboard-large-d3a6774a08ccdc97c32db5893d1fb55b.jpg\",\"contentUrl\":\"https:\/\/hubsch-interior.com\/wp-content\/uploads\/2026\/02\/poetic-wall-cupboard-large-d3a6774a08ccdc97c32db5893d1fb55b.jpg\",\"width\":1024,\"height\":1024},{\"@type\":\"BreadcrumbList\",\"@id\":\"https:\/\/hubsch-interior.com\/da\/vare\/poetic-vaegskab-large\/#breadcrumb\",\"itemListElement\":[{\"@type\":\"ListItem\",\"position\":1,\"name\":\"Forside\",\"item\":\"https:\/\/hubsch-interior.com\/da\/\"},{\"@type\":\"ListItem\",\"position\":2,\"name\":\"Produkter\",\"item\":\"https:\/\/hubsch-interior.com\/da\/produkter\/\"},{\"@type\":\"ListItem\",\"position\":3,\"name\":\"Poetic V\u00e6gskab Large\"}]},{\"@type\":\"WebSite\",\"@id\":\"https:\/\/hubsch-interior.com\/da\/#website\",\"url\":\"https:\/\/hubsch-interior.com\/da\/\",\"name\":\"H\u00fcbsch\",\"description\":\"Danish Home Interior and Design\",\"publisher\":{\"@id\":\"https:\/\/hubsch-interior.com\/da\/#organization\"},\"potentialAction\":[{\"@type\":\"SearchAction\",\"target\":{\"@type\":\"EntryPoint\",\"urlTemplate\":\"https:\/\/hubsch-interior.com\/da\/?s={search_term_string}\"},\"query-input\":{\"@type\":\"PropertyValueSpecification\",\"valueRequired\":true,\"valueName\":\"search_term_string\"}}],\"inLanguage\":\"da-DK\"},{\"@type\":\"Organization\",\"@id\":\"https:\/\/hubsch-interior.com\/da\/#organization\",\"name\":\"H\u00fcbsch\",\"url\":\"https:\/\/hubsch-interior.com\/da\/\",\"logo\":{\"@type\":\"ImageObject\",\"inLanguage\":\"da-DK\",\"@id\":\"https:\/\/hubsch-interior.com\/da\/#\/schema\/logo\/image\/\",\"url\":\"https:\/\/hubsch-interior.com\/wp-content\/uploads\/2022\/12\/Hubsch_logo_black_one_line.svg\",\"contentUrl\":\"https:\/\/hubsch-interior.com\/wp-content\/uploads\/2022\/12\/Hubsch_logo_black_one_line.svg\",\"caption\":\"H\u00fcbsch\"},\"image\":{\"@id\":\"https:\/\/hubsch-interior.com\/da\/#\/schema\/logo\/image\/\"}}]}<\/script>\n<!-- \/ Yoast SEO plugin. -->","yoast_head_json":{"title":"Poetic V\u00e6gskab Large - H\u00fcbsch","description":"En reol, der giver plads til de smukke ting. Poetic Reol kombinerer varm eg med luftigt glas og skaber en diskret ramme for dine mest elskede objekter.","robots":{"index":"index","follow":"follow","max-snippet":"max-snippet:-1","max-image-preview":"max-image-preview:large","max-video-preview":"max-video-preview:-1"},"canonical":"https:\/\/hubsch-interior.com\/da\/wp-json\/wp\/v2\/product\/1088151","og_locale":"da_DK","og_type":"article","og_title":"Poetic V\u00e6gskab Large - H\u00fcbsch","og_description":"En reol, der giver plads til de smukke ting. Poetic Reol kombinerer varm eg med luftigt glas og skaber en diskret ramme for dine mest elskede objekter.","og_url":"https:\/\/hubsch-interior.com\/da\/vare\/poetic-vaegskab-large\/","og_site_name":"H\u00fcbsch","article_modified_time":"2026-04-05T03:01:09+00:00","og_image":[{"width":1200,"height":1200,"url":"https:\/\/hubsch-interior.com\/wp-content\/uploads\/2026\/01\/poetic-wall-cupboard-large-b6b5ad15092dc161068db86ce4600474.jpg","type":"image\/jpeg"}],"twitter_card":"summary_large_image","schema":{"@context":"https:\/\/schema.org","@graph":[{"@type":"WebPage","@id":"https:\/\/hubsch-interior.com\/da\/vare\/poetic-vaegskab-large\/","url":"https:\/\/hubsch-interior.com\/da\/vare\/poetic-vaegskab-large\/","name":"Poetic V\u00e6gskab Large - H\u00fcbsch","isPartOf":{"@id":"https:\/\/hubsch-interior.com\/da\/#website"},"primaryImageOfPage":{"@id":"https:\/\/hubsch-interior.com\/da\/vare\/poetic-vaegskab-large\/#primaryimage"},"image":{"@id":"https:\/\/hubsch-interior.com\/da\/vare\/poetic-vaegskab-large\/#primaryimage"},"thumbnailUrl":"https:\/\/hubsch-interior.com\/wp-content\/uploads\/2026\/02\/poetic-wall-cupboard-large-d3a6774a08ccdc97c32db5893d1fb55b.jpg","datePublished":"2026-01-31T03:38:56+00:00","dateModified":"2026-04-05T03:01:09+00:00","description":"En reol, der giver plads til de smukke ting. Poetic Reol kombinerer varm eg med luftigt glas og skaber en diskret ramme for dine mest elskede objekter.","breadcrumb":{"@id":"https:\/\/hubsch-interior.com\/da\/vare\/poetic-vaegskab-large\/#breadcrumb"},"inLanguage":"da-DK","potentialAction":[{"@type":"ReadAction","target":["https:\/\/hubsch-interior.com\/da\/vare\/poetic-vaegskab-large\/"]}]},{"@type":"ImageObject","inLanguage":"da-DK","@id":"https:\/\/hubsch-interior.com\/da\/vare\/poetic-vaegskab-large\/#primaryimage","url":"https:\/\/hubsch-interior.com\/wp-content\/uploads\/2026\/02\/poetic-wall-cupboard-large-d3a6774a08ccdc97c32db5893d1fb55b.jpg","contentUrl":"https:\/\/hubsch-interior.com\/wp-content\/uploads\/2026\/02\/poetic-wall-cupboard-large-d3a6774a08ccdc97c32db5893d1fb55b.jpg","width":1024,"height":1024},{"@type":"BreadcrumbList","@id":"https:\/\/hubsch-interior.com\/da\/vare\/poetic-vaegskab-large\/#breadcrumb","itemListElement":[{"@type":"ListItem","position":1,"name":"Forside","item":"https:\/\/hubsch-interior.com\/da\/"},{"@type":"ListItem","position":2,"name":"Produkter","item":"https:\/\/hubsch-interior.com\/da\/produkter\/"},{"@type":"ListItem","position":3,"name":"Poetic V\u00e6gskab Large"}]},{"@type":"WebSite","@id":"https:\/\/hubsch-interior.com\/da\/#website","url":"https:\/\/hubsch-interior.com\/da\/","name":"H\u00fcbsch","description":"Danish Home Interior and Design","publisher":{"@id":"https:\/\/hubsch-interior.com\/da\/#organization"},"potentialAction":[{"@type":"SearchAction","target":{"@type":"EntryPoint","urlTemplate":"https:\/\/hubsch-interior.com\/da\/?s={search_term_string}"},"query-input":{"@type":"PropertyValueSpecification","valueRequired":true,"valueName":"search_term_string"}}],"inLanguage":"da-DK"},{"@type":"Organization","@id":"https:\/\/hubsch-interior.com\/da\/#organization","name":"H\u00fcbsch","url":"https:\/\/hubsch-interior.com\/da\/","logo":{"@type":"ImageObject","inLanguage":"da-DK","@id":"https:\/\/hubsch-interior.com\/da\/#\/schema\/logo\/image\/","url":"https:\/\/hubsch-interior.com\/wp-content\/uploads\/2022\/12\/Hubsch_logo_black_one_line.svg","contentUrl":"https:\/\/hubsch-interior.com\/wp-content\/uploads\/2022\/12\/Hubsch_logo_black_one_line.svg","caption":"H\u00fcbsch"},"image":{"@id":"https:\/\/hubsch-interior.com\/da\/#\/schema\/logo\/image\/"}}]}},"_links":{"self":[{"href":"https:\/\/hubsch-interior.com\/da\/wp-json\/wp\/v2\/product\/1088151","targetHints":{"allow":["GET"]}}],"collection":[{"href":"https:\/\/hubsch-interior.com\/da\/wp-json\/wp\/v2\/product"}],"about":[{"href":"https:\/\/hubsch-interior.com\/da\/wp-json\/wp\/v2\/types\/product"}],"wp:featuredmedia":[{"embeddable":true,"href":"https:\/\/hubsch-interior.com\/da\/wp-json\/wp\/v2\/media\/1105363"}],"wp:attachment":[{"href":"https:\/\/hubsch-interior.com\/da\/wp-json\/wp\/v2\/media?parent=1088151"}],"wp:term":[{"taxonomy":"product_brand","embeddable":true,"href":"https:\/\/hubsch-interior.com\/da\/wp-json\/wp\/v2\/product_brand?post=1088151"},{"taxonomy":"product_cat","embeddable":true,"href":"https:\/\/hubsch-interior.com\/da\/wp-json\/wp\/v2\/product_cat?post=1088151"},{"taxonomy":"product_tag","embeddable":true,"href":"https:\/\/hubsch-interior.com\/da\/wp-json\/wp\/v2\/product_tag?post=1088151"}],"curies":[{"name":"wp","href":"https:\/\/api.w.org\/{rel}","templated":true}]}}