{"id":1088179,"date":"2026-01-31T04:39:12","date_gmt":"2026-01-31T03:39:12","guid":{"rendered":"https:\/\/hubsch-interior.com\/product\/product\/"},"modified":"2026-04-05T05:01:14","modified_gmt":"2026-04-05T03:01:14","slug":"poetic-vaegskab-small","status":"publish","type":"product","link":"https:\/\/hubsch-interior.com\/da\/vare\/poetic-vaegskab-small\/","title":{"rendered":"Poetic V\u00e6gskab Small"},"content":{"rendered":"<p>Lad dine genstande tale \u2014 sagte, smukt. Poetic Reol er fremstillet af FSC-certificeret eg med fine glashylder, der tilbyder en delikat balance mellem struktur og lethed. Designet til let at kunne monteres p\u00e5 v\u00e6ggen, skaber den en rolig scene for de ting, der fort\u00e6ller din historie \u2014 fra yndlingsb\u00f8ger til fundne skatte. Raffineret og diskret, bringer den b\u00e5de klarhed og f\u00f8lelse til dit rum. Mere end en hylde, det er en blid ramme for livets detaljer.<\/p>\n","protected":false},"excerpt":{"rendered":"<p>Lad dine genstande tale \u2014 sagte, smukt. Poetic Reol er fremstillet af FSC-certificeret eg med fine glashylder, der tilbyder en delikat balance mellem struktur og lethed. Designet til let at kunne monteres p\u00e5 v\u00e6ggen, skaber den en rolig scene for de ting, der fort\u00e6ller din historie \u2014 fra yndlingsb\u00f8ger til fundne skatte. Raffineret og diskret, [&hellip;]<\/p>\n","protected":false},"featured_media":1105387,"template":"","meta":{"_acf_changed":false,"inline_featured_image":false},"product_brand":[],"product_cat":[7153,6321,3999,4010,4000,5045],"product_tag":[],"class_list":{"0":"post-1088179","1":"product","2":"type-product","3":"status-publish","4":"has-post-thumbnail","6":"product_cat-dweller-da","7":"product_cat-fsc-da","8":"product_cat-reoler-opbevaring-da","9":"product_cat-reoler-da","10":"product_cat-vitrineskabe-da","11":"product_cat-nyheder-da","12":"product_shipping_class-pk","14":"pa_material-glas-da","15":"pa_material-mdf-da","16":"pa_material-egetr","17":"pa_material-egetrsfiner","19":"first","20":"instock","21":"taxable","22":"shipping-taxable","23":"purchasable","24":"product-type-simple"},"exclude_global_add_ons":[],"addons":[],"acf":[],"yoast_head":"<!-- This site is optimized with the Yoast SEO plugin v26.4 - https:\/\/yoast.com\/wordpress\/plugins\/seo\/ -->\n<title>Poetic V\u00e6gskab Small - H\u00fcbsch<\/title>\n<meta name=\"description\" content=\"Lad dine genstande tale \u2014 sagte, smukt. Poetic Reol er fremstillet af FSC-certificeret eg med fine glashylder, der tilbyder en delikat balance mellem\" \/>\n<meta name=\"robots\" content=\"index, follow, max-snippet:-1, max-image-preview:large, max-video-preview:-1\" \/>\n<link rel=\"canonical\" href=\"https:\/\/hubsch-interior.com\/da\/wp-json\/wp\/v2\/product\/1088179\" \/>\n<meta property=\"og:locale\" content=\"da_DK\" \/>\n<meta property=\"og:type\" content=\"article\" \/>\n<meta property=\"og:title\" content=\"Poetic V\u00e6gskab Small - H\u00fcbsch\" \/>\n<meta property=\"og:description\" content=\"Lad dine genstande tale \u2014 sagte, smukt. Poetic Reol er fremstillet af FSC-certificeret eg med fine glashylder, der tilbyder en delikat balance mellem\" \/>\n<meta property=\"og:url\" content=\"https:\/\/hubsch-interior.com\/da\/vare\/poetic-vaegskab-small\/\" \/>\n<meta property=\"og:site_name\" content=\"H\u00fcbsch\" \/>\n<meta property=\"article:modified_time\" content=\"2026-04-05T03:01:14+00:00\" \/>\n<meta property=\"og:image\" content=\"https:\/\/hubsch-interior.com\/wp-content\/uploads\/2026\/01\/poetic-wall-cupboard-small-2c717f79d59f974da7f851bdfe1977aa.jpg\" \/>\n\t<meta property=\"og:image:width\" content=\"1200\" \/>\n\t<meta property=\"og:image:height\" content=\"1200\" \/>\n\t<meta property=\"og:image:type\" content=\"image\/jpeg\" \/>\n<meta name=\"twitter:card\" content=\"summary_large_image\" \/>\n<script type=\"application\/ld+json\" class=\"yoast-schema-graph\">{\"@context\":\"https:\/\/schema.org\",\"@graph\":[{\"@type\":\"WebPage\",\"@id\":\"https:\/\/hubsch-interior.com\/da\/vare\/poetic-vaegskab-small\/\",\"url\":\"https:\/\/hubsch-interior.com\/da\/vare\/poetic-vaegskab-small\/\",\"name\":\"Poetic V\u00e6gskab Small - H\u00fcbsch\",\"isPartOf\":{\"@id\":\"https:\/\/hubsch-interior.com\/da\/#website\"},\"primaryImageOfPage\":{\"@id\":\"https:\/\/hubsch-interior.com\/da\/vare\/poetic-vaegskab-small\/#primaryimage\"},\"image\":{\"@id\":\"https:\/\/hubsch-interior.com\/da\/vare\/poetic-vaegskab-small\/#primaryimage\"},\"thumbnailUrl\":\"https:\/\/hubsch-interior.com\/wp-content\/uploads\/2026\/02\/poetic-wall-cupboard-small-15a591e240f9b4dbffaada43d2164d2f.jpg\",\"datePublished\":\"2026-01-31T03:39:12+00:00\",\"dateModified\":\"2026-04-05T03:01:14+00:00\",\"description\":\"Lad dine genstande tale \u2014 sagte, smukt. Poetic Reol er fremstillet af FSC-certificeret eg med fine glashylder, der tilbyder en delikat balance mellem\",\"breadcrumb\":{\"@id\":\"https:\/\/hubsch-interior.com\/da\/vare\/poetic-vaegskab-small\/#breadcrumb\"},\"inLanguage\":\"da-DK\",\"potentialAction\":[{\"@type\":\"ReadAction\",\"target\":[\"https:\/\/hubsch-interior.com\/da\/vare\/poetic-vaegskab-small\/\"]}]},{\"@type\":\"ImageObject\",\"inLanguage\":\"da-DK\",\"@id\":\"https:\/\/hubsch-interior.com\/da\/vare\/poetic-vaegskab-small\/#primaryimage\",\"url\":\"https:\/\/hubsch-interior.com\/wp-content\/uploads\/2026\/02\/poetic-wall-cupboard-small-15a591e240f9b4dbffaada43d2164d2f.jpg\",\"contentUrl\":\"https:\/\/hubsch-interior.com\/wp-content\/uploads\/2026\/02\/poetic-wall-cupboard-small-15a591e240f9b4dbffaada43d2164d2f.jpg\",\"width\":1024,\"height\":1024},{\"@type\":\"BreadcrumbList\",\"@id\":\"https:\/\/hubsch-interior.com\/da\/vare\/poetic-vaegskab-small\/#breadcrumb\",\"itemListElement\":[{\"@type\":\"ListItem\",\"position\":1,\"name\":\"Forside\",\"item\":\"https:\/\/hubsch-interior.com\/da\/\"},{\"@type\":\"ListItem\",\"position\":2,\"name\":\"Produkter\",\"item\":\"https:\/\/hubsch-interior.com\/da\/produkter\/\"},{\"@type\":\"ListItem\",\"position\":3,\"name\":\"Poetic V\u00e6gskab Small\"}]},{\"@type\":\"WebSite\",\"@id\":\"https:\/\/hubsch-interior.com\/da\/#website\",\"url\":\"https:\/\/hubsch-interior.com\/da\/\",\"name\":\"H\u00fcbsch\",\"description\":\"Danish Home Interior and Design\",\"publisher\":{\"@id\":\"https:\/\/hubsch-interior.com\/da\/#organization\"},\"potentialAction\":[{\"@type\":\"SearchAction\",\"target\":{\"@type\":\"EntryPoint\",\"urlTemplate\":\"https:\/\/hubsch-interior.com\/da\/?s={search_term_string}\"},\"query-input\":{\"@type\":\"PropertyValueSpecification\",\"valueRequired\":true,\"valueName\":\"search_term_string\"}}],\"inLanguage\":\"da-DK\"},{\"@type\":\"Organization\",\"@id\":\"https:\/\/hubsch-interior.com\/da\/#organization\",\"name\":\"H\u00fcbsch\",\"url\":\"https:\/\/hubsch-interior.com\/da\/\",\"logo\":{\"@type\":\"ImageObject\",\"inLanguage\":\"da-DK\",\"@id\":\"https:\/\/hubsch-interior.com\/da\/#\/schema\/logo\/image\/\",\"url\":\"https:\/\/hubsch-interior.com\/wp-content\/uploads\/2022\/12\/Hubsch_logo_black_one_line.svg\",\"contentUrl\":\"https:\/\/hubsch-interior.com\/wp-content\/uploads\/2022\/12\/Hubsch_logo_black_one_line.svg\",\"caption\":\"H\u00fcbsch\"},\"image\":{\"@id\":\"https:\/\/hubsch-interior.com\/da\/#\/schema\/logo\/image\/\"}}]}<\/script>\n<!-- \/ Yoast SEO plugin. -->","yoast_head_json":{"title":"Poetic V\u00e6gskab Small - H\u00fcbsch","description":"Lad dine genstande tale \u2014 sagte, smukt. Poetic Reol er fremstillet af FSC-certificeret eg med fine glashylder, der tilbyder en delikat balance mellem","robots":{"index":"index","follow":"follow","max-snippet":"max-snippet:-1","max-image-preview":"max-image-preview:large","max-video-preview":"max-video-preview:-1"},"canonical":"https:\/\/hubsch-interior.com\/da\/wp-json\/wp\/v2\/product\/1088179","og_locale":"da_DK","og_type":"article","og_title":"Poetic V\u00e6gskab Small - H\u00fcbsch","og_description":"Lad dine genstande tale \u2014 sagte, smukt. Poetic Reol er fremstillet af FSC-certificeret eg med fine glashylder, der tilbyder en delikat balance mellem","og_url":"https:\/\/hubsch-interior.com\/da\/vare\/poetic-vaegskab-small\/","og_site_name":"H\u00fcbsch","article_modified_time":"2026-04-05T03:01:14+00:00","og_image":[{"width":1200,"height":1200,"url":"https:\/\/hubsch-interior.com\/wp-content\/uploads\/2026\/01\/poetic-wall-cupboard-small-2c717f79d59f974da7f851bdfe1977aa.jpg","type":"image\/jpeg"}],"twitter_card":"summary_large_image","schema":{"@context":"https:\/\/schema.org","@graph":[{"@type":"WebPage","@id":"https:\/\/hubsch-interior.com\/da\/vare\/poetic-vaegskab-small\/","url":"https:\/\/hubsch-interior.com\/da\/vare\/poetic-vaegskab-small\/","name":"Poetic V\u00e6gskab Small - H\u00fcbsch","isPartOf":{"@id":"https:\/\/hubsch-interior.com\/da\/#website"},"primaryImageOfPage":{"@id":"https:\/\/hubsch-interior.com\/da\/vare\/poetic-vaegskab-small\/#primaryimage"},"image":{"@id":"https:\/\/hubsch-interior.com\/da\/vare\/poetic-vaegskab-small\/#primaryimage"},"thumbnailUrl":"https:\/\/hubsch-interior.com\/wp-content\/uploads\/2026\/02\/poetic-wall-cupboard-small-15a591e240f9b4dbffaada43d2164d2f.jpg","datePublished":"2026-01-31T03:39:12+00:00","dateModified":"2026-04-05T03:01:14+00:00","description":"Lad dine genstande tale \u2014 sagte, smukt. Poetic Reol er fremstillet af FSC-certificeret eg med fine glashylder, der tilbyder en delikat balance mellem","breadcrumb":{"@id":"https:\/\/hubsch-interior.com\/da\/vare\/poetic-vaegskab-small\/#breadcrumb"},"inLanguage":"da-DK","potentialAction":[{"@type":"ReadAction","target":["https:\/\/hubsch-interior.com\/da\/vare\/poetic-vaegskab-small\/"]}]},{"@type":"ImageObject","inLanguage":"da-DK","@id":"https:\/\/hubsch-interior.com\/da\/vare\/poetic-vaegskab-small\/#primaryimage","url":"https:\/\/hubsch-interior.com\/wp-content\/uploads\/2026\/02\/poetic-wall-cupboard-small-15a591e240f9b4dbffaada43d2164d2f.jpg","contentUrl":"https:\/\/hubsch-interior.com\/wp-content\/uploads\/2026\/02\/poetic-wall-cupboard-small-15a591e240f9b4dbffaada43d2164d2f.jpg","width":1024,"height":1024},{"@type":"BreadcrumbList","@id":"https:\/\/hubsch-interior.com\/da\/vare\/poetic-vaegskab-small\/#breadcrumb","itemListElement":[{"@type":"ListItem","position":1,"name":"Forside","item":"https:\/\/hubsch-interior.com\/da\/"},{"@type":"ListItem","position":2,"name":"Produkter","item":"https:\/\/hubsch-interior.com\/da\/produkter\/"},{"@type":"ListItem","position":3,"name":"Poetic V\u00e6gskab Small"}]},{"@type":"WebSite","@id":"https:\/\/hubsch-interior.com\/da\/#website","url":"https:\/\/hubsch-interior.com\/da\/","name":"H\u00fcbsch","description":"Danish Home Interior and Design","publisher":{"@id":"https:\/\/hubsch-interior.com\/da\/#organization"},"potentialAction":[{"@type":"SearchAction","target":{"@type":"EntryPoint","urlTemplate":"https:\/\/hubsch-interior.com\/da\/?s={search_term_string}"},"query-input":{"@type":"PropertyValueSpecification","valueRequired":true,"valueName":"search_term_string"}}],"inLanguage":"da-DK"},{"@type":"Organization","@id":"https:\/\/hubsch-interior.com\/da\/#organization","name":"H\u00fcbsch","url":"https:\/\/hubsch-interior.com\/da\/","logo":{"@type":"ImageObject","inLanguage":"da-DK","@id":"https:\/\/hubsch-interior.com\/da\/#\/schema\/logo\/image\/","url":"https:\/\/hubsch-interior.com\/wp-content\/uploads\/2022\/12\/Hubsch_logo_black_one_line.svg","contentUrl":"https:\/\/hubsch-interior.com\/wp-content\/uploads\/2022\/12\/Hubsch_logo_black_one_line.svg","caption":"H\u00fcbsch"},"image":{"@id":"https:\/\/hubsch-interior.com\/da\/#\/schema\/logo\/image\/"}}]}},"_links":{"self":[{"href":"https:\/\/hubsch-interior.com\/da\/wp-json\/wp\/v2\/product\/1088179","targetHints":{"allow":["GET"]}}],"collection":[{"href":"https:\/\/hubsch-interior.com\/da\/wp-json\/wp\/v2\/product"}],"about":[{"href":"https:\/\/hubsch-interior.com\/da\/wp-json\/wp\/v2\/types\/product"}],"wp:featuredmedia":[{"embeddable":true,"href":"https:\/\/hubsch-interior.com\/da\/wp-json\/wp\/v2\/media\/1105387"}],"wp:attachment":[{"href":"https:\/\/hubsch-interior.com\/da\/wp-json\/wp\/v2\/media?parent=1088179"}],"wp:term":[{"taxonomy":"product_brand","embeddable":true,"href":"https:\/\/hubsch-interior.com\/da\/wp-json\/wp\/v2\/product_brand?post=1088179"},{"taxonomy":"product_cat","embeddable":true,"href":"https:\/\/hubsch-interior.com\/da\/wp-json\/wp\/v2\/product_cat?post=1088179"},{"taxonomy":"product_tag","embeddable":true,"href":"https:\/\/hubsch-interior.com\/da\/wp-json\/wp\/v2\/product_tag?post=1088179"}],"curies":[{"name":"wp","href":"https:\/\/api.w.org\/{rel}","templated":true}]}}