{"id":1088207,"date":"2026-01-31T04:39:26","date_gmt":"2026-01-31T03:39:26","guid":{"rendered":"https:\/\/hubsch-interior.com\/product\/product\/"},"modified":"2026-04-05T05:01:18","modified_gmt":"2026-04-05T03:01:18","slug":"kura-klaedeskab-large-natur","status":"publish","type":"product","link":"https:\/\/hubsch-interior.com\/da\/vare\/kura-klaedeskab-large-natur\/","title":{"rendered":"Kura Kl\u00e6deskab Large Natur"},"content":{"rendered":"<p>Hvor form f\u00f8lger funktion \u2014 smukt. Kura Kl\u00e6deskabet bringer rene linjer og rolig selvsikkerhed til dit sovev\u00e6relse, fremstillet af FSC-certificeret eg i vores k\u00e6rlighed til naturlige materialer. Dets grafiske silhuet passer ubesv\u00e6ret ind i moderne interi\u00f8rer, mens det rummelige indre har en b\u00f8jlestang og en nederste hylde til at holde alt synligt og ordentligt. Brug for mere plads? Du kan simpelthen stille to eller tre ved siden af hinanden for at opbygge et opbevaringssystem, der fungerer med dit rum. En raffineret essentiel, designet til at udvikle sig sammen med din m\u00e5de at leve p\u00e5.<\/p>\n","protected":false},"excerpt":{"rendered":"<p>Hvor form f\u00f8lger funktion \u2014 smukt. Kura Kl\u00e6deskabet bringer rene linjer og rolig selvsikkerhed til dit sovev\u00e6relse, fremstillet af FSC-certificeret eg i vores k\u00e6rlighed til naturlige materialer. Dets grafiske silhuet passer ubesv\u00e6ret ind i moderne interi\u00f8rer, mens det rummelige indre har en b\u00f8jlestang og en nederste hylde til at holde alt synligt og ordentligt. Brug [&hellip;]<\/p>\n","protected":false},"featured_media":1105411,"template":"","meta":{"_acf_changed":false,"inline_featured_image":false},"product_brand":[],"product_cat":[7153,6321,4031,6484,5045],"product_tag":[],"class_list":{"0":"post-1088207","1":"product","2":"type-product","3":"status-publish","4":"has-post-thumbnail","6":"product_cat-dweller-da","7":"product_cat-fsc-da","8":"product_cat-garderobe-stativer-da","9":"product_cat-garderobe-da","10":"product_cat-nyheder-da","11":"product_shipping_class-p10","13":"pa_color-natur-2","14":"pa_material-mdf-da","15":"pa_material-egetr","16":"pa_material-egetrsfiner","18":"first","19":"instock","20":"taxable","21":"shipping-taxable","22":"purchasable","23":"product-type-simple"},"exclude_global_add_ons":[],"addons":[],"acf":[],"yoast_head":"<!-- This site is optimized with the Yoast SEO plugin v26.4 - https:\/\/yoast.com\/wordpress\/plugins\/seo\/ -->\n<title>Kura Kl\u00e6deskab Large Natur - H\u00fcbsch<\/title>\n<meta name=\"description\" content=\"Hvor form f\u00f8lger funktion \u2014 smukt. Kura Kl\u00e6deskabet bringer rene linjer og rolig selvsikkerhed til dit sovev\u00e6relse, fremstillet af FSC-certificeret eg i\" \/>\n<meta name=\"robots\" content=\"index, follow, max-snippet:-1, max-image-preview:large, max-video-preview:-1\" \/>\n<link rel=\"canonical\" href=\"https:\/\/hubsch-interior.com\/da\/wp-json\/wp\/v2\/product\/1088207\" \/>\n<meta property=\"og:locale\" content=\"da_DK\" \/>\n<meta property=\"og:type\" content=\"article\" \/>\n<meta property=\"og:title\" content=\"Kura Kl\u00e6deskab Large Natur - H\u00fcbsch\" \/>\n<meta property=\"og:description\" content=\"Hvor form f\u00f8lger funktion \u2014 smukt. Kura Kl\u00e6deskabet bringer rene linjer og rolig selvsikkerhed til dit sovev\u00e6relse, fremstillet af FSC-certificeret eg i\" \/>\n<meta property=\"og:url\" content=\"https:\/\/hubsch-interior.com\/da\/vare\/kura-klaedeskab-large-natur\/\" \/>\n<meta property=\"og:site_name\" content=\"H\u00fcbsch\" \/>\n<meta property=\"article:modified_time\" content=\"2026-04-05T03:01:18+00:00\" \/>\n<meta property=\"og:image\" content=\"https:\/\/hubsch-interior.com\/wp-content\/uploads\/2026\/01\/kura-wardrobe-large-natural-da81f454b8b96fd8aafdea6b733dc813.jpg\" \/>\n\t<meta property=\"og:image:width\" content=\"1200\" \/>\n\t<meta property=\"og:image:height\" content=\"1200\" \/>\n\t<meta property=\"og:image:type\" content=\"image\/jpeg\" \/>\n<meta name=\"twitter:card\" content=\"summary_large_image\" \/>\n<meta name=\"twitter:label1\" content=\"Estimeret l\u00e6setid\" \/>\n\t<meta name=\"twitter:data1\" content=\"1 minut\" \/>\n<script type=\"application\/ld+json\" class=\"yoast-schema-graph\">{\"@context\":\"https:\/\/schema.org\",\"@graph\":[{\"@type\":\"WebPage\",\"@id\":\"https:\/\/hubsch-interior.com\/da\/vare\/kura-klaedeskab-large-natur\/\",\"url\":\"https:\/\/hubsch-interior.com\/da\/vare\/kura-klaedeskab-large-natur\/\",\"name\":\"Kura Kl\u00e6deskab Large Natur - H\u00fcbsch\",\"isPartOf\":{\"@id\":\"https:\/\/hubsch-interior.com\/da\/#website\"},\"primaryImageOfPage\":{\"@id\":\"https:\/\/hubsch-interior.com\/da\/vare\/kura-klaedeskab-large-natur\/#primaryimage\"},\"image\":{\"@id\":\"https:\/\/hubsch-interior.com\/da\/vare\/kura-klaedeskab-large-natur\/#primaryimage\"},\"thumbnailUrl\":\"https:\/\/hubsch-interior.com\/wp-content\/uploads\/2026\/02\/kura-wardrobe-large-natural-ca4f9d5cc77b4c982f9508ba41c8b161.jpg\",\"datePublished\":\"2026-01-31T03:39:26+00:00\",\"dateModified\":\"2026-04-05T03:01:18+00:00\",\"description\":\"Hvor form f\u00f8lger funktion \u2014 smukt. Kura Kl\u00e6deskabet bringer rene linjer og rolig selvsikkerhed til dit sovev\u00e6relse, fremstillet af FSC-certificeret eg i\",\"breadcrumb\":{\"@id\":\"https:\/\/hubsch-interior.com\/da\/vare\/kura-klaedeskab-large-natur\/#breadcrumb\"},\"inLanguage\":\"da-DK\",\"potentialAction\":[{\"@type\":\"ReadAction\",\"target\":[\"https:\/\/hubsch-interior.com\/da\/vare\/kura-klaedeskab-large-natur\/\"]}]},{\"@type\":\"ImageObject\",\"inLanguage\":\"da-DK\",\"@id\":\"https:\/\/hubsch-interior.com\/da\/vare\/kura-klaedeskab-large-natur\/#primaryimage\",\"url\":\"https:\/\/hubsch-interior.com\/wp-content\/uploads\/2026\/02\/kura-wardrobe-large-natural-ca4f9d5cc77b4c982f9508ba41c8b161.jpg\",\"contentUrl\":\"https:\/\/hubsch-interior.com\/wp-content\/uploads\/2026\/02\/kura-wardrobe-large-natural-ca4f9d5cc77b4c982f9508ba41c8b161.jpg\",\"width\":1024,\"height\":1024},{\"@type\":\"BreadcrumbList\",\"@id\":\"https:\/\/hubsch-interior.com\/da\/vare\/kura-klaedeskab-large-natur\/#breadcrumb\",\"itemListElement\":[{\"@type\":\"ListItem\",\"position\":1,\"name\":\"Forside\",\"item\":\"https:\/\/hubsch-interior.com\/da\/\"},{\"@type\":\"ListItem\",\"position\":2,\"name\":\"Produkter\",\"item\":\"https:\/\/hubsch-interior.com\/da\/produkter\/\"},{\"@type\":\"ListItem\",\"position\":3,\"name\":\"Kura Kl\u00e6deskab Large Natur\"}]},{\"@type\":\"WebSite\",\"@id\":\"https:\/\/hubsch-interior.com\/da\/#website\",\"url\":\"https:\/\/hubsch-interior.com\/da\/\",\"name\":\"H\u00fcbsch\",\"description\":\"Danish Home Interior and Design\",\"publisher\":{\"@id\":\"https:\/\/hubsch-interior.com\/da\/#organization\"},\"potentialAction\":[{\"@type\":\"SearchAction\",\"target\":{\"@type\":\"EntryPoint\",\"urlTemplate\":\"https:\/\/hubsch-interior.com\/da\/?s={search_term_string}\"},\"query-input\":{\"@type\":\"PropertyValueSpecification\",\"valueRequired\":true,\"valueName\":\"search_term_string\"}}],\"inLanguage\":\"da-DK\"},{\"@type\":\"Organization\",\"@id\":\"https:\/\/hubsch-interior.com\/da\/#organization\",\"name\":\"H\u00fcbsch\",\"url\":\"https:\/\/hubsch-interior.com\/da\/\",\"logo\":{\"@type\":\"ImageObject\",\"inLanguage\":\"da-DK\",\"@id\":\"https:\/\/hubsch-interior.com\/da\/#\/schema\/logo\/image\/\",\"url\":\"https:\/\/hubsch-interior.com\/wp-content\/uploads\/2022\/12\/Hubsch_logo_black_one_line.svg\",\"contentUrl\":\"https:\/\/hubsch-interior.com\/wp-content\/uploads\/2022\/12\/Hubsch_logo_black_one_line.svg\",\"caption\":\"H\u00fcbsch\"},\"image\":{\"@id\":\"https:\/\/hubsch-interior.com\/da\/#\/schema\/logo\/image\/\"}}]}<\/script>\n<!-- \/ Yoast SEO plugin. -->","yoast_head_json":{"title":"Kura Kl\u00e6deskab Large Natur - H\u00fcbsch","description":"Hvor form f\u00f8lger funktion \u2014 smukt. Kura Kl\u00e6deskabet bringer rene linjer og rolig selvsikkerhed til dit sovev\u00e6relse, fremstillet af FSC-certificeret eg i","robots":{"index":"index","follow":"follow","max-snippet":"max-snippet:-1","max-image-preview":"max-image-preview:large","max-video-preview":"max-video-preview:-1"},"canonical":"https:\/\/hubsch-interior.com\/da\/wp-json\/wp\/v2\/product\/1088207","og_locale":"da_DK","og_type":"article","og_title":"Kura Kl\u00e6deskab Large Natur - H\u00fcbsch","og_description":"Hvor form f\u00f8lger funktion \u2014 smukt. Kura Kl\u00e6deskabet bringer rene linjer og rolig selvsikkerhed til dit sovev\u00e6relse, fremstillet af FSC-certificeret eg i","og_url":"https:\/\/hubsch-interior.com\/da\/vare\/kura-klaedeskab-large-natur\/","og_site_name":"H\u00fcbsch","article_modified_time":"2026-04-05T03:01:18+00:00","og_image":[{"width":1200,"height":1200,"url":"https:\/\/hubsch-interior.com\/wp-content\/uploads\/2026\/01\/kura-wardrobe-large-natural-da81f454b8b96fd8aafdea6b733dc813.jpg","type":"image\/jpeg"}],"twitter_card":"summary_large_image","twitter_misc":{"Estimeret l\u00e6setid":"1 minut"},"schema":{"@context":"https:\/\/schema.org","@graph":[{"@type":"WebPage","@id":"https:\/\/hubsch-interior.com\/da\/vare\/kura-klaedeskab-large-natur\/","url":"https:\/\/hubsch-interior.com\/da\/vare\/kura-klaedeskab-large-natur\/","name":"Kura Kl\u00e6deskab Large Natur - H\u00fcbsch","isPartOf":{"@id":"https:\/\/hubsch-interior.com\/da\/#website"},"primaryImageOfPage":{"@id":"https:\/\/hubsch-interior.com\/da\/vare\/kura-klaedeskab-large-natur\/#primaryimage"},"image":{"@id":"https:\/\/hubsch-interior.com\/da\/vare\/kura-klaedeskab-large-natur\/#primaryimage"},"thumbnailUrl":"https:\/\/hubsch-interior.com\/wp-content\/uploads\/2026\/02\/kura-wardrobe-large-natural-ca4f9d5cc77b4c982f9508ba41c8b161.jpg","datePublished":"2026-01-31T03:39:26+00:00","dateModified":"2026-04-05T03:01:18+00:00","description":"Hvor form f\u00f8lger funktion \u2014 smukt. Kura Kl\u00e6deskabet bringer rene linjer og rolig selvsikkerhed til dit sovev\u00e6relse, fremstillet af FSC-certificeret eg i","breadcrumb":{"@id":"https:\/\/hubsch-interior.com\/da\/vare\/kura-klaedeskab-large-natur\/#breadcrumb"},"inLanguage":"da-DK","potentialAction":[{"@type":"ReadAction","target":["https:\/\/hubsch-interior.com\/da\/vare\/kura-klaedeskab-large-natur\/"]}]},{"@type":"ImageObject","inLanguage":"da-DK","@id":"https:\/\/hubsch-interior.com\/da\/vare\/kura-klaedeskab-large-natur\/#primaryimage","url":"https:\/\/hubsch-interior.com\/wp-content\/uploads\/2026\/02\/kura-wardrobe-large-natural-ca4f9d5cc77b4c982f9508ba41c8b161.jpg","contentUrl":"https:\/\/hubsch-interior.com\/wp-content\/uploads\/2026\/02\/kura-wardrobe-large-natural-ca4f9d5cc77b4c982f9508ba41c8b161.jpg","width":1024,"height":1024},{"@type":"BreadcrumbList","@id":"https:\/\/hubsch-interior.com\/da\/vare\/kura-klaedeskab-large-natur\/#breadcrumb","itemListElement":[{"@type":"ListItem","position":1,"name":"Forside","item":"https:\/\/hubsch-interior.com\/da\/"},{"@type":"ListItem","position":2,"name":"Produkter","item":"https:\/\/hubsch-interior.com\/da\/produkter\/"},{"@type":"ListItem","position":3,"name":"Kura Kl\u00e6deskab Large Natur"}]},{"@type":"WebSite","@id":"https:\/\/hubsch-interior.com\/da\/#website","url":"https:\/\/hubsch-interior.com\/da\/","name":"H\u00fcbsch","description":"Danish Home Interior and Design","publisher":{"@id":"https:\/\/hubsch-interior.com\/da\/#organization"},"potentialAction":[{"@type":"SearchAction","target":{"@type":"EntryPoint","urlTemplate":"https:\/\/hubsch-interior.com\/da\/?s={search_term_string}"},"query-input":{"@type":"PropertyValueSpecification","valueRequired":true,"valueName":"search_term_string"}}],"inLanguage":"da-DK"},{"@type":"Organization","@id":"https:\/\/hubsch-interior.com\/da\/#organization","name":"H\u00fcbsch","url":"https:\/\/hubsch-interior.com\/da\/","logo":{"@type":"ImageObject","inLanguage":"da-DK","@id":"https:\/\/hubsch-interior.com\/da\/#\/schema\/logo\/image\/","url":"https:\/\/hubsch-interior.com\/wp-content\/uploads\/2022\/12\/Hubsch_logo_black_one_line.svg","contentUrl":"https:\/\/hubsch-interior.com\/wp-content\/uploads\/2022\/12\/Hubsch_logo_black_one_line.svg","caption":"H\u00fcbsch"},"image":{"@id":"https:\/\/hubsch-interior.com\/da\/#\/schema\/logo\/image\/"}}]}},"_links":{"self":[{"href":"https:\/\/hubsch-interior.com\/da\/wp-json\/wp\/v2\/product\/1088207","targetHints":{"allow":["GET"]}}],"collection":[{"href":"https:\/\/hubsch-interior.com\/da\/wp-json\/wp\/v2\/product"}],"about":[{"href":"https:\/\/hubsch-interior.com\/da\/wp-json\/wp\/v2\/types\/product"}],"wp:featuredmedia":[{"embeddable":true,"href":"https:\/\/hubsch-interior.com\/da\/wp-json\/wp\/v2\/media\/1105411"}],"wp:attachment":[{"href":"https:\/\/hubsch-interior.com\/da\/wp-json\/wp\/v2\/media?parent=1088207"}],"wp:term":[{"taxonomy":"product_brand","embeddable":true,"href":"https:\/\/hubsch-interior.com\/da\/wp-json\/wp\/v2\/product_brand?post=1088207"},{"taxonomy":"product_cat","embeddable":true,"href":"https:\/\/hubsch-interior.com\/da\/wp-json\/wp\/v2\/product_cat?post=1088207"},{"taxonomy":"product_tag","embeddable":true,"href":"https:\/\/hubsch-interior.com\/da\/wp-json\/wp\/v2\/product_tag?post=1088207"}],"curies":[{"name":"wp","href":"https:\/\/api.w.org\/{rel}","templated":true}]}}