{"id":1088235,"date":"2026-01-31T04:39:39","date_gmt":"2026-01-31T03:39:39","guid":{"rendered":"https:\/\/hubsch-interior.com\/product\/product\/"},"modified":"2026-04-05T05:01:23","modified_gmt":"2026-04-05T03:01:23","slug":"alcove-baenk-natur","status":"publish","type":"product","link":"https:\/\/hubsch-interior.com\/da\/vare\/alcove-baenk-natur\/","title":{"rendered":"Alcove B\u00e6nk Natur"},"content":{"rendered":"<p>En bl\u00f8d landing med en hemmelighed indeni. Alcove B\u00e6nken kombinerer h\u00e5ndv\u00e6rk i naturlig eg med en polstret top, hvilket skaber et hyggeligt pusterum til travle morgener eller rolige eftermiddage. L\u00f8ft s\u00e6det for at afsl\u00f8re skjult opbevaring \u2014 perfekt til sko, tasker eller alt det, du hellere vil have gemt v\u00e6k. Fremstillet af FSC-certificeret tr\u00e6, forener den komfort og bevidsthed i \u00e9t indbydende m\u00f8bel. Til k\u00f8kkener, entr\u00e9er og alle de \u00f8jeblikke indimellem, der f\u00e5r et hus til at f\u00f8les som et hjem.<\/p>\n","protected":false},"excerpt":{"rendered":"<p>En bl\u00f8d landing med en hemmelighed indeni. Alcove B\u00e6nken kombinerer h\u00e5ndv\u00e6rk i naturlig eg med en polstret top, hvilket skaber et hyggeligt pusterum til travle morgener eller rolige eftermiddage. L\u00f8ft s\u00e6det for at afsl\u00f8re skjult opbevaring \u2014 perfekt til sko, tasker eller alt det, du hellere vil have gemt v\u00e6k. Fremstillet af FSC-certificeret tr\u00e6, forener [&hellip;]<\/p>\n","protected":false},"featured_media":1105435,"template":"","meta":{"_acf_changed":false,"inline_featured_image":false},"product_brand":[],"product_cat":[7153,6321,2841,2876,5045],"product_tag":[],"class_list":{"0":"post-1088235","1":"product","2":"type-product","3":"status-publish","4":"has-post-thumbnail","6":"product_cat-dweller-da","7":"product_cat-fsc-da","8":"product_cat-siddemoebler-da","9":"product_cat-baenke-da","10":"product_cat-nyheder-da","11":"product_shipping_class-p05","13":"pa_color-natur-2","14":"pa_material-acrylic-5-da","15":"pa_material-mdf-da","16":"pa_material-polyester-95-da","17":"pa_material-egetr","18":"pa_material-egetrsfiner","20":"first","21":"instock","22":"taxable","23":"shipping-taxable","24":"purchasable","25":"product-type-simple"},"exclude_global_add_ons":[],"addons":[],"acf":[],"yoast_head":"<!-- This site is optimized with the Yoast SEO plugin v26.4 - https:\/\/yoast.com\/wordpress\/plugins\/seo\/ -->\n<title>Alcove B\u00e6nk Natur - H\u00fcbsch<\/title>\n<meta name=\"description\" content=\"En bl\u00f8d landing med en hemmelighed indeni. Alcove B\u00e6nken kombinerer h\u00e5ndv\u00e6rk i naturlig eg med en polstret top, hvilket skaber et hyggeligt pusterum til\" \/>\n<meta name=\"robots\" content=\"index, follow, max-snippet:-1, max-image-preview:large, max-video-preview:-1\" \/>\n<link rel=\"canonical\" href=\"https:\/\/hubsch-interior.com\/da\/wp-json\/wp\/v2\/product\/1088235\" \/>\n<meta property=\"og:locale\" content=\"da_DK\" \/>\n<meta property=\"og:type\" content=\"article\" \/>\n<meta property=\"og:title\" content=\"Alcove B\u00e6nk Natur - H\u00fcbsch\" \/>\n<meta property=\"og:description\" content=\"En bl\u00f8d landing med en hemmelighed indeni. Alcove B\u00e6nken kombinerer h\u00e5ndv\u00e6rk i naturlig eg med en polstret top, hvilket skaber et hyggeligt pusterum til\" \/>\n<meta property=\"og:url\" content=\"https:\/\/hubsch-interior.com\/da\/vare\/alcove-baenk-natur\/\" \/>\n<meta property=\"og:site_name\" content=\"H\u00fcbsch\" \/>\n<meta property=\"article:modified_time\" content=\"2026-04-05T03:01:23+00:00\" \/>\n<meta property=\"og:image\" content=\"https:\/\/hubsch-interior.com\/wp-content\/uploads\/2026\/02\/alcove-bench-natural-0e94ee16b153e5859b0f2aea9f0ea92e.jpg\" \/>\n\t<meta property=\"og:image:width\" content=\"1024\" \/>\n\t<meta property=\"og:image:height\" content=\"1024\" \/>\n\t<meta property=\"og:image:type\" content=\"image\/jpeg\" \/>\n<meta name=\"twitter:card\" content=\"summary_large_image\" \/>\n<script type=\"application\/ld+json\" class=\"yoast-schema-graph\">{\"@context\":\"https:\/\/schema.org\",\"@graph\":[{\"@type\":\"WebPage\",\"@id\":\"https:\/\/hubsch-interior.com\/da\/vare\/alcove-baenk-natur\/\",\"url\":\"https:\/\/hubsch-interior.com\/da\/vare\/alcove-baenk-natur\/\",\"name\":\"Alcove B\u00e6nk Natur - H\u00fcbsch\",\"isPartOf\":{\"@id\":\"https:\/\/hubsch-interior.com\/da\/#website\"},\"primaryImageOfPage\":{\"@id\":\"https:\/\/hubsch-interior.com\/da\/vare\/alcove-baenk-natur\/#primaryimage\"},\"image\":{\"@id\":\"https:\/\/hubsch-interior.com\/da\/vare\/alcove-baenk-natur\/#primaryimage\"},\"thumbnailUrl\":\"https:\/\/hubsch-interior.com\/wp-content\/uploads\/2026\/02\/alcove-bench-natural-0e94ee16b153e5859b0f2aea9f0ea92e.jpg\",\"datePublished\":\"2026-01-31T03:39:39+00:00\",\"dateModified\":\"2026-04-05T03:01:23+00:00\",\"description\":\"En bl\u00f8d landing med en hemmelighed indeni. Alcove B\u00e6nken kombinerer h\u00e5ndv\u00e6rk i naturlig eg med en polstret top, hvilket skaber et hyggeligt pusterum til\",\"breadcrumb\":{\"@id\":\"https:\/\/hubsch-interior.com\/da\/vare\/alcove-baenk-natur\/#breadcrumb\"},\"inLanguage\":\"da-DK\",\"potentialAction\":[{\"@type\":\"ReadAction\",\"target\":[\"https:\/\/hubsch-interior.com\/da\/vare\/alcove-baenk-natur\/\"]}]},{\"@type\":\"ImageObject\",\"inLanguage\":\"da-DK\",\"@id\":\"https:\/\/hubsch-interior.com\/da\/vare\/alcove-baenk-natur\/#primaryimage\",\"url\":\"https:\/\/hubsch-interior.com\/wp-content\/uploads\/2026\/02\/alcove-bench-natural-0e94ee16b153e5859b0f2aea9f0ea92e.jpg\",\"contentUrl\":\"https:\/\/hubsch-interior.com\/wp-content\/uploads\/2026\/02\/alcove-bench-natural-0e94ee16b153e5859b0f2aea9f0ea92e.jpg\",\"width\":1024,\"height\":1024},{\"@type\":\"BreadcrumbList\",\"@id\":\"https:\/\/hubsch-interior.com\/da\/vare\/alcove-baenk-natur\/#breadcrumb\",\"itemListElement\":[{\"@type\":\"ListItem\",\"position\":1,\"name\":\"Forside\",\"item\":\"https:\/\/hubsch-interior.com\/da\/\"},{\"@type\":\"ListItem\",\"position\":2,\"name\":\"Produkter\",\"item\":\"https:\/\/hubsch-interior.com\/da\/produkter\/\"},{\"@type\":\"ListItem\",\"position\":3,\"name\":\"M\u00f8bler\",\"item\":\"https:\/\/hubsch-interior.com\/da\/vare-kategori\/mobler\/\"},{\"@type\":\"ListItem\",\"position\":4,\"name\":\"Siddem&oslash;bler\",\"item\":\"https:\/\/hubsch-interior.com\/da\/vare-kategori\/mobler\/siddemoebler-da\/\"},{\"@type\":\"ListItem\",\"position\":5,\"name\":\"B&aelig;nke\",\"item\":\"https:\/\/hubsch-interior.com\/da\/vare-kategori\/mobler\/siddemoebler-da\/baenke-da\/\"},{\"@type\":\"ListItem\",\"position\":6,\"name\":\"Alcove B\u00e6nk Natur\"}]},{\"@type\":\"WebSite\",\"@id\":\"https:\/\/hubsch-interior.com\/da\/#website\",\"url\":\"https:\/\/hubsch-interior.com\/da\/\",\"name\":\"H\u00fcbsch\",\"description\":\"Danish Home Interior and Design\",\"publisher\":{\"@id\":\"https:\/\/hubsch-interior.com\/da\/#organization\"},\"potentialAction\":[{\"@type\":\"SearchAction\",\"target\":{\"@type\":\"EntryPoint\",\"urlTemplate\":\"https:\/\/hubsch-interior.com\/da\/?s={search_term_string}\"},\"query-input\":{\"@type\":\"PropertyValueSpecification\",\"valueRequired\":true,\"valueName\":\"search_term_string\"}}],\"inLanguage\":\"da-DK\"},{\"@type\":\"Organization\",\"@id\":\"https:\/\/hubsch-interior.com\/da\/#organization\",\"name\":\"H\u00fcbsch\",\"url\":\"https:\/\/hubsch-interior.com\/da\/\",\"logo\":{\"@type\":\"ImageObject\",\"inLanguage\":\"da-DK\",\"@id\":\"https:\/\/hubsch-interior.com\/da\/#\/schema\/logo\/image\/\",\"url\":\"https:\/\/hubsch-interior.com\/wp-content\/uploads\/2022\/12\/Hubsch_logo_black_one_line.svg\",\"contentUrl\":\"https:\/\/hubsch-interior.com\/wp-content\/uploads\/2022\/12\/Hubsch_logo_black_one_line.svg\",\"caption\":\"H\u00fcbsch\"},\"image\":{\"@id\":\"https:\/\/hubsch-interior.com\/da\/#\/schema\/logo\/image\/\"}}]}<\/script>\n<!-- \/ Yoast SEO plugin. -->","yoast_head_json":{"title":"Alcove B\u00e6nk Natur - H\u00fcbsch","description":"En bl\u00f8d landing med en hemmelighed indeni. Alcove B\u00e6nken kombinerer h\u00e5ndv\u00e6rk i naturlig eg med en polstret top, hvilket skaber et hyggeligt pusterum til","robots":{"index":"index","follow":"follow","max-snippet":"max-snippet:-1","max-image-preview":"max-image-preview:large","max-video-preview":"max-video-preview:-1"},"canonical":"https:\/\/hubsch-interior.com\/da\/wp-json\/wp\/v2\/product\/1088235","og_locale":"da_DK","og_type":"article","og_title":"Alcove B\u00e6nk Natur - H\u00fcbsch","og_description":"En bl\u00f8d landing med en hemmelighed indeni. Alcove B\u00e6nken kombinerer h\u00e5ndv\u00e6rk i naturlig eg med en polstret top, hvilket skaber et hyggeligt pusterum til","og_url":"https:\/\/hubsch-interior.com\/da\/vare\/alcove-baenk-natur\/","og_site_name":"H\u00fcbsch","article_modified_time":"2026-04-05T03:01:23+00:00","og_image":[{"width":1024,"height":1024,"url":"https:\/\/hubsch-interior.com\/wp-content\/uploads\/2026\/02\/alcove-bench-natural-0e94ee16b153e5859b0f2aea9f0ea92e.jpg","type":"image\/jpeg"}],"twitter_card":"summary_large_image","schema":{"@context":"https:\/\/schema.org","@graph":[{"@type":"WebPage","@id":"https:\/\/hubsch-interior.com\/da\/vare\/alcove-baenk-natur\/","url":"https:\/\/hubsch-interior.com\/da\/vare\/alcove-baenk-natur\/","name":"Alcove B\u00e6nk Natur - H\u00fcbsch","isPartOf":{"@id":"https:\/\/hubsch-interior.com\/da\/#website"},"primaryImageOfPage":{"@id":"https:\/\/hubsch-interior.com\/da\/vare\/alcove-baenk-natur\/#primaryimage"},"image":{"@id":"https:\/\/hubsch-interior.com\/da\/vare\/alcove-baenk-natur\/#primaryimage"},"thumbnailUrl":"https:\/\/hubsch-interior.com\/wp-content\/uploads\/2026\/02\/alcove-bench-natural-0e94ee16b153e5859b0f2aea9f0ea92e.jpg","datePublished":"2026-01-31T03:39:39+00:00","dateModified":"2026-04-05T03:01:23+00:00","description":"En bl\u00f8d landing med en hemmelighed indeni. Alcove B\u00e6nken kombinerer h\u00e5ndv\u00e6rk i naturlig eg med en polstret top, hvilket skaber et hyggeligt pusterum til","breadcrumb":{"@id":"https:\/\/hubsch-interior.com\/da\/vare\/alcove-baenk-natur\/#breadcrumb"},"inLanguage":"da-DK","potentialAction":[{"@type":"ReadAction","target":["https:\/\/hubsch-interior.com\/da\/vare\/alcove-baenk-natur\/"]}]},{"@type":"ImageObject","inLanguage":"da-DK","@id":"https:\/\/hubsch-interior.com\/da\/vare\/alcove-baenk-natur\/#primaryimage","url":"https:\/\/hubsch-interior.com\/wp-content\/uploads\/2026\/02\/alcove-bench-natural-0e94ee16b153e5859b0f2aea9f0ea92e.jpg","contentUrl":"https:\/\/hubsch-interior.com\/wp-content\/uploads\/2026\/02\/alcove-bench-natural-0e94ee16b153e5859b0f2aea9f0ea92e.jpg","width":1024,"height":1024},{"@type":"BreadcrumbList","@id":"https:\/\/hubsch-interior.com\/da\/vare\/alcove-baenk-natur\/#breadcrumb","itemListElement":[{"@type":"ListItem","position":1,"name":"Forside","item":"https:\/\/hubsch-interior.com\/da\/"},{"@type":"ListItem","position":2,"name":"Produkter","item":"https:\/\/hubsch-interior.com\/da\/produkter\/"},{"@type":"ListItem","position":3,"name":"M\u00f8bler","item":"https:\/\/hubsch-interior.com\/da\/vare-kategori\/mobler\/"},{"@type":"ListItem","position":4,"name":"Siddem&oslash;bler","item":"https:\/\/hubsch-interior.com\/da\/vare-kategori\/mobler\/siddemoebler-da\/"},{"@type":"ListItem","position":5,"name":"B&aelig;nke","item":"https:\/\/hubsch-interior.com\/da\/vare-kategori\/mobler\/siddemoebler-da\/baenke-da\/"},{"@type":"ListItem","position":6,"name":"Alcove B\u00e6nk Natur"}]},{"@type":"WebSite","@id":"https:\/\/hubsch-interior.com\/da\/#website","url":"https:\/\/hubsch-interior.com\/da\/","name":"H\u00fcbsch","description":"Danish Home Interior and Design","publisher":{"@id":"https:\/\/hubsch-interior.com\/da\/#organization"},"potentialAction":[{"@type":"SearchAction","target":{"@type":"EntryPoint","urlTemplate":"https:\/\/hubsch-interior.com\/da\/?s={search_term_string}"},"query-input":{"@type":"PropertyValueSpecification","valueRequired":true,"valueName":"search_term_string"}}],"inLanguage":"da-DK"},{"@type":"Organization","@id":"https:\/\/hubsch-interior.com\/da\/#organization","name":"H\u00fcbsch","url":"https:\/\/hubsch-interior.com\/da\/","logo":{"@type":"ImageObject","inLanguage":"da-DK","@id":"https:\/\/hubsch-interior.com\/da\/#\/schema\/logo\/image\/","url":"https:\/\/hubsch-interior.com\/wp-content\/uploads\/2022\/12\/Hubsch_logo_black_one_line.svg","contentUrl":"https:\/\/hubsch-interior.com\/wp-content\/uploads\/2022\/12\/Hubsch_logo_black_one_line.svg","caption":"H\u00fcbsch"},"image":{"@id":"https:\/\/hubsch-interior.com\/da\/#\/schema\/logo\/image\/"}}]}},"_links":{"self":[{"href":"https:\/\/hubsch-interior.com\/da\/wp-json\/wp\/v2\/product\/1088235","targetHints":{"allow":["GET"]}}],"collection":[{"href":"https:\/\/hubsch-interior.com\/da\/wp-json\/wp\/v2\/product"}],"about":[{"href":"https:\/\/hubsch-interior.com\/da\/wp-json\/wp\/v2\/types\/product"}],"wp:featuredmedia":[{"embeddable":true,"href":"https:\/\/hubsch-interior.com\/da\/wp-json\/wp\/v2\/media\/1105435"}],"wp:attachment":[{"href":"https:\/\/hubsch-interior.com\/da\/wp-json\/wp\/v2\/media?parent=1088235"}],"wp:term":[{"taxonomy":"product_brand","embeddable":true,"href":"https:\/\/hubsch-interior.com\/da\/wp-json\/wp\/v2\/product_brand?post=1088235"},{"taxonomy":"product_cat","embeddable":true,"href":"https:\/\/hubsch-interior.com\/da\/wp-json\/wp\/v2\/product_cat?post=1088235"},{"taxonomy":"product_tag","embeddable":true,"href":"https:\/\/hubsch-interior.com\/da\/wp-json\/wp\/v2\/product_tag?post=1088235"}],"curies":[{"name":"wp","href":"https:\/\/api.w.org\/{rel}","templated":true}]}}