{"id":1088287,"date":"2026-01-31T04:40:00","date_gmt":"2026-01-31T03:40:00","guid":{"rendered":"https:\/\/hubsch-interior.com\/product\/product\/"},"modified":"2026-04-14T04:59:12","modified_gmt":"2026-04-14T02:59:12","slug":"crayon-rullebord-flerfarvet","status":"publish","type":"product","link":"https:\/\/hubsch-interior.com\/da\/vare\/crayon-rullebord-flerfarvet\/","title":{"rendered":"Crayon Rullebord \u00a0Flerfarvet"},"content":{"rendered":"<p>Et farvespr\u00f8jt p\u00e5 hjul. Crayon Rullebordet bringer legende energi til dit rum med sin livlige blanding af nuancer og glatte, lette bev\u00e6gelser. Fremstillet af FSC-certificeret tr\u00e6 kombinerer det solid funktionalitet med en glad \u00e5nd \u2014 perfekt til at organisere kunstmaterialer, yndlingsleget\u00f8j, eller blot til at lyse et stille hj\u00f8rne op. Mere end blot opbevaring, det er en lille eksplosion af gl\u00e6de, du kan rulle fra rum til rum. Fordi farve har kraften til at bev\u00e6ge dig \u2014 bogstaveligt talt.<\/p>\n","protected":false},"excerpt":{"rendered":"<p>Et farvespr\u00f8jt p\u00e5 hjul. Crayon Rullebordet bringer legende energi til dit rum med sin livlige blanding af nuancer og glatte, lette bev\u00e6gelser. Fremstillet af FSC-certificeret tr\u00e6 kombinerer det solid funktionalitet med en glad \u00e5nd \u2014 perfekt til at organisere kunstmaterialer, yndlingsleget\u00f8j, eller blot til at lyse et stille hj\u00f8rne op. Mere end blot opbevaring, det [&hellip;]<\/p>\n","protected":false},"featured_media":1105483,"template":"","meta":{"_acf_changed":false,"inline_featured_image":false},"product_brand":[],"product_cat":[7153,6321,2857,6358,5045],"product_tag":[],"class_list":{"0":"post-1088287","1":"product","2":"type-product","3":"status-publish","4":"has-post-thumbnail","6":"product_cat-dweller-da","7":"product_cat-fsc-da","8":"product_cat-borde-da","9":"product_cat-rulleborde-da","10":"product_cat-nyheder-da","11":"product_shipping_class-pk","13":"pa_color-flerfarvet-2","14":"pa_material-ask-da","15":"pa_material-askfiner","16":"pa_material-mdf-da","18":"first","19":"instock","20":"taxable","21":"shipping-taxable","22":"purchasable","23":"product-type-simple"},"exclude_global_add_ons":[],"addons":[],"acf":[],"yoast_head":"<!-- This site is optimized with the Yoast SEO plugin v26.4 - https:\/\/yoast.com\/wordpress\/plugins\/seo\/ -->\n<title>Crayon Rullebord \u00a0Flerfarvet - H\u00fcbsch<\/title>\n<meta name=\"description\" content=\"Et farvespr\u00f8jt p\u00e5 hjul. Crayon Rullebordet bringer legende energi til dit rum med sin livlige blanding af nuancer og glatte, lette bev\u00e6gelser. Fremstillet\" \/>\n<meta name=\"robots\" content=\"index, follow, max-snippet:-1, max-image-preview:large, max-video-preview:-1\" \/>\n<link rel=\"canonical\" href=\"https:\/\/hubsch-interior.com\/da\/wp-json\/wp\/v2\/product\/1088287\" \/>\n<meta property=\"og:locale\" content=\"da_DK\" \/>\n<meta property=\"og:type\" content=\"article\" \/>\n<meta property=\"og:title\" content=\"Crayon Rullebord \u00a0Flerfarvet - H\u00fcbsch\" \/>\n<meta property=\"og:description\" content=\"Et farvespr\u00f8jt p\u00e5 hjul. Crayon Rullebordet bringer legende energi til dit rum med sin livlige blanding af nuancer og glatte, lette bev\u00e6gelser. Fremstillet\" \/>\n<meta property=\"og:url\" content=\"https:\/\/hubsch-interior.com\/da\/vare\/crayon-rullebord-flerfarvet\/\" \/>\n<meta property=\"og:site_name\" content=\"H\u00fcbsch\" \/>\n<meta property=\"article:modified_time\" content=\"2026-04-14T02:59:12+00:00\" \/>\n<meta property=\"og:image\" content=\"https:\/\/hubsch-interior.com\/wp-content\/uploads\/2026\/01\/crayon-trolley-multicolour-031906a55b8604c95e85993413ba8f7d.jpg\" \/>\n\t<meta property=\"og:image:width\" content=\"1200\" \/>\n\t<meta property=\"og:image:height\" content=\"1200\" \/>\n\t<meta property=\"og:image:type\" content=\"image\/jpeg\" \/>\n<meta name=\"twitter:card\" content=\"summary_large_image\" \/>\n<script type=\"application\/ld+json\" class=\"yoast-schema-graph\">{\"@context\":\"https:\/\/schema.org\",\"@graph\":[{\"@type\":\"WebPage\",\"@id\":\"https:\/\/hubsch-interior.com\/da\/vare\/crayon-rullebord-flerfarvet\/\",\"url\":\"https:\/\/hubsch-interior.com\/da\/vare\/crayon-rullebord-flerfarvet\/\",\"name\":\"Crayon Rullebord \u00a0Flerfarvet - H\u00fcbsch\",\"isPartOf\":{\"@id\":\"https:\/\/hubsch-interior.com\/da\/#website\"},\"primaryImageOfPage\":{\"@id\":\"https:\/\/hubsch-interior.com\/da\/vare\/crayon-rullebord-flerfarvet\/#primaryimage\"},\"image\":{\"@id\":\"https:\/\/hubsch-interior.com\/da\/vare\/crayon-rullebord-flerfarvet\/#primaryimage\"},\"thumbnailUrl\":\"https:\/\/hubsch-interior.com\/wp-content\/uploads\/2026\/02\/crayon-trolley-multicolour-56551a1b4939449561e45216314bed60.jpg\",\"datePublished\":\"2026-01-31T03:40:00+00:00\",\"dateModified\":\"2026-04-14T02:59:12+00:00\",\"description\":\"Et farvespr\u00f8jt p\u00e5 hjul. Crayon Rullebordet bringer legende energi til dit rum med sin livlige blanding af nuancer og glatte, lette bev\u00e6gelser. Fremstillet\",\"breadcrumb\":{\"@id\":\"https:\/\/hubsch-interior.com\/da\/vare\/crayon-rullebord-flerfarvet\/#breadcrumb\"},\"inLanguage\":\"da-DK\",\"potentialAction\":[{\"@type\":\"ReadAction\",\"target\":[\"https:\/\/hubsch-interior.com\/da\/vare\/crayon-rullebord-flerfarvet\/\"]}]},{\"@type\":\"ImageObject\",\"inLanguage\":\"da-DK\",\"@id\":\"https:\/\/hubsch-interior.com\/da\/vare\/crayon-rullebord-flerfarvet\/#primaryimage\",\"url\":\"https:\/\/hubsch-interior.com\/wp-content\/uploads\/2026\/02\/crayon-trolley-multicolour-56551a1b4939449561e45216314bed60.jpg\",\"contentUrl\":\"https:\/\/hubsch-interior.com\/wp-content\/uploads\/2026\/02\/crayon-trolley-multicolour-56551a1b4939449561e45216314bed60.jpg\",\"width\":1024,\"height\":1024},{\"@type\":\"BreadcrumbList\",\"@id\":\"https:\/\/hubsch-interior.com\/da\/vare\/crayon-rullebord-flerfarvet\/#breadcrumb\",\"itemListElement\":[{\"@type\":\"ListItem\",\"position\":1,\"name\":\"Forside\",\"item\":\"https:\/\/hubsch-interior.com\/da\/\"},{\"@type\":\"ListItem\",\"position\":2,\"name\":\"Produkter\",\"item\":\"https:\/\/hubsch-interior.com\/da\/produkter\/\"},{\"@type\":\"ListItem\",\"position\":3,\"name\":\"Crayon Rullebord \u00a0Flerfarvet\"}]},{\"@type\":\"WebSite\",\"@id\":\"https:\/\/hubsch-interior.com\/da\/#website\",\"url\":\"https:\/\/hubsch-interior.com\/da\/\",\"name\":\"H\u00fcbsch\",\"description\":\"Danish Home Interior and Design\",\"publisher\":{\"@id\":\"https:\/\/hubsch-interior.com\/da\/#organization\"},\"potentialAction\":[{\"@type\":\"SearchAction\",\"target\":{\"@type\":\"EntryPoint\",\"urlTemplate\":\"https:\/\/hubsch-interior.com\/da\/?s={search_term_string}\"},\"query-input\":{\"@type\":\"PropertyValueSpecification\",\"valueRequired\":true,\"valueName\":\"search_term_string\"}}],\"inLanguage\":\"da-DK\"},{\"@type\":\"Organization\",\"@id\":\"https:\/\/hubsch-interior.com\/da\/#organization\",\"name\":\"H\u00fcbsch\",\"url\":\"https:\/\/hubsch-interior.com\/da\/\",\"logo\":{\"@type\":\"ImageObject\",\"inLanguage\":\"da-DK\",\"@id\":\"https:\/\/hubsch-interior.com\/da\/#\/schema\/logo\/image\/\",\"url\":\"https:\/\/hubsch-interior.com\/wp-content\/uploads\/2022\/12\/Hubsch_logo_black_one_line.svg\",\"contentUrl\":\"https:\/\/hubsch-interior.com\/wp-content\/uploads\/2022\/12\/Hubsch_logo_black_one_line.svg\",\"caption\":\"H\u00fcbsch\"},\"image\":{\"@id\":\"https:\/\/hubsch-interior.com\/da\/#\/schema\/logo\/image\/\"}}]}<\/script>\n<!-- \/ Yoast SEO plugin. -->","yoast_head_json":{"title":"Crayon Rullebord \u00a0Flerfarvet - H\u00fcbsch","description":"Et farvespr\u00f8jt p\u00e5 hjul. Crayon Rullebordet bringer legende energi til dit rum med sin livlige blanding af nuancer og glatte, lette bev\u00e6gelser. Fremstillet","robots":{"index":"index","follow":"follow","max-snippet":"max-snippet:-1","max-image-preview":"max-image-preview:large","max-video-preview":"max-video-preview:-1"},"canonical":"https:\/\/hubsch-interior.com\/da\/wp-json\/wp\/v2\/product\/1088287","og_locale":"da_DK","og_type":"article","og_title":"Crayon Rullebord \u00a0Flerfarvet - H\u00fcbsch","og_description":"Et farvespr\u00f8jt p\u00e5 hjul. Crayon Rullebordet bringer legende energi til dit rum med sin livlige blanding af nuancer og glatte, lette bev\u00e6gelser. Fremstillet","og_url":"https:\/\/hubsch-interior.com\/da\/vare\/crayon-rullebord-flerfarvet\/","og_site_name":"H\u00fcbsch","article_modified_time":"2026-04-14T02:59:12+00:00","og_image":[{"width":1200,"height":1200,"url":"https:\/\/hubsch-interior.com\/wp-content\/uploads\/2026\/01\/crayon-trolley-multicolour-031906a55b8604c95e85993413ba8f7d.jpg","type":"image\/jpeg"}],"twitter_card":"summary_large_image","schema":{"@context":"https:\/\/schema.org","@graph":[{"@type":"WebPage","@id":"https:\/\/hubsch-interior.com\/da\/vare\/crayon-rullebord-flerfarvet\/","url":"https:\/\/hubsch-interior.com\/da\/vare\/crayon-rullebord-flerfarvet\/","name":"Crayon Rullebord \u00a0Flerfarvet - H\u00fcbsch","isPartOf":{"@id":"https:\/\/hubsch-interior.com\/da\/#website"},"primaryImageOfPage":{"@id":"https:\/\/hubsch-interior.com\/da\/vare\/crayon-rullebord-flerfarvet\/#primaryimage"},"image":{"@id":"https:\/\/hubsch-interior.com\/da\/vare\/crayon-rullebord-flerfarvet\/#primaryimage"},"thumbnailUrl":"https:\/\/hubsch-interior.com\/wp-content\/uploads\/2026\/02\/crayon-trolley-multicolour-56551a1b4939449561e45216314bed60.jpg","datePublished":"2026-01-31T03:40:00+00:00","dateModified":"2026-04-14T02:59:12+00:00","description":"Et farvespr\u00f8jt p\u00e5 hjul. Crayon Rullebordet bringer legende energi til dit rum med sin livlige blanding af nuancer og glatte, lette bev\u00e6gelser. Fremstillet","breadcrumb":{"@id":"https:\/\/hubsch-interior.com\/da\/vare\/crayon-rullebord-flerfarvet\/#breadcrumb"},"inLanguage":"da-DK","potentialAction":[{"@type":"ReadAction","target":["https:\/\/hubsch-interior.com\/da\/vare\/crayon-rullebord-flerfarvet\/"]}]},{"@type":"ImageObject","inLanguage":"da-DK","@id":"https:\/\/hubsch-interior.com\/da\/vare\/crayon-rullebord-flerfarvet\/#primaryimage","url":"https:\/\/hubsch-interior.com\/wp-content\/uploads\/2026\/02\/crayon-trolley-multicolour-56551a1b4939449561e45216314bed60.jpg","contentUrl":"https:\/\/hubsch-interior.com\/wp-content\/uploads\/2026\/02\/crayon-trolley-multicolour-56551a1b4939449561e45216314bed60.jpg","width":1024,"height":1024},{"@type":"BreadcrumbList","@id":"https:\/\/hubsch-interior.com\/da\/vare\/crayon-rullebord-flerfarvet\/#breadcrumb","itemListElement":[{"@type":"ListItem","position":1,"name":"Forside","item":"https:\/\/hubsch-interior.com\/da\/"},{"@type":"ListItem","position":2,"name":"Produkter","item":"https:\/\/hubsch-interior.com\/da\/produkter\/"},{"@type":"ListItem","position":3,"name":"Crayon Rullebord \u00a0Flerfarvet"}]},{"@type":"WebSite","@id":"https:\/\/hubsch-interior.com\/da\/#website","url":"https:\/\/hubsch-interior.com\/da\/","name":"H\u00fcbsch","description":"Danish Home Interior and Design","publisher":{"@id":"https:\/\/hubsch-interior.com\/da\/#organization"},"potentialAction":[{"@type":"SearchAction","target":{"@type":"EntryPoint","urlTemplate":"https:\/\/hubsch-interior.com\/da\/?s={search_term_string}"},"query-input":{"@type":"PropertyValueSpecification","valueRequired":true,"valueName":"search_term_string"}}],"inLanguage":"da-DK"},{"@type":"Organization","@id":"https:\/\/hubsch-interior.com\/da\/#organization","name":"H\u00fcbsch","url":"https:\/\/hubsch-interior.com\/da\/","logo":{"@type":"ImageObject","inLanguage":"da-DK","@id":"https:\/\/hubsch-interior.com\/da\/#\/schema\/logo\/image\/","url":"https:\/\/hubsch-interior.com\/wp-content\/uploads\/2022\/12\/Hubsch_logo_black_one_line.svg","contentUrl":"https:\/\/hubsch-interior.com\/wp-content\/uploads\/2022\/12\/Hubsch_logo_black_one_line.svg","caption":"H\u00fcbsch"},"image":{"@id":"https:\/\/hubsch-interior.com\/da\/#\/schema\/logo\/image\/"}}]}},"_links":{"self":[{"href":"https:\/\/hubsch-interior.com\/da\/wp-json\/wp\/v2\/product\/1088287","targetHints":{"allow":["GET"]}}],"collection":[{"href":"https:\/\/hubsch-interior.com\/da\/wp-json\/wp\/v2\/product"}],"about":[{"href":"https:\/\/hubsch-interior.com\/da\/wp-json\/wp\/v2\/types\/product"}],"wp:featuredmedia":[{"embeddable":true,"href":"https:\/\/hubsch-interior.com\/da\/wp-json\/wp\/v2\/media\/1105483"}],"wp:attachment":[{"href":"https:\/\/hubsch-interior.com\/da\/wp-json\/wp\/v2\/media?parent=1088287"}],"wp:term":[{"taxonomy":"product_brand","embeddable":true,"href":"https:\/\/hubsch-interior.com\/da\/wp-json\/wp\/v2\/product_brand?post=1088287"},{"taxonomy":"product_cat","embeddable":true,"href":"https:\/\/hubsch-interior.com\/da\/wp-json\/wp\/v2\/product_cat?post=1088287"},{"taxonomy":"product_tag","embeddable":true,"href":"https:\/\/hubsch-interior.com\/da\/wp-json\/wp\/v2\/product_tag?post=1088287"}],"curies":[{"name":"wp","href":"https:\/\/api.w.org\/{rel}","templated":true}]}}