{"id":1088307,"date":"2026-01-31T04:40:17","date_gmt":"2026-01-31T03:40:17","guid":{"rendered":"https:\/\/hubsch-interior.com\/product\/product\/"},"modified":"2026-04-05T05:01:34","modified_gmt":"2026-04-05T03:01:34","slug":"motif-sofabord-flerfarvet","status":"publish","type":"product","link":"https:\/\/hubsch-interior.com\/da\/vare\/motif-sofabord-flerfarvet\/","title":{"rendered":"Motif Sofabord \u00a0Flerfarvet"},"content":{"rendered":"<p>Et bord, der s\u00e6tter tonen \u2014 og stemningen. Motif Sofabord kombinerer legende fliser med varmt, naturligt tr\u00e6 for at skabe en overflade, der f\u00f8les b\u00e5de levende og jordn\u00e6r. Fremstillet med omhu af FSC-certificerede materialer, er det lige s\u00e5 gennemt\u00e6nkt som det er i\u00f8jnefaldende \u2014 et centrum for kaffepauser, kreative samtaler og stille \u00f8jeblikke. En fejring af farve, h\u00e5ndv\u00e6rk og forbindelse \u2014 alt sammen i et glad design.<\/p>\n","protected":false},"excerpt":{"rendered":"<p>Et bord, der s\u00e6tter tonen \u2014 og stemningen. Motif Sofabord kombinerer legende fliser med varmt, naturligt tr\u00e6 for at skabe en overflade, der f\u00f8les b\u00e5de levende og jordn\u00e6r. Fremstillet med omhu af FSC-certificerede materialer, er det lige s\u00e5 gennemt\u00e6nkt som det er i\u00f8jnefaldende \u2014 et centrum for kaffepauser, kreative samtaler og stille \u00f8jeblikke. En fejring [&hellip;]<\/p>\n","protected":false},"featured_media":1105507,"template":"","meta":{"_acf_changed":false,"inline_featured_image":false},"product_brand":[],"product_cat":[7153,6321,2857,2872,5045],"product_tag":[],"class_list":{"0":"post-1088307","1":"product","2":"type-product","3":"status-publish","4":"has-post-thumbnail","6":"product_cat-dweller-da","7":"product_cat-fsc-da","8":"product_cat-borde-da","9":"product_cat-sofaborde-da","10":"product_cat-nyheder-da","11":"product_shipping_class-p10","13":"pa_color-flerfarvet-2","14":"pa_material-mdf-da","15":"pa_material-egetr","16":"pa_material-egetrsfiner","17":"pa_material-klinker","19":"first","20":"instock","21":"taxable","22":"shipping-taxable","23":"purchasable","24":"product-type-simple"},"exclude_global_add_ons":[],"addons":[],"acf":[],"yoast_head":"<!-- This site is optimized with the Yoast SEO plugin v26.4 - https:\/\/yoast.com\/wordpress\/plugins\/seo\/ -->\n<title>Motif Sofabord \u00a0Flerfarvet - H\u00fcbsch<\/title>\n<meta name=\"description\" content=\"Et bord, der s\u00e6tter tonen \u2014 og stemningen. Motif Sofabord kombinerer legende fliser med varmt, naturligt tr\u00e6 for at skabe en overflade, der f\u00f8les b\u00e5de\" \/>\n<meta name=\"robots\" content=\"index, follow, max-snippet:-1, max-image-preview:large, max-video-preview:-1\" \/>\n<link rel=\"canonical\" href=\"https:\/\/hubsch-interior.com\/da\/wp-json\/wp\/v2\/product\/1088307\" \/>\n<meta property=\"og:locale\" content=\"da_DK\" \/>\n<meta property=\"og:type\" content=\"article\" \/>\n<meta property=\"og:title\" content=\"Motif Sofabord \u00a0Flerfarvet - H\u00fcbsch\" \/>\n<meta property=\"og:description\" content=\"Et bord, der s\u00e6tter tonen \u2014 og stemningen. Motif Sofabord kombinerer legende fliser med varmt, naturligt tr\u00e6 for at skabe en overflade, der f\u00f8les b\u00e5de\" \/>\n<meta property=\"og:url\" content=\"https:\/\/hubsch-interior.com\/da\/vare\/motif-sofabord-flerfarvet\/\" \/>\n<meta property=\"og:site_name\" content=\"H\u00fcbsch\" \/>\n<meta property=\"article:modified_time\" content=\"2026-04-05T03:01:34+00:00\" \/>\n<meta property=\"og:image\" content=\"https:\/\/hubsch-interior.com\/wp-content\/uploads\/2026\/01\/motif-coffee-table-multicolour-78279d585e691004714fb8442412862f.jpg\" \/>\n\t<meta property=\"og:image:width\" content=\"1200\" \/>\n\t<meta property=\"og:image:height\" content=\"1200\" \/>\n\t<meta property=\"og:image:type\" content=\"image\/jpeg\" \/>\n<meta name=\"twitter:card\" content=\"summary_large_image\" \/>\n<script type=\"application\/ld+json\" class=\"yoast-schema-graph\">{\"@context\":\"https:\/\/schema.org\",\"@graph\":[{\"@type\":\"WebPage\",\"@id\":\"https:\/\/hubsch-interior.com\/da\/vare\/motif-sofabord-flerfarvet\/\",\"url\":\"https:\/\/hubsch-interior.com\/da\/vare\/motif-sofabord-flerfarvet\/\",\"name\":\"Motif Sofabord \u00a0Flerfarvet - H\u00fcbsch\",\"isPartOf\":{\"@id\":\"https:\/\/hubsch-interior.com\/da\/#website\"},\"primaryImageOfPage\":{\"@id\":\"https:\/\/hubsch-interior.com\/da\/vare\/motif-sofabord-flerfarvet\/#primaryimage\"},\"image\":{\"@id\":\"https:\/\/hubsch-interior.com\/da\/vare\/motif-sofabord-flerfarvet\/#primaryimage\"},\"thumbnailUrl\":\"https:\/\/hubsch-interior.com\/wp-content\/uploads\/2026\/02\/motif-coffee-table-multicolour-0b7eb48c5b375095a144e7c0f01a50f1.jpg\",\"datePublished\":\"2026-01-31T03:40:17+00:00\",\"dateModified\":\"2026-04-05T03:01:34+00:00\",\"description\":\"Et bord, der s\u00e6tter tonen \u2014 og stemningen. Motif Sofabord kombinerer legende fliser med varmt, naturligt tr\u00e6 for at skabe en overflade, der f\u00f8les b\u00e5de\",\"breadcrumb\":{\"@id\":\"https:\/\/hubsch-interior.com\/da\/vare\/motif-sofabord-flerfarvet\/#breadcrumb\"},\"inLanguage\":\"da-DK\",\"potentialAction\":[{\"@type\":\"ReadAction\",\"target\":[\"https:\/\/hubsch-interior.com\/da\/vare\/motif-sofabord-flerfarvet\/\"]}]},{\"@type\":\"ImageObject\",\"inLanguage\":\"da-DK\",\"@id\":\"https:\/\/hubsch-interior.com\/da\/vare\/motif-sofabord-flerfarvet\/#primaryimage\",\"url\":\"https:\/\/hubsch-interior.com\/wp-content\/uploads\/2026\/02\/motif-coffee-table-multicolour-0b7eb48c5b375095a144e7c0f01a50f1.jpg\",\"contentUrl\":\"https:\/\/hubsch-interior.com\/wp-content\/uploads\/2026\/02\/motif-coffee-table-multicolour-0b7eb48c5b375095a144e7c0f01a50f1.jpg\",\"width\":1024,\"height\":1024},{\"@type\":\"BreadcrumbList\",\"@id\":\"https:\/\/hubsch-interior.com\/da\/vare\/motif-sofabord-flerfarvet\/#breadcrumb\",\"itemListElement\":[{\"@type\":\"ListItem\",\"position\":1,\"name\":\"Forside\",\"item\":\"https:\/\/hubsch-interior.com\/da\/\"},{\"@type\":\"ListItem\",\"position\":2,\"name\":\"Produkter\",\"item\":\"https:\/\/hubsch-interior.com\/da\/produkter\/\"},{\"@type\":\"ListItem\",\"position\":3,\"name\":\"Motif Sofabord \u00a0Flerfarvet\"}]},{\"@type\":\"WebSite\",\"@id\":\"https:\/\/hubsch-interior.com\/da\/#website\",\"url\":\"https:\/\/hubsch-interior.com\/da\/\",\"name\":\"H\u00fcbsch\",\"description\":\"Danish Home Interior and Design\",\"publisher\":{\"@id\":\"https:\/\/hubsch-interior.com\/da\/#organization\"},\"potentialAction\":[{\"@type\":\"SearchAction\",\"target\":{\"@type\":\"EntryPoint\",\"urlTemplate\":\"https:\/\/hubsch-interior.com\/da\/?s={search_term_string}\"},\"query-input\":{\"@type\":\"PropertyValueSpecification\",\"valueRequired\":true,\"valueName\":\"search_term_string\"}}],\"inLanguage\":\"da-DK\"},{\"@type\":\"Organization\",\"@id\":\"https:\/\/hubsch-interior.com\/da\/#organization\",\"name\":\"H\u00fcbsch\",\"url\":\"https:\/\/hubsch-interior.com\/da\/\",\"logo\":{\"@type\":\"ImageObject\",\"inLanguage\":\"da-DK\",\"@id\":\"https:\/\/hubsch-interior.com\/da\/#\/schema\/logo\/image\/\",\"url\":\"https:\/\/hubsch-interior.com\/wp-content\/uploads\/2022\/12\/Hubsch_logo_black_one_line.svg\",\"contentUrl\":\"https:\/\/hubsch-interior.com\/wp-content\/uploads\/2022\/12\/Hubsch_logo_black_one_line.svg\",\"caption\":\"H\u00fcbsch\"},\"image\":{\"@id\":\"https:\/\/hubsch-interior.com\/da\/#\/schema\/logo\/image\/\"}}]}<\/script>\n<!-- \/ Yoast SEO plugin. -->","yoast_head_json":{"title":"Motif Sofabord \u00a0Flerfarvet - H\u00fcbsch","description":"Et bord, der s\u00e6tter tonen \u2014 og stemningen. Motif Sofabord kombinerer legende fliser med varmt, naturligt tr\u00e6 for at skabe en overflade, der f\u00f8les b\u00e5de","robots":{"index":"index","follow":"follow","max-snippet":"max-snippet:-1","max-image-preview":"max-image-preview:large","max-video-preview":"max-video-preview:-1"},"canonical":"https:\/\/hubsch-interior.com\/da\/wp-json\/wp\/v2\/product\/1088307","og_locale":"da_DK","og_type":"article","og_title":"Motif Sofabord \u00a0Flerfarvet - H\u00fcbsch","og_description":"Et bord, der s\u00e6tter tonen \u2014 og stemningen. Motif Sofabord kombinerer legende fliser med varmt, naturligt tr\u00e6 for at skabe en overflade, der f\u00f8les b\u00e5de","og_url":"https:\/\/hubsch-interior.com\/da\/vare\/motif-sofabord-flerfarvet\/","og_site_name":"H\u00fcbsch","article_modified_time":"2026-04-05T03:01:34+00:00","og_image":[{"width":1200,"height":1200,"url":"https:\/\/hubsch-interior.com\/wp-content\/uploads\/2026\/01\/motif-coffee-table-multicolour-78279d585e691004714fb8442412862f.jpg","type":"image\/jpeg"}],"twitter_card":"summary_large_image","schema":{"@context":"https:\/\/schema.org","@graph":[{"@type":"WebPage","@id":"https:\/\/hubsch-interior.com\/da\/vare\/motif-sofabord-flerfarvet\/","url":"https:\/\/hubsch-interior.com\/da\/vare\/motif-sofabord-flerfarvet\/","name":"Motif Sofabord \u00a0Flerfarvet - H\u00fcbsch","isPartOf":{"@id":"https:\/\/hubsch-interior.com\/da\/#website"},"primaryImageOfPage":{"@id":"https:\/\/hubsch-interior.com\/da\/vare\/motif-sofabord-flerfarvet\/#primaryimage"},"image":{"@id":"https:\/\/hubsch-interior.com\/da\/vare\/motif-sofabord-flerfarvet\/#primaryimage"},"thumbnailUrl":"https:\/\/hubsch-interior.com\/wp-content\/uploads\/2026\/02\/motif-coffee-table-multicolour-0b7eb48c5b375095a144e7c0f01a50f1.jpg","datePublished":"2026-01-31T03:40:17+00:00","dateModified":"2026-04-05T03:01:34+00:00","description":"Et bord, der s\u00e6tter tonen \u2014 og stemningen. Motif Sofabord kombinerer legende fliser med varmt, naturligt tr\u00e6 for at skabe en overflade, der f\u00f8les b\u00e5de","breadcrumb":{"@id":"https:\/\/hubsch-interior.com\/da\/vare\/motif-sofabord-flerfarvet\/#breadcrumb"},"inLanguage":"da-DK","potentialAction":[{"@type":"ReadAction","target":["https:\/\/hubsch-interior.com\/da\/vare\/motif-sofabord-flerfarvet\/"]}]},{"@type":"ImageObject","inLanguage":"da-DK","@id":"https:\/\/hubsch-interior.com\/da\/vare\/motif-sofabord-flerfarvet\/#primaryimage","url":"https:\/\/hubsch-interior.com\/wp-content\/uploads\/2026\/02\/motif-coffee-table-multicolour-0b7eb48c5b375095a144e7c0f01a50f1.jpg","contentUrl":"https:\/\/hubsch-interior.com\/wp-content\/uploads\/2026\/02\/motif-coffee-table-multicolour-0b7eb48c5b375095a144e7c0f01a50f1.jpg","width":1024,"height":1024},{"@type":"BreadcrumbList","@id":"https:\/\/hubsch-interior.com\/da\/vare\/motif-sofabord-flerfarvet\/#breadcrumb","itemListElement":[{"@type":"ListItem","position":1,"name":"Forside","item":"https:\/\/hubsch-interior.com\/da\/"},{"@type":"ListItem","position":2,"name":"Produkter","item":"https:\/\/hubsch-interior.com\/da\/produkter\/"},{"@type":"ListItem","position":3,"name":"Motif Sofabord \u00a0Flerfarvet"}]},{"@type":"WebSite","@id":"https:\/\/hubsch-interior.com\/da\/#website","url":"https:\/\/hubsch-interior.com\/da\/","name":"H\u00fcbsch","description":"Danish Home Interior and Design","publisher":{"@id":"https:\/\/hubsch-interior.com\/da\/#organization"},"potentialAction":[{"@type":"SearchAction","target":{"@type":"EntryPoint","urlTemplate":"https:\/\/hubsch-interior.com\/da\/?s={search_term_string}"},"query-input":{"@type":"PropertyValueSpecification","valueRequired":true,"valueName":"search_term_string"}}],"inLanguage":"da-DK"},{"@type":"Organization","@id":"https:\/\/hubsch-interior.com\/da\/#organization","name":"H\u00fcbsch","url":"https:\/\/hubsch-interior.com\/da\/","logo":{"@type":"ImageObject","inLanguage":"da-DK","@id":"https:\/\/hubsch-interior.com\/da\/#\/schema\/logo\/image\/","url":"https:\/\/hubsch-interior.com\/wp-content\/uploads\/2022\/12\/Hubsch_logo_black_one_line.svg","contentUrl":"https:\/\/hubsch-interior.com\/wp-content\/uploads\/2022\/12\/Hubsch_logo_black_one_line.svg","caption":"H\u00fcbsch"},"image":{"@id":"https:\/\/hubsch-interior.com\/da\/#\/schema\/logo\/image\/"}}]}},"_links":{"self":[{"href":"https:\/\/hubsch-interior.com\/da\/wp-json\/wp\/v2\/product\/1088307","targetHints":{"allow":["GET"]}}],"collection":[{"href":"https:\/\/hubsch-interior.com\/da\/wp-json\/wp\/v2\/product"}],"about":[{"href":"https:\/\/hubsch-interior.com\/da\/wp-json\/wp\/v2\/types\/product"}],"wp:featuredmedia":[{"embeddable":true,"href":"https:\/\/hubsch-interior.com\/da\/wp-json\/wp\/v2\/media\/1105507"}],"wp:attachment":[{"href":"https:\/\/hubsch-interior.com\/da\/wp-json\/wp\/v2\/media?parent=1088307"}],"wp:term":[{"taxonomy":"product_brand","embeddable":true,"href":"https:\/\/hubsch-interior.com\/da\/wp-json\/wp\/v2\/product_brand?post=1088307"},{"taxonomy":"product_cat","embeddable":true,"href":"https:\/\/hubsch-interior.com\/da\/wp-json\/wp\/v2\/product_cat?post=1088307"},{"taxonomy":"product_tag","embeddable":true,"href":"https:\/\/hubsch-interior.com\/da\/wp-json\/wp\/v2\/product_tag?post=1088307"}],"curies":[{"name":"wp","href":"https:\/\/api.w.org\/{rel}","templated":true}]}}