{"id":1088331,"date":"2026-01-31T04:40:32","date_gmt":"2026-01-31T03:40:32","guid":{"rendered":"https:\/\/hubsch-interior.com\/product\/product\/"},"modified":"2026-04-05T05:01:38","modified_gmt":"2026-04-05T03:01:38","slug":"skak-spisebord-natur","status":"publish","type":"product","link":"https:\/\/hubsch-interior.com\/da\/vare\/skak-spisebord-natur\/","title":{"rendered":"Skak Spisebord Natur"},"content":{"rendered":"<p>Klassisk form, legende \u00e5nd. Skak Spisebordet henter inspiration fra shaker-stilens enkelhed og tilf\u00f8jer et twist \u2014 et dristigt fin\u00e9rm\u00f8nster inspireret af skakbr\u00e6ttets geometri. Fremstillet af FSC-certificeret tr\u00e6 med en naturlig finish, tilbyder det rigelig plads til familiem\u00e5ltider, festlige sammenkomster eller stille stunder. Dets rene linjer og uventede detaljer g\u00f8r det til mere end blot et bord \u2014 det bliver et sted, hvor historier udfolder sig. Et i\u00f8jnefaldende centrum designet til at samle mennesker igen og igen.<\/p>\n","protected":false},"excerpt":{"rendered":"<p>Klassisk form, legende \u00e5nd. Skak Spisebordet henter inspiration fra shaker-stilens enkelhed og tilf\u00f8jer et twist \u2014 et dristigt fin\u00e9rm\u00f8nster inspireret af skakbr\u00e6ttets geometri. Fremstillet af FSC-certificeret tr\u00e6 med en naturlig finish, tilbyder det rigelig plads til familiem\u00e5ltider, festlige sammenkomster eller stille stunder. Dets rene linjer og uventede detaljer g\u00f8r det til mere end blot et [&hellip;]<\/p>\n","protected":false},"featured_media":1105523,"template":"","meta":{"_acf_changed":false,"inline_featured_image":false},"product_brand":[],"product_cat":[7153,6321,2857,4214,5045],"product_tag":[],"class_list":{"0":"post-1088331","1":"product","2":"type-product","3":"status-publish","4":"has-post-thumbnail","6":"product_cat-dweller-da","7":"product_cat-fsc-da","8":"product_cat-borde-da","9":"product_cat-spiseborde-da","10":"product_cat-nyheder-da","11":"product_shipping_class-p10","13":"pa_color-natur-2","14":"pa_material-mdf-da","15":"pa_material-egetr","16":"pa_material-egetrsfiner","18":"first","19":"instock","20":"taxable","21":"shipping-taxable","22":"purchasable","23":"product-type-simple"},"exclude_global_add_ons":[],"addons":[],"acf":[],"yoast_head":"<!-- This site is optimized with the Yoast SEO plugin v26.4 - https:\/\/yoast.com\/wordpress\/plugins\/seo\/ -->\n<title>Skak Spisebord Natur - H\u00fcbsch<\/title>\n<meta name=\"description\" content=\"Klassisk form, legende \u00e5nd. Skak Spisebordet henter inspiration fra shaker-stilens enkelhed og tilf\u00f8jer et twist \u2014 et dristigt fin\u00e9rm\u00f8nster inspireret af\" \/>\n<meta name=\"robots\" content=\"index, follow, max-snippet:-1, max-image-preview:large, max-video-preview:-1\" \/>\n<link rel=\"canonical\" href=\"https:\/\/hubsch-interior.com\/da\/wp-json\/wp\/v2\/product\/1088331\" \/>\n<meta property=\"og:locale\" content=\"da_DK\" \/>\n<meta property=\"og:type\" content=\"article\" \/>\n<meta property=\"og:title\" content=\"Skak Spisebord Natur - H\u00fcbsch\" \/>\n<meta property=\"og:description\" content=\"Klassisk form, legende \u00e5nd. Skak Spisebordet henter inspiration fra shaker-stilens enkelhed og tilf\u00f8jer et twist \u2014 et dristigt fin\u00e9rm\u00f8nster inspireret af\" \/>\n<meta property=\"og:url\" content=\"https:\/\/hubsch-interior.com\/da\/vare\/skak-spisebord-natur\/\" \/>\n<meta property=\"og:site_name\" content=\"H\u00fcbsch\" \/>\n<meta property=\"article:modified_time\" content=\"2026-04-05T03:01:38+00:00\" \/>\n<meta property=\"og:image\" content=\"https:\/\/hubsch-interior.com\/wp-content\/uploads\/2026\/01\/skak-dining-table-natural-d1f03257d371c4a22cbbef4be5d36ef2.jpg\" \/>\n\t<meta property=\"og:image:width\" content=\"1200\" \/>\n\t<meta property=\"og:image:height\" content=\"1200\" \/>\n\t<meta property=\"og:image:type\" content=\"image\/jpeg\" \/>\n<meta name=\"twitter:card\" content=\"summary_large_image\" \/>\n<script type=\"application\/ld+json\" class=\"yoast-schema-graph\">{\"@context\":\"https:\/\/schema.org\",\"@graph\":[{\"@type\":\"WebPage\",\"@id\":\"https:\/\/hubsch-interior.com\/da\/vare\/skak-spisebord-natur\/\",\"url\":\"https:\/\/hubsch-interior.com\/da\/vare\/skak-spisebord-natur\/\",\"name\":\"Skak Spisebord Natur - H\u00fcbsch\",\"isPartOf\":{\"@id\":\"https:\/\/hubsch-interior.com\/da\/#website\"},\"primaryImageOfPage\":{\"@id\":\"https:\/\/hubsch-interior.com\/da\/vare\/skak-spisebord-natur\/#primaryimage\"},\"image\":{\"@id\":\"https:\/\/hubsch-interior.com\/da\/vare\/skak-spisebord-natur\/#primaryimage\"},\"thumbnailUrl\":\"https:\/\/hubsch-interior.com\/wp-content\/uploads\/2026\/02\/skak-dining-table-natural-cfcdb4fcd2c682067665ec3a72e995d1.jpg\",\"datePublished\":\"2026-01-31T03:40:32+00:00\",\"dateModified\":\"2026-04-05T03:01:38+00:00\",\"description\":\"Klassisk form, legende \u00e5nd. Skak Spisebordet henter inspiration fra shaker-stilens enkelhed og tilf\u00f8jer et twist \u2014 et dristigt fin\u00e9rm\u00f8nster inspireret af\",\"breadcrumb\":{\"@id\":\"https:\/\/hubsch-interior.com\/da\/vare\/skak-spisebord-natur\/#breadcrumb\"},\"inLanguage\":\"da-DK\",\"potentialAction\":[{\"@type\":\"ReadAction\",\"target\":[\"https:\/\/hubsch-interior.com\/da\/vare\/skak-spisebord-natur\/\"]}]},{\"@type\":\"ImageObject\",\"inLanguage\":\"da-DK\",\"@id\":\"https:\/\/hubsch-interior.com\/da\/vare\/skak-spisebord-natur\/#primaryimage\",\"url\":\"https:\/\/hubsch-interior.com\/wp-content\/uploads\/2026\/02\/skak-dining-table-natural-cfcdb4fcd2c682067665ec3a72e995d1.jpg\",\"contentUrl\":\"https:\/\/hubsch-interior.com\/wp-content\/uploads\/2026\/02\/skak-dining-table-natural-cfcdb4fcd2c682067665ec3a72e995d1.jpg\",\"width\":1024,\"height\":1024},{\"@type\":\"BreadcrumbList\",\"@id\":\"https:\/\/hubsch-interior.com\/da\/vare\/skak-spisebord-natur\/#breadcrumb\",\"itemListElement\":[{\"@type\":\"ListItem\",\"position\":1,\"name\":\"Forside\",\"item\":\"https:\/\/hubsch-interior.com\/da\/\"},{\"@type\":\"ListItem\",\"position\":2,\"name\":\"Produkter\",\"item\":\"https:\/\/hubsch-interior.com\/da\/produkter\/\"},{\"@type\":\"ListItem\",\"position\":3,\"name\":\"Skak Spisebord Natur\"}]},{\"@type\":\"WebSite\",\"@id\":\"https:\/\/hubsch-interior.com\/da\/#website\",\"url\":\"https:\/\/hubsch-interior.com\/da\/\",\"name\":\"H\u00fcbsch\",\"description\":\"Danish Home Interior and Design\",\"publisher\":{\"@id\":\"https:\/\/hubsch-interior.com\/da\/#organization\"},\"potentialAction\":[{\"@type\":\"SearchAction\",\"target\":{\"@type\":\"EntryPoint\",\"urlTemplate\":\"https:\/\/hubsch-interior.com\/da\/?s={search_term_string}\"},\"query-input\":{\"@type\":\"PropertyValueSpecification\",\"valueRequired\":true,\"valueName\":\"search_term_string\"}}],\"inLanguage\":\"da-DK\"},{\"@type\":\"Organization\",\"@id\":\"https:\/\/hubsch-interior.com\/da\/#organization\",\"name\":\"H\u00fcbsch\",\"url\":\"https:\/\/hubsch-interior.com\/da\/\",\"logo\":{\"@type\":\"ImageObject\",\"inLanguage\":\"da-DK\",\"@id\":\"https:\/\/hubsch-interior.com\/da\/#\/schema\/logo\/image\/\",\"url\":\"https:\/\/hubsch-interior.com\/wp-content\/uploads\/2022\/12\/Hubsch_logo_black_one_line.svg\",\"contentUrl\":\"https:\/\/hubsch-interior.com\/wp-content\/uploads\/2022\/12\/Hubsch_logo_black_one_line.svg\",\"caption\":\"H\u00fcbsch\"},\"image\":{\"@id\":\"https:\/\/hubsch-interior.com\/da\/#\/schema\/logo\/image\/\"}}]}<\/script>\n<!-- \/ Yoast SEO plugin. -->","yoast_head_json":{"title":"Skak Spisebord Natur - H\u00fcbsch","description":"Klassisk form, legende \u00e5nd. Skak Spisebordet henter inspiration fra shaker-stilens enkelhed og tilf\u00f8jer et twist \u2014 et dristigt fin\u00e9rm\u00f8nster inspireret af","robots":{"index":"index","follow":"follow","max-snippet":"max-snippet:-1","max-image-preview":"max-image-preview:large","max-video-preview":"max-video-preview:-1"},"canonical":"https:\/\/hubsch-interior.com\/da\/wp-json\/wp\/v2\/product\/1088331","og_locale":"da_DK","og_type":"article","og_title":"Skak Spisebord Natur - H\u00fcbsch","og_description":"Klassisk form, legende \u00e5nd. Skak Spisebordet henter inspiration fra shaker-stilens enkelhed og tilf\u00f8jer et twist \u2014 et dristigt fin\u00e9rm\u00f8nster inspireret af","og_url":"https:\/\/hubsch-interior.com\/da\/vare\/skak-spisebord-natur\/","og_site_name":"H\u00fcbsch","article_modified_time":"2026-04-05T03:01:38+00:00","og_image":[{"width":1200,"height":1200,"url":"https:\/\/hubsch-interior.com\/wp-content\/uploads\/2026\/01\/skak-dining-table-natural-d1f03257d371c4a22cbbef4be5d36ef2.jpg","type":"image\/jpeg"}],"twitter_card":"summary_large_image","schema":{"@context":"https:\/\/schema.org","@graph":[{"@type":"WebPage","@id":"https:\/\/hubsch-interior.com\/da\/vare\/skak-spisebord-natur\/","url":"https:\/\/hubsch-interior.com\/da\/vare\/skak-spisebord-natur\/","name":"Skak Spisebord Natur - H\u00fcbsch","isPartOf":{"@id":"https:\/\/hubsch-interior.com\/da\/#website"},"primaryImageOfPage":{"@id":"https:\/\/hubsch-interior.com\/da\/vare\/skak-spisebord-natur\/#primaryimage"},"image":{"@id":"https:\/\/hubsch-interior.com\/da\/vare\/skak-spisebord-natur\/#primaryimage"},"thumbnailUrl":"https:\/\/hubsch-interior.com\/wp-content\/uploads\/2026\/02\/skak-dining-table-natural-cfcdb4fcd2c682067665ec3a72e995d1.jpg","datePublished":"2026-01-31T03:40:32+00:00","dateModified":"2026-04-05T03:01:38+00:00","description":"Klassisk form, legende \u00e5nd. Skak Spisebordet henter inspiration fra shaker-stilens enkelhed og tilf\u00f8jer et twist \u2014 et dristigt fin\u00e9rm\u00f8nster inspireret af","breadcrumb":{"@id":"https:\/\/hubsch-interior.com\/da\/vare\/skak-spisebord-natur\/#breadcrumb"},"inLanguage":"da-DK","potentialAction":[{"@type":"ReadAction","target":["https:\/\/hubsch-interior.com\/da\/vare\/skak-spisebord-natur\/"]}]},{"@type":"ImageObject","inLanguage":"da-DK","@id":"https:\/\/hubsch-interior.com\/da\/vare\/skak-spisebord-natur\/#primaryimage","url":"https:\/\/hubsch-interior.com\/wp-content\/uploads\/2026\/02\/skak-dining-table-natural-cfcdb4fcd2c682067665ec3a72e995d1.jpg","contentUrl":"https:\/\/hubsch-interior.com\/wp-content\/uploads\/2026\/02\/skak-dining-table-natural-cfcdb4fcd2c682067665ec3a72e995d1.jpg","width":1024,"height":1024},{"@type":"BreadcrumbList","@id":"https:\/\/hubsch-interior.com\/da\/vare\/skak-spisebord-natur\/#breadcrumb","itemListElement":[{"@type":"ListItem","position":1,"name":"Forside","item":"https:\/\/hubsch-interior.com\/da\/"},{"@type":"ListItem","position":2,"name":"Produkter","item":"https:\/\/hubsch-interior.com\/da\/produkter\/"},{"@type":"ListItem","position":3,"name":"Skak Spisebord Natur"}]},{"@type":"WebSite","@id":"https:\/\/hubsch-interior.com\/da\/#website","url":"https:\/\/hubsch-interior.com\/da\/","name":"H\u00fcbsch","description":"Danish Home Interior and Design","publisher":{"@id":"https:\/\/hubsch-interior.com\/da\/#organization"},"potentialAction":[{"@type":"SearchAction","target":{"@type":"EntryPoint","urlTemplate":"https:\/\/hubsch-interior.com\/da\/?s={search_term_string}"},"query-input":{"@type":"PropertyValueSpecification","valueRequired":true,"valueName":"search_term_string"}}],"inLanguage":"da-DK"},{"@type":"Organization","@id":"https:\/\/hubsch-interior.com\/da\/#organization","name":"H\u00fcbsch","url":"https:\/\/hubsch-interior.com\/da\/","logo":{"@type":"ImageObject","inLanguage":"da-DK","@id":"https:\/\/hubsch-interior.com\/da\/#\/schema\/logo\/image\/","url":"https:\/\/hubsch-interior.com\/wp-content\/uploads\/2022\/12\/Hubsch_logo_black_one_line.svg","contentUrl":"https:\/\/hubsch-interior.com\/wp-content\/uploads\/2022\/12\/Hubsch_logo_black_one_line.svg","caption":"H\u00fcbsch"},"image":{"@id":"https:\/\/hubsch-interior.com\/da\/#\/schema\/logo\/image\/"}}]}},"_links":{"self":[{"href":"https:\/\/hubsch-interior.com\/da\/wp-json\/wp\/v2\/product\/1088331","targetHints":{"allow":["GET"]}}],"collection":[{"href":"https:\/\/hubsch-interior.com\/da\/wp-json\/wp\/v2\/product"}],"about":[{"href":"https:\/\/hubsch-interior.com\/da\/wp-json\/wp\/v2\/types\/product"}],"wp:featuredmedia":[{"embeddable":true,"href":"https:\/\/hubsch-interior.com\/da\/wp-json\/wp\/v2\/media\/1105523"}],"wp:attachment":[{"href":"https:\/\/hubsch-interior.com\/da\/wp-json\/wp\/v2\/media?parent=1088331"}],"wp:term":[{"taxonomy":"product_brand","embeddable":true,"href":"https:\/\/hubsch-interior.com\/da\/wp-json\/wp\/v2\/product_brand?post=1088331"},{"taxonomy":"product_cat","embeddable":true,"href":"https:\/\/hubsch-interior.com\/da\/wp-json\/wp\/v2\/product_cat?post=1088331"},{"taxonomy":"product_tag","embeddable":true,"href":"https:\/\/hubsch-interior.com\/da\/wp-json\/wp\/v2\/product_tag?post=1088331"}],"curies":[{"name":"wp","href":"https:\/\/api.w.org\/{rel}","templated":true}]}}