{"id":1088359,"date":"2026-01-31T04:40:45","date_gmt":"2026-01-31T03:40:45","guid":{"rendered":"https:\/\/hubsch-interior.com\/product\/product\/"},"modified":"2026-04-05T05:01:41","modified_gmt":"2026-04-05T03:01:41","slug":"long-reol-natur","status":"publish","type":"product","link":"https:\/\/hubsch-interior.com\/da\/vare\/long-reol-natur\/","title":{"rendered":"Long Reol Natur"},"content":{"rendered":"<p>Long Reol er fremstillet af FSC-certificeret eg, der tilf\u00f8rer varme, struktur og en f\u00f8lelse af ro til dine v\u00e6gge. Dens gener\u00f8se bredde tilbyder plads til v\u00e6rdsatte genstande, stablede b\u00f8ger eller dagligdags n\u00f8dvendigheder \u2014 alt imens den holder dine omgivelser smukt organiserede. Med sin naturlige tone og v\u00e6gmonterede design smelter den ubesv\u00e6ret sammen med dit interi\u00f8r. En reol, der giver plads til dine ting \u2014 og lidt \u00e5ndehul til dit hjem.<\/p>\n","protected":false},"excerpt":{"rendered":"<p>Long Reol er fremstillet af FSC-certificeret eg, der tilf\u00f8rer varme, struktur og en f\u00f8lelse af ro til dine v\u00e6gge. Dens gener\u00f8se bredde tilbyder plads til v\u00e6rdsatte genstande, stablede b\u00f8ger eller dagligdags n\u00f8dvendigheder \u2014 alt imens den holder dine omgivelser smukt organiserede. Med sin naturlige tone og v\u00e6gmonterede design smelter den ubesv\u00e6ret sammen med dit interi\u00f8r. [&hellip;]<\/p>\n","protected":false},"featured_media":1105543,"template":"","meta":{"_acf_changed":false,"inline_featured_image":false},"product_brand":[],"product_cat":[7153,3999,4010,5025],"product_tag":[],"class_list":{"0":"post-1088359","1":"product","2":"type-product","3":"status-publish","4":"has-post-thumbnail","6":"product_cat-dweller-da","7":"product_cat-reoler-opbevaring-da","8":"product_cat-reoler-da","9":"product_cat-bestsellers-da","10":"product_shipping_class-p05","12":"pa_color-natur-2","13":"pa_material-mdf-da","14":"pa_material-egetr","15":"pa_material-egetrsfiner","17":"first","18":"outofstock","19":"featured","20":"taxable","21":"shipping-taxable","22":"purchasable","23":"product-type-simple"},"exclude_global_add_ons":[],"addons":[],"acf":[],"yoast_head":"<!-- This site is optimized with the Yoast SEO plugin v26.4 - https:\/\/yoast.com\/wordpress\/plugins\/seo\/ -->\n<title>Long Reol Natur - H\u00fcbsch<\/title>\n<meta name=\"description\" content=\"Long Reol er fremstillet af FSC-certificeret eg, der tilf\u00f8rer varme, struktur og en f\u00f8lelse af ro til dine v\u00e6gge. Dens gener\u00f8se bredde tilbyder plads til\" \/>\n<meta name=\"robots\" content=\"index, follow, max-snippet:-1, max-image-preview:large, max-video-preview:-1\" \/>\n<link rel=\"canonical\" href=\"https:\/\/hubsch-interior.com\/da\/wp-json\/wp\/v2\/product\/1088359\" \/>\n<meta property=\"og:locale\" content=\"da_DK\" \/>\n<meta property=\"og:type\" content=\"article\" \/>\n<meta property=\"og:title\" content=\"Long Reol Natur - H\u00fcbsch\" \/>\n<meta property=\"og:description\" content=\"Long Reol er fremstillet af FSC-certificeret eg, der tilf\u00f8rer varme, struktur og en f\u00f8lelse af ro til dine v\u00e6gge. Dens gener\u00f8se bredde tilbyder plads til\" \/>\n<meta property=\"og:url\" content=\"https:\/\/hubsch-interior.com\/da\/vare\/long-reol-natur\/\" \/>\n<meta property=\"og:site_name\" content=\"H\u00fcbsch\" \/>\n<meta property=\"article:modified_time\" content=\"2026-04-05T03:01:41+00:00\" \/>\n<meta property=\"og:image\" content=\"https:\/\/hubsch-interior.com\/wp-content\/uploads\/2026\/02\/long-shelf-unit-natural-1ffca2e97540d8159c6807df34a47f03.jpg\" \/>\n\t<meta property=\"og:image:width\" content=\"1024\" \/>\n\t<meta property=\"og:image:height\" content=\"1024\" \/>\n\t<meta property=\"og:image:type\" content=\"image\/jpeg\" \/>\n<meta name=\"twitter:card\" content=\"summary_large_image\" \/>\n<script type=\"application\/ld+json\" class=\"yoast-schema-graph\">{\"@context\":\"https:\/\/schema.org\",\"@graph\":[{\"@type\":\"WebPage\",\"@id\":\"https:\/\/hubsch-interior.com\/da\/vare\/long-reol-natur\/\",\"url\":\"https:\/\/hubsch-interior.com\/da\/vare\/long-reol-natur\/\",\"name\":\"Long Reol Natur - H\u00fcbsch\",\"isPartOf\":{\"@id\":\"https:\/\/hubsch-interior.com\/da\/#website\"},\"primaryImageOfPage\":{\"@id\":\"https:\/\/hubsch-interior.com\/da\/vare\/long-reol-natur\/#primaryimage\"},\"image\":{\"@id\":\"https:\/\/hubsch-interior.com\/da\/vare\/long-reol-natur\/#primaryimage\"},\"thumbnailUrl\":\"https:\/\/hubsch-interior.com\/wp-content\/uploads\/2026\/02\/long-shelf-unit-natural-1ffca2e97540d8159c6807df34a47f03.jpg\",\"datePublished\":\"2026-01-31T03:40:45+00:00\",\"dateModified\":\"2026-04-05T03:01:41+00:00\",\"description\":\"Long Reol er fremstillet af FSC-certificeret eg, der tilf\u00f8rer varme, struktur og en f\u00f8lelse af ro til dine v\u00e6gge. Dens gener\u00f8se bredde tilbyder plads til\",\"breadcrumb\":{\"@id\":\"https:\/\/hubsch-interior.com\/da\/vare\/long-reol-natur\/#breadcrumb\"},\"inLanguage\":\"da-DK\",\"potentialAction\":[{\"@type\":\"ReadAction\",\"target\":[\"https:\/\/hubsch-interior.com\/da\/vare\/long-reol-natur\/\"]}]},{\"@type\":\"ImageObject\",\"inLanguage\":\"da-DK\",\"@id\":\"https:\/\/hubsch-interior.com\/da\/vare\/long-reol-natur\/#primaryimage\",\"url\":\"https:\/\/hubsch-interior.com\/wp-content\/uploads\/2026\/02\/long-shelf-unit-natural-1ffca2e97540d8159c6807df34a47f03.jpg\",\"contentUrl\":\"https:\/\/hubsch-interior.com\/wp-content\/uploads\/2026\/02\/long-shelf-unit-natural-1ffca2e97540d8159c6807df34a47f03.jpg\",\"width\":1024,\"height\":1024},{\"@type\":\"BreadcrumbList\",\"@id\":\"https:\/\/hubsch-interior.com\/da\/vare\/long-reol-natur\/#breadcrumb\",\"itemListElement\":[{\"@type\":\"ListItem\",\"position\":1,\"name\":\"Forside\",\"item\":\"https:\/\/hubsch-interior.com\/da\/\"},{\"@type\":\"ListItem\",\"position\":2,\"name\":\"Produkter\",\"item\":\"https:\/\/hubsch-interior.com\/da\/produkter\/\"},{\"@type\":\"ListItem\",\"position\":3,\"name\":\"M\u00f8bler\",\"item\":\"https:\/\/hubsch-interior.com\/da\/vare-kategori\/mobler\/\"},{\"@type\":\"ListItem\",\"position\":4,\"name\":\"Reoler &amp; opbevaring\",\"item\":\"https:\/\/hubsch-interior.com\/da\/vare-kategori\/mobler\/reoler-opbevaring-da\/\"},{\"@type\":\"ListItem\",\"position\":5,\"name\":\"Reoler\",\"item\":\"https:\/\/hubsch-interior.com\/da\/vare-kategori\/mobler\/reoler-opbevaring-da\/reoler-da\/\"},{\"@type\":\"ListItem\",\"position\":6,\"name\":\"Long Reol Natur\"}]},{\"@type\":\"WebSite\",\"@id\":\"https:\/\/hubsch-interior.com\/da\/#website\",\"url\":\"https:\/\/hubsch-interior.com\/da\/\",\"name\":\"H\u00fcbsch\",\"description\":\"Danish Home Interior and Design\",\"publisher\":{\"@id\":\"https:\/\/hubsch-interior.com\/da\/#organization\"},\"potentialAction\":[{\"@type\":\"SearchAction\",\"target\":{\"@type\":\"EntryPoint\",\"urlTemplate\":\"https:\/\/hubsch-interior.com\/da\/?s={search_term_string}\"},\"query-input\":{\"@type\":\"PropertyValueSpecification\",\"valueRequired\":true,\"valueName\":\"search_term_string\"}}],\"inLanguage\":\"da-DK\"},{\"@type\":\"Organization\",\"@id\":\"https:\/\/hubsch-interior.com\/da\/#organization\",\"name\":\"H\u00fcbsch\",\"url\":\"https:\/\/hubsch-interior.com\/da\/\",\"logo\":{\"@type\":\"ImageObject\",\"inLanguage\":\"da-DK\",\"@id\":\"https:\/\/hubsch-interior.com\/da\/#\/schema\/logo\/image\/\",\"url\":\"https:\/\/hubsch-interior.com\/wp-content\/uploads\/2022\/12\/Hubsch_logo_black_one_line.svg\",\"contentUrl\":\"https:\/\/hubsch-interior.com\/wp-content\/uploads\/2022\/12\/Hubsch_logo_black_one_line.svg\",\"caption\":\"H\u00fcbsch\"},\"image\":{\"@id\":\"https:\/\/hubsch-interior.com\/da\/#\/schema\/logo\/image\/\"}}]}<\/script>\n<!-- \/ Yoast SEO plugin. -->","yoast_head_json":{"title":"Long Reol Natur - H\u00fcbsch","description":"Long Reol er fremstillet af FSC-certificeret eg, der tilf\u00f8rer varme, struktur og en f\u00f8lelse af ro til dine v\u00e6gge. Dens gener\u00f8se bredde tilbyder plads til","robots":{"index":"index","follow":"follow","max-snippet":"max-snippet:-1","max-image-preview":"max-image-preview:large","max-video-preview":"max-video-preview:-1"},"canonical":"https:\/\/hubsch-interior.com\/da\/wp-json\/wp\/v2\/product\/1088359","og_locale":"da_DK","og_type":"article","og_title":"Long Reol Natur - H\u00fcbsch","og_description":"Long Reol er fremstillet af FSC-certificeret eg, der tilf\u00f8rer varme, struktur og en f\u00f8lelse af ro til dine v\u00e6gge. Dens gener\u00f8se bredde tilbyder plads til","og_url":"https:\/\/hubsch-interior.com\/da\/vare\/long-reol-natur\/","og_site_name":"H\u00fcbsch","article_modified_time":"2026-04-05T03:01:41+00:00","og_image":[{"width":1024,"height":1024,"url":"https:\/\/hubsch-interior.com\/wp-content\/uploads\/2026\/02\/long-shelf-unit-natural-1ffca2e97540d8159c6807df34a47f03.jpg","type":"image\/jpeg"}],"twitter_card":"summary_large_image","schema":{"@context":"https:\/\/schema.org","@graph":[{"@type":"WebPage","@id":"https:\/\/hubsch-interior.com\/da\/vare\/long-reol-natur\/","url":"https:\/\/hubsch-interior.com\/da\/vare\/long-reol-natur\/","name":"Long Reol Natur - H\u00fcbsch","isPartOf":{"@id":"https:\/\/hubsch-interior.com\/da\/#website"},"primaryImageOfPage":{"@id":"https:\/\/hubsch-interior.com\/da\/vare\/long-reol-natur\/#primaryimage"},"image":{"@id":"https:\/\/hubsch-interior.com\/da\/vare\/long-reol-natur\/#primaryimage"},"thumbnailUrl":"https:\/\/hubsch-interior.com\/wp-content\/uploads\/2026\/02\/long-shelf-unit-natural-1ffca2e97540d8159c6807df34a47f03.jpg","datePublished":"2026-01-31T03:40:45+00:00","dateModified":"2026-04-05T03:01:41+00:00","description":"Long Reol er fremstillet af FSC-certificeret eg, der tilf\u00f8rer varme, struktur og en f\u00f8lelse af ro til dine v\u00e6gge. Dens gener\u00f8se bredde tilbyder plads til","breadcrumb":{"@id":"https:\/\/hubsch-interior.com\/da\/vare\/long-reol-natur\/#breadcrumb"},"inLanguage":"da-DK","potentialAction":[{"@type":"ReadAction","target":["https:\/\/hubsch-interior.com\/da\/vare\/long-reol-natur\/"]}]},{"@type":"ImageObject","inLanguage":"da-DK","@id":"https:\/\/hubsch-interior.com\/da\/vare\/long-reol-natur\/#primaryimage","url":"https:\/\/hubsch-interior.com\/wp-content\/uploads\/2026\/02\/long-shelf-unit-natural-1ffca2e97540d8159c6807df34a47f03.jpg","contentUrl":"https:\/\/hubsch-interior.com\/wp-content\/uploads\/2026\/02\/long-shelf-unit-natural-1ffca2e97540d8159c6807df34a47f03.jpg","width":1024,"height":1024},{"@type":"BreadcrumbList","@id":"https:\/\/hubsch-interior.com\/da\/vare\/long-reol-natur\/#breadcrumb","itemListElement":[{"@type":"ListItem","position":1,"name":"Forside","item":"https:\/\/hubsch-interior.com\/da\/"},{"@type":"ListItem","position":2,"name":"Produkter","item":"https:\/\/hubsch-interior.com\/da\/produkter\/"},{"@type":"ListItem","position":3,"name":"M\u00f8bler","item":"https:\/\/hubsch-interior.com\/da\/vare-kategori\/mobler\/"},{"@type":"ListItem","position":4,"name":"Reoler &amp; opbevaring","item":"https:\/\/hubsch-interior.com\/da\/vare-kategori\/mobler\/reoler-opbevaring-da\/"},{"@type":"ListItem","position":5,"name":"Reoler","item":"https:\/\/hubsch-interior.com\/da\/vare-kategori\/mobler\/reoler-opbevaring-da\/reoler-da\/"},{"@type":"ListItem","position":6,"name":"Long Reol Natur"}]},{"@type":"WebSite","@id":"https:\/\/hubsch-interior.com\/da\/#website","url":"https:\/\/hubsch-interior.com\/da\/","name":"H\u00fcbsch","description":"Danish Home Interior and Design","publisher":{"@id":"https:\/\/hubsch-interior.com\/da\/#organization"},"potentialAction":[{"@type":"SearchAction","target":{"@type":"EntryPoint","urlTemplate":"https:\/\/hubsch-interior.com\/da\/?s={search_term_string}"},"query-input":{"@type":"PropertyValueSpecification","valueRequired":true,"valueName":"search_term_string"}}],"inLanguage":"da-DK"},{"@type":"Organization","@id":"https:\/\/hubsch-interior.com\/da\/#organization","name":"H\u00fcbsch","url":"https:\/\/hubsch-interior.com\/da\/","logo":{"@type":"ImageObject","inLanguage":"da-DK","@id":"https:\/\/hubsch-interior.com\/da\/#\/schema\/logo\/image\/","url":"https:\/\/hubsch-interior.com\/wp-content\/uploads\/2022\/12\/Hubsch_logo_black_one_line.svg","contentUrl":"https:\/\/hubsch-interior.com\/wp-content\/uploads\/2022\/12\/Hubsch_logo_black_one_line.svg","caption":"H\u00fcbsch"},"image":{"@id":"https:\/\/hubsch-interior.com\/da\/#\/schema\/logo\/image\/"}}]}},"_links":{"self":[{"href":"https:\/\/hubsch-interior.com\/da\/wp-json\/wp\/v2\/product\/1088359","targetHints":{"allow":["GET"]}}],"collection":[{"href":"https:\/\/hubsch-interior.com\/da\/wp-json\/wp\/v2\/product"}],"about":[{"href":"https:\/\/hubsch-interior.com\/da\/wp-json\/wp\/v2\/types\/product"}],"wp:featuredmedia":[{"embeddable":true,"href":"https:\/\/hubsch-interior.com\/da\/wp-json\/wp\/v2\/media\/1105543"}],"wp:attachment":[{"href":"https:\/\/hubsch-interior.com\/da\/wp-json\/wp\/v2\/media?parent=1088359"}],"wp:term":[{"taxonomy":"product_brand","embeddable":true,"href":"https:\/\/hubsch-interior.com\/da\/wp-json\/wp\/v2\/product_brand?post=1088359"},{"taxonomy":"product_cat","embeddable":true,"href":"https:\/\/hubsch-interior.com\/da\/wp-json\/wp\/v2\/product_cat?post=1088359"},{"taxonomy":"product_tag","embeddable":true,"href":"https:\/\/hubsch-interior.com\/da\/wp-json\/wp\/v2\/product_tag?post=1088359"}],"curies":[{"name":"wp","href":"https:\/\/api.w.org\/{rel}","templated":true}]}}