{"id":1088387,"date":"2026-01-31T04:40:53","date_gmt":"2026-01-31T03:40:53","guid":{"rendered":"https:\/\/hubsch-interior.com\/product\/product\/"},"modified":"2026-04-08T04:58:17","modified_gmt":"2026-04-08T02:58:17","slug":"less-bakke-natur","status":"publish","type":"product","link":"https:\/\/hubsch-interior.com\/da\/vare\/less-bakke-natur\/","title":{"rendered":"Less Bakke Natur"},"content":{"rendered":"<p>Enkelthed formet med hensigt. Less Bakke kanaliserer den stille sk\u00f8nhed i japansk design med bl\u00f8dt afrundede hj\u00f8rner og en beroligende naturlig nuance, der bringer en blid orden til din dag. Fremstillet af FSC-certificeret tr\u00e6 er den lige s\u00e5 gennemt\u00e6nkt i sit form\u00e5l som i sin form \u2013 ideel til servering af kaffe, organisering af n\u00f8dvendigheder eller blot til at h\u00f8jne hverdagen. Tilg\u00e6ngelig i 3 harmoniske varianter, hvor hver is\u00e6r bringer balance og n\u00e5de til dine omgivelser. En stille ledsager til ritualer, rutiner og betydningsfulde \u00f8jeblikke.<\/p>\n","protected":false},"excerpt":{"rendered":"<p>Enkelthed formet med hensigt. Less Bakke kanaliserer den stille sk\u00f8nhed i japansk design med bl\u00f8dt afrundede hj\u00f8rner og en beroligende naturlig nuance, der bringer en blid orden til din dag. Fremstillet af FSC-certificeret tr\u00e6 er den lige s\u00e5 gennemt\u00e6nkt i sit form\u00e5l som i sin form \u2013 ideel til servering af kaffe, organisering af n\u00f8dvendigheder [&hellip;]<\/p>\n","protected":false},"featured_media":1105563,"template":"","meta":{"_acf_changed":false,"inline_featured_image":false},"product_brand":[],"product_cat":[7153,7038,7025,6970,6321,4051,4052,5025,5045,6517],"product_tag":[],"class_list":{"0":"post-1088387","1":"product","2":"type-product","3":"status-publish","4":"has-post-thumbnail","6":"product_cat-dweller-da","7":"product_cat-koekken-bakker-da","8":"product_cat-bordservice-da-2","9":"product_cat-paaskeudsalg","10":"product_cat-fsc-da","11":"product_cat-koekkentilbehoer-da","12":"product_cat-bakker-da","13":"product_cat-bestsellers-da","14":"product_cat-nyheder-da","15":"product_cat-outlet-da","16":"product_shipping_class-pk","17":"pa_color-natur-2","18":"pa_material-mdf-da","19":"pa_material-egetr","20":"pa_material-egetrsfiner","22":"first","23":"instock","24":"sale","25":"featured","26":"taxable","27":"shipping-taxable","28":"purchasable","29":"product-type-simple"},"exclude_global_add_ons":[],"addons":[],"acf":[],"yoast_head":"<!-- This site is optimized with the Yoast SEO plugin v26.4 - https:\/\/yoast.com\/wordpress\/plugins\/seo\/ -->\n<title>Less Bakke Natur - H\u00fcbsch<\/title>\n<meta name=\"description\" content=\"Enkelthed formet med hensigt. Less Bakke kanaliserer den stille sk\u00f8nhed i japansk design med bl\u00f8dt afrundede hj\u00f8rner og en beroligende naturlig nuance,\" \/>\n<meta name=\"robots\" content=\"index, follow, max-snippet:-1, max-image-preview:large, max-video-preview:-1\" \/>\n<link rel=\"canonical\" href=\"https:\/\/hubsch-interior.com\/da\/wp-json\/wp\/v2\/product\/1088387\" \/>\n<meta property=\"og:locale\" content=\"da_DK\" \/>\n<meta property=\"og:type\" content=\"article\" \/>\n<meta property=\"og:title\" content=\"Less Bakke Natur - H\u00fcbsch\" \/>\n<meta property=\"og:description\" content=\"Enkelthed formet med hensigt. Less Bakke kanaliserer den stille sk\u00f8nhed i japansk design med bl\u00f8dt afrundede hj\u00f8rner og en beroligende naturlig nuance,\" \/>\n<meta property=\"og:url\" content=\"https:\/\/hubsch-interior.com\/da\/vare\/less-bakke-natur\/\" \/>\n<meta property=\"og:site_name\" content=\"H\u00fcbsch\" \/>\n<meta property=\"article:modified_time\" content=\"2026-04-08T02:58:17+00:00\" \/>\n<meta property=\"og:image\" content=\"https:\/\/hubsch-interior.com\/wp-content\/uploads\/2026\/01\/less-tray-natural-22a295ec22d20f561bf608b6eaabfc74.jpg\" \/>\n\t<meta property=\"og:image:width\" content=\"1200\" \/>\n\t<meta property=\"og:image:height\" content=\"1200\" \/>\n\t<meta property=\"og:image:type\" content=\"image\/jpeg\" \/>\n<meta name=\"twitter:card\" content=\"summary_large_image\" \/>\n<script type=\"application\/ld+json\" class=\"yoast-schema-graph\">{\"@context\":\"https:\/\/schema.org\",\"@graph\":[{\"@type\":\"WebPage\",\"@id\":\"https:\/\/hubsch-interior.com\/da\/vare\/less-bakke-natur\/\",\"url\":\"https:\/\/hubsch-interior.com\/da\/vare\/less-bakke-natur\/\",\"name\":\"Less Bakke Natur - H\u00fcbsch\",\"isPartOf\":{\"@id\":\"https:\/\/hubsch-interior.com\/da\/#website\"},\"primaryImageOfPage\":{\"@id\":\"https:\/\/hubsch-interior.com\/da\/vare\/less-bakke-natur\/#primaryimage\"},\"image\":{\"@id\":\"https:\/\/hubsch-interior.com\/da\/vare\/less-bakke-natur\/#primaryimage\"},\"thumbnailUrl\":\"https:\/\/hubsch-interior.com\/wp-content\/uploads\/2026\/02\/less-tray-natural-e75a24a75f568be070dfa8074cd03519.jpg\",\"datePublished\":\"2026-01-31T03:40:53+00:00\",\"dateModified\":\"2026-04-08T02:58:17+00:00\",\"description\":\"Enkelthed formet med hensigt. Less Bakke kanaliserer den stille sk\u00f8nhed i japansk design med bl\u00f8dt afrundede hj\u00f8rner og en beroligende naturlig nuance,\",\"breadcrumb\":{\"@id\":\"https:\/\/hubsch-interior.com\/da\/vare\/less-bakke-natur\/#breadcrumb\"},\"inLanguage\":\"da-DK\",\"potentialAction\":[{\"@type\":\"ReadAction\",\"target\":[\"https:\/\/hubsch-interior.com\/da\/vare\/less-bakke-natur\/\"]}]},{\"@type\":\"ImageObject\",\"inLanguage\":\"da-DK\",\"@id\":\"https:\/\/hubsch-interior.com\/da\/vare\/less-bakke-natur\/#primaryimage\",\"url\":\"https:\/\/hubsch-interior.com\/wp-content\/uploads\/2026\/02\/less-tray-natural-e75a24a75f568be070dfa8074cd03519.jpg\",\"contentUrl\":\"https:\/\/hubsch-interior.com\/wp-content\/uploads\/2026\/02\/less-tray-natural-e75a24a75f568be070dfa8074cd03519.jpg\",\"width\":1024,\"height\":1024},{\"@type\":\"BreadcrumbList\",\"@id\":\"https:\/\/hubsch-interior.com\/da\/vare\/less-bakke-natur\/#breadcrumb\",\"itemListElement\":[{\"@type\":\"ListItem\",\"position\":1,\"name\":\"Forside\",\"item\":\"https:\/\/hubsch-interior.com\/da\/\"},{\"@type\":\"ListItem\",\"position\":2,\"name\":\"Produkter\",\"item\":\"https:\/\/hubsch-interior.com\/da\/produkter\/\"},{\"@type\":\"ListItem\",\"position\":3,\"name\":\"K\u00f8kken\",\"item\":\"https:\/\/hubsch-interior.com\/da\/vare-kategori\/koekken\/\"},{\"@type\":\"ListItem\",\"position\":4,\"name\":\"Bordservice\",\"item\":\"https:\/\/hubsch-interior.com\/da\/vare-kategori\/koekken\/bordservice-da-2\/\"},{\"@type\":\"ListItem\",\"position\":5,\"name\":\"Bakker\",\"item\":\"https:\/\/hubsch-interior.com\/da\/vare-kategori\/koekken\/bordservice-da-2\/koekken-bakker-da\/\"},{\"@type\":\"ListItem\",\"position\":6,\"name\":\"Less Bakke Natur\"}]},{\"@type\":\"WebSite\",\"@id\":\"https:\/\/hubsch-interior.com\/da\/#website\",\"url\":\"https:\/\/hubsch-interior.com\/da\/\",\"name\":\"H\u00fcbsch\",\"description\":\"Danish Home Interior and Design\",\"publisher\":{\"@id\":\"https:\/\/hubsch-interior.com\/da\/#organization\"},\"potentialAction\":[{\"@type\":\"SearchAction\",\"target\":{\"@type\":\"EntryPoint\",\"urlTemplate\":\"https:\/\/hubsch-interior.com\/da\/?s={search_term_string}\"},\"query-input\":{\"@type\":\"PropertyValueSpecification\",\"valueRequired\":true,\"valueName\":\"search_term_string\"}}],\"inLanguage\":\"da-DK\"},{\"@type\":\"Organization\",\"@id\":\"https:\/\/hubsch-interior.com\/da\/#organization\",\"name\":\"H\u00fcbsch\",\"url\":\"https:\/\/hubsch-interior.com\/da\/\",\"logo\":{\"@type\":\"ImageObject\",\"inLanguage\":\"da-DK\",\"@id\":\"https:\/\/hubsch-interior.com\/da\/#\/schema\/logo\/image\/\",\"url\":\"https:\/\/hubsch-interior.com\/wp-content\/uploads\/2022\/12\/Hubsch_logo_black_one_line.svg\",\"contentUrl\":\"https:\/\/hubsch-interior.com\/wp-content\/uploads\/2022\/12\/Hubsch_logo_black_one_line.svg\",\"caption\":\"H\u00fcbsch\"},\"image\":{\"@id\":\"https:\/\/hubsch-interior.com\/da\/#\/schema\/logo\/image\/\"}}]}<\/script>\n<!-- \/ Yoast SEO plugin. -->","yoast_head_json":{"title":"Less Bakke Natur - H\u00fcbsch","description":"Enkelthed formet med hensigt. Less Bakke kanaliserer den stille sk\u00f8nhed i japansk design med bl\u00f8dt afrundede hj\u00f8rner og en beroligende naturlig nuance,","robots":{"index":"index","follow":"follow","max-snippet":"max-snippet:-1","max-image-preview":"max-image-preview:large","max-video-preview":"max-video-preview:-1"},"canonical":"https:\/\/hubsch-interior.com\/da\/wp-json\/wp\/v2\/product\/1088387","og_locale":"da_DK","og_type":"article","og_title":"Less Bakke Natur - H\u00fcbsch","og_description":"Enkelthed formet med hensigt. Less Bakke kanaliserer den stille sk\u00f8nhed i japansk design med bl\u00f8dt afrundede hj\u00f8rner og en beroligende naturlig nuance,","og_url":"https:\/\/hubsch-interior.com\/da\/vare\/less-bakke-natur\/","og_site_name":"H\u00fcbsch","article_modified_time":"2026-04-08T02:58:17+00:00","og_image":[{"width":1200,"height":1200,"url":"https:\/\/hubsch-interior.com\/wp-content\/uploads\/2026\/01\/less-tray-natural-22a295ec22d20f561bf608b6eaabfc74.jpg","type":"image\/jpeg"}],"twitter_card":"summary_large_image","schema":{"@context":"https:\/\/schema.org","@graph":[{"@type":"WebPage","@id":"https:\/\/hubsch-interior.com\/da\/vare\/less-bakke-natur\/","url":"https:\/\/hubsch-interior.com\/da\/vare\/less-bakke-natur\/","name":"Less Bakke Natur - H\u00fcbsch","isPartOf":{"@id":"https:\/\/hubsch-interior.com\/da\/#website"},"primaryImageOfPage":{"@id":"https:\/\/hubsch-interior.com\/da\/vare\/less-bakke-natur\/#primaryimage"},"image":{"@id":"https:\/\/hubsch-interior.com\/da\/vare\/less-bakke-natur\/#primaryimage"},"thumbnailUrl":"https:\/\/hubsch-interior.com\/wp-content\/uploads\/2026\/02\/less-tray-natural-e75a24a75f568be070dfa8074cd03519.jpg","datePublished":"2026-01-31T03:40:53+00:00","dateModified":"2026-04-08T02:58:17+00:00","description":"Enkelthed formet med hensigt. Less Bakke kanaliserer den stille sk\u00f8nhed i japansk design med bl\u00f8dt afrundede hj\u00f8rner og en beroligende naturlig nuance,","breadcrumb":{"@id":"https:\/\/hubsch-interior.com\/da\/vare\/less-bakke-natur\/#breadcrumb"},"inLanguage":"da-DK","potentialAction":[{"@type":"ReadAction","target":["https:\/\/hubsch-interior.com\/da\/vare\/less-bakke-natur\/"]}]},{"@type":"ImageObject","inLanguage":"da-DK","@id":"https:\/\/hubsch-interior.com\/da\/vare\/less-bakke-natur\/#primaryimage","url":"https:\/\/hubsch-interior.com\/wp-content\/uploads\/2026\/02\/less-tray-natural-e75a24a75f568be070dfa8074cd03519.jpg","contentUrl":"https:\/\/hubsch-interior.com\/wp-content\/uploads\/2026\/02\/less-tray-natural-e75a24a75f568be070dfa8074cd03519.jpg","width":1024,"height":1024},{"@type":"BreadcrumbList","@id":"https:\/\/hubsch-interior.com\/da\/vare\/less-bakke-natur\/#breadcrumb","itemListElement":[{"@type":"ListItem","position":1,"name":"Forside","item":"https:\/\/hubsch-interior.com\/da\/"},{"@type":"ListItem","position":2,"name":"Produkter","item":"https:\/\/hubsch-interior.com\/da\/produkter\/"},{"@type":"ListItem","position":3,"name":"K\u00f8kken","item":"https:\/\/hubsch-interior.com\/da\/vare-kategori\/koekken\/"},{"@type":"ListItem","position":4,"name":"Bordservice","item":"https:\/\/hubsch-interior.com\/da\/vare-kategori\/koekken\/bordservice-da-2\/"},{"@type":"ListItem","position":5,"name":"Bakker","item":"https:\/\/hubsch-interior.com\/da\/vare-kategori\/koekken\/bordservice-da-2\/koekken-bakker-da\/"},{"@type":"ListItem","position":6,"name":"Less Bakke Natur"}]},{"@type":"WebSite","@id":"https:\/\/hubsch-interior.com\/da\/#website","url":"https:\/\/hubsch-interior.com\/da\/","name":"H\u00fcbsch","description":"Danish Home Interior and Design","publisher":{"@id":"https:\/\/hubsch-interior.com\/da\/#organization"},"potentialAction":[{"@type":"SearchAction","target":{"@type":"EntryPoint","urlTemplate":"https:\/\/hubsch-interior.com\/da\/?s={search_term_string}"},"query-input":{"@type":"PropertyValueSpecification","valueRequired":true,"valueName":"search_term_string"}}],"inLanguage":"da-DK"},{"@type":"Organization","@id":"https:\/\/hubsch-interior.com\/da\/#organization","name":"H\u00fcbsch","url":"https:\/\/hubsch-interior.com\/da\/","logo":{"@type":"ImageObject","inLanguage":"da-DK","@id":"https:\/\/hubsch-interior.com\/da\/#\/schema\/logo\/image\/","url":"https:\/\/hubsch-interior.com\/wp-content\/uploads\/2022\/12\/Hubsch_logo_black_one_line.svg","contentUrl":"https:\/\/hubsch-interior.com\/wp-content\/uploads\/2022\/12\/Hubsch_logo_black_one_line.svg","caption":"H\u00fcbsch"},"image":{"@id":"https:\/\/hubsch-interior.com\/da\/#\/schema\/logo\/image\/"}}]}},"_links":{"self":[{"href":"https:\/\/hubsch-interior.com\/da\/wp-json\/wp\/v2\/product\/1088387","targetHints":{"allow":["GET"]}}],"collection":[{"href":"https:\/\/hubsch-interior.com\/da\/wp-json\/wp\/v2\/product"}],"about":[{"href":"https:\/\/hubsch-interior.com\/da\/wp-json\/wp\/v2\/types\/product"}],"wp:featuredmedia":[{"embeddable":true,"href":"https:\/\/hubsch-interior.com\/da\/wp-json\/wp\/v2\/media\/1105563"}],"wp:attachment":[{"href":"https:\/\/hubsch-interior.com\/da\/wp-json\/wp\/v2\/media?parent=1088387"}],"wp:term":[{"taxonomy":"product_brand","embeddable":true,"href":"https:\/\/hubsch-interior.com\/da\/wp-json\/wp\/v2\/product_brand?post=1088387"},{"taxonomy":"product_cat","embeddable":true,"href":"https:\/\/hubsch-interior.com\/da\/wp-json\/wp\/v2\/product_cat?post=1088387"},{"taxonomy":"product_tag","embeddable":true,"href":"https:\/\/hubsch-interior.com\/da\/wp-json\/wp\/v2\/product_tag?post=1088387"}],"curies":[{"name":"wp","href":"https:\/\/api.w.org\/{rel}","templated":true}]}}