{"id":1088427,"date":"2026-01-31T04:41:21","date_gmt":"2026-01-31T03:41:21","guid":{"rendered":"https:\/\/hubsch-interior.com\/product\/product\/"},"modified":"2026-04-08T04:58:29","modified_gmt":"2026-04-08T02:58:29","slug":"less-bakke-sort","status":"publish","type":"product","link":"https:\/\/hubsch-interior.com\/da\/vare\/less-bakke-sort\/","title":{"rendered":"Less Bakke Sort"},"content":{"rendered":"<p>Jordn\u00e6r, diskret og uendeligt anvendelig. Less Bakke i varm brun tilf\u00f8rer en rolig atmosf\u00e6re til dit rum med bl\u00f8dt afrundede hj\u00f8rner og et design inspireret af japansk minimalisme. Fremstillet af FSC-certificeret tr\u00e6 er det et alsidigt stykke, der b\u00e5de kan bruges til servering, opbevaring, eller blot st\u00e5 som en del af indretningen \u2013 og tilf\u00f8jer en stille struktur til dine daglige ritualer. Et funktionelt accentstykke, der taler sagte, men med vedvarende n\u00e6rv\u00e6r.<\/p>\n","protected":false},"excerpt":{"rendered":"<p>Jordn\u00e6r, diskret og uendeligt anvendelig. Less Bakke i varm brun tilf\u00f8rer en rolig atmosf\u00e6re til dit rum med bl\u00f8dt afrundede hj\u00f8rner og et design inspireret af japansk minimalisme. Fremstillet af FSC-certificeret tr\u00e6 er det et alsidigt stykke, der b\u00e5de kan bruges til servering, opbevaring, eller blot st\u00e5 som en del af indretningen \u2013 og tilf\u00f8jer [&hellip;]<\/p>\n","protected":false},"featured_media":1115776,"template":"","meta":{"_acf_changed":false,"inline_featured_image":false},"product_brand":[],"product_cat":[7153,7038,7025,6970,6321,4051,4052,5045,6517],"product_tag":[],"class_list":{"0":"post-1088427","1":"product","2":"type-product","3":"status-publish","4":"has-post-thumbnail","6":"product_cat-dweller-da","7":"product_cat-koekken-bakker-da","8":"product_cat-bordservice-da-2","9":"product_cat-paaskeudsalg","10":"product_cat-fsc-da","11":"product_cat-koekkentilbehoer-da","12":"product_cat-bakker-da","13":"product_cat-nyheder-da","14":"product_cat-outlet-da","15":"product_shipping_class-pk","16":"pa_color-sort","17":"pa_material-ask-da","18":"pa_material-askfiner","19":"pa_material-mdf-da","21":"first","22":"instock","23":"sale","24":"taxable","25":"shipping-taxable","26":"purchasable","27":"product-type-simple"},"exclude_global_add_ons":[],"addons":[],"acf":[],"yoast_head":"<!-- This site is optimized with the Yoast SEO plugin v26.4 - https:\/\/yoast.com\/wordpress\/plugins\/seo\/ -->\n<title>Less Bakke Sort - H\u00fcbsch<\/title>\n<meta name=\"description\" content=\"Jordn\u00e6r, diskret og uendeligt anvendelig. Less Bakke i varm brun tilf\u00f8rer en rolig atmosf\u00e6re til dit rum med bl\u00f8dt afrundede hj\u00f8rner og et design\" \/>\n<meta name=\"robots\" content=\"index, follow, max-snippet:-1, max-image-preview:large, max-video-preview:-1\" \/>\n<link rel=\"canonical\" href=\"https:\/\/hubsch-interior.com\/da\/wp-json\/wp\/v2\/product\/1088427\" \/>\n<meta property=\"og:locale\" content=\"da_DK\" \/>\n<meta property=\"og:type\" content=\"article\" \/>\n<meta property=\"og:title\" content=\"Less Bakke Sort - H\u00fcbsch\" \/>\n<meta property=\"og:description\" content=\"Jordn\u00e6r, diskret og uendeligt anvendelig. Less Bakke i varm brun tilf\u00f8rer en rolig atmosf\u00e6re til dit rum med bl\u00f8dt afrundede hj\u00f8rner og et design\" \/>\n<meta property=\"og:url\" content=\"https:\/\/hubsch-interior.com\/da\/vare\/less-bakke-sort\/\" \/>\n<meta property=\"og:site_name\" content=\"H\u00fcbsch\" \/>\n<meta property=\"article:modified_time\" content=\"2026-04-08T02:58:29+00:00\" \/>\n<meta property=\"og:image\" content=\"https:\/\/hubsch-interior.com\/wp-content\/uploads\/2026\/01\/less-tray-black-b0c66b39b817bac5190d97c0be99aa24.jpg\" \/>\n\t<meta property=\"og:image:width\" content=\"1200\" \/>\n\t<meta property=\"og:image:height\" content=\"1200\" \/>\n\t<meta property=\"og:image:type\" content=\"image\/jpeg\" \/>\n<meta name=\"twitter:card\" content=\"summary_large_image\" \/>\n<script type=\"application\/ld+json\" class=\"yoast-schema-graph\">{\"@context\":\"https:\/\/schema.org\",\"@graph\":[{\"@type\":\"WebPage\",\"@id\":\"https:\/\/hubsch-interior.com\/da\/vare\/less-bakke-sort\/\",\"url\":\"https:\/\/hubsch-interior.com\/da\/vare\/less-bakke-sort\/\",\"name\":\"Less Bakke Sort - H\u00fcbsch\",\"isPartOf\":{\"@id\":\"https:\/\/hubsch-interior.com\/da\/#website\"},\"primaryImageOfPage\":{\"@id\":\"https:\/\/hubsch-interior.com\/da\/vare\/less-bakke-sort\/#primaryimage\"},\"image\":{\"@id\":\"https:\/\/hubsch-interior.com\/da\/vare\/less-bakke-sort\/#primaryimage\"},\"thumbnailUrl\":\"https:\/\/hubsch-interior.com\/wp-content\/uploads\/2026\/03\/less-tray-black-8edcdec0c5198eb8f21a8430130b7af1.jpg\",\"datePublished\":\"2026-01-31T03:41:21+00:00\",\"dateModified\":\"2026-04-08T02:58:29+00:00\",\"description\":\"Jordn\u00e6r, diskret og uendeligt anvendelig. Less Bakke i varm brun tilf\u00f8rer en rolig atmosf\u00e6re til dit rum med bl\u00f8dt afrundede hj\u00f8rner og et design\",\"breadcrumb\":{\"@id\":\"https:\/\/hubsch-interior.com\/da\/vare\/less-bakke-sort\/#breadcrumb\"},\"inLanguage\":\"da-DK\",\"potentialAction\":[{\"@type\":\"ReadAction\",\"target\":[\"https:\/\/hubsch-interior.com\/da\/vare\/less-bakke-sort\/\"]}]},{\"@type\":\"ImageObject\",\"inLanguage\":\"da-DK\",\"@id\":\"https:\/\/hubsch-interior.com\/da\/vare\/less-bakke-sort\/#primaryimage\",\"url\":\"https:\/\/hubsch-interior.com\/wp-content\/uploads\/2026\/03\/less-tray-black-8edcdec0c5198eb8f21a8430130b7af1.jpg\",\"contentUrl\":\"https:\/\/hubsch-interior.com\/wp-content\/uploads\/2026\/03\/less-tray-black-8edcdec0c5198eb8f21a8430130b7af1.jpg\",\"width\":1024,\"height\":1024},{\"@type\":\"BreadcrumbList\",\"@id\":\"https:\/\/hubsch-interior.com\/da\/vare\/less-bakke-sort\/#breadcrumb\",\"itemListElement\":[{\"@type\":\"ListItem\",\"position\":1,\"name\":\"Forside\",\"item\":\"https:\/\/hubsch-interior.com\/da\/\"},{\"@type\":\"ListItem\",\"position\":2,\"name\":\"Produkter\",\"item\":\"https:\/\/hubsch-interior.com\/da\/produkter\/\"},{\"@type\":\"ListItem\",\"position\":3,\"name\":\"K\u00f8kken\",\"item\":\"https:\/\/hubsch-interior.com\/da\/vare-kategori\/koekken\/\"},{\"@type\":\"ListItem\",\"position\":4,\"name\":\"Bordservice\",\"item\":\"https:\/\/hubsch-interior.com\/da\/vare-kategori\/koekken\/bordservice-da-2\/\"},{\"@type\":\"ListItem\",\"position\":5,\"name\":\"Bakker\",\"item\":\"https:\/\/hubsch-interior.com\/da\/vare-kategori\/koekken\/bordservice-da-2\/koekken-bakker-da\/\"},{\"@type\":\"ListItem\",\"position\":6,\"name\":\"Less Bakke Sort\"}]},{\"@type\":\"WebSite\",\"@id\":\"https:\/\/hubsch-interior.com\/da\/#website\",\"url\":\"https:\/\/hubsch-interior.com\/da\/\",\"name\":\"H\u00fcbsch\",\"description\":\"Danish Home Interior and Design\",\"publisher\":{\"@id\":\"https:\/\/hubsch-interior.com\/da\/#organization\"},\"potentialAction\":[{\"@type\":\"SearchAction\",\"target\":{\"@type\":\"EntryPoint\",\"urlTemplate\":\"https:\/\/hubsch-interior.com\/da\/?s={search_term_string}\"},\"query-input\":{\"@type\":\"PropertyValueSpecification\",\"valueRequired\":true,\"valueName\":\"search_term_string\"}}],\"inLanguage\":\"da-DK\"},{\"@type\":\"Organization\",\"@id\":\"https:\/\/hubsch-interior.com\/da\/#organization\",\"name\":\"H\u00fcbsch\",\"url\":\"https:\/\/hubsch-interior.com\/da\/\",\"logo\":{\"@type\":\"ImageObject\",\"inLanguage\":\"da-DK\",\"@id\":\"https:\/\/hubsch-interior.com\/da\/#\/schema\/logo\/image\/\",\"url\":\"https:\/\/hubsch-interior.com\/wp-content\/uploads\/2022\/12\/Hubsch_logo_black_one_line.svg\",\"contentUrl\":\"https:\/\/hubsch-interior.com\/wp-content\/uploads\/2022\/12\/Hubsch_logo_black_one_line.svg\",\"caption\":\"H\u00fcbsch\"},\"image\":{\"@id\":\"https:\/\/hubsch-interior.com\/da\/#\/schema\/logo\/image\/\"}}]}<\/script>\n<!-- \/ Yoast SEO plugin. -->","yoast_head_json":{"title":"Less Bakke Sort - H\u00fcbsch","description":"Jordn\u00e6r, diskret og uendeligt anvendelig. Less Bakke i varm brun tilf\u00f8rer en rolig atmosf\u00e6re til dit rum med bl\u00f8dt afrundede hj\u00f8rner og et design","robots":{"index":"index","follow":"follow","max-snippet":"max-snippet:-1","max-image-preview":"max-image-preview:large","max-video-preview":"max-video-preview:-1"},"canonical":"https:\/\/hubsch-interior.com\/da\/wp-json\/wp\/v2\/product\/1088427","og_locale":"da_DK","og_type":"article","og_title":"Less Bakke Sort - H\u00fcbsch","og_description":"Jordn\u00e6r, diskret og uendeligt anvendelig. Less Bakke i varm brun tilf\u00f8rer en rolig atmosf\u00e6re til dit rum med bl\u00f8dt afrundede hj\u00f8rner og et design","og_url":"https:\/\/hubsch-interior.com\/da\/vare\/less-bakke-sort\/","og_site_name":"H\u00fcbsch","article_modified_time":"2026-04-08T02:58:29+00:00","og_image":[{"width":1200,"height":1200,"url":"https:\/\/hubsch-interior.com\/wp-content\/uploads\/2026\/01\/less-tray-black-b0c66b39b817bac5190d97c0be99aa24.jpg","type":"image\/jpeg"}],"twitter_card":"summary_large_image","schema":{"@context":"https:\/\/schema.org","@graph":[{"@type":"WebPage","@id":"https:\/\/hubsch-interior.com\/da\/vare\/less-bakke-sort\/","url":"https:\/\/hubsch-interior.com\/da\/vare\/less-bakke-sort\/","name":"Less Bakke Sort - H\u00fcbsch","isPartOf":{"@id":"https:\/\/hubsch-interior.com\/da\/#website"},"primaryImageOfPage":{"@id":"https:\/\/hubsch-interior.com\/da\/vare\/less-bakke-sort\/#primaryimage"},"image":{"@id":"https:\/\/hubsch-interior.com\/da\/vare\/less-bakke-sort\/#primaryimage"},"thumbnailUrl":"https:\/\/hubsch-interior.com\/wp-content\/uploads\/2026\/03\/less-tray-black-8edcdec0c5198eb8f21a8430130b7af1.jpg","datePublished":"2026-01-31T03:41:21+00:00","dateModified":"2026-04-08T02:58:29+00:00","description":"Jordn\u00e6r, diskret og uendeligt anvendelig. Less Bakke i varm brun tilf\u00f8rer en rolig atmosf\u00e6re til dit rum med bl\u00f8dt afrundede hj\u00f8rner og et design","breadcrumb":{"@id":"https:\/\/hubsch-interior.com\/da\/vare\/less-bakke-sort\/#breadcrumb"},"inLanguage":"da-DK","potentialAction":[{"@type":"ReadAction","target":["https:\/\/hubsch-interior.com\/da\/vare\/less-bakke-sort\/"]}]},{"@type":"ImageObject","inLanguage":"da-DK","@id":"https:\/\/hubsch-interior.com\/da\/vare\/less-bakke-sort\/#primaryimage","url":"https:\/\/hubsch-interior.com\/wp-content\/uploads\/2026\/03\/less-tray-black-8edcdec0c5198eb8f21a8430130b7af1.jpg","contentUrl":"https:\/\/hubsch-interior.com\/wp-content\/uploads\/2026\/03\/less-tray-black-8edcdec0c5198eb8f21a8430130b7af1.jpg","width":1024,"height":1024},{"@type":"BreadcrumbList","@id":"https:\/\/hubsch-interior.com\/da\/vare\/less-bakke-sort\/#breadcrumb","itemListElement":[{"@type":"ListItem","position":1,"name":"Forside","item":"https:\/\/hubsch-interior.com\/da\/"},{"@type":"ListItem","position":2,"name":"Produkter","item":"https:\/\/hubsch-interior.com\/da\/produkter\/"},{"@type":"ListItem","position":3,"name":"K\u00f8kken","item":"https:\/\/hubsch-interior.com\/da\/vare-kategori\/koekken\/"},{"@type":"ListItem","position":4,"name":"Bordservice","item":"https:\/\/hubsch-interior.com\/da\/vare-kategori\/koekken\/bordservice-da-2\/"},{"@type":"ListItem","position":5,"name":"Bakker","item":"https:\/\/hubsch-interior.com\/da\/vare-kategori\/koekken\/bordservice-da-2\/koekken-bakker-da\/"},{"@type":"ListItem","position":6,"name":"Less Bakke Sort"}]},{"@type":"WebSite","@id":"https:\/\/hubsch-interior.com\/da\/#website","url":"https:\/\/hubsch-interior.com\/da\/","name":"H\u00fcbsch","description":"Danish Home Interior and Design","publisher":{"@id":"https:\/\/hubsch-interior.com\/da\/#organization"},"potentialAction":[{"@type":"SearchAction","target":{"@type":"EntryPoint","urlTemplate":"https:\/\/hubsch-interior.com\/da\/?s={search_term_string}"},"query-input":{"@type":"PropertyValueSpecification","valueRequired":true,"valueName":"search_term_string"}}],"inLanguage":"da-DK"},{"@type":"Organization","@id":"https:\/\/hubsch-interior.com\/da\/#organization","name":"H\u00fcbsch","url":"https:\/\/hubsch-interior.com\/da\/","logo":{"@type":"ImageObject","inLanguage":"da-DK","@id":"https:\/\/hubsch-interior.com\/da\/#\/schema\/logo\/image\/","url":"https:\/\/hubsch-interior.com\/wp-content\/uploads\/2022\/12\/Hubsch_logo_black_one_line.svg","contentUrl":"https:\/\/hubsch-interior.com\/wp-content\/uploads\/2022\/12\/Hubsch_logo_black_one_line.svg","caption":"H\u00fcbsch"},"image":{"@id":"https:\/\/hubsch-interior.com\/da\/#\/schema\/logo\/image\/"}}]}},"_links":{"self":[{"href":"https:\/\/hubsch-interior.com\/da\/wp-json\/wp\/v2\/product\/1088427","targetHints":{"allow":["GET"]}}],"collection":[{"href":"https:\/\/hubsch-interior.com\/da\/wp-json\/wp\/v2\/product"}],"about":[{"href":"https:\/\/hubsch-interior.com\/da\/wp-json\/wp\/v2\/types\/product"}],"wp:featuredmedia":[{"embeddable":true,"href":"https:\/\/hubsch-interior.com\/da\/wp-json\/wp\/v2\/media\/1115776"}],"wp:attachment":[{"href":"https:\/\/hubsch-interior.com\/da\/wp-json\/wp\/v2\/media?parent=1088427"}],"wp:term":[{"taxonomy":"product_brand","embeddable":true,"href":"https:\/\/hubsch-interior.com\/da\/wp-json\/wp\/v2\/product_brand?post=1088427"},{"taxonomy":"product_cat","embeddable":true,"href":"https:\/\/hubsch-interior.com\/da\/wp-json\/wp\/v2\/product_cat?post=1088427"},{"taxonomy":"product_tag","embeddable":true,"href":"https:\/\/hubsch-interior.com\/da\/wp-json\/wp\/v2\/product_tag?post=1088427"}],"curies":[{"name":"wp","href":"https:\/\/api.w.org\/{rel}","templated":true}]}}