{"id":1088451,"date":"2026-01-31T04:59:51","date_gmt":"2026-01-31T03:59:51","guid":{"rendered":"https:\/\/hubsch-interior.com\/product\/product\/"},"modified":"2026-04-08T05:08:31","modified_gmt":"2026-04-08T03:08:31","slug":"book-bordlampe","status":"publish","type":"product","link":"https:\/\/hubsch-interior.com\/da\/vare\/book-bordlampe\/","title":{"rendered":"Book Bordlampe"},"content":{"rendered":"<p>En lampe fork\u00e6dt som et designelement. Book Bordlampen i en dyb petroleumsfarve tilf\u00f8rer klog charme til dine hylder, hvor den kan indg\u00e5 blandt dine b\u00f8ger eller skille sig ud som en skulpturel accent. Med sit d\u00e6mpbare sk\u00e6r og evnen til at st\u00e5 oprejst eller ligge fladt, tilpasser den sig nemt til dit rum \u2014 og dit hum\u00f8r. Et varmt lys til afslapning eller en klar str\u00e5le til fokuserede \u00f8jeblikke; den er lige s\u00e5 fleksibel, som den er smuk. Et stilf\u00e6rdigt genialt stykke, der bringer lys pr\u00e6cis hvor (og hvordan) du \u00f8nsker det.<\/p>\n","protected":false},"excerpt":{"rendered":"<p>En lampe fork\u00e6dt som et designelement. Book Bordlampen i en dyb petroleumsfarve tilf\u00f8rer klog charme til dine hylder, hvor den kan indg\u00e5 blandt dine b\u00f8ger eller skille sig ud som en skulpturel accent. Med sit d\u00e6mpbare sk\u00e6r og evnen til at st\u00e5 oprejst eller ligge fladt, tilpasser den sig nemt til dit rum \u2014 og [&hellip;]<\/p>\n","protected":false},"featured_media":1108154,"template":"","meta":{"_acf_changed":false,"inline_featured_image":false},"product_brand":[],"product_cat":[7153,3808,3499,5045],"product_tag":[],"class_list":{"0":"post-1088451","1":"product","2":"type-product","3":"status-publish","4":"has-post-thumbnail","6":"product_cat-dweller-da","7":"product_cat-belysning","8":"product_cat-bordlamper-da","9":"product_cat-nyheder-da","10":"product_shipping_class-pk","11":"pa_material-glas-da","12":"pa_material-jern-da","14":"first","15":"instock","16":"taxable","17":"shipping-taxable","18":"purchasable","19":"product-type-simple"},"exclude_global_add_ons":[],"addons":[],"acf":[],"yoast_head":"<!-- This site is optimized with the Yoast SEO plugin v26.4 - https:\/\/yoast.com\/wordpress\/plugins\/seo\/ -->\n<title>Book Bordlampe - H\u00fcbsch<\/title>\n<meta name=\"description\" content=\"En lampe fork\u00e6dt som et designelement. Book Bordlampen i en dyb petroleumsfarve tilf\u00f8rer klog charme til dine hylder, hvor den kan indg\u00e5 blandt dine b\u00f8ger\" \/>\n<meta name=\"robots\" content=\"index, follow, max-snippet:-1, max-image-preview:large, max-video-preview:-1\" \/>\n<link rel=\"canonical\" href=\"https:\/\/hubsch-interior.com\/da\/wp-json\/wp\/v2\/product\/1088451\" \/>\n<meta property=\"og:locale\" content=\"da_DK\" \/>\n<meta property=\"og:type\" content=\"article\" \/>\n<meta property=\"og:title\" content=\"Book Bordlampe - H\u00fcbsch\" \/>\n<meta property=\"og:description\" content=\"En lampe fork\u00e6dt som et designelement. Book Bordlampen i en dyb petroleumsfarve tilf\u00f8rer klog charme til dine hylder, hvor den kan indg\u00e5 blandt dine b\u00f8ger\" \/>\n<meta property=\"og:url\" content=\"https:\/\/hubsch-interior.com\/da\/vare\/book-bordlampe\/\" \/>\n<meta property=\"og:site_name\" content=\"H\u00fcbsch\" \/>\n<meta property=\"article:modified_time\" content=\"2026-04-08T03:08:31+00:00\" \/>\n<meta property=\"og:image\" content=\"https:\/\/hubsch-interior.com\/wp-content\/uploads\/2026\/02\/book-table-lamp-petrol-bf23fed49eb1b4f3e235b4a246873f71.jpg\" \/>\n\t<meta property=\"og:image:width\" content=\"1024\" \/>\n\t<meta property=\"og:image:height\" content=\"1024\" \/>\n\t<meta property=\"og:image:type\" content=\"image\/jpeg\" \/>\n<meta name=\"twitter:card\" content=\"summary_large_image\" \/>\n<meta name=\"twitter:label1\" content=\"Estimeret l\u00e6setid\" \/>\n\t<meta name=\"twitter:data1\" content=\"1 minut\" \/>\n<script type=\"application\/ld+json\" class=\"yoast-schema-graph\">{\"@context\":\"https:\/\/schema.org\",\"@graph\":[{\"@type\":\"WebPage\",\"@id\":\"https:\/\/hubsch-interior.com\/da\/vare\/book-bordlampe\/\",\"url\":\"https:\/\/hubsch-interior.com\/da\/vare\/book-bordlampe\/\",\"name\":\"Book Bordlampe - H\u00fcbsch\",\"isPartOf\":{\"@id\":\"https:\/\/hubsch-interior.com\/da\/#website\"},\"primaryImageOfPage\":{\"@id\":\"https:\/\/hubsch-interior.com\/da\/vare\/book-bordlampe\/#primaryimage\"},\"image\":{\"@id\":\"https:\/\/hubsch-interior.com\/da\/vare\/book-bordlampe\/#primaryimage\"},\"thumbnailUrl\":\"https:\/\/hubsch-interior.com\/wp-content\/uploads\/2026\/02\/book-table-lamp-petrol-bf23fed49eb1b4f3e235b4a246873f71.jpg\",\"datePublished\":\"2026-01-31T03:59:51+00:00\",\"dateModified\":\"2026-04-08T03:08:31+00:00\",\"description\":\"En lampe fork\u00e6dt som et designelement. Book Bordlampen i en dyb petroleumsfarve tilf\u00f8rer klog charme til dine hylder, hvor den kan indg\u00e5 blandt dine b\u00f8ger\",\"breadcrumb\":{\"@id\":\"https:\/\/hubsch-interior.com\/da\/vare\/book-bordlampe\/#breadcrumb\"},\"inLanguage\":\"da-DK\",\"potentialAction\":[{\"@type\":\"ReadAction\",\"target\":[\"https:\/\/hubsch-interior.com\/da\/vare\/book-bordlampe\/\"]}]},{\"@type\":\"ImageObject\",\"inLanguage\":\"da-DK\",\"@id\":\"https:\/\/hubsch-interior.com\/da\/vare\/book-bordlampe\/#primaryimage\",\"url\":\"https:\/\/hubsch-interior.com\/wp-content\/uploads\/2026\/02\/book-table-lamp-petrol-bf23fed49eb1b4f3e235b4a246873f71.jpg\",\"contentUrl\":\"https:\/\/hubsch-interior.com\/wp-content\/uploads\/2026\/02\/book-table-lamp-petrol-bf23fed49eb1b4f3e235b4a246873f71.jpg\",\"width\":1024,\"height\":1024},{\"@type\":\"BreadcrumbList\",\"@id\":\"https:\/\/hubsch-interior.com\/da\/vare\/book-bordlampe\/#breadcrumb\",\"itemListElement\":[{\"@type\":\"ListItem\",\"position\":1,\"name\":\"Forside\",\"item\":\"https:\/\/hubsch-interior.com\/da\/\"},{\"@type\":\"ListItem\",\"position\":2,\"name\":\"Produkter\",\"item\":\"https:\/\/hubsch-interior.com\/da\/produkter\/\"},{\"@type\":\"ListItem\",\"position\":3,\"name\":\"Belysning\",\"item\":\"https:\/\/hubsch-interior.com\/da\/vare-kategori\/belysning\/\"},{\"@type\":\"ListItem\",\"position\":4,\"name\":\"Bordlamper\",\"item\":\"https:\/\/hubsch-interior.com\/da\/vare-kategori\/belysning\/bordlamper-da\/\"},{\"@type\":\"ListItem\",\"position\":5,\"name\":\"Book Bordlampe\"}]},{\"@type\":\"WebSite\",\"@id\":\"https:\/\/hubsch-interior.com\/da\/#website\",\"url\":\"https:\/\/hubsch-interior.com\/da\/\",\"name\":\"H\u00fcbsch\",\"description\":\"Danish Home Interior and Design\",\"publisher\":{\"@id\":\"https:\/\/hubsch-interior.com\/da\/#organization\"},\"potentialAction\":[{\"@type\":\"SearchAction\",\"target\":{\"@type\":\"EntryPoint\",\"urlTemplate\":\"https:\/\/hubsch-interior.com\/da\/?s={search_term_string}\"},\"query-input\":{\"@type\":\"PropertyValueSpecification\",\"valueRequired\":true,\"valueName\":\"search_term_string\"}}],\"inLanguage\":\"da-DK\"},{\"@type\":\"Organization\",\"@id\":\"https:\/\/hubsch-interior.com\/da\/#organization\",\"name\":\"H\u00fcbsch\",\"url\":\"https:\/\/hubsch-interior.com\/da\/\",\"logo\":{\"@type\":\"ImageObject\",\"inLanguage\":\"da-DK\",\"@id\":\"https:\/\/hubsch-interior.com\/da\/#\/schema\/logo\/image\/\",\"url\":\"https:\/\/hubsch-interior.com\/wp-content\/uploads\/2022\/12\/Hubsch_logo_black_one_line.svg\",\"contentUrl\":\"https:\/\/hubsch-interior.com\/wp-content\/uploads\/2022\/12\/Hubsch_logo_black_one_line.svg\",\"caption\":\"H\u00fcbsch\"},\"image\":{\"@id\":\"https:\/\/hubsch-interior.com\/da\/#\/schema\/logo\/image\/\"}}]}<\/script>\n<!-- \/ Yoast SEO plugin. -->","yoast_head_json":{"title":"Book Bordlampe - H\u00fcbsch","description":"En lampe fork\u00e6dt som et designelement. Book Bordlampen i en dyb petroleumsfarve tilf\u00f8rer klog charme til dine hylder, hvor den kan indg\u00e5 blandt dine b\u00f8ger","robots":{"index":"index","follow":"follow","max-snippet":"max-snippet:-1","max-image-preview":"max-image-preview:large","max-video-preview":"max-video-preview:-1"},"canonical":"https:\/\/hubsch-interior.com\/da\/wp-json\/wp\/v2\/product\/1088451","og_locale":"da_DK","og_type":"article","og_title":"Book Bordlampe - H\u00fcbsch","og_description":"En lampe fork\u00e6dt som et designelement. Book Bordlampen i en dyb petroleumsfarve tilf\u00f8rer klog charme til dine hylder, hvor den kan indg\u00e5 blandt dine b\u00f8ger","og_url":"https:\/\/hubsch-interior.com\/da\/vare\/book-bordlampe\/","og_site_name":"H\u00fcbsch","article_modified_time":"2026-04-08T03:08:31+00:00","og_image":[{"width":1024,"height":1024,"url":"https:\/\/hubsch-interior.com\/wp-content\/uploads\/2026\/02\/book-table-lamp-petrol-bf23fed49eb1b4f3e235b4a246873f71.jpg","type":"image\/jpeg"}],"twitter_card":"summary_large_image","twitter_misc":{"Estimeret l\u00e6setid":"1 minut"},"schema":{"@context":"https:\/\/schema.org","@graph":[{"@type":"WebPage","@id":"https:\/\/hubsch-interior.com\/da\/vare\/book-bordlampe\/","url":"https:\/\/hubsch-interior.com\/da\/vare\/book-bordlampe\/","name":"Book Bordlampe - H\u00fcbsch","isPartOf":{"@id":"https:\/\/hubsch-interior.com\/da\/#website"},"primaryImageOfPage":{"@id":"https:\/\/hubsch-interior.com\/da\/vare\/book-bordlampe\/#primaryimage"},"image":{"@id":"https:\/\/hubsch-interior.com\/da\/vare\/book-bordlampe\/#primaryimage"},"thumbnailUrl":"https:\/\/hubsch-interior.com\/wp-content\/uploads\/2026\/02\/book-table-lamp-petrol-bf23fed49eb1b4f3e235b4a246873f71.jpg","datePublished":"2026-01-31T03:59:51+00:00","dateModified":"2026-04-08T03:08:31+00:00","description":"En lampe fork\u00e6dt som et designelement. Book Bordlampen i en dyb petroleumsfarve tilf\u00f8rer klog charme til dine hylder, hvor den kan indg\u00e5 blandt dine b\u00f8ger","breadcrumb":{"@id":"https:\/\/hubsch-interior.com\/da\/vare\/book-bordlampe\/#breadcrumb"},"inLanguage":"da-DK","potentialAction":[{"@type":"ReadAction","target":["https:\/\/hubsch-interior.com\/da\/vare\/book-bordlampe\/"]}]},{"@type":"ImageObject","inLanguage":"da-DK","@id":"https:\/\/hubsch-interior.com\/da\/vare\/book-bordlampe\/#primaryimage","url":"https:\/\/hubsch-interior.com\/wp-content\/uploads\/2026\/02\/book-table-lamp-petrol-bf23fed49eb1b4f3e235b4a246873f71.jpg","contentUrl":"https:\/\/hubsch-interior.com\/wp-content\/uploads\/2026\/02\/book-table-lamp-petrol-bf23fed49eb1b4f3e235b4a246873f71.jpg","width":1024,"height":1024},{"@type":"BreadcrumbList","@id":"https:\/\/hubsch-interior.com\/da\/vare\/book-bordlampe\/#breadcrumb","itemListElement":[{"@type":"ListItem","position":1,"name":"Forside","item":"https:\/\/hubsch-interior.com\/da\/"},{"@type":"ListItem","position":2,"name":"Produkter","item":"https:\/\/hubsch-interior.com\/da\/produkter\/"},{"@type":"ListItem","position":3,"name":"Belysning","item":"https:\/\/hubsch-interior.com\/da\/vare-kategori\/belysning\/"},{"@type":"ListItem","position":4,"name":"Bordlamper","item":"https:\/\/hubsch-interior.com\/da\/vare-kategori\/belysning\/bordlamper-da\/"},{"@type":"ListItem","position":5,"name":"Book Bordlampe"}]},{"@type":"WebSite","@id":"https:\/\/hubsch-interior.com\/da\/#website","url":"https:\/\/hubsch-interior.com\/da\/","name":"H\u00fcbsch","description":"Danish Home Interior and Design","publisher":{"@id":"https:\/\/hubsch-interior.com\/da\/#organization"},"potentialAction":[{"@type":"SearchAction","target":{"@type":"EntryPoint","urlTemplate":"https:\/\/hubsch-interior.com\/da\/?s={search_term_string}"},"query-input":{"@type":"PropertyValueSpecification","valueRequired":true,"valueName":"search_term_string"}}],"inLanguage":"da-DK"},{"@type":"Organization","@id":"https:\/\/hubsch-interior.com\/da\/#organization","name":"H\u00fcbsch","url":"https:\/\/hubsch-interior.com\/da\/","logo":{"@type":"ImageObject","inLanguage":"da-DK","@id":"https:\/\/hubsch-interior.com\/da\/#\/schema\/logo\/image\/","url":"https:\/\/hubsch-interior.com\/wp-content\/uploads\/2022\/12\/Hubsch_logo_black_one_line.svg","contentUrl":"https:\/\/hubsch-interior.com\/wp-content\/uploads\/2022\/12\/Hubsch_logo_black_one_line.svg","caption":"H\u00fcbsch"},"image":{"@id":"https:\/\/hubsch-interior.com\/da\/#\/schema\/logo\/image\/"}}]}},"_links":{"self":[{"href":"https:\/\/hubsch-interior.com\/da\/wp-json\/wp\/v2\/product\/1088451","targetHints":{"allow":["GET"]}}],"collection":[{"href":"https:\/\/hubsch-interior.com\/da\/wp-json\/wp\/v2\/product"}],"about":[{"href":"https:\/\/hubsch-interior.com\/da\/wp-json\/wp\/v2\/types\/product"}],"wp:featuredmedia":[{"embeddable":true,"href":"https:\/\/hubsch-interior.com\/da\/wp-json\/wp\/v2\/media\/1108154"}],"wp:attachment":[{"href":"https:\/\/hubsch-interior.com\/da\/wp-json\/wp\/v2\/media?parent=1088451"}],"wp:term":[{"taxonomy":"product_brand","embeddable":true,"href":"https:\/\/hubsch-interior.com\/da\/wp-json\/wp\/v2\/product_brand?post=1088451"},{"taxonomy":"product_cat","embeddable":true,"href":"https:\/\/hubsch-interior.com\/da\/wp-json\/wp\/v2\/product_cat?post=1088451"},{"taxonomy":"product_tag","embeddable":true,"href":"https:\/\/hubsch-interior.com\/da\/wp-json\/wp\/v2\/product_tag?post=1088451"}],"curies":[{"name":"wp","href":"https:\/\/api.w.org\/{rel}","templated":true}]}}