{"id":1088483,"date":"2026-01-31T05:00:12","date_gmt":"2026-01-31T04:00:12","guid":{"rendered":"https:\/\/hubsch-interior.com\/product\/product\/"},"modified":"2026-04-06T05:06:13","modified_gmt":"2026-04-06T03:06:13","slug":"tube-pendel-small","status":"publish","type":"product","link":"https:\/\/hubsch-interior.com\/da\/vare\/tube-pendel-small\/","title":{"rendered":"Tube Pendel Small"},"content":{"rendered":"<p>Skarpe linjer, bl\u00f8dt sk\u00e6r. Tube Pendel i metallisk gr\u00f8n skaber en dristig balance mellem minimalisme og karakter \u2014 diskret nok til at passe ind, markant nok til at skille sig ud. Dens slanke form g\u00f8r den perfekt til at kaste lys over k\u00f8kkenborde eller spiseborde, mens den 3-trins d\u00e6mpbare funktion lader dig nemt skifte stemning. Tilg\u00e6ngelig i to elegante varianter, det er belysning med n\u00e6rv\u00e6r, ikke volumen. En raffineret detalje, der l\u00f8fter det daglige \u2014 et sk\u00e6r ad gangen.<\/p>\n","protected":false},"excerpt":{"rendered":"<p>Skarpe linjer, bl\u00f8dt sk\u00e6r. Tube Pendel i metallisk gr\u00f8n skaber en dristig balance mellem minimalisme og karakter \u2014 diskret nok til at passe ind, markant nok til at skille sig ud. Dens slanke form g\u00f8r den perfekt til at kaste lys over k\u00f8kkenborde eller spiseborde, mens den 3-trins d\u00e6mpbare funktion lader dig nemt skifte stemning. [&hellip;]<\/p>\n","protected":false},"featured_media":1108174,"template":"","meta":{"_acf_changed":false,"inline_featured_image":false},"product_brand":[],"product_cat":[3808,5025,7153,4146,5045],"product_tag":[],"class_list":{"0":"post-1088483","1":"product","2":"type-product","3":"status-publish","4":"has-post-thumbnail","6":"product_cat-belysning","7":"product_cat-bestsellers-da","8":"product_cat-dweller-da","9":"product_cat-loftslamper-da","10":"product_cat-nyheder-da","11":"product_shipping_class-pk","13":"pa_material-aluminium-da","14":"pa_material-silikone","16":"first","17":"instock","18":"featured","19":"taxable","20":"shipping-taxable","21":"purchasable","22":"product-type-simple"},"exclude_global_add_ons":[],"addons":[],"acf":[],"yoast_head":"<!-- This site is optimized with the Yoast SEO plugin v26.4 - https:\/\/yoast.com\/wordpress\/plugins\/seo\/ -->\n<title>Tube Pendel Small - H\u00fcbsch<\/title>\n<meta name=\"description\" content=\"Skarpe linjer, bl\u00f8dt sk\u00e6r. Tube Pendel i metallisk gr\u00f8n skaber en dristig balance mellem minimalisme og karakter \u2014 diskret nok til at passe ind, markant\" \/>\n<meta name=\"robots\" content=\"index, follow, max-snippet:-1, max-image-preview:large, max-video-preview:-1\" \/>\n<link rel=\"canonical\" href=\"https:\/\/hubsch-interior.com\/da\/wp-json\/wp\/v2\/product\/1088483\" \/>\n<meta property=\"og:locale\" content=\"da_DK\" \/>\n<meta property=\"og:type\" content=\"article\" \/>\n<meta property=\"og:title\" content=\"Tube Pendel Small - H\u00fcbsch\" \/>\n<meta property=\"og:description\" content=\"Skarpe linjer, bl\u00f8dt sk\u00e6r. Tube Pendel i metallisk gr\u00f8n skaber en dristig balance mellem minimalisme og karakter \u2014 diskret nok til at passe ind, markant\" \/>\n<meta property=\"og:url\" content=\"https:\/\/hubsch-interior.com\/da\/vare\/tube-pendel-small\/\" \/>\n<meta property=\"og:site_name\" content=\"H\u00fcbsch\" \/>\n<meta property=\"article:modified_time\" content=\"2026-04-06T03:06:13+00:00\" \/>\n<meta property=\"og:image\" content=\"https:\/\/hubsch-interior.com\/wp-content\/uploads\/2026\/02\/tube-pendant-small-576fd53f09a2608ec6506ff21223e2c2.jpg\" \/>\n\t<meta property=\"og:image:width\" content=\"1024\" \/>\n\t<meta property=\"og:image:height\" content=\"1024\" \/>\n\t<meta property=\"og:image:type\" content=\"image\/jpeg\" \/>\n<meta name=\"twitter:card\" content=\"summary_large_image\" \/>\n<script type=\"application\/ld+json\" class=\"yoast-schema-graph\">{\"@context\":\"https:\/\/schema.org\",\"@graph\":[{\"@type\":\"WebPage\",\"@id\":\"https:\/\/hubsch-interior.com\/da\/vare\/tube-pendel-small\/\",\"url\":\"https:\/\/hubsch-interior.com\/da\/vare\/tube-pendel-small\/\",\"name\":\"Tube Pendel Small - H\u00fcbsch\",\"isPartOf\":{\"@id\":\"https:\/\/hubsch-interior.com\/da\/#website\"},\"primaryImageOfPage\":{\"@id\":\"https:\/\/hubsch-interior.com\/da\/vare\/tube-pendel-small\/#primaryimage\"},\"image\":{\"@id\":\"https:\/\/hubsch-interior.com\/da\/vare\/tube-pendel-small\/#primaryimage\"},\"thumbnailUrl\":\"https:\/\/hubsch-interior.com\/wp-content\/uploads\/2026\/02\/tube-pendant-small-576fd53f09a2608ec6506ff21223e2c2.jpg\",\"datePublished\":\"2026-01-31T04:00:12+00:00\",\"dateModified\":\"2026-04-06T03:06:13+00:00\",\"description\":\"Skarpe linjer, bl\u00f8dt sk\u00e6r. Tube Pendel i metallisk gr\u00f8n skaber en dristig balance mellem minimalisme og karakter \u2014 diskret nok til at passe ind, markant\",\"breadcrumb\":{\"@id\":\"https:\/\/hubsch-interior.com\/da\/vare\/tube-pendel-small\/#breadcrumb\"},\"inLanguage\":\"da-DK\",\"potentialAction\":[{\"@type\":\"ReadAction\",\"target\":[\"https:\/\/hubsch-interior.com\/da\/vare\/tube-pendel-small\/\"]}]},{\"@type\":\"ImageObject\",\"inLanguage\":\"da-DK\",\"@id\":\"https:\/\/hubsch-interior.com\/da\/vare\/tube-pendel-small\/#primaryimage\",\"url\":\"https:\/\/hubsch-interior.com\/wp-content\/uploads\/2026\/02\/tube-pendant-small-576fd53f09a2608ec6506ff21223e2c2.jpg\",\"contentUrl\":\"https:\/\/hubsch-interior.com\/wp-content\/uploads\/2026\/02\/tube-pendant-small-576fd53f09a2608ec6506ff21223e2c2.jpg\",\"width\":1024,\"height\":1024},{\"@type\":\"BreadcrumbList\",\"@id\":\"https:\/\/hubsch-interior.com\/da\/vare\/tube-pendel-small\/#breadcrumb\",\"itemListElement\":[{\"@type\":\"ListItem\",\"position\":1,\"name\":\"Forside\",\"item\":\"https:\/\/hubsch-interior.com\/da\/\"},{\"@type\":\"ListItem\",\"position\":2,\"name\":\"Produkter\",\"item\":\"https:\/\/hubsch-interior.com\/da\/produkter\/\"},{\"@type\":\"ListItem\",\"position\":3,\"name\":\"Belysning\",\"item\":\"https:\/\/hubsch-interior.com\/da\/vare-kategori\/belysning\/\"},{\"@type\":\"ListItem\",\"position\":4,\"name\":\"Loftslamper\",\"item\":\"https:\/\/hubsch-interior.com\/da\/vare-kategori\/belysning\/loftslamper-da\/\"},{\"@type\":\"ListItem\",\"position\":5,\"name\":\"Tube Pendel Small\"}]},{\"@type\":\"WebSite\",\"@id\":\"https:\/\/hubsch-interior.com\/da\/#website\",\"url\":\"https:\/\/hubsch-interior.com\/da\/\",\"name\":\"H\u00fcbsch\",\"description\":\"Danish Home Interior and Design\",\"publisher\":{\"@id\":\"https:\/\/hubsch-interior.com\/da\/#organization\"},\"potentialAction\":[{\"@type\":\"SearchAction\",\"target\":{\"@type\":\"EntryPoint\",\"urlTemplate\":\"https:\/\/hubsch-interior.com\/da\/?s={search_term_string}\"},\"query-input\":{\"@type\":\"PropertyValueSpecification\",\"valueRequired\":true,\"valueName\":\"search_term_string\"}}],\"inLanguage\":\"da-DK\"},{\"@type\":\"Organization\",\"@id\":\"https:\/\/hubsch-interior.com\/da\/#organization\",\"name\":\"H\u00fcbsch\",\"url\":\"https:\/\/hubsch-interior.com\/da\/\",\"logo\":{\"@type\":\"ImageObject\",\"inLanguage\":\"da-DK\",\"@id\":\"https:\/\/hubsch-interior.com\/da\/#\/schema\/logo\/image\/\",\"url\":\"https:\/\/hubsch-interior.com\/wp-content\/uploads\/2022\/12\/Hubsch_logo_black_one_line.svg\",\"contentUrl\":\"https:\/\/hubsch-interior.com\/wp-content\/uploads\/2022\/12\/Hubsch_logo_black_one_line.svg\",\"caption\":\"H\u00fcbsch\"},\"image\":{\"@id\":\"https:\/\/hubsch-interior.com\/da\/#\/schema\/logo\/image\/\"}}]}<\/script>\n<!-- \/ Yoast SEO plugin. -->","yoast_head_json":{"title":"Tube Pendel Small - H\u00fcbsch","description":"Skarpe linjer, bl\u00f8dt sk\u00e6r. Tube Pendel i metallisk gr\u00f8n skaber en dristig balance mellem minimalisme og karakter \u2014 diskret nok til at passe ind, markant","robots":{"index":"index","follow":"follow","max-snippet":"max-snippet:-1","max-image-preview":"max-image-preview:large","max-video-preview":"max-video-preview:-1"},"canonical":"https:\/\/hubsch-interior.com\/da\/wp-json\/wp\/v2\/product\/1088483","og_locale":"da_DK","og_type":"article","og_title":"Tube Pendel Small - H\u00fcbsch","og_description":"Skarpe linjer, bl\u00f8dt sk\u00e6r. Tube Pendel i metallisk gr\u00f8n skaber en dristig balance mellem minimalisme og karakter \u2014 diskret nok til at passe ind, markant","og_url":"https:\/\/hubsch-interior.com\/da\/vare\/tube-pendel-small\/","og_site_name":"H\u00fcbsch","article_modified_time":"2026-04-06T03:06:13+00:00","og_image":[{"width":1024,"height":1024,"url":"https:\/\/hubsch-interior.com\/wp-content\/uploads\/2026\/02\/tube-pendant-small-576fd53f09a2608ec6506ff21223e2c2.jpg","type":"image\/jpeg"}],"twitter_card":"summary_large_image","schema":{"@context":"https:\/\/schema.org","@graph":[{"@type":"WebPage","@id":"https:\/\/hubsch-interior.com\/da\/vare\/tube-pendel-small\/","url":"https:\/\/hubsch-interior.com\/da\/vare\/tube-pendel-small\/","name":"Tube Pendel Small - H\u00fcbsch","isPartOf":{"@id":"https:\/\/hubsch-interior.com\/da\/#website"},"primaryImageOfPage":{"@id":"https:\/\/hubsch-interior.com\/da\/vare\/tube-pendel-small\/#primaryimage"},"image":{"@id":"https:\/\/hubsch-interior.com\/da\/vare\/tube-pendel-small\/#primaryimage"},"thumbnailUrl":"https:\/\/hubsch-interior.com\/wp-content\/uploads\/2026\/02\/tube-pendant-small-576fd53f09a2608ec6506ff21223e2c2.jpg","datePublished":"2026-01-31T04:00:12+00:00","dateModified":"2026-04-06T03:06:13+00:00","description":"Skarpe linjer, bl\u00f8dt sk\u00e6r. Tube Pendel i metallisk gr\u00f8n skaber en dristig balance mellem minimalisme og karakter \u2014 diskret nok til at passe ind, markant","breadcrumb":{"@id":"https:\/\/hubsch-interior.com\/da\/vare\/tube-pendel-small\/#breadcrumb"},"inLanguage":"da-DK","potentialAction":[{"@type":"ReadAction","target":["https:\/\/hubsch-interior.com\/da\/vare\/tube-pendel-small\/"]}]},{"@type":"ImageObject","inLanguage":"da-DK","@id":"https:\/\/hubsch-interior.com\/da\/vare\/tube-pendel-small\/#primaryimage","url":"https:\/\/hubsch-interior.com\/wp-content\/uploads\/2026\/02\/tube-pendant-small-576fd53f09a2608ec6506ff21223e2c2.jpg","contentUrl":"https:\/\/hubsch-interior.com\/wp-content\/uploads\/2026\/02\/tube-pendant-small-576fd53f09a2608ec6506ff21223e2c2.jpg","width":1024,"height":1024},{"@type":"BreadcrumbList","@id":"https:\/\/hubsch-interior.com\/da\/vare\/tube-pendel-small\/#breadcrumb","itemListElement":[{"@type":"ListItem","position":1,"name":"Forside","item":"https:\/\/hubsch-interior.com\/da\/"},{"@type":"ListItem","position":2,"name":"Produkter","item":"https:\/\/hubsch-interior.com\/da\/produkter\/"},{"@type":"ListItem","position":3,"name":"Belysning","item":"https:\/\/hubsch-interior.com\/da\/vare-kategori\/belysning\/"},{"@type":"ListItem","position":4,"name":"Loftslamper","item":"https:\/\/hubsch-interior.com\/da\/vare-kategori\/belysning\/loftslamper-da\/"},{"@type":"ListItem","position":5,"name":"Tube Pendel Small"}]},{"@type":"WebSite","@id":"https:\/\/hubsch-interior.com\/da\/#website","url":"https:\/\/hubsch-interior.com\/da\/","name":"H\u00fcbsch","description":"Danish Home Interior and Design","publisher":{"@id":"https:\/\/hubsch-interior.com\/da\/#organization"},"potentialAction":[{"@type":"SearchAction","target":{"@type":"EntryPoint","urlTemplate":"https:\/\/hubsch-interior.com\/da\/?s={search_term_string}"},"query-input":{"@type":"PropertyValueSpecification","valueRequired":true,"valueName":"search_term_string"}}],"inLanguage":"da-DK"},{"@type":"Organization","@id":"https:\/\/hubsch-interior.com\/da\/#organization","name":"H\u00fcbsch","url":"https:\/\/hubsch-interior.com\/da\/","logo":{"@type":"ImageObject","inLanguage":"da-DK","@id":"https:\/\/hubsch-interior.com\/da\/#\/schema\/logo\/image\/","url":"https:\/\/hubsch-interior.com\/wp-content\/uploads\/2022\/12\/Hubsch_logo_black_one_line.svg","contentUrl":"https:\/\/hubsch-interior.com\/wp-content\/uploads\/2022\/12\/Hubsch_logo_black_one_line.svg","caption":"H\u00fcbsch"},"image":{"@id":"https:\/\/hubsch-interior.com\/da\/#\/schema\/logo\/image\/"}}]}},"_links":{"self":[{"href":"https:\/\/hubsch-interior.com\/da\/wp-json\/wp\/v2\/product\/1088483","targetHints":{"allow":["GET"]}}],"collection":[{"href":"https:\/\/hubsch-interior.com\/da\/wp-json\/wp\/v2\/product"}],"about":[{"href":"https:\/\/hubsch-interior.com\/da\/wp-json\/wp\/v2\/types\/product"}],"wp:featuredmedia":[{"embeddable":true,"href":"https:\/\/hubsch-interior.com\/da\/wp-json\/wp\/v2\/media\/1108174"}],"wp:attachment":[{"href":"https:\/\/hubsch-interior.com\/da\/wp-json\/wp\/v2\/media?parent=1088483"}],"wp:term":[{"taxonomy":"product_brand","embeddable":true,"href":"https:\/\/hubsch-interior.com\/da\/wp-json\/wp\/v2\/product_brand?post=1088483"},{"taxonomy":"product_cat","embeddable":true,"href":"https:\/\/hubsch-interior.com\/da\/wp-json\/wp\/v2\/product_cat?post=1088483"},{"taxonomy":"product_tag","embeddable":true,"href":"https:\/\/hubsch-interior.com\/da\/wp-json\/wp\/v2\/product_tag?post=1088483"}],"curies":[{"name":"wp","href":"https:\/\/api.w.org\/{rel}","templated":true}]}}