{"id":1088511,"date":"2026-01-31T05:00:23","date_gmt":"2026-01-31T04:00:23","guid":{"rendered":"https:\/\/hubsch-interior.com\/product\/product\/"},"modified":"2026-04-05T05:12:24","modified_gmt":"2026-04-05T03:12:24","slug":"tube-pendel-large","status":"publish","type":"product","link":"https:\/\/hubsch-interior.com\/da\/vare\/tube-pendel-large\/","title":{"rendered":"Tube Pendel Large"},"content":{"rendered":"<p>En gl\u00f8d med intention. Tube Pendel i metallisk gr\u00f8n parer elegant sofistikation med hverdagslig alsidighed og kaster et diskret spotlight, pr\u00e6cis hvor det er mest n\u00f8dvendigt. Dens dristige, men afbalancerede nuance tilf\u00f8jer et raffineret pop af farve, mens den minimalistiske silhuet smelter ubesv\u00e6ret ind i moderne rum. Fremstillet af f\u00f8rsteklasses materialer og med en 3-trins d\u00e6mpbar funktion, er den designet til at tilpasse sig dit hum\u00f8r og dine \u00f8jeblikke. Et diskret i\u00f8jnefaldende pendel &#8211; dit rums fuldendende touch, i enhver forstand.<\/p>\n","protected":false},"excerpt":{"rendered":"<p>En gl\u00f8d med intention. Tube Pendel i metallisk gr\u00f8n parer elegant sofistikation med hverdagslig alsidighed og kaster et diskret spotlight, pr\u00e6cis hvor det er mest n\u00f8dvendigt. Dens dristige, men afbalancerede nuance tilf\u00f8jer et raffineret pop af farve, mens den minimalistiske silhuet smelter ubesv\u00e6ret ind i moderne rum. Fremstillet af f\u00f8rsteklasses materialer og med en 3-trins [&hellip;]<\/p>\n","protected":false},"featured_media":1108194,"template":"","meta":{"_acf_changed":false,"inline_featured_image":false},"product_brand":[],"product_cat":[7153,3808,4146,5045],"product_tag":[],"class_list":{"0":"post-1088511","1":"product","2":"type-product","3":"status-publish","4":"has-post-thumbnail","6":"product_cat-dweller-da","7":"product_cat-belysning","8":"product_cat-loftslamper-da","9":"product_cat-nyheder-da","10":"product_shipping_class-pk","12":"pa_material-aluminium-da","13":"pa_material-silikone","15":"first","16":"instock","17":"taxable","18":"shipping-taxable","19":"purchasable","20":"product-type-simple"},"exclude_global_add_ons":[],"addons":[],"acf":[],"yoast_head":"<!-- This site is optimized with the Yoast SEO plugin v26.4 - https:\/\/yoast.com\/wordpress\/plugins\/seo\/ -->\n<title>Tube Pendel Large - H\u00fcbsch<\/title>\n<meta name=\"description\" content=\"En gl\u00f8d med intention. Tube Pendel i metallisk gr\u00f8n parer elegant sofistikation med hverdagslig alsidighed og kaster et diskret spotlight, pr\u00e6cis hvor det\" \/>\n<meta name=\"robots\" content=\"index, follow, max-snippet:-1, max-image-preview:large, max-video-preview:-1\" \/>\n<link rel=\"canonical\" href=\"https:\/\/hubsch-interior.com\/da\/wp-json\/wp\/v2\/product\/1088511\" \/>\n<meta property=\"og:locale\" content=\"da_DK\" \/>\n<meta property=\"og:type\" content=\"article\" \/>\n<meta property=\"og:title\" content=\"Tube Pendel Large - H\u00fcbsch\" \/>\n<meta property=\"og:description\" content=\"En gl\u00f8d med intention. Tube Pendel i metallisk gr\u00f8n parer elegant sofistikation med hverdagslig alsidighed og kaster et diskret spotlight, pr\u00e6cis hvor det\" \/>\n<meta property=\"og:url\" content=\"https:\/\/hubsch-interior.com\/da\/vare\/tube-pendel-large\/\" \/>\n<meta property=\"og:site_name\" content=\"H\u00fcbsch\" \/>\n<meta property=\"article:modified_time\" content=\"2026-04-05T03:12:24+00:00\" \/>\n<meta property=\"og:image\" content=\"https:\/\/hubsch-interior.com\/wp-content\/uploads\/2026\/02\/tube-pendant-large-fb20e38e697da3a49c7ce2abeacea79b.jpg\" \/>\n\t<meta property=\"og:image:width\" content=\"1024\" \/>\n\t<meta property=\"og:image:height\" content=\"1024\" \/>\n\t<meta property=\"og:image:type\" content=\"image\/jpeg\" \/>\n<meta name=\"twitter:card\" content=\"summary_large_image\" \/>\n<script type=\"application\/ld+json\" class=\"yoast-schema-graph\">{\"@context\":\"https:\/\/schema.org\",\"@graph\":[{\"@type\":\"WebPage\",\"@id\":\"https:\/\/hubsch-interior.com\/da\/vare\/tube-pendel-large\/\",\"url\":\"https:\/\/hubsch-interior.com\/da\/vare\/tube-pendel-large\/\",\"name\":\"Tube Pendel Large - H\u00fcbsch\",\"isPartOf\":{\"@id\":\"https:\/\/hubsch-interior.com\/da\/#website\"},\"primaryImageOfPage\":{\"@id\":\"https:\/\/hubsch-interior.com\/da\/vare\/tube-pendel-large\/#primaryimage\"},\"image\":{\"@id\":\"https:\/\/hubsch-interior.com\/da\/vare\/tube-pendel-large\/#primaryimage\"},\"thumbnailUrl\":\"https:\/\/hubsch-interior.com\/wp-content\/uploads\/2026\/02\/tube-pendant-large-fb20e38e697da3a49c7ce2abeacea79b.jpg\",\"datePublished\":\"2026-01-31T04:00:23+00:00\",\"dateModified\":\"2026-04-05T03:12:24+00:00\",\"description\":\"En gl\u00f8d med intention. Tube Pendel i metallisk gr\u00f8n parer elegant sofistikation med hverdagslig alsidighed og kaster et diskret spotlight, pr\u00e6cis hvor det\",\"breadcrumb\":{\"@id\":\"https:\/\/hubsch-interior.com\/da\/vare\/tube-pendel-large\/#breadcrumb\"},\"inLanguage\":\"da-DK\",\"potentialAction\":[{\"@type\":\"ReadAction\",\"target\":[\"https:\/\/hubsch-interior.com\/da\/vare\/tube-pendel-large\/\"]}]},{\"@type\":\"ImageObject\",\"inLanguage\":\"da-DK\",\"@id\":\"https:\/\/hubsch-interior.com\/da\/vare\/tube-pendel-large\/#primaryimage\",\"url\":\"https:\/\/hubsch-interior.com\/wp-content\/uploads\/2026\/02\/tube-pendant-large-fb20e38e697da3a49c7ce2abeacea79b.jpg\",\"contentUrl\":\"https:\/\/hubsch-interior.com\/wp-content\/uploads\/2026\/02\/tube-pendant-large-fb20e38e697da3a49c7ce2abeacea79b.jpg\",\"width\":1024,\"height\":1024},{\"@type\":\"BreadcrumbList\",\"@id\":\"https:\/\/hubsch-interior.com\/da\/vare\/tube-pendel-large\/#breadcrumb\",\"itemListElement\":[{\"@type\":\"ListItem\",\"position\":1,\"name\":\"Forside\",\"item\":\"https:\/\/hubsch-interior.com\/da\/\"},{\"@type\":\"ListItem\",\"position\":2,\"name\":\"Produkter\",\"item\":\"https:\/\/hubsch-interior.com\/da\/produkter\/\"},{\"@type\":\"ListItem\",\"position\":3,\"name\":\"Belysning\",\"item\":\"https:\/\/hubsch-interior.com\/da\/vare-kategori\/belysning\/\"},{\"@type\":\"ListItem\",\"position\":4,\"name\":\"Loftslamper\",\"item\":\"https:\/\/hubsch-interior.com\/da\/vare-kategori\/belysning\/loftslamper-da\/\"},{\"@type\":\"ListItem\",\"position\":5,\"name\":\"Tube Pendel Large\"}]},{\"@type\":\"WebSite\",\"@id\":\"https:\/\/hubsch-interior.com\/da\/#website\",\"url\":\"https:\/\/hubsch-interior.com\/da\/\",\"name\":\"H\u00fcbsch\",\"description\":\"Danish Home Interior and Design\",\"publisher\":{\"@id\":\"https:\/\/hubsch-interior.com\/da\/#organization\"},\"potentialAction\":[{\"@type\":\"SearchAction\",\"target\":{\"@type\":\"EntryPoint\",\"urlTemplate\":\"https:\/\/hubsch-interior.com\/da\/?s={search_term_string}\"},\"query-input\":{\"@type\":\"PropertyValueSpecification\",\"valueRequired\":true,\"valueName\":\"search_term_string\"}}],\"inLanguage\":\"da-DK\"},{\"@type\":\"Organization\",\"@id\":\"https:\/\/hubsch-interior.com\/da\/#organization\",\"name\":\"H\u00fcbsch\",\"url\":\"https:\/\/hubsch-interior.com\/da\/\",\"logo\":{\"@type\":\"ImageObject\",\"inLanguage\":\"da-DK\",\"@id\":\"https:\/\/hubsch-interior.com\/da\/#\/schema\/logo\/image\/\",\"url\":\"https:\/\/hubsch-interior.com\/wp-content\/uploads\/2022\/12\/Hubsch_logo_black_one_line.svg\",\"contentUrl\":\"https:\/\/hubsch-interior.com\/wp-content\/uploads\/2022\/12\/Hubsch_logo_black_one_line.svg\",\"caption\":\"H\u00fcbsch\"},\"image\":{\"@id\":\"https:\/\/hubsch-interior.com\/da\/#\/schema\/logo\/image\/\"}}]}<\/script>\n<!-- \/ Yoast SEO plugin. -->","yoast_head_json":{"title":"Tube Pendel Large - H\u00fcbsch","description":"En gl\u00f8d med intention. Tube Pendel i metallisk gr\u00f8n parer elegant sofistikation med hverdagslig alsidighed og kaster et diskret spotlight, pr\u00e6cis hvor det","robots":{"index":"index","follow":"follow","max-snippet":"max-snippet:-1","max-image-preview":"max-image-preview:large","max-video-preview":"max-video-preview:-1"},"canonical":"https:\/\/hubsch-interior.com\/da\/wp-json\/wp\/v2\/product\/1088511","og_locale":"da_DK","og_type":"article","og_title":"Tube Pendel Large - H\u00fcbsch","og_description":"En gl\u00f8d med intention. Tube Pendel i metallisk gr\u00f8n parer elegant sofistikation med hverdagslig alsidighed og kaster et diskret spotlight, pr\u00e6cis hvor det","og_url":"https:\/\/hubsch-interior.com\/da\/vare\/tube-pendel-large\/","og_site_name":"H\u00fcbsch","article_modified_time":"2026-04-05T03:12:24+00:00","og_image":[{"width":1024,"height":1024,"url":"https:\/\/hubsch-interior.com\/wp-content\/uploads\/2026\/02\/tube-pendant-large-fb20e38e697da3a49c7ce2abeacea79b.jpg","type":"image\/jpeg"}],"twitter_card":"summary_large_image","schema":{"@context":"https:\/\/schema.org","@graph":[{"@type":"WebPage","@id":"https:\/\/hubsch-interior.com\/da\/vare\/tube-pendel-large\/","url":"https:\/\/hubsch-interior.com\/da\/vare\/tube-pendel-large\/","name":"Tube Pendel Large - H\u00fcbsch","isPartOf":{"@id":"https:\/\/hubsch-interior.com\/da\/#website"},"primaryImageOfPage":{"@id":"https:\/\/hubsch-interior.com\/da\/vare\/tube-pendel-large\/#primaryimage"},"image":{"@id":"https:\/\/hubsch-interior.com\/da\/vare\/tube-pendel-large\/#primaryimage"},"thumbnailUrl":"https:\/\/hubsch-interior.com\/wp-content\/uploads\/2026\/02\/tube-pendant-large-fb20e38e697da3a49c7ce2abeacea79b.jpg","datePublished":"2026-01-31T04:00:23+00:00","dateModified":"2026-04-05T03:12:24+00:00","description":"En gl\u00f8d med intention. Tube Pendel i metallisk gr\u00f8n parer elegant sofistikation med hverdagslig alsidighed og kaster et diskret spotlight, pr\u00e6cis hvor det","breadcrumb":{"@id":"https:\/\/hubsch-interior.com\/da\/vare\/tube-pendel-large\/#breadcrumb"},"inLanguage":"da-DK","potentialAction":[{"@type":"ReadAction","target":["https:\/\/hubsch-interior.com\/da\/vare\/tube-pendel-large\/"]}]},{"@type":"ImageObject","inLanguage":"da-DK","@id":"https:\/\/hubsch-interior.com\/da\/vare\/tube-pendel-large\/#primaryimage","url":"https:\/\/hubsch-interior.com\/wp-content\/uploads\/2026\/02\/tube-pendant-large-fb20e38e697da3a49c7ce2abeacea79b.jpg","contentUrl":"https:\/\/hubsch-interior.com\/wp-content\/uploads\/2026\/02\/tube-pendant-large-fb20e38e697da3a49c7ce2abeacea79b.jpg","width":1024,"height":1024},{"@type":"BreadcrumbList","@id":"https:\/\/hubsch-interior.com\/da\/vare\/tube-pendel-large\/#breadcrumb","itemListElement":[{"@type":"ListItem","position":1,"name":"Forside","item":"https:\/\/hubsch-interior.com\/da\/"},{"@type":"ListItem","position":2,"name":"Produkter","item":"https:\/\/hubsch-interior.com\/da\/produkter\/"},{"@type":"ListItem","position":3,"name":"Belysning","item":"https:\/\/hubsch-interior.com\/da\/vare-kategori\/belysning\/"},{"@type":"ListItem","position":4,"name":"Loftslamper","item":"https:\/\/hubsch-interior.com\/da\/vare-kategori\/belysning\/loftslamper-da\/"},{"@type":"ListItem","position":5,"name":"Tube Pendel Large"}]},{"@type":"WebSite","@id":"https:\/\/hubsch-interior.com\/da\/#website","url":"https:\/\/hubsch-interior.com\/da\/","name":"H\u00fcbsch","description":"Danish Home Interior and Design","publisher":{"@id":"https:\/\/hubsch-interior.com\/da\/#organization"},"potentialAction":[{"@type":"SearchAction","target":{"@type":"EntryPoint","urlTemplate":"https:\/\/hubsch-interior.com\/da\/?s={search_term_string}"},"query-input":{"@type":"PropertyValueSpecification","valueRequired":true,"valueName":"search_term_string"}}],"inLanguage":"da-DK"},{"@type":"Organization","@id":"https:\/\/hubsch-interior.com\/da\/#organization","name":"H\u00fcbsch","url":"https:\/\/hubsch-interior.com\/da\/","logo":{"@type":"ImageObject","inLanguage":"da-DK","@id":"https:\/\/hubsch-interior.com\/da\/#\/schema\/logo\/image\/","url":"https:\/\/hubsch-interior.com\/wp-content\/uploads\/2022\/12\/Hubsch_logo_black_one_line.svg","contentUrl":"https:\/\/hubsch-interior.com\/wp-content\/uploads\/2022\/12\/Hubsch_logo_black_one_line.svg","caption":"H\u00fcbsch"},"image":{"@id":"https:\/\/hubsch-interior.com\/da\/#\/schema\/logo\/image\/"}}]}},"_links":{"self":[{"href":"https:\/\/hubsch-interior.com\/da\/wp-json\/wp\/v2\/product\/1088511","targetHints":{"allow":["GET"]}}],"collection":[{"href":"https:\/\/hubsch-interior.com\/da\/wp-json\/wp\/v2\/product"}],"about":[{"href":"https:\/\/hubsch-interior.com\/da\/wp-json\/wp\/v2\/types\/product"}],"wp:featuredmedia":[{"embeddable":true,"href":"https:\/\/hubsch-interior.com\/da\/wp-json\/wp\/v2\/media\/1108194"}],"wp:attachment":[{"href":"https:\/\/hubsch-interior.com\/da\/wp-json\/wp\/v2\/media?parent=1088511"}],"wp:term":[{"taxonomy":"product_brand","embeddable":true,"href":"https:\/\/hubsch-interior.com\/da\/wp-json\/wp\/v2\/product_brand?post=1088511"},{"taxonomy":"product_cat","embeddable":true,"href":"https:\/\/hubsch-interior.com\/da\/wp-json\/wp\/v2\/product_cat?post=1088511"},{"taxonomy":"product_tag","embeddable":true,"href":"https:\/\/hubsch-interior.com\/da\/wp-json\/wp\/v2\/product_tag?post=1088511"}],"curies":[{"name":"wp","href":"https:\/\/api.w.org\/{rel}","templated":true}]}}