{"id":1088539,"date":"2026-01-31T05:00:37","date_gmt":"2026-01-31T04:00:37","guid":{"rendered":"https:\/\/hubsch-interior.com\/product\/product\/"},"modified":"2026-04-06T05:06:21","modified_gmt":"2026-04-06T03:06:21","slug":"aru-bordlampe-bla","status":"publish","type":"product","link":"https:\/\/hubsch-interior.com\/da\/vare\/aru-bordlampe-bla\/","title":{"rendered":"Aru Bordlampe Bl\u00e5"},"content":{"rendered":"<p>Lys, genopfundet som skulptur. Aru Bordlampen i beroligende bl\u00e5 bringer en rolig gl\u00f8d og et bl\u00f8dt designsprog til dit interi\u00f8r \u2014 dels belysning, dels udsagn. R\u00f8r ved toppen for at aktivere dens d\u00e6mpbare funktion og skift atmosf\u00e6ren fra fokuseret til afslappet i et \u00f8jeblik. Uanset om den er placeret i et l\u00e6sehj\u00f8rne eller stylet p\u00e5 et sidebord, tilf\u00f8jer dens blidt buede form b\u00e5de ro og karakter. Et taktilt, lysende element, der f\u00f8lger din stemning \u2014 og altid ser passende ud.<\/p>\n","protected":false},"excerpt":{"rendered":"<p>Lys, genopfundet som skulptur. Aru Bordlampen i beroligende bl\u00e5 bringer en rolig gl\u00f8d og et bl\u00f8dt designsprog til dit interi\u00f8r \u2014 dels belysning, dels udsagn. R\u00f8r ved toppen for at aktivere dens d\u00e6mpbare funktion og skift atmosf\u00e6ren fra fokuseret til afslappet i et \u00f8jeblik. Uanset om den er placeret i et l\u00e6sehj\u00f8rne eller stylet p\u00e5 [&hellip;]<\/p>\n","protected":false},"featured_media":1108214,"template":"","meta":{"_acf_changed":false,"inline_featured_image":false},"product_brand":[],"product_cat":[7153,3808,3499,5025,5045],"product_tag":[],"class_list":{"0":"post-1088539","1":"product","2":"type-product","3":"status-publish","4":"has-post-thumbnail","6":"product_cat-dweller-da","7":"product_cat-belysning","8":"product_cat-bordlamper-da","9":"product_cat-bestsellers-da","10":"product_cat-nyheder-da","11":"product_shipping_class-pk","13":"pa_color-bl","14":"pa_material-glas-da","15":"pa_material-jern-da","17":"first","18":"instock","19":"featured","20":"taxable","21":"shipping-taxable","22":"purchasable","23":"product-type-simple"},"exclude_global_add_ons":[],"addons":[],"acf":[],"yoast_head":"<!-- This site is optimized with the Yoast SEO plugin v26.4 - https:\/\/yoast.com\/wordpress\/plugins\/seo\/ -->\n<title>Aru Bordlampe Bl\u00e5 - H\u00fcbsch<\/title>\n<meta name=\"description\" content=\"Lys, genopfundet som skulptur. Aru Bordlampen i beroligende bl\u00e5 bringer en rolig gl\u00f8d og et bl\u00f8dt designsprog til dit interi\u00f8r \u2014 dels belysning, dels\" \/>\n<meta name=\"robots\" content=\"index, follow, max-snippet:-1, max-image-preview:large, max-video-preview:-1\" \/>\n<link rel=\"canonical\" href=\"https:\/\/hubsch-interior.com\/da\/wp-json\/wp\/v2\/product\/1088539\" \/>\n<meta property=\"og:locale\" content=\"da_DK\" \/>\n<meta property=\"og:type\" content=\"article\" \/>\n<meta property=\"og:title\" content=\"Aru Bordlampe Bl\u00e5 - H\u00fcbsch\" \/>\n<meta property=\"og:description\" content=\"Lys, genopfundet som skulptur. Aru Bordlampen i beroligende bl\u00e5 bringer en rolig gl\u00f8d og et bl\u00f8dt designsprog til dit interi\u00f8r \u2014 dels belysning, dels\" \/>\n<meta property=\"og:url\" content=\"https:\/\/hubsch-interior.com\/da\/vare\/aru-bordlampe-bla\/\" \/>\n<meta property=\"og:site_name\" content=\"H\u00fcbsch\" \/>\n<meta property=\"article:modified_time\" content=\"2026-04-06T03:06:21+00:00\" \/>\n<meta property=\"og:image\" content=\"https:\/\/hubsch-interior.com\/wp-content\/uploads\/2026\/01\/aru-table-lamp-blue-c9861a85a2516dd7c76a322c17c67209.jpg\" \/>\n\t<meta property=\"og:image:width\" content=\"1200\" \/>\n\t<meta property=\"og:image:height\" content=\"1200\" \/>\n\t<meta property=\"og:image:type\" content=\"image\/jpeg\" \/>\n<meta name=\"twitter:card\" content=\"summary_large_image\" \/>\n<script type=\"application\/ld+json\" class=\"yoast-schema-graph\">{\"@context\":\"https:\/\/schema.org\",\"@graph\":[{\"@type\":\"WebPage\",\"@id\":\"https:\/\/hubsch-interior.com\/da\/vare\/aru-bordlampe-bla\/\",\"url\":\"https:\/\/hubsch-interior.com\/da\/vare\/aru-bordlampe-bla\/\",\"name\":\"Aru Bordlampe Bl\u00e5 - H\u00fcbsch\",\"isPartOf\":{\"@id\":\"https:\/\/hubsch-interior.com\/da\/#website\"},\"primaryImageOfPage\":{\"@id\":\"https:\/\/hubsch-interior.com\/da\/vare\/aru-bordlampe-bla\/#primaryimage\"},\"image\":{\"@id\":\"https:\/\/hubsch-interior.com\/da\/vare\/aru-bordlampe-bla\/#primaryimage\"},\"thumbnailUrl\":\"https:\/\/hubsch-interior.com\/wp-content\/uploads\/2026\/02\/aru-table-lamp-blue-62da13d472b86fae02a764b2a68cb964.jpg\",\"datePublished\":\"2026-01-31T04:00:37+00:00\",\"dateModified\":\"2026-04-06T03:06:21+00:00\",\"description\":\"Lys, genopfundet som skulptur. Aru Bordlampen i beroligende bl\u00e5 bringer en rolig gl\u00f8d og et bl\u00f8dt designsprog til dit interi\u00f8r \u2014 dels belysning, dels\",\"breadcrumb\":{\"@id\":\"https:\/\/hubsch-interior.com\/da\/vare\/aru-bordlampe-bla\/#breadcrumb\"},\"inLanguage\":\"da-DK\",\"potentialAction\":[{\"@type\":\"ReadAction\",\"target\":[\"https:\/\/hubsch-interior.com\/da\/vare\/aru-bordlampe-bla\/\"]}]},{\"@type\":\"ImageObject\",\"inLanguage\":\"da-DK\",\"@id\":\"https:\/\/hubsch-interior.com\/da\/vare\/aru-bordlampe-bla\/#primaryimage\",\"url\":\"https:\/\/hubsch-interior.com\/wp-content\/uploads\/2026\/02\/aru-table-lamp-blue-62da13d472b86fae02a764b2a68cb964.jpg\",\"contentUrl\":\"https:\/\/hubsch-interior.com\/wp-content\/uploads\/2026\/02\/aru-table-lamp-blue-62da13d472b86fae02a764b2a68cb964.jpg\",\"width\":1024,\"height\":1024},{\"@type\":\"BreadcrumbList\",\"@id\":\"https:\/\/hubsch-interior.com\/da\/vare\/aru-bordlampe-bla\/#breadcrumb\",\"itemListElement\":[{\"@type\":\"ListItem\",\"position\":1,\"name\":\"Forside\",\"item\":\"https:\/\/hubsch-interior.com\/da\/\"},{\"@type\":\"ListItem\",\"position\":2,\"name\":\"Produkter\",\"item\":\"https:\/\/hubsch-interior.com\/da\/produkter\/\"},{\"@type\":\"ListItem\",\"position\":3,\"name\":\"Aru Bordlampe Bl\u00e5\"}]},{\"@type\":\"WebSite\",\"@id\":\"https:\/\/hubsch-interior.com\/da\/#website\",\"url\":\"https:\/\/hubsch-interior.com\/da\/\",\"name\":\"H\u00fcbsch\",\"description\":\"Danish Home Interior and Design\",\"publisher\":{\"@id\":\"https:\/\/hubsch-interior.com\/da\/#organization\"},\"potentialAction\":[{\"@type\":\"SearchAction\",\"target\":{\"@type\":\"EntryPoint\",\"urlTemplate\":\"https:\/\/hubsch-interior.com\/da\/?s={search_term_string}\"},\"query-input\":{\"@type\":\"PropertyValueSpecification\",\"valueRequired\":true,\"valueName\":\"search_term_string\"}}],\"inLanguage\":\"da-DK\"},{\"@type\":\"Organization\",\"@id\":\"https:\/\/hubsch-interior.com\/da\/#organization\",\"name\":\"H\u00fcbsch\",\"url\":\"https:\/\/hubsch-interior.com\/da\/\",\"logo\":{\"@type\":\"ImageObject\",\"inLanguage\":\"da-DK\",\"@id\":\"https:\/\/hubsch-interior.com\/da\/#\/schema\/logo\/image\/\",\"url\":\"https:\/\/hubsch-interior.com\/wp-content\/uploads\/2022\/12\/Hubsch_logo_black_one_line.svg\",\"contentUrl\":\"https:\/\/hubsch-interior.com\/wp-content\/uploads\/2022\/12\/Hubsch_logo_black_one_line.svg\",\"caption\":\"H\u00fcbsch\"},\"image\":{\"@id\":\"https:\/\/hubsch-interior.com\/da\/#\/schema\/logo\/image\/\"}}]}<\/script>\n<!-- \/ Yoast SEO plugin. -->","yoast_head_json":{"title":"Aru Bordlampe Bl\u00e5 - H\u00fcbsch","description":"Lys, genopfundet som skulptur. Aru Bordlampen i beroligende bl\u00e5 bringer en rolig gl\u00f8d og et bl\u00f8dt designsprog til dit interi\u00f8r \u2014 dels belysning, dels","robots":{"index":"index","follow":"follow","max-snippet":"max-snippet:-1","max-image-preview":"max-image-preview:large","max-video-preview":"max-video-preview:-1"},"canonical":"https:\/\/hubsch-interior.com\/da\/wp-json\/wp\/v2\/product\/1088539","og_locale":"da_DK","og_type":"article","og_title":"Aru Bordlampe Bl\u00e5 - H\u00fcbsch","og_description":"Lys, genopfundet som skulptur. Aru Bordlampen i beroligende bl\u00e5 bringer en rolig gl\u00f8d og et bl\u00f8dt designsprog til dit interi\u00f8r \u2014 dels belysning, dels","og_url":"https:\/\/hubsch-interior.com\/da\/vare\/aru-bordlampe-bla\/","og_site_name":"H\u00fcbsch","article_modified_time":"2026-04-06T03:06:21+00:00","og_image":[{"width":1200,"height":1200,"url":"https:\/\/hubsch-interior.com\/wp-content\/uploads\/2026\/01\/aru-table-lamp-blue-c9861a85a2516dd7c76a322c17c67209.jpg","type":"image\/jpeg"}],"twitter_card":"summary_large_image","schema":{"@context":"https:\/\/schema.org","@graph":[{"@type":"WebPage","@id":"https:\/\/hubsch-interior.com\/da\/vare\/aru-bordlampe-bla\/","url":"https:\/\/hubsch-interior.com\/da\/vare\/aru-bordlampe-bla\/","name":"Aru Bordlampe Bl\u00e5 - H\u00fcbsch","isPartOf":{"@id":"https:\/\/hubsch-interior.com\/da\/#website"},"primaryImageOfPage":{"@id":"https:\/\/hubsch-interior.com\/da\/vare\/aru-bordlampe-bla\/#primaryimage"},"image":{"@id":"https:\/\/hubsch-interior.com\/da\/vare\/aru-bordlampe-bla\/#primaryimage"},"thumbnailUrl":"https:\/\/hubsch-interior.com\/wp-content\/uploads\/2026\/02\/aru-table-lamp-blue-62da13d472b86fae02a764b2a68cb964.jpg","datePublished":"2026-01-31T04:00:37+00:00","dateModified":"2026-04-06T03:06:21+00:00","description":"Lys, genopfundet som skulptur. Aru Bordlampen i beroligende bl\u00e5 bringer en rolig gl\u00f8d og et bl\u00f8dt designsprog til dit interi\u00f8r \u2014 dels belysning, dels","breadcrumb":{"@id":"https:\/\/hubsch-interior.com\/da\/vare\/aru-bordlampe-bla\/#breadcrumb"},"inLanguage":"da-DK","potentialAction":[{"@type":"ReadAction","target":["https:\/\/hubsch-interior.com\/da\/vare\/aru-bordlampe-bla\/"]}]},{"@type":"ImageObject","inLanguage":"da-DK","@id":"https:\/\/hubsch-interior.com\/da\/vare\/aru-bordlampe-bla\/#primaryimage","url":"https:\/\/hubsch-interior.com\/wp-content\/uploads\/2026\/02\/aru-table-lamp-blue-62da13d472b86fae02a764b2a68cb964.jpg","contentUrl":"https:\/\/hubsch-interior.com\/wp-content\/uploads\/2026\/02\/aru-table-lamp-blue-62da13d472b86fae02a764b2a68cb964.jpg","width":1024,"height":1024},{"@type":"BreadcrumbList","@id":"https:\/\/hubsch-interior.com\/da\/vare\/aru-bordlampe-bla\/#breadcrumb","itemListElement":[{"@type":"ListItem","position":1,"name":"Forside","item":"https:\/\/hubsch-interior.com\/da\/"},{"@type":"ListItem","position":2,"name":"Produkter","item":"https:\/\/hubsch-interior.com\/da\/produkter\/"},{"@type":"ListItem","position":3,"name":"Aru Bordlampe Bl\u00e5"}]},{"@type":"WebSite","@id":"https:\/\/hubsch-interior.com\/da\/#website","url":"https:\/\/hubsch-interior.com\/da\/","name":"H\u00fcbsch","description":"Danish Home Interior and Design","publisher":{"@id":"https:\/\/hubsch-interior.com\/da\/#organization"},"potentialAction":[{"@type":"SearchAction","target":{"@type":"EntryPoint","urlTemplate":"https:\/\/hubsch-interior.com\/da\/?s={search_term_string}"},"query-input":{"@type":"PropertyValueSpecification","valueRequired":true,"valueName":"search_term_string"}}],"inLanguage":"da-DK"},{"@type":"Organization","@id":"https:\/\/hubsch-interior.com\/da\/#organization","name":"H\u00fcbsch","url":"https:\/\/hubsch-interior.com\/da\/","logo":{"@type":"ImageObject","inLanguage":"da-DK","@id":"https:\/\/hubsch-interior.com\/da\/#\/schema\/logo\/image\/","url":"https:\/\/hubsch-interior.com\/wp-content\/uploads\/2022\/12\/Hubsch_logo_black_one_line.svg","contentUrl":"https:\/\/hubsch-interior.com\/wp-content\/uploads\/2022\/12\/Hubsch_logo_black_one_line.svg","caption":"H\u00fcbsch"},"image":{"@id":"https:\/\/hubsch-interior.com\/da\/#\/schema\/logo\/image\/"}}]}},"_links":{"self":[{"href":"https:\/\/hubsch-interior.com\/da\/wp-json\/wp\/v2\/product\/1088539","targetHints":{"allow":["GET"]}}],"collection":[{"href":"https:\/\/hubsch-interior.com\/da\/wp-json\/wp\/v2\/product"}],"about":[{"href":"https:\/\/hubsch-interior.com\/da\/wp-json\/wp\/v2\/types\/product"}],"wp:featuredmedia":[{"embeddable":true,"href":"https:\/\/hubsch-interior.com\/da\/wp-json\/wp\/v2\/media\/1108214"}],"wp:attachment":[{"href":"https:\/\/hubsch-interior.com\/da\/wp-json\/wp\/v2\/media?parent=1088539"}],"wp:term":[{"taxonomy":"product_brand","embeddable":true,"href":"https:\/\/hubsch-interior.com\/da\/wp-json\/wp\/v2\/product_brand?post=1088539"},{"taxonomy":"product_cat","embeddable":true,"href":"https:\/\/hubsch-interior.com\/da\/wp-json\/wp\/v2\/product_cat?post=1088539"},{"taxonomy":"product_tag","embeddable":true,"href":"https:\/\/hubsch-interior.com\/da\/wp-json\/wp\/v2\/product_tag?post=1088539"}],"curies":[{"name":"wp","href":"https:\/\/api.w.org\/{rel}","templated":true}]}}