{"id":1088583,"date":"2026-01-31T05:01:03","date_gmt":"2026-01-31T04:01:03","guid":{"rendered":"https:\/\/hubsch-interior.com\/product\/product\/"},"modified":"2026-04-05T05:12:36","modified_gmt":"2026-04-05T03:12:36","slug":"tower-bordlampe-morkegron","status":"publish","type":"product","link":"https:\/\/hubsch-interior.com\/da\/vare\/tower-bordlampe-morkegron\/","title":{"rendered":"Tower Bordlampe M\u00f8rkegr\u00f8n"},"content":{"rendered":"<p>H\u00f8j, slank og diskret i\u00f8jnefaldende. Tower Bordlampe i dyb gr\u00f8n tilf\u00f8rer en beroligende ro til dit rum, kombinerer elegant proportioner med praktisk hensigt. Dens slanke silhuet passer ubesv\u00e6ret p\u00e5 vindueskarme, sideborde eller enhver kompakt overflade, der tr\u00e6nger til et varmt sk\u00e6r. Uanset om den bruges som en skulpturel accent eller en daglig lyskilde, forener den form og funktion med lethed. Tilg\u00e6ngelig i to raffinerede varianter \u2013 for rum, der kr\u00e6ver n\u00e6rv\u00e6r uden overflod.<\/p>\n","protected":false},"excerpt":{"rendered":"<p>H\u00f8j, slank og diskret i\u00f8jnefaldende. Tower Bordlampe i dyb gr\u00f8n tilf\u00f8rer en beroligende ro til dit rum, kombinerer elegant proportioner med praktisk hensigt. Dens slanke silhuet passer ubesv\u00e6ret p\u00e5 vindueskarme, sideborde eller enhver kompakt overflade, der tr\u00e6nger til et varmt sk\u00e6r. Uanset om den bruges som en skulpturel accent eller en daglig lyskilde, forener den [&hellip;]<\/p>\n","protected":false},"featured_media":1108242,"template":"","meta":{"_acf_changed":false,"inline_featured_image":false},"product_brand":[],"product_cat":[7153,3808,3499,5025,5045],"product_tag":[],"class_list":{"0":"post-1088583","1":"product","2":"type-product","3":"status-publish","4":"has-post-thumbnail","6":"product_cat-dweller-da","7":"product_cat-belysning","8":"product_cat-bordlamper-da","9":"product_cat-bestsellers-da","10":"product_cat-nyheder-da","11":"product_shipping_class-pk","13":"pa_color-mrkegrn","14":"pa_material-jern-da","15":"pa_material-polycarbonat","17":"first","18":"instock","19":"featured","20":"taxable","21":"shipping-taxable","22":"purchasable","23":"product-type-simple"},"exclude_global_add_ons":[],"addons":[],"acf":[],"yoast_head":"<!-- This site is optimized with the Yoast SEO plugin v26.4 - https:\/\/yoast.com\/wordpress\/plugins\/seo\/ -->\n<title>Tower Bordlampe M\u00f8rkegr\u00f8n - H\u00fcbsch<\/title>\n<meta name=\"description\" content=\"H\u00f8j, slank og diskret i\u00f8jnefaldende. Tower Bordlampe i dyb gr\u00f8n tilf\u00f8rer en beroligende ro til dit rum, kombinerer elegant proportioner med praktisk\" \/>\n<meta name=\"robots\" content=\"index, follow, max-snippet:-1, max-image-preview:large, max-video-preview:-1\" \/>\n<link rel=\"canonical\" href=\"https:\/\/hubsch-interior.com\/da\/wp-json\/wp\/v2\/product\/1088583\" \/>\n<meta property=\"og:locale\" content=\"da_DK\" \/>\n<meta property=\"og:type\" content=\"article\" \/>\n<meta property=\"og:title\" content=\"Tower Bordlampe M\u00f8rkegr\u00f8n - H\u00fcbsch\" \/>\n<meta property=\"og:description\" content=\"H\u00f8j, slank og diskret i\u00f8jnefaldende. Tower Bordlampe i dyb gr\u00f8n tilf\u00f8rer en beroligende ro til dit rum, kombinerer elegant proportioner med praktisk\" \/>\n<meta property=\"og:url\" content=\"https:\/\/hubsch-interior.com\/da\/vare\/tower-bordlampe-morkegron\/\" \/>\n<meta property=\"og:site_name\" content=\"H\u00fcbsch\" \/>\n<meta property=\"article:modified_time\" content=\"2026-04-05T03:12:36+00:00\" \/>\n<meta property=\"og:image\" content=\"https:\/\/hubsch-interior.com\/wp-content\/uploads\/2026\/01\/tower-table-lamp-dark-green-ac2af1196745e3ca8992f17eb6e9db55.jpg\" \/>\n\t<meta property=\"og:image:width\" content=\"1200\" \/>\n\t<meta property=\"og:image:height\" content=\"1200\" \/>\n\t<meta property=\"og:image:type\" content=\"image\/jpeg\" \/>\n<meta name=\"twitter:card\" content=\"summary_large_image\" \/>\n<script type=\"application\/ld+json\" class=\"yoast-schema-graph\">{\"@context\":\"https:\/\/schema.org\",\"@graph\":[{\"@type\":\"WebPage\",\"@id\":\"https:\/\/hubsch-interior.com\/da\/vare\/tower-bordlampe-morkegron\/\",\"url\":\"https:\/\/hubsch-interior.com\/da\/vare\/tower-bordlampe-morkegron\/\",\"name\":\"Tower Bordlampe M\u00f8rkegr\u00f8n - H\u00fcbsch\",\"isPartOf\":{\"@id\":\"https:\/\/hubsch-interior.com\/da\/#website\"},\"primaryImageOfPage\":{\"@id\":\"https:\/\/hubsch-interior.com\/da\/vare\/tower-bordlampe-morkegron\/#primaryimage\"},\"image\":{\"@id\":\"https:\/\/hubsch-interior.com\/da\/vare\/tower-bordlampe-morkegron\/#primaryimage\"},\"thumbnailUrl\":\"https:\/\/hubsch-interior.com\/wp-content\/uploads\/2026\/02\/tower-table-lamp-dark-green-393f59fdc651a23ec1effe10ecba67df.jpg\",\"datePublished\":\"2026-01-31T04:01:03+00:00\",\"dateModified\":\"2026-04-05T03:12:36+00:00\",\"description\":\"H\u00f8j, slank og diskret i\u00f8jnefaldende. Tower Bordlampe i dyb gr\u00f8n tilf\u00f8rer en beroligende ro til dit rum, kombinerer elegant proportioner med praktisk\",\"breadcrumb\":{\"@id\":\"https:\/\/hubsch-interior.com\/da\/vare\/tower-bordlampe-morkegron\/#breadcrumb\"},\"inLanguage\":\"da-DK\",\"potentialAction\":[{\"@type\":\"ReadAction\",\"target\":[\"https:\/\/hubsch-interior.com\/da\/vare\/tower-bordlampe-morkegron\/\"]}]},{\"@type\":\"ImageObject\",\"inLanguage\":\"da-DK\",\"@id\":\"https:\/\/hubsch-interior.com\/da\/vare\/tower-bordlampe-morkegron\/#primaryimage\",\"url\":\"https:\/\/hubsch-interior.com\/wp-content\/uploads\/2026\/02\/tower-table-lamp-dark-green-393f59fdc651a23ec1effe10ecba67df.jpg\",\"contentUrl\":\"https:\/\/hubsch-interior.com\/wp-content\/uploads\/2026\/02\/tower-table-lamp-dark-green-393f59fdc651a23ec1effe10ecba67df.jpg\",\"width\":1024,\"height\":1024},{\"@type\":\"BreadcrumbList\",\"@id\":\"https:\/\/hubsch-interior.com\/da\/vare\/tower-bordlampe-morkegron\/#breadcrumb\",\"itemListElement\":[{\"@type\":\"ListItem\",\"position\":1,\"name\":\"Forside\",\"item\":\"https:\/\/hubsch-interior.com\/da\/\"},{\"@type\":\"ListItem\",\"position\":2,\"name\":\"Produkter\",\"item\":\"https:\/\/hubsch-interior.com\/da\/produkter\/\"},{\"@type\":\"ListItem\",\"position\":3,\"name\":\"Tower Bordlampe M\u00f8rkegr\u00f8n\"}]},{\"@type\":\"WebSite\",\"@id\":\"https:\/\/hubsch-interior.com\/da\/#website\",\"url\":\"https:\/\/hubsch-interior.com\/da\/\",\"name\":\"H\u00fcbsch\",\"description\":\"Danish Home Interior and Design\",\"publisher\":{\"@id\":\"https:\/\/hubsch-interior.com\/da\/#organization\"},\"potentialAction\":[{\"@type\":\"SearchAction\",\"target\":{\"@type\":\"EntryPoint\",\"urlTemplate\":\"https:\/\/hubsch-interior.com\/da\/?s={search_term_string}\"},\"query-input\":{\"@type\":\"PropertyValueSpecification\",\"valueRequired\":true,\"valueName\":\"search_term_string\"}}],\"inLanguage\":\"da-DK\"},{\"@type\":\"Organization\",\"@id\":\"https:\/\/hubsch-interior.com\/da\/#organization\",\"name\":\"H\u00fcbsch\",\"url\":\"https:\/\/hubsch-interior.com\/da\/\",\"logo\":{\"@type\":\"ImageObject\",\"inLanguage\":\"da-DK\",\"@id\":\"https:\/\/hubsch-interior.com\/da\/#\/schema\/logo\/image\/\",\"url\":\"https:\/\/hubsch-interior.com\/wp-content\/uploads\/2022\/12\/Hubsch_logo_black_one_line.svg\",\"contentUrl\":\"https:\/\/hubsch-interior.com\/wp-content\/uploads\/2022\/12\/Hubsch_logo_black_one_line.svg\",\"caption\":\"H\u00fcbsch\"},\"image\":{\"@id\":\"https:\/\/hubsch-interior.com\/da\/#\/schema\/logo\/image\/\"}}]}<\/script>\n<!-- \/ Yoast SEO plugin. -->","yoast_head_json":{"title":"Tower Bordlampe M\u00f8rkegr\u00f8n - H\u00fcbsch","description":"H\u00f8j, slank og diskret i\u00f8jnefaldende. Tower Bordlampe i dyb gr\u00f8n tilf\u00f8rer en beroligende ro til dit rum, kombinerer elegant proportioner med praktisk","robots":{"index":"index","follow":"follow","max-snippet":"max-snippet:-1","max-image-preview":"max-image-preview:large","max-video-preview":"max-video-preview:-1"},"canonical":"https:\/\/hubsch-interior.com\/da\/wp-json\/wp\/v2\/product\/1088583","og_locale":"da_DK","og_type":"article","og_title":"Tower Bordlampe M\u00f8rkegr\u00f8n - H\u00fcbsch","og_description":"H\u00f8j, slank og diskret i\u00f8jnefaldende. Tower Bordlampe i dyb gr\u00f8n tilf\u00f8rer en beroligende ro til dit rum, kombinerer elegant proportioner med praktisk","og_url":"https:\/\/hubsch-interior.com\/da\/vare\/tower-bordlampe-morkegron\/","og_site_name":"H\u00fcbsch","article_modified_time":"2026-04-05T03:12:36+00:00","og_image":[{"width":1200,"height":1200,"url":"https:\/\/hubsch-interior.com\/wp-content\/uploads\/2026\/01\/tower-table-lamp-dark-green-ac2af1196745e3ca8992f17eb6e9db55.jpg","type":"image\/jpeg"}],"twitter_card":"summary_large_image","schema":{"@context":"https:\/\/schema.org","@graph":[{"@type":"WebPage","@id":"https:\/\/hubsch-interior.com\/da\/vare\/tower-bordlampe-morkegron\/","url":"https:\/\/hubsch-interior.com\/da\/vare\/tower-bordlampe-morkegron\/","name":"Tower Bordlampe M\u00f8rkegr\u00f8n - H\u00fcbsch","isPartOf":{"@id":"https:\/\/hubsch-interior.com\/da\/#website"},"primaryImageOfPage":{"@id":"https:\/\/hubsch-interior.com\/da\/vare\/tower-bordlampe-morkegron\/#primaryimage"},"image":{"@id":"https:\/\/hubsch-interior.com\/da\/vare\/tower-bordlampe-morkegron\/#primaryimage"},"thumbnailUrl":"https:\/\/hubsch-interior.com\/wp-content\/uploads\/2026\/02\/tower-table-lamp-dark-green-393f59fdc651a23ec1effe10ecba67df.jpg","datePublished":"2026-01-31T04:01:03+00:00","dateModified":"2026-04-05T03:12:36+00:00","description":"H\u00f8j, slank og diskret i\u00f8jnefaldende. Tower Bordlampe i dyb gr\u00f8n tilf\u00f8rer en beroligende ro til dit rum, kombinerer elegant proportioner med praktisk","breadcrumb":{"@id":"https:\/\/hubsch-interior.com\/da\/vare\/tower-bordlampe-morkegron\/#breadcrumb"},"inLanguage":"da-DK","potentialAction":[{"@type":"ReadAction","target":["https:\/\/hubsch-interior.com\/da\/vare\/tower-bordlampe-morkegron\/"]}]},{"@type":"ImageObject","inLanguage":"da-DK","@id":"https:\/\/hubsch-interior.com\/da\/vare\/tower-bordlampe-morkegron\/#primaryimage","url":"https:\/\/hubsch-interior.com\/wp-content\/uploads\/2026\/02\/tower-table-lamp-dark-green-393f59fdc651a23ec1effe10ecba67df.jpg","contentUrl":"https:\/\/hubsch-interior.com\/wp-content\/uploads\/2026\/02\/tower-table-lamp-dark-green-393f59fdc651a23ec1effe10ecba67df.jpg","width":1024,"height":1024},{"@type":"BreadcrumbList","@id":"https:\/\/hubsch-interior.com\/da\/vare\/tower-bordlampe-morkegron\/#breadcrumb","itemListElement":[{"@type":"ListItem","position":1,"name":"Forside","item":"https:\/\/hubsch-interior.com\/da\/"},{"@type":"ListItem","position":2,"name":"Produkter","item":"https:\/\/hubsch-interior.com\/da\/produkter\/"},{"@type":"ListItem","position":3,"name":"Tower Bordlampe M\u00f8rkegr\u00f8n"}]},{"@type":"WebSite","@id":"https:\/\/hubsch-interior.com\/da\/#website","url":"https:\/\/hubsch-interior.com\/da\/","name":"H\u00fcbsch","description":"Danish Home Interior and Design","publisher":{"@id":"https:\/\/hubsch-interior.com\/da\/#organization"},"potentialAction":[{"@type":"SearchAction","target":{"@type":"EntryPoint","urlTemplate":"https:\/\/hubsch-interior.com\/da\/?s={search_term_string}"},"query-input":{"@type":"PropertyValueSpecification","valueRequired":true,"valueName":"search_term_string"}}],"inLanguage":"da-DK"},{"@type":"Organization","@id":"https:\/\/hubsch-interior.com\/da\/#organization","name":"H\u00fcbsch","url":"https:\/\/hubsch-interior.com\/da\/","logo":{"@type":"ImageObject","inLanguage":"da-DK","@id":"https:\/\/hubsch-interior.com\/da\/#\/schema\/logo\/image\/","url":"https:\/\/hubsch-interior.com\/wp-content\/uploads\/2022\/12\/Hubsch_logo_black_one_line.svg","contentUrl":"https:\/\/hubsch-interior.com\/wp-content\/uploads\/2022\/12\/Hubsch_logo_black_one_line.svg","caption":"H\u00fcbsch"},"image":{"@id":"https:\/\/hubsch-interior.com\/da\/#\/schema\/logo\/image\/"}}]}},"_links":{"self":[{"href":"https:\/\/hubsch-interior.com\/da\/wp-json\/wp\/v2\/product\/1088583","targetHints":{"allow":["GET"]}}],"collection":[{"href":"https:\/\/hubsch-interior.com\/da\/wp-json\/wp\/v2\/product"}],"about":[{"href":"https:\/\/hubsch-interior.com\/da\/wp-json\/wp\/v2\/types\/product"}],"wp:featuredmedia":[{"embeddable":true,"href":"https:\/\/hubsch-interior.com\/da\/wp-json\/wp\/v2\/media\/1108242"}],"wp:attachment":[{"href":"https:\/\/hubsch-interior.com\/da\/wp-json\/wp\/v2\/media?parent=1088583"}],"wp:term":[{"taxonomy":"product_brand","embeddable":true,"href":"https:\/\/hubsch-interior.com\/da\/wp-json\/wp\/v2\/product_brand?post=1088583"},{"taxonomy":"product_cat","embeddable":true,"href":"https:\/\/hubsch-interior.com\/da\/wp-json\/wp\/v2\/product_cat?post=1088583"},{"taxonomy":"product_tag","embeddable":true,"href":"https:\/\/hubsch-interior.com\/da\/wp-json\/wp\/v2\/product_tag?post=1088583"}],"curies":[{"name":"wp","href":"https:\/\/api.w.org\/{rel}","templated":true}]}}