{"id":1088599,"date":"2026-01-31T05:01:14","date_gmt":"2026-01-31T04:01:14","guid":{"rendered":"https:\/\/hubsch-interior.com\/product\/product\/"},"modified":"2026-04-06T05:06:32","modified_gmt":"2026-04-06T03:06:32","slug":"tower-bordlampe-rod","status":"publish","type":"product","link":"https:\/\/hubsch-interior.com\/da\/vare\/tower-bordlampe-rod\/","title":{"rendered":"Tower Bordlampe R\u00f8d"},"content":{"rendered":"<p>Et strejf af farve i en slank silhuet. Tower Bordlampe i str\u00e5lende r\u00f8d bringer varme og energi til sm\u00e5 rum med en h\u00f8j, smal form, perfekt til vindueskarme, sideborde eller stille hj\u00f8rner. Uanset om den er t\u00e6ndt eller ej, fungerer den som en markant dekorativ accent \u2014 legesyg, men samtidig raffineret. N\u00f8je udformet for b\u00e5de atmosf\u00e6re og funktion, den er ideel som l\u00e6selampe eller blot til at s\u00e6tte stemningen. Tilg\u00e6ngelig i to i\u00f8jnefaldende varianter, s\u00e5 du kan oplyse dit rum p\u00e5 din m\u00e5de.<\/p>\n","protected":false},"excerpt":{"rendered":"<p>Et strejf af farve i en slank silhuet. Tower Bordlampe i str\u00e5lende r\u00f8d bringer varme og energi til sm\u00e5 rum med en h\u00f8j, smal form, perfekt til vindueskarme, sideborde eller stille hj\u00f8rner. Uanset om den er t\u00e6ndt eller ej, fungerer den som en markant dekorativ accent \u2014 legesyg, men samtidig raffineret. N\u00f8je udformet for b\u00e5de [&hellip;]<\/p>\n","protected":false},"featured_media":1108262,"template":"","meta":{"_acf_changed":false,"inline_featured_image":false},"product_brand":[],"product_cat":[3808,3499,7153,5045],"product_tag":[],"class_list":{"0":"post-1088599","1":"product","2":"type-product","3":"status-publish","4":"has-post-thumbnail","6":"product_cat-belysning","7":"product_cat-bordlamper-da","8":"product_cat-dweller-da","9":"product_cat-nyheder-da","10":"product_shipping_class-pk","12":"pa_color-rd","13":"pa_material-jern-da","14":"pa_material-polycarbonat","16":"first","17":"instock","18":"taxable","19":"shipping-taxable","20":"purchasable","21":"product-type-simple"},"exclude_global_add_ons":[],"addons":[],"acf":[],"yoast_head":"<!-- This site is optimized with the Yoast SEO plugin v26.4 - https:\/\/yoast.com\/wordpress\/plugins\/seo\/ -->\n<title>Tower Bordlampe R\u00f8d - H\u00fcbsch<\/title>\n<meta name=\"description\" content=\"Et strejf af farve i en slank silhuet. Tower Bordlampe i str\u00e5lende r\u00f8d bringer varme og energi til sm\u00e5 rum med en h\u00f8j, smal form, perfekt til\" \/>\n<meta name=\"robots\" content=\"index, follow, max-snippet:-1, max-image-preview:large, max-video-preview:-1\" \/>\n<link rel=\"canonical\" href=\"https:\/\/hubsch-interior.com\/da\/wp-json\/wp\/v2\/product\/1088599\" \/>\n<meta property=\"og:locale\" content=\"da_DK\" \/>\n<meta property=\"og:type\" content=\"article\" \/>\n<meta property=\"og:title\" content=\"Tower Bordlampe R\u00f8d - H\u00fcbsch\" \/>\n<meta property=\"og:description\" content=\"Et strejf af farve i en slank silhuet. Tower Bordlampe i str\u00e5lende r\u00f8d bringer varme og energi til sm\u00e5 rum med en h\u00f8j, smal form, perfekt til\" \/>\n<meta property=\"og:url\" content=\"https:\/\/hubsch-interior.com\/da\/vare\/tower-bordlampe-rod\/\" \/>\n<meta property=\"og:site_name\" content=\"H\u00fcbsch\" \/>\n<meta property=\"article:modified_time\" content=\"2026-04-06T03:06:32+00:00\" \/>\n<meta property=\"og:image\" content=\"https:\/\/hubsch-interior.com\/wp-content\/uploads\/2026\/01\/tower-table-lamp-red-85d317739b8bb67dff737dad0e5b9b08.jpg\" \/>\n\t<meta property=\"og:image:width\" content=\"1200\" \/>\n\t<meta property=\"og:image:height\" content=\"1200\" \/>\n\t<meta property=\"og:image:type\" content=\"image\/jpeg\" \/>\n<meta name=\"twitter:card\" content=\"summary_large_image\" \/>\n<script type=\"application\/ld+json\" class=\"yoast-schema-graph\">{\"@context\":\"https:\/\/schema.org\",\"@graph\":[{\"@type\":\"WebPage\",\"@id\":\"https:\/\/hubsch-interior.com\/da\/vare\/tower-bordlampe-rod\/\",\"url\":\"https:\/\/hubsch-interior.com\/da\/vare\/tower-bordlampe-rod\/\",\"name\":\"Tower Bordlampe R\u00f8d - H\u00fcbsch\",\"isPartOf\":{\"@id\":\"https:\/\/hubsch-interior.com\/da\/#website\"},\"primaryImageOfPage\":{\"@id\":\"https:\/\/hubsch-interior.com\/da\/vare\/tower-bordlampe-rod\/#primaryimage\"},\"image\":{\"@id\":\"https:\/\/hubsch-interior.com\/da\/vare\/tower-bordlampe-rod\/#primaryimage\"},\"thumbnailUrl\":\"https:\/\/hubsch-interior.com\/wp-content\/uploads\/2026\/02\/tower-table-lamp-red-11b285bbb4325166a09e72b56cfb88d7.jpg\",\"datePublished\":\"2026-01-31T04:01:14+00:00\",\"dateModified\":\"2026-04-06T03:06:32+00:00\",\"description\":\"Et strejf af farve i en slank silhuet. Tower Bordlampe i str\u00e5lende r\u00f8d bringer varme og energi til sm\u00e5 rum med en h\u00f8j, smal form, perfekt til\",\"breadcrumb\":{\"@id\":\"https:\/\/hubsch-interior.com\/da\/vare\/tower-bordlampe-rod\/#breadcrumb\"},\"inLanguage\":\"da-DK\",\"potentialAction\":[{\"@type\":\"ReadAction\",\"target\":[\"https:\/\/hubsch-interior.com\/da\/vare\/tower-bordlampe-rod\/\"]}]},{\"@type\":\"ImageObject\",\"inLanguage\":\"da-DK\",\"@id\":\"https:\/\/hubsch-interior.com\/da\/vare\/tower-bordlampe-rod\/#primaryimage\",\"url\":\"https:\/\/hubsch-interior.com\/wp-content\/uploads\/2026\/02\/tower-table-lamp-red-11b285bbb4325166a09e72b56cfb88d7.jpg\",\"contentUrl\":\"https:\/\/hubsch-interior.com\/wp-content\/uploads\/2026\/02\/tower-table-lamp-red-11b285bbb4325166a09e72b56cfb88d7.jpg\",\"width\":1024,\"height\":1024},{\"@type\":\"BreadcrumbList\",\"@id\":\"https:\/\/hubsch-interior.com\/da\/vare\/tower-bordlampe-rod\/#breadcrumb\",\"itemListElement\":[{\"@type\":\"ListItem\",\"position\":1,\"name\":\"Forside\",\"item\":\"https:\/\/hubsch-interior.com\/da\/\"},{\"@type\":\"ListItem\",\"position\":2,\"name\":\"Produkter\",\"item\":\"https:\/\/hubsch-interior.com\/da\/produkter\/\"},{\"@type\":\"ListItem\",\"position\":3,\"name\":\"Tower Bordlampe R\u00f8d\"}]},{\"@type\":\"WebSite\",\"@id\":\"https:\/\/hubsch-interior.com\/da\/#website\",\"url\":\"https:\/\/hubsch-interior.com\/da\/\",\"name\":\"H\u00fcbsch\",\"description\":\"Danish Home Interior and Design\",\"publisher\":{\"@id\":\"https:\/\/hubsch-interior.com\/da\/#organization\"},\"potentialAction\":[{\"@type\":\"SearchAction\",\"target\":{\"@type\":\"EntryPoint\",\"urlTemplate\":\"https:\/\/hubsch-interior.com\/da\/?s={search_term_string}\"},\"query-input\":{\"@type\":\"PropertyValueSpecification\",\"valueRequired\":true,\"valueName\":\"search_term_string\"}}],\"inLanguage\":\"da-DK\"},{\"@type\":\"Organization\",\"@id\":\"https:\/\/hubsch-interior.com\/da\/#organization\",\"name\":\"H\u00fcbsch\",\"url\":\"https:\/\/hubsch-interior.com\/da\/\",\"logo\":{\"@type\":\"ImageObject\",\"inLanguage\":\"da-DK\",\"@id\":\"https:\/\/hubsch-interior.com\/da\/#\/schema\/logo\/image\/\",\"url\":\"https:\/\/hubsch-interior.com\/wp-content\/uploads\/2022\/12\/Hubsch_logo_black_one_line.svg\",\"contentUrl\":\"https:\/\/hubsch-interior.com\/wp-content\/uploads\/2022\/12\/Hubsch_logo_black_one_line.svg\",\"caption\":\"H\u00fcbsch\"},\"image\":{\"@id\":\"https:\/\/hubsch-interior.com\/da\/#\/schema\/logo\/image\/\"}}]}<\/script>\n<!-- \/ Yoast SEO plugin. -->","yoast_head_json":{"title":"Tower Bordlampe R\u00f8d - H\u00fcbsch","description":"Et strejf af farve i en slank silhuet. Tower Bordlampe i str\u00e5lende r\u00f8d bringer varme og energi til sm\u00e5 rum med en h\u00f8j, smal form, perfekt til","robots":{"index":"index","follow":"follow","max-snippet":"max-snippet:-1","max-image-preview":"max-image-preview:large","max-video-preview":"max-video-preview:-1"},"canonical":"https:\/\/hubsch-interior.com\/da\/wp-json\/wp\/v2\/product\/1088599","og_locale":"da_DK","og_type":"article","og_title":"Tower Bordlampe R\u00f8d - H\u00fcbsch","og_description":"Et strejf af farve i en slank silhuet. Tower Bordlampe i str\u00e5lende r\u00f8d bringer varme og energi til sm\u00e5 rum med en h\u00f8j, smal form, perfekt til","og_url":"https:\/\/hubsch-interior.com\/da\/vare\/tower-bordlampe-rod\/","og_site_name":"H\u00fcbsch","article_modified_time":"2026-04-06T03:06:32+00:00","og_image":[{"width":1200,"height":1200,"url":"https:\/\/hubsch-interior.com\/wp-content\/uploads\/2026\/01\/tower-table-lamp-red-85d317739b8bb67dff737dad0e5b9b08.jpg","type":"image\/jpeg"}],"twitter_card":"summary_large_image","schema":{"@context":"https:\/\/schema.org","@graph":[{"@type":"WebPage","@id":"https:\/\/hubsch-interior.com\/da\/vare\/tower-bordlampe-rod\/","url":"https:\/\/hubsch-interior.com\/da\/vare\/tower-bordlampe-rod\/","name":"Tower Bordlampe R\u00f8d - H\u00fcbsch","isPartOf":{"@id":"https:\/\/hubsch-interior.com\/da\/#website"},"primaryImageOfPage":{"@id":"https:\/\/hubsch-interior.com\/da\/vare\/tower-bordlampe-rod\/#primaryimage"},"image":{"@id":"https:\/\/hubsch-interior.com\/da\/vare\/tower-bordlampe-rod\/#primaryimage"},"thumbnailUrl":"https:\/\/hubsch-interior.com\/wp-content\/uploads\/2026\/02\/tower-table-lamp-red-11b285bbb4325166a09e72b56cfb88d7.jpg","datePublished":"2026-01-31T04:01:14+00:00","dateModified":"2026-04-06T03:06:32+00:00","description":"Et strejf af farve i en slank silhuet. Tower Bordlampe i str\u00e5lende r\u00f8d bringer varme og energi til sm\u00e5 rum med en h\u00f8j, smal form, perfekt til","breadcrumb":{"@id":"https:\/\/hubsch-interior.com\/da\/vare\/tower-bordlampe-rod\/#breadcrumb"},"inLanguage":"da-DK","potentialAction":[{"@type":"ReadAction","target":["https:\/\/hubsch-interior.com\/da\/vare\/tower-bordlampe-rod\/"]}]},{"@type":"ImageObject","inLanguage":"da-DK","@id":"https:\/\/hubsch-interior.com\/da\/vare\/tower-bordlampe-rod\/#primaryimage","url":"https:\/\/hubsch-interior.com\/wp-content\/uploads\/2026\/02\/tower-table-lamp-red-11b285bbb4325166a09e72b56cfb88d7.jpg","contentUrl":"https:\/\/hubsch-interior.com\/wp-content\/uploads\/2026\/02\/tower-table-lamp-red-11b285bbb4325166a09e72b56cfb88d7.jpg","width":1024,"height":1024},{"@type":"BreadcrumbList","@id":"https:\/\/hubsch-interior.com\/da\/vare\/tower-bordlampe-rod\/#breadcrumb","itemListElement":[{"@type":"ListItem","position":1,"name":"Forside","item":"https:\/\/hubsch-interior.com\/da\/"},{"@type":"ListItem","position":2,"name":"Produkter","item":"https:\/\/hubsch-interior.com\/da\/produkter\/"},{"@type":"ListItem","position":3,"name":"Tower Bordlampe R\u00f8d"}]},{"@type":"WebSite","@id":"https:\/\/hubsch-interior.com\/da\/#website","url":"https:\/\/hubsch-interior.com\/da\/","name":"H\u00fcbsch","description":"Danish Home Interior and Design","publisher":{"@id":"https:\/\/hubsch-interior.com\/da\/#organization"},"potentialAction":[{"@type":"SearchAction","target":{"@type":"EntryPoint","urlTemplate":"https:\/\/hubsch-interior.com\/da\/?s={search_term_string}"},"query-input":{"@type":"PropertyValueSpecification","valueRequired":true,"valueName":"search_term_string"}}],"inLanguage":"da-DK"},{"@type":"Organization","@id":"https:\/\/hubsch-interior.com\/da\/#organization","name":"H\u00fcbsch","url":"https:\/\/hubsch-interior.com\/da\/","logo":{"@type":"ImageObject","inLanguage":"da-DK","@id":"https:\/\/hubsch-interior.com\/da\/#\/schema\/logo\/image\/","url":"https:\/\/hubsch-interior.com\/wp-content\/uploads\/2022\/12\/Hubsch_logo_black_one_line.svg","contentUrl":"https:\/\/hubsch-interior.com\/wp-content\/uploads\/2022\/12\/Hubsch_logo_black_one_line.svg","caption":"H\u00fcbsch"},"image":{"@id":"https:\/\/hubsch-interior.com\/da\/#\/schema\/logo\/image\/"}}]}},"_links":{"self":[{"href":"https:\/\/hubsch-interior.com\/da\/wp-json\/wp\/v2\/product\/1088599","targetHints":{"allow":["GET"]}}],"collection":[{"href":"https:\/\/hubsch-interior.com\/da\/wp-json\/wp\/v2\/product"}],"about":[{"href":"https:\/\/hubsch-interior.com\/da\/wp-json\/wp\/v2\/types\/product"}],"wp:featuredmedia":[{"embeddable":true,"href":"https:\/\/hubsch-interior.com\/da\/wp-json\/wp\/v2\/media\/1108262"}],"wp:attachment":[{"href":"https:\/\/hubsch-interior.com\/da\/wp-json\/wp\/v2\/media?parent=1088599"}],"wp:term":[{"taxonomy":"product_brand","embeddable":true,"href":"https:\/\/hubsch-interior.com\/da\/wp-json\/wp\/v2\/product_brand?post=1088599"},{"taxonomy":"product_cat","embeddable":true,"href":"https:\/\/hubsch-interior.com\/da\/wp-json\/wp\/v2\/product_cat?post=1088599"},{"taxonomy":"product_tag","embeddable":true,"href":"https:\/\/hubsch-interior.com\/da\/wp-json\/wp\/v2\/product_tag?post=1088599"}],"curies":[{"name":"wp","href":"https:\/\/api.w.org\/{rel}","templated":true}]}}