{"id":1088623,"date":"2026-01-31T05:02:06","date_gmt":"2026-01-31T04:02:06","guid":{"rendered":"https:\/\/hubsch-interior.com\/product\/product\/"},"modified":"2026-04-05T05:13:07","modified_gmt":"2026-04-05T03:13:07","slug":"arte-vaeglampe-bla-sand","status":"publish","type":"product","link":"https:\/\/hubsch-interior.com\/da\/vare\/arte-vaeglampe-bla-sand\/","title":{"rendered":"Arte V\u00e6glampe Bl\u00e5\/Sand"},"content":{"rendered":"<p>En gl\u00f8d der taler i farver. Arte V\u00e6glampe kombinerer bl\u00f8de bl\u00e5 og sandfarvede toner i en retroinspireret palette, der tilf\u00f8rer rolig energi til dit rum. Dens diskrete farveblokering tilf\u00f8jer lige den rette m\u00e6ngde personlighed \u2014 i\u00f8jnefaldende, men aldrig h\u00f8jtr\u00e5bende. Uanset om den lyser op ved din sengekant under aftenl\u00e6sningen eller kaster et blidt sk\u00e6r i et stille hj\u00f8rne, skaber den en stemning, der f\u00f8les b\u00e5de hyggelig og udtryksfuld. En lille v\u00e6glampe med en stor atmosf\u00e6re.<\/p>\n","protected":false},"excerpt":{"rendered":"<p>En gl\u00f8d der taler i farver. Arte V\u00e6glampe kombinerer bl\u00f8de bl\u00e5 og sandfarvede toner i en retroinspireret palette, der tilf\u00f8rer rolig energi til dit rum. Dens diskrete farveblokering tilf\u00f8jer lige den rette m\u00e6ngde personlighed \u2014 i\u00f8jnefaldende, men aldrig h\u00f8jtr\u00e5bende. Uanset om den lyser op ved din sengekant under aftenl\u00e6sningen eller kaster et blidt sk\u00e6r i [&hellip;]<\/p>\n","protected":false},"featured_media":1108346,"template":"","meta":{"_acf_changed":false,"inline_featured_image":false},"product_brand":[],"product_cat":[7153,3808,3405,5045],"product_tag":[],"class_list":{"0":"post-1088623","1":"product","2":"type-product","3":"status-publish","4":"has-post-thumbnail","6":"product_cat-dweller-da","7":"product_cat-belysning","8":"product_cat-vaeglamper-da","9":"product_cat-nyheder-da","10":"product_shipping_class-pk","12":"pa_color-sand-da","13":"pa_color-bl","14":"pa_material-jern-da","16":"first","17":"instock","18":"taxable","19":"shipping-taxable","20":"purchasable","21":"product-type-simple"},"exclude_global_add_ons":[],"addons":[],"acf":[],"yoast_head":"<!-- This site is optimized with the Yoast SEO plugin v26.4 - https:\/\/yoast.com\/wordpress\/plugins\/seo\/ -->\n<title>Arte V\u00e6glampe Bl\u00e5\/Sand - H\u00fcbsch<\/title>\n<meta name=\"description\" content=\"En gl\u00f8d der taler i farver. Arte V\u00e6glampe kombinerer bl\u00f8de bl\u00e5 og sandfarvede toner i en retroinspireret palette, der tilf\u00f8rer rolig energi til dit rum.\" \/>\n<meta name=\"robots\" content=\"index, follow, max-snippet:-1, max-image-preview:large, max-video-preview:-1\" \/>\n<link rel=\"canonical\" href=\"https:\/\/hubsch-interior.com\/da\/wp-json\/wp\/v2\/product\/1088623\" \/>\n<meta property=\"og:locale\" content=\"da_DK\" \/>\n<meta property=\"og:type\" content=\"article\" \/>\n<meta property=\"og:title\" content=\"Arte V\u00e6glampe Bl\u00e5\/Sand - H\u00fcbsch\" \/>\n<meta property=\"og:description\" content=\"En gl\u00f8d der taler i farver. Arte V\u00e6glampe kombinerer bl\u00f8de bl\u00e5 og sandfarvede toner i en retroinspireret palette, der tilf\u00f8rer rolig energi til dit rum.\" \/>\n<meta property=\"og:url\" content=\"https:\/\/hubsch-interior.com\/da\/vare\/arte-vaeglampe-bla-sand\/\" \/>\n<meta property=\"og:site_name\" content=\"H\u00fcbsch\" \/>\n<meta property=\"article:modified_time\" content=\"2026-04-05T03:13:07+00:00\" \/>\n<meta property=\"og:image\" content=\"https:\/\/hubsch-interior.com\/wp-content\/uploads\/2026\/01\/arte-wall-lamp-bluesand-c06484ef61ec7dadbf328c199ba089ad.jpg\" \/>\n\t<meta property=\"og:image:width\" content=\"1200\" \/>\n\t<meta property=\"og:image:height\" content=\"1200\" \/>\n\t<meta property=\"og:image:type\" content=\"image\/jpeg\" \/>\n<meta name=\"twitter:card\" content=\"summary_large_image\" \/>\n<script type=\"application\/ld+json\" class=\"yoast-schema-graph\">{\"@context\":\"https:\/\/schema.org\",\"@graph\":[{\"@type\":\"WebPage\",\"@id\":\"https:\/\/hubsch-interior.com\/da\/vare\/arte-vaeglampe-bla-sand\/\",\"url\":\"https:\/\/hubsch-interior.com\/da\/vare\/arte-vaeglampe-bla-sand\/\",\"name\":\"Arte V\u00e6glampe Bl\u00e5\/Sand - H\u00fcbsch\",\"isPartOf\":{\"@id\":\"https:\/\/hubsch-interior.com\/da\/#website\"},\"primaryImageOfPage\":{\"@id\":\"https:\/\/hubsch-interior.com\/da\/vare\/arte-vaeglampe-bla-sand\/#primaryimage\"},\"image\":{\"@id\":\"https:\/\/hubsch-interior.com\/da\/vare\/arte-vaeglampe-bla-sand\/#primaryimage\"},\"thumbnailUrl\":\"https:\/\/hubsch-interior.com\/wp-content\/uploads\/2026\/02\/arte-wall-lamp-bluesand-eb7b92b52d719bd31b0d7baae26f01a4.jpg\",\"datePublished\":\"2026-01-31T04:02:06+00:00\",\"dateModified\":\"2026-04-05T03:13:07+00:00\",\"description\":\"En gl\u00f8d der taler i farver. Arte V\u00e6glampe kombinerer bl\u00f8de bl\u00e5 og sandfarvede toner i en retroinspireret palette, der tilf\u00f8rer rolig energi til dit rum.\",\"breadcrumb\":{\"@id\":\"https:\/\/hubsch-interior.com\/da\/vare\/arte-vaeglampe-bla-sand\/#breadcrumb\"},\"inLanguage\":\"da-DK\",\"potentialAction\":[{\"@type\":\"ReadAction\",\"target\":[\"https:\/\/hubsch-interior.com\/da\/vare\/arte-vaeglampe-bla-sand\/\"]}]},{\"@type\":\"ImageObject\",\"inLanguage\":\"da-DK\",\"@id\":\"https:\/\/hubsch-interior.com\/da\/vare\/arte-vaeglampe-bla-sand\/#primaryimage\",\"url\":\"https:\/\/hubsch-interior.com\/wp-content\/uploads\/2026\/02\/arte-wall-lamp-bluesand-eb7b92b52d719bd31b0d7baae26f01a4.jpg\",\"contentUrl\":\"https:\/\/hubsch-interior.com\/wp-content\/uploads\/2026\/02\/arte-wall-lamp-bluesand-eb7b92b52d719bd31b0d7baae26f01a4.jpg\",\"width\":1024,\"height\":1024},{\"@type\":\"BreadcrumbList\",\"@id\":\"https:\/\/hubsch-interior.com\/da\/vare\/arte-vaeglampe-bla-sand\/#breadcrumb\",\"itemListElement\":[{\"@type\":\"ListItem\",\"position\":1,\"name\":\"Forside\",\"item\":\"https:\/\/hubsch-interior.com\/da\/\"},{\"@type\":\"ListItem\",\"position\":2,\"name\":\"Produkter\",\"item\":\"https:\/\/hubsch-interior.com\/da\/produkter\/\"},{\"@type\":\"ListItem\",\"position\":3,\"name\":\"Arte V\u00e6glampe Bl\u00e5\/Sand\"}]},{\"@type\":\"WebSite\",\"@id\":\"https:\/\/hubsch-interior.com\/da\/#website\",\"url\":\"https:\/\/hubsch-interior.com\/da\/\",\"name\":\"H\u00fcbsch\",\"description\":\"Danish Home Interior and Design\",\"publisher\":{\"@id\":\"https:\/\/hubsch-interior.com\/da\/#organization\"},\"potentialAction\":[{\"@type\":\"SearchAction\",\"target\":{\"@type\":\"EntryPoint\",\"urlTemplate\":\"https:\/\/hubsch-interior.com\/da\/?s={search_term_string}\"},\"query-input\":{\"@type\":\"PropertyValueSpecification\",\"valueRequired\":true,\"valueName\":\"search_term_string\"}}],\"inLanguage\":\"da-DK\"},{\"@type\":\"Organization\",\"@id\":\"https:\/\/hubsch-interior.com\/da\/#organization\",\"name\":\"H\u00fcbsch\",\"url\":\"https:\/\/hubsch-interior.com\/da\/\",\"logo\":{\"@type\":\"ImageObject\",\"inLanguage\":\"da-DK\",\"@id\":\"https:\/\/hubsch-interior.com\/da\/#\/schema\/logo\/image\/\",\"url\":\"https:\/\/hubsch-interior.com\/wp-content\/uploads\/2022\/12\/Hubsch_logo_black_one_line.svg\",\"contentUrl\":\"https:\/\/hubsch-interior.com\/wp-content\/uploads\/2022\/12\/Hubsch_logo_black_one_line.svg\",\"caption\":\"H\u00fcbsch\"},\"image\":{\"@id\":\"https:\/\/hubsch-interior.com\/da\/#\/schema\/logo\/image\/\"}}]}<\/script>\n<!-- \/ Yoast SEO plugin. -->","yoast_head_json":{"title":"Arte V\u00e6glampe Bl\u00e5\/Sand - H\u00fcbsch","description":"En gl\u00f8d der taler i farver. Arte V\u00e6glampe kombinerer bl\u00f8de bl\u00e5 og sandfarvede toner i en retroinspireret palette, der tilf\u00f8rer rolig energi til dit rum.","robots":{"index":"index","follow":"follow","max-snippet":"max-snippet:-1","max-image-preview":"max-image-preview:large","max-video-preview":"max-video-preview:-1"},"canonical":"https:\/\/hubsch-interior.com\/da\/wp-json\/wp\/v2\/product\/1088623","og_locale":"da_DK","og_type":"article","og_title":"Arte V\u00e6glampe Bl\u00e5\/Sand - H\u00fcbsch","og_description":"En gl\u00f8d der taler i farver. Arte V\u00e6glampe kombinerer bl\u00f8de bl\u00e5 og sandfarvede toner i en retroinspireret palette, der tilf\u00f8rer rolig energi til dit rum.","og_url":"https:\/\/hubsch-interior.com\/da\/vare\/arte-vaeglampe-bla-sand\/","og_site_name":"H\u00fcbsch","article_modified_time":"2026-04-05T03:13:07+00:00","og_image":[{"width":1200,"height":1200,"url":"https:\/\/hubsch-interior.com\/wp-content\/uploads\/2026\/01\/arte-wall-lamp-bluesand-c06484ef61ec7dadbf328c199ba089ad.jpg","type":"image\/jpeg"}],"twitter_card":"summary_large_image","schema":{"@context":"https:\/\/schema.org","@graph":[{"@type":"WebPage","@id":"https:\/\/hubsch-interior.com\/da\/vare\/arte-vaeglampe-bla-sand\/","url":"https:\/\/hubsch-interior.com\/da\/vare\/arte-vaeglampe-bla-sand\/","name":"Arte V\u00e6glampe Bl\u00e5\/Sand - H\u00fcbsch","isPartOf":{"@id":"https:\/\/hubsch-interior.com\/da\/#website"},"primaryImageOfPage":{"@id":"https:\/\/hubsch-interior.com\/da\/vare\/arte-vaeglampe-bla-sand\/#primaryimage"},"image":{"@id":"https:\/\/hubsch-interior.com\/da\/vare\/arte-vaeglampe-bla-sand\/#primaryimage"},"thumbnailUrl":"https:\/\/hubsch-interior.com\/wp-content\/uploads\/2026\/02\/arte-wall-lamp-bluesand-eb7b92b52d719bd31b0d7baae26f01a4.jpg","datePublished":"2026-01-31T04:02:06+00:00","dateModified":"2026-04-05T03:13:07+00:00","description":"En gl\u00f8d der taler i farver. Arte V\u00e6glampe kombinerer bl\u00f8de bl\u00e5 og sandfarvede toner i en retroinspireret palette, der tilf\u00f8rer rolig energi til dit rum.","breadcrumb":{"@id":"https:\/\/hubsch-interior.com\/da\/vare\/arte-vaeglampe-bla-sand\/#breadcrumb"},"inLanguage":"da-DK","potentialAction":[{"@type":"ReadAction","target":["https:\/\/hubsch-interior.com\/da\/vare\/arte-vaeglampe-bla-sand\/"]}]},{"@type":"ImageObject","inLanguage":"da-DK","@id":"https:\/\/hubsch-interior.com\/da\/vare\/arte-vaeglampe-bla-sand\/#primaryimage","url":"https:\/\/hubsch-interior.com\/wp-content\/uploads\/2026\/02\/arte-wall-lamp-bluesand-eb7b92b52d719bd31b0d7baae26f01a4.jpg","contentUrl":"https:\/\/hubsch-interior.com\/wp-content\/uploads\/2026\/02\/arte-wall-lamp-bluesand-eb7b92b52d719bd31b0d7baae26f01a4.jpg","width":1024,"height":1024},{"@type":"BreadcrumbList","@id":"https:\/\/hubsch-interior.com\/da\/vare\/arte-vaeglampe-bla-sand\/#breadcrumb","itemListElement":[{"@type":"ListItem","position":1,"name":"Forside","item":"https:\/\/hubsch-interior.com\/da\/"},{"@type":"ListItem","position":2,"name":"Produkter","item":"https:\/\/hubsch-interior.com\/da\/produkter\/"},{"@type":"ListItem","position":3,"name":"Arte V\u00e6glampe Bl\u00e5\/Sand"}]},{"@type":"WebSite","@id":"https:\/\/hubsch-interior.com\/da\/#website","url":"https:\/\/hubsch-interior.com\/da\/","name":"H\u00fcbsch","description":"Danish Home Interior and Design","publisher":{"@id":"https:\/\/hubsch-interior.com\/da\/#organization"},"potentialAction":[{"@type":"SearchAction","target":{"@type":"EntryPoint","urlTemplate":"https:\/\/hubsch-interior.com\/da\/?s={search_term_string}"},"query-input":{"@type":"PropertyValueSpecification","valueRequired":true,"valueName":"search_term_string"}}],"inLanguage":"da-DK"},{"@type":"Organization","@id":"https:\/\/hubsch-interior.com\/da\/#organization","name":"H\u00fcbsch","url":"https:\/\/hubsch-interior.com\/da\/","logo":{"@type":"ImageObject","inLanguage":"da-DK","@id":"https:\/\/hubsch-interior.com\/da\/#\/schema\/logo\/image\/","url":"https:\/\/hubsch-interior.com\/wp-content\/uploads\/2022\/12\/Hubsch_logo_black_one_line.svg","contentUrl":"https:\/\/hubsch-interior.com\/wp-content\/uploads\/2022\/12\/Hubsch_logo_black_one_line.svg","caption":"H\u00fcbsch"},"image":{"@id":"https:\/\/hubsch-interior.com\/da\/#\/schema\/logo\/image\/"}}]}},"_links":{"self":[{"href":"https:\/\/hubsch-interior.com\/da\/wp-json\/wp\/v2\/product\/1088623","targetHints":{"allow":["GET"]}}],"collection":[{"href":"https:\/\/hubsch-interior.com\/da\/wp-json\/wp\/v2\/product"}],"about":[{"href":"https:\/\/hubsch-interior.com\/da\/wp-json\/wp\/v2\/types\/product"}],"wp:featuredmedia":[{"embeddable":true,"href":"https:\/\/hubsch-interior.com\/da\/wp-json\/wp\/v2\/media\/1108346"}],"wp:attachment":[{"href":"https:\/\/hubsch-interior.com\/da\/wp-json\/wp\/v2\/media?parent=1088623"}],"wp:term":[{"taxonomy":"product_brand","embeddable":true,"href":"https:\/\/hubsch-interior.com\/da\/wp-json\/wp\/v2\/product_brand?post=1088623"},{"taxonomy":"product_cat","embeddable":true,"href":"https:\/\/hubsch-interior.com\/da\/wp-json\/wp\/v2\/product_cat?post=1088623"},{"taxonomy":"product_tag","embeddable":true,"href":"https:\/\/hubsch-interior.com\/da\/wp-json\/wp\/v2\/product_tag?post=1088623"}],"curies":[{"name":"wp","href":"https:\/\/api.w.org\/{rel}","templated":true}]}}