{"id":1088643,"date":"2026-01-31T05:02:19","date_gmt":"2026-01-31T04:02:19","guid":{"rendered":"https:\/\/hubsch-interior.com\/product\/product\/"},"modified":"2026-04-06T05:07:02","modified_gmt":"2026-04-06T03:07:02","slug":"reflector-gulvlampe-brun","status":"publish","type":"product","link":"https:\/\/hubsch-interior.com\/da\/vare\/reflector-gulvlampe-brun\/","title":{"rendered":"Reflector Gulvlampe Brun"},"content":{"rendered":"<p>Skinnende, skulpturel og fuld af karakter. Reflector Gulvlampen i bl\u00f8d brun bringer retro elegance ind i nutiden, kombinerer h\u00f8jglans overflader med slanke kromdetaljer for et udseende, der er b\u00e5de nostalgisk og friskt. Med justerbare funktioner og et d\u00e6mpbart lys, giver den dig mulighed for at skifte stemningen fra fokuseret til ambient p\u00e5 et \u00f8jeblik. Uanset om den er placeret i et l\u00e6sehj\u00f8rne eller stylet som et statement-stykke, oplyser den rummet med stille drama. En gulvlampe, der ikke bare reflekterer \u2013 den transformerer.<\/p>\n","protected":false},"excerpt":{"rendered":"<p>Skinnende, skulpturel og fuld af karakter. Reflector Gulvlampen i bl\u00f8d brun bringer retro elegance ind i nutiden, kombinerer h\u00f8jglans overflader med slanke kromdetaljer for et udseende, der er b\u00e5de nostalgisk og friskt. Med justerbare funktioner og et d\u00e6mpbart lys, giver den dig mulighed for at skifte stemningen fra fokuseret til ambient p\u00e5 et \u00f8jeblik. Uanset [&hellip;]<\/p>\n","protected":false},"featured_media":1108362,"template":"","meta":{"_acf_changed":false,"inline_featured_image":false},"product_brand":[],"product_cat":[7153,3808,3495,5025,5045],"product_tag":[],"class_list":{"0":"post-1088643","1":"product","2":"type-product","3":"status-publish","4":"has-post-thumbnail","6":"product_cat-dweller-da","7":"product_cat-belysning","8":"product_cat-gulvlamper-da","9":"product_cat-bestsellers-da","10":"product_cat-nyheder-da","11":"product_shipping_class-p05","13":"pa_color-brun","14":"pa_material-jern-da","15":"pa_material-polycarbonat","17":"first","18":"instock","19":"featured","20":"taxable","21":"shipping-taxable","22":"purchasable","23":"product-type-simple"},"exclude_global_add_ons":[],"addons":[],"acf":[],"yoast_head":"<!-- This site is optimized with the Yoast SEO plugin v26.4 - https:\/\/yoast.com\/wordpress\/plugins\/seo\/ -->\n<title>Reflector Gulvlampe Brun - H\u00fcbsch<\/title>\n<meta name=\"description\" content=\"Skinnende, skulpturel og fuld af karakter. Reflector Gulvlampen i bl\u00f8d brun bringer retro elegance ind i nutiden, kombinerer h\u00f8jglans overflader med\" \/>\n<meta name=\"robots\" content=\"index, follow, max-snippet:-1, max-image-preview:large, max-video-preview:-1\" \/>\n<link rel=\"canonical\" href=\"https:\/\/hubsch-interior.com\/da\/wp-json\/wp\/v2\/product\/1088643\" \/>\n<meta property=\"og:locale\" content=\"da_DK\" \/>\n<meta property=\"og:type\" content=\"article\" \/>\n<meta property=\"og:title\" content=\"Reflector Gulvlampe Brun - H\u00fcbsch\" \/>\n<meta property=\"og:description\" content=\"Skinnende, skulpturel og fuld af karakter. Reflector Gulvlampen i bl\u00f8d brun bringer retro elegance ind i nutiden, kombinerer h\u00f8jglans overflader med\" \/>\n<meta property=\"og:url\" content=\"https:\/\/hubsch-interior.com\/da\/vare\/reflector-gulvlampe-brun\/\" \/>\n<meta property=\"og:site_name\" content=\"H\u00fcbsch\" \/>\n<meta property=\"article:modified_time\" content=\"2026-04-06T03:07:02+00:00\" \/>\n<meta property=\"og:image\" content=\"https:\/\/hubsch-interior.com\/wp-content\/uploads\/2026\/02\/reflector-floor-lamp-brown-d890806facf4116e34ac56b5c9d71e54.jpg\" \/>\n\t<meta property=\"og:image:width\" content=\"1024\" \/>\n\t<meta property=\"og:image:height\" content=\"1024\" \/>\n\t<meta property=\"og:image:type\" content=\"image\/jpeg\" \/>\n<meta name=\"twitter:card\" content=\"summary_large_image\" \/>\n<script type=\"application\/ld+json\" class=\"yoast-schema-graph\">{\"@context\":\"https:\/\/schema.org\",\"@graph\":[{\"@type\":\"WebPage\",\"@id\":\"https:\/\/hubsch-interior.com\/da\/vare\/reflector-gulvlampe-brun\/\",\"url\":\"https:\/\/hubsch-interior.com\/da\/vare\/reflector-gulvlampe-brun\/\",\"name\":\"Reflector Gulvlampe Brun - H\u00fcbsch\",\"isPartOf\":{\"@id\":\"https:\/\/hubsch-interior.com\/da\/#website\"},\"primaryImageOfPage\":{\"@id\":\"https:\/\/hubsch-interior.com\/da\/vare\/reflector-gulvlampe-brun\/#primaryimage\"},\"image\":{\"@id\":\"https:\/\/hubsch-interior.com\/da\/vare\/reflector-gulvlampe-brun\/#primaryimage\"},\"thumbnailUrl\":\"https:\/\/hubsch-interior.com\/wp-content\/uploads\/2026\/02\/reflector-floor-lamp-brown-d890806facf4116e34ac56b5c9d71e54.jpg\",\"datePublished\":\"2026-01-31T04:02:19+00:00\",\"dateModified\":\"2026-04-06T03:07:02+00:00\",\"description\":\"Skinnende, skulpturel og fuld af karakter. Reflector Gulvlampen i bl\u00f8d brun bringer retro elegance ind i nutiden, kombinerer h\u00f8jglans overflader med\",\"breadcrumb\":{\"@id\":\"https:\/\/hubsch-interior.com\/da\/vare\/reflector-gulvlampe-brun\/#breadcrumb\"},\"inLanguage\":\"da-DK\",\"potentialAction\":[{\"@type\":\"ReadAction\",\"target\":[\"https:\/\/hubsch-interior.com\/da\/vare\/reflector-gulvlampe-brun\/\"]}]},{\"@type\":\"ImageObject\",\"inLanguage\":\"da-DK\",\"@id\":\"https:\/\/hubsch-interior.com\/da\/vare\/reflector-gulvlampe-brun\/#primaryimage\",\"url\":\"https:\/\/hubsch-interior.com\/wp-content\/uploads\/2026\/02\/reflector-floor-lamp-brown-d890806facf4116e34ac56b5c9d71e54.jpg\",\"contentUrl\":\"https:\/\/hubsch-interior.com\/wp-content\/uploads\/2026\/02\/reflector-floor-lamp-brown-d890806facf4116e34ac56b5c9d71e54.jpg\",\"width\":1024,\"height\":1024},{\"@type\":\"BreadcrumbList\",\"@id\":\"https:\/\/hubsch-interior.com\/da\/vare\/reflector-gulvlampe-brun\/#breadcrumb\",\"itemListElement\":[{\"@type\":\"ListItem\",\"position\":1,\"name\":\"Forside\",\"item\":\"https:\/\/hubsch-interior.com\/da\/\"},{\"@type\":\"ListItem\",\"position\":2,\"name\":\"Produkter\",\"item\":\"https:\/\/hubsch-interior.com\/da\/produkter\/\"},{\"@type\":\"ListItem\",\"position\":3,\"name\":\"Belysning\",\"item\":\"https:\/\/hubsch-interior.com\/da\/vare-kategori\/belysning\/\"},{\"@type\":\"ListItem\",\"position\":4,\"name\":\"Gulvlamper\",\"item\":\"https:\/\/hubsch-interior.com\/da\/vare-kategori\/belysning\/gulvlamper-da\/\"},{\"@type\":\"ListItem\",\"position\":5,\"name\":\"Reflector Gulvlampe Brun\"}]},{\"@type\":\"WebSite\",\"@id\":\"https:\/\/hubsch-interior.com\/da\/#website\",\"url\":\"https:\/\/hubsch-interior.com\/da\/\",\"name\":\"H\u00fcbsch\",\"description\":\"Danish Home Interior and Design\",\"publisher\":{\"@id\":\"https:\/\/hubsch-interior.com\/da\/#organization\"},\"potentialAction\":[{\"@type\":\"SearchAction\",\"target\":{\"@type\":\"EntryPoint\",\"urlTemplate\":\"https:\/\/hubsch-interior.com\/da\/?s={search_term_string}\"},\"query-input\":{\"@type\":\"PropertyValueSpecification\",\"valueRequired\":true,\"valueName\":\"search_term_string\"}}],\"inLanguage\":\"da-DK\"},{\"@type\":\"Organization\",\"@id\":\"https:\/\/hubsch-interior.com\/da\/#organization\",\"name\":\"H\u00fcbsch\",\"url\":\"https:\/\/hubsch-interior.com\/da\/\",\"logo\":{\"@type\":\"ImageObject\",\"inLanguage\":\"da-DK\",\"@id\":\"https:\/\/hubsch-interior.com\/da\/#\/schema\/logo\/image\/\",\"url\":\"https:\/\/hubsch-interior.com\/wp-content\/uploads\/2022\/12\/Hubsch_logo_black_one_line.svg\",\"contentUrl\":\"https:\/\/hubsch-interior.com\/wp-content\/uploads\/2022\/12\/Hubsch_logo_black_one_line.svg\",\"caption\":\"H\u00fcbsch\"},\"image\":{\"@id\":\"https:\/\/hubsch-interior.com\/da\/#\/schema\/logo\/image\/\"}}]}<\/script>\n<!-- \/ Yoast SEO plugin. -->","yoast_head_json":{"title":"Reflector Gulvlampe Brun - H\u00fcbsch","description":"Skinnende, skulpturel og fuld af karakter. Reflector Gulvlampen i bl\u00f8d brun bringer retro elegance ind i nutiden, kombinerer h\u00f8jglans overflader med","robots":{"index":"index","follow":"follow","max-snippet":"max-snippet:-1","max-image-preview":"max-image-preview:large","max-video-preview":"max-video-preview:-1"},"canonical":"https:\/\/hubsch-interior.com\/da\/wp-json\/wp\/v2\/product\/1088643","og_locale":"da_DK","og_type":"article","og_title":"Reflector Gulvlampe Brun - H\u00fcbsch","og_description":"Skinnende, skulpturel og fuld af karakter. Reflector Gulvlampen i bl\u00f8d brun bringer retro elegance ind i nutiden, kombinerer h\u00f8jglans overflader med","og_url":"https:\/\/hubsch-interior.com\/da\/vare\/reflector-gulvlampe-brun\/","og_site_name":"H\u00fcbsch","article_modified_time":"2026-04-06T03:07:02+00:00","og_image":[{"width":1024,"height":1024,"url":"https:\/\/hubsch-interior.com\/wp-content\/uploads\/2026\/02\/reflector-floor-lamp-brown-d890806facf4116e34ac56b5c9d71e54.jpg","type":"image\/jpeg"}],"twitter_card":"summary_large_image","schema":{"@context":"https:\/\/schema.org","@graph":[{"@type":"WebPage","@id":"https:\/\/hubsch-interior.com\/da\/vare\/reflector-gulvlampe-brun\/","url":"https:\/\/hubsch-interior.com\/da\/vare\/reflector-gulvlampe-brun\/","name":"Reflector Gulvlampe Brun - H\u00fcbsch","isPartOf":{"@id":"https:\/\/hubsch-interior.com\/da\/#website"},"primaryImageOfPage":{"@id":"https:\/\/hubsch-interior.com\/da\/vare\/reflector-gulvlampe-brun\/#primaryimage"},"image":{"@id":"https:\/\/hubsch-interior.com\/da\/vare\/reflector-gulvlampe-brun\/#primaryimage"},"thumbnailUrl":"https:\/\/hubsch-interior.com\/wp-content\/uploads\/2026\/02\/reflector-floor-lamp-brown-d890806facf4116e34ac56b5c9d71e54.jpg","datePublished":"2026-01-31T04:02:19+00:00","dateModified":"2026-04-06T03:07:02+00:00","description":"Skinnende, skulpturel og fuld af karakter. Reflector Gulvlampen i bl\u00f8d brun bringer retro elegance ind i nutiden, kombinerer h\u00f8jglans overflader med","breadcrumb":{"@id":"https:\/\/hubsch-interior.com\/da\/vare\/reflector-gulvlampe-brun\/#breadcrumb"},"inLanguage":"da-DK","potentialAction":[{"@type":"ReadAction","target":["https:\/\/hubsch-interior.com\/da\/vare\/reflector-gulvlampe-brun\/"]}]},{"@type":"ImageObject","inLanguage":"da-DK","@id":"https:\/\/hubsch-interior.com\/da\/vare\/reflector-gulvlampe-brun\/#primaryimage","url":"https:\/\/hubsch-interior.com\/wp-content\/uploads\/2026\/02\/reflector-floor-lamp-brown-d890806facf4116e34ac56b5c9d71e54.jpg","contentUrl":"https:\/\/hubsch-interior.com\/wp-content\/uploads\/2026\/02\/reflector-floor-lamp-brown-d890806facf4116e34ac56b5c9d71e54.jpg","width":1024,"height":1024},{"@type":"BreadcrumbList","@id":"https:\/\/hubsch-interior.com\/da\/vare\/reflector-gulvlampe-brun\/#breadcrumb","itemListElement":[{"@type":"ListItem","position":1,"name":"Forside","item":"https:\/\/hubsch-interior.com\/da\/"},{"@type":"ListItem","position":2,"name":"Produkter","item":"https:\/\/hubsch-interior.com\/da\/produkter\/"},{"@type":"ListItem","position":3,"name":"Belysning","item":"https:\/\/hubsch-interior.com\/da\/vare-kategori\/belysning\/"},{"@type":"ListItem","position":4,"name":"Gulvlamper","item":"https:\/\/hubsch-interior.com\/da\/vare-kategori\/belysning\/gulvlamper-da\/"},{"@type":"ListItem","position":5,"name":"Reflector Gulvlampe Brun"}]},{"@type":"WebSite","@id":"https:\/\/hubsch-interior.com\/da\/#website","url":"https:\/\/hubsch-interior.com\/da\/","name":"H\u00fcbsch","description":"Danish Home Interior and Design","publisher":{"@id":"https:\/\/hubsch-interior.com\/da\/#organization"},"potentialAction":[{"@type":"SearchAction","target":{"@type":"EntryPoint","urlTemplate":"https:\/\/hubsch-interior.com\/da\/?s={search_term_string}"},"query-input":{"@type":"PropertyValueSpecification","valueRequired":true,"valueName":"search_term_string"}}],"inLanguage":"da-DK"},{"@type":"Organization","@id":"https:\/\/hubsch-interior.com\/da\/#organization","name":"H\u00fcbsch","url":"https:\/\/hubsch-interior.com\/da\/","logo":{"@type":"ImageObject","inLanguage":"da-DK","@id":"https:\/\/hubsch-interior.com\/da\/#\/schema\/logo\/image\/","url":"https:\/\/hubsch-interior.com\/wp-content\/uploads\/2022\/12\/Hubsch_logo_black_one_line.svg","contentUrl":"https:\/\/hubsch-interior.com\/wp-content\/uploads\/2022\/12\/Hubsch_logo_black_one_line.svg","caption":"H\u00fcbsch"},"image":{"@id":"https:\/\/hubsch-interior.com\/da\/#\/schema\/logo\/image\/"}}]}},"_links":{"self":[{"href":"https:\/\/hubsch-interior.com\/da\/wp-json\/wp\/v2\/product\/1088643","targetHints":{"allow":["GET"]}}],"collection":[{"href":"https:\/\/hubsch-interior.com\/da\/wp-json\/wp\/v2\/product"}],"about":[{"href":"https:\/\/hubsch-interior.com\/da\/wp-json\/wp\/v2\/types\/product"}],"wp:featuredmedia":[{"embeddable":true,"href":"https:\/\/hubsch-interior.com\/da\/wp-json\/wp\/v2\/media\/1108362"}],"wp:attachment":[{"href":"https:\/\/hubsch-interior.com\/da\/wp-json\/wp\/v2\/media?parent=1088643"}],"wp:term":[{"taxonomy":"product_brand","embeddable":true,"href":"https:\/\/hubsch-interior.com\/da\/wp-json\/wp\/v2\/product_brand?post=1088643"},{"taxonomy":"product_cat","embeddable":true,"href":"https:\/\/hubsch-interior.com\/da\/wp-json\/wp\/v2\/product_cat?post=1088643"},{"taxonomy":"product_tag","embeddable":true,"href":"https:\/\/hubsch-interior.com\/da\/wp-json\/wp\/v2\/product_tag?post=1088643"}],"curies":[{"name":"wp","href":"https:\/\/api.w.org\/{rel}","templated":true}]}}