{"id":1088663,"date":"2026-01-31T05:02:31","date_gmt":"2026-01-31T04:02:31","guid":{"rendered":"https:\/\/hubsch-interior.com\/product\/product\/"},"modified":"2026-04-06T05:07:06","modified_gmt":"2026-04-06T03:07:06","slug":"reflector-gulvlampe-orange","status":"publish","type":"product","link":"https:\/\/hubsch-interior.com\/da\/vare\/reflector-gulvlampe-orange\/","title":{"rendered":"Reflector Gulvlampe Orange"},"content":{"rendered":"<p>En dristig str\u00e5le fra en anden \u00e6ra \u2014 genopfundet. Reflector Gulvlampen i klar orange fanger opm\u00e6rksomheden med sin h\u00f8jglansfinish og legende farvekontrast, hvor levende charme kombineres med vintage-inspireret form. Dens justerbare funktioner og d\u00e6mpbare gl\u00f8d giver dig fuld kontrol over stemningen, uanset om du l\u00e6ser, slapper af, eller blot skaber atmosf\u00e6ren. Designet til at skille sig ud uden at dominere, bringer den bev\u00e6gelse, lys og personlighed til dit rum. V\u00e6lg mellem to udtryksfulde varianter \u2014 og lad din belysning tale for sig selv.<\/p>\n","protected":false},"excerpt":{"rendered":"<p>En dristig str\u00e5le fra en anden \u00e6ra \u2014 genopfundet. Reflector Gulvlampen i klar orange fanger opm\u00e6rksomheden med sin h\u00f8jglansfinish og legende farvekontrast, hvor levende charme kombineres med vintage-inspireret form. Dens justerbare funktioner og d\u00e6mpbare gl\u00f8d giver dig fuld kontrol over stemningen, uanset om du l\u00e6ser, slapper af, eller blot skaber atmosf\u00e6ren. Designet til at skille [&hellip;]<\/p>\n","protected":false},"featured_media":1108382,"template":"","meta":{"_acf_changed":false,"inline_featured_image":false},"product_brand":[],"product_cat":[3808,5025,7153,3495,5045],"product_tag":[],"class_list":{"0":"post-1088663","1":"product","2":"type-product","3":"status-publish","4":"has-post-thumbnail","6":"product_cat-belysning","7":"product_cat-bestsellers-da","8":"product_cat-dweller-da","9":"product_cat-gulvlamper-da","10":"product_cat-nyheder-da","11":"product_shipping_class-p05","13":"pa_color-orange-da","14":"pa_material-jern-da","15":"pa_material-polycarbonat","17":"first","18":"instock","19":"featured","20":"taxable","21":"shipping-taxable","22":"purchasable","23":"product-type-simple"},"exclude_global_add_ons":[],"addons":[],"acf":[],"yoast_head":"<!-- This site is optimized with the Yoast SEO plugin v26.4 - https:\/\/yoast.com\/wordpress\/plugins\/seo\/ -->\n<title>Reflector Gulvlampe Orange - H\u00fcbsch<\/title>\n<meta name=\"description\" content=\"En dristig str\u00e5le fra en anden \u00e6ra \u2014 genopfundet. Reflector Gulvlampen i klar orange fanger opm\u00e6rksomheden med sin h\u00f8jglansfinish og legende\" \/>\n<meta name=\"robots\" content=\"index, follow, max-snippet:-1, max-image-preview:large, max-video-preview:-1\" \/>\n<link rel=\"canonical\" href=\"https:\/\/hubsch-interior.com\/da\/wp-json\/wp\/v2\/product\/1088663\" \/>\n<meta property=\"og:locale\" content=\"da_DK\" \/>\n<meta property=\"og:type\" content=\"article\" \/>\n<meta property=\"og:title\" content=\"Reflector Gulvlampe Orange - H\u00fcbsch\" \/>\n<meta property=\"og:description\" content=\"En dristig str\u00e5le fra en anden \u00e6ra \u2014 genopfundet. Reflector Gulvlampen i klar orange fanger opm\u00e6rksomheden med sin h\u00f8jglansfinish og legende\" \/>\n<meta property=\"og:url\" content=\"https:\/\/hubsch-interior.com\/da\/vare\/reflector-gulvlampe-orange\/\" \/>\n<meta property=\"og:site_name\" content=\"H\u00fcbsch\" \/>\n<meta property=\"article:modified_time\" content=\"2026-04-06T03:07:06+00:00\" \/>\n<meta property=\"og:image\" content=\"https:\/\/hubsch-interior.com\/wp-content\/uploads\/2026\/02\/reflector-floor-lamp-orange-d11f3ae32353ec290fc844345ae3b7c2.jpg\" \/>\n\t<meta property=\"og:image:width\" content=\"1024\" \/>\n\t<meta property=\"og:image:height\" content=\"1024\" \/>\n\t<meta property=\"og:image:type\" content=\"image\/jpeg\" \/>\n<meta name=\"twitter:card\" content=\"summary_large_image\" \/>\n<script type=\"application\/ld+json\" class=\"yoast-schema-graph\">{\"@context\":\"https:\/\/schema.org\",\"@graph\":[{\"@type\":\"WebPage\",\"@id\":\"https:\/\/hubsch-interior.com\/da\/vare\/reflector-gulvlampe-orange\/\",\"url\":\"https:\/\/hubsch-interior.com\/da\/vare\/reflector-gulvlampe-orange\/\",\"name\":\"Reflector Gulvlampe Orange - H\u00fcbsch\",\"isPartOf\":{\"@id\":\"https:\/\/hubsch-interior.com\/da\/#website\"},\"primaryImageOfPage\":{\"@id\":\"https:\/\/hubsch-interior.com\/da\/vare\/reflector-gulvlampe-orange\/#primaryimage\"},\"image\":{\"@id\":\"https:\/\/hubsch-interior.com\/da\/vare\/reflector-gulvlampe-orange\/#primaryimage\"},\"thumbnailUrl\":\"https:\/\/hubsch-interior.com\/wp-content\/uploads\/2026\/02\/reflector-floor-lamp-orange-d11f3ae32353ec290fc844345ae3b7c2.jpg\",\"datePublished\":\"2026-01-31T04:02:31+00:00\",\"dateModified\":\"2026-04-06T03:07:06+00:00\",\"description\":\"En dristig str\u00e5le fra en anden \u00e6ra \u2014 genopfundet. Reflector Gulvlampen i klar orange fanger opm\u00e6rksomheden med sin h\u00f8jglansfinish og legende\",\"breadcrumb\":{\"@id\":\"https:\/\/hubsch-interior.com\/da\/vare\/reflector-gulvlampe-orange\/#breadcrumb\"},\"inLanguage\":\"da-DK\",\"potentialAction\":[{\"@type\":\"ReadAction\",\"target\":[\"https:\/\/hubsch-interior.com\/da\/vare\/reflector-gulvlampe-orange\/\"]}]},{\"@type\":\"ImageObject\",\"inLanguage\":\"da-DK\",\"@id\":\"https:\/\/hubsch-interior.com\/da\/vare\/reflector-gulvlampe-orange\/#primaryimage\",\"url\":\"https:\/\/hubsch-interior.com\/wp-content\/uploads\/2026\/02\/reflector-floor-lamp-orange-d11f3ae32353ec290fc844345ae3b7c2.jpg\",\"contentUrl\":\"https:\/\/hubsch-interior.com\/wp-content\/uploads\/2026\/02\/reflector-floor-lamp-orange-d11f3ae32353ec290fc844345ae3b7c2.jpg\",\"width\":1024,\"height\":1024},{\"@type\":\"BreadcrumbList\",\"@id\":\"https:\/\/hubsch-interior.com\/da\/vare\/reflector-gulvlampe-orange\/#breadcrumb\",\"itemListElement\":[{\"@type\":\"ListItem\",\"position\":1,\"name\":\"Forside\",\"item\":\"https:\/\/hubsch-interior.com\/da\/\"},{\"@type\":\"ListItem\",\"position\":2,\"name\":\"Produkter\",\"item\":\"https:\/\/hubsch-interior.com\/da\/produkter\/\"},{\"@type\":\"ListItem\",\"position\":3,\"name\":\"Belysning\",\"item\":\"https:\/\/hubsch-interior.com\/da\/vare-kategori\/belysning\/\"},{\"@type\":\"ListItem\",\"position\":4,\"name\":\"Gulvlamper\",\"item\":\"https:\/\/hubsch-interior.com\/da\/vare-kategori\/belysning\/gulvlamper-da\/\"},{\"@type\":\"ListItem\",\"position\":5,\"name\":\"Reflector Gulvlampe Orange\"}]},{\"@type\":\"WebSite\",\"@id\":\"https:\/\/hubsch-interior.com\/da\/#website\",\"url\":\"https:\/\/hubsch-interior.com\/da\/\",\"name\":\"H\u00fcbsch\",\"description\":\"Danish Home Interior and Design\",\"publisher\":{\"@id\":\"https:\/\/hubsch-interior.com\/da\/#organization\"},\"potentialAction\":[{\"@type\":\"SearchAction\",\"target\":{\"@type\":\"EntryPoint\",\"urlTemplate\":\"https:\/\/hubsch-interior.com\/da\/?s={search_term_string}\"},\"query-input\":{\"@type\":\"PropertyValueSpecification\",\"valueRequired\":true,\"valueName\":\"search_term_string\"}}],\"inLanguage\":\"da-DK\"},{\"@type\":\"Organization\",\"@id\":\"https:\/\/hubsch-interior.com\/da\/#organization\",\"name\":\"H\u00fcbsch\",\"url\":\"https:\/\/hubsch-interior.com\/da\/\",\"logo\":{\"@type\":\"ImageObject\",\"inLanguage\":\"da-DK\",\"@id\":\"https:\/\/hubsch-interior.com\/da\/#\/schema\/logo\/image\/\",\"url\":\"https:\/\/hubsch-interior.com\/wp-content\/uploads\/2022\/12\/Hubsch_logo_black_one_line.svg\",\"contentUrl\":\"https:\/\/hubsch-interior.com\/wp-content\/uploads\/2022\/12\/Hubsch_logo_black_one_line.svg\",\"caption\":\"H\u00fcbsch\"},\"image\":{\"@id\":\"https:\/\/hubsch-interior.com\/da\/#\/schema\/logo\/image\/\"}}]}<\/script>\n<!-- \/ Yoast SEO plugin. -->","yoast_head_json":{"title":"Reflector Gulvlampe Orange - H\u00fcbsch","description":"En dristig str\u00e5le fra en anden \u00e6ra \u2014 genopfundet. Reflector Gulvlampen i klar orange fanger opm\u00e6rksomheden med sin h\u00f8jglansfinish og legende","robots":{"index":"index","follow":"follow","max-snippet":"max-snippet:-1","max-image-preview":"max-image-preview:large","max-video-preview":"max-video-preview:-1"},"canonical":"https:\/\/hubsch-interior.com\/da\/wp-json\/wp\/v2\/product\/1088663","og_locale":"da_DK","og_type":"article","og_title":"Reflector Gulvlampe Orange - H\u00fcbsch","og_description":"En dristig str\u00e5le fra en anden \u00e6ra \u2014 genopfundet. Reflector Gulvlampen i klar orange fanger opm\u00e6rksomheden med sin h\u00f8jglansfinish og legende","og_url":"https:\/\/hubsch-interior.com\/da\/vare\/reflector-gulvlampe-orange\/","og_site_name":"H\u00fcbsch","article_modified_time":"2026-04-06T03:07:06+00:00","og_image":[{"width":1024,"height":1024,"url":"https:\/\/hubsch-interior.com\/wp-content\/uploads\/2026\/02\/reflector-floor-lamp-orange-d11f3ae32353ec290fc844345ae3b7c2.jpg","type":"image\/jpeg"}],"twitter_card":"summary_large_image","schema":{"@context":"https:\/\/schema.org","@graph":[{"@type":"WebPage","@id":"https:\/\/hubsch-interior.com\/da\/vare\/reflector-gulvlampe-orange\/","url":"https:\/\/hubsch-interior.com\/da\/vare\/reflector-gulvlampe-orange\/","name":"Reflector Gulvlampe Orange - H\u00fcbsch","isPartOf":{"@id":"https:\/\/hubsch-interior.com\/da\/#website"},"primaryImageOfPage":{"@id":"https:\/\/hubsch-interior.com\/da\/vare\/reflector-gulvlampe-orange\/#primaryimage"},"image":{"@id":"https:\/\/hubsch-interior.com\/da\/vare\/reflector-gulvlampe-orange\/#primaryimage"},"thumbnailUrl":"https:\/\/hubsch-interior.com\/wp-content\/uploads\/2026\/02\/reflector-floor-lamp-orange-d11f3ae32353ec290fc844345ae3b7c2.jpg","datePublished":"2026-01-31T04:02:31+00:00","dateModified":"2026-04-06T03:07:06+00:00","description":"En dristig str\u00e5le fra en anden \u00e6ra \u2014 genopfundet. Reflector Gulvlampen i klar orange fanger opm\u00e6rksomheden med sin h\u00f8jglansfinish og legende","breadcrumb":{"@id":"https:\/\/hubsch-interior.com\/da\/vare\/reflector-gulvlampe-orange\/#breadcrumb"},"inLanguage":"da-DK","potentialAction":[{"@type":"ReadAction","target":["https:\/\/hubsch-interior.com\/da\/vare\/reflector-gulvlampe-orange\/"]}]},{"@type":"ImageObject","inLanguage":"da-DK","@id":"https:\/\/hubsch-interior.com\/da\/vare\/reflector-gulvlampe-orange\/#primaryimage","url":"https:\/\/hubsch-interior.com\/wp-content\/uploads\/2026\/02\/reflector-floor-lamp-orange-d11f3ae32353ec290fc844345ae3b7c2.jpg","contentUrl":"https:\/\/hubsch-interior.com\/wp-content\/uploads\/2026\/02\/reflector-floor-lamp-orange-d11f3ae32353ec290fc844345ae3b7c2.jpg","width":1024,"height":1024},{"@type":"BreadcrumbList","@id":"https:\/\/hubsch-interior.com\/da\/vare\/reflector-gulvlampe-orange\/#breadcrumb","itemListElement":[{"@type":"ListItem","position":1,"name":"Forside","item":"https:\/\/hubsch-interior.com\/da\/"},{"@type":"ListItem","position":2,"name":"Produkter","item":"https:\/\/hubsch-interior.com\/da\/produkter\/"},{"@type":"ListItem","position":3,"name":"Belysning","item":"https:\/\/hubsch-interior.com\/da\/vare-kategori\/belysning\/"},{"@type":"ListItem","position":4,"name":"Gulvlamper","item":"https:\/\/hubsch-interior.com\/da\/vare-kategori\/belysning\/gulvlamper-da\/"},{"@type":"ListItem","position":5,"name":"Reflector Gulvlampe Orange"}]},{"@type":"WebSite","@id":"https:\/\/hubsch-interior.com\/da\/#website","url":"https:\/\/hubsch-interior.com\/da\/","name":"H\u00fcbsch","description":"Danish Home Interior and Design","publisher":{"@id":"https:\/\/hubsch-interior.com\/da\/#organization"},"potentialAction":[{"@type":"SearchAction","target":{"@type":"EntryPoint","urlTemplate":"https:\/\/hubsch-interior.com\/da\/?s={search_term_string}"},"query-input":{"@type":"PropertyValueSpecification","valueRequired":true,"valueName":"search_term_string"}}],"inLanguage":"da-DK"},{"@type":"Organization","@id":"https:\/\/hubsch-interior.com\/da\/#organization","name":"H\u00fcbsch","url":"https:\/\/hubsch-interior.com\/da\/","logo":{"@type":"ImageObject","inLanguage":"da-DK","@id":"https:\/\/hubsch-interior.com\/da\/#\/schema\/logo\/image\/","url":"https:\/\/hubsch-interior.com\/wp-content\/uploads\/2022\/12\/Hubsch_logo_black_one_line.svg","contentUrl":"https:\/\/hubsch-interior.com\/wp-content\/uploads\/2022\/12\/Hubsch_logo_black_one_line.svg","caption":"H\u00fcbsch"},"image":{"@id":"https:\/\/hubsch-interior.com\/da\/#\/schema\/logo\/image\/"}}]}},"_links":{"self":[{"href":"https:\/\/hubsch-interior.com\/da\/wp-json\/wp\/v2\/product\/1088663","targetHints":{"allow":["GET"]}}],"collection":[{"href":"https:\/\/hubsch-interior.com\/da\/wp-json\/wp\/v2\/product"}],"about":[{"href":"https:\/\/hubsch-interior.com\/da\/wp-json\/wp\/v2\/types\/product"}],"wp:featuredmedia":[{"embeddable":true,"href":"https:\/\/hubsch-interior.com\/da\/wp-json\/wp\/v2\/media\/1108382"}],"wp:attachment":[{"href":"https:\/\/hubsch-interior.com\/da\/wp-json\/wp\/v2\/media?parent=1088663"}],"wp:term":[{"taxonomy":"product_brand","embeddable":true,"href":"https:\/\/hubsch-interior.com\/da\/wp-json\/wp\/v2\/product_brand?post=1088663"},{"taxonomy":"product_cat","embeddable":true,"href":"https:\/\/hubsch-interior.com\/da\/wp-json\/wp\/v2\/product_cat?post=1088663"},{"taxonomy":"product_tag","embeddable":true,"href":"https:\/\/hubsch-interior.com\/da\/wp-json\/wp\/v2\/product_tag?post=1088663"}],"curies":[{"name":"wp","href":"https:\/\/api.w.org\/{rel}","templated":true}]}}