{"id":1088683,"date":"2026-01-31T05:02:43","date_gmt":"2026-01-31T04:02:43","guid":{"rendered":"https:\/\/hubsch-interior.com\/product\/product\/"},"modified":"2026-04-05T05:13:18","modified_gmt":"2026-04-05T03:13:18","slug":"set-gulvlampe-lysegra","status":"publish","type":"product","link":"https:\/\/hubsch-interior.com\/da\/vare\/set-gulvlampe-lysegra\/","title":{"rendered":"Set Gulvlampe Lysegr\u00e5"},"content":{"rendered":"<p>Lys, lagdelt med hensigt. Set Gulvlampen tilf\u00f8rer skulpturel ro til dit rum, f\u00e6rdiggjort i beroligende lysgr\u00e5 med en h\u00f8jglanset glans, der fanger \u00f8jet uden at kr\u00e6ve opm\u00e6rksomhed. To lyskilder lyser blidt gennem mat hvidt opalglas og kaster en stemningsfuld varme, der ubesv\u00e6ret skifter fra stille aftener til sociale \u00f8jeblikke. Lige dele kunst og nyttev\u00e6rdi, st\u00e5r den h\u00f8j med rolig selvtillid. En gulvlampe, der ikke bare oplyser et rum \u2013 den giver det rytme.<\/p>\n","protected":false},"excerpt":{"rendered":"<p>Lys, lagdelt med hensigt. Set Gulvlampen tilf\u00f8rer skulpturel ro til dit rum, f\u00e6rdiggjort i beroligende lysgr\u00e5 med en h\u00f8jglanset glans, der fanger \u00f8jet uden at kr\u00e6ve opm\u00e6rksomhed. To lyskilder lyser blidt gennem mat hvidt opalglas og kaster en stemningsfuld varme, der ubesv\u00e6ret skifter fra stille aftener til sociale \u00f8jeblikke. Lige dele kunst og nyttev\u00e6rdi, st\u00e5r [&hellip;]<\/p>\n","protected":false},"featured_media":1108398,"template":"","meta":{"_acf_changed":false,"inline_featured_image":false},"product_brand":[],"product_cat":[7153,3808,3495,5045],"product_tag":[],"class_list":{"0":"post-1088683","1":"product","2":"type-product","3":"status-publish","4":"has-post-thumbnail","6":"product_cat-dweller-da","7":"product_cat-belysning","8":"product_cat-gulvlamper-da","9":"product_cat-nyheder-da","10":"product_shipping_class-pk","12":"pa_color-lysegr","13":"pa_material-glas-da","14":"pa_material-jern-da","16":"first","17":"instock","18":"taxable","19":"shipping-taxable","20":"purchasable","21":"product-type-simple"},"exclude_global_add_ons":[],"addons":[],"acf":[],"yoast_head":"<!-- This site is optimized with the Yoast SEO plugin v26.4 - https:\/\/yoast.com\/wordpress\/plugins\/seo\/ -->\n<title>Set Gulvlampe Lysegr\u00e5 - H\u00fcbsch<\/title>\n<meta name=\"description\" content=\"Lys, lagdelt med hensigt. Set Gulvlampen tilf\u00f8rer skulpturel ro til dit rum, f\u00e6rdiggjort i beroligende lysgr\u00e5 med en h\u00f8jglanset glans, der fanger \u00f8jet\" \/>\n<meta name=\"robots\" content=\"index, follow, max-snippet:-1, max-image-preview:large, max-video-preview:-1\" \/>\n<link rel=\"canonical\" href=\"https:\/\/hubsch-interior.com\/da\/wp-json\/wp\/v2\/product\/1088683\" \/>\n<meta property=\"og:locale\" content=\"da_DK\" \/>\n<meta property=\"og:type\" content=\"article\" \/>\n<meta property=\"og:title\" content=\"Set Gulvlampe Lysegr\u00e5 - H\u00fcbsch\" \/>\n<meta property=\"og:description\" content=\"Lys, lagdelt med hensigt. Set Gulvlampen tilf\u00f8rer skulpturel ro til dit rum, f\u00e6rdiggjort i beroligende lysgr\u00e5 med en h\u00f8jglanset glans, der fanger \u00f8jet\" \/>\n<meta property=\"og:url\" content=\"https:\/\/hubsch-interior.com\/da\/vare\/set-gulvlampe-lysegra\/\" \/>\n<meta property=\"og:site_name\" content=\"H\u00fcbsch\" \/>\n<meta property=\"article:modified_time\" content=\"2026-04-05T03:13:18+00:00\" \/>\n<meta property=\"og:image\" content=\"https:\/\/hubsch-interior.com\/wp-content\/uploads\/2026\/02\/set-floor-lamp-light-grey-54f5a3bb889766fcb302d4bbd106b8c0.jpg\" \/>\n\t<meta property=\"og:image:width\" content=\"1024\" \/>\n\t<meta property=\"og:image:height\" content=\"1024\" \/>\n\t<meta property=\"og:image:type\" content=\"image\/jpeg\" \/>\n<meta name=\"twitter:card\" content=\"summary_large_image\" \/>\n<script type=\"application\/ld+json\" class=\"yoast-schema-graph\">{\"@context\":\"https:\/\/schema.org\",\"@graph\":[{\"@type\":\"WebPage\",\"@id\":\"https:\/\/hubsch-interior.com\/da\/vare\/set-gulvlampe-lysegra\/\",\"url\":\"https:\/\/hubsch-interior.com\/da\/vare\/set-gulvlampe-lysegra\/\",\"name\":\"Set Gulvlampe Lysegr\u00e5 - H\u00fcbsch\",\"isPartOf\":{\"@id\":\"https:\/\/hubsch-interior.com\/da\/#website\"},\"primaryImageOfPage\":{\"@id\":\"https:\/\/hubsch-interior.com\/da\/vare\/set-gulvlampe-lysegra\/#primaryimage\"},\"image\":{\"@id\":\"https:\/\/hubsch-interior.com\/da\/vare\/set-gulvlampe-lysegra\/#primaryimage\"},\"thumbnailUrl\":\"https:\/\/hubsch-interior.com\/wp-content\/uploads\/2026\/02\/set-floor-lamp-light-grey-54f5a3bb889766fcb302d4bbd106b8c0.jpg\",\"datePublished\":\"2026-01-31T04:02:43+00:00\",\"dateModified\":\"2026-04-05T03:13:18+00:00\",\"description\":\"Lys, lagdelt med hensigt. Set Gulvlampen tilf\u00f8rer skulpturel ro til dit rum, f\u00e6rdiggjort i beroligende lysgr\u00e5 med en h\u00f8jglanset glans, der fanger \u00f8jet\",\"breadcrumb\":{\"@id\":\"https:\/\/hubsch-interior.com\/da\/vare\/set-gulvlampe-lysegra\/#breadcrumb\"},\"inLanguage\":\"da-DK\",\"potentialAction\":[{\"@type\":\"ReadAction\",\"target\":[\"https:\/\/hubsch-interior.com\/da\/vare\/set-gulvlampe-lysegra\/\"]}]},{\"@type\":\"ImageObject\",\"inLanguage\":\"da-DK\",\"@id\":\"https:\/\/hubsch-interior.com\/da\/vare\/set-gulvlampe-lysegra\/#primaryimage\",\"url\":\"https:\/\/hubsch-interior.com\/wp-content\/uploads\/2026\/02\/set-floor-lamp-light-grey-54f5a3bb889766fcb302d4bbd106b8c0.jpg\",\"contentUrl\":\"https:\/\/hubsch-interior.com\/wp-content\/uploads\/2026\/02\/set-floor-lamp-light-grey-54f5a3bb889766fcb302d4bbd106b8c0.jpg\",\"width\":1024,\"height\":1024},{\"@type\":\"BreadcrumbList\",\"@id\":\"https:\/\/hubsch-interior.com\/da\/vare\/set-gulvlampe-lysegra\/#breadcrumb\",\"itemListElement\":[{\"@type\":\"ListItem\",\"position\":1,\"name\":\"Forside\",\"item\":\"https:\/\/hubsch-interior.com\/da\/\"},{\"@type\":\"ListItem\",\"position\":2,\"name\":\"Produkter\",\"item\":\"https:\/\/hubsch-interior.com\/da\/produkter\/\"},{\"@type\":\"ListItem\",\"position\":3,\"name\":\"Belysning\",\"item\":\"https:\/\/hubsch-interior.com\/da\/vare-kategori\/belysning\/\"},{\"@type\":\"ListItem\",\"position\":4,\"name\":\"Gulvlamper\",\"item\":\"https:\/\/hubsch-interior.com\/da\/vare-kategori\/belysning\/gulvlamper-da\/\"},{\"@type\":\"ListItem\",\"position\":5,\"name\":\"Set Gulvlampe Lysegr\u00e5\"}]},{\"@type\":\"WebSite\",\"@id\":\"https:\/\/hubsch-interior.com\/da\/#website\",\"url\":\"https:\/\/hubsch-interior.com\/da\/\",\"name\":\"H\u00fcbsch\",\"description\":\"Danish Home Interior and Design\",\"publisher\":{\"@id\":\"https:\/\/hubsch-interior.com\/da\/#organization\"},\"potentialAction\":[{\"@type\":\"SearchAction\",\"target\":{\"@type\":\"EntryPoint\",\"urlTemplate\":\"https:\/\/hubsch-interior.com\/da\/?s={search_term_string}\"},\"query-input\":{\"@type\":\"PropertyValueSpecification\",\"valueRequired\":true,\"valueName\":\"search_term_string\"}}],\"inLanguage\":\"da-DK\"},{\"@type\":\"Organization\",\"@id\":\"https:\/\/hubsch-interior.com\/da\/#organization\",\"name\":\"H\u00fcbsch\",\"url\":\"https:\/\/hubsch-interior.com\/da\/\",\"logo\":{\"@type\":\"ImageObject\",\"inLanguage\":\"da-DK\",\"@id\":\"https:\/\/hubsch-interior.com\/da\/#\/schema\/logo\/image\/\",\"url\":\"https:\/\/hubsch-interior.com\/wp-content\/uploads\/2022\/12\/Hubsch_logo_black_one_line.svg\",\"contentUrl\":\"https:\/\/hubsch-interior.com\/wp-content\/uploads\/2022\/12\/Hubsch_logo_black_one_line.svg\",\"caption\":\"H\u00fcbsch\"},\"image\":{\"@id\":\"https:\/\/hubsch-interior.com\/da\/#\/schema\/logo\/image\/\"}}]}<\/script>\n<!-- \/ Yoast SEO plugin. -->","yoast_head_json":{"title":"Set Gulvlampe Lysegr\u00e5 - H\u00fcbsch","description":"Lys, lagdelt med hensigt. Set Gulvlampen tilf\u00f8rer skulpturel ro til dit rum, f\u00e6rdiggjort i beroligende lysgr\u00e5 med en h\u00f8jglanset glans, der fanger \u00f8jet","robots":{"index":"index","follow":"follow","max-snippet":"max-snippet:-1","max-image-preview":"max-image-preview:large","max-video-preview":"max-video-preview:-1"},"canonical":"https:\/\/hubsch-interior.com\/da\/wp-json\/wp\/v2\/product\/1088683","og_locale":"da_DK","og_type":"article","og_title":"Set Gulvlampe Lysegr\u00e5 - H\u00fcbsch","og_description":"Lys, lagdelt med hensigt. Set Gulvlampen tilf\u00f8rer skulpturel ro til dit rum, f\u00e6rdiggjort i beroligende lysgr\u00e5 med en h\u00f8jglanset glans, der fanger \u00f8jet","og_url":"https:\/\/hubsch-interior.com\/da\/vare\/set-gulvlampe-lysegra\/","og_site_name":"H\u00fcbsch","article_modified_time":"2026-04-05T03:13:18+00:00","og_image":[{"width":1024,"height":1024,"url":"https:\/\/hubsch-interior.com\/wp-content\/uploads\/2026\/02\/set-floor-lamp-light-grey-54f5a3bb889766fcb302d4bbd106b8c0.jpg","type":"image\/jpeg"}],"twitter_card":"summary_large_image","schema":{"@context":"https:\/\/schema.org","@graph":[{"@type":"WebPage","@id":"https:\/\/hubsch-interior.com\/da\/vare\/set-gulvlampe-lysegra\/","url":"https:\/\/hubsch-interior.com\/da\/vare\/set-gulvlampe-lysegra\/","name":"Set Gulvlampe Lysegr\u00e5 - H\u00fcbsch","isPartOf":{"@id":"https:\/\/hubsch-interior.com\/da\/#website"},"primaryImageOfPage":{"@id":"https:\/\/hubsch-interior.com\/da\/vare\/set-gulvlampe-lysegra\/#primaryimage"},"image":{"@id":"https:\/\/hubsch-interior.com\/da\/vare\/set-gulvlampe-lysegra\/#primaryimage"},"thumbnailUrl":"https:\/\/hubsch-interior.com\/wp-content\/uploads\/2026\/02\/set-floor-lamp-light-grey-54f5a3bb889766fcb302d4bbd106b8c0.jpg","datePublished":"2026-01-31T04:02:43+00:00","dateModified":"2026-04-05T03:13:18+00:00","description":"Lys, lagdelt med hensigt. Set Gulvlampen tilf\u00f8rer skulpturel ro til dit rum, f\u00e6rdiggjort i beroligende lysgr\u00e5 med en h\u00f8jglanset glans, der fanger \u00f8jet","breadcrumb":{"@id":"https:\/\/hubsch-interior.com\/da\/vare\/set-gulvlampe-lysegra\/#breadcrumb"},"inLanguage":"da-DK","potentialAction":[{"@type":"ReadAction","target":["https:\/\/hubsch-interior.com\/da\/vare\/set-gulvlampe-lysegra\/"]}]},{"@type":"ImageObject","inLanguage":"da-DK","@id":"https:\/\/hubsch-interior.com\/da\/vare\/set-gulvlampe-lysegra\/#primaryimage","url":"https:\/\/hubsch-interior.com\/wp-content\/uploads\/2026\/02\/set-floor-lamp-light-grey-54f5a3bb889766fcb302d4bbd106b8c0.jpg","contentUrl":"https:\/\/hubsch-interior.com\/wp-content\/uploads\/2026\/02\/set-floor-lamp-light-grey-54f5a3bb889766fcb302d4bbd106b8c0.jpg","width":1024,"height":1024},{"@type":"BreadcrumbList","@id":"https:\/\/hubsch-interior.com\/da\/vare\/set-gulvlampe-lysegra\/#breadcrumb","itemListElement":[{"@type":"ListItem","position":1,"name":"Forside","item":"https:\/\/hubsch-interior.com\/da\/"},{"@type":"ListItem","position":2,"name":"Produkter","item":"https:\/\/hubsch-interior.com\/da\/produkter\/"},{"@type":"ListItem","position":3,"name":"Belysning","item":"https:\/\/hubsch-interior.com\/da\/vare-kategori\/belysning\/"},{"@type":"ListItem","position":4,"name":"Gulvlamper","item":"https:\/\/hubsch-interior.com\/da\/vare-kategori\/belysning\/gulvlamper-da\/"},{"@type":"ListItem","position":5,"name":"Set Gulvlampe Lysegr\u00e5"}]},{"@type":"WebSite","@id":"https:\/\/hubsch-interior.com\/da\/#website","url":"https:\/\/hubsch-interior.com\/da\/","name":"H\u00fcbsch","description":"Danish Home Interior and Design","publisher":{"@id":"https:\/\/hubsch-interior.com\/da\/#organization"},"potentialAction":[{"@type":"SearchAction","target":{"@type":"EntryPoint","urlTemplate":"https:\/\/hubsch-interior.com\/da\/?s={search_term_string}"},"query-input":{"@type":"PropertyValueSpecification","valueRequired":true,"valueName":"search_term_string"}}],"inLanguage":"da-DK"},{"@type":"Organization","@id":"https:\/\/hubsch-interior.com\/da\/#organization","name":"H\u00fcbsch","url":"https:\/\/hubsch-interior.com\/da\/","logo":{"@type":"ImageObject","inLanguage":"da-DK","@id":"https:\/\/hubsch-interior.com\/da\/#\/schema\/logo\/image\/","url":"https:\/\/hubsch-interior.com\/wp-content\/uploads\/2022\/12\/Hubsch_logo_black_one_line.svg","contentUrl":"https:\/\/hubsch-interior.com\/wp-content\/uploads\/2022\/12\/Hubsch_logo_black_one_line.svg","caption":"H\u00fcbsch"},"image":{"@id":"https:\/\/hubsch-interior.com\/da\/#\/schema\/logo\/image\/"}}]}},"_links":{"self":[{"href":"https:\/\/hubsch-interior.com\/da\/wp-json\/wp\/v2\/product\/1088683","targetHints":{"allow":["GET"]}}],"collection":[{"href":"https:\/\/hubsch-interior.com\/da\/wp-json\/wp\/v2\/product"}],"about":[{"href":"https:\/\/hubsch-interior.com\/da\/wp-json\/wp\/v2\/types\/product"}],"wp:featuredmedia":[{"embeddable":true,"href":"https:\/\/hubsch-interior.com\/da\/wp-json\/wp\/v2\/media\/1108398"}],"wp:attachment":[{"href":"https:\/\/hubsch-interior.com\/da\/wp-json\/wp\/v2\/media?parent=1088683"}],"wp:term":[{"taxonomy":"product_brand","embeddable":true,"href":"https:\/\/hubsch-interior.com\/da\/wp-json\/wp\/v2\/product_brand?post=1088683"},{"taxonomy":"product_cat","embeddable":true,"href":"https:\/\/hubsch-interior.com\/da\/wp-json\/wp\/v2\/product_cat?post=1088683"},{"taxonomy":"product_tag","embeddable":true,"href":"https:\/\/hubsch-interior.com\/da\/wp-json\/wp\/v2\/product_tag?post=1088683"}],"curies":[{"name":"wp","href":"https:\/\/api.w.org\/{rel}","templated":true}]}}