{"id":1088703,"date":"2026-01-31T05:02:55","date_gmt":"2026-01-31T04:02:55","guid":{"rendered":"https:\/\/hubsch-interior.com\/product\/product\/"},"modified":"2026-04-06T05:07:12","modified_gmt":"2026-04-06T03:07:12","slug":"set-bordlampe-lysegra","status":"publish","type":"product","link":"https:\/\/hubsch-interior.com\/da\/vare\/set-bordlampe-lysegra\/","title":{"rendered":"Set Bordlampe Lysegr\u00e5"},"content":{"rendered":"<p>En blid gl\u00f8d, formet for stilhed. Set Bordlampen i lys gr\u00e5 kombinerer en h\u00f8jglanset base med en mat hvid opalglas sk\u00e6rm, hvilket skaber en smuk leg mellem tekstur og lys. Som en af to raffinerede varianter, udsender den et blidt, stemningsfuldt sk\u00e6r \u2014 perfekt til et hyggeligt hj\u00f8rne eller et stille \u00f8jeblik ved sengekanten. Dens rene silhuet tilf\u00f8rer rolig selvsikkerhed til dit rum, hvor funktion m\u00f8der poetisk design. Til aftener, der fortjener lidt atmosf\u00e6re, og masser af stil.<\/p>\n","protected":false},"excerpt":{"rendered":"<p>En blid gl\u00f8d, formet for stilhed. Set Bordlampen i lys gr\u00e5 kombinerer en h\u00f8jglanset base med en mat hvid opalglas sk\u00e6rm, hvilket skaber en smuk leg mellem tekstur og lys. Som en af to raffinerede varianter, udsender den et blidt, stemningsfuldt sk\u00e6r \u2014 perfekt til et hyggeligt hj\u00f8rne eller et stille \u00f8jeblik ved sengekanten. Dens [&hellip;]<\/p>\n","protected":false},"featured_media":1108414,"template":"","meta":{"_acf_changed":false,"inline_featured_image":false},"product_brand":[],"product_cat":[3808,3499,7153,5045],"product_tag":[],"class_list":{"0":"post-1088703","1":"product","2":"type-product","3":"status-publish","4":"has-post-thumbnail","6":"product_cat-belysning","7":"product_cat-bordlamper-da","8":"product_cat-dweller-da","9":"product_cat-nyheder-da","10":"product_shipping_class-pk","12":"pa_color-lysegr","13":"pa_material-glas-da","14":"pa_material-jern-da","16":"first","17":"instock","18":"taxable","19":"shipping-taxable","20":"purchasable","21":"product-type-simple"},"exclude_global_add_ons":[],"addons":[],"acf":[],"yoast_head":"<!-- This site is optimized with the Yoast SEO plugin v26.4 - https:\/\/yoast.com\/wordpress\/plugins\/seo\/ -->\n<title>Set Bordlampe Lysegr\u00e5 - H\u00fcbsch<\/title>\n<meta name=\"description\" content=\"En blid gl\u00f8d, formet for stilhed. Set Bordlampen i lys gr\u00e5 kombinerer en h\u00f8jglanset base med en mat hvid opalglas sk\u00e6rm, hvilket skaber en smuk leg mellem\" \/>\n<meta name=\"robots\" content=\"index, follow, max-snippet:-1, max-image-preview:large, max-video-preview:-1\" \/>\n<link rel=\"canonical\" href=\"https:\/\/hubsch-interior.com\/da\/wp-json\/wp\/v2\/product\/1088703\" \/>\n<meta property=\"og:locale\" content=\"da_DK\" \/>\n<meta property=\"og:type\" content=\"article\" \/>\n<meta property=\"og:title\" content=\"Set Bordlampe Lysegr\u00e5 - H\u00fcbsch\" \/>\n<meta property=\"og:description\" content=\"En blid gl\u00f8d, formet for stilhed. Set Bordlampen i lys gr\u00e5 kombinerer en h\u00f8jglanset base med en mat hvid opalglas sk\u00e6rm, hvilket skaber en smuk leg mellem\" \/>\n<meta property=\"og:url\" content=\"https:\/\/hubsch-interior.com\/da\/vare\/set-bordlampe-lysegra\/\" \/>\n<meta property=\"og:site_name\" content=\"H\u00fcbsch\" \/>\n<meta property=\"article:modified_time\" content=\"2026-04-06T03:07:12+00:00\" \/>\n<meta property=\"og:image\" content=\"https:\/\/hubsch-interior.com\/wp-content\/uploads\/2026\/01\/set-table-lamp-light-grey-fd2279f52f0e83e4d34a0b81e675600e.jpg\" \/>\n\t<meta property=\"og:image:width\" content=\"1200\" \/>\n\t<meta property=\"og:image:height\" content=\"1200\" \/>\n\t<meta property=\"og:image:type\" content=\"image\/jpeg\" \/>\n<meta name=\"twitter:card\" content=\"summary_large_image\" \/>\n<script type=\"application\/ld+json\" class=\"yoast-schema-graph\">{\"@context\":\"https:\/\/schema.org\",\"@graph\":[{\"@type\":\"WebPage\",\"@id\":\"https:\/\/hubsch-interior.com\/da\/vare\/set-bordlampe-lysegra\/\",\"url\":\"https:\/\/hubsch-interior.com\/da\/vare\/set-bordlampe-lysegra\/\",\"name\":\"Set Bordlampe Lysegr\u00e5 - H\u00fcbsch\",\"isPartOf\":{\"@id\":\"https:\/\/hubsch-interior.com\/da\/#website\"},\"primaryImageOfPage\":{\"@id\":\"https:\/\/hubsch-interior.com\/da\/vare\/set-bordlampe-lysegra\/#primaryimage\"},\"image\":{\"@id\":\"https:\/\/hubsch-interior.com\/da\/vare\/set-bordlampe-lysegra\/#primaryimage\"},\"thumbnailUrl\":\"https:\/\/hubsch-interior.com\/wp-content\/uploads\/2026\/02\/set-table-lamp-light-grey-fab78f13cf4e23e50e092eb9b99bf52e.jpg\",\"datePublished\":\"2026-01-31T04:02:55+00:00\",\"dateModified\":\"2026-04-06T03:07:12+00:00\",\"description\":\"En blid gl\u00f8d, formet for stilhed. Set Bordlampen i lys gr\u00e5 kombinerer en h\u00f8jglanset base med en mat hvid opalglas sk\u00e6rm, hvilket skaber en smuk leg mellem\",\"breadcrumb\":{\"@id\":\"https:\/\/hubsch-interior.com\/da\/vare\/set-bordlampe-lysegra\/#breadcrumb\"},\"inLanguage\":\"da-DK\",\"potentialAction\":[{\"@type\":\"ReadAction\",\"target\":[\"https:\/\/hubsch-interior.com\/da\/vare\/set-bordlampe-lysegra\/\"]}]},{\"@type\":\"ImageObject\",\"inLanguage\":\"da-DK\",\"@id\":\"https:\/\/hubsch-interior.com\/da\/vare\/set-bordlampe-lysegra\/#primaryimage\",\"url\":\"https:\/\/hubsch-interior.com\/wp-content\/uploads\/2026\/02\/set-table-lamp-light-grey-fab78f13cf4e23e50e092eb9b99bf52e.jpg\",\"contentUrl\":\"https:\/\/hubsch-interior.com\/wp-content\/uploads\/2026\/02\/set-table-lamp-light-grey-fab78f13cf4e23e50e092eb9b99bf52e.jpg\",\"width\":1024,\"height\":1024},{\"@type\":\"BreadcrumbList\",\"@id\":\"https:\/\/hubsch-interior.com\/da\/vare\/set-bordlampe-lysegra\/#breadcrumb\",\"itemListElement\":[{\"@type\":\"ListItem\",\"position\":1,\"name\":\"Forside\",\"item\":\"https:\/\/hubsch-interior.com\/da\/\"},{\"@type\":\"ListItem\",\"position\":2,\"name\":\"Produkter\",\"item\":\"https:\/\/hubsch-interior.com\/da\/produkter\/\"},{\"@type\":\"ListItem\",\"position\":3,\"name\":\"Set Bordlampe Lysegr\u00e5\"}]},{\"@type\":\"WebSite\",\"@id\":\"https:\/\/hubsch-interior.com\/da\/#website\",\"url\":\"https:\/\/hubsch-interior.com\/da\/\",\"name\":\"H\u00fcbsch\",\"description\":\"Danish Home Interior and Design\",\"publisher\":{\"@id\":\"https:\/\/hubsch-interior.com\/da\/#organization\"},\"potentialAction\":[{\"@type\":\"SearchAction\",\"target\":{\"@type\":\"EntryPoint\",\"urlTemplate\":\"https:\/\/hubsch-interior.com\/da\/?s={search_term_string}\"},\"query-input\":{\"@type\":\"PropertyValueSpecification\",\"valueRequired\":true,\"valueName\":\"search_term_string\"}}],\"inLanguage\":\"da-DK\"},{\"@type\":\"Organization\",\"@id\":\"https:\/\/hubsch-interior.com\/da\/#organization\",\"name\":\"H\u00fcbsch\",\"url\":\"https:\/\/hubsch-interior.com\/da\/\",\"logo\":{\"@type\":\"ImageObject\",\"inLanguage\":\"da-DK\",\"@id\":\"https:\/\/hubsch-interior.com\/da\/#\/schema\/logo\/image\/\",\"url\":\"https:\/\/hubsch-interior.com\/wp-content\/uploads\/2022\/12\/Hubsch_logo_black_one_line.svg\",\"contentUrl\":\"https:\/\/hubsch-interior.com\/wp-content\/uploads\/2022\/12\/Hubsch_logo_black_one_line.svg\",\"caption\":\"H\u00fcbsch\"},\"image\":{\"@id\":\"https:\/\/hubsch-interior.com\/da\/#\/schema\/logo\/image\/\"}}]}<\/script>\n<!-- \/ Yoast SEO plugin. -->","yoast_head_json":{"title":"Set Bordlampe Lysegr\u00e5 - H\u00fcbsch","description":"En blid gl\u00f8d, formet for stilhed. Set Bordlampen i lys gr\u00e5 kombinerer en h\u00f8jglanset base med en mat hvid opalglas sk\u00e6rm, hvilket skaber en smuk leg mellem","robots":{"index":"index","follow":"follow","max-snippet":"max-snippet:-1","max-image-preview":"max-image-preview:large","max-video-preview":"max-video-preview:-1"},"canonical":"https:\/\/hubsch-interior.com\/da\/wp-json\/wp\/v2\/product\/1088703","og_locale":"da_DK","og_type":"article","og_title":"Set Bordlampe Lysegr\u00e5 - H\u00fcbsch","og_description":"En blid gl\u00f8d, formet for stilhed. Set Bordlampen i lys gr\u00e5 kombinerer en h\u00f8jglanset base med en mat hvid opalglas sk\u00e6rm, hvilket skaber en smuk leg mellem","og_url":"https:\/\/hubsch-interior.com\/da\/vare\/set-bordlampe-lysegra\/","og_site_name":"H\u00fcbsch","article_modified_time":"2026-04-06T03:07:12+00:00","og_image":[{"width":1200,"height":1200,"url":"https:\/\/hubsch-interior.com\/wp-content\/uploads\/2026\/01\/set-table-lamp-light-grey-fd2279f52f0e83e4d34a0b81e675600e.jpg","type":"image\/jpeg"}],"twitter_card":"summary_large_image","schema":{"@context":"https:\/\/schema.org","@graph":[{"@type":"WebPage","@id":"https:\/\/hubsch-interior.com\/da\/vare\/set-bordlampe-lysegra\/","url":"https:\/\/hubsch-interior.com\/da\/vare\/set-bordlampe-lysegra\/","name":"Set Bordlampe Lysegr\u00e5 - H\u00fcbsch","isPartOf":{"@id":"https:\/\/hubsch-interior.com\/da\/#website"},"primaryImageOfPage":{"@id":"https:\/\/hubsch-interior.com\/da\/vare\/set-bordlampe-lysegra\/#primaryimage"},"image":{"@id":"https:\/\/hubsch-interior.com\/da\/vare\/set-bordlampe-lysegra\/#primaryimage"},"thumbnailUrl":"https:\/\/hubsch-interior.com\/wp-content\/uploads\/2026\/02\/set-table-lamp-light-grey-fab78f13cf4e23e50e092eb9b99bf52e.jpg","datePublished":"2026-01-31T04:02:55+00:00","dateModified":"2026-04-06T03:07:12+00:00","description":"En blid gl\u00f8d, formet for stilhed. Set Bordlampen i lys gr\u00e5 kombinerer en h\u00f8jglanset base med en mat hvid opalglas sk\u00e6rm, hvilket skaber en smuk leg mellem","breadcrumb":{"@id":"https:\/\/hubsch-interior.com\/da\/vare\/set-bordlampe-lysegra\/#breadcrumb"},"inLanguage":"da-DK","potentialAction":[{"@type":"ReadAction","target":["https:\/\/hubsch-interior.com\/da\/vare\/set-bordlampe-lysegra\/"]}]},{"@type":"ImageObject","inLanguage":"da-DK","@id":"https:\/\/hubsch-interior.com\/da\/vare\/set-bordlampe-lysegra\/#primaryimage","url":"https:\/\/hubsch-interior.com\/wp-content\/uploads\/2026\/02\/set-table-lamp-light-grey-fab78f13cf4e23e50e092eb9b99bf52e.jpg","contentUrl":"https:\/\/hubsch-interior.com\/wp-content\/uploads\/2026\/02\/set-table-lamp-light-grey-fab78f13cf4e23e50e092eb9b99bf52e.jpg","width":1024,"height":1024},{"@type":"BreadcrumbList","@id":"https:\/\/hubsch-interior.com\/da\/vare\/set-bordlampe-lysegra\/#breadcrumb","itemListElement":[{"@type":"ListItem","position":1,"name":"Forside","item":"https:\/\/hubsch-interior.com\/da\/"},{"@type":"ListItem","position":2,"name":"Produkter","item":"https:\/\/hubsch-interior.com\/da\/produkter\/"},{"@type":"ListItem","position":3,"name":"Set Bordlampe Lysegr\u00e5"}]},{"@type":"WebSite","@id":"https:\/\/hubsch-interior.com\/da\/#website","url":"https:\/\/hubsch-interior.com\/da\/","name":"H\u00fcbsch","description":"Danish Home Interior and Design","publisher":{"@id":"https:\/\/hubsch-interior.com\/da\/#organization"},"potentialAction":[{"@type":"SearchAction","target":{"@type":"EntryPoint","urlTemplate":"https:\/\/hubsch-interior.com\/da\/?s={search_term_string}"},"query-input":{"@type":"PropertyValueSpecification","valueRequired":true,"valueName":"search_term_string"}}],"inLanguage":"da-DK"},{"@type":"Organization","@id":"https:\/\/hubsch-interior.com\/da\/#organization","name":"H\u00fcbsch","url":"https:\/\/hubsch-interior.com\/da\/","logo":{"@type":"ImageObject","inLanguage":"da-DK","@id":"https:\/\/hubsch-interior.com\/da\/#\/schema\/logo\/image\/","url":"https:\/\/hubsch-interior.com\/wp-content\/uploads\/2022\/12\/Hubsch_logo_black_one_line.svg","contentUrl":"https:\/\/hubsch-interior.com\/wp-content\/uploads\/2022\/12\/Hubsch_logo_black_one_line.svg","caption":"H\u00fcbsch"},"image":{"@id":"https:\/\/hubsch-interior.com\/da\/#\/schema\/logo\/image\/"}}]}},"_links":{"self":[{"href":"https:\/\/hubsch-interior.com\/da\/wp-json\/wp\/v2\/product\/1088703","targetHints":{"allow":["GET"]}}],"collection":[{"href":"https:\/\/hubsch-interior.com\/da\/wp-json\/wp\/v2\/product"}],"about":[{"href":"https:\/\/hubsch-interior.com\/da\/wp-json\/wp\/v2\/types\/product"}],"wp:featuredmedia":[{"embeddable":true,"href":"https:\/\/hubsch-interior.com\/da\/wp-json\/wp\/v2\/media\/1108414"}],"wp:attachment":[{"href":"https:\/\/hubsch-interior.com\/da\/wp-json\/wp\/v2\/media?parent=1088703"}],"wp:term":[{"taxonomy":"product_brand","embeddable":true,"href":"https:\/\/hubsch-interior.com\/da\/wp-json\/wp\/v2\/product_brand?post=1088703"},{"taxonomy":"product_cat","embeddable":true,"href":"https:\/\/hubsch-interior.com\/da\/wp-json\/wp\/v2\/product_cat?post=1088703"},{"taxonomy":"product_tag","embeddable":true,"href":"https:\/\/hubsch-interior.com\/da\/wp-json\/wp\/v2\/product_tag?post=1088703"}],"curies":[{"name":"wp","href":"https:\/\/api.w.org\/{rel}","templated":true}]}}