{"id":1088723,"date":"2026-01-31T05:03:07","date_gmt":"2026-01-31T04:03:07","guid":{"rendered":"https:\/\/hubsch-interior.com\/product\/product\/"},"modified":"2026-04-06T05:07:17","modified_gmt":"2026-04-06T03:07:17","slug":"set-bordlampe-bruneret-messing","status":"publish","type":"product","link":"https:\/\/hubsch-interior.com\/da\/vare\/set-bordlampe-bruneret-messing\/","title":{"rendered":"Set Bordlampe Bruneret Messing"},"content":{"rendered":"<p>Hvor varmen m\u00f8der stille luksus. Set Bordlampen i br\u00e6ndt messing str\u00e5ler med diskret elegance, dens h\u00f8jglansoverflade fanger lyset netop nok til at v\u00e6kke interesse. Kombineret med en mat hvid opalglas-sk\u00e6rm, spreder den et bl\u00f8dt, omgivende sk\u00e6r, der forvandler dit rum til en rolig tilflugt. Som en af to i\u00f8jnefaldende varianter er den perfekt til et \u00f8jeblik ved sengekanten, en l\u00e6seritual eller simpelthen til at h\u00f8jne hverdagen. Et tidl\u00f8st pr\u00e6g, der f\u00f8les b\u00e5de solidt og n\u00e5digt str\u00e5lende.<\/p>\n","protected":false},"excerpt":{"rendered":"<p>Hvor varmen m\u00f8der stille luksus. Set Bordlampen i br\u00e6ndt messing str\u00e5ler med diskret elegance, dens h\u00f8jglansoverflade fanger lyset netop nok til at v\u00e6kke interesse. Kombineret med en mat hvid opalglas-sk\u00e6rm, spreder den et bl\u00f8dt, omgivende sk\u00e6r, der forvandler dit rum til en rolig tilflugt. Som en af to i\u00f8jnefaldende varianter er den perfekt til et [&hellip;]<\/p>\n","protected":false},"featured_media":1108430,"template":"","meta":{"_acf_changed":false,"inline_featured_image":false},"product_brand":[],"product_cat":[7153,3808,3499,5045],"product_tag":[],"class_list":{"0":"post-1088723","1":"product","2":"type-product","3":"status-publish","4":"has-post-thumbnail","6":"product_cat-dweller-da","7":"product_cat-belysning","8":"product_cat-bordlamper-da","9":"product_cat-nyheder-da","10":"product_shipping_class-pk","12":"pa_color-bruneret-messing","13":"pa_material-glas-da","14":"pa_material-jern-da","16":"first","17":"instock","18":"taxable","19":"shipping-taxable","20":"purchasable","21":"product-type-simple"},"exclude_global_add_ons":[],"addons":[],"acf":[],"yoast_head":"<!-- This site is optimized with the Yoast SEO plugin v26.4 - https:\/\/yoast.com\/wordpress\/plugins\/seo\/ -->\n<title>Set Bordlampe Bruneret Messing - H\u00fcbsch<\/title>\n<meta name=\"description\" content=\"Hvor varmen m\u00f8der stille luksus. Set Bordlampen i br\u00e6ndt messing str\u00e5ler med diskret elegance, dens h\u00f8jglansoverflade fanger lyset netop nok til at v\u00e6kke\" \/>\n<meta name=\"robots\" content=\"index, follow, max-snippet:-1, max-image-preview:large, max-video-preview:-1\" \/>\n<link rel=\"canonical\" href=\"https:\/\/hubsch-interior.com\/da\/wp-json\/wp\/v2\/product\/1088723\" \/>\n<meta property=\"og:locale\" content=\"da_DK\" \/>\n<meta property=\"og:type\" content=\"article\" \/>\n<meta property=\"og:title\" content=\"Set Bordlampe Bruneret Messing - H\u00fcbsch\" \/>\n<meta property=\"og:description\" content=\"Hvor varmen m\u00f8der stille luksus. Set Bordlampen i br\u00e6ndt messing str\u00e5ler med diskret elegance, dens h\u00f8jglansoverflade fanger lyset netop nok til at v\u00e6kke\" \/>\n<meta property=\"og:url\" content=\"https:\/\/hubsch-interior.com\/da\/vare\/set-bordlampe-bruneret-messing\/\" \/>\n<meta property=\"og:site_name\" content=\"H\u00fcbsch\" \/>\n<meta property=\"article:modified_time\" content=\"2026-04-06T03:07:17+00:00\" \/>\n<meta property=\"og:image\" content=\"https:\/\/hubsch-interior.com\/wp-content\/uploads\/2026\/01\/set-table-lamp-burnished-brass-cc9ec6f4e563fa0999dcdc463e42ea87.jpg\" \/>\n\t<meta property=\"og:image:width\" content=\"1200\" \/>\n\t<meta property=\"og:image:height\" content=\"1200\" \/>\n\t<meta property=\"og:image:type\" content=\"image\/jpeg\" \/>\n<meta name=\"twitter:card\" content=\"summary_large_image\" \/>\n<script type=\"application\/ld+json\" class=\"yoast-schema-graph\">{\"@context\":\"https:\/\/schema.org\",\"@graph\":[{\"@type\":\"WebPage\",\"@id\":\"https:\/\/hubsch-interior.com\/da\/vare\/set-bordlampe-bruneret-messing\/\",\"url\":\"https:\/\/hubsch-interior.com\/da\/vare\/set-bordlampe-bruneret-messing\/\",\"name\":\"Set Bordlampe Bruneret Messing - H\u00fcbsch\",\"isPartOf\":{\"@id\":\"https:\/\/hubsch-interior.com\/da\/#website\"},\"primaryImageOfPage\":{\"@id\":\"https:\/\/hubsch-interior.com\/da\/vare\/set-bordlampe-bruneret-messing\/#primaryimage\"},\"image\":{\"@id\":\"https:\/\/hubsch-interior.com\/da\/vare\/set-bordlampe-bruneret-messing\/#primaryimage\"},\"thumbnailUrl\":\"https:\/\/hubsch-interior.com\/wp-content\/uploads\/2026\/02\/set-table-lamp-burnished-brass-23abc874feb5b79406672aefca66838a.jpg\",\"datePublished\":\"2026-01-31T04:03:07+00:00\",\"dateModified\":\"2026-04-06T03:07:17+00:00\",\"description\":\"Hvor varmen m\u00f8der stille luksus. Set Bordlampen i br\u00e6ndt messing str\u00e5ler med diskret elegance, dens h\u00f8jglansoverflade fanger lyset netop nok til at v\u00e6kke\",\"breadcrumb\":{\"@id\":\"https:\/\/hubsch-interior.com\/da\/vare\/set-bordlampe-bruneret-messing\/#breadcrumb\"},\"inLanguage\":\"da-DK\",\"potentialAction\":[{\"@type\":\"ReadAction\",\"target\":[\"https:\/\/hubsch-interior.com\/da\/vare\/set-bordlampe-bruneret-messing\/\"]}]},{\"@type\":\"ImageObject\",\"inLanguage\":\"da-DK\",\"@id\":\"https:\/\/hubsch-interior.com\/da\/vare\/set-bordlampe-bruneret-messing\/#primaryimage\",\"url\":\"https:\/\/hubsch-interior.com\/wp-content\/uploads\/2026\/02\/set-table-lamp-burnished-brass-23abc874feb5b79406672aefca66838a.jpg\",\"contentUrl\":\"https:\/\/hubsch-interior.com\/wp-content\/uploads\/2026\/02\/set-table-lamp-burnished-brass-23abc874feb5b79406672aefca66838a.jpg\",\"width\":1024,\"height\":1024},{\"@type\":\"BreadcrumbList\",\"@id\":\"https:\/\/hubsch-interior.com\/da\/vare\/set-bordlampe-bruneret-messing\/#breadcrumb\",\"itemListElement\":[{\"@type\":\"ListItem\",\"position\":1,\"name\":\"Forside\",\"item\":\"https:\/\/hubsch-interior.com\/da\/\"},{\"@type\":\"ListItem\",\"position\":2,\"name\":\"Produkter\",\"item\":\"https:\/\/hubsch-interior.com\/da\/produkter\/\"},{\"@type\":\"ListItem\",\"position\":3,\"name\":\"Set Bordlampe Bruneret Messing\"}]},{\"@type\":\"WebSite\",\"@id\":\"https:\/\/hubsch-interior.com\/da\/#website\",\"url\":\"https:\/\/hubsch-interior.com\/da\/\",\"name\":\"H\u00fcbsch\",\"description\":\"Danish Home Interior and Design\",\"publisher\":{\"@id\":\"https:\/\/hubsch-interior.com\/da\/#organization\"},\"potentialAction\":[{\"@type\":\"SearchAction\",\"target\":{\"@type\":\"EntryPoint\",\"urlTemplate\":\"https:\/\/hubsch-interior.com\/da\/?s={search_term_string}\"},\"query-input\":{\"@type\":\"PropertyValueSpecification\",\"valueRequired\":true,\"valueName\":\"search_term_string\"}}],\"inLanguage\":\"da-DK\"},{\"@type\":\"Organization\",\"@id\":\"https:\/\/hubsch-interior.com\/da\/#organization\",\"name\":\"H\u00fcbsch\",\"url\":\"https:\/\/hubsch-interior.com\/da\/\",\"logo\":{\"@type\":\"ImageObject\",\"inLanguage\":\"da-DK\",\"@id\":\"https:\/\/hubsch-interior.com\/da\/#\/schema\/logo\/image\/\",\"url\":\"https:\/\/hubsch-interior.com\/wp-content\/uploads\/2022\/12\/Hubsch_logo_black_one_line.svg\",\"contentUrl\":\"https:\/\/hubsch-interior.com\/wp-content\/uploads\/2022\/12\/Hubsch_logo_black_one_line.svg\",\"caption\":\"H\u00fcbsch\"},\"image\":{\"@id\":\"https:\/\/hubsch-interior.com\/da\/#\/schema\/logo\/image\/\"}}]}<\/script>\n<!-- \/ Yoast SEO plugin. -->","yoast_head_json":{"title":"Set Bordlampe Bruneret Messing - H\u00fcbsch","description":"Hvor varmen m\u00f8der stille luksus. Set Bordlampen i br\u00e6ndt messing str\u00e5ler med diskret elegance, dens h\u00f8jglansoverflade fanger lyset netop nok til at v\u00e6kke","robots":{"index":"index","follow":"follow","max-snippet":"max-snippet:-1","max-image-preview":"max-image-preview:large","max-video-preview":"max-video-preview:-1"},"canonical":"https:\/\/hubsch-interior.com\/da\/wp-json\/wp\/v2\/product\/1088723","og_locale":"da_DK","og_type":"article","og_title":"Set Bordlampe Bruneret Messing - H\u00fcbsch","og_description":"Hvor varmen m\u00f8der stille luksus. Set Bordlampen i br\u00e6ndt messing str\u00e5ler med diskret elegance, dens h\u00f8jglansoverflade fanger lyset netop nok til at v\u00e6kke","og_url":"https:\/\/hubsch-interior.com\/da\/vare\/set-bordlampe-bruneret-messing\/","og_site_name":"H\u00fcbsch","article_modified_time":"2026-04-06T03:07:17+00:00","og_image":[{"width":1200,"height":1200,"url":"https:\/\/hubsch-interior.com\/wp-content\/uploads\/2026\/01\/set-table-lamp-burnished-brass-cc9ec6f4e563fa0999dcdc463e42ea87.jpg","type":"image\/jpeg"}],"twitter_card":"summary_large_image","schema":{"@context":"https:\/\/schema.org","@graph":[{"@type":"WebPage","@id":"https:\/\/hubsch-interior.com\/da\/vare\/set-bordlampe-bruneret-messing\/","url":"https:\/\/hubsch-interior.com\/da\/vare\/set-bordlampe-bruneret-messing\/","name":"Set Bordlampe Bruneret Messing - H\u00fcbsch","isPartOf":{"@id":"https:\/\/hubsch-interior.com\/da\/#website"},"primaryImageOfPage":{"@id":"https:\/\/hubsch-interior.com\/da\/vare\/set-bordlampe-bruneret-messing\/#primaryimage"},"image":{"@id":"https:\/\/hubsch-interior.com\/da\/vare\/set-bordlampe-bruneret-messing\/#primaryimage"},"thumbnailUrl":"https:\/\/hubsch-interior.com\/wp-content\/uploads\/2026\/02\/set-table-lamp-burnished-brass-23abc874feb5b79406672aefca66838a.jpg","datePublished":"2026-01-31T04:03:07+00:00","dateModified":"2026-04-06T03:07:17+00:00","description":"Hvor varmen m\u00f8der stille luksus. Set Bordlampen i br\u00e6ndt messing str\u00e5ler med diskret elegance, dens h\u00f8jglansoverflade fanger lyset netop nok til at v\u00e6kke","breadcrumb":{"@id":"https:\/\/hubsch-interior.com\/da\/vare\/set-bordlampe-bruneret-messing\/#breadcrumb"},"inLanguage":"da-DK","potentialAction":[{"@type":"ReadAction","target":["https:\/\/hubsch-interior.com\/da\/vare\/set-bordlampe-bruneret-messing\/"]}]},{"@type":"ImageObject","inLanguage":"da-DK","@id":"https:\/\/hubsch-interior.com\/da\/vare\/set-bordlampe-bruneret-messing\/#primaryimage","url":"https:\/\/hubsch-interior.com\/wp-content\/uploads\/2026\/02\/set-table-lamp-burnished-brass-23abc874feb5b79406672aefca66838a.jpg","contentUrl":"https:\/\/hubsch-interior.com\/wp-content\/uploads\/2026\/02\/set-table-lamp-burnished-brass-23abc874feb5b79406672aefca66838a.jpg","width":1024,"height":1024},{"@type":"BreadcrumbList","@id":"https:\/\/hubsch-interior.com\/da\/vare\/set-bordlampe-bruneret-messing\/#breadcrumb","itemListElement":[{"@type":"ListItem","position":1,"name":"Forside","item":"https:\/\/hubsch-interior.com\/da\/"},{"@type":"ListItem","position":2,"name":"Produkter","item":"https:\/\/hubsch-interior.com\/da\/produkter\/"},{"@type":"ListItem","position":3,"name":"Set Bordlampe Bruneret Messing"}]},{"@type":"WebSite","@id":"https:\/\/hubsch-interior.com\/da\/#website","url":"https:\/\/hubsch-interior.com\/da\/","name":"H\u00fcbsch","description":"Danish Home Interior and Design","publisher":{"@id":"https:\/\/hubsch-interior.com\/da\/#organization"},"potentialAction":[{"@type":"SearchAction","target":{"@type":"EntryPoint","urlTemplate":"https:\/\/hubsch-interior.com\/da\/?s={search_term_string}"},"query-input":{"@type":"PropertyValueSpecification","valueRequired":true,"valueName":"search_term_string"}}],"inLanguage":"da-DK"},{"@type":"Organization","@id":"https:\/\/hubsch-interior.com\/da\/#organization","name":"H\u00fcbsch","url":"https:\/\/hubsch-interior.com\/da\/","logo":{"@type":"ImageObject","inLanguage":"da-DK","@id":"https:\/\/hubsch-interior.com\/da\/#\/schema\/logo\/image\/","url":"https:\/\/hubsch-interior.com\/wp-content\/uploads\/2022\/12\/Hubsch_logo_black_one_line.svg","contentUrl":"https:\/\/hubsch-interior.com\/wp-content\/uploads\/2022\/12\/Hubsch_logo_black_one_line.svg","caption":"H\u00fcbsch"},"image":{"@id":"https:\/\/hubsch-interior.com\/da\/#\/schema\/logo\/image\/"}}]}},"_links":{"self":[{"href":"https:\/\/hubsch-interior.com\/da\/wp-json\/wp\/v2\/product\/1088723","targetHints":{"allow":["GET"]}}],"collection":[{"href":"https:\/\/hubsch-interior.com\/da\/wp-json\/wp\/v2\/product"}],"about":[{"href":"https:\/\/hubsch-interior.com\/da\/wp-json\/wp\/v2\/types\/product"}],"wp:featuredmedia":[{"embeddable":true,"href":"https:\/\/hubsch-interior.com\/da\/wp-json\/wp\/v2\/media\/1108430"}],"wp:attachment":[{"href":"https:\/\/hubsch-interior.com\/da\/wp-json\/wp\/v2\/media?parent=1088723"}],"wp:term":[{"taxonomy":"product_brand","embeddable":true,"href":"https:\/\/hubsch-interior.com\/da\/wp-json\/wp\/v2\/product_brand?post=1088723"},{"taxonomy":"product_cat","embeddable":true,"href":"https:\/\/hubsch-interior.com\/da\/wp-json\/wp\/v2\/product_cat?post=1088723"},{"taxonomy":"product_tag","embeddable":true,"href":"https:\/\/hubsch-interior.com\/da\/wp-json\/wp\/v2\/product_tag?post=1088723"}],"curies":[{"name":"wp","href":"https:\/\/api.w.org\/{rel}","templated":true}]}}