{"id":1088739,"date":"2026-01-31T05:03:20","date_gmt":"2026-01-31T04:03:20","guid":{"rendered":"https:\/\/hubsch-interior.com\/product\/product\/"},"modified":"2026-04-05T05:13:31","modified_gmt":"2026-04-05T03:13:31","slug":"talk-vaeglampe-bla","status":"publish","type":"product","link":"https:\/\/hubsch-interior.com\/da\/vare\/talk-vaeglampe-bla\/","title":{"rendered":"Talk V\u00e6glampe Bl\u00e5"},"content":{"rendered":"<p>Sig hej til lys med personlighed. Talk V\u00e6glampen i glad bl\u00e5 tilf\u00f8jer et legende pift til dit rum, dens mikrofon-inspirerede silhuet bringer et blink af retro charme til moderne interi\u00f8rer. En bl\u00f8d basetone m\u00f8der et subtilt accent, hvilket g\u00f8r den let at style \u2014 uanset om den er placeret p\u00e5 en hylde, sat p\u00e5 et sidebord, eller monteret p\u00e5 v\u00e6ggen. Fra at oplyse et stille l\u00e6sehj\u00f8rne til at tilf\u00f8je karakter i entr\u00e9en, bringer denne lampe mere end lys \u2014 den bringer et smil.<br \/>\nTil denne lampe skal du bruge en d\u00e6mpbar LED-p\u00e6re.<\/p>\n","protected":false},"excerpt":{"rendered":"<p>Sig hej til lys med personlighed. Talk V\u00e6glampen i glad bl\u00e5 tilf\u00f8jer et legende pift til dit rum, dens mikrofon-inspirerede silhuet bringer et blink af retro charme til moderne interi\u00f8rer. En bl\u00f8d basetone m\u00f8der et subtilt accent, hvilket g\u00f8r den let at style \u2014 uanset om den er placeret p\u00e5 en hylde, sat p\u00e5 et [&hellip;]<\/p>\n","protected":false},"featured_media":1108446,"template":"","meta":{"_acf_changed":false,"inline_featured_image":false},"product_brand":[],"product_cat":[7153,6961,3808,3499,3405,5045],"product_tag":[],"class_list":{"0":"post-1088739","1":"product","2":"type-product","3":"status-publish","4":"has-post-thumbnail","6":"product_cat-dweller-da","7":"product_cat-transportable-lamper-da","8":"product_cat-belysning","9":"product_cat-bordlamper-da","10":"product_cat-vaeglamper-da","11":"product_cat-nyheder-da","12":"product_shipping_class-pk","14":"pa_color-bl","15":"pa_material-glas-da","16":"pa_material-jern-da","18":"first","19":"instock","20":"taxable","21":"shipping-taxable","22":"purchasable","23":"product-type-simple"},"exclude_global_add_ons":[],"addons":[],"acf":[],"yoast_head":"<!-- This site is optimized with the Yoast SEO plugin v26.4 - https:\/\/yoast.com\/wordpress\/plugins\/seo\/ -->\n<title>Talk V\u00e6glampe Bl\u00e5 - H\u00fcbsch<\/title>\n<meta name=\"description\" content=\"Sig hej til lys med personlighed. Talk V\u00e6glampen i glad bl\u00e5 tilf\u00f8jer et legende pift til dit rum, dens mikrofon-inspirerede silhuet bringer et blink af\" \/>\n<meta name=\"robots\" content=\"index, follow, max-snippet:-1, max-image-preview:large, max-video-preview:-1\" \/>\n<link rel=\"canonical\" href=\"https:\/\/hubsch-interior.com\/da\/wp-json\/wp\/v2\/product\/1088739\" \/>\n<meta property=\"og:locale\" content=\"da_DK\" \/>\n<meta property=\"og:type\" content=\"article\" \/>\n<meta property=\"og:title\" content=\"Talk V\u00e6glampe Bl\u00e5 - H\u00fcbsch\" \/>\n<meta property=\"og:description\" content=\"Sig hej til lys med personlighed. Talk V\u00e6glampen i glad bl\u00e5 tilf\u00f8jer et legende pift til dit rum, dens mikrofon-inspirerede silhuet bringer et blink af\" \/>\n<meta property=\"og:url\" content=\"https:\/\/hubsch-interior.com\/da\/vare\/talk-vaeglampe-bla\/\" \/>\n<meta property=\"og:site_name\" content=\"H\u00fcbsch\" \/>\n<meta property=\"article:modified_time\" content=\"2026-04-05T03:13:31+00:00\" \/>\n<meta property=\"og:image\" content=\"https:\/\/hubsch-interior.com\/wp-content\/uploads\/2026\/01\/talk-wall-lamp-blue-163fa766a088bdca725497f19f117998.jpg\" \/>\n\t<meta property=\"og:image:width\" content=\"1200\" \/>\n\t<meta property=\"og:image:height\" content=\"1200\" \/>\n\t<meta property=\"og:image:type\" content=\"image\/jpeg\" \/>\n<meta name=\"twitter:card\" content=\"summary_large_image\" \/>\n<meta name=\"twitter:label1\" content=\"Estimeret l\u00e6setid\" \/>\n\t<meta name=\"twitter:data1\" content=\"1 minut\" \/>\n<script type=\"application\/ld+json\" class=\"yoast-schema-graph\">{\"@context\":\"https:\/\/schema.org\",\"@graph\":[{\"@type\":\"WebPage\",\"@id\":\"https:\/\/hubsch-interior.com\/da\/vare\/talk-vaeglampe-bla\/\",\"url\":\"https:\/\/hubsch-interior.com\/da\/vare\/talk-vaeglampe-bla\/\",\"name\":\"Talk V\u00e6glampe Bl\u00e5 - H\u00fcbsch\",\"isPartOf\":{\"@id\":\"https:\/\/hubsch-interior.com\/da\/#website\"},\"primaryImageOfPage\":{\"@id\":\"https:\/\/hubsch-interior.com\/da\/vare\/talk-vaeglampe-bla\/#primaryimage\"},\"image\":{\"@id\":\"https:\/\/hubsch-interior.com\/da\/vare\/talk-vaeglampe-bla\/#primaryimage\"},\"thumbnailUrl\":\"https:\/\/hubsch-interior.com\/wp-content\/uploads\/2026\/02\/talk-wall-lamp-blue-3ec03bfbcedd1a770663b9cc0d009004.jpg\",\"datePublished\":\"2026-01-31T04:03:20+00:00\",\"dateModified\":\"2026-04-05T03:13:31+00:00\",\"description\":\"Sig hej til lys med personlighed. Talk V\u00e6glampen i glad bl\u00e5 tilf\u00f8jer et legende pift til dit rum, dens mikrofon-inspirerede silhuet bringer et blink af\",\"breadcrumb\":{\"@id\":\"https:\/\/hubsch-interior.com\/da\/vare\/talk-vaeglampe-bla\/#breadcrumb\"},\"inLanguage\":\"da-DK\",\"potentialAction\":[{\"@type\":\"ReadAction\",\"target\":[\"https:\/\/hubsch-interior.com\/da\/vare\/talk-vaeglampe-bla\/\"]}]},{\"@type\":\"ImageObject\",\"inLanguage\":\"da-DK\",\"@id\":\"https:\/\/hubsch-interior.com\/da\/vare\/talk-vaeglampe-bla\/#primaryimage\",\"url\":\"https:\/\/hubsch-interior.com\/wp-content\/uploads\/2026\/02\/talk-wall-lamp-blue-3ec03bfbcedd1a770663b9cc0d009004.jpg\",\"contentUrl\":\"https:\/\/hubsch-interior.com\/wp-content\/uploads\/2026\/02\/talk-wall-lamp-blue-3ec03bfbcedd1a770663b9cc0d009004.jpg\",\"width\":1024,\"height\":1024},{\"@type\":\"BreadcrumbList\",\"@id\":\"https:\/\/hubsch-interior.com\/da\/vare\/talk-vaeglampe-bla\/#breadcrumb\",\"itemListElement\":[{\"@type\":\"ListItem\",\"position\":1,\"name\":\"Forside\",\"item\":\"https:\/\/hubsch-interior.com\/da\/\"},{\"@type\":\"ListItem\",\"position\":2,\"name\":\"Produkter\",\"item\":\"https:\/\/hubsch-interior.com\/da\/produkter\/\"},{\"@type\":\"ListItem\",\"position\":3,\"name\":\"Talk V\u00e6glampe Bl\u00e5\"}]},{\"@type\":\"WebSite\",\"@id\":\"https:\/\/hubsch-interior.com\/da\/#website\",\"url\":\"https:\/\/hubsch-interior.com\/da\/\",\"name\":\"H\u00fcbsch\",\"description\":\"Danish Home Interior and Design\",\"publisher\":{\"@id\":\"https:\/\/hubsch-interior.com\/da\/#organization\"},\"potentialAction\":[{\"@type\":\"SearchAction\",\"target\":{\"@type\":\"EntryPoint\",\"urlTemplate\":\"https:\/\/hubsch-interior.com\/da\/?s={search_term_string}\"},\"query-input\":{\"@type\":\"PropertyValueSpecification\",\"valueRequired\":true,\"valueName\":\"search_term_string\"}}],\"inLanguage\":\"da-DK\"},{\"@type\":\"Organization\",\"@id\":\"https:\/\/hubsch-interior.com\/da\/#organization\",\"name\":\"H\u00fcbsch\",\"url\":\"https:\/\/hubsch-interior.com\/da\/\",\"logo\":{\"@type\":\"ImageObject\",\"inLanguage\":\"da-DK\",\"@id\":\"https:\/\/hubsch-interior.com\/da\/#\/schema\/logo\/image\/\",\"url\":\"https:\/\/hubsch-interior.com\/wp-content\/uploads\/2022\/12\/Hubsch_logo_black_one_line.svg\",\"contentUrl\":\"https:\/\/hubsch-interior.com\/wp-content\/uploads\/2022\/12\/Hubsch_logo_black_one_line.svg\",\"caption\":\"H\u00fcbsch\"},\"image\":{\"@id\":\"https:\/\/hubsch-interior.com\/da\/#\/schema\/logo\/image\/\"}}]}<\/script>\n<!-- \/ Yoast SEO plugin. -->","yoast_head_json":{"title":"Talk V\u00e6glampe Bl\u00e5 - H\u00fcbsch","description":"Sig hej til lys med personlighed. Talk V\u00e6glampen i glad bl\u00e5 tilf\u00f8jer et legende pift til dit rum, dens mikrofon-inspirerede silhuet bringer et blink af","robots":{"index":"index","follow":"follow","max-snippet":"max-snippet:-1","max-image-preview":"max-image-preview:large","max-video-preview":"max-video-preview:-1"},"canonical":"https:\/\/hubsch-interior.com\/da\/wp-json\/wp\/v2\/product\/1088739","og_locale":"da_DK","og_type":"article","og_title":"Talk V\u00e6glampe Bl\u00e5 - H\u00fcbsch","og_description":"Sig hej til lys med personlighed. Talk V\u00e6glampen i glad bl\u00e5 tilf\u00f8jer et legende pift til dit rum, dens mikrofon-inspirerede silhuet bringer et blink af","og_url":"https:\/\/hubsch-interior.com\/da\/vare\/talk-vaeglampe-bla\/","og_site_name":"H\u00fcbsch","article_modified_time":"2026-04-05T03:13:31+00:00","og_image":[{"width":1200,"height":1200,"url":"https:\/\/hubsch-interior.com\/wp-content\/uploads\/2026\/01\/talk-wall-lamp-blue-163fa766a088bdca725497f19f117998.jpg","type":"image\/jpeg"}],"twitter_card":"summary_large_image","twitter_misc":{"Estimeret l\u00e6setid":"1 minut"},"schema":{"@context":"https:\/\/schema.org","@graph":[{"@type":"WebPage","@id":"https:\/\/hubsch-interior.com\/da\/vare\/talk-vaeglampe-bla\/","url":"https:\/\/hubsch-interior.com\/da\/vare\/talk-vaeglampe-bla\/","name":"Talk V\u00e6glampe Bl\u00e5 - H\u00fcbsch","isPartOf":{"@id":"https:\/\/hubsch-interior.com\/da\/#website"},"primaryImageOfPage":{"@id":"https:\/\/hubsch-interior.com\/da\/vare\/talk-vaeglampe-bla\/#primaryimage"},"image":{"@id":"https:\/\/hubsch-interior.com\/da\/vare\/talk-vaeglampe-bla\/#primaryimage"},"thumbnailUrl":"https:\/\/hubsch-interior.com\/wp-content\/uploads\/2026\/02\/talk-wall-lamp-blue-3ec03bfbcedd1a770663b9cc0d009004.jpg","datePublished":"2026-01-31T04:03:20+00:00","dateModified":"2026-04-05T03:13:31+00:00","description":"Sig hej til lys med personlighed. Talk V\u00e6glampen i glad bl\u00e5 tilf\u00f8jer et legende pift til dit rum, dens mikrofon-inspirerede silhuet bringer et blink af","breadcrumb":{"@id":"https:\/\/hubsch-interior.com\/da\/vare\/talk-vaeglampe-bla\/#breadcrumb"},"inLanguage":"da-DK","potentialAction":[{"@type":"ReadAction","target":["https:\/\/hubsch-interior.com\/da\/vare\/talk-vaeglampe-bla\/"]}]},{"@type":"ImageObject","inLanguage":"da-DK","@id":"https:\/\/hubsch-interior.com\/da\/vare\/talk-vaeglampe-bla\/#primaryimage","url":"https:\/\/hubsch-interior.com\/wp-content\/uploads\/2026\/02\/talk-wall-lamp-blue-3ec03bfbcedd1a770663b9cc0d009004.jpg","contentUrl":"https:\/\/hubsch-interior.com\/wp-content\/uploads\/2026\/02\/talk-wall-lamp-blue-3ec03bfbcedd1a770663b9cc0d009004.jpg","width":1024,"height":1024},{"@type":"BreadcrumbList","@id":"https:\/\/hubsch-interior.com\/da\/vare\/talk-vaeglampe-bla\/#breadcrumb","itemListElement":[{"@type":"ListItem","position":1,"name":"Forside","item":"https:\/\/hubsch-interior.com\/da\/"},{"@type":"ListItem","position":2,"name":"Produkter","item":"https:\/\/hubsch-interior.com\/da\/produkter\/"},{"@type":"ListItem","position":3,"name":"Talk V\u00e6glampe Bl\u00e5"}]},{"@type":"WebSite","@id":"https:\/\/hubsch-interior.com\/da\/#website","url":"https:\/\/hubsch-interior.com\/da\/","name":"H\u00fcbsch","description":"Danish Home Interior and Design","publisher":{"@id":"https:\/\/hubsch-interior.com\/da\/#organization"},"potentialAction":[{"@type":"SearchAction","target":{"@type":"EntryPoint","urlTemplate":"https:\/\/hubsch-interior.com\/da\/?s={search_term_string}"},"query-input":{"@type":"PropertyValueSpecification","valueRequired":true,"valueName":"search_term_string"}}],"inLanguage":"da-DK"},{"@type":"Organization","@id":"https:\/\/hubsch-interior.com\/da\/#organization","name":"H\u00fcbsch","url":"https:\/\/hubsch-interior.com\/da\/","logo":{"@type":"ImageObject","inLanguage":"da-DK","@id":"https:\/\/hubsch-interior.com\/da\/#\/schema\/logo\/image\/","url":"https:\/\/hubsch-interior.com\/wp-content\/uploads\/2022\/12\/Hubsch_logo_black_one_line.svg","contentUrl":"https:\/\/hubsch-interior.com\/wp-content\/uploads\/2022\/12\/Hubsch_logo_black_one_line.svg","caption":"H\u00fcbsch"},"image":{"@id":"https:\/\/hubsch-interior.com\/da\/#\/schema\/logo\/image\/"}}]}},"_links":{"self":[{"href":"https:\/\/hubsch-interior.com\/da\/wp-json\/wp\/v2\/product\/1088739","targetHints":{"allow":["GET"]}}],"collection":[{"href":"https:\/\/hubsch-interior.com\/da\/wp-json\/wp\/v2\/product"}],"about":[{"href":"https:\/\/hubsch-interior.com\/da\/wp-json\/wp\/v2\/types\/product"}],"wp:featuredmedia":[{"embeddable":true,"href":"https:\/\/hubsch-interior.com\/da\/wp-json\/wp\/v2\/media\/1108446"}],"wp:attachment":[{"href":"https:\/\/hubsch-interior.com\/da\/wp-json\/wp\/v2\/media?parent=1088739"}],"wp:term":[{"taxonomy":"product_brand","embeddable":true,"href":"https:\/\/hubsch-interior.com\/da\/wp-json\/wp\/v2\/product_brand?post=1088739"},{"taxonomy":"product_cat","embeddable":true,"href":"https:\/\/hubsch-interior.com\/da\/wp-json\/wp\/v2\/product_cat?post=1088739"},{"taxonomy":"product_tag","embeddable":true,"href":"https:\/\/hubsch-interior.com\/da\/wp-json\/wp\/v2\/product_tag?post=1088739"}],"curies":[{"name":"wp","href":"https:\/\/api.w.org\/{rel}","templated":true}]}}