{"id":1088759,"date":"2026-01-31T05:03:35","date_gmt":"2026-01-31T04:03:35","guid":{"rendered":"https:\/\/hubsch-interior.com\/product\/product\/"},"modified":"2026-04-06T05:07:28","modified_gmt":"2026-04-06T03:07:28","slug":"talk-vaeglampe-lysegra","status":"publish","type":"product","link":"https:\/\/hubsch-interior.com\/da\/vare\/talk-vaeglampe-lysegra\/","title":{"rendered":"Talk V\u00e6glampe Lysegr\u00e5"},"content":{"rendered":"<p>Lys, der taler sagte \u2014 men med stil. Talk V\u00e6glampen i lysegr\u00e5 bringer en legende elegance til dit rum, dens mikrofon-inspirerede form tilf\u00f8jer et subtilt vink til enhver stue. Den bl\u00f8de, neutrale tone er kombineret med lige den rette m\u00e6ngde detalje, hvilket g\u00f8r den let at placere \u2014 p\u00e5 en hylde, et sidebord eller monteret p\u00e5 v\u00e6ggen. Med sit varme, omgivende sk\u00e6r er den perfekt til at slappe af eller til at starte samtaler. En lille lampe med stor personlighed \u2014 klar til at lyse op i din verden, p\u00e5 din m\u00e5de.<br \/>\nTil denne lampe skal du bruge en d\u00e6mpbar LED-p\u00e6re<\/p>\n","protected":false},"excerpt":{"rendered":"<p>Lys, der taler sagte \u2014 men med stil. Talk V\u00e6glampen i lysegr\u00e5 bringer en legende elegance til dit rum, dens mikrofon-inspirerede form tilf\u00f8jer et subtilt vink til enhver stue. Den bl\u00f8de, neutrale tone er kombineret med lige den rette m\u00e6ngde detalje, hvilket g\u00f8r den let at placere \u2014 p\u00e5 en hylde, et sidebord eller monteret [&hellip;]<\/p>\n","protected":false},"featured_media":1108458,"template":"","meta":{"_acf_changed":false,"inline_featured_image":false},"product_brand":[],"product_cat":[3808,5025,3499,7153,5045,6961,3405],"product_tag":[],"class_list":{"0":"post-1088759","1":"product","2":"type-product","3":"status-publish","4":"has-post-thumbnail","6":"product_cat-belysning","7":"product_cat-bestsellers-da","8":"product_cat-bordlamper-da","9":"product_cat-dweller-da","10":"product_cat-nyheder-da","11":"product_cat-transportable-lamper-da","12":"product_cat-vaeglamper-da","13":"product_shipping_class-pk","15":"pa_color-lysegr","16":"pa_material-glas-da","17":"pa_material-jern-da","19":"first","20":"instock","21":"featured","22":"taxable","23":"shipping-taxable","24":"purchasable","25":"product-type-simple"},"exclude_global_add_ons":[],"addons":[],"acf":[],"yoast_head":"<!-- This site is optimized with the Yoast SEO plugin v26.4 - https:\/\/yoast.com\/wordpress\/plugins\/seo\/ -->\n<title>Talk V\u00e6glampe Lysegr\u00e5 - H\u00fcbsch<\/title>\n<meta name=\"description\" content=\"Lys, der taler sagte \u2014 men med stil. Talk V\u00e6glampen i lysegr\u00e5 bringer en legende elegance til dit rum, dens mikrofon-inspirerede form tilf\u00f8jer et subtilt\" \/>\n<meta name=\"robots\" content=\"index, follow, max-snippet:-1, max-image-preview:large, max-video-preview:-1\" \/>\n<link rel=\"canonical\" href=\"https:\/\/hubsch-interior.com\/da\/wp-json\/wp\/v2\/product\/1088759\" \/>\n<meta property=\"og:locale\" content=\"da_DK\" \/>\n<meta property=\"og:type\" content=\"article\" \/>\n<meta property=\"og:title\" content=\"Talk V\u00e6glampe Lysegr\u00e5 - H\u00fcbsch\" \/>\n<meta property=\"og:description\" content=\"Lys, der taler sagte \u2014 men med stil. Talk V\u00e6glampen i lysegr\u00e5 bringer en legende elegance til dit rum, dens mikrofon-inspirerede form tilf\u00f8jer et subtilt\" \/>\n<meta property=\"og:url\" content=\"https:\/\/hubsch-interior.com\/da\/vare\/talk-vaeglampe-lysegra\/\" \/>\n<meta property=\"og:site_name\" content=\"H\u00fcbsch\" \/>\n<meta property=\"article:modified_time\" content=\"2026-04-06T03:07:28+00:00\" \/>\n<meta property=\"og:image\" content=\"https:\/\/hubsch-interior.com\/wp-content\/uploads\/2026\/01\/talk-wall-lamp-light-grey-34f6d5818eb35bfe0de75ad99ebdc99f.jpg\" \/>\n\t<meta property=\"og:image:width\" content=\"1200\" \/>\n\t<meta property=\"og:image:height\" content=\"1200\" \/>\n\t<meta property=\"og:image:type\" content=\"image\/jpeg\" \/>\n<meta name=\"twitter:card\" content=\"summary_large_image\" \/>\n<meta name=\"twitter:label1\" content=\"Estimeret l\u00e6setid\" \/>\n\t<meta name=\"twitter:data1\" content=\"1 minut\" \/>\n<script type=\"application\/ld+json\" class=\"yoast-schema-graph\">{\"@context\":\"https:\/\/schema.org\",\"@graph\":[{\"@type\":\"WebPage\",\"@id\":\"https:\/\/hubsch-interior.com\/da\/vare\/talk-vaeglampe-lysegra\/\",\"url\":\"https:\/\/hubsch-interior.com\/da\/vare\/talk-vaeglampe-lysegra\/\",\"name\":\"Talk V\u00e6glampe Lysegr\u00e5 - H\u00fcbsch\",\"isPartOf\":{\"@id\":\"https:\/\/hubsch-interior.com\/da\/#website\"},\"primaryImageOfPage\":{\"@id\":\"https:\/\/hubsch-interior.com\/da\/vare\/talk-vaeglampe-lysegra\/#primaryimage\"},\"image\":{\"@id\":\"https:\/\/hubsch-interior.com\/da\/vare\/talk-vaeglampe-lysegra\/#primaryimage\"},\"thumbnailUrl\":\"https:\/\/hubsch-interior.com\/wp-content\/uploads\/2026\/02\/talk-wall-lamp-light-grey-d94dc131996141de9311dcba7dab1730.jpg\",\"datePublished\":\"2026-01-31T04:03:35+00:00\",\"dateModified\":\"2026-04-06T03:07:28+00:00\",\"description\":\"Lys, der taler sagte \u2014 men med stil. Talk V\u00e6glampen i lysegr\u00e5 bringer en legende elegance til dit rum, dens mikrofon-inspirerede form tilf\u00f8jer et subtilt\",\"breadcrumb\":{\"@id\":\"https:\/\/hubsch-interior.com\/da\/vare\/talk-vaeglampe-lysegra\/#breadcrumb\"},\"inLanguage\":\"da-DK\",\"potentialAction\":[{\"@type\":\"ReadAction\",\"target\":[\"https:\/\/hubsch-interior.com\/da\/vare\/talk-vaeglampe-lysegra\/\"]}]},{\"@type\":\"ImageObject\",\"inLanguage\":\"da-DK\",\"@id\":\"https:\/\/hubsch-interior.com\/da\/vare\/talk-vaeglampe-lysegra\/#primaryimage\",\"url\":\"https:\/\/hubsch-interior.com\/wp-content\/uploads\/2026\/02\/talk-wall-lamp-light-grey-d94dc131996141de9311dcba7dab1730.jpg\",\"contentUrl\":\"https:\/\/hubsch-interior.com\/wp-content\/uploads\/2026\/02\/talk-wall-lamp-light-grey-d94dc131996141de9311dcba7dab1730.jpg\",\"width\":1024,\"height\":1024},{\"@type\":\"BreadcrumbList\",\"@id\":\"https:\/\/hubsch-interior.com\/da\/vare\/talk-vaeglampe-lysegra\/#breadcrumb\",\"itemListElement\":[{\"@type\":\"ListItem\",\"position\":1,\"name\":\"Forside\",\"item\":\"https:\/\/hubsch-interior.com\/da\/\"},{\"@type\":\"ListItem\",\"position\":2,\"name\":\"Produkter\",\"item\":\"https:\/\/hubsch-interior.com\/da\/produkter\/\"},{\"@type\":\"ListItem\",\"position\":3,\"name\":\"Talk V\u00e6glampe Lysegr\u00e5\"}]},{\"@type\":\"WebSite\",\"@id\":\"https:\/\/hubsch-interior.com\/da\/#website\",\"url\":\"https:\/\/hubsch-interior.com\/da\/\",\"name\":\"H\u00fcbsch\",\"description\":\"Danish Home Interior and Design\",\"publisher\":{\"@id\":\"https:\/\/hubsch-interior.com\/da\/#organization\"},\"potentialAction\":[{\"@type\":\"SearchAction\",\"target\":{\"@type\":\"EntryPoint\",\"urlTemplate\":\"https:\/\/hubsch-interior.com\/da\/?s={search_term_string}\"},\"query-input\":{\"@type\":\"PropertyValueSpecification\",\"valueRequired\":true,\"valueName\":\"search_term_string\"}}],\"inLanguage\":\"da-DK\"},{\"@type\":\"Organization\",\"@id\":\"https:\/\/hubsch-interior.com\/da\/#organization\",\"name\":\"H\u00fcbsch\",\"url\":\"https:\/\/hubsch-interior.com\/da\/\",\"logo\":{\"@type\":\"ImageObject\",\"inLanguage\":\"da-DK\",\"@id\":\"https:\/\/hubsch-interior.com\/da\/#\/schema\/logo\/image\/\",\"url\":\"https:\/\/hubsch-interior.com\/wp-content\/uploads\/2022\/12\/Hubsch_logo_black_one_line.svg\",\"contentUrl\":\"https:\/\/hubsch-interior.com\/wp-content\/uploads\/2022\/12\/Hubsch_logo_black_one_line.svg\",\"caption\":\"H\u00fcbsch\"},\"image\":{\"@id\":\"https:\/\/hubsch-interior.com\/da\/#\/schema\/logo\/image\/\"}}]}<\/script>\n<!-- \/ Yoast SEO plugin. -->","yoast_head_json":{"title":"Talk V\u00e6glampe Lysegr\u00e5 - H\u00fcbsch","description":"Lys, der taler sagte \u2014 men med stil. Talk V\u00e6glampen i lysegr\u00e5 bringer en legende elegance til dit rum, dens mikrofon-inspirerede form tilf\u00f8jer et subtilt","robots":{"index":"index","follow":"follow","max-snippet":"max-snippet:-1","max-image-preview":"max-image-preview:large","max-video-preview":"max-video-preview:-1"},"canonical":"https:\/\/hubsch-interior.com\/da\/wp-json\/wp\/v2\/product\/1088759","og_locale":"da_DK","og_type":"article","og_title":"Talk V\u00e6glampe Lysegr\u00e5 - H\u00fcbsch","og_description":"Lys, der taler sagte \u2014 men med stil. Talk V\u00e6glampen i lysegr\u00e5 bringer en legende elegance til dit rum, dens mikrofon-inspirerede form tilf\u00f8jer et subtilt","og_url":"https:\/\/hubsch-interior.com\/da\/vare\/talk-vaeglampe-lysegra\/","og_site_name":"H\u00fcbsch","article_modified_time":"2026-04-06T03:07:28+00:00","og_image":[{"width":1200,"height":1200,"url":"https:\/\/hubsch-interior.com\/wp-content\/uploads\/2026\/01\/talk-wall-lamp-light-grey-34f6d5818eb35bfe0de75ad99ebdc99f.jpg","type":"image\/jpeg"}],"twitter_card":"summary_large_image","twitter_misc":{"Estimeret l\u00e6setid":"1 minut"},"schema":{"@context":"https:\/\/schema.org","@graph":[{"@type":"WebPage","@id":"https:\/\/hubsch-interior.com\/da\/vare\/talk-vaeglampe-lysegra\/","url":"https:\/\/hubsch-interior.com\/da\/vare\/talk-vaeglampe-lysegra\/","name":"Talk V\u00e6glampe Lysegr\u00e5 - H\u00fcbsch","isPartOf":{"@id":"https:\/\/hubsch-interior.com\/da\/#website"},"primaryImageOfPage":{"@id":"https:\/\/hubsch-interior.com\/da\/vare\/talk-vaeglampe-lysegra\/#primaryimage"},"image":{"@id":"https:\/\/hubsch-interior.com\/da\/vare\/talk-vaeglampe-lysegra\/#primaryimage"},"thumbnailUrl":"https:\/\/hubsch-interior.com\/wp-content\/uploads\/2026\/02\/talk-wall-lamp-light-grey-d94dc131996141de9311dcba7dab1730.jpg","datePublished":"2026-01-31T04:03:35+00:00","dateModified":"2026-04-06T03:07:28+00:00","description":"Lys, der taler sagte \u2014 men med stil. Talk V\u00e6glampen i lysegr\u00e5 bringer en legende elegance til dit rum, dens mikrofon-inspirerede form tilf\u00f8jer et subtilt","breadcrumb":{"@id":"https:\/\/hubsch-interior.com\/da\/vare\/talk-vaeglampe-lysegra\/#breadcrumb"},"inLanguage":"da-DK","potentialAction":[{"@type":"ReadAction","target":["https:\/\/hubsch-interior.com\/da\/vare\/talk-vaeglampe-lysegra\/"]}]},{"@type":"ImageObject","inLanguage":"da-DK","@id":"https:\/\/hubsch-interior.com\/da\/vare\/talk-vaeglampe-lysegra\/#primaryimage","url":"https:\/\/hubsch-interior.com\/wp-content\/uploads\/2026\/02\/talk-wall-lamp-light-grey-d94dc131996141de9311dcba7dab1730.jpg","contentUrl":"https:\/\/hubsch-interior.com\/wp-content\/uploads\/2026\/02\/talk-wall-lamp-light-grey-d94dc131996141de9311dcba7dab1730.jpg","width":1024,"height":1024},{"@type":"BreadcrumbList","@id":"https:\/\/hubsch-interior.com\/da\/vare\/talk-vaeglampe-lysegra\/#breadcrumb","itemListElement":[{"@type":"ListItem","position":1,"name":"Forside","item":"https:\/\/hubsch-interior.com\/da\/"},{"@type":"ListItem","position":2,"name":"Produkter","item":"https:\/\/hubsch-interior.com\/da\/produkter\/"},{"@type":"ListItem","position":3,"name":"Talk V\u00e6glampe Lysegr\u00e5"}]},{"@type":"WebSite","@id":"https:\/\/hubsch-interior.com\/da\/#website","url":"https:\/\/hubsch-interior.com\/da\/","name":"H\u00fcbsch","description":"Danish Home Interior and Design","publisher":{"@id":"https:\/\/hubsch-interior.com\/da\/#organization"},"potentialAction":[{"@type":"SearchAction","target":{"@type":"EntryPoint","urlTemplate":"https:\/\/hubsch-interior.com\/da\/?s={search_term_string}"},"query-input":{"@type":"PropertyValueSpecification","valueRequired":true,"valueName":"search_term_string"}}],"inLanguage":"da-DK"},{"@type":"Organization","@id":"https:\/\/hubsch-interior.com\/da\/#organization","name":"H\u00fcbsch","url":"https:\/\/hubsch-interior.com\/da\/","logo":{"@type":"ImageObject","inLanguage":"da-DK","@id":"https:\/\/hubsch-interior.com\/da\/#\/schema\/logo\/image\/","url":"https:\/\/hubsch-interior.com\/wp-content\/uploads\/2022\/12\/Hubsch_logo_black_one_line.svg","contentUrl":"https:\/\/hubsch-interior.com\/wp-content\/uploads\/2022\/12\/Hubsch_logo_black_one_line.svg","caption":"H\u00fcbsch"},"image":{"@id":"https:\/\/hubsch-interior.com\/da\/#\/schema\/logo\/image\/"}}]}},"_links":{"self":[{"href":"https:\/\/hubsch-interior.com\/da\/wp-json\/wp\/v2\/product\/1088759","targetHints":{"allow":["GET"]}}],"collection":[{"href":"https:\/\/hubsch-interior.com\/da\/wp-json\/wp\/v2\/product"}],"about":[{"href":"https:\/\/hubsch-interior.com\/da\/wp-json\/wp\/v2\/types\/product"}],"wp:featuredmedia":[{"embeddable":true,"href":"https:\/\/hubsch-interior.com\/da\/wp-json\/wp\/v2\/media\/1108458"}],"wp:attachment":[{"href":"https:\/\/hubsch-interior.com\/da\/wp-json\/wp\/v2\/media?parent=1088759"}],"wp:term":[{"taxonomy":"product_brand","embeddable":true,"href":"https:\/\/hubsch-interior.com\/da\/wp-json\/wp\/v2\/product_brand?post=1088759"},{"taxonomy":"product_cat","embeddable":true,"href":"https:\/\/hubsch-interior.com\/da\/wp-json\/wp\/v2\/product_cat?post=1088759"},{"taxonomy":"product_tag","embeddable":true,"href":"https:\/\/hubsch-interior.com\/da\/wp-json\/wp\/v2\/product_tag?post=1088759"}],"curies":[{"name":"wp","href":"https:\/\/api.w.org\/{rel}","templated":true}]}}