{"id":1088783,"date":"2026-01-31T05:04:01","date_gmt":"2026-01-31T04:04:01","guid":{"rendered":"https:\/\/hubsch-interior.com\/product\/product\/"},"modified":"2026-04-05T05:13:46","modified_gmt":"2026-04-05T03:13:46","slug":"taten-transportabel-lampe-sort","status":"publish","type":"product","link":"https:\/\/hubsch-interior.com\/da\/vare\/taten-transportabel-lampe-sort\/","title":{"rendered":"Taten Transportabel Lampe Sort"},"content":{"rendered":"<p>Lad sommeraftenerne str\u00e6kke sig lidt l\u00e6ngere. Taten Transportabel Lampe i tidl\u00f8s sort kaster et varmt, gyldent sk\u00e6r \u2014 lige nok til at skabe stemningen uden at tage al opm\u00e6rksomheden. Med sin slanke silhuet og minimale st\u00f8rrelse passer den diskret ind p\u00e5 dit bord og efterlader plads til samtale og ro. Uanset om det er indend\u00f8rs eller udend\u00f8rs, bringer denne tr\u00e5dl\u00f8se perle bl\u00f8d elegance til enhver indstilling. Fordi hvert smukt \u00f8jeblik fortjener lige pr\u00e6cis det rette lys.<\/p>\n","protected":false},"excerpt":{"rendered":"<p>Lad sommeraftenerne str\u00e6kke sig lidt l\u00e6ngere. Taten Transportabel Lampe i tidl\u00f8s sort kaster et varmt, gyldent sk\u00e6r \u2014 lige nok til at skabe stemningen uden at tage al opm\u00e6rksomheden. Med sin slanke silhuet og minimale st\u00f8rrelse passer den diskret ind p\u00e5 dit bord og efterlader plads til samtale og ro. Uanset om det er indend\u00f8rs [&hellip;]<\/p>\n","protected":false},"featured_media":1108482,"template":"","meta":{"_acf_changed":false,"inline_featured_image":false},"product_brand":[],"product_cat":[7153,6961,3808,3499,5045],"product_tag":[],"class_list":{"0":"post-1088783","1":"product","2":"type-product","3":"status-publish","4":"has-post-thumbnail","6":"product_cat-dweller-da","7":"product_cat-transportable-lamper-da","8":"product_cat-belysning","9":"product_cat-bordlamper-da","10":"product_cat-nyheder-da","11":"product_shipping_class-pk","13":"pa_color-sort","14":"pa_material-jern-da","15":"pa_material-polycarbonat","17":"first","18":"instock","19":"taxable","20":"shipping-taxable","21":"purchasable","22":"product-type-simple"},"exclude_global_add_ons":[],"addons":[],"acf":[],"yoast_head":"<!-- This site is optimized with the Yoast SEO plugin v26.4 - https:\/\/yoast.com\/wordpress\/plugins\/seo\/ -->\n<title>Taten Transportabel Lampe Sort - H\u00fcbsch<\/title>\n<meta name=\"description\" content=\"Lad sommeraftenerne str\u00e6kke sig lidt l\u00e6ngere. Taten Transportabel Lampe i tidl\u00f8s sort kaster et varmt, gyldent sk\u00e6r \u2014 lige nok til at skabe stemningen\" \/>\n<meta name=\"robots\" content=\"index, follow, max-snippet:-1, max-image-preview:large, max-video-preview:-1\" \/>\n<link rel=\"canonical\" href=\"https:\/\/hubsch-interior.com\/da\/wp-json\/wp\/v2\/product\/1088783\" \/>\n<meta property=\"og:locale\" content=\"da_DK\" \/>\n<meta property=\"og:type\" content=\"article\" \/>\n<meta property=\"og:title\" content=\"Taten Transportabel Lampe Sort - H\u00fcbsch\" \/>\n<meta property=\"og:description\" content=\"Lad sommeraftenerne str\u00e6kke sig lidt l\u00e6ngere. Taten Transportabel Lampe i tidl\u00f8s sort kaster et varmt, gyldent sk\u00e6r \u2014 lige nok til at skabe stemningen\" \/>\n<meta property=\"og:url\" content=\"https:\/\/hubsch-interior.com\/da\/vare\/taten-transportabel-lampe-sort\/\" \/>\n<meta property=\"og:site_name\" content=\"H\u00fcbsch\" \/>\n<meta property=\"article:modified_time\" content=\"2026-04-05T03:13:46+00:00\" \/>\n<meta property=\"og:image\" content=\"https:\/\/hubsch-interior.com\/wp-content\/uploads\/2026\/01\/taten-portable-lamp-black-297f694b83b1c108c1b303d7a8f78a6d.jpg\" \/>\n\t<meta property=\"og:image:width\" content=\"1200\" \/>\n\t<meta property=\"og:image:height\" content=\"1200\" \/>\n\t<meta property=\"og:image:type\" content=\"image\/jpeg\" \/>\n<meta name=\"twitter:card\" content=\"summary_large_image\" \/>\n<script type=\"application\/ld+json\" class=\"yoast-schema-graph\">{\"@context\":\"https:\/\/schema.org\",\"@graph\":[{\"@type\":\"WebPage\",\"@id\":\"https:\/\/hubsch-interior.com\/da\/vare\/taten-transportabel-lampe-sort\/\",\"url\":\"https:\/\/hubsch-interior.com\/da\/vare\/taten-transportabel-lampe-sort\/\",\"name\":\"Taten Transportabel Lampe Sort - H\u00fcbsch\",\"isPartOf\":{\"@id\":\"https:\/\/hubsch-interior.com\/da\/#website\"},\"primaryImageOfPage\":{\"@id\":\"https:\/\/hubsch-interior.com\/da\/vare\/taten-transportabel-lampe-sort\/#primaryimage\"},\"image\":{\"@id\":\"https:\/\/hubsch-interior.com\/da\/vare\/taten-transportabel-lampe-sort\/#primaryimage\"},\"thumbnailUrl\":\"https:\/\/hubsch-interior.com\/wp-content\/uploads\/2026\/02\/taten-portable-lamp-black-a8924f605dbc62fe67816605a176b8b0.jpg\",\"datePublished\":\"2026-01-31T04:04:01+00:00\",\"dateModified\":\"2026-04-05T03:13:46+00:00\",\"description\":\"Lad sommeraftenerne str\u00e6kke sig lidt l\u00e6ngere. Taten Transportabel Lampe i tidl\u00f8s sort kaster et varmt, gyldent sk\u00e6r \u2014 lige nok til at skabe stemningen\",\"breadcrumb\":{\"@id\":\"https:\/\/hubsch-interior.com\/da\/vare\/taten-transportabel-lampe-sort\/#breadcrumb\"},\"inLanguage\":\"da-DK\",\"potentialAction\":[{\"@type\":\"ReadAction\",\"target\":[\"https:\/\/hubsch-interior.com\/da\/vare\/taten-transportabel-lampe-sort\/\"]}]},{\"@type\":\"ImageObject\",\"inLanguage\":\"da-DK\",\"@id\":\"https:\/\/hubsch-interior.com\/da\/vare\/taten-transportabel-lampe-sort\/#primaryimage\",\"url\":\"https:\/\/hubsch-interior.com\/wp-content\/uploads\/2026\/02\/taten-portable-lamp-black-a8924f605dbc62fe67816605a176b8b0.jpg\",\"contentUrl\":\"https:\/\/hubsch-interior.com\/wp-content\/uploads\/2026\/02\/taten-portable-lamp-black-a8924f605dbc62fe67816605a176b8b0.jpg\",\"width\":1024,\"height\":1024},{\"@type\":\"BreadcrumbList\",\"@id\":\"https:\/\/hubsch-interior.com\/da\/vare\/taten-transportabel-lampe-sort\/#breadcrumb\",\"itemListElement\":[{\"@type\":\"ListItem\",\"position\":1,\"name\":\"Forside\",\"item\":\"https:\/\/hubsch-interior.com\/da\/\"},{\"@type\":\"ListItem\",\"position\":2,\"name\":\"Produkter\",\"item\":\"https:\/\/hubsch-interior.com\/da\/produkter\/\"},{\"@type\":\"ListItem\",\"position\":3,\"name\":\"Taten Transportabel Lampe Sort\"}]},{\"@type\":\"WebSite\",\"@id\":\"https:\/\/hubsch-interior.com\/da\/#website\",\"url\":\"https:\/\/hubsch-interior.com\/da\/\",\"name\":\"H\u00fcbsch\",\"description\":\"Danish Home Interior and Design\",\"publisher\":{\"@id\":\"https:\/\/hubsch-interior.com\/da\/#organization\"},\"potentialAction\":[{\"@type\":\"SearchAction\",\"target\":{\"@type\":\"EntryPoint\",\"urlTemplate\":\"https:\/\/hubsch-interior.com\/da\/?s={search_term_string}\"},\"query-input\":{\"@type\":\"PropertyValueSpecification\",\"valueRequired\":true,\"valueName\":\"search_term_string\"}}],\"inLanguage\":\"da-DK\"},{\"@type\":\"Organization\",\"@id\":\"https:\/\/hubsch-interior.com\/da\/#organization\",\"name\":\"H\u00fcbsch\",\"url\":\"https:\/\/hubsch-interior.com\/da\/\",\"logo\":{\"@type\":\"ImageObject\",\"inLanguage\":\"da-DK\",\"@id\":\"https:\/\/hubsch-interior.com\/da\/#\/schema\/logo\/image\/\",\"url\":\"https:\/\/hubsch-interior.com\/wp-content\/uploads\/2022\/12\/Hubsch_logo_black_one_line.svg\",\"contentUrl\":\"https:\/\/hubsch-interior.com\/wp-content\/uploads\/2022\/12\/Hubsch_logo_black_one_line.svg\",\"caption\":\"H\u00fcbsch\"},\"image\":{\"@id\":\"https:\/\/hubsch-interior.com\/da\/#\/schema\/logo\/image\/\"}}]}<\/script>\n<!-- \/ Yoast SEO plugin. -->","yoast_head_json":{"title":"Taten Transportabel Lampe Sort - H\u00fcbsch","description":"Lad sommeraftenerne str\u00e6kke sig lidt l\u00e6ngere. Taten Transportabel Lampe i tidl\u00f8s sort kaster et varmt, gyldent sk\u00e6r \u2014 lige nok til at skabe stemningen","robots":{"index":"index","follow":"follow","max-snippet":"max-snippet:-1","max-image-preview":"max-image-preview:large","max-video-preview":"max-video-preview:-1"},"canonical":"https:\/\/hubsch-interior.com\/da\/wp-json\/wp\/v2\/product\/1088783","og_locale":"da_DK","og_type":"article","og_title":"Taten Transportabel Lampe Sort - H\u00fcbsch","og_description":"Lad sommeraftenerne str\u00e6kke sig lidt l\u00e6ngere. Taten Transportabel Lampe i tidl\u00f8s sort kaster et varmt, gyldent sk\u00e6r \u2014 lige nok til at skabe stemningen","og_url":"https:\/\/hubsch-interior.com\/da\/vare\/taten-transportabel-lampe-sort\/","og_site_name":"H\u00fcbsch","article_modified_time":"2026-04-05T03:13:46+00:00","og_image":[{"width":1200,"height":1200,"url":"https:\/\/hubsch-interior.com\/wp-content\/uploads\/2026\/01\/taten-portable-lamp-black-297f694b83b1c108c1b303d7a8f78a6d.jpg","type":"image\/jpeg"}],"twitter_card":"summary_large_image","schema":{"@context":"https:\/\/schema.org","@graph":[{"@type":"WebPage","@id":"https:\/\/hubsch-interior.com\/da\/vare\/taten-transportabel-lampe-sort\/","url":"https:\/\/hubsch-interior.com\/da\/vare\/taten-transportabel-lampe-sort\/","name":"Taten Transportabel Lampe Sort - H\u00fcbsch","isPartOf":{"@id":"https:\/\/hubsch-interior.com\/da\/#website"},"primaryImageOfPage":{"@id":"https:\/\/hubsch-interior.com\/da\/vare\/taten-transportabel-lampe-sort\/#primaryimage"},"image":{"@id":"https:\/\/hubsch-interior.com\/da\/vare\/taten-transportabel-lampe-sort\/#primaryimage"},"thumbnailUrl":"https:\/\/hubsch-interior.com\/wp-content\/uploads\/2026\/02\/taten-portable-lamp-black-a8924f605dbc62fe67816605a176b8b0.jpg","datePublished":"2026-01-31T04:04:01+00:00","dateModified":"2026-04-05T03:13:46+00:00","description":"Lad sommeraftenerne str\u00e6kke sig lidt l\u00e6ngere. Taten Transportabel Lampe i tidl\u00f8s sort kaster et varmt, gyldent sk\u00e6r \u2014 lige nok til at skabe stemningen","breadcrumb":{"@id":"https:\/\/hubsch-interior.com\/da\/vare\/taten-transportabel-lampe-sort\/#breadcrumb"},"inLanguage":"da-DK","potentialAction":[{"@type":"ReadAction","target":["https:\/\/hubsch-interior.com\/da\/vare\/taten-transportabel-lampe-sort\/"]}]},{"@type":"ImageObject","inLanguage":"da-DK","@id":"https:\/\/hubsch-interior.com\/da\/vare\/taten-transportabel-lampe-sort\/#primaryimage","url":"https:\/\/hubsch-interior.com\/wp-content\/uploads\/2026\/02\/taten-portable-lamp-black-a8924f605dbc62fe67816605a176b8b0.jpg","contentUrl":"https:\/\/hubsch-interior.com\/wp-content\/uploads\/2026\/02\/taten-portable-lamp-black-a8924f605dbc62fe67816605a176b8b0.jpg","width":1024,"height":1024},{"@type":"BreadcrumbList","@id":"https:\/\/hubsch-interior.com\/da\/vare\/taten-transportabel-lampe-sort\/#breadcrumb","itemListElement":[{"@type":"ListItem","position":1,"name":"Forside","item":"https:\/\/hubsch-interior.com\/da\/"},{"@type":"ListItem","position":2,"name":"Produkter","item":"https:\/\/hubsch-interior.com\/da\/produkter\/"},{"@type":"ListItem","position":3,"name":"Taten Transportabel Lampe Sort"}]},{"@type":"WebSite","@id":"https:\/\/hubsch-interior.com\/da\/#website","url":"https:\/\/hubsch-interior.com\/da\/","name":"H\u00fcbsch","description":"Danish Home Interior and Design","publisher":{"@id":"https:\/\/hubsch-interior.com\/da\/#organization"},"potentialAction":[{"@type":"SearchAction","target":{"@type":"EntryPoint","urlTemplate":"https:\/\/hubsch-interior.com\/da\/?s={search_term_string}"},"query-input":{"@type":"PropertyValueSpecification","valueRequired":true,"valueName":"search_term_string"}}],"inLanguage":"da-DK"},{"@type":"Organization","@id":"https:\/\/hubsch-interior.com\/da\/#organization","name":"H\u00fcbsch","url":"https:\/\/hubsch-interior.com\/da\/","logo":{"@type":"ImageObject","inLanguage":"da-DK","@id":"https:\/\/hubsch-interior.com\/da\/#\/schema\/logo\/image\/","url":"https:\/\/hubsch-interior.com\/wp-content\/uploads\/2022\/12\/Hubsch_logo_black_one_line.svg","contentUrl":"https:\/\/hubsch-interior.com\/wp-content\/uploads\/2022\/12\/Hubsch_logo_black_one_line.svg","caption":"H\u00fcbsch"},"image":{"@id":"https:\/\/hubsch-interior.com\/da\/#\/schema\/logo\/image\/"}}]}},"_links":{"self":[{"href":"https:\/\/hubsch-interior.com\/da\/wp-json\/wp\/v2\/product\/1088783","targetHints":{"allow":["GET"]}}],"collection":[{"href":"https:\/\/hubsch-interior.com\/da\/wp-json\/wp\/v2\/product"}],"about":[{"href":"https:\/\/hubsch-interior.com\/da\/wp-json\/wp\/v2\/types\/product"}],"wp:featuredmedia":[{"embeddable":true,"href":"https:\/\/hubsch-interior.com\/da\/wp-json\/wp\/v2\/media\/1108482"}],"wp:attachment":[{"href":"https:\/\/hubsch-interior.com\/da\/wp-json\/wp\/v2\/media?parent=1088783"}],"wp:term":[{"taxonomy":"product_brand","embeddable":true,"href":"https:\/\/hubsch-interior.com\/da\/wp-json\/wp\/v2\/product_brand?post=1088783"},{"taxonomy":"product_cat","embeddable":true,"href":"https:\/\/hubsch-interior.com\/da\/wp-json\/wp\/v2\/product_cat?post=1088783"},{"taxonomy":"product_tag","embeddable":true,"href":"https:\/\/hubsch-interior.com\/da\/wp-json\/wp\/v2\/product_tag?post=1088783"}],"curies":[{"name":"wp","href":"https:\/\/api.w.org\/{rel}","templated":true}]}}