{"id":1088795,"date":"2026-01-31T05:04:14","date_gmt":"2026-01-31T04:04:14","guid":{"rendered":"https:\/\/hubsch-interior.com\/product\/product\/"},"modified":"2026-04-06T05:07:42","modified_gmt":"2026-04-06T03:07:42","slug":"taten-transportabel-lampe-messingfarve","status":"publish","type":"product","link":"https:\/\/hubsch-interior.com\/da\/vare\/taten-transportabel-lampe-messingfarve\/","title":{"rendered":"Taten Transportabel Lampe Messingfarve"},"content":{"rendered":"<p>Skab et bl\u00f8dt sk\u00e6r, der varer ved l\u00e6nge efter solnedgang. Taten Transportabel Lampe i br\u00e6ndt messing tilf\u00f8rer varme og elegance til dit sommerbord med sin h\u00f8je, slanke silhuet og blidt d\u00e6mpede lys. Dens minimale fodaftryk holder tingene p\u00e6ne, mens den h\u00f8jglansede overflade tilf\u00f8jer et raffineret pr\u00e6g til ethvert interi\u00f8r. Tilg\u00e6ngelig i tre chikke varianter, er dette transportable stykke lavet til at flytte med dig \u2013 fra hyggelige middage til aftenafslapning. En gl\u00f8dende ledsager, der forvandler almindelige n\u00e6tter til gyldne \u00f8jeblikke.<\/p>\n","protected":false},"excerpt":{"rendered":"<p>Skab et bl\u00f8dt sk\u00e6r, der varer ved l\u00e6nge efter solnedgang. Taten Transportabel Lampe i br\u00e6ndt messing tilf\u00f8rer varme og elegance til dit sommerbord med sin h\u00f8je, slanke silhuet og blidt d\u00e6mpede lys. Dens minimale fodaftryk holder tingene p\u00e6ne, mens den h\u00f8jglansede overflade tilf\u00f8jer et raffineret pr\u00e6g til ethvert interi\u00f8r. Tilg\u00e6ngelig i tre chikke varianter, er [&hellip;]<\/p>\n","protected":false},"featured_media":1108490,"template":"","meta":{"_acf_changed":false,"inline_featured_image":false},"product_brand":[],"product_cat":[3808,5025,3499,7153,5045,6961],"product_tag":[],"class_list":{"0":"post-1088795","1":"product","2":"type-product","3":"status-publish","4":"has-post-thumbnail","6":"product_cat-belysning","7":"product_cat-bestsellers-da","8":"product_cat-bordlamper-da","9":"product_cat-dweller-da","10":"product_cat-nyheder-da","11":"product_cat-transportable-lamper-da","12":"product_shipping_class-pk","14":"pa_color-messingfarve","15":"pa_material-jern-da","16":"pa_material-polycarbonat","18":"first","19":"instock","20":"featured","21":"taxable","22":"shipping-taxable","23":"purchasable","24":"product-type-simple"},"exclude_global_add_ons":[],"addons":[],"acf":[],"yoast_head":"<!-- This site is optimized with the Yoast SEO plugin v26.4 - https:\/\/yoast.com\/wordpress\/plugins\/seo\/ -->\n<title>Taten Transportabel Lampe Messingfarve - H\u00fcbsch<\/title>\n<meta name=\"description\" content=\"Skab et bl\u00f8dt sk\u00e6r, der varer ved l\u00e6nge efter solnedgang. Taten Transportabel Lampe i br\u00e6ndt messing tilf\u00f8rer varme og elegance til dit sommerbord med sin\" \/>\n<meta name=\"robots\" content=\"index, follow, max-snippet:-1, max-image-preview:large, max-video-preview:-1\" \/>\n<link rel=\"canonical\" href=\"https:\/\/hubsch-interior.com\/da\/wp-json\/wp\/v2\/product\/1088795\" \/>\n<meta property=\"og:locale\" content=\"da_DK\" \/>\n<meta property=\"og:type\" content=\"article\" \/>\n<meta property=\"og:title\" content=\"Taten Transportabel Lampe Messingfarve - H\u00fcbsch\" \/>\n<meta property=\"og:description\" content=\"Skab et bl\u00f8dt sk\u00e6r, der varer ved l\u00e6nge efter solnedgang. Taten Transportabel Lampe i br\u00e6ndt messing tilf\u00f8rer varme og elegance til dit sommerbord med sin\" \/>\n<meta property=\"og:url\" content=\"https:\/\/hubsch-interior.com\/da\/vare\/taten-transportabel-lampe-messingfarve\/\" \/>\n<meta property=\"og:site_name\" content=\"H\u00fcbsch\" \/>\n<meta property=\"article:modified_time\" content=\"2026-04-06T03:07:42+00:00\" \/>\n<meta property=\"og:image\" content=\"https:\/\/hubsch-interior.com\/wp-content\/uploads\/2026\/01\/taten-portable-lamp-brass-29b14bf01fa30e3de704f2cef25829d5.jpg\" \/>\n\t<meta property=\"og:image:width\" content=\"1200\" \/>\n\t<meta property=\"og:image:height\" content=\"1200\" \/>\n\t<meta property=\"og:image:type\" content=\"image\/jpeg\" \/>\n<meta name=\"twitter:card\" content=\"summary_large_image\" \/>\n<script type=\"application\/ld+json\" class=\"yoast-schema-graph\">{\"@context\":\"https:\/\/schema.org\",\"@graph\":[{\"@type\":\"WebPage\",\"@id\":\"https:\/\/hubsch-interior.com\/da\/vare\/taten-transportabel-lampe-messingfarve\/\",\"url\":\"https:\/\/hubsch-interior.com\/da\/vare\/taten-transportabel-lampe-messingfarve\/\",\"name\":\"Taten Transportabel Lampe Messingfarve - H\u00fcbsch\",\"isPartOf\":{\"@id\":\"https:\/\/hubsch-interior.com\/da\/#website\"},\"primaryImageOfPage\":{\"@id\":\"https:\/\/hubsch-interior.com\/da\/vare\/taten-transportabel-lampe-messingfarve\/#primaryimage\"},\"image\":{\"@id\":\"https:\/\/hubsch-interior.com\/da\/vare\/taten-transportabel-lampe-messingfarve\/#primaryimage\"},\"thumbnailUrl\":\"https:\/\/hubsch-interior.com\/wp-content\/uploads\/2026\/02\/taten-portable-lamp-brass-ba89c07833ebf01edb572bda547ba873.jpg\",\"datePublished\":\"2026-01-31T04:04:14+00:00\",\"dateModified\":\"2026-04-06T03:07:42+00:00\",\"description\":\"Skab et bl\u00f8dt sk\u00e6r, der varer ved l\u00e6nge efter solnedgang. Taten Transportabel Lampe i br\u00e6ndt messing tilf\u00f8rer varme og elegance til dit sommerbord med sin\",\"breadcrumb\":{\"@id\":\"https:\/\/hubsch-interior.com\/da\/vare\/taten-transportabel-lampe-messingfarve\/#breadcrumb\"},\"inLanguage\":\"da-DK\",\"potentialAction\":[{\"@type\":\"ReadAction\",\"target\":[\"https:\/\/hubsch-interior.com\/da\/vare\/taten-transportabel-lampe-messingfarve\/\"]}]},{\"@type\":\"ImageObject\",\"inLanguage\":\"da-DK\",\"@id\":\"https:\/\/hubsch-interior.com\/da\/vare\/taten-transportabel-lampe-messingfarve\/#primaryimage\",\"url\":\"https:\/\/hubsch-interior.com\/wp-content\/uploads\/2026\/02\/taten-portable-lamp-brass-ba89c07833ebf01edb572bda547ba873.jpg\",\"contentUrl\":\"https:\/\/hubsch-interior.com\/wp-content\/uploads\/2026\/02\/taten-portable-lamp-brass-ba89c07833ebf01edb572bda547ba873.jpg\",\"width\":1024,\"height\":1024},{\"@type\":\"BreadcrumbList\",\"@id\":\"https:\/\/hubsch-interior.com\/da\/vare\/taten-transportabel-lampe-messingfarve\/#breadcrumb\",\"itemListElement\":[{\"@type\":\"ListItem\",\"position\":1,\"name\":\"Forside\",\"item\":\"https:\/\/hubsch-interior.com\/da\/\"},{\"@type\":\"ListItem\",\"position\":2,\"name\":\"Produkter\",\"item\":\"https:\/\/hubsch-interior.com\/da\/produkter\/\"},{\"@type\":\"ListItem\",\"position\":3,\"name\":\"Taten Transportabel Lampe Messingfarve\"}]},{\"@type\":\"WebSite\",\"@id\":\"https:\/\/hubsch-interior.com\/da\/#website\",\"url\":\"https:\/\/hubsch-interior.com\/da\/\",\"name\":\"H\u00fcbsch\",\"description\":\"Danish Home Interior and Design\",\"publisher\":{\"@id\":\"https:\/\/hubsch-interior.com\/da\/#organization\"},\"potentialAction\":[{\"@type\":\"SearchAction\",\"target\":{\"@type\":\"EntryPoint\",\"urlTemplate\":\"https:\/\/hubsch-interior.com\/da\/?s={search_term_string}\"},\"query-input\":{\"@type\":\"PropertyValueSpecification\",\"valueRequired\":true,\"valueName\":\"search_term_string\"}}],\"inLanguage\":\"da-DK\"},{\"@type\":\"Organization\",\"@id\":\"https:\/\/hubsch-interior.com\/da\/#organization\",\"name\":\"H\u00fcbsch\",\"url\":\"https:\/\/hubsch-interior.com\/da\/\",\"logo\":{\"@type\":\"ImageObject\",\"inLanguage\":\"da-DK\",\"@id\":\"https:\/\/hubsch-interior.com\/da\/#\/schema\/logo\/image\/\",\"url\":\"https:\/\/hubsch-interior.com\/wp-content\/uploads\/2022\/12\/Hubsch_logo_black_one_line.svg\",\"contentUrl\":\"https:\/\/hubsch-interior.com\/wp-content\/uploads\/2022\/12\/Hubsch_logo_black_one_line.svg\",\"caption\":\"H\u00fcbsch\"},\"image\":{\"@id\":\"https:\/\/hubsch-interior.com\/da\/#\/schema\/logo\/image\/\"}}]}<\/script>\n<!-- \/ Yoast SEO plugin. -->","yoast_head_json":{"title":"Taten Transportabel Lampe Messingfarve - H\u00fcbsch","description":"Skab et bl\u00f8dt sk\u00e6r, der varer ved l\u00e6nge efter solnedgang. Taten Transportabel Lampe i br\u00e6ndt messing tilf\u00f8rer varme og elegance til dit sommerbord med sin","robots":{"index":"index","follow":"follow","max-snippet":"max-snippet:-1","max-image-preview":"max-image-preview:large","max-video-preview":"max-video-preview:-1"},"canonical":"https:\/\/hubsch-interior.com\/da\/wp-json\/wp\/v2\/product\/1088795","og_locale":"da_DK","og_type":"article","og_title":"Taten Transportabel Lampe Messingfarve - H\u00fcbsch","og_description":"Skab et bl\u00f8dt sk\u00e6r, der varer ved l\u00e6nge efter solnedgang. Taten Transportabel Lampe i br\u00e6ndt messing tilf\u00f8rer varme og elegance til dit sommerbord med sin","og_url":"https:\/\/hubsch-interior.com\/da\/vare\/taten-transportabel-lampe-messingfarve\/","og_site_name":"H\u00fcbsch","article_modified_time":"2026-04-06T03:07:42+00:00","og_image":[{"width":1200,"height":1200,"url":"https:\/\/hubsch-interior.com\/wp-content\/uploads\/2026\/01\/taten-portable-lamp-brass-29b14bf01fa30e3de704f2cef25829d5.jpg","type":"image\/jpeg"}],"twitter_card":"summary_large_image","schema":{"@context":"https:\/\/schema.org","@graph":[{"@type":"WebPage","@id":"https:\/\/hubsch-interior.com\/da\/vare\/taten-transportabel-lampe-messingfarve\/","url":"https:\/\/hubsch-interior.com\/da\/vare\/taten-transportabel-lampe-messingfarve\/","name":"Taten Transportabel Lampe Messingfarve - H\u00fcbsch","isPartOf":{"@id":"https:\/\/hubsch-interior.com\/da\/#website"},"primaryImageOfPage":{"@id":"https:\/\/hubsch-interior.com\/da\/vare\/taten-transportabel-lampe-messingfarve\/#primaryimage"},"image":{"@id":"https:\/\/hubsch-interior.com\/da\/vare\/taten-transportabel-lampe-messingfarve\/#primaryimage"},"thumbnailUrl":"https:\/\/hubsch-interior.com\/wp-content\/uploads\/2026\/02\/taten-portable-lamp-brass-ba89c07833ebf01edb572bda547ba873.jpg","datePublished":"2026-01-31T04:04:14+00:00","dateModified":"2026-04-06T03:07:42+00:00","description":"Skab et bl\u00f8dt sk\u00e6r, der varer ved l\u00e6nge efter solnedgang. Taten Transportabel Lampe i br\u00e6ndt messing tilf\u00f8rer varme og elegance til dit sommerbord med sin","breadcrumb":{"@id":"https:\/\/hubsch-interior.com\/da\/vare\/taten-transportabel-lampe-messingfarve\/#breadcrumb"},"inLanguage":"da-DK","potentialAction":[{"@type":"ReadAction","target":["https:\/\/hubsch-interior.com\/da\/vare\/taten-transportabel-lampe-messingfarve\/"]}]},{"@type":"ImageObject","inLanguage":"da-DK","@id":"https:\/\/hubsch-interior.com\/da\/vare\/taten-transportabel-lampe-messingfarve\/#primaryimage","url":"https:\/\/hubsch-interior.com\/wp-content\/uploads\/2026\/02\/taten-portable-lamp-brass-ba89c07833ebf01edb572bda547ba873.jpg","contentUrl":"https:\/\/hubsch-interior.com\/wp-content\/uploads\/2026\/02\/taten-portable-lamp-brass-ba89c07833ebf01edb572bda547ba873.jpg","width":1024,"height":1024},{"@type":"BreadcrumbList","@id":"https:\/\/hubsch-interior.com\/da\/vare\/taten-transportabel-lampe-messingfarve\/#breadcrumb","itemListElement":[{"@type":"ListItem","position":1,"name":"Forside","item":"https:\/\/hubsch-interior.com\/da\/"},{"@type":"ListItem","position":2,"name":"Produkter","item":"https:\/\/hubsch-interior.com\/da\/produkter\/"},{"@type":"ListItem","position":3,"name":"Taten Transportabel Lampe Messingfarve"}]},{"@type":"WebSite","@id":"https:\/\/hubsch-interior.com\/da\/#website","url":"https:\/\/hubsch-interior.com\/da\/","name":"H\u00fcbsch","description":"Danish Home Interior and Design","publisher":{"@id":"https:\/\/hubsch-interior.com\/da\/#organization"},"potentialAction":[{"@type":"SearchAction","target":{"@type":"EntryPoint","urlTemplate":"https:\/\/hubsch-interior.com\/da\/?s={search_term_string}"},"query-input":{"@type":"PropertyValueSpecification","valueRequired":true,"valueName":"search_term_string"}}],"inLanguage":"da-DK"},{"@type":"Organization","@id":"https:\/\/hubsch-interior.com\/da\/#organization","name":"H\u00fcbsch","url":"https:\/\/hubsch-interior.com\/da\/","logo":{"@type":"ImageObject","inLanguage":"da-DK","@id":"https:\/\/hubsch-interior.com\/da\/#\/schema\/logo\/image\/","url":"https:\/\/hubsch-interior.com\/wp-content\/uploads\/2022\/12\/Hubsch_logo_black_one_line.svg","contentUrl":"https:\/\/hubsch-interior.com\/wp-content\/uploads\/2022\/12\/Hubsch_logo_black_one_line.svg","caption":"H\u00fcbsch"},"image":{"@id":"https:\/\/hubsch-interior.com\/da\/#\/schema\/logo\/image\/"}}]}},"_links":{"self":[{"href":"https:\/\/hubsch-interior.com\/da\/wp-json\/wp\/v2\/product\/1088795","targetHints":{"allow":["GET"]}}],"collection":[{"href":"https:\/\/hubsch-interior.com\/da\/wp-json\/wp\/v2\/product"}],"about":[{"href":"https:\/\/hubsch-interior.com\/da\/wp-json\/wp\/v2\/types\/product"}],"wp:featuredmedia":[{"embeddable":true,"href":"https:\/\/hubsch-interior.com\/da\/wp-json\/wp\/v2\/media\/1108490"}],"wp:attachment":[{"href":"https:\/\/hubsch-interior.com\/da\/wp-json\/wp\/v2\/media?parent=1088795"}],"wp:term":[{"taxonomy":"product_brand","embeddable":true,"href":"https:\/\/hubsch-interior.com\/da\/wp-json\/wp\/v2\/product_brand?post=1088795"},{"taxonomy":"product_cat","embeddable":true,"href":"https:\/\/hubsch-interior.com\/da\/wp-json\/wp\/v2\/product_cat?post=1088795"},{"taxonomy":"product_tag","embeddable":true,"href":"https:\/\/hubsch-interior.com\/da\/wp-json\/wp\/v2\/product_tag?post=1088795"}],"curies":[{"name":"wp","href":"https:\/\/api.w.org\/{rel}","templated":true}]}}