{"id":1088807,"date":"2026-01-31T05:04:27","date_gmt":"2026-01-31T04:04:27","guid":{"rendered":"https:\/\/hubsch-interior.com\/product\/product\/"},"modified":"2026-04-05T05:13:56","modified_gmt":"2026-04-05T03:13:56","slug":"taten-transportabel-lampe-bruneret-messing","status":"publish","type":"product","link":"https:\/\/hubsch-interior.com\/da\/vare\/taten-transportabel-lampe-bruneret-messing\/","title":{"rendered":"Taten Transportabel Lampe Bruneret Messing"},"content":{"rendered":"<p>Lad sommeraftenerne vare lidt l\u00e6ngere. Taten Transportabel Lampe i br\u00e6ndt messing kaster et varmt, gyldent sk\u00e6r \u2014 lige nok til at skabe stemningen uden at tage al opm\u00e6rksomheden. Med sin slanke silhuet og minimale fodaftryk passer den p\u00e6nt p\u00e5 dit bord, og giver plads til samtale og ro. Uanset om det er indend\u00f8rs eller udend\u00f8rs, bringer denne tr\u00e5dl\u00f8se vidunder blid elegance til enhver indstilling. Lad den f\u00f8lge med dig fra skumring til middag, og omdan almindelige n\u00e6tter til gyldne minder.<\/p>\n","protected":false},"excerpt":{"rendered":"<p>Lad sommeraftenerne vare lidt l\u00e6ngere. Taten Transportabel Lampe i br\u00e6ndt messing kaster et varmt, gyldent sk\u00e6r \u2014 lige nok til at skabe stemningen uden at tage al opm\u00e6rksomheden. Med sin slanke silhuet og minimale fodaftryk passer den p\u00e6nt p\u00e5 dit bord, og giver plads til samtale og ro. Uanset om det er indend\u00f8rs eller udend\u00f8rs, [&hellip;]<\/p>\n","protected":false},"featured_media":1108498,"template":"","meta":{"_acf_changed":false,"inline_featured_image":false},"product_brand":[],"product_cat":[7153,6961,3808,5045],"product_tag":[],"class_list":{"0":"post-1088807","1":"product","2":"type-product","3":"status-publish","4":"has-post-thumbnail","6":"product_cat-dweller-da","7":"product_cat-transportable-lamper-da","8":"product_cat-belysning","9":"product_cat-nyheder-da","10":"product_shipping_class-pk","12":"pa_color-bruneret-messing","13":"pa_material-jern-da","14":"pa_material-polycarbonat","16":"first","17":"instock","18":"taxable","19":"shipping-taxable","20":"purchasable","21":"product-type-simple"},"exclude_global_add_ons":[],"addons":[],"acf":[],"yoast_head":"<!-- This site is optimized with the Yoast SEO plugin v26.4 - https:\/\/yoast.com\/wordpress\/plugins\/seo\/ -->\n<title>Taten Transportabel Lampe Bruneret Messing - H\u00fcbsch<\/title>\n<meta name=\"description\" content=\"Lad sommeraftenerne vare lidt l\u00e6ngere. Taten Transportabel Lampe i br\u00e6ndt messing kaster et varmt, gyldent sk\u00e6r \u2014 lige nok til at skabe stemningen uden at\" \/>\n<meta name=\"robots\" content=\"index, follow, max-snippet:-1, max-image-preview:large, max-video-preview:-1\" \/>\n<link rel=\"canonical\" href=\"https:\/\/hubsch-interior.com\/da\/wp-json\/wp\/v2\/product\/1088807\" \/>\n<meta property=\"og:locale\" content=\"da_DK\" \/>\n<meta property=\"og:type\" content=\"article\" \/>\n<meta property=\"og:title\" content=\"Taten Transportabel Lampe Bruneret Messing - H\u00fcbsch\" \/>\n<meta property=\"og:description\" content=\"Lad sommeraftenerne vare lidt l\u00e6ngere. Taten Transportabel Lampe i br\u00e6ndt messing kaster et varmt, gyldent sk\u00e6r \u2014 lige nok til at skabe stemningen uden at\" \/>\n<meta property=\"og:url\" content=\"https:\/\/hubsch-interior.com\/da\/vare\/taten-transportabel-lampe-bruneret-messing\/\" \/>\n<meta property=\"og:site_name\" content=\"H\u00fcbsch\" \/>\n<meta property=\"article:modified_time\" content=\"2026-04-05T03:13:56+00:00\" \/>\n<meta property=\"og:image\" content=\"https:\/\/hubsch-interior.com\/wp-content\/uploads\/2026\/01\/taten-portable-lamp-burnished-brass-d894eae28957849257dcc7504746984f.jpg\" \/>\n\t<meta property=\"og:image:width\" content=\"1200\" \/>\n\t<meta property=\"og:image:height\" content=\"1200\" \/>\n\t<meta property=\"og:image:type\" content=\"image\/jpeg\" \/>\n<meta name=\"twitter:card\" content=\"summary_large_image\" \/>\n<script type=\"application\/ld+json\" class=\"yoast-schema-graph\">{\"@context\":\"https:\/\/schema.org\",\"@graph\":[{\"@type\":\"WebPage\",\"@id\":\"https:\/\/hubsch-interior.com\/da\/vare\/taten-transportabel-lampe-bruneret-messing\/\",\"url\":\"https:\/\/hubsch-interior.com\/da\/vare\/taten-transportabel-lampe-bruneret-messing\/\",\"name\":\"Taten Transportabel Lampe Bruneret Messing - H\u00fcbsch\",\"isPartOf\":{\"@id\":\"https:\/\/hubsch-interior.com\/da\/#website\"},\"primaryImageOfPage\":{\"@id\":\"https:\/\/hubsch-interior.com\/da\/vare\/taten-transportabel-lampe-bruneret-messing\/#primaryimage\"},\"image\":{\"@id\":\"https:\/\/hubsch-interior.com\/da\/vare\/taten-transportabel-lampe-bruneret-messing\/#primaryimage\"},\"thumbnailUrl\":\"https:\/\/hubsch-interior.com\/wp-content\/uploads\/2026\/02\/taten-portable-lamp-burnished-brass-44787716cab89980c74c1b6a6a119bb8.jpg\",\"datePublished\":\"2026-01-31T04:04:27+00:00\",\"dateModified\":\"2026-04-05T03:13:56+00:00\",\"description\":\"Lad sommeraftenerne vare lidt l\u00e6ngere. Taten Transportabel Lampe i br\u00e6ndt messing kaster et varmt, gyldent sk\u00e6r \u2014 lige nok til at skabe stemningen uden at\",\"breadcrumb\":{\"@id\":\"https:\/\/hubsch-interior.com\/da\/vare\/taten-transportabel-lampe-bruneret-messing\/#breadcrumb\"},\"inLanguage\":\"da-DK\",\"potentialAction\":[{\"@type\":\"ReadAction\",\"target\":[\"https:\/\/hubsch-interior.com\/da\/vare\/taten-transportabel-lampe-bruneret-messing\/\"]}]},{\"@type\":\"ImageObject\",\"inLanguage\":\"da-DK\",\"@id\":\"https:\/\/hubsch-interior.com\/da\/vare\/taten-transportabel-lampe-bruneret-messing\/#primaryimage\",\"url\":\"https:\/\/hubsch-interior.com\/wp-content\/uploads\/2026\/02\/taten-portable-lamp-burnished-brass-44787716cab89980c74c1b6a6a119bb8.jpg\",\"contentUrl\":\"https:\/\/hubsch-interior.com\/wp-content\/uploads\/2026\/02\/taten-portable-lamp-burnished-brass-44787716cab89980c74c1b6a6a119bb8.jpg\",\"width\":1024,\"height\":1024},{\"@type\":\"BreadcrumbList\",\"@id\":\"https:\/\/hubsch-interior.com\/da\/vare\/taten-transportabel-lampe-bruneret-messing\/#breadcrumb\",\"itemListElement\":[{\"@type\":\"ListItem\",\"position\":1,\"name\":\"Forside\",\"item\":\"https:\/\/hubsch-interior.com\/da\/\"},{\"@type\":\"ListItem\",\"position\":2,\"name\":\"Produkter\",\"item\":\"https:\/\/hubsch-interior.com\/da\/produkter\/\"},{\"@type\":\"ListItem\",\"position\":3,\"name\":\"Taten Transportabel Lampe Bruneret Messing\"}]},{\"@type\":\"WebSite\",\"@id\":\"https:\/\/hubsch-interior.com\/da\/#website\",\"url\":\"https:\/\/hubsch-interior.com\/da\/\",\"name\":\"H\u00fcbsch\",\"description\":\"Danish Home Interior and Design\",\"publisher\":{\"@id\":\"https:\/\/hubsch-interior.com\/da\/#organization\"},\"potentialAction\":[{\"@type\":\"SearchAction\",\"target\":{\"@type\":\"EntryPoint\",\"urlTemplate\":\"https:\/\/hubsch-interior.com\/da\/?s={search_term_string}\"},\"query-input\":{\"@type\":\"PropertyValueSpecification\",\"valueRequired\":true,\"valueName\":\"search_term_string\"}}],\"inLanguage\":\"da-DK\"},{\"@type\":\"Organization\",\"@id\":\"https:\/\/hubsch-interior.com\/da\/#organization\",\"name\":\"H\u00fcbsch\",\"url\":\"https:\/\/hubsch-interior.com\/da\/\",\"logo\":{\"@type\":\"ImageObject\",\"inLanguage\":\"da-DK\",\"@id\":\"https:\/\/hubsch-interior.com\/da\/#\/schema\/logo\/image\/\",\"url\":\"https:\/\/hubsch-interior.com\/wp-content\/uploads\/2022\/12\/Hubsch_logo_black_one_line.svg\",\"contentUrl\":\"https:\/\/hubsch-interior.com\/wp-content\/uploads\/2022\/12\/Hubsch_logo_black_one_line.svg\",\"caption\":\"H\u00fcbsch\"},\"image\":{\"@id\":\"https:\/\/hubsch-interior.com\/da\/#\/schema\/logo\/image\/\"}}]}<\/script>\n<!-- \/ Yoast SEO plugin. -->","yoast_head_json":{"title":"Taten Transportabel Lampe Bruneret Messing - H\u00fcbsch","description":"Lad sommeraftenerne vare lidt l\u00e6ngere. Taten Transportabel Lampe i br\u00e6ndt messing kaster et varmt, gyldent sk\u00e6r \u2014 lige nok til at skabe stemningen uden at","robots":{"index":"index","follow":"follow","max-snippet":"max-snippet:-1","max-image-preview":"max-image-preview:large","max-video-preview":"max-video-preview:-1"},"canonical":"https:\/\/hubsch-interior.com\/da\/wp-json\/wp\/v2\/product\/1088807","og_locale":"da_DK","og_type":"article","og_title":"Taten Transportabel Lampe Bruneret Messing - H\u00fcbsch","og_description":"Lad sommeraftenerne vare lidt l\u00e6ngere. Taten Transportabel Lampe i br\u00e6ndt messing kaster et varmt, gyldent sk\u00e6r \u2014 lige nok til at skabe stemningen uden at","og_url":"https:\/\/hubsch-interior.com\/da\/vare\/taten-transportabel-lampe-bruneret-messing\/","og_site_name":"H\u00fcbsch","article_modified_time":"2026-04-05T03:13:56+00:00","og_image":[{"width":1200,"height":1200,"url":"https:\/\/hubsch-interior.com\/wp-content\/uploads\/2026\/01\/taten-portable-lamp-burnished-brass-d894eae28957849257dcc7504746984f.jpg","type":"image\/jpeg"}],"twitter_card":"summary_large_image","schema":{"@context":"https:\/\/schema.org","@graph":[{"@type":"WebPage","@id":"https:\/\/hubsch-interior.com\/da\/vare\/taten-transportabel-lampe-bruneret-messing\/","url":"https:\/\/hubsch-interior.com\/da\/vare\/taten-transportabel-lampe-bruneret-messing\/","name":"Taten Transportabel Lampe Bruneret Messing - H\u00fcbsch","isPartOf":{"@id":"https:\/\/hubsch-interior.com\/da\/#website"},"primaryImageOfPage":{"@id":"https:\/\/hubsch-interior.com\/da\/vare\/taten-transportabel-lampe-bruneret-messing\/#primaryimage"},"image":{"@id":"https:\/\/hubsch-interior.com\/da\/vare\/taten-transportabel-lampe-bruneret-messing\/#primaryimage"},"thumbnailUrl":"https:\/\/hubsch-interior.com\/wp-content\/uploads\/2026\/02\/taten-portable-lamp-burnished-brass-44787716cab89980c74c1b6a6a119bb8.jpg","datePublished":"2026-01-31T04:04:27+00:00","dateModified":"2026-04-05T03:13:56+00:00","description":"Lad sommeraftenerne vare lidt l\u00e6ngere. Taten Transportabel Lampe i br\u00e6ndt messing kaster et varmt, gyldent sk\u00e6r \u2014 lige nok til at skabe stemningen uden at","breadcrumb":{"@id":"https:\/\/hubsch-interior.com\/da\/vare\/taten-transportabel-lampe-bruneret-messing\/#breadcrumb"},"inLanguage":"da-DK","potentialAction":[{"@type":"ReadAction","target":["https:\/\/hubsch-interior.com\/da\/vare\/taten-transportabel-lampe-bruneret-messing\/"]}]},{"@type":"ImageObject","inLanguage":"da-DK","@id":"https:\/\/hubsch-interior.com\/da\/vare\/taten-transportabel-lampe-bruneret-messing\/#primaryimage","url":"https:\/\/hubsch-interior.com\/wp-content\/uploads\/2026\/02\/taten-portable-lamp-burnished-brass-44787716cab89980c74c1b6a6a119bb8.jpg","contentUrl":"https:\/\/hubsch-interior.com\/wp-content\/uploads\/2026\/02\/taten-portable-lamp-burnished-brass-44787716cab89980c74c1b6a6a119bb8.jpg","width":1024,"height":1024},{"@type":"BreadcrumbList","@id":"https:\/\/hubsch-interior.com\/da\/vare\/taten-transportabel-lampe-bruneret-messing\/#breadcrumb","itemListElement":[{"@type":"ListItem","position":1,"name":"Forside","item":"https:\/\/hubsch-interior.com\/da\/"},{"@type":"ListItem","position":2,"name":"Produkter","item":"https:\/\/hubsch-interior.com\/da\/produkter\/"},{"@type":"ListItem","position":3,"name":"Taten Transportabel Lampe Bruneret Messing"}]},{"@type":"WebSite","@id":"https:\/\/hubsch-interior.com\/da\/#website","url":"https:\/\/hubsch-interior.com\/da\/","name":"H\u00fcbsch","description":"Danish Home Interior and Design","publisher":{"@id":"https:\/\/hubsch-interior.com\/da\/#organization"},"potentialAction":[{"@type":"SearchAction","target":{"@type":"EntryPoint","urlTemplate":"https:\/\/hubsch-interior.com\/da\/?s={search_term_string}"},"query-input":{"@type":"PropertyValueSpecification","valueRequired":true,"valueName":"search_term_string"}}],"inLanguage":"da-DK"},{"@type":"Organization","@id":"https:\/\/hubsch-interior.com\/da\/#organization","name":"H\u00fcbsch","url":"https:\/\/hubsch-interior.com\/da\/","logo":{"@type":"ImageObject","inLanguage":"da-DK","@id":"https:\/\/hubsch-interior.com\/da\/#\/schema\/logo\/image\/","url":"https:\/\/hubsch-interior.com\/wp-content\/uploads\/2022\/12\/Hubsch_logo_black_one_line.svg","contentUrl":"https:\/\/hubsch-interior.com\/wp-content\/uploads\/2022\/12\/Hubsch_logo_black_one_line.svg","caption":"H\u00fcbsch"},"image":{"@id":"https:\/\/hubsch-interior.com\/da\/#\/schema\/logo\/image\/"}}]}},"_links":{"self":[{"href":"https:\/\/hubsch-interior.com\/da\/wp-json\/wp\/v2\/product\/1088807","targetHints":{"allow":["GET"]}}],"collection":[{"href":"https:\/\/hubsch-interior.com\/da\/wp-json\/wp\/v2\/product"}],"about":[{"href":"https:\/\/hubsch-interior.com\/da\/wp-json\/wp\/v2\/types\/product"}],"wp:featuredmedia":[{"embeddable":true,"href":"https:\/\/hubsch-interior.com\/da\/wp-json\/wp\/v2\/media\/1108498"}],"wp:attachment":[{"href":"https:\/\/hubsch-interior.com\/da\/wp-json\/wp\/v2\/media?parent=1088807"}],"wp:term":[{"taxonomy":"product_brand","embeddable":true,"href":"https:\/\/hubsch-interior.com\/da\/wp-json\/wp\/v2\/product_brand?post=1088807"},{"taxonomy":"product_cat","embeddable":true,"href":"https:\/\/hubsch-interior.com\/da\/wp-json\/wp\/v2\/product_cat?post=1088807"},{"taxonomy":"product_tag","embeddable":true,"href":"https:\/\/hubsch-interior.com\/da\/wp-json\/wp\/v2\/product_tag?post=1088807"}],"curies":[{"name":"wp","href":"https:\/\/api.w.org\/{rel}","templated":true}]}}