{"id":1088831,"date":"2026-01-31T05:20:57","date_gmt":"2026-01-31T04:20:57","guid":{"rendered":"https:\/\/hubsch-interior.com\/product\/product\/"},"modified":"2026-04-05T05:23:30","modified_gmt":"2026-04-05T03:23:30","slug":"maru-potte-small-bla-brun-saet-af-2","status":"publish","type":"product","link":"https:\/\/hubsch-interior.com\/da\/vare\/maru-potte-small-bla-brun-saet-af-2\/","title":{"rendered":"Maru Potte Small Bl\u00e5\/Brun (s\u00e6t af 2)"},"content":{"rendered":"<p>Charmerende, glansfuld og fyldt med karakter. Maru Potte i bl\u00e5t og brunt tilf\u00f8rer et strejf af retro elegance til dit hjem med sine rige farver og bl\u00f8dt afrundede silhuet. Den h\u00f8jglansede glasur fremh\u00e6ver kurverne smukt, hvilket g\u00f8r denne potte lige s\u00e5 i\u00f8jnefaldende alene som den er sammen med dine yndlingsplanter. Tilg\u00e6ngelig i to delikate farvesammens\u00e6tninger tilf\u00f8jer Maru Potte en dristig, dekorativ drejning til enhver hylde, sidebord eller solrig vindueskarm.<\/p>\n","protected":false},"excerpt":{"rendered":"<p>Charmerende, glansfuld og fyldt med karakter. Maru Potte i bl\u00e5t og brunt tilf\u00f8rer et strejf af retro elegance til dit hjem med sine rige farver og bl\u00f8dt afrundede silhuet. Den h\u00f8jglansede glasur fremh\u00e6ver kurverne smukt, hvilket g\u00f8r denne potte lige s\u00e5 i\u00f8jnefaldende alene som den er sammen med dine yndlingsplanter. Tilg\u00e6ngelig i to delikate farvesammens\u00e6tninger [&hellip;]<\/p>\n","protected":false},"featured_media":1111323,"template":"","meta":{"_acf_changed":false,"inline_featured_image":false},"product_brand":[],"product_cat":[7153,4912,4923,5025,5045],"product_tag":[],"class_list":{"0":"post-1088831","1":"product","2":"type-product","3":"status-publish","4":"has-post-thumbnail","6":"product_cat-dweller-da","7":"product_cat-potter-vandkander-da","8":"product_cat-potteskjulere-da","9":"product_cat-bestsellers-da","10":"product_cat-nyheder-da","11":"product_shipping_class-pk","13":"pa_color-brun","14":"pa_color-bl","15":"pa_material-jern-da","17":"first","18":"instock","19":"featured","20":"taxable","21":"shipping-taxable","22":"purchasable","23":"product-type-simple"},"exclude_global_add_ons":[],"addons":[],"acf":[],"yoast_head":"<!-- This site is optimized with the Yoast SEO plugin v26.4 - https:\/\/yoast.com\/wordpress\/plugins\/seo\/ -->\n<title>Maru Potte Small Bl\u00e5\/Brun (s\u00e6t af 2) - H\u00fcbsch<\/title>\n<meta name=\"description\" content=\"Charmerende, glansfuld og fyldt med karakter. Maru Potte i bl\u00e5t og brunt tilf\u00f8rer et strejf af retro elegance til dit hjem med sine rige farver og bl\u00f8dt\" \/>\n<meta name=\"robots\" content=\"index, follow, max-snippet:-1, max-image-preview:large, max-video-preview:-1\" \/>\n<link rel=\"canonical\" href=\"https:\/\/hubsch-interior.com\/da\/wp-json\/wp\/v2\/product\/1088831\" \/>\n<meta property=\"og:locale\" content=\"da_DK\" \/>\n<meta property=\"og:type\" content=\"article\" \/>\n<meta property=\"og:title\" content=\"Maru Potte Small Bl\u00e5\/Brun (s\u00e6t af 2) - H\u00fcbsch\" \/>\n<meta property=\"og:description\" content=\"Charmerende, glansfuld og fyldt med karakter. Maru Potte i bl\u00e5t og brunt tilf\u00f8rer et strejf af retro elegance til dit hjem med sine rige farver og bl\u00f8dt\" \/>\n<meta property=\"og:url\" content=\"https:\/\/hubsch-interior.com\/da\/vare\/maru-potte-small-bla-brun-saet-af-2\/\" \/>\n<meta property=\"og:site_name\" content=\"H\u00fcbsch\" \/>\n<meta property=\"article:modified_time\" content=\"2026-04-05T03:23:30+00:00\" \/>\n<meta property=\"og:image\" content=\"https:\/\/hubsch-interior.com\/wp-content\/uploads\/2026\/01\/maru-pots-small-bluebrown-set-of-2-e1ddc3910a733ab0a4df2007ce10e8e8.jpg\" \/>\n\t<meta property=\"og:image:width\" content=\"1200\" \/>\n\t<meta property=\"og:image:height\" content=\"1200\" \/>\n\t<meta property=\"og:image:type\" content=\"image\/jpeg\" \/>\n<meta name=\"twitter:card\" content=\"summary_large_image\" \/>\n<script type=\"application\/ld+json\" class=\"yoast-schema-graph\">{\"@context\":\"https:\/\/schema.org\",\"@graph\":[{\"@type\":\"WebPage\",\"@id\":\"https:\/\/hubsch-interior.com\/da\/vare\/maru-potte-small-bla-brun-saet-af-2\/\",\"url\":\"https:\/\/hubsch-interior.com\/da\/vare\/maru-potte-small-bla-brun-saet-af-2\/\",\"name\":\"Maru Potte Small Bl\u00e5\/Brun (s\u00e6t af 2) - H\u00fcbsch\",\"isPartOf\":{\"@id\":\"https:\/\/hubsch-interior.com\/da\/#website\"},\"primaryImageOfPage\":{\"@id\":\"https:\/\/hubsch-interior.com\/da\/vare\/maru-potte-small-bla-brun-saet-af-2\/#primaryimage\"},\"image\":{\"@id\":\"https:\/\/hubsch-interior.com\/da\/vare\/maru-potte-small-bla-brun-saet-af-2\/#primaryimage\"},\"thumbnailUrl\":\"https:\/\/hubsch-interior.com\/wp-content\/uploads\/2026\/02\/maru-pots-small-bluebrown-set-of-2-4b48967dcce5f26a53e4e8f649787ad3.jpg\",\"datePublished\":\"2026-01-31T04:20:57+00:00\",\"dateModified\":\"2026-04-05T03:23:30+00:00\",\"description\":\"Charmerende, glansfuld og fyldt med karakter. Maru Potte i bl\u00e5t og brunt tilf\u00f8rer et strejf af retro elegance til dit hjem med sine rige farver og bl\u00f8dt\",\"breadcrumb\":{\"@id\":\"https:\/\/hubsch-interior.com\/da\/vare\/maru-potte-small-bla-brun-saet-af-2\/#breadcrumb\"},\"inLanguage\":\"da-DK\",\"potentialAction\":[{\"@type\":\"ReadAction\",\"target\":[\"https:\/\/hubsch-interior.com\/da\/vare\/maru-potte-small-bla-brun-saet-af-2\/\"]}]},{\"@type\":\"ImageObject\",\"inLanguage\":\"da-DK\",\"@id\":\"https:\/\/hubsch-interior.com\/da\/vare\/maru-potte-small-bla-brun-saet-af-2\/#primaryimage\",\"url\":\"https:\/\/hubsch-interior.com\/wp-content\/uploads\/2026\/02\/maru-pots-small-bluebrown-set-of-2-4b48967dcce5f26a53e4e8f649787ad3.jpg\",\"contentUrl\":\"https:\/\/hubsch-interior.com\/wp-content\/uploads\/2026\/02\/maru-pots-small-bluebrown-set-of-2-4b48967dcce5f26a53e4e8f649787ad3.jpg\",\"width\":1024,\"height\":1024},{\"@type\":\"BreadcrumbList\",\"@id\":\"https:\/\/hubsch-interior.com\/da\/vare\/maru-potte-small-bla-brun-saet-af-2\/#breadcrumb\",\"itemListElement\":[{\"@type\":\"ListItem\",\"position\":1,\"name\":\"Forside\",\"item\":\"https:\/\/hubsch-interior.com\/da\/\"},{\"@type\":\"ListItem\",\"position\":2,\"name\":\"Produkter\",\"item\":\"https:\/\/hubsch-interior.com\/da\/produkter\/\"},{\"@type\":\"ListItem\",\"position\":3,\"name\":\"Maru Potte Small Bl\u00e5\/Brun (s\u00e6t af 2)\"}]},{\"@type\":\"WebSite\",\"@id\":\"https:\/\/hubsch-interior.com\/da\/#website\",\"url\":\"https:\/\/hubsch-interior.com\/da\/\",\"name\":\"H\u00fcbsch\",\"description\":\"Danish Home Interior and Design\",\"publisher\":{\"@id\":\"https:\/\/hubsch-interior.com\/da\/#organization\"},\"potentialAction\":[{\"@type\":\"SearchAction\",\"target\":{\"@type\":\"EntryPoint\",\"urlTemplate\":\"https:\/\/hubsch-interior.com\/da\/?s={search_term_string}\"},\"query-input\":{\"@type\":\"PropertyValueSpecification\",\"valueRequired\":true,\"valueName\":\"search_term_string\"}}],\"inLanguage\":\"da-DK\"},{\"@type\":\"Organization\",\"@id\":\"https:\/\/hubsch-interior.com\/da\/#organization\",\"name\":\"H\u00fcbsch\",\"url\":\"https:\/\/hubsch-interior.com\/da\/\",\"logo\":{\"@type\":\"ImageObject\",\"inLanguage\":\"da-DK\",\"@id\":\"https:\/\/hubsch-interior.com\/da\/#\/schema\/logo\/image\/\",\"url\":\"https:\/\/hubsch-interior.com\/wp-content\/uploads\/2022\/12\/Hubsch_logo_black_one_line.svg\",\"contentUrl\":\"https:\/\/hubsch-interior.com\/wp-content\/uploads\/2022\/12\/Hubsch_logo_black_one_line.svg\",\"caption\":\"H\u00fcbsch\"},\"image\":{\"@id\":\"https:\/\/hubsch-interior.com\/da\/#\/schema\/logo\/image\/\"}}]}<\/script>\n<!-- \/ Yoast SEO plugin. -->","yoast_head_json":{"title":"Maru Potte Small Bl\u00e5\/Brun (s\u00e6t af 2) - H\u00fcbsch","description":"Charmerende, glansfuld og fyldt med karakter. Maru Potte i bl\u00e5t og brunt tilf\u00f8rer et strejf af retro elegance til dit hjem med sine rige farver og bl\u00f8dt","robots":{"index":"index","follow":"follow","max-snippet":"max-snippet:-1","max-image-preview":"max-image-preview:large","max-video-preview":"max-video-preview:-1"},"canonical":"https:\/\/hubsch-interior.com\/da\/wp-json\/wp\/v2\/product\/1088831","og_locale":"da_DK","og_type":"article","og_title":"Maru Potte Small Bl\u00e5\/Brun (s\u00e6t af 2) - H\u00fcbsch","og_description":"Charmerende, glansfuld og fyldt med karakter. Maru Potte i bl\u00e5t og brunt tilf\u00f8rer et strejf af retro elegance til dit hjem med sine rige farver og bl\u00f8dt","og_url":"https:\/\/hubsch-interior.com\/da\/vare\/maru-potte-small-bla-brun-saet-af-2\/","og_site_name":"H\u00fcbsch","article_modified_time":"2026-04-05T03:23:30+00:00","og_image":[{"width":1200,"height":1200,"url":"https:\/\/hubsch-interior.com\/wp-content\/uploads\/2026\/01\/maru-pots-small-bluebrown-set-of-2-e1ddc3910a733ab0a4df2007ce10e8e8.jpg","type":"image\/jpeg"}],"twitter_card":"summary_large_image","schema":{"@context":"https:\/\/schema.org","@graph":[{"@type":"WebPage","@id":"https:\/\/hubsch-interior.com\/da\/vare\/maru-potte-small-bla-brun-saet-af-2\/","url":"https:\/\/hubsch-interior.com\/da\/vare\/maru-potte-small-bla-brun-saet-af-2\/","name":"Maru Potte Small Bl\u00e5\/Brun (s\u00e6t af 2) - H\u00fcbsch","isPartOf":{"@id":"https:\/\/hubsch-interior.com\/da\/#website"},"primaryImageOfPage":{"@id":"https:\/\/hubsch-interior.com\/da\/vare\/maru-potte-small-bla-brun-saet-af-2\/#primaryimage"},"image":{"@id":"https:\/\/hubsch-interior.com\/da\/vare\/maru-potte-small-bla-brun-saet-af-2\/#primaryimage"},"thumbnailUrl":"https:\/\/hubsch-interior.com\/wp-content\/uploads\/2026\/02\/maru-pots-small-bluebrown-set-of-2-4b48967dcce5f26a53e4e8f649787ad3.jpg","datePublished":"2026-01-31T04:20:57+00:00","dateModified":"2026-04-05T03:23:30+00:00","description":"Charmerende, glansfuld og fyldt med karakter. Maru Potte i bl\u00e5t og brunt tilf\u00f8rer et strejf af retro elegance til dit hjem med sine rige farver og bl\u00f8dt","breadcrumb":{"@id":"https:\/\/hubsch-interior.com\/da\/vare\/maru-potte-small-bla-brun-saet-af-2\/#breadcrumb"},"inLanguage":"da-DK","potentialAction":[{"@type":"ReadAction","target":["https:\/\/hubsch-interior.com\/da\/vare\/maru-potte-small-bla-brun-saet-af-2\/"]}]},{"@type":"ImageObject","inLanguage":"da-DK","@id":"https:\/\/hubsch-interior.com\/da\/vare\/maru-potte-small-bla-brun-saet-af-2\/#primaryimage","url":"https:\/\/hubsch-interior.com\/wp-content\/uploads\/2026\/02\/maru-pots-small-bluebrown-set-of-2-4b48967dcce5f26a53e4e8f649787ad3.jpg","contentUrl":"https:\/\/hubsch-interior.com\/wp-content\/uploads\/2026\/02\/maru-pots-small-bluebrown-set-of-2-4b48967dcce5f26a53e4e8f649787ad3.jpg","width":1024,"height":1024},{"@type":"BreadcrumbList","@id":"https:\/\/hubsch-interior.com\/da\/vare\/maru-potte-small-bla-brun-saet-af-2\/#breadcrumb","itemListElement":[{"@type":"ListItem","position":1,"name":"Forside","item":"https:\/\/hubsch-interior.com\/da\/"},{"@type":"ListItem","position":2,"name":"Produkter","item":"https:\/\/hubsch-interior.com\/da\/produkter\/"},{"@type":"ListItem","position":3,"name":"Maru Potte Small Bl\u00e5\/Brun (s\u00e6t af 2)"}]},{"@type":"WebSite","@id":"https:\/\/hubsch-interior.com\/da\/#website","url":"https:\/\/hubsch-interior.com\/da\/","name":"H\u00fcbsch","description":"Danish Home Interior and Design","publisher":{"@id":"https:\/\/hubsch-interior.com\/da\/#organization"},"potentialAction":[{"@type":"SearchAction","target":{"@type":"EntryPoint","urlTemplate":"https:\/\/hubsch-interior.com\/da\/?s={search_term_string}"},"query-input":{"@type":"PropertyValueSpecification","valueRequired":true,"valueName":"search_term_string"}}],"inLanguage":"da-DK"},{"@type":"Organization","@id":"https:\/\/hubsch-interior.com\/da\/#organization","name":"H\u00fcbsch","url":"https:\/\/hubsch-interior.com\/da\/","logo":{"@type":"ImageObject","inLanguage":"da-DK","@id":"https:\/\/hubsch-interior.com\/da\/#\/schema\/logo\/image\/","url":"https:\/\/hubsch-interior.com\/wp-content\/uploads\/2022\/12\/Hubsch_logo_black_one_line.svg","contentUrl":"https:\/\/hubsch-interior.com\/wp-content\/uploads\/2022\/12\/Hubsch_logo_black_one_line.svg","caption":"H\u00fcbsch"},"image":{"@id":"https:\/\/hubsch-interior.com\/da\/#\/schema\/logo\/image\/"}}]}},"_links":{"self":[{"href":"https:\/\/hubsch-interior.com\/da\/wp-json\/wp\/v2\/product\/1088831","targetHints":{"allow":["GET"]}}],"collection":[{"href":"https:\/\/hubsch-interior.com\/da\/wp-json\/wp\/v2\/product"}],"about":[{"href":"https:\/\/hubsch-interior.com\/da\/wp-json\/wp\/v2\/types\/product"}],"wp:featuredmedia":[{"embeddable":true,"href":"https:\/\/hubsch-interior.com\/da\/wp-json\/wp\/v2\/media\/1111323"}],"wp:attachment":[{"href":"https:\/\/hubsch-interior.com\/da\/wp-json\/wp\/v2\/media?parent=1088831"}],"wp:term":[{"taxonomy":"product_brand","embeddable":true,"href":"https:\/\/hubsch-interior.com\/da\/wp-json\/wp\/v2\/product_brand?post=1088831"},{"taxonomy":"product_cat","embeddable":true,"href":"https:\/\/hubsch-interior.com\/da\/wp-json\/wp\/v2\/product_cat?post=1088831"},{"taxonomy":"product_tag","embeddable":true,"href":"https:\/\/hubsch-interior.com\/da\/wp-json\/wp\/v2\/product_tag?post=1088831"}],"curies":[{"name":"wp","href":"https:\/\/api.w.org\/{rel}","templated":true}]}}