{"id":1088851,"date":"2026-01-31T05:21:09","date_gmt":"2026-01-31T04:21:09","guid":{"rendered":"https:\/\/hubsch-interior.com\/product\/product\/"},"modified":"2026-04-05T05:23:34","modified_gmt":"2026-04-05T03:23:34","slug":"maru-potte-large-lysegron-saet-af-2","status":"publish","type":"product","link":"https:\/\/hubsch-interior.com\/da\/vare\/maru-potte-large-lysegron-saet-af-2\/","title":{"rendered":"Maru Potte Large Lysegr\u00f8n (s\u00e6t af 2)"},"content":{"rendered":"<p>Bl\u00f8de kurver, skinnende glasur og et strejf af ro. Maru Potte i lys gr\u00f8n tilf\u00f8jer et blidt farvespil med et retro twist, smukt udf\u00f8rt i blank keramik, der reflekterer lyset helt rigtigt. Dens afrundede form fanger \u00f8jet fra enhver vinkel, hvilket g\u00f8r den til en dejlig f\u00f8lgesvend for husplanter eller som en skulpturel accent i sig selv. Tilg\u00e6ngelig i to delikate farvekombinationer, bringer Maru Potte stille dynamik og glad form til dine yndlingskroge og l\u00f8vfyldte hj\u00f8rner.<\/p>\n","protected":false},"excerpt":{"rendered":"<p>Bl\u00f8de kurver, skinnende glasur og et strejf af ro. Maru Potte i lys gr\u00f8n tilf\u00f8jer et blidt farvespil med et retro twist, smukt udf\u00f8rt i blank keramik, der reflekterer lyset helt rigtigt. Dens afrundede form fanger \u00f8jet fra enhver vinkel, hvilket g\u00f8r den til en dejlig f\u00f8lgesvend for husplanter eller som en skulpturel accent i [&hellip;]<\/p>\n","protected":false},"featured_media":1111343,"template":"","meta":{"_acf_changed":false,"inline_featured_image":false},"product_brand":[],"product_cat":[7153,4912,4923,5025,5045],"product_tag":[],"class_list":{"0":"post-1088851","1":"product","2":"type-product","3":"status-publish","4":"has-post-thumbnail","6":"product_cat-dweller-da","7":"product_cat-potter-vandkander-da","8":"product_cat-potteskjulere-da","9":"product_cat-bestsellers-da","10":"product_cat-nyheder-da","11":"product_shipping_class-pk","13":"pa_color-lysegrn","14":"pa_material-jern-da","16":"first","17":"instock","18":"featured","19":"taxable","20":"shipping-taxable","21":"purchasable","22":"product-type-simple"},"exclude_global_add_ons":[],"addons":[],"acf":[],"yoast_head":"<!-- This site is optimized with the Yoast SEO plugin v26.4 - https:\/\/yoast.com\/wordpress\/plugins\/seo\/ -->\n<title>Maru Potte Large Lysegr\u00f8n (s\u00e6t af 2) - H\u00fcbsch<\/title>\n<meta name=\"description\" content=\"Bl\u00f8de kurver, skinnende glasur og et strejf af ro. Maru Potte i lys gr\u00f8n tilf\u00f8jer et blidt farvespil med et retro twist, smukt udf\u00f8rt i blank keramik, der\" \/>\n<meta name=\"robots\" content=\"index, follow, max-snippet:-1, max-image-preview:large, max-video-preview:-1\" \/>\n<link rel=\"canonical\" href=\"https:\/\/hubsch-interior.com\/da\/wp-json\/wp\/v2\/product\/1088851\" \/>\n<meta property=\"og:locale\" content=\"da_DK\" \/>\n<meta property=\"og:type\" content=\"article\" \/>\n<meta property=\"og:title\" content=\"Maru Potte Large Lysegr\u00f8n (s\u00e6t af 2) - H\u00fcbsch\" \/>\n<meta property=\"og:description\" content=\"Bl\u00f8de kurver, skinnende glasur og et strejf af ro. Maru Potte i lys gr\u00f8n tilf\u00f8jer et blidt farvespil med et retro twist, smukt udf\u00f8rt i blank keramik, der\" \/>\n<meta property=\"og:url\" content=\"https:\/\/hubsch-interior.com\/da\/vare\/maru-potte-large-lysegron-saet-af-2\/\" \/>\n<meta property=\"og:site_name\" content=\"H\u00fcbsch\" \/>\n<meta property=\"article:modified_time\" content=\"2026-04-05T03:23:34+00:00\" \/>\n<meta property=\"og:image\" content=\"https:\/\/hubsch-interior.com\/wp-content\/uploads\/2026\/01\/maru-pots-large-light-green-set-of-2-f4667e1afdea9ce93cf098939492cf47.jpg\" \/>\n\t<meta property=\"og:image:width\" content=\"1200\" \/>\n\t<meta property=\"og:image:height\" content=\"1200\" \/>\n\t<meta property=\"og:image:type\" content=\"image\/jpeg\" \/>\n<meta name=\"twitter:card\" content=\"summary_large_image\" \/>\n<script type=\"application\/ld+json\" class=\"yoast-schema-graph\">{\"@context\":\"https:\/\/schema.org\",\"@graph\":[{\"@type\":\"WebPage\",\"@id\":\"https:\/\/hubsch-interior.com\/da\/vare\/maru-potte-large-lysegron-saet-af-2\/\",\"url\":\"https:\/\/hubsch-interior.com\/da\/vare\/maru-potte-large-lysegron-saet-af-2\/\",\"name\":\"Maru Potte Large Lysegr\u00f8n (s\u00e6t af 2) - H\u00fcbsch\",\"isPartOf\":{\"@id\":\"https:\/\/hubsch-interior.com\/da\/#website\"},\"primaryImageOfPage\":{\"@id\":\"https:\/\/hubsch-interior.com\/da\/vare\/maru-potte-large-lysegron-saet-af-2\/#primaryimage\"},\"image\":{\"@id\":\"https:\/\/hubsch-interior.com\/da\/vare\/maru-potte-large-lysegron-saet-af-2\/#primaryimage\"},\"thumbnailUrl\":\"https:\/\/hubsch-interior.com\/wp-content\/uploads\/2026\/02\/maru-pots-large-light-green-set-of-2-0f5c1a45f790634ce70779b09aa7243c.jpg\",\"datePublished\":\"2026-01-31T04:21:09+00:00\",\"dateModified\":\"2026-04-05T03:23:34+00:00\",\"description\":\"Bl\u00f8de kurver, skinnende glasur og et strejf af ro. Maru Potte i lys gr\u00f8n tilf\u00f8jer et blidt farvespil med et retro twist, smukt udf\u00f8rt i blank keramik, der\",\"breadcrumb\":{\"@id\":\"https:\/\/hubsch-interior.com\/da\/vare\/maru-potte-large-lysegron-saet-af-2\/#breadcrumb\"},\"inLanguage\":\"da-DK\",\"potentialAction\":[{\"@type\":\"ReadAction\",\"target\":[\"https:\/\/hubsch-interior.com\/da\/vare\/maru-potte-large-lysegron-saet-af-2\/\"]}]},{\"@type\":\"ImageObject\",\"inLanguage\":\"da-DK\",\"@id\":\"https:\/\/hubsch-interior.com\/da\/vare\/maru-potte-large-lysegron-saet-af-2\/#primaryimage\",\"url\":\"https:\/\/hubsch-interior.com\/wp-content\/uploads\/2026\/02\/maru-pots-large-light-green-set-of-2-0f5c1a45f790634ce70779b09aa7243c.jpg\",\"contentUrl\":\"https:\/\/hubsch-interior.com\/wp-content\/uploads\/2026\/02\/maru-pots-large-light-green-set-of-2-0f5c1a45f790634ce70779b09aa7243c.jpg\",\"width\":1024,\"height\":1024},{\"@type\":\"BreadcrumbList\",\"@id\":\"https:\/\/hubsch-interior.com\/da\/vare\/maru-potte-large-lysegron-saet-af-2\/#breadcrumb\",\"itemListElement\":[{\"@type\":\"ListItem\",\"position\":1,\"name\":\"Forside\",\"item\":\"https:\/\/hubsch-interior.com\/da\/\"},{\"@type\":\"ListItem\",\"position\":2,\"name\":\"Produkter\",\"item\":\"https:\/\/hubsch-interior.com\/da\/produkter\/\"},{\"@type\":\"ListItem\",\"position\":3,\"name\":\"Maru Potte Large Lysegr\u00f8n (s\u00e6t af 2)\"}]},{\"@type\":\"WebSite\",\"@id\":\"https:\/\/hubsch-interior.com\/da\/#website\",\"url\":\"https:\/\/hubsch-interior.com\/da\/\",\"name\":\"H\u00fcbsch\",\"description\":\"Danish Home Interior and Design\",\"publisher\":{\"@id\":\"https:\/\/hubsch-interior.com\/da\/#organization\"},\"potentialAction\":[{\"@type\":\"SearchAction\",\"target\":{\"@type\":\"EntryPoint\",\"urlTemplate\":\"https:\/\/hubsch-interior.com\/da\/?s={search_term_string}\"},\"query-input\":{\"@type\":\"PropertyValueSpecification\",\"valueRequired\":true,\"valueName\":\"search_term_string\"}}],\"inLanguage\":\"da-DK\"},{\"@type\":\"Organization\",\"@id\":\"https:\/\/hubsch-interior.com\/da\/#organization\",\"name\":\"H\u00fcbsch\",\"url\":\"https:\/\/hubsch-interior.com\/da\/\",\"logo\":{\"@type\":\"ImageObject\",\"inLanguage\":\"da-DK\",\"@id\":\"https:\/\/hubsch-interior.com\/da\/#\/schema\/logo\/image\/\",\"url\":\"https:\/\/hubsch-interior.com\/wp-content\/uploads\/2022\/12\/Hubsch_logo_black_one_line.svg\",\"contentUrl\":\"https:\/\/hubsch-interior.com\/wp-content\/uploads\/2022\/12\/Hubsch_logo_black_one_line.svg\",\"caption\":\"H\u00fcbsch\"},\"image\":{\"@id\":\"https:\/\/hubsch-interior.com\/da\/#\/schema\/logo\/image\/\"}}]}<\/script>\n<!-- \/ Yoast SEO plugin. -->","yoast_head_json":{"title":"Maru Potte Large Lysegr\u00f8n (s\u00e6t af 2) - H\u00fcbsch","description":"Bl\u00f8de kurver, skinnende glasur og et strejf af ro. Maru Potte i lys gr\u00f8n tilf\u00f8jer et blidt farvespil med et retro twist, smukt udf\u00f8rt i blank keramik, der","robots":{"index":"index","follow":"follow","max-snippet":"max-snippet:-1","max-image-preview":"max-image-preview:large","max-video-preview":"max-video-preview:-1"},"canonical":"https:\/\/hubsch-interior.com\/da\/wp-json\/wp\/v2\/product\/1088851","og_locale":"da_DK","og_type":"article","og_title":"Maru Potte Large Lysegr\u00f8n (s\u00e6t af 2) - H\u00fcbsch","og_description":"Bl\u00f8de kurver, skinnende glasur og et strejf af ro. Maru Potte i lys gr\u00f8n tilf\u00f8jer et blidt farvespil med et retro twist, smukt udf\u00f8rt i blank keramik, der","og_url":"https:\/\/hubsch-interior.com\/da\/vare\/maru-potte-large-lysegron-saet-af-2\/","og_site_name":"H\u00fcbsch","article_modified_time":"2026-04-05T03:23:34+00:00","og_image":[{"width":1200,"height":1200,"url":"https:\/\/hubsch-interior.com\/wp-content\/uploads\/2026\/01\/maru-pots-large-light-green-set-of-2-f4667e1afdea9ce93cf098939492cf47.jpg","type":"image\/jpeg"}],"twitter_card":"summary_large_image","schema":{"@context":"https:\/\/schema.org","@graph":[{"@type":"WebPage","@id":"https:\/\/hubsch-interior.com\/da\/vare\/maru-potte-large-lysegron-saet-af-2\/","url":"https:\/\/hubsch-interior.com\/da\/vare\/maru-potte-large-lysegron-saet-af-2\/","name":"Maru Potte Large Lysegr\u00f8n (s\u00e6t af 2) - H\u00fcbsch","isPartOf":{"@id":"https:\/\/hubsch-interior.com\/da\/#website"},"primaryImageOfPage":{"@id":"https:\/\/hubsch-interior.com\/da\/vare\/maru-potte-large-lysegron-saet-af-2\/#primaryimage"},"image":{"@id":"https:\/\/hubsch-interior.com\/da\/vare\/maru-potte-large-lysegron-saet-af-2\/#primaryimage"},"thumbnailUrl":"https:\/\/hubsch-interior.com\/wp-content\/uploads\/2026\/02\/maru-pots-large-light-green-set-of-2-0f5c1a45f790634ce70779b09aa7243c.jpg","datePublished":"2026-01-31T04:21:09+00:00","dateModified":"2026-04-05T03:23:34+00:00","description":"Bl\u00f8de kurver, skinnende glasur og et strejf af ro. Maru Potte i lys gr\u00f8n tilf\u00f8jer et blidt farvespil med et retro twist, smukt udf\u00f8rt i blank keramik, der","breadcrumb":{"@id":"https:\/\/hubsch-interior.com\/da\/vare\/maru-potte-large-lysegron-saet-af-2\/#breadcrumb"},"inLanguage":"da-DK","potentialAction":[{"@type":"ReadAction","target":["https:\/\/hubsch-interior.com\/da\/vare\/maru-potte-large-lysegron-saet-af-2\/"]}]},{"@type":"ImageObject","inLanguage":"da-DK","@id":"https:\/\/hubsch-interior.com\/da\/vare\/maru-potte-large-lysegron-saet-af-2\/#primaryimage","url":"https:\/\/hubsch-interior.com\/wp-content\/uploads\/2026\/02\/maru-pots-large-light-green-set-of-2-0f5c1a45f790634ce70779b09aa7243c.jpg","contentUrl":"https:\/\/hubsch-interior.com\/wp-content\/uploads\/2026\/02\/maru-pots-large-light-green-set-of-2-0f5c1a45f790634ce70779b09aa7243c.jpg","width":1024,"height":1024},{"@type":"BreadcrumbList","@id":"https:\/\/hubsch-interior.com\/da\/vare\/maru-potte-large-lysegron-saet-af-2\/#breadcrumb","itemListElement":[{"@type":"ListItem","position":1,"name":"Forside","item":"https:\/\/hubsch-interior.com\/da\/"},{"@type":"ListItem","position":2,"name":"Produkter","item":"https:\/\/hubsch-interior.com\/da\/produkter\/"},{"@type":"ListItem","position":3,"name":"Maru Potte Large Lysegr\u00f8n (s\u00e6t af 2)"}]},{"@type":"WebSite","@id":"https:\/\/hubsch-interior.com\/da\/#website","url":"https:\/\/hubsch-interior.com\/da\/","name":"H\u00fcbsch","description":"Danish Home Interior and Design","publisher":{"@id":"https:\/\/hubsch-interior.com\/da\/#organization"},"potentialAction":[{"@type":"SearchAction","target":{"@type":"EntryPoint","urlTemplate":"https:\/\/hubsch-interior.com\/da\/?s={search_term_string}"},"query-input":{"@type":"PropertyValueSpecification","valueRequired":true,"valueName":"search_term_string"}}],"inLanguage":"da-DK"},{"@type":"Organization","@id":"https:\/\/hubsch-interior.com\/da\/#organization","name":"H\u00fcbsch","url":"https:\/\/hubsch-interior.com\/da\/","logo":{"@type":"ImageObject","inLanguage":"da-DK","@id":"https:\/\/hubsch-interior.com\/da\/#\/schema\/logo\/image\/","url":"https:\/\/hubsch-interior.com\/wp-content\/uploads\/2022\/12\/Hubsch_logo_black_one_line.svg","contentUrl":"https:\/\/hubsch-interior.com\/wp-content\/uploads\/2022\/12\/Hubsch_logo_black_one_line.svg","caption":"H\u00fcbsch"},"image":{"@id":"https:\/\/hubsch-interior.com\/da\/#\/schema\/logo\/image\/"}}]}},"_links":{"self":[{"href":"https:\/\/hubsch-interior.com\/da\/wp-json\/wp\/v2\/product\/1088851","targetHints":{"allow":["GET"]}}],"collection":[{"href":"https:\/\/hubsch-interior.com\/da\/wp-json\/wp\/v2\/product"}],"about":[{"href":"https:\/\/hubsch-interior.com\/da\/wp-json\/wp\/v2\/types\/product"}],"wp:featuredmedia":[{"embeddable":true,"href":"https:\/\/hubsch-interior.com\/da\/wp-json\/wp\/v2\/media\/1111343"}],"wp:attachment":[{"href":"https:\/\/hubsch-interior.com\/da\/wp-json\/wp\/v2\/media?parent=1088851"}],"wp:term":[{"taxonomy":"product_brand","embeddable":true,"href":"https:\/\/hubsch-interior.com\/da\/wp-json\/wp\/v2\/product_brand?post=1088851"},{"taxonomy":"product_cat","embeddable":true,"href":"https:\/\/hubsch-interior.com\/da\/wp-json\/wp\/v2\/product_cat?post=1088851"},{"taxonomy":"product_tag","embeddable":true,"href":"https:\/\/hubsch-interior.com\/da\/wp-json\/wp\/v2\/product_tag?post=1088851"}],"curies":[{"name":"wp","href":"https:\/\/api.w.org\/{rel}","templated":true}]}}