{"id":1088907,"date":"2026-01-31T05:21:47","date_gmt":"2026-01-31T04:21:47","guid":{"rendered":"https:\/\/hubsch-interior.com\/product\/product\/"},"modified":"2026-04-05T05:23:47","modified_gmt":"2026-04-05T03:23:47","slug":"bend-tojstativ-morkebrun","status":"publish","type":"product","link":"https:\/\/hubsch-interior.com\/da\/vare\/bend-tojstativ-morkebrun\/","title":{"rendered":"Bend T\u00f8jstativ \u00a0M\u00f8rkebrun"},"content":{"rendered":"<p>Minimalistisk form, maksimalt indtryk. Bend T\u00f8jstativ i dyb m\u00f8rkebrun tilf\u00f8rer skulpturel enkelhed til din entr\u00e9 med sin skinnende overflade og ubesv\u00e6ret elegante silhuet. Designet til moderne livsstil, tilbyder det rigelig plads til oph\u00e6ngning, samtidig med at det n\u00e6sten ikke fylder p\u00e5 gulvet \u2013 perfekt til b\u00e5de sm\u00e5 hj\u00f8rner og \u00e5bne sale. V\u00e6lg mellem to stilfulde varianter, eller mix og match for et lagdelt udseende, eller hold det tonalt for diskret charme.<\/p>\n","protected":false},"excerpt":{"rendered":"<p>Minimalistisk form, maksimalt indtryk. Bend T\u00f8jstativ i dyb m\u00f8rkebrun tilf\u00f8rer skulpturel enkelhed til din entr\u00e9 med sin skinnende overflade og ubesv\u00e6ret elegante silhuet. Designet til moderne livsstil, tilbyder det rigelig plads til oph\u00e6ngning, samtidig med at det n\u00e6sten ikke fylder p\u00e5 gulvet \u2013 perfekt til b\u00e5de sm\u00e5 hj\u00f8rner og \u00e5bne sale. V\u00e6lg mellem to stilfulde [&hellip;]<\/p>\n","protected":false},"featured_media":1111395,"template":"","meta":{"_acf_changed":false,"inline_featured_image":false},"product_brand":[],"product_cat":[7153,4031,5460,4039,4040,5045],"product_tag":[],"class_list":{"0":"post-1088907","1":"product","2":"type-product","3":"status-publish","4":"has-post-thumbnail","6":"product_cat-dweller-da","7":"product_cat-garderobe-stativer-da","8":"product_cat-stativer-da","9":"product_cat-knager-knageraekker-da","10":"product_cat-knageraekker-da","11":"product_cat-nyheder-da","12":"product_shipping_class-pk","14":"pa_color-mrkebrun","15":"pa_material-jern-da","17":"first","18":"instock","19":"taxable","20":"shipping-taxable","21":"purchasable","22":"product-type-simple"},"exclude_global_add_ons":[],"addons":[],"acf":[],"yoast_head":"<!-- This site is optimized with the Yoast SEO plugin v26.4 - https:\/\/yoast.com\/wordpress\/plugins\/seo\/ -->\n<title>Bend T\u00f8jstativ \u00a0M\u00f8rkebrun - H\u00fcbsch<\/title>\n<meta name=\"description\" content=\"Minimalistisk form, maksimalt indtryk. Bend T\u00f8jstativ i dyb m\u00f8rkebrun tilf\u00f8rer skulpturel enkelhed til din entr\u00e9 med sin skinnende overflade og ubesv\u00e6ret\" \/>\n<meta name=\"robots\" content=\"index, follow, max-snippet:-1, max-image-preview:large, max-video-preview:-1\" \/>\n<link rel=\"canonical\" href=\"https:\/\/hubsch-interior.com\/da\/wp-json\/wp\/v2\/product\/1088907\" \/>\n<meta property=\"og:locale\" content=\"da_DK\" \/>\n<meta property=\"og:type\" content=\"article\" \/>\n<meta property=\"og:title\" content=\"Bend T\u00f8jstativ \u00a0M\u00f8rkebrun - H\u00fcbsch\" \/>\n<meta property=\"og:description\" content=\"Minimalistisk form, maksimalt indtryk. Bend T\u00f8jstativ i dyb m\u00f8rkebrun tilf\u00f8rer skulpturel enkelhed til din entr\u00e9 med sin skinnende overflade og ubesv\u00e6ret\" \/>\n<meta property=\"og:url\" content=\"https:\/\/hubsch-interior.com\/da\/vare\/bend-tojstativ-morkebrun\/\" \/>\n<meta property=\"og:site_name\" content=\"H\u00fcbsch\" \/>\n<meta property=\"article:modified_time\" content=\"2026-04-05T03:23:47+00:00\" \/>\n<meta property=\"og:image\" content=\"https:\/\/hubsch-interior.com\/wp-content\/uploads\/2026\/01\/bend-clothing-rack-dark-brown-3e7948176af9e37b25ae882634407bd0.jpg\" \/>\n\t<meta property=\"og:image:width\" content=\"1200\" \/>\n\t<meta property=\"og:image:height\" content=\"1200\" \/>\n\t<meta property=\"og:image:type\" content=\"image\/jpeg\" \/>\n<meta name=\"twitter:card\" content=\"summary_large_image\" \/>\n<script type=\"application\/ld+json\" class=\"yoast-schema-graph\">{\"@context\":\"https:\/\/schema.org\",\"@graph\":[{\"@type\":\"WebPage\",\"@id\":\"https:\/\/hubsch-interior.com\/da\/vare\/bend-tojstativ-morkebrun\/\",\"url\":\"https:\/\/hubsch-interior.com\/da\/vare\/bend-tojstativ-morkebrun\/\",\"name\":\"Bend T\u00f8jstativ \u00a0M\u00f8rkebrun - H\u00fcbsch\",\"isPartOf\":{\"@id\":\"https:\/\/hubsch-interior.com\/da\/#website\"},\"primaryImageOfPage\":{\"@id\":\"https:\/\/hubsch-interior.com\/da\/vare\/bend-tojstativ-morkebrun\/#primaryimage\"},\"image\":{\"@id\":\"https:\/\/hubsch-interior.com\/da\/vare\/bend-tojstativ-morkebrun\/#primaryimage\"},\"thumbnailUrl\":\"https:\/\/hubsch-interior.com\/wp-content\/uploads\/2026\/02\/bend-clothing-rack-dark-brown-24789b5ea55148c992fe80b3cb3ad1f0.jpg\",\"datePublished\":\"2026-01-31T04:21:47+00:00\",\"dateModified\":\"2026-04-05T03:23:47+00:00\",\"description\":\"Minimalistisk form, maksimalt indtryk. Bend T\u00f8jstativ i dyb m\u00f8rkebrun tilf\u00f8rer skulpturel enkelhed til din entr\u00e9 med sin skinnende overflade og ubesv\u00e6ret\",\"breadcrumb\":{\"@id\":\"https:\/\/hubsch-interior.com\/da\/vare\/bend-tojstativ-morkebrun\/#breadcrumb\"},\"inLanguage\":\"da-DK\",\"potentialAction\":[{\"@type\":\"ReadAction\",\"target\":[\"https:\/\/hubsch-interior.com\/da\/vare\/bend-tojstativ-morkebrun\/\"]}]},{\"@type\":\"ImageObject\",\"inLanguage\":\"da-DK\",\"@id\":\"https:\/\/hubsch-interior.com\/da\/vare\/bend-tojstativ-morkebrun\/#primaryimage\",\"url\":\"https:\/\/hubsch-interior.com\/wp-content\/uploads\/2026\/02\/bend-clothing-rack-dark-brown-24789b5ea55148c992fe80b3cb3ad1f0.jpg\",\"contentUrl\":\"https:\/\/hubsch-interior.com\/wp-content\/uploads\/2026\/02\/bend-clothing-rack-dark-brown-24789b5ea55148c992fe80b3cb3ad1f0.jpg\",\"width\":1024,\"height\":1024},{\"@type\":\"BreadcrumbList\",\"@id\":\"https:\/\/hubsch-interior.com\/da\/vare\/bend-tojstativ-morkebrun\/#breadcrumb\",\"itemListElement\":[{\"@type\":\"ListItem\",\"position\":1,\"name\":\"Forside\",\"item\":\"https:\/\/hubsch-interior.com\/da\/\"},{\"@type\":\"ListItem\",\"position\":2,\"name\":\"Produkter\",\"item\":\"https:\/\/hubsch-interior.com\/da\/produkter\/\"},{\"@type\":\"ListItem\",\"position\":3,\"name\":\"Bend T\u00f8jstativ \u00a0M\u00f8rkebrun\"}]},{\"@type\":\"WebSite\",\"@id\":\"https:\/\/hubsch-interior.com\/da\/#website\",\"url\":\"https:\/\/hubsch-interior.com\/da\/\",\"name\":\"H\u00fcbsch\",\"description\":\"Danish Home Interior and Design\",\"publisher\":{\"@id\":\"https:\/\/hubsch-interior.com\/da\/#organization\"},\"potentialAction\":[{\"@type\":\"SearchAction\",\"target\":{\"@type\":\"EntryPoint\",\"urlTemplate\":\"https:\/\/hubsch-interior.com\/da\/?s={search_term_string}\"},\"query-input\":{\"@type\":\"PropertyValueSpecification\",\"valueRequired\":true,\"valueName\":\"search_term_string\"}}],\"inLanguage\":\"da-DK\"},{\"@type\":\"Organization\",\"@id\":\"https:\/\/hubsch-interior.com\/da\/#organization\",\"name\":\"H\u00fcbsch\",\"url\":\"https:\/\/hubsch-interior.com\/da\/\",\"logo\":{\"@type\":\"ImageObject\",\"inLanguage\":\"da-DK\",\"@id\":\"https:\/\/hubsch-interior.com\/da\/#\/schema\/logo\/image\/\",\"url\":\"https:\/\/hubsch-interior.com\/wp-content\/uploads\/2022\/12\/Hubsch_logo_black_one_line.svg\",\"contentUrl\":\"https:\/\/hubsch-interior.com\/wp-content\/uploads\/2022\/12\/Hubsch_logo_black_one_line.svg\",\"caption\":\"H\u00fcbsch\"},\"image\":{\"@id\":\"https:\/\/hubsch-interior.com\/da\/#\/schema\/logo\/image\/\"}}]}<\/script>\n<!-- \/ Yoast SEO plugin. -->","yoast_head_json":{"title":"Bend T\u00f8jstativ \u00a0M\u00f8rkebrun - H\u00fcbsch","description":"Minimalistisk form, maksimalt indtryk. Bend T\u00f8jstativ i dyb m\u00f8rkebrun tilf\u00f8rer skulpturel enkelhed til din entr\u00e9 med sin skinnende overflade og ubesv\u00e6ret","robots":{"index":"index","follow":"follow","max-snippet":"max-snippet:-1","max-image-preview":"max-image-preview:large","max-video-preview":"max-video-preview:-1"},"canonical":"https:\/\/hubsch-interior.com\/da\/wp-json\/wp\/v2\/product\/1088907","og_locale":"da_DK","og_type":"article","og_title":"Bend T\u00f8jstativ \u00a0M\u00f8rkebrun - H\u00fcbsch","og_description":"Minimalistisk form, maksimalt indtryk. Bend T\u00f8jstativ i dyb m\u00f8rkebrun tilf\u00f8rer skulpturel enkelhed til din entr\u00e9 med sin skinnende overflade og ubesv\u00e6ret","og_url":"https:\/\/hubsch-interior.com\/da\/vare\/bend-tojstativ-morkebrun\/","og_site_name":"H\u00fcbsch","article_modified_time":"2026-04-05T03:23:47+00:00","og_image":[{"width":1200,"height":1200,"url":"https:\/\/hubsch-interior.com\/wp-content\/uploads\/2026\/01\/bend-clothing-rack-dark-brown-3e7948176af9e37b25ae882634407bd0.jpg","type":"image\/jpeg"}],"twitter_card":"summary_large_image","schema":{"@context":"https:\/\/schema.org","@graph":[{"@type":"WebPage","@id":"https:\/\/hubsch-interior.com\/da\/vare\/bend-tojstativ-morkebrun\/","url":"https:\/\/hubsch-interior.com\/da\/vare\/bend-tojstativ-morkebrun\/","name":"Bend T\u00f8jstativ \u00a0M\u00f8rkebrun - H\u00fcbsch","isPartOf":{"@id":"https:\/\/hubsch-interior.com\/da\/#website"},"primaryImageOfPage":{"@id":"https:\/\/hubsch-interior.com\/da\/vare\/bend-tojstativ-morkebrun\/#primaryimage"},"image":{"@id":"https:\/\/hubsch-interior.com\/da\/vare\/bend-tojstativ-morkebrun\/#primaryimage"},"thumbnailUrl":"https:\/\/hubsch-interior.com\/wp-content\/uploads\/2026\/02\/bend-clothing-rack-dark-brown-24789b5ea55148c992fe80b3cb3ad1f0.jpg","datePublished":"2026-01-31T04:21:47+00:00","dateModified":"2026-04-05T03:23:47+00:00","description":"Minimalistisk form, maksimalt indtryk. Bend T\u00f8jstativ i dyb m\u00f8rkebrun tilf\u00f8rer skulpturel enkelhed til din entr\u00e9 med sin skinnende overflade og ubesv\u00e6ret","breadcrumb":{"@id":"https:\/\/hubsch-interior.com\/da\/vare\/bend-tojstativ-morkebrun\/#breadcrumb"},"inLanguage":"da-DK","potentialAction":[{"@type":"ReadAction","target":["https:\/\/hubsch-interior.com\/da\/vare\/bend-tojstativ-morkebrun\/"]}]},{"@type":"ImageObject","inLanguage":"da-DK","@id":"https:\/\/hubsch-interior.com\/da\/vare\/bend-tojstativ-morkebrun\/#primaryimage","url":"https:\/\/hubsch-interior.com\/wp-content\/uploads\/2026\/02\/bend-clothing-rack-dark-brown-24789b5ea55148c992fe80b3cb3ad1f0.jpg","contentUrl":"https:\/\/hubsch-interior.com\/wp-content\/uploads\/2026\/02\/bend-clothing-rack-dark-brown-24789b5ea55148c992fe80b3cb3ad1f0.jpg","width":1024,"height":1024},{"@type":"BreadcrumbList","@id":"https:\/\/hubsch-interior.com\/da\/vare\/bend-tojstativ-morkebrun\/#breadcrumb","itemListElement":[{"@type":"ListItem","position":1,"name":"Forside","item":"https:\/\/hubsch-interior.com\/da\/"},{"@type":"ListItem","position":2,"name":"Produkter","item":"https:\/\/hubsch-interior.com\/da\/produkter\/"},{"@type":"ListItem","position":3,"name":"Bend T\u00f8jstativ \u00a0M\u00f8rkebrun"}]},{"@type":"WebSite","@id":"https:\/\/hubsch-interior.com\/da\/#website","url":"https:\/\/hubsch-interior.com\/da\/","name":"H\u00fcbsch","description":"Danish Home Interior and Design","publisher":{"@id":"https:\/\/hubsch-interior.com\/da\/#organization"},"potentialAction":[{"@type":"SearchAction","target":{"@type":"EntryPoint","urlTemplate":"https:\/\/hubsch-interior.com\/da\/?s={search_term_string}"},"query-input":{"@type":"PropertyValueSpecification","valueRequired":true,"valueName":"search_term_string"}}],"inLanguage":"da-DK"},{"@type":"Organization","@id":"https:\/\/hubsch-interior.com\/da\/#organization","name":"H\u00fcbsch","url":"https:\/\/hubsch-interior.com\/da\/","logo":{"@type":"ImageObject","inLanguage":"da-DK","@id":"https:\/\/hubsch-interior.com\/da\/#\/schema\/logo\/image\/","url":"https:\/\/hubsch-interior.com\/wp-content\/uploads\/2022\/12\/Hubsch_logo_black_one_line.svg","contentUrl":"https:\/\/hubsch-interior.com\/wp-content\/uploads\/2022\/12\/Hubsch_logo_black_one_line.svg","caption":"H\u00fcbsch"},"image":{"@id":"https:\/\/hubsch-interior.com\/da\/#\/schema\/logo\/image\/"}}]}},"_links":{"self":[{"href":"https:\/\/hubsch-interior.com\/da\/wp-json\/wp\/v2\/product\/1088907","targetHints":{"allow":["GET"]}}],"collection":[{"href":"https:\/\/hubsch-interior.com\/da\/wp-json\/wp\/v2\/product"}],"about":[{"href":"https:\/\/hubsch-interior.com\/da\/wp-json\/wp\/v2\/types\/product"}],"wp:featuredmedia":[{"embeddable":true,"href":"https:\/\/hubsch-interior.com\/da\/wp-json\/wp\/v2\/media\/1111395"}],"wp:attachment":[{"href":"https:\/\/hubsch-interior.com\/da\/wp-json\/wp\/v2\/media?parent=1088907"}],"wp:term":[{"taxonomy":"product_brand","embeddable":true,"href":"https:\/\/hubsch-interior.com\/da\/wp-json\/wp\/v2\/product_brand?post=1088907"},{"taxonomy":"product_cat","embeddable":true,"href":"https:\/\/hubsch-interior.com\/da\/wp-json\/wp\/v2\/product_cat?post=1088907"},{"taxonomy":"product_tag","embeddable":true,"href":"https:\/\/hubsch-interior.com\/da\/wp-json\/wp\/v2\/product_tag?post=1088907"}],"curies":[{"name":"wp","href":"https:\/\/api.w.org\/{rel}","templated":true}]}}